{"id":17100,"date":"2026-01-13T18:30:06","date_gmt":"2026-01-13T16:30:06","guid":{"rendered":"https:\/\/mekulo.com\/se\/produkt\/hjul-med-smidig-rorlighet\/"},"modified":"2026-01-14T19:21:59","modified_gmt":"2026-01-14T17:21:59","slug":"hjul-med-smidig-rorlighet","status":"publish","type":"product","link":"https:\/\/mekulo.com\/se\/produkt\/hjul-med-smidig-rorlighet\/","title":{"rendered":"Hjul med smidig r\u00f6rlighet"},"content":{"rendered":"<p style=\"text-align: center;\" data-start=\"0\" data-end=\"55\"><strong data-start=\"0\" data-end=\"55\">Flytta dina m\u00f6bler smidigt och tyst med l\u00e4tthet. \ud83d\udecb\ufe0f<\/strong><\/p>\n<p data-start=\"0\" data-end=\"55\"><img fetchpriority=\"high\" decoding=\"async\" class=\"size-full wp-image-19232 aligncenter\" src=\"https:\/\/mekulo.com\/template\/wp-content\/uploads\/sites\/6\/2026\/01\/2-3.jpg\" alt=\"\" width=\"1080\" height=\"1080\" \/><\/p>\n<h2 style=\"text-align: center;\" data-start=\"303\" data-end=\"322\">Huvudsakliga f\u00f6rdelar<\/h2>\n<p data-start=\"326\" data-end=\"402\">\ud83d\udd04 Smidig rullande r\u00f6relse &#8211; Glider l\u00e4tt utan st\u00f6tar eller motst\u00e5nd.<\/p>\n<p data-start=\"405\" data-end=\"482\">\ud83d\udd07 Tyst drift &#8211; Minskar buller f\u00f6r en lugn, repfri milj\u00f6.<\/p>\n<p data-start=\"485\" data-end=\"564\">\ud83e\uddf1 Starkt och stabilt f\u00e4ste &#8211; Rostbest\u00e4ndigt och byggt f\u00f6r l\u00e5ngvarig anv\u00e4ndning.<\/p>\n<p data-start=\"567\" data-end=\"632\">\ud83d\udee0\ufe0f Flexibel installation &#8211; Alternativ f\u00f6r sido- eller bottenmontering.<\/p>\n<p data-start=\"635\" data-end=\"722\">\ud83e\ude91 Bred m\u00f6belkompatibilitet &#8211; Perfekt f\u00f6r sk\u00e5p, l\u00e5dor, bord med mera.<\/p>\n<p data-start=\"635\" data-end=\"722\"><img decoding=\"async\" class=\"size-full wp-image-19228 aligncenter\" src=\"https:\/\/mekulo.com\/template\/wp-content\/uploads\/sites\/6\/2026\/01\/3-3.jpeg\" alt=\"\" width=\"800\" height=\"800\" \/><\/p>\n<h2 style=\"text-align: center;\" data-start=\"729\" data-end=\"746\"><strong>Anv\u00e4ndning<\/strong><\/h2>\n<ol data-start=\"748\" data-end=\"967\">\n<li data-start=\"748\" data-end=\"812\">\n<p data-start=\"751\" data-end=\"812\">V\u00e4lj monteringsl\u00e4ge (sida eller botten av m\u00f6beln).<\/p>\n<\/li>\n<li data-start=\"813\" data-end=\"865\">\n<p data-start=\"816\" data-end=\"865\">Rikta in l\u00e4nkhjulet mot monteringsh\u00e5len.<\/p>\n<\/li>\n<li data-start=\"866\" data-end=\"913\">\n<p data-start=\"869\" data-end=\"913\">F\u00e4st det med skruvar och dra \u00e5t ordentligt.<\/p>\n<\/li>\n<li data-start=\"914\" data-end=\"967\">\n<p data-start=\"917\" data-end=\"967\">Upprepa f\u00f6r alla hjul och njut av smidig r\u00f6relse.<\/p>\n<\/li>\n<\/ol>\n<h2 style=\"text-align: center;\" data-start=\"974\" data-end=\"996\"><strong>Produktdetaljer<\/strong><\/h2>\n<ul data-start=\"998\" data-end=\"1469\">\n<li data-start=\"1045\" data-end=\"1159\">\n<p data-start=\"1047\" data-end=\"1061\">Hjulstorlek: 19 mm<\/p>\n<\/li>\n<li data-start=\"1160\" data-end=\"1219\">\n<p data-start=\"1162\" data-end=\"1219\">Material: Galvaniserat st\u00e5lf\u00e4ste + nylon- eller TPE-hjul<\/p>\n<\/li>\n<li data-start=\"1220\" data-end=\"1313\">\n<p data-start=\"1222\" data-end=\"1238\">Lastkapacitet: <span style=\"font-size: 16px;\">upp till 75 kg (upps\u00e4ttning om 4)<\/span><\/p>\n<\/li>\n<li data-start=\"1314\" data-end=\"1378\">\n<p data-start=\"1316\" data-end=\"1378\">Funktioner: Slitstark, l\u00e4tt, rostfri, golvs\u00e4ker<\/p>\n<\/li>\n<li data-start=\"1379\" data-end=\"1469\">\n<p data-start=\"1381\" data-end=\"1469\">Anv\u00e4ndningsomr\u00e5den: Sk\u00e5p, l\u00e5dor, m\u00f6bler, v\u00e4xtst\u00e4ll, verktygsl\u00e5dor, utrustningsst\u00e4ll<\/p>\n<\/li>\n<\/ul>\n<h2 style=\"text-align: center;\" data-start=\"1476\" data-end=\"1499\"><strong>Paketet inneh\u00e5ller<\/strong><\/h2>\n<ul data-start=\"1501\" data-end=\"1557\">\n<li data-start=\"1501\" data-end=\"1557\">\n<p data-start=\"1503\" data-end=\"1557\">4, 8, 12, 16x l\u00e4nkhjul med j\u00e4mn r\u00f6rlighet.<\/p>\n<\/li>\n<\/ul>\n","protected":false},"excerpt":{"rendered":"<p>\ud83d\udd08De h\u00e4r smidiga l\u00e4nkhjulen hj\u00e4lper m\u00f6bler att glida utan anstr\u00e4ngning utan ljud, repor eller anstr\u00e4ngning.<br \/>\n\ud83c\udfe0Designade f\u00f6r stabilitet och h\u00e5llbarhet g\u00f6r det m\u00f6jligt att flytta bord, sk\u00e5p och sm\u00e5m\u00f6bler snabbt, s\u00e4kert och smidigt p\u00e5 m\u00e5nga ytor.<br \/>\n\ud83d\udecf\ufe0fA enkel uppgradering som g\u00f6r vardagliga m\u00f6belf\u00f6rflyttningar enklare, tystare och s\u00e4krare.<\/p>\n","protected":false},"featured_media":17096,"comment_status":"open","ping_status":"closed","template":"","meta":{"site-sidebar-layout":"default","site-content-layout":"","ast-site-content-layout":"default","site-content-style":"default","site-sidebar-style":"default","ast-global-header-display":"","ast-banner-title-visibility":"","ast-main-header-display":"","ast-hfb-above-header-display":"","ast-hfb-below-header-display":"","ast-hfb-mobile-header-display":"","site-post-title":"","ast-breadcrumbs-content":"","ast-featured-img":"","footer-sml-layout":"","theme-transparent-header-meta":"default","adv-header-id-meta":"","stick-header-meta":"","header-above-stick-meta":"","header-main-stick-meta":"","header-below-stick-meta":"","astra-migrate-meta-layouts":"set","ast-page-background-enabled":"default","ast-page-background-meta":{"desktop":{"background-color":"var(--ast-global-color-5)","background-image":"","background-repeat":"repeat","background-position":"center center","background-size":"auto","background-attachment":"scroll","background-type":"","background-media":"","overlay-type":"","overlay-color":"","overlay-opacity":"","overlay-gradient":""},"tablet":{"background-color":"","background-image":"","background-repeat":"repeat","background-position":"center center","background-size":"auto","background-attachment":"scroll","background-type":"","background-media":"","overlay-type":"","overlay-color":"","overlay-opacity":"","overlay-gradient":""},"mobile":{"background-color":"","background-image":"","background-repeat":"repeat","background-position":"center center","background-size":"auto","background-attachment":"scroll","background-type":"","background-media":"","overlay-type":"","overlay-color":"","overlay-opacity":"","overlay-gradient":""}},"ast-content-background-meta":{"desktop":{"background-color":"var(--ast-global-color-4)","background-image":"","background-repeat":"repeat","background-position":"center center","background-size":"auto","background-attachment":"scroll","background-type":"","background-media":"","overlay-type":"","overlay-color":"","overlay-opacity":"","overlay-gradient":""},"tablet":{"background-color":"var(--ast-global-color-4)","background-image":"","background-repeat":"repeat","background-position":"center center","background-size":"auto","background-attachment":"scroll","background-type":"","background-media":"","overlay-type":"","overlay-color":"","overlay-opacity":"","overlay-gradient":""},"mobile":{"background-color":"var(--ast-global-color-4)","background-image":"","background-repeat":"repeat","background-position":"center center","background-size":"auto","background-attachment":"scroll","background-type":"","background-media":"","overlay-type":"","overlay-color":"","overlay-opacity":"","overlay-gradient":""}}},"product_brand":[],"product_cat":[168],"product_tag":[],"class_list":{"0":"post-17100","1":"product","2":"type-product","3":"status-publish","4":"has-post-thumbnail","6":"product_cat-hushallsartiklar","7":"pa_66932_8629e2g0-12-st","8":"pa_66932_8629e2g0-16-st","9":"pa_66932_8629e2g0-4-st","10":"pa_66932_8629e2g0-8-st","11":"pa_66932_k0chihd4-silver","12":"pa_66932_k0chihd4-svart","13":"desktop-align-left","14":"tablet-align-left","15":"mobile-align-left","17":"first","18":"instock","19":"shipping-taxable","20":"purchasable","21":"product-type-variable","22":"has-default-attributes"},"yoast_head":"<!-- This site is optimized with the Yoast SEO plugin v26.6 - https:\/\/yoast.com\/wordpress\/plugins\/seo\/ -->\n<title>Hjul med smidig r\u00f6rlighet - Mekulo SE<\/title>\n<meta name=\"robots\" content=\"index, follow, max-snippet:-1, max-image-preview:large, max-video-preview:-1\" \/>\n<link rel=\"canonical\" href=\"https:\/\/mekulo.com\/se\/produkt\/hjul-med-smidig-rorlighet\/\" \/>\n<meta property=\"og:locale\" content=\"sv_SE\" \/>\n<meta property=\"og:type\" content=\"article\" \/>\n<meta property=\"og:title\" content=\"Hjul med smidig r\u00f6rlighet - Mekulo SE\" \/>\n<meta property=\"og:description\" content=\"\ud83d\udd08De h\u00e4r smidiga l\u00e4nkhjulen hj\u00e4lper m\u00f6bler att glida utan anstr\u00e4ngning utan ljud, repor eller anstr\u00e4ngning. \ud83c\udfe0Designade f\u00f6r stabilitet och h\u00e5llbarhet g\u00f6r det m\u00f6jligt att flytta bord, sk\u00e5p och sm\u00e5m\u00f6bler snabbt, s\u00e4kert och smidigt p\u00e5 m\u00e5nga ytor. \ud83d\udecf\ufe0fA enkel uppgradering som g\u00f6r vardagliga m\u00f6belf\u00f6rflyttningar enklare, tystare och s\u00e4krare.\" \/>\n<meta property=\"og:url\" content=\"https:\/\/mekulo.com\/se\/produkt\/hjul-med-smidig-rorlighet\/\" \/>\n<meta property=\"og:site_name\" content=\"Mekulo SE\" \/>\n<meta property=\"article:modified_time\" content=\"2026-01-14T17:21:59+00:00\" \/>\n<meta property=\"og:image\" content=\"https:\/\/mekulo.com\/se\/wp-content\/uploads\/sites\/11\/2026\/01\/shtay7a-1.jpg\" \/>\n\t<meta property=\"og:image:width\" content=\"1080\" \/>\n\t<meta property=\"og:image:height\" content=\"1080\" \/>\n\t<meta property=\"og:image:type\" content=\"image\/jpeg\" \/>\n<meta name=\"twitter:card\" content=\"summary_large_image\" \/>\n<meta name=\"twitter:label1\" content=\"Ber\u00e4knad l\u00e4stid\" \/>\n\t<meta name=\"twitter:data1\" content=\"2 minuter\" \/>\n<script type=\"application\/ld+json\" class=\"yoast-schema-graph\">{\"@context\":\"https:\/\/schema.org\",\"@graph\":[{\"@type\":\"WebPage\",\"@id\":\"https:\/\/mekulo.com\/se\/produkt\/hjul-med-smidig-rorlighet\/\",\"url\":\"https:\/\/mekulo.com\/se\/produkt\/hjul-med-smidig-rorlighet\/\",\"name\":\"Hjul med smidig r\u00f6rlighet - Mekulo SE\",\"isPartOf\":{\"@id\":\"https:\/\/mekulo.com\/se\/#website\"},\"primaryImageOfPage\":{\"@id\":\"https:\/\/mekulo.com\/se\/produkt\/hjul-med-smidig-rorlighet\/#primaryimage\"},\"image\":{\"@id\":\"https:\/\/mekulo.com\/se\/produkt\/hjul-med-smidig-rorlighet\/#primaryimage\"},\"thumbnailUrl\":\"https:\/\/mekulo.com\/se\/wp-content\/uploads\/sites\/11\/2026\/01\/shtay7a-1.jpg\",\"datePublished\":\"2026-01-13T16:30:06+00:00\",\"dateModified\":\"2026-01-14T17:21:59+00:00\",\"breadcrumb\":{\"@id\":\"https:\/\/mekulo.com\/se\/produkt\/hjul-med-smidig-rorlighet\/#breadcrumb\"},\"inLanguage\":\"sv-SE\",\"potentialAction\":[{\"@type\":\"ReadAction\",\"target\":[\"https:\/\/mekulo.com\/se\/produkt\/hjul-med-smidig-rorlighet\/\"]}]},{\"@type\":\"ImageObject\",\"inLanguage\":\"sv-SE\",\"@id\":\"https:\/\/mekulo.com\/se\/produkt\/hjul-med-smidig-rorlighet\/#primaryimage\",\"url\":\"https:\/\/mekulo.com\/se\/wp-content\/uploads\/sites\/11\/2026\/01\/shtay7a-1.jpg\",\"contentUrl\":\"https:\/\/mekulo.com\/se\/wp-content\/uploads\/sites\/11\/2026\/01\/shtay7a-1.jpg\",\"width\":1080,\"height\":1080},{\"@type\":\"BreadcrumbList\",\"@id\":\"https:\/\/mekulo.com\/se\/produkt\/hjul-med-smidig-rorlighet\/#breadcrumb\",\"itemListElement\":[{\"@type\":\"ListItem\",\"position\":1,\"name\":\"Home\",\"item\":\"https:\/\/mekulo.com\/se\/\"},{\"@type\":\"ListItem\",\"position\":2,\"name\":\"Butik\",\"item\":\"https:\/\/mekulo.com\/se\/butik\/\"},{\"@type\":\"ListItem\",\"position\":3,\"name\":\"Hjul med smidig r\u00f6rlighet\"}]},{\"@type\":\"WebSite\",\"@id\":\"https:\/\/mekulo.com\/se\/#website\",\"url\":\"https:\/\/mekulo.com\/se\/\",\"name\":\"Mekulo SE\",\"description\":\"\",\"publisher\":{\"@id\":\"https:\/\/mekulo.com\/se\/#organization\"},\"potentialAction\":[{\"@type\":\"SearchAction\",\"target\":{\"@type\":\"EntryPoint\",\"urlTemplate\":\"https:\/\/mekulo.com\/se\/?s={search_term_string}\"},\"query-input\":{\"@type\":\"PropertyValueSpecification\",\"valueRequired\":true,\"valueName\":\"search_term_string\"}}],\"inLanguage\":\"sv-SE\"},{\"@type\":\"Organization\",\"@id\":\"https:\/\/mekulo.com\/se\/#organization\",\"name\":\"Mekulo\",\"url\":\"https:\/\/mekulo.com\/se\/\",\"logo\":{\"@type\":\"ImageObject\",\"inLanguage\":\"sv-SE\",\"@id\":\"https:\/\/mekulo.com\/se\/#\/schema\/logo\/image\/\",\"url\":\"https:\/\/mekulo.com\/se\/wp-content\/uploads\/sites\/11\/2025\/12\/favicon_mekulo.png\",\"contentUrl\":\"https:\/\/mekulo.com\/se\/wp-content\/uploads\/sites\/11\/2025\/12\/favicon_mekulo.png\",\"width\":50,\"height\":50,\"caption\":\"Mekulo\"},\"image\":{\"@id\":\"https:\/\/mekulo.com\/se\/#\/schema\/logo\/image\/\"}}]}<\/script>\n<!-- \/ Yoast SEO plugin. -->","yoast_head_json":{"title":"Hjul med smidig r\u00f6rlighet - Mekulo SE","robots":{"index":"index","follow":"follow","max-snippet":"max-snippet:-1","max-image-preview":"max-image-preview:large","max-video-preview":"max-video-preview:-1"},"canonical":"https:\/\/mekulo.com\/se\/produkt\/hjul-med-smidig-rorlighet\/","og_locale":"sv_SE","og_type":"article","og_title":"Hjul med smidig r\u00f6rlighet - Mekulo SE","og_description":"\ud83d\udd08De h\u00e4r smidiga l\u00e4nkhjulen hj\u00e4lper m\u00f6bler att glida utan anstr\u00e4ngning utan ljud, repor eller anstr\u00e4ngning. \ud83c\udfe0Designade f\u00f6r stabilitet och h\u00e5llbarhet g\u00f6r det m\u00f6jligt att flytta bord, sk\u00e5p och sm\u00e5m\u00f6bler snabbt, s\u00e4kert och smidigt p\u00e5 m\u00e5nga ytor. \ud83d\udecf\ufe0fA enkel uppgradering som g\u00f6r vardagliga m\u00f6belf\u00f6rflyttningar enklare, tystare och s\u00e4krare.","og_url":"https:\/\/mekulo.com\/se\/produkt\/hjul-med-smidig-rorlighet\/","og_site_name":"Mekulo SE","article_modified_time":"2026-01-14T17:21:59+00:00","og_image":[{"width":1080,"height":1080,"url":"https:\/\/mekulo.com\/se\/wp-content\/uploads\/sites\/11\/2026\/01\/shtay7a-1.jpg","type":"image\/jpeg"}],"twitter_card":"summary_large_image","twitter_misc":{"Ber\u00e4knad l\u00e4stid":"2 minuter"},"schema":{"@context":"https:\/\/schema.org","@graph":[{"@type":"WebPage","@id":"https:\/\/mekulo.com\/se\/produkt\/hjul-med-smidig-rorlighet\/","url":"https:\/\/mekulo.com\/se\/produkt\/hjul-med-smidig-rorlighet\/","name":"Hjul med smidig r\u00f6rlighet - Mekulo SE","isPartOf":{"@id":"https:\/\/mekulo.com\/se\/#website"},"primaryImageOfPage":{"@id":"https:\/\/mekulo.com\/se\/produkt\/hjul-med-smidig-rorlighet\/#primaryimage"},"image":{"@id":"https:\/\/mekulo.com\/se\/produkt\/hjul-med-smidig-rorlighet\/#primaryimage"},"thumbnailUrl":"https:\/\/mekulo.com\/se\/wp-content\/uploads\/sites\/11\/2026\/01\/shtay7a-1.jpg","datePublished":"2026-01-13T16:30:06+00:00","dateModified":"2026-01-14T17:21:59+00:00","breadcrumb":{"@id":"https:\/\/mekulo.com\/se\/produkt\/hjul-med-smidig-rorlighet\/#breadcrumb"},"inLanguage":"sv-SE","potentialAction":[{"@type":"ReadAction","target":["https:\/\/mekulo.com\/se\/produkt\/hjul-med-smidig-rorlighet\/"]}]},{"@type":"ImageObject","inLanguage":"sv-SE","@id":"https:\/\/mekulo.com\/se\/produkt\/hjul-med-smidig-rorlighet\/#primaryimage","url":"https:\/\/mekulo.com\/se\/wp-content\/uploads\/sites\/11\/2026\/01\/shtay7a-1.jpg","contentUrl":"https:\/\/mekulo.com\/se\/wp-content\/uploads\/sites\/11\/2026\/01\/shtay7a-1.jpg","width":1080,"height":1080},{"@type":"BreadcrumbList","@id":"https:\/\/mekulo.com\/se\/produkt\/hjul-med-smidig-rorlighet\/#breadcrumb","itemListElement":[{"@type":"ListItem","position":1,"name":"Home","item":"https:\/\/mekulo.com\/se\/"},{"@type":"ListItem","position":2,"name":"Butik","item":"https:\/\/mekulo.com\/se\/butik\/"},{"@type":"ListItem","position":3,"name":"Hjul med smidig r\u00f6rlighet"}]},{"@type":"WebSite","@id":"https:\/\/mekulo.com\/se\/#website","url":"https:\/\/mekulo.com\/se\/","name":"Mekulo SE","description":"","publisher":{"@id":"https:\/\/mekulo.com\/se\/#organization"},"potentialAction":[{"@type":"SearchAction","target":{"@type":"EntryPoint","urlTemplate":"https:\/\/mekulo.com\/se\/?s={search_term_string}"},"query-input":{"@type":"PropertyValueSpecification","valueRequired":true,"valueName":"search_term_string"}}],"inLanguage":"sv-SE"},{"@type":"Organization","@id":"https:\/\/mekulo.com\/se\/#organization","name":"Mekulo","url":"https:\/\/mekulo.com\/se\/","logo":{"@type":"ImageObject","inLanguage":"sv-SE","@id":"https:\/\/mekulo.com\/se\/#\/schema\/logo\/image\/","url":"https:\/\/mekulo.com\/se\/wp-content\/uploads\/sites\/11\/2025\/12\/favicon_mekulo.png","contentUrl":"https:\/\/mekulo.com\/se\/wp-content\/uploads\/sites\/11\/2025\/12\/favicon_mekulo.png","width":50,"height":50,"caption":"Mekulo"},"image":{"@id":"https:\/\/mekulo.com\/se\/#\/schema\/logo\/image\/"}}]}},"_links":{"self":[{"href":"https:\/\/mekulo.com\/se\/wp-json\/wp\/v2\/product\/17100","targetHints":{"allow":["GET"]}}],"collection":[{"href":"https:\/\/mekulo.com\/se\/wp-json\/wp\/v2\/product"}],"about":[{"href":"https:\/\/mekulo.com\/se\/wp-json\/wp\/v2\/types\/product"}],"replies":[{"embeddable":true,"href":"https:\/\/mekulo.com\/se\/wp-json\/wp\/v2\/comments?post=17100"}],"wp:featuredmedia":[{"embeddable":true,"href":"https:\/\/mekulo.com\/se\/wp-json\/wp\/v2\/media\/17096"}],"wp:attachment":[{"href":"https:\/\/mekulo.com\/se\/wp-json\/wp\/v2\/media?parent=17100"}],"wp:term":[{"taxonomy":"product_brand","embeddable":true,"href":"https:\/\/mekulo.com\/se\/wp-json\/wp\/v2\/product_brand?post=17100"},{"taxonomy":"product_cat","embeddable":true,"href":"https:\/\/mekulo.com\/se\/wp-json\/wp\/v2\/product_cat?post=17100"},{"taxonomy":"product_tag","embeddable":true,"href":"https:\/\/mekulo.com\/se\/wp-json\/wp\/v2\/product_tag?post=17100"}],"curies":[{"name":"wp","href":"https:\/\/api.w.org\/{rel}","templated":true}]}}