{"id":17071,"date":"2026-01-13T18:28:11","date_gmt":"2026-01-13T16:28:11","guid":{"rendered":"https:\/\/mekulo.com\/se\/produkt\/ergonomisk-dyna-med-stod-for-landryggen\/"},"modified":"2026-02-03T18:14:03","modified_gmt":"2026-02-03T16:14:03","slug":"ergonomisk-dyna-med-stod-for-landryggen","status":"publish","type":"product","link":"https:\/\/mekulo.com\/se\/produkt\/ergonomisk-dyna-med-stod-for-landryggen\/","title":{"rendered":"Ergonomisk dyna med st\u00f6d f\u00f6r l\u00e4ndryggen"},"content":{"rendered":"<p style=\"text-align: center\" data-start=\"0\" data-end=\"51\"><strong data-start=\"0\" data-end=\"51\">Sitt bekv\u00e4mt och skydda din ryggrad hela dagen. \ud83e\ude91<\/strong><\/p>\n<p data-start=\"0\" data-end=\"51\"><img fetchpriority=\"high\" decoding=\"async\" class=\"size-full wp-image-19202 aligncenter\" src=\"https:\/\/mekulo.com\/template\/wp-content\/uploads\/sites\/6\/2026\/01\/S82fd98d15d664c88aea31e467a3ec9bcf.jpg_960x960q75.jpg_.avif\" alt=\"\" width=\"960\" height=\"960\" \/><\/p>\n<h2 style=\"text-align: center\" data-start=\"304\" data-end=\"323\">Huvudsakliga f\u00f6rdelar<\/h2>\n<p data-start=\"327\" data-end=\"400\">\ud83e\ude91 Ergonomiskt midjest\u00f6d &#8211; Hj\u00e4lper till att bibeh\u00e5lla korrekt sittst\u00e4llning.<\/p>\n<p data-start=\"403\" data-end=\"472\">\ud83e\udde0 Komfort i minnesskum &#8211; Formar sig efter din kropp f\u00f6r tryckavlastning.<\/p>\n<p data-start=\"475\" data-end=\"561\">\ud83d\ude97 M\u00e5ngsidig anv\u00e4ndning &#8211; Perfekt f\u00f6r kontorsstolar, bilar, rullstolar och spelstolar.<\/p>\n<p data-start=\"564\" data-end=\"620\">\ud83c\udf92 L\u00e4tt &amp; b\u00e4rbar &#8211; L\u00e4tt att ta med sig \u00f6verallt.<\/p>\n<p data-start=\"623\" data-end=\"686\">\ud83e\uddf2 Halkfri baksida &#8211; sitter stadigt p\u00e5 plats n\u00e4r du sitter.<\/p>\n<p data-start=\"623\" data-end=\"686\"><img decoding=\"async\" class=\"size-full wp-image-19206 aligncenter\" src=\"https:\/\/mekulo.com\/template\/wp-content\/uploads\/sites\/6\/2026\/01\/c1fbfaff-9528-4d90-a61d-a7757323a91e.webp\" alt=\"\" width=\"960\" height=\"812\" \/><\/p>\n<h2 style=\"text-align: center\" data-start=\"693\" data-end=\"710\"><strong>Anv\u00e4ndning<\/strong><\/h2>\n<ol data-start=\"712\" data-end=\"931\">\n<li data-start=\"712\" data-end=\"757\">\n<p data-start=\"715\" data-end=\"757\">Placera dynan p\u00e5 din stol eller s\u00e4te.<\/p>\n<\/li>\n<li data-start=\"758\" data-end=\"820\">\n<p data-start=\"761\" data-end=\"820\">Placera den s\u00e5 att den st\u00f6der nedre delen av ryggen eller midjan.<\/p>\n<\/li>\n<li data-start=\"821\" data-end=\"884\">\n<p data-start=\"824\" data-end=\"884\">Luta dig tillbaka och l\u00e5t minneskum anpassa sig till din form.<\/p>\n<\/li>\n<li data-start=\"885\" data-end=\"931\">\n<p data-start=\"888\" data-end=\"931\">Anv\u00e4nd dagligen f\u00f6r b\u00e4ttre h\u00e5llning och komfort.<\/p>\n<\/li>\n<\/ol>\n<h2 style=\"text-align: center\" data-start=\"938\" data-end=\"960\"><strong>Produktdetaljer<\/strong><\/h2>\n<ul data-start=\"962\" data-end=\"1390\">\n<li data-start=\"1013\" data-end=\"1072\">\n<p data-start=\"1015\" data-end=\"1072\">Material: Polyester + bomull, f\u00f6rst\u00e4rkt PP-minnesskum<\/p>\n<\/li>\n<li data-start=\"1073\" data-end=\"1197\">\n<p data-start=\"1075\" data-end=\"1083\">Storlekar: <span style=\"font-size: 16px\">S (32 x 30 \u00d7 30 cm), L (<\/span><span style=\"font-size: 16px\">35,5 x 34 x 34 cm)<\/span><\/p>\n<\/li>\n<li data-start=\"1198\" data-end=\"1235\">\n<p data-start=\"1200\" data-end=\"1235\">Fyllning: H\u00f6gelastiskt minnesskum<\/p>\n<\/li>\n<li data-start=\"1236\" data-end=\"1297\">\n<p data-start=\"1238\" data-end=\"1297\">Funktioner: Ih\u00e5ligt handtag, andningsbar design, snabb \u00e5terh\u00e4mtning<\/p>\n<\/li>\n<li data-start=\"1298\" data-end=\"1390\">\n<p data-start=\"1300\" data-end=\"1390\">Anv\u00e4ndningsomr\u00e5den: Kontorsstol, bilstol, rullstol, spelstol, meditations- eller golvkudde<\/p>\n<\/li>\n<\/ul>\n<h2 style=\"text-align: center\" data-start=\"1397\" data-end=\"1420\"><strong>F\u00f6rpackningen inneh\u00e5ller<\/strong><\/h2>\n<ul data-start=\"1422\" data-end=\"1462\">\n<li data-start=\"1422\" data-end=\"1462\">\n<p data-start=\"1424\" data-end=\"1462\">1x ergonomisk l\u00e4ndryggskudde.<\/p>\n<\/li>\n<\/ul>\n","protected":false},"excerpt":{"rendered":"<p>\ud83e\uddd8\u200d\u2642\ufe0fDetta ergonomisk kudde f\u00f6r l\u00e4ndryggsst\u00f6d \u00e4r utformad f\u00f6r att st\u00f6dja nedre delen av ryggen och f\u00f6rb\u00e4ttra h\u00e5llningen under l\u00e5nga sittningar.<br \/>\n\u2728K\u00e4rnan i minnesskum anpassar sig till din kropp och hj\u00e4lper till att minska ryggsm\u00e4rta, tryck och tr\u00f6tthet p\u00e5 jobbet, hemma eller p\u00e5 spr\u00e5ng.<br \/>\n\ud83d\udcbaEtt enkelt s\u00e4tt att sitta b\u00e4ttre, m\u00e5 b\u00e4ttre och ta hand om din ryggrad varje dag.<\/p>\n","protected":false},"featured_media":17067,"comment_status":"open","ping_status":"closed","template":"","meta":{"site-sidebar-layout":"default","site-content-layout":"","ast-site-content-layout":"default","site-content-style":"default","site-sidebar-style":"default","ast-global-header-display":"","ast-banner-title-visibility":"","ast-main-header-display":"","ast-hfb-above-header-display":"","ast-hfb-below-header-display":"","ast-hfb-mobile-header-display":"","site-post-title":"","ast-breadcrumbs-content":"","ast-featured-img":"","footer-sml-layout":"","theme-transparent-header-meta":"default","adv-header-id-meta":"","stick-header-meta":"","header-above-stick-meta":"","header-main-stick-meta":"","header-below-stick-meta":"","astra-migrate-meta-layouts":"set","ast-page-background-enabled":"default","ast-page-background-meta":{"desktop":{"background-color":"var(--ast-global-color-5)","background-image":"","background-repeat":"repeat","background-position":"center center","background-size":"auto","background-attachment":"scroll","background-type":"","background-media":"","overlay-type":"","overlay-color":"","overlay-opacity":"","overlay-gradient":""},"tablet":{"background-color":"","background-image":"","background-repeat":"repeat","background-position":"center center","background-size":"auto","background-attachment":"scroll","background-type":"","background-media":"","overlay-type":"","overlay-color":"","overlay-opacity":"","overlay-gradient":""},"mobile":{"background-color":"","background-image":"","background-repeat":"repeat","background-position":"center center","background-size":"auto","background-attachment":"scroll","background-type":"","background-media":"","overlay-type":"","overlay-color":"","overlay-opacity":"","overlay-gradient":""}},"ast-content-background-meta":{"desktop":{"background-color":"var(--ast-global-color-4)","background-image":"","background-repeat":"repeat","background-position":"center center","background-size":"auto","background-attachment":"scroll","background-type":"","background-media":"","overlay-type":"","overlay-color":"","overlay-opacity":"","overlay-gradient":""},"tablet":{"background-color":"var(--ast-global-color-4)","background-image":"","background-repeat":"repeat","background-position":"center center","background-size":"auto","background-attachment":"scroll","background-type":"","background-media":"","overlay-type":"","overlay-color":"","overlay-opacity":"","overlay-gradient":""},"mobile":{"background-color":"var(--ast-global-color-4)","background-image":"","background-repeat":"repeat","background-position":"center center","background-size":"auto","background-attachment":"scroll","background-type":"","background-media":"","overlay-type":"","overlay-color":"","overlay-opacity":"","overlay-gradient":""}}},"product_brand":[],"product_cat":[166],"product_tag":[],"class_list":{"0":"post-17071","1":"product","2":"type-product","3":"status-publish","4":"has-post-thumbnail","6":"product_cat-halso-och-sjukvardsprodukter","7":"pa_66905_r4bo6imt-l","8":"pa_66905_r4bo6imt-s","9":"pa_66905_tt2fywnx-bla","10":"pa_66905_tt2fywnx-gra","11":"pa_66905_tt2fywnx-gron","12":"pa_66905_tt2fywnx-rod","13":"pa_66905_tt2fywnx-svart","14":"desktop-align-left","15":"tablet-align-left","16":"mobile-align-left","18":"first","19":"instock","20":"shipping-taxable","21":"purchasable","22":"product-type-variable","23":"has-default-attributes"},"yoast_head":"<!-- This site is optimized with the Yoast SEO plugin v26.6 - https:\/\/yoast.com\/wordpress\/plugins\/seo\/ -->\n<title>Ergonomisk dyna med st\u00f6d f\u00f6r l\u00e4ndryggen - Mekulo SE<\/title>\n<meta name=\"robots\" content=\"index, follow, max-snippet:-1, max-image-preview:large, max-video-preview:-1\" \/>\n<link rel=\"canonical\" href=\"https:\/\/mekulo.com\/se\/produkt\/ergonomisk-dyna-med-stod-for-landryggen\/\" \/>\n<meta property=\"og:locale\" content=\"sv_SE\" \/>\n<meta property=\"og:type\" content=\"article\" \/>\n<meta property=\"og:title\" content=\"Ergonomisk dyna med st\u00f6d f\u00f6r l\u00e4ndryggen - Mekulo SE\" \/>\n<meta property=\"og:description\" content=\"\ud83e\uddd8\u200d\u2642\ufe0fDetta ergonomisk kudde f\u00f6r l\u00e4ndryggsst\u00f6d \u00e4r utformad f\u00f6r att st\u00f6dja nedre delen av ryggen och f\u00f6rb\u00e4ttra h\u00e5llningen under l\u00e5nga sittningar. \u2728K\u00e4rnan i minnesskum anpassar sig till din kropp och hj\u00e4lper till att minska ryggsm\u00e4rta, tryck och tr\u00f6tthet p\u00e5 jobbet, hemma eller p\u00e5 spr\u00e5ng. \ud83d\udcbaEtt enkelt s\u00e4tt att sitta b\u00e4ttre, m\u00e5 b\u00e4ttre och ta hand om din ryggrad varje dag.\" \/>\n<meta property=\"og:url\" content=\"https:\/\/mekulo.com\/se\/produkt\/ergonomisk-dyna-med-stod-for-landryggen\/\" \/>\n<meta property=\"og:site_name\" content=\"Mekulo SE\" \/>\n<meta property=\"article:modified_time\" content=\"2026-02-03T16:14:03+00:00\" \/>\n<meta property=\"og:image\" content=\"https:\/\/mekulo.com\/se\/wp-content\/uploads\/sites\/11\/2026\/01\/aw5rmri-1.jpg\" \/>\n\t<meta property=\"og:image:width\" content=\"960\" \/>\n\t<meta property=\"og:image:height\" content=\"960\" \/>\n\t<meta property=\"og:image:type\" content=\"image\/jpeg\" \/>\n<meta name=\"twitter:card\" content=\"summary_large_image\" \/>\n<meta name=\"twitter:label1\" content=\"Ber\u00e4knad l\u00e4stid\" \/>\n\t<meta name=\"twitter:data1\" content=\"2 minuter\" \/>\n<script type=\"application\/ld+json\" class=\"yoast-schema-graph\">{\"@context\":\"https:\/\/schema.org\",\"@graph\":[{\"@type\":\"WebPage\",\"@id\":\"https:\/\/mekulo.com\/se\/produkt\/ergonomisk-dyna-med-stod-for-landryggen\/\",\"url\":\"https:\/\/mekulo.com\/se\/produkt\/ergonomisk-dyna-med-stod-for-landryggen\/\",\"name\":\"Ergonomisk dyna med st\u00f6d f\u00f6r l\u00e4ndryggen - Mekulo SE\",\"isPartOf\":{\"@id\":\"https:\/\/mekulo.com\/se\/#website\"},\"primaryImageOfPage\":{\"@id\":\"https:\/\/mekulo.com\/se\/produkt\/ergonomisk-dyna-med-stod-for-landryggen\/#primaryimage\"},\"image\":{\"@id\":\"https:\/\/mekulo.com\/se\/produkt\/ergonomisk-dyna-med-stod-for-landryggen\/#primaryimage\"},\"thumbnailUrl\":\"https:\/\/mekulo.com\/se\/wp-content\/uploads\/sites\/11\/2026\/01\/aw5rmri-1.jpg\",\"datePublished\":\"2026-01-13T16:28:11+00:00\",\"dateModified\":\"2026-02-03T16:14:03+00:00\",\"breadcrumb\":{\"@id\":\"https:\/\/mekulo.com\/se\/produkt\/ergonomisk-dyna-med-stod-for-landryggen\/#breadcrumb\"},\"inLanguage\":\"sv-SE\",\"potentialAction\":[{\"@type\":\"ReadAction\",\"target\":[\"https:\/\/mekulo.com\/se\/produkt\/ergonomisk-dyna-med-stod-for-landryggen\/\"]}]},{\"@type\":\"ImageObject\",\"inLanguage\":\"sv-SE\",\"@id\":\"https:\/\/mekulo.com\/se\/produkt\/ergonomisk-dyna-med-stod-for-landryggen\/#primaryimage\",\"url\":\"https:\/\/mekulo.com\/se\/wp-content\/uploads\/sites\/11\/2026\/01\/aw5rmri-1.jpg\",\"contentUrl\":\"https:\/\/mekulo.com\/se\/wp-content\/uploads\/sites\/11\/2026\/01\/aw5rmri-1.jpg\",\"width\":960,\"height\":960},{\"@type\":\"BreadcrumbList\",\"@id\":\"https:\/\/mekulo.com\/se\/produkt\/ergonomisk-dyna-med-stod-for-landryggen\/#breadcrumb\",\"itemListElement\":[{\"@type\":\"ListItem\",\"position\":1,\"name\":\"Home\",\"item\":\"https:\/\/mekulo.com\/se\/\"},{\"@type\":\"ListItem\",\"position\":2,\"name\":\"Butik\",\"item\":\"https:\/\/mekulo.com\/se\/butik\/\"},{\"@type\":\"ListItem\",\"position\":3,\"name\":\"Ergonomisk dyna med st\u00f6d f\u00f6r l\u00e4ndryggen\"}]},{\"@type\":\"WebSite\",\"@id\":\"https:\/\/mekulo.com\/se\/#website\",\"url\":\"https:\/\/mekulo.com\/se\/\",\"name\":\"Mekulo SE\",\"description\":\"\",\"publisher\":{\"@id\":\"https:\/\/mekulo.com\/se\/#organization\"},\"potentialAction\":[{\"@type\":\"SearchAction\",\"target\":{\"@type\":\"EntryPoint\",\"urlTemplate\":\"https:\/\/mekulo.com\/se\/?s={search_term_string}\"},\"query-input\":{\"@type\":\"PropertyValueSpecification\",\"valueRequired\":true,\"valueName\":\"search_term_string\"}}],\"inLanguage\":\"sv-SE\"},{\"@type\":\"Organization\",\"@id\":\"https:\/\/mekulo.com\/se\/#organization\",\"name\":\"Mekulo\",\"url\":\"https:\/\/mekulo.com\/se\/\",\"logo\":{\"@type\":\"ImageObject\",\"inLanguage\":\"sv-SE\",\"@id\":\"https:\/\/mekulo.com\/se\/#\/schema\/logo\/image\/\",\"url\":\"https:\/\/mekulo.com\/se\/wp-content\/uploads\/sites\/11\/2025\/12\/favicon_mekulo.png\",\"contentUrl\":\"https:\/\/mekulo.com\/se\/wp-content\/uploads\/sites\/11\/2025\/12\/favicon_mekulo.png\",\"width\":50,\"height\":50,\"caption\":\"Mekulo\"},\"image\":{\"@id\":\"https:\/\/mekulo.com\/se\/#\/schema\/logo\/image\/\"}}]}<\/script>\n<!-- \/ Yoast SEO plugin. -->","yoast_head_json":{"title":"Ergonomisk dyna med st\u00f6d f\u00f6r l\u00e4ndryggen - Mekulo SE","robots":{"index":"index","follow":"follow","max-snippet":"max-snippet:-1","max-image-preview":"max-image-preview:large","max-video-preview":"max-video-preview:-1"},"canonical":"https:\/\/mekulo.com\/se\/produkt\/ergonomisk-dyna-med-stod-for-landryggen\/","og_locale":"sv_SE","og_type":"article","og_title":"Ergonomisk dyna med st\u00f6d f\u00f6r l\u00e4ndryggen - Mekulo SE","og_description":"\ud83e\uddd8\u200d\u2642\ufe0fDetta ergonomisk kudde f\u00f6r l\u00e4ndryggsst\u00f6d \u00e4r utformad f\u00f6r att st\u00f6dja nedre delen av ryggen och f\u00f6rb\u00e4ttra h\u00e5llningen under l\u00e5nga sittningar. \u2728K\u00e4rnan i minnesskum anpassar sig till din kropp och hj\u00e4lper till att minska ryggsm\u00e4rta, tryck och tr\u00f6tthet p\u00e5 jobbet, hemma eller p\u00e5 spr\u00e5ng. \ud83d\udcbaEtt enkelt s\u00e4tt att sitta b\u00e4ttre, m\u00e5 b\u00e4ttre och ta hand om din ryggrad varje dag.","og_url":"https:\/\/mekulo.com\/se\/produkt\/ergonomisk-dyna-med-stod-for-landryggen\/","og_site_name":"Mekulo SE","article_modified_time":"2026-02-03T16:14:03+00:00","og_image":[{"width":960,"height":960,"url":"https:\/\/mekulo.com\/se\/wp-content\/uploads\/sites\/11\/2026\/01\/aw5rmri-1.jpg","type":"image\/jpeg"}],"twitter_card":"summary_large_image","twitter_misc":{"Ber\u00e4knad l\u00e4stid":"2 minuter"},"schema":{"@context":"https:\/\/schema.org","@graph":[{"@type":"WebPage","@id":"https:\/\/mekulo.com\/se\/produkt\/ergonomisk-dyna-med-stod-for-landryggen\/","url":"https:\/\/mekulo.com\/se\/produkt\/ergonomisk-dyna-med-stod-for-landryggen\/","name":"Ergonomisk dyna med st\u00f6d f\u00f6r l\u00e4ndryggen - Mekulo SE","isPartOf":{"@id":"https:\/\/mekulo.com\/se\/#website"},"primaryImageOfPage":{"@id":"https:\/\/mekulo.com\/se\/produkt\/ergonomisk-dyna-med-stod-for-landryggen\/#primaryimage"},"image":{"@id":"https:\/\/mekulo.com\/se\/produkt\/ergonomisk-dyna-med-stod-for-landryggen\/#primaryimage"},"thumbnailUrl":"https:\/\/mekulo.com\/se\/wp-content\/uploads\/sites\/11\/2026\/01\/aw5rmri-1.jpg","datePublished":"2026-01-13T16:28:11+00:00","dateModified":"2026-02-03T16:14:03+00:00","breadcrumb":{"@id":"https:\/\/mekulo.com\/se\/produkt\/ergonomisk-dyna-med-stod-for-landryggen\/#breadcrumb"},"inLanguage":"sv-SE","potentialAction":[{"@type":"ReadAction","target":["https:\/\/mekulo.com\/se\/produkt\/ergonomisk-dyna-med-stod-for-landryggen\/"]}]},{"@type":"ImageObject","inLanguage":"sv-SE","@id":"https:\/\/mekulo.com\/se\/produkt\/ergonomisk-dyna-med-stod-for-landryggen\/#primaryimage","url":"https:\/\/mekulo.com\/se\/wp-content\/uploads\/sites\/11\/2026\/01\/aw5rmri-1.jpg","contentUrl":"https:\/\/mekulo.com\/se\/wp-content\/uploads\/sites\/11\/2026\/01\/aw5rmri-1.jpg","width":960,"height":960},{"@type":"BreadcrumbList","@id":"https:\/\/mekulo.com\/se\/produkt\/ergonomisk-dyna-med-stod-for-landryggen\/#breadcrumb","itemListElement":[{"@type":"ListItem","position":1,"name":"Home","item":"https:\/\/mekulo.com\/se\/"},{"@type":"ListItem","position":2,"name":"Butik","item":"https:\/\/mekulo.com\/se\/butik\/"},{"@type":"ListItem","position":3,"name":"Ergonomisk dyna med st\u00f6d f\u00f6r l\u00e4ndryggen"}]},{"@type":"WebSite","@id":"https:\/\/mekulo.com\/se\/#website","url":"https:\/\/mekulo.com\/se\/","name":"Mekulo SE","description":"","publisher":{"@id":"https:\/\/mekulo.com\/se\/#organization"},"potentialAction":[{"@type":"SearchAction","target":{"@type":"EntryPoint","urlTemplate":"https:\/\/mekulo.com\/se\/?s={search_term_string}"},"query-input":{"@type":"PropertyValueSpecification","valueRequired":true,"valueName":"search_term_string"}}],"inLanguage":"sv-SE"},{"@type":"Organization","@id":"https:\/\/mekulo.com\/se\/#organization","name":"Mekulo","url":"https:\/\/mekulo.com\/se\/","logo":{"@type":"ImageObject","inLanguage":"sv-SE","@id":"https:\/\/mekulo.com\/se\/#\/schema\/logo\/image\/","url":"https:\/\/mekulo.com\/se\/wp-content\/uploads\/sites\/11\/2025\/12\/favicon_mekulo.png","contentUrl":"https:\/\/mekulo.com\/se\/wp-content\/uploads\/sites\/11\/2025\/12\/favicon_mekulo.png","width":50,"height":50,"caption":"Mekulo"},"image":{"@id":"https:\/\/mekulo.com\/se\/#\/schema\/logo\/image\/"}}]}},"_links":{"self":[{"href":"https:\/\/mekulo.com\/se\/wp-json\/wp\/v2\/product\/17071","targetHints":{"allow":["GET"]}}],"collection":[{"href":"https:\/\/mekulo.com\/se\/wp-json\/wp\/v2\/product"}],"about":[{"href":"https:\/\/mekulo.com\/se\/wp-json\/wp\/v2\/types\/product"}],"replies":[{"embeddable":true,"href":"https:\/\/mekulo.com\/se\/wp-json\/wp\/v2\/comments?post=17071"}],"wp:featuredmedia":[{"embeddable":true,"href":"https:\/\/mekulo.com\/se\/wp-json\/wp\/v2\/media\/17067"}],"wp:attachment":[{"href":"https:\/\/mekulo.com\/se\/wp-json\/wp\/v2\/media?parent=17071"}],"wp:term":[{"taxonomy":"product_brand","embeddable":true,"href":"https:\/\/mekulo.com\/se\/wp-json\/wp\/v2\/product_brand?post=17071"},{"taxonomy":"product_cat","embeddable":true,"href":"https:\/\/mekulo.com\/se\/wp-json\/wp\/v2\/product_cat?post=17071"},{"taxonomy":"product_tag","embeddable":true,"href":"https:\/\/mekulo.com\/se\/wp-json\/wp\/v2\/product_tag?post=17071"}],"curies":[{"name":"wp","href":"https:\/\/api.w.org\/{rel}","templated":true}]}}