{"id":17060,"date":"2026-01-13T18:25:00","date_gmt":"2026-01-13T16:25:00","guid":{"rendered":"https:\/\/mekulo.com\/se\/produkt\/borrskarpare-for-flera-andamal\/"},"modified":"2026-03-10T18:05:17","modified_gmt":"2026-03-10T16:05:17","slug":"borrskarpare-for-flera-andamal","status":"publish","type":"product","link":"https:\/\/mekulo.com\/se\/produkt\/borrskarpare-for-flera-andamal\/","title":{"rendered":"Borrsk\u00e4rpare f\u00f6r flera \u00e4ndam\u00e5l"},"content":{"rendered":"<p style=\"text-align: center;\" data-start=\"0\" data-end=\"72\"><strong data-start=\"0\" data-end=\"72\">Slipa tr\u00e5kiga borrkronor p\u00e5 n\u00e5gra sekunder och arbeta snabbare med mindre anstr\u00e4ngning. \u2699\ufe0f<\/strong><\/p>\n<p data-start=\"74\" data-end=\"306\"><img fetchpriority=\"high\" decoding=\"async\" class=\"size-full wp-image-19193 aligncenter\" src=\"https:\/\/mekulo.com\/template\/wp-content\/uploads\/sites\/6\/2026\/01\/Sb43a72ba474048e5858eed71548797a89.jpeg_960x960q75.jpeg_.jpg\" alt=\"\" width=\"1080\" height=\"1080\" \/><\/p>\n<h2 style=\"text-align: center;\" data-start=\"313\" data-end=\"332\"><strong>Huvudf\u00f6rdelar<\/strong><\/h2>\n<p data-start=\"336\" data-end=\"399\">\u26a1 Snabb slipning &#8211; Slipa borrkronor p\u00e5 cirka 5 sekunder.<\/p>\n<p data-start=\"402\" data-end=\"478\">\ud83d\udd27 St\u00f6d f\u00f6r stora storlekar &#8211; T\u00e4cker sm\u00e5 till stora borrkronor med 3 h\u00e5llare.<\/p>\n<p data-start=\"481\" data-end=\"550\">\ud83d\udd04 Multifunktionell anv\u00e4ndning &#8211; Slipar borrkronor, knivar och skivor.<\/p>\n<p data-start=\"553\" data-end=\"628\">\ud83d\udc8e Slitstarka slipskivor &#8211; Slitstarka diamantslipytor.<\/p>\n<p data-start=\"631\" data-end=\"687\">\ud83c\udf92 Kompakt &amp; l\u00e4ttviktig &#8211; L\u00e4tt att f\u00f6rvara och b\u00e4ra.<\/p>\n<p data-start=\"631\" data-end=\"687\"><img decoding=\"async\" class=\"size-full wp-image-19199 aligncenter\" src=\"https:\/\/mekulo.com\/template\/wp-content\/uploads\/sites\/6\/2026\/01\/S50ddffddd22f448888a164e52b861e7fa.jpeg_960x960q75.jpeg_.jpg\" alt=\"\" width=\"1080\" height=\"1080\" \/><\/p>\n<h2 style=\"text-align: center;\" data-start=\"694\" data-end=\"711\"><strong>Hur Man Anv\u00e4nder<\/strong><\/h2>\n<ol data-start=\"713\" data-end=\"956\">\n<li data-start=\"713\" data-end=\"764\">\n<p data-start=\"716\" data-end=\"764\">S\u00e4tt in sk\u00e4rpverktyget i din elektriska borrmaskin.<\/p>\n<\/li>\n<li data-start=\"765\" data-end=\"811\">\n<p data-start=\"768\" data-end=\"811\">V\u00e4lj r\u00e4tt storlek p\u00e5 borrh\u00e5llaren.<\/p>\n<\/li>\n<li data-start=\"812\" data-end=\"858\">\n<p data-start=\"815\" data-end=\"858\">Placera den sl\u00f6a borrkronan i h\u00e5llaren.<\/p>\n<\/li>\n<li data-start=\"859\" data-end=\"910\">\n<p data-start=\"862\" data-end=\"910\">S\u00e4tt p\u00e5 borrmaskinen och slipa i n\u00e5gra sekunder.<\/p>\n<\/li>\n<li data-start=\"911\" data-end=\"956\">\n<p data-start=\"914\" data-end=\"956\">Ta bort och anv\u00e4nd din nyslipade borrkrona.<\/p>\n<\/li>\n<\/ol>\n<h2 style=\"text-align: center;\" data-start=\"963\" data-end=\"985\"><strong>Produktdetaljer<\/strong><\/h2>\n<ul data-start=\"987\" data-end=\"1274\">\n<li data-start=\"1038\" data-end=\"1059\">\n<p data-start=\"1040\" data-end=\"1059\">Material: Plast<\/p>\n<\/li>\n<li data-start=\"1060\" data-end=\"1077\">\n<p data-start=\"1062\" data-end=\"1077\">F\u00e4rg: Orange<\/p>\n<\/li>\n<li data-start=\"1078\" data-end=\"1145\">\n<p data-start=\"1080\" data-end=\"1105\">Storlekar p\u00e5 borrh\u00e5llare:<\/p>\n<ul data-start=\"1108\" data-end=\"1145\">\n<li data-start=\"1108\" data-end=\"1118\">\n<p data-start=\"1110\" data-end=\"1118\">2-4 mm<\/p>\n<\/li>\n<li data-start=\"1121\" data-end=\"1131\">\n<p data-start=\"1123\" data-end=\"1131\">4-8 mm<\/p>\n<\/li>\n<li data-start=\"1134\" data-end=\"1145\">\n<p data-start=\"1136\" data-end=\"1145\">8-16 mm<\/p>\n<\/li>\n<\/ul>\n<\/li>\n<li data-start=\"1146\" data-end=\"1223\">\n<p data-start=\"1148\" data-end=\"1223\">Kompatibla verktyg: HSS-, h\u00e5rdmetall-, vridning-, koboltborrkronor, knivar, skivor<\/p>\n<\/li>\n<li data-start=\"1224\" data-end=\"1274\">\n<p data-start=\"1226\" data-end=\"1274\">Design: Kompakt, borrdrivet sk\u00e4rpningsverktyg<\/p>\n<\/li>\n<li data-start=\"1224\" data-end=\"1274\">Storlek: 11 x 7,3 x 6,3 mm<\/li>\n<\/ul>\n<h2 style=\"text-align: center;\" data-start=\"1281\" data-end=\"1304\"><strong>F\u00f6rpackningen inneh\u00e5ller<\/strong><\/h2>\n<ul data-start=\"1306\" data-end=\"1368\">\n<li data-start=\"1306\" data-end=\"1342\">\n<p data-start=\"1308\" data-end=\"1342\">1x borrslipande sk\u00e4rpningsverktyg<\/p>\n<\/li>\n<li data-start=\"1343\" data-end=\"1368\">\n<p data-start=\"1345\" data-end=\"1368\">3x borrh\u00e5llare.<\/p>\n<\/li>\n<\/ul>\n","protected":false},"excerpt":{"rendered":"<p><span style=\"font-size: 16px; font-style: normal; font-weight: 400;\">\ud83d\udee0\ufe0fDetta <\/span>Borrsk\u00e4rpare f\u00f6r flera \u00e4ndam\u00e5l hj\u00e4lper dig att snabbt \u00e5terst\u00e4lla skarpa kanter med din elektriska borr.<br \/>\n\u2728Den sparar tid, f\u00f6rb\u00e4ttrar borrningsresultaten och fungerar \u00e4ven p\u00e5 andra sk\u00e4rverktyg, vilket g\u00f6r den till ett smart tillskott i verktygsl\u00e5dan eller k\u00f6ket.<br \/>\n\ud83d\udd2aEtt snabbt och enkelt s\u00e4tt att h\u00e5lla dina borrsk\u00e4r skarpa och ditt arbete effektivt &#8211; perfekt f\u00f6r hemanv\u00e4ndare, g\u00f6r-det-sj\u00e4lvare och proffs.<\/p>\n","protected":false},"featured_media":17056,"comment_status":"open","ping_status":"closed","template":"","meta":{"site-sidebar-layout":"default","site-content-layout":"","ast-site-content-layout":"default","site-content-style":"default","site-sidebar-style":"default","ast-global-header-display":"","ast-banner-title-visibility":"","ast-main-header-display":"","ast-hfb-above-header-display":"","ast-hfb-below-header-display":"","ast-hfb-mobile-header-display":"","site-post-title":"","ast-breadcrumbs-content":"","ast-featured-img":"","footer-sml-layout":"","theme-transparent-header-meta":"default","adv-header-id-meta":"","stick-header-meta":"","header-above-stick-meta":"","header-main-stick-meta":"","header-below-stick-meta":"","astra-migrate-meta-layouts":"set","ast-page-background-enabled":"default","ast-page-background-meta":{"desktop":{"background-color":"var(--ast-global-color-5)","background-image":"","background-repeat":"repeat","background-position":"center center","background-size":"auto","background-attachment":"scroll","background-type":"","background-media":"","overlay-type":"","overlay-color":"","overlay-opacity":"","overlay-gradient":""},"tablet":{"background-color":"","background-image":"","background-repeat":"repeat","background-position":"center center","background-size":"auto","background-attachment":"scroll","background-type":"","background-media":"","overlay-type":"","overlay-color":"","overlay-opacity":"","overlay-gradient":""},"mobile":{"background-color":"","background-image":"","background-repeat":"repeat","background-position":"center center","background-size":"auto","background-attachment":"scroll","background-type":"","background-media":"","overlay-type":"","overlay-color":"","overlay-opacity":"","overlay-gradient":""}},"ast-content-background-meta":{"desktop":{"background-color":"var(--ast-global-color-4)","background-image":"","background-repeat":"repeat","background-position":"center center","background-size":"auto","background-attachment":"scroll","background-type":"","background-media":"","overlay-type":"","overlay-color":"","overlay-opacity":"","overlay-gradient":""},"tablet":{"background-color":"var(--ast-global-color-4)","background-image":"","background-repeat":"repeat","background-position":"center center","background-size":"auto","background-attachment":"scroll","background-type":"","background-media":"","overlay-type":"","overlay-color":"","overlay-opacity":"","overlay-gradient":""},"mobile":{"background-color":"var(--ast-global-color-4)","background-image":"","background-repeat":"repeat","background-position":"center center","background-size":"auto","background-attachment":"scroll","background-type":"","background-media":"","overlay-type":"","overlay-color":"","overlay-opacity":"","overlay-gradient":""}}},"product_brand":[],"product_cat":[15],"product_tag":[],"class_list":{"0":"post-17060","1":"product","2":"type-product","3":"status-publish","4":"has-post-thumbnail","6":"product_cat-uncategorized","7":"desktop-align-left","8":"tablet-align-left","9":"mobile-align-left","11":"first","12":"instock","13":"shipping-taxable","14":"purchasable","15":"product-type-simple"},"yoast_head":"<!-- This site is optimized with the Yoast SEO plugin v26.6 - https:\/\/yoast.com\/wordpress\/plugins\/seo\/ -->\n<title>Borrsk\u00e4rpare f\u00f6r flera \u00e4ndam\u00e5l - Mekulo SE<\/title>\n<meta name=\"robots\" content=\"index, follow, max-snippet:-1, max-image-preview:large, max-video-preview:-1\" \/>\n<link rel=\"canonical\" href=\"https:\/\/mekulo.com\/se\/produkt\/borrskarpare-for-flera-andamal\/\" \/>\n<meta property=\"og:locale\" content=\"en_US\" \/>\n<meta property=\"og:type\" content=\"article\" \/>\n<meta property=\"og:title\" content=\"Borrsk\u00e4rpare f\u00f6r flera \u00e4ndam\u00e5l - Mekulo SE\" \/>\n<meta property=\"og:description\" content=\"\ud83d\udee0\ufe0fDetta Borrsk\u00e4rpare f\u00f6r flera \u00e4ndam\u00e5l hj\u00e4lper dig att snabbt \u00e5terst\u00e4lla skarpa kanter med din elektriska borr. \u2728Den sparar tid, f\u00f6rb\u00e4ttrar borrningsresultaten och fungerar \u00e4ven p\u00e5 andra sk\u00e4rverktyg, vilket g\u00f6r den till ett smart tillskott i verktygsl\u00e5dan eller k\u00f6ket. \ud83d\udd2aEtt snabbt och enkelt s\u00e4tt att h\u00e5lla dina borrsk\u00e4r skarpa och ditt arbete effektivt - perfekt f\u00f6r hemanv\u00e4ndare, g\u00f6r-det-sj\u00e4lvare och proffs.\" \/>\n<meta property=\"og:url\" content=\"https:\/\/mekulo.com\/se\/produkt\/borrskarpare-for-flera-andamal\/\" \/>\n<meta property=\"og:site_name\" content=\"Mekulo SE\" \/>\n<meta property=\"article:modified_time\" content=\"2026-03-10T16:05:17+00:00\" \/>\n<meta property=\"og:image\" content=\"https:\/\/mekulo.com\/se\/wp-content\/uploads\/sites\/11\/2026\/01\/m5m5ff8-1.jpg\" \/>\n\t<meta property=\"og:image:width\" content=\"960\" \/>\n\t<meta property=\"og:image:height\" content=\"960\" \/>\n\t<meta property=\"og:image:type\" content=\"image\/jpeg\" \/>\n<meta name=\"twitter:card\" content=\"summary_large_image\" \/>\n<meta name=\"twitter:label1\" content=\"Est. reading time\" \/>\n\t<meta name=\"twitter:data1\" content=\"2 minutes\" \/>\n<script type=\"application\/ld+json\" class=\"yoast-schema-graph\">{\"@context\":\"https:\/\/schema.org\",\"@graph\":[{\"@type\":\"WebPage\",\"@id\":\"https:\/\/mekulo.com\/se\/produkt\/borrskarpare-for-flera-andamal\/\",\"url\":\"https:\/\/mekulo.com\/se\/produkt\/borrskarpare-for-flera-andamal\/\",\"name\":\"Borrsk\u00e4rpare f\u00f6r flera \u00e4ndam\u00e5l - Mekulo SE\",\"isPartOf\":{\"@id\":\"https:\/\/mekulo.com\/se\/#website\"},\"primaryImageOfPage\":{\"@id\":\"https:\/\/mekulo.com\/se\/produkt\/borrskarpare-for-flera-andamal\/#primaryimage\"},\"image\":{\"@id\":\"https:\/\/mekulo.com\/se\/produkt\/borrskarpare-for-flera-andamal\/#primaryimage\"},\"thumbnailUrl\":\"https:\/\/mekulo.com\/se\/wp-content\/uploads\/sites\/11\/2026\/01\/m5m5ff8-1.jpg\",\"datePublished\":\"2026-01-13T16:25:00+00:00\",\"dateModified\":\"2026-03-10T16:05:17+00:00\",\"breadcrumb\":{\"@id\":\"https:\/\/mekulo.com\/se\/produkt\/borrskarpare-for-flera-andamal\/#breadcrumb\"},\"inLanguage\":\"en-US\",\"potentialAction\":[{\"@type\":\"ReadAction\",\"target\":[\"https:\/\/mekulo.com\/se\/produkt\/borrskarpare-for-flera-andamal\/\"]}]},{\"@type\":\"ImageObject\",\"inLanguage\":\"en-US\",\"@id\":\"https:\/\/mekulo.com\/se\/produkt\/borrskarpare-for-flera-andamal\/#primaryimage\",\"url\":\"https:\/\/mekulo.com\/se\/wp-content\/uploads\/sites\/11\/2026\/01\/m5m5ff8-1.jpg\",\"contentUrl\":\"https:\/\/mekulo.com\/se\/wp-content\/uploads\/sites\/11\/2026\/01\/m5m5ff8-1.jpg\",\"width\":960,\"height\":960},{\"@type\":\"BreadcrumbList\",\"@id\":\"https:\/\/mekulo.com\/se\/produkt\/borrskarpare-for-flera-andamal\/#breadcrumb\",\"itemListElement\":[{\"@type\":\"ListItem\",\"position\":1,\"name\":\"Home\",\"item\":\"https:\/\/mekulo.com\/se\/\"},{\"@type\":\"ListItem\",\"position\":2,\"name\":\"Butik\",\"item\":\"https:\/\/mekulo.com\/se\/butik\/\"},{\"@type\":\"ListItem\",\"position\":3,\"name\":\"Borrsk\u00e4rpare f\u00f6r flera \u00e4ndam\u00e5l\"}]},{\"@type\":\"WebSite\",\"@id\":\"https:\/\/mekulo.com\/se\/#website\",\"url\":\"https:\/\/mekulo.com\/se\/\",\"name\":\"Mekulo SE\",\"description\":\"\",\"publisher\":{\"@id\":\"https:\/\/mekulo.com\/se\/#organization\"},\"potentialAction\":[{\"@type\":\"SearchAction\",\"target\":{\"@type\":\"EntryPoint\",\"urlTemplate\":\"https:\/\/mekulo.com\/se\/?s={search_term_string}\"},\"query-input\":{\"@type\":\"PropertyValueSpecification\",\"valueRequired\":true,\"valueName\":\"search_term_string\"}}],\"inLanguage\":\"en-US\"},{\"@type\":\"Organization\",\"@id\":\"https:\/\/mekulo.com\/se\/#organization\",\"name\":\"Mekulo\",\"url\":\"https:\/\/mekulo.com\/se\/\",\"logo\":{\"@type\":\"ImageObject\",\"inLanguage\":\"en-US\",\"@id\":\"https:\/\/mekulo.com\/se\/#\/schema\/logo\/image\/\",\"url\":\"https:\/\/mekulo.com\/se\/wp-content\/uploads\/sites\/11\/2025\/12\/favicon_mekulo.png\",\"contentUrl\":\"https:\/\/mekulo.com\/se\/wp-content\/uploads\/sites\/11\/2025\/12\/favicon_mekulo.png\",\"width\":50,\"height\":50,\"caption\":\"Mekulo\"},\"image\":{\"@id\":\"https:\/\/mekulo.com\/se\/#\/schema\/logo\/image\/\"}}]}<\/script>\n<!-- \/ Yoast SEO plugin. -->","yoast_head_json":{"title":"Borrsk\u00e4rpare f\u00f6r flera \u00e4ndam\u00e5l - Mekulo SE","robots":{"index":"index","follow":"follow","max-snippet":"max-snippet:-1","max-image-preview":"max-image-preview:large","max-video-preview":"max-video-preview:-1"},"canonical":"https:\/\/mekulo.com\/se\/produkt\/borrskarpare-for-flera-andamal\/","og_locale":"en_US","og_type":"article","og_title":"Borrsk\u00e4rpare f\u00f6r flera \u00e4ndam\u00e5l - Mekulo SE","og_description":"\ud83d\udee0\ufe0fDetta Borrsk\u00e4rpare f\u00f6r flera \u00e4ndam\u00e5l hj\u00e4lper dig att snabbt \u00e5terst\u00e4lla skarpa kanter med din elektriska borr. \u2728Den sparar tid, f\u00f6rb\u00e4ttrar borrningsresultaten och fungerar \u00e4ven p\u00e5 andra sk\u00e4rverktyg, vilket g\u00f6r den till ett smart tillskott i verktygsl\u00e5dan eller k\u00f6ket. \ud83d\udd2aEtt snabbt och enkelt s\u00e4tt att h\u00e5lla dina borrsk\u00e4r skarpa och ditt arbete effektivt - perfekt f\u00f6r hemanv\u00e4ndare, g\u00f6r-det-sj\u00e4lvare och proffs.","og_url":"https:\/\/mekulo.com\/se\/produkt\/borrskarpare-for-flera-andamal\/","og_site_name":"Mekulo SE","article_modified_time":"2026-03-10T16:05:17+00:00","og_image":[{"width":960,"height":960,"url":"https:\/\/mekulo.com\/se\/wp-content\/uploads\/sites\/11\/2026\/01\/m5m5ff8-1.jpg","type":"image\/jpeg"}],"twitter_card":"summary_large_image","twitter_misc":{"Est. reading time":"2 minutes"},"schema":{"@context":"https:\/\/schema.org","@graph":[{"@type":"WebPage","@id":"https:\/\/mekulo.com\/se\/produkt\/borrskarpare-for-flera-andamal\/","url":"https:\/\/mekulo.com\/se\/produkt\/borrskarpare-for-flera-andamal\/","name":"Borrsk\u00e4rpare f\u00f6r flera \u00e4ndam\u00e5l - Mekulo SE","isPartOf":{"@id":"https:\/\/mekulo.com\/se\/#website"},"primaryImageOfPage":{"@id":"https:\/\/mekulo.com\/se\/produkt\/borrskarpare-for-flera-andamal\/#primaryimage"},"image":{"@id":"https:\/\/mekulo.com\/se\/produkt\/borrskarpare-for-flera-andamal\/#primaryimage"},"thumbnailUrl":"https:\/\/mekulo.com\/se\/wp-content\/uploads\/sites\/11\/2026\/01\/m5m5ff8-1.jpg","datePublished":"2026-01-13T16:25:00+00:00","dateModified":"2026-03-10T16:05:17+00:00","breadcrumb":{"@id":"https:\/\/mekulo.com\/se\/produkt\/borrskarpare-for-flera-andamal\/#breadcrumb"},"inLanguage":"en-US","potentialAction":[{"@type":"ReadAction","target":["https:\/\/mekulo.com\/se\/produkt\/borrskarpare-for-flera-andamal\/"]}]},{"@type":"ImageObject","inLanguage":"en-US","@id":"https:\/\/mekulo.com\/se\/produkt\/borrskarpare-for-flera-andamal\/#primaryimage","url":"https:\/\/mekulo.com\/se\/wp-content\/uploads\/sites\/11\/2026\/01\/m5m5ff8-1.jpg","contentUrl":"https:\/\/mekulo.com\/se\/wp-content\/uploads\/sites\/11\/2026\/01\/m5m5ff8-1.jpg","width":960,"height":960},{"@type":"BreadcrumbList","@id":"https:\/\/mekulo.com\/se\/produkt\/borrskarpare-for-flera-andamal\/#breadcrumb","itemListElement":[{"@type":"ListItem","position":1,"name":"Home","item":"https:\/\/mekulo.com\/se\/"},{"@type":"ListItem","position":2,"name":"Butik","item":"https:\/\/mekulo.com\/se\/butik\/"},{"@type":"ListItem","position":3,"name":"Borrsk\u00e4rpare f\u00f6r flera \u00e4ndam\u00e5l"}]},{"@type":"WebSite","@id":"https:\/\/mekulo.com\/se\/#website","url":"https:\/\/mekulo.com\/se\/","name":"Mekulo SE","description":"","publisher":{"@id":"https:\/\/mekulo.com\/se\/#organization"},"potentialAction":[{"@type":"SearchAction","target":{"@type":"EntryPoint","urlTemplate":"https:\/\/mekulo.com\/se\/?s={search_term_string}"},"query-input":{"@type":"PropertyValueSpecification","valueRequired":true,"valueName":"search_term_string"}}],"inLanguage":"en-US"},{"@type":"Organization","@id":"https:\/\/mekulo.com\/se\/#organization","name":"Mekulo","url":"https:\/\/mekulo.com\/se\/","logo":{"@type":"ImageObject","inLanguage":"en-US","@id":"https:\/\/mekulo.com\/se\/#\/schema\/logo\/image\/","url":"https:\/\/mekulo.com\/se\/wp-content\/uploads\/sites\/11\/2025\/12\/favicon_mekulo.png","contentUrl":"https:\/\/mekulo.com\/se\/wp-content\/uploads\/sites\/11\/2025\/12\/favicon_mekulo.png","width":50,"height":50,"caption":"Mekulo"},"image":{"@id":"https:\/\/mekulo.com\/se\/#\/schema\/logo\/image\/"}}]}},"_links":{"self":[{"href":"https:\/\/mekulo.com\/se\/wp-json\/wp\/v2\/product\/17060","targetHints":{"allow":["GET"]}}],"collection":[{"href":"https:\/\/mekulo.com\/se\/wp-json\/wp\/v2\/product"}],"about":[{"href":"https:\/\/mekulo.com\/se\/wp-json\/wp\/v2\/types\/product"}],"replies":[{"embeddable":true,"href":"https:\/\/mekulo.com\/se\/wp-json\/wp\/v2\/comments?post=17060"}],"wp:featuredmedia":[{"embeddable":true,"href":"https:\/\/mekulo.com\/se\/wp-json\/wp\/v2\/media\/17056"}],"wp:attachment":[{"href":"https:\/\/mekulo.com\/se\/wp-json\/wp\/v2\/media?parent=17060"}],"wp:term":[{"taxonomy":"product_brand","embeddable":true,"href":"https:\/\/mekulo.com\/se\/wp-json\/wp\/v2\/product_brand?post=17060"},{"taxonomy":"product_cat","embeddable":true,"href":"https:\/\/mekulo.com\/se\/wp-json\/wp\/v2\/product_cat?post=17060"},{"taxonomy":"product_tag","embeddable":true,"href":"https:\/\/mekulo.com\/se\/wp-json\/wp\/v2\/product_tag?post=17060"}],"curies":[{"name":"wp","href":"https:\/\/api.w.org\/{rel}","templated":true}]}}