{"id":17049,"date":"2026-01-13T18:23:29","date_gmt":"2026-01-13T16:23:29","guid":{"rendered":"https:\/\/mekulo.com\/se\/produkt\/6-hals-roterbar-stampeltang\/"},"modified":"2026-01-14T19:14:30","modified_gmt":"2026-01-14T17:14:30","slug":"6-hals-roterbar-stampeltang","status":"publish","type":"product","link":"https:\/\/mekulo.com\/se\/produkt\/6-hals-roterbar-stampeltang\/","title":{"rendered":"6-h\u00e5ls roterbar st\u00e4mpelt\u00e5ng"},"content":{"rendered":"<p style=\"text-align: center;\" data-start=\"0\" data-end=\"81\"><strong data-start=\"0\" data-end=\"81\">Stansa rena, exakta h\u00e5l p\u00e5 n\u00e5gra sekunder med ett kraftfullt och l\u00e4ttanv\u00e4nt verktyg. \ud83d\udd73\ufe0f<\/strong><\/p>\n<p data-start=\"0\" data-end=\"81\"><img fetchpriority=\"high\" decoding=\"async\" class=\"size-full wp-image-19187 aligncenter\" src=\"https:\/\/mekulo.com\/template\/wp-content\/uploads\/sites\/6\/2026\/01\/spp_20250606192042_fa285acfc05b61fcd5c672eb2b6843a9_30c70627-811c-4019-8c7d-454e7f5855b8.webp\" alt=\"\" width=\"713\" height=\"713\" \/><\/p>\n<h2 style=\"text-align: center;\" data-start=\"326\" data-end=\"345\">Huvudsakliga f\u00f6rdelar<\/h2>\n<p data-start=\"349\" data-end=\"425\">\ud83d\udd04 6-h\u00e5ls roterande huvud &#8211; Byt h\u00e5lstorlek direkt med en 360\u00b0 vridning.<\/p>\n<p data-start=\"428\" data-end=\"500\">\u2702\ufe0f Ren &amp; exakt stansning &#8211; Vassa stift skapar sl\u00e4ta runda h\u00e5l.<\/p>\n<p data-start=\"503\" data-end=\"578\">\ud83d\udcaa Starka stift i cr-v-st\u00e5l &#8211; Stansar enkelt genom tuffa material.<\/p>\n<p data-start=\"581\" data-end=\"648\">\ud83d\udee1\ufe0f M\u00e4ssingsslagbas &#8211; Absorberar kraft och skyddar stansspetsarna.<\/p>\n<p data-start=\"651\" data-end=\"724\">\ud83c\udf92 L\u00e4tt &amp; b\u00e4rbar &#8211; L\u00e4tt att b\u00e4ra med sig f\u00f6r anv\u00e4ndning hemma eller p\u00e5 spr\u00e5ng.<\/p>\n<p data-start=\"651\" data-end=\"724\"><img decoding=\"async\" class=\"size-full wp-image-19188 aligncenter\" src=\"https:\/\/mekulo.com\/template\/wp-content\/uploads\/sites\/6\/2026\/01\/spp_20250606192025_6d69d7255a3c2adb34b25705bea678f4.jpg\" alt=\"\" width=\"800\" height=\"800\" \/><\/p>\n<h2 style=\"text-align: center;\" data-start=\"731\" data-end=\"748\"><strong>Hur Man Anv\u00e4nder<\/strong><\/h2>\n<ol data-start=\"750\" data-end=\"996\">\n<li data-start=\"750\" data-end=\"803\">\n<p data-start=\"753\" data-end=\"803\">Rotera huvudet f\u00f6r att v\u00e4lja \u00f6nskad h\u00e5lstorlek.<\/p>\n<\/li>\n<li data-start=\"804\" data-end=\"845\">\n<p data-start=\"807\" data-end=\"845\">Placera materialet mellan k\u00e4ftarna.<\/p>\n<\/li>\n<li data-start=\"846\" data-end=\"888\">\n<p data-start=\"849\" data-end=\"888\">Rikta in stansen mot m\u00e5lomr\u00e5det.<\/p>\n<\/li>\n<li data-start=\"889\" data-end=\"939\">\n<p data-start=\"892\" data-end=\"939\">Krama handtagen ordentligt f\u00f6r att stansa h\u00e5let.<\/p>\n<\/li>\n<li data-start=\"940\" data-end=\"996\">\n<p data-start=\"943\" data-end=\"996\">Sl\u00e4pp och rotera igen om en annan storlek beh\u00f6vs.<\/p>\n<\/li>\n<\/ol>\n<h2 style=\"text-align: center;\" data-start=\"1003\" data-end=\"1025\"><strong>Produktdetaljer<\/strong><\/h2>\n<ul data-start=\"1027\" data-end=\"1323\">\n<li data-start=\"1075\" data-end=\"1121\">\n<p data-start=\"1077\" data-end=\"1121\">H\u00e5lstorlekar: 2 \/ 2.5 \/ 3 \/ 3.5 \/ 4 \/ 4.5 mm<\/p>\n<\/li>\n<li data-start=\"1122\" data-end=\"1142\">\n<p data-start=\"1124\" data-end=\"1142\">H\u00e5ltyp: Rund<\/p>\n<\/li>\n<li data-start=\"1143\" data-end=\"1195\">\n<p data-start=\"1145\" data-end=\"1195\">Stansstiftets material: Krom Vanadium (Cr-V) st\u00e5l<\/p>\n<\/li>\n<li data-start=\"1196\" data-end=\"1220\">\n<p data-start=\"1198\" data-end=\"1220\">Basmaterial: M\u00e4ssing<\/p>\n<\/li>\n<li data-start=\"1221\" data-end=\"1251\">\n<p data-start=\"1223\" data-end=\"1251\">T\u00e5nghuvud: 360\u00b0 roterbart<\/p>\n<\/li>\n<li data-start=\"1221\" data-end=\"1251\">Storlek: 220 x 90 mm<\/li>\n<\/ul>\n<h2 style=\"text-align: center;\" data-start=\"1330\" data-end=\"1353\"><strong>F\u00f6rpackningen inneh\u00e5ller<\/strong><\/h2>\n<ul data-start=\"1355\" data-end=\"1392\">\n<li data-start=\"1355\" data-end=\"1392\">\n<p data-start=\"1357\" data-end=\"1392\">1x 6-h\u00e5ls roterbar stanst\u00e5ng.<\/p>\n<\/li>\n<\/ul>\n","protected":false},"excerpt":{"rendered":"<p>\ud83d\udd73\ufe0fMed en roterbar h\u00e5lt\u00e5ng med 6 h\u00e5l kan du snabbt skapa perfekt dimensionerade h\u00e5l i l\u00e4der, tyg, b\u00e4lten och mycket mer.<br \/>\n\u2699\ufe0fMed ett roterande huvud och en stark st\u00e5lkonstruktion sparar det h\u00e4r verktyget tid och anstr\u00e4ngning och ger professionella resultat varje g\u00e5ng.<br \/>\n\ud83e\uddf0Ett p\u00e5litligt och h\u00e5llbart verktyg som ger rena h\u00e5l p\u00e5 n\u00e5gra sekunder &#8211; perfekt f\u00f6r DIY, hantverk och professionellt arbete.<\/p>\n","protected":false},"featured_media":17045,"comment_status":"open","ping_status":"closed","template":"","meta":{"site-sidebar-layout":"default","site-content-layout":"","ast-site-content-layout":"default","site-content-style":"default","site-sidebar-style":"default","ast-global-header-display":"","ast-banner-title-visibility":"","ast-main-header-display":"","ast-hfb-above-header-display":"","ast-hfb-below-header-display":"","ast-hfb-mobile-header-display":"","site-post-title":"","ast-breadcrumbs-content":"","ast-featured-img":"","footer-sml-layout":"","theme-transparent-header-meta":"default","adv-header-id-meta":"","stick-header-meta":"","header-above-stick-meta":"","header-main-stick-meta":"","header-below-stick-meta":"","astra-migrate-meta-layouts":"set","ast-page-background-enabled":"default","ast-page-background-meta":{"desktop":{"background-color":"var(--ast-global-color-5)","background-image":"","background-repeat":"repeat","background-position":"center center","background-size":"auto","background-attachment":"scroll","background-type":"","background-media":"","overlay-type":"","overlay-color":"","overlay-opacity":"","overlay-gradient":""},"tablet":{"background-color":"","background-image":"","background-repeat":"repeat","background-position":"center center","background-size":"auto","background-attachment":"scroll","background-type":"","background-media":"","overlay-type":"","overlay-color":"","overlay-opacity":"","overlay-gradient":""},"mobile":{"background-color":"","background-image":"","background-repeat":"repeat","background-position":"center center","background-size":"auto","background-attachment":"scroll","background-type":"","background-media":"","overlay-type":"","overlay-color":"","overlay-opacity":"","overlay-gradient":""}},"ast-content-background-meta":{"desktop":{"background-color":"var(--ast-global-color-4)","background-image":"","background-repeat":"repeat","background-position":"center center","background-size":"auto","background-attachment":"scroll","background-type":"","background-media":"","overlay-type":"","overlay-color":"","overlay-opacity":"","overlay-gradient":""},"tablet":{"background-color":"var(--ast-global-color-4)","background-image":"","background-repeat":"repeat","background-position":"center center","background-size":"auto","background-attachment":"scroll","background-type":"","background-media":"","overlay-type":"","overlay-color":"","overlay-opacity":"","overlay-gradient":""},"mobile":{"background-color":"var(--ast-global-color-4)","background-image":"","background-repeat":"repeat","background-position":"center center","background-size":"auto","background-attachment":"scroll","background-type":"","background-media":"","overlay-type":"","overlay-color":"","overlay-opacity":"","overlay-gradient":""}}},"product_brand":[],"product_cat":[171],"product_tag":[],"class_list":{"0":"post-17049","1":"product","2":"type-product","3":"status-publish","4":"has-post-thumbnail","6":"product_cat-verktyg","7":"desktop-align-left","8":"tablet-align-left","9":"mobile-align-left","11":"first","12":"instock","13":"shipping-taxable","14":"purchasable","15":"product-type-simple"},"yoast_head":"<!-- This site is optimized with the Yoast SEO plugin v26.6 - https:\/\/yoast.com\/wordpress\/plugins\/seo\/ -->\n<title>6-h\u00e5ls roterbar st\u00e4mpelt\u00e5ng - Mekulo SE<\/title>\n<meta name=\"robots\" content=\"index, follow, max-snippet:-1, max-image-preview:large, max-video-preview:-1\" \/>\n<link rel=\"canonical\" href=\"https:\/\/mekulo.com\/se\/produkt\/6-hals-roterbar-stampeltang\/\" \/>\n<meta property=\"og:locale\" content=\"sv_SE\" \/>\n<meta property=\"og:type\" content=\"article\" \/>\n<meta property=\"og:title\" content=\"6-h\u00e5ls roterbar st\u00e4mpelt\u00e5ng - Mekulo SE\" \/>\n<meta property=\"og:description\" content=\"\ud83d\udd73\ufe0fMed en roterbar h\u00e5lt\u00e5ng med 6 h\u00e5l kan du snabbt skapa perfekt dimensionerade h\u00e5l i l\u00e4der, tyg, b\u00e4lten och mycket mer. \u2699\ufe0fMed ett roterande huvud och en stark st\u00e5lkonstruktion sparar det h\u00e4r verktyget tid och anstr\u00e4ngning och ger professionella resultat varje g\u00e5ng. \ud83e\uddf0Ett p\u00e5litligt och h\u00e5llbart verktyg som ger rena h\u00e5l p\u00e5 n\u00e5gra sekunder - perfekt f\u00f6r DIY, hantverk och professionellt arbete.\" \/>\n<meta property=\"og:url\" content=\"https:\/\/mekulo.com\/se\/produkt\/6-hals-roterbar-stampeltang\/\" \/>\n<meta property=\"og:site_name\" content=\"Mekulo SE\" \/>\n<meta property=\"article:modified_time\" content=\"2026-01-14T17:14:30+00:00\" \/>\n<meta property=\"og:image\" content=\"https:\/\/mekulo.com\/se\/wp-content\/uploads\/sites\/11\/2026\/01\/ub4vrw7-1.webp\" \/>\n\t<meta property=\"og:image:width\" content=\"713\" \/>\n\t<meta property=\"og:image:height\" content=\"713\" \/>\n\t<meta property=\"og:image:type\" content=\"image\/webp\" \/>\n<meta name=\"twitter:card\" content=\"summary_large_image\" \/>\n<meta name=\"twitter:label1\" content=\"Ber\u00e4knad l\u00e4stid\" \/>\n\t<meta name=\"twitter:data1\" content=\"2 minuter\" \/>\n<script type=\"application\/ld+json\" class=\"yoast-schema-graph\">{\"@context\":\"https:\/\/schema.org\",\"@graph\":[{\"@type\":\"WebPage\",\"@id\":\"https:\/\/mekulo.com\/se\/produkt\/6-hals-roterbar-stampeltang\/\",\"url\":\"https:\/\/mekulo.com\/se\/produkt\/6-hals-roterbar-stampeltang\/\",\"name\":\"6-h\u00e5ls roterbar st\u00e4mpelt\u00e5ng - Mekulo SE\",\"isPartOf\":{\"@id\":\"https:\/\/mekulo.com\/se\/#website\"},\"primaryImageOfPage\":{\"@id\":\"https:\/\/mekulo.com\/se\/produkt\/6-hals-roterbar-stampeltang\/#primaryimage\"},\"image\":{\"@id\":\"https:\/\/mekulo.com\/se\/produkt\/6-hals-roterbar-stampeltang\/#primaryimage\"},\"thumbnailUrl\":\"https:\/\/mekulo.com\/se\/wp-content\/uploads\/sites\/11\/2026\/01\/ub4vrw7-1.webp\",\"datePublished\":\"2026-01-13T16:23:29+00:00\",\"dateModified\":\"2026-01-14T17:14:30+00:00\",\"breadcrumb\":{\"@id\":\"https:\/\/mekulo.com\/se\/produkt\/6-hals-roterbar-stampeltang\/#breadcrumb\"},\"inLanguage\":\"sv-SE\",\"potentialAction\":[{\"@type\":\"ReadAction\",\"target\":[\"https:\/\/mekulo.com\/se\/produkt\/6-hals-roterbar-stampeltang\/\"]}]},{\"@type\":\"ImageObject\",\"inLanguage\":\"sv-SE\",\"@id\":\"https:\/\/mekulo.com\/se\/produkt\/6-hals-roterbar-stampeltang\/#primaryimage\",\"url\":\"https:\/\/mekulo.com\/se\/wp-content\/uploads\/sites\/11\/2026\/01\/ub4vrw7-1.webp\",\"contentUrl\":\"https:\/\/mekulo.com\/se\/wp-content\/uploads\/sites\/11\/2026\/01\/ub4vrw7-1.webp\",\"width\":713,\"height\":713},{\"@type\":\"BreadcrumbList\",\"@id\":\"https:\/\/mekulo.com\/se\/produkt\/6-hals-roterbar-stampeltang\/#breadcrumb\",\"itemListElement\":[{\"@type\":\"ListItem\",\"position\":1,\"name\":\"Home\",\"item\":\"https:\/\/mekulo.com\/se\/\"},{\"@type\":\"ListItem\",\"position\":2,\"name\":\"Butik\",\"item\":\"https:\/\/mekulo.com\/se\/butik\/\"},{\"@type\":\"ListItem\",\"position\":3,\"name\":\"6-h\u00e5ls roterbar st\u00e4mpelt\u00e5ng\"}]},{\"@type\":\"WebSite\",\"@id\":\"https:\/\/mekulo.com\/se\/#website\",\"url\":\"https:\/\/mekulo.com\/se\/\",\"name\":\"Mekulo SE\",\"description\":\"\",\"publisher\":{\"@id\":\"https:\/\/mekulo.com\/se\/#organization\"},\"potentialAction\":[{\"@type\":\"SearchAction\",\"target\":{\"@type\":\"EntryPoint\",\"urlTemplate\":\"https:\/\/mekulo.com\/se\/?s={search_term_string}\"},\"query-input\":{\"@type\":\"PropertyValueSpecification\",\"valueRequired\":true,\"valueName\":\"search_term_string\"}}],\"inLanguage\":\"sv-SE\"},{\"@type\":\"Organization\",\"@id\":\"https:\/\/mekulo.com\/se\/#organization\",\"name\":\"Mekulo\",\"url\":\"https:\/\/mekulo.com\/se\/\",\"logo\":{\"@type\":\"ImageObject\",\"inLanguage\":\"sv-SE\",\"@id\":\"https:\/\/mekulo.com\/se\/#\/schema\/logo\/image\/\",\"url\":\"https:\/\/mekulo.com\/se\/wp-content\/uploads\/sites\/11\/2025\/12\/favicon_mekulo.png\",\"contentUrl\":\"https:\/\/mekulo.com\/se\/wp-content\/uploads\/sites\/11\/2025\/12\/favicon_mekulo.png\",\"width\":50,\"height\":50,\"caption\":\"Mekulo\"},\"image\":{\"@id\":\"https:\/\/mekulo.com\/se\/#\/schema\/logo\/image\/\"}}]}<\/script>\n<!-- \/ Yoast SEO plugin. -->","yoast_head_json":{"title":"6-h\u00e5ls roterbar st\u00e4mpelt\u00e5ng - Mekulo SE","robots":{"index":"index","follow":"follow","max-snippet":"max-snippet:-1","max-image-preview":"max-image-preview:large","max-video-preview":"max-video-preview:-1"},"canonical":"https:\/\/mekulo.com\/se\/produkt\/6-hals-roterbar-stampeltang\/","og_locale":"sv_SE","og_type":"article","og_title":"6-h\u00e5ls roterbar st\u00e4mpelt\u00e5ng - Mekulo SE","og_description":"\ud83d\udd73\ufe0fMed en roterbar h\u00e5lt\u00e5ng med 6 h\u00e5l kan du snabbt skapa perfekt dimensionerade h\u00e5l i l\u00e4der, tyg, b\u00e4lten och mycket mer. \u2699\ufe0fMed ett roterande huvud och en stark st\u00e5lkonstruktion sparar det h\u00e4r verktyget tid och anstr\u00e4ngning och ger professionella resultat varje g\u00e5ng. \ud83e\uddf0Ett p\u00e5litligt och h\u00e5llbart verktyg som ger rena h\u00e5l p\u00e5 n\u00e5gra sekunder - perfekt f\u00f6r DIY, hantverk och professionellt arbete.","og_url":"https:\/\/mekulo.com\/se\/produkt\/6-hals-roterbar-stampeltang\/","og_site_name":"Mekulo SE","article_modified_time":"2026-01-14T17:14:30+00:00","og_image":[{"width":713,"height":713,"url":"https:\/\/mekulo.com\/se\/wp-content\/uploads\/sites\/11\/2026\/01\/ub4vrw7-1.webp","type":"image\/webp"}],"twitter_card":"summary_large_image","twitter_misc":{"Ber\u00e4knad l\u00e4stid":"2 minuter"},"schema":{"@context":"https:\/\/schema.org","@graph":[{"@type":"WebPage","@id":"https:\/\/mekulo.com\/se\/produkt\/6-hals-roterbar-stampeltang\/","url":"https:\/\/mekulo.com\/se\/produkt\/6-hals-roterbar-stampeltang\/","name":"6-h\u00e5ls roterbar st\u00e4mpelt\u00e5ng - Mekulo SE","isPartOf":{"@id":"https:\/\/mekulo.com\/se\/#website"},"primaryImageOfPage":{"@id":"https:\/\/mekulo.com\/se\/produkt\/6-hals-roterbar-stampeltang\/#primaryimage"},"image":{"@id":"https:\/\/mekulo.com\/se\/produkt\/6-hals-roterbar-stampeltang\/#primaryimage"},"thumbnailUrl":"https:\/\/mekulo.com\/se\/wp-content\/uploads\/sites\/11\/2026\/01\/ub4vrw7-1.webp","datePublished":"2026-01-13T16:23:29+00:00","dateModified":"2026-01-14T17:14:30+00:00","breadcrumb":{"@id":"https:\/\/mekulo.com\/se\/produkt\/6-hals-roterbar-stampeltang\/#breadcrumb"},"inLanguage":"sv-SE","potentialAction":[{"@type":"ReadAction","target":["https:\/\/mekulo.com\/se\/produkt\/6-hals-roterbar-stampeltang\/"]}]},{"@type":"ImageObject","inLanguage":"sv-SE","@id":"https:\/\/mekulo.com\/se\/produkt\/6-hals-roterbar-stampeltang\/#primaryimage","url":"https:\/\/mekulo.com\/se\/wp-content\/uploads\/sites\/11\/2026\/01\/ub4vrw7-1.webp","contentUrl":"https:\/\/mekulo.com\/se\/wp-content\/uploads\/sites\/11\/2026\/01\/ub4vrw7-1.webp","width":713,"height":713},{"@type":"BreadcrumbList","@id":"https:\/\/mekulo.com\/se\/produkt\/6-hals-roterbar-stampeltang\/#breadcrumb","itemListElement":[{"@type":"ListItem","position":1,"name":"Home","item":"https:\/\/mekulo.com\/se\/"},{"@type":"ListItem","position":2,"name":"Butik","item":"https:\/\/mekulo.com\/se\/butik\/"},{"@type":"ListItem","position":3,"name":"6-h\u00e5ls roterbar st\u00e4mpelt\u00e5ng"}]},{"@type":"WebSite","@id":"https:\/\/mekulo.com\/se\/#website","url":"https:\/\/mekulo.com\/se\/","name":"Mekulo SE","description":"","publisher":{"@id":"https:\/\/mekulo.com\/se\/#organization"},"potentialAction":[{"@type":"SearchAction","target":{"@type":"EntryPoint","urlTemplate":"https:\/\/mekulo.com\/se\/?s={search_term_string}"},"query-input":{"@type":"PropertyValueSpecification","valueRequired":true,"valueName":"search_term_string"}}],"inLanguage":"sv-SE"},{"@type":"Organization","@id":"https:\/\/mekulo.com\/se\/#organization","name":"Mekulo","url":"https:\/\/mekulo.com\/se\/","logo":{"@type":"ImageObject","inLanguage":"sv-SE","@id":"https:\/\/mekulo.com\/se\/#\/schema\/logo\/image\/","url":"https:\/\/mekulo.com\/se\/wp-content\/uploads\/sites\/11\/2025\/12\/favicon_mekulo.png","contentUrl":"https:\/\/mekulo.com\/se\/wp-content\/uploads\/sites\/11\/2025\/12\/favicon_mekulo.png","width":50,"height":50,"caption":"Mekulo"},"image":{"@id":"https:\/\/mekulo.com\/se\/#\/schema\/logo\/image\/"}}]}},"_links":{"self":[{"href":"https:\/\/mekulo.com\/se\/wp-json\/wp\/v2\/product\/17049","targetHints":{"allow":["GET"]}}],"collection":[{"href":"https:\/\/mekulo.com\/se\/wp-json\/wp\/v2\/product"}],"about":[{"href":"https:\/\/mekulo.com\/se\/wp-json\/wp\/v2\/types\/product"}],"replies":[{"embeddable":true,"href":"https:\/\/mekulo.com\/se\/wp-json\/wp\/v2\/comments?post=17049"}],"wp:featuredmedia":[{"embeddable":true,"href":"https:\/\/mekulo.com\/se\/wp-json\/wp\/v2\/media\/17045"}],"wp:attachment":[{"href":"https:\/\/mekulo.com\/se\/wp-json\/wp\/v2\/media?parent=17049"}],"wp:term":[{"taxonomy":"product_brand","embeddable":true,"href":"https:\/\/mekulo.com\/se\/wp-json\/wp\/v2\/product_brand?post=17049"},{"taxonomy":"product_cat","embeddable":true,"href":"https:\/\/mekulo.com\/se\/wp-json\/wp\/v2\/product_cat?post=17049"},{"taxonomy":"product_tag","embeddable":true,"href":"https:\/\/mekulo.com\/se\/wp-json\/wp\/v2\/product_tag?post=17049"}],"curies":[{"name":"wp","href":"https:\/\/api.w.org\/{rel}","templated":true}]}}