{"id":17011,"date":"2026-01-13T18:12:59","date_gmt":"2026-01-13T16:12:59","guid":{"rendered":"https:\/\/mekulo.com\/se\/produkt\/interaktiv-foderautomat-for-hundpussel\/"},"modified":"2026-01-14T19:06:42","modified_gmt":"2026-01-14T17:06:42","slug":"interaktiv-foderautomat-for-hundpussel","status":"publish","type":"product","link":"https:\/\/mekulo.com\/se\/produkt\/interaktiv-foderautomat-for-hundpussel\/","title":{"rendered":"Interaktiv foderautomat f\u00f6r hundpussel"},"content":{"rendered":"<p style=\"text-align: center;\" data-start=\"0\" data-end=\"67\"><strong data-start=\"0\" data-end=\"67\">F\u00f6rvandla m\u00e5ltiden till ett roligt spel med l\u00e5ngsam matning som din hund kommer att \u00e4lska. \ud83d\udc15<\/strong><\/p>\n<p data-start=\"0\" data-end=\"67\"><img fetchpriority=\"high\" decoding=\"async\" class=\"size-full wp-image-19021 aligncenter\" src=\"https:\/\/mekulo.com\/template\/wp-content\/uploads\/sites\/6\/2026\/01\/S62b6b7a6b1314372a096488e628f8b5bG.jpg_960x960q75.jpg_.avif\" alt=\"\" width=\"960\" height=\"960\" \/><\/p>\n<h2 style=\"text-align: center;\" data-start=\"317\" data-end=\"337\">Huvudsakliga f\u00f6rdelar<\/h2>\n<p data-start=\"341\" data-end=\"410\">\ud83e\udde0 Mental stimulering &#8211; Uppmuntrar till t\u00e4nkande och probleml\u00f6sning.<\/p>\n<p data-start=\"413\" data-end=\"479\">\ud83c\udf7d\ufe0f L\u00e5ngsam matningsdesign &#8211; Hj\u00e4lper till att f\u00f6rhindra kv\u00e4vning och uppbl\u00e5sthet.<\/p>\n<p data-start=\"482\" data-end=\"552\">\ud83e\udd86 Interaktiv lek &#8211; Godis som trycks ut h\u00e5ller hunden engagerad.<\/p>\n<p data-start=\"555\" data-end=\"622\">\ud83d\udee1\ufe0f S\u00e4ker och h\u00e5llbar &#8211; Tillverkad av tuggmotst\u00e5ndskraftig ABS av livsmedelskvalitet.<\/p>\n<p data-start=\"625\" data-end=\"687\">\ud83d\udd04 Justerbara matuttag &#8211; Passar olika storlekar p\u00e5 torrfoder.<\/p>\n<p data-start=\"690\" data-end=\"751\">\ud83e\uddf2 Halkfri bas &#8211; st\u00e5r stabilt under lek och utfodring.<\/p>\n<p data-start=\"690\" data-end=\"751\"><img decoding=\"async\" class=\"size-full wp-image-19018 aligncenter\" src=\"https:\/\/mekulo.com\/template\/wp-content\/uploads\/sites\/6\/2026\/01\/spp_20250310141302_7367dd216c56150b08f2c0f74e24734e.jpg\" alt=\"\" width=\"1080\" height=\"1080\" \/><\/p>\n<h2 style=\"text-align: center;\" data-start=\"758\" data-end=\"775\"><strong>Anv\u00e4ndning<\/strong><\/h2>\n<ol data-start=\"777\" data-end=\"995\">\n<li data-start=\"777\" data-end=\"836\">\n<p data-start=\"780\" data-end=\"836\">\u00d6ppna mataren och l\u00e4gg i torrfoder eller godis.<\/p>\n<\/li>\n<li data-start=\"837\" data-end=\"897\">\n<p data-start=\"840\" data-end=\"897\">Justera storleken p\u00e5 matutloppet efter hundens tuggben.<\/p>\n<\/li>\n<li data-start=\"898\" data-end=\"938\">\n<p data-start=\"901\" data-end=\"938\">Placera mataren p\u00e5 en plan yta.<\/p>\n<\/li>\n<li data-start=\"939\" data-end=\"995\">\n<p data-start=\"942\" data-end=\"995\">L\u00e5t hunden trycka och leka f\u00f6r att l\u00e5ngsamt sl\u00e4ppa ut maten.<\/p>\n<\/li>\n<\/ol>\n<h2 style=\"text-align: center;\" data-start=\"1002\" data-end=\"1024\"><strong>Produktdetaljer<\/strong><\/h2>\n<ul data-start=\"1026\" data-end=\"1359\">\n<li data-start=\"1074\" data-end=\"1110\">\n<p data-start=\"1076\" data-end=\"1110\">Material: Livsmedelsgodk\u00e4nd ABS-plast<\/p>\n<\/li>\n<li data-start=\"1111\" data-end=\"1153\">\n<p data-start=\"1113\" data-end=\"1153\">Design: Ankaformad interaktiv matare<\/p>\n<\/li>\n<li data-start=\"1154\" data-end=\"1201\">\n<p data-start=\"1156\" data-end=\"1201\">Matutloppsstorlekar: 8-10mm, 11-13mm, 15-18mm<\/p>\n<\/li>\n<li data-start=\"1202\" data-end=\"1256\">\n<p data-start=\"1204\" data-end=\"1256\">Funktion: L\u00e5ngsam matare, pusselleksak, godisdispenser<\/p>\n<\/li>\n<li data-start=\"1257\" data-end=\"1282\">\n<p data-start=\"1259\" data-end=\"1282\">Bas: Halkfri design<\/p>\n<\/li>\n<li data-start=\"1283\" data-end=\"1311\">\n<p data-start=\"1285\" data-end=\"1311\">Reng\u00f6ring: Helt tv\u00e4ttbar<\/p>\n<\/li>\n<li data-start=\"1312\" data-end=\"1359\">\n<p data-start=\"1314\" data-end=\"1359\">L\u00e4mplig f\u00f6r: Sm\u00e5, medelstora och stora hundar<\/p>\n<\/li>\n<li data-start=\"1312\" data-end=\"1359\">Storlek: 22 x 14 cm<\/li>\n<\/ul>\n<h2 style=\"text-align: center;\" data-start=\"1366\" data-end=\"1389\"><strong>F\u00f6rpackningen inneh\u00e5ller<\/strong><\/h2>\n<ul data-start=\"1391\" data-end=\"1428\">\n<li data-start=\"1391\" data-end=\"1428\">\n<p data-start=\"1393\" data-end=\"1428\">1x interaktiv hundmatare med pussel.<\/p>\n<\/li>\n<\/ul>\n","protected":false},"excerpt":{"rendered":"<p><span style=\"font-size: 16px; font-style: normal; font-weight: 400;\">\ud83d\udc3e<\/span>Den h\u00e4r interaktiva mataren f\u00f6r hundpussel kombinerar lek och matning f\u00f6r att h\u00e5lla din hund mentalt engagerad samtidigt som den hj\u00e4lper den att \u00e4ta l\u00e5ngsammare och h\u00e4lsosammare.<br \/>\n\ud83d\udc36Den frig\u00f6r mat genom interaktiva \u00e5tg\u00e4rder, vilket minskar tristess, destruktivt beteende och snabb\u00e4tande.<br \/>\n\ud83e\uddb4Ett smart s\u00e4tt att mata, tr\u00e4na och underh\u00e5lla din hund &#8211; allt i en enda rolig leksak.<\/p>\n","protected":false},"featured_media":17007,"comment_status":"open","ping_status":"closed","template":"","meta":{"site-sidebar-layout":"default","site-content-layout":"","ast-site-content-layout":"default","site-content-style":"default","site-sidebar-style":"default","ast-global-header-display":"","ast-banner-title-visibility":"","ast-main-header-display":"","ast-hfb-above-header-display":"","ast-hfb-below-header-display":"","ast-hfb-mobile-header-display":"","site-post-title":"","ast-breadcrumbs-content":"","ast-featured-img":"","footer-sml-layout":"","theme-transparent-header-meta":"default","adv-header-id-meta":"","stick-header-meta":"","header-above-stick-meta":"","header-main-stick-meta":"","header-below-stick-meta":"","astra-migrate-meta-layouts":"set","ast-page-background-enabled":"default","ast-page-background-meta":{"desktop":{"background-color":"var(--ast-global-color-5)","background-image":"","background-repeat":"repeat","background-position":"center center","background-size":"auto","background-attachment":"scroll","background-type":"","background-media":"","overlay-type":"","overlay-color":"","overlay-opacity":"","overlay-gradient":""},"tablet":{"background-color":"","background-image":"","background-repeat":"repeat","background-position":"center center","background-size":"auto","background-attachment":"scroll","background-type":"","background-media":"","overlay-type":"","overlay-color":"","overlay-opacity":"","overlay-gradient":""},"mobile":{"background-color":"","background-image":"","background-repeat":"repeat","background-position":"center center","background-size":"auto","background-attachment":"scroll","background-type":"","background-media":"","overlay-type":"","overlay-color":"","overlay-opacity":"","overlay-gradient":""}},"ast-content-background-meta":{"desktop":{"background-color":"var(--ast-global-color-4)","background-image":"","background-repeat":"repeat","background-position":"center center","background-size":"auto","background-attachment":"scroll","background-type":"","background-media":"","overlay-type":"","overlay-color":"","overlay-opacity":"","overlay-gradient":""},"tablet":{"background-color":"var(--ast-global-color-4)","background-image":"","background-repeat":"repeat","background-position":"center center","background-size":"auto","background-attachment":"scroll","background-type":"","background-media":"","overlay-type":"","overlay-color":"","overlay-opacity":"","overlay-gradient":""},"mobile":{"background-color":"var(--ast-global-color-4)","background-image":"","background-repeat":"repeat","background-position":"center center","background-size":"auto","background-attachment":"scroll","background-type":"","background-media":"","overlay-type":"","overlay-color":"","overlay-opacity":"","overlay-gradient":""}}},"product_brand":[],"product_cat":[169],"product_tag":[],"class_list":{"0":"post-17011","1":"product","2":"type-product","3":"status-publish","4":"has-post-thumbnail","6":"product_cat-husdjursprodukter","7":"desktop-align-left","8":"tablet-align-left","9":"mobile-align-left","11":"first","12":"instock","13":"shipping-taxable","14":"purchasable","15":"product-type-simple"},"yoast_head":"<!-- This site is optimized with the Yoast SEO plugin v26.6 - https:\/\/yoast.com\/wordpress\/plugins\/seo\/ -->\n<title>Interaktiv foderautomat f\u00f6r hundpussel - Mekulo SE<\/title>\n<meta name=\"robots\" content=\"index, follow, max-snippet:-1, max-image-preview:large, max-video-preview:-1\" \/>\n<link rel=\"canonical\" href=\"https:\/\/mekulo.com\/se\/produkt\/interaktiv-foderautomat-for-hundpussel\/\" \/>\n<meta property=\"og:locale\" content=\"sv_SE\" \/>\n<meta property=\"og:type\" content=\"article\" \/>\n<meta property=\"og:title\" content=\"Interaktiv foderautomat f\u00f6r hundpussel - Mekulo SE\" \/>\n<meta property=\"og:description\" content=\"\ud83d\udc3eDen h\u00e4r interaktiva mataren f\u00f6r hundpussel kombinerar lek och matning f\u00f6r att h\u00e5lla din hund mentalt engagerad samtidigt som den hj\u00e4lper den att \u00e4ta l\u00e5ngsammare och h\u00e4lsosammare. \ud83d\udc36Den frig\u00f6r mat genom interaktiva \u00e5tg\u00e4rder, vilket minskar tristess, destruktivt beteende och snabb\u00e4tande. \ud83e\uddb4Ett smart s\u00e4tt att mata, tr\u00e4na och underh\u00e5lla din hund - allt i en enda rolig leksak.\" \/>\n<meta property=\"og:url\" content=\"https:\/\/mekulo.com\/se\/produkt\/interaktiv-foderautomat-for-hundpussel\/\" \/>\n<meta property=\"og:site_name\" content=\"Mekulo SE\" \/>\n<meta property=\"article:modified_time\" content=\"2026-01-14T17:06:42+00:00\" \/>\n<meta property=\"og:image\" content=\"https:\/\/mekulo.com\/se\/wp-content\/uploads\/sites\/11\/2026\/01\/9ktzppd-1.jpg\" \/>\n\t<meta property=\"og:image:width\" content=\"800\" \/>\n\t<meta property=\"og:image:height\" content=\"800\" \/>\n\t<meta property=\"og:image:type\" content=\"image\/jpeg\" \/>\n<meta name=\"twitter:card\" content=\"summary_large_image\" \/>\n<meta name=\"twitter:label1\" content=\"Ber\u00e4knad l\u00e4stid\" \/>\n\t<meta name=\"twitter:data1\" content=\"2 minuter\" \/>\n<script type=\"application\/ld+json\" class=\"yoast-schema-graph\">{\"@context\":\"https:\/\/schema.org\",\"@graph\":[{\"@type\":\"WebPage\",\"@id\":\"https:\/\/mekulo.com\/se\/produkt\/interaktiv-foderautomat-for-hundpussel\/\",\"url\":\"https:\/\/mekulo.com\/se\/produkt\/interaktiv-foderautomat-for-hundpussel\/\",\"name\":\"Interaktiv foderautomat f\u00f6r hundpussel - Mekulo SE\",\"isPartOf\":{\"@id\":\"https:\/\/mekulo.com\/se\/#website\"},\"primaryImageOfPage\":{\"@id\":\"https:\/\/mekulo.com\/se\/produkt\/interaktiv-foderautomat-for-hundpussel\/#primaryimage\"},\"image\":{\"@id\":\"https:\/\/mekulo.com\/se\/produkt\/interaktiv-foderautomat-for-hundpussel\/#primaryimage\"},\"thumbnailUrl\":\"https:\/\/mekulo.com\/se\/wp-content\/uploads\/sites\/11\/2026\/01\/9ktzppd-1.jpg\",\"datePublished\":\"2026-01-13T16:12:59+00:00\",\"dateModified\":\"2026-01-14T17:06:42+00:00\",\"breadcrumb\":{\"@id\":\"https:\/\/mekulo.com\/se\/produkt\/interaktiv-foderautomat-for-hundpussel\/#breadcrumb\"},\"inLanguage\":\"sv-SE\",\"potentialAction\":[{\"@type\":\"ReadAction\",\"target\":[\"https:\/\/mekulo.com\/se\/produkt\/interaktiv-foderautomat-for-hundpussel\/\"]}]},{\"@type\":\"ImageObject\",\"inLanguage\":\"sv-SE\",\"@id\":\"https:\/\/mekulo.com\/se\/produkt\/interaktiv-foderautomat-for-hundpussel\/#primaryimage\",\"url\":\"https:\/\/mekulo.com\/se\/wp-content\/uploads\/sites\/11\/2026\/01\/9ktzppd-1.jpg\",\"contentUrl\":\"https:\/\/mekulo.com\/se\/wp-content\/uploads\/sites\/11\/2026\/01\/9ktzppd-1.jpg\",\"width\":800,\"height\":800},{\"@type\":\"BreadcrumbList\",\"@id\":\"https:\/\/mekulo.com\/se\/produkt\/interaktiv-foderautomat-for-hundpussel\/#breadcrumb\",\"itemListElement\":[{\"@type\":\"ListItem\",\"position\":1,\"name\":\"Home\",\"item\":\"https:\/\/mekulo.com\/se\/\"},{\"@type\":\"ListItem\",\"position\":2,\"name\":\"Butik\",\"item\":\"https:\/\/mekulo.com\/se\/butik\/\"},{\"@type\":\"ListItem\",\"position\":3,\"name\":\"Interaktiv foderautomat f\u00f6r hundpussel\"}]},{\"@type\":\"WebSite\",\"@id\":\"https:\/\/mekulo.com\/se\/#website\",\"url\":\"https:\/\/mekulo.com\/se\/\",\"name\":\"Mekulo SE\",\"description\":\"\",\"publisher\":{\"@id\":\"https:\/\/mekulo.com\/se\/#organization\"},\"potentialAction\":[{\"@type\":\"SearchAction\",\"target\":{\"@type\":\"EntryPoint\",\"urlTemplate\":\"https:\/\/mekulo.com\/se\/?s={search_term_string}\"},\"query-input\":{\"@type\":\"PropertyValueSpecification\",\"valueRequired\":true,\"valueName\":\"search_term_string\"}}],\"inLanguage\":\"sv-SE\"},{\"@type\":\"Organization\",\"@id\":\"https:\/\/mekulo.com\/se\/#organization\",\"name\":\"Mekulo\",\"url\":\"https:\/\/mekulo.com\/se\/\",\"logo\":{\"@type\":\"ImageObject\",\"inLanguage\":\"sv-SE\",\"@id\":\"https:\/\/mekulo.com\/se\/#\/schema\/logo\/image\/\",\"url\":\"https:\/\/mekulo.com\/se\/wp-content\/uploads\/sites\/11\/2025\/12\/favicon_mekulo.png\",\"contentUrl\":\"https:\/\/mekulo.com\/se\/wp-content\/uploads\/sites\/11\/2025\/12\/favicon_mekulo.png\",\"width\":50,\"height\":50,\"caption\":\"Mekulo\"},\"image\":{\"@id\":\"https:\/\/mekulo.com\/se\/#\/schema\/logo\/image\/\"}}]}<\/script>\n<!-- \/ Yoast SEO plugin. -->","yoast_head_json":{"title":"Interaktiv foderautomat f\u00f6r hundpussel - Mekulo SE","robots":{"index":"index","follow":"follow","max-snippet":"max-snippet:-1","max-image-preview":"max-image-preview:large","max-video-preview":"max-video-preview:-1"},"canonical":"https:\/\/mekulo.com\/se\/produkt\/interaktiv-foderautomat-for-hundpussel\/","og_locale":"sv_SE","og_type":"article","og_title":"Interaktiv foderautomat f\u00f6r hundpussel - Mekulo SE","og_description":"\ud83d\udc3eDen h\u00e4r interaktiva mataren f\u00f6r hundpussel kombinerar lek och matning f\u00f6r att h\u00e5lla din hund mentalt engagerad samtidigt som den hj\u00e4lper den att \u00e4ta l\u00e5ngsammare och h\u00e4lsosammare. \ud83d\udc36Den frig\u00f6r mat genom interaktiva \u00e5tg\u00e4rder, vilket minskar tristess, destruktivt beteende och snabb\u00e4tande. \ud83e\uddb4Ett smart s\u00e4tt att mata, tr\u00e4na och underh\u00e5lla din hund - allt i en enda rolig leksak.","og_url":"https:\/\/mekulo.com\/se\/produkt\/interaktiv-foderautomat-for-hundpussel\/","og_site_name":"Mekulo SE","article_modified_time":"2026-01-14T17:06:42+00:00","og_image":[{"width":800,"height":800,"url":"https:\/\/mekulo.com\/se\/wp-content\/uploads\/sites\/11\/2026\/01\/9ktzppd-1.jpg","type":"image\/jpeg"}],"twitter_card":"summary_large_image","twitter_misc":{"Ber\u00e4knad l\u00e4stid":"2 minuter"},"schema":{"@context":"https:\/\/schema.org","@graph":[{"@type":"WebPage","@id":"https:\/\/mekulo.com\/se\/produkt\/interaktiv-foderautomat-for-hundpussel\/","url":"https:\/\/mekulo.com\/se\/produkt\/interaktiv-foderautomat-for-hundpussel\/","name":"Interaktiv foderautomat f\u00f6r hundpussel - Mekulo SE","isPartOf":{"@id":"https:\/\/mekulo.com\/se\/#website"},"primaryImageOfPage":{"@id":"https:\/\/mekulo.com\/se\/produkt\/interaktiv-foderautomat-for-hundpussel\/#primaryimage"},"image":{"@id":"https:\/\/mekulo.com\/se\/produkt\/interaktiv-foderautomat-for-hundpussel\/#primaryimage"},"thumbnailUrl":"https:\/\/mekulo.com\/se\/wp-content\/uploads\/sites\/11\/2026\/01\/9ktzppd-1.jpg","datePublished":"2026-01-13T16:12:59+00:00","dateModified":"2026-01-14T17:06:42+00:00","breadcrumb":{"@id":"https:\/\/mekulo.com\/se\/produkt\/interaktiv-foderautomat-for-hundpussel\/#breadcrumb"},"inLanguage":"sv-SE","potentialAction":[{"@type":"ReadAction","target":["https:\/\/mekulo.com\/se\/produkt\/interaktiv-foderautomat-for-hundpussel\/"]}]},{"@type":"ImageObject","inLanguage":"sv-SE","@id":"https:\/\/mekulo.com\/se\/produkt\/interaktiv-foderautomat-for-hundpussel\/#primaryimage","url":"https:\/\/mekulo.com\/se\/wp-content\/uploads\/sites\/11\/2026\/01\/9ktzppd-1.jpg","contentUrl":"https:\/\/mekulo.com\/se\/wp-content\/uploads\/sites\/11\/2026\/01\/9ktzppd-1.jpg","width":800,"height":800},{"@type":"BreadcrumbList","@id":"https:\/\/mekulo.com\/se\/produkt\/interaktiv-foderautomat-for-hundpussel\/#breadcrumb","itemListElement":[{"@type":"ListItem","position":1,"name":"Home","item":"https:\/\/mekulo.com\/se\/"},{"@type":"ListItem","position":2,"name":"Butik","item":"https:\/\/mekulo.com\/se\/butik\/"},{"@type":"ListItem","position":3,"name":"Interaktiv foderautomat f\u00f6r hundpussel"}]},{"@type":"WebSite","@id":"https:\/\/mekulo.com\/se\/#website","url":"https:\/\/mekulo.com\/se\/","name":"Mekulo SE","description":"","publisher":{"@id":"https:\/\/mekulo.com\/se\/#organization"},"potentialAction":[{"@type":"SearchAction","target":{"@type":"EntryPoint","urlTemplate":"https:\/\/mekulo.com\/se\/?s={search_term_string}"},"query-input":{"@type":"PropertyValueSpecification","valueRequired":true,"valueName":"search_term_string"}}],"inLanguage":"sv-SE"},{"@type":"Organization","@id":"https:\/\/mekulo.com\/se\/#organization","name":"Mekulo","url":"https:\/\/mekulo.com\/se\/","logo":{"@type":"ImageObject","inLanguage":"sv-SE","@id":"https:\/\/mekulo.com\/se\/#\/schema\/logo\/image\/","url":"https:\/\/mekulo.com\/se\/wp-content\/uploads\/sites\/11\/2025\/12\/favicon_mekulo.png","contentUrl":"https:\/\/mekulo.com\/se\/wp-content\/uploads\/sites\/11\/2025\/12\/favicon_mekulo.png","width":50,"height":50,"caption":"Mekulo"},"image":{"@id":"https:\/\/mekulo.com\/se\/#\/schema\/logo\/image\/"}}]}},"_links":{"self":[{"href":"https:\/\/mekulo.com\/se\/wp-json\/wp\/v2\/product\/17011","targetHints":{"allow":["GET"]}}],"collection":[{"href":"https:\/\/mekulo.com\/se\/wp-json\/wp\/v2\/product"}],"about":[{"href":"https:\/\/mekulo.com\/se\/wp-json\/wp\/v2\/types\/product"}],"replies":[{"embeddable":true,"href":"https:\/\/mekulo.com\/se\/wp-json\/wp\/v2\/comments?post=17011"}],"wp:featuredmedia":[{"embeddable":true,"href":"https:\/\/mekulo.com\/se\/wp-json\/wp\/v2\/media\/17007"}],"wp:attachment":[{"href":"https:\/\/mekulo.com\/se\/wp-json\/wp\/v2\/media?parent=17011"}],"wp:term":[{"taxonomy":"product_brand","embeddable":true,"href":"https:\/\/mekulo.com\/se\/wp-json\/wp\/v2\/product_brand?post=17011"},{"taxonomy":"product_cat","embeddable":true,"href":"https:\/\/mekulo.com\/se\/wp-json\/wp\/v2\/product_cat?post=17011"},{"taxonomy":"product_tag","embeddable":true,"href":"https:\/\/mekulo.com\/se\/wp-json\/wp\/v2\/product_tag?post=17011"}],"curies":[{"name":"wp","href":"https:\/\/api.w.org\/{rel}","templated":true}]}}