{"id":16998,"date":"2026-01-13T18:09:17","date_gmt":"2026-01-13T16:09:17","guid":{"rendered":"https:\/\/mekulo.com\/se\/produkt\/dubbelsidigt-verktyg-for-bultmatning-4-st\/"},"modified":"2026-01-14T19:04:46","modified_gmt":"2026-01-14T17:04:46","slug":"dubbelsidigt-verktyg-for-bultmatning-4-st","status":"publish","type":"product","link":"https:\/\/mekulo.com\/se\/produkt\/dubbelsidigt-verktyg-for-bultmatning-4-st\/","title":{"rendered":"Dubbelsidigt verktyg f\u00f6r bultm\u00e4tning (4 st)"},"content":{"rendered":"<p style=\"text-align: center;\" data-start=\"0\" data-end=\"64\"><strong data-start=\"0\" data-end=\"64\">M\u00e4t bultar och skruvar snabbt och exakt, varje g\u00e5ng.\u00a0 \ud83d\udee0\ufe0f<\/strong><\/p>\n<p data-start=\"0\" data-end=\"64\"><img fetchpriority=\"high\" decoding=\"async\" class=\"size-full wp-image-19014 aligncenter\" src=\"https:\/\/mekulo.com\/template\/wp-content\/uploads\/sites\/6\/2026\/01\/8_8473991f-5db2-4804-b13e-2486e06f2bb3.webp\" alt=\"\" width=\"713\" height=\"713\" \/><\/p>\n<h2 style=\"text-align: center;\" data-start=\"301\" data-end=\"321\">Huvudsakliga f\u00f6rdelar<\/h2>\n<p data-start=\"325\" data-end=\"403\">\ud83d\udccf Exakta m\u00e4tningar &#8211; Kontrollerar enkelt skruvdiameter och g\u00e4nglutning.<\/p>\n<p data-start=\"406\" data-end=\"481\">\ud83d\udd04 Dubbelsidig design &#8211; T\u00e4cker fler skruvspecifikationer i ett verktyg.<\/p>\n<p data-start=\"484\" data-end=\"562\">\ud83d\udee0\ufe0f H\u00e5llbart rostfritt st\u00e5l &#8211; Byggd f\u00f6r att h\u00e5lla med slitstarkt material.<\/p>\n<p data-start=\"565\" data-end=\"627\">\ud83c\udf92 Kompakt och b\u00e4rbar &#8211; L\u00e4tt att b\u00e4ra och f\u00f6rvara var som helst.<\/p>\n<p data-start=\"630\" data-end=\"705\">\ud83d\udc4d L\u00e4tt att anv\u00e4nda &#8211; Tydliga markeringar f\u00f6r snabb, nyb\u00f6rjarv\u00e4nlig m\u00e4tning.<\/p>\n<p data-start=\"630\" data-end=\"705\"><img decoding=\"async\" class=\"size-full wp-image-19015 aligncenter\" src=\"https:\/\/mekulo.com\/template\/wp-content\/uploads\/sites\/6\/2026\/01\/S6e4c4204717c411ba520bcfce576cf17e.jpg_960x960q75.jpg_.avif\" alt=\"\" width=\"960\" height=\"960\" \/><\/p>\n<h2 style=\"text-align: center;\" data-start=\"712\" data-end=\"729\"><strong>Hur Man Anv\u00e4nder<\/strong><\/h2>\n<ol data-start=\"731\" data-end=\"969\">\n<li data-start=\"731\" data-end=\"797\">\n<p data-start=\"734\" data-end=\"797\">Placera skruven eller bulten i de matchande sp\u00e5ren p\u00e5 m\u00e4taren.<\/p>\n<\/li>\n<li data-start=\"798\" data-end=\"845\">\n<p data-start=\"801\" data-end=\"845\">Rikta in g\u00e4ngorna med stigningsmarkeringarna.<\/p>\n<\/li>\n<li data-start=\"846\" data-end=\"900\">\n<p data-start=\"849\" data-end=\"900\">Kontrollera b\u00e5da sidor f\u00f6r att bekr\u00e4fta storlek och g\u00e4ngtyp.<\/p>\n<\/li>\n<li data-start=\"901\" data-end=\"969\">\n<p data-start=\"904\" data-end=\"969\">Anv\u00e4nd m\u00e4tningen f\u00f6r att v\u00e4lja r\u00e4tt ers\u00e4ttningsf\u00e4stelement.<\/p>\n<\/li>\n<\/ol>\n<h2 style=\"text-align: center;\" data-start=\"976\" data-end=\"998\"><strong>Produktdetaljer<\/strong><\/h2>\n<ul data-start=\"1000\" data-end=\"1247\">\n<li data-start=\"1087\" data-end=\"1116\">\n<p data-start=\"1089\" data-end=\"1116\">Material: Rostfritt st\u00e5l<\/p>\n<\/li>\n<li data-start=\"1137\" data-end=\"1179\">\n<p data-start=\"1139\" data-end=\"1179\">Storlek: 5 x 10 cm<\/p>\n<\/li>\n<li data-start=\"1180\" data-end=\"1225\">\n<p data-start=\"1182\" data-end=\"1225\">Design: Dubbelsidig, multispecifikation<\/p>\n<\/li>\n<\/ul>\n<h2 style=\"text-align: center;\" data-start=\"1254\" data-end=\"1277\"><strong>Paketet inneh\u00e5ller<\/strong><\/h2>\n<ul data-start=\"1279\" data-end=\"1315\">\n<li data-start=\"1279\" data-end=\"1315\">\n<p data-start=\"1281\" data-end=\"1315\">4x dubbelsidiga bultm\u00e4tare verktyg.<\/p>\n<\/li>\n<\/ul>\n","protected":false},"excerpt":{"rendered":"<p>\ud83d\udcd0Den h\u00e4r dubbelsidiga bultm\u00e4taren hj\u00e4lper dig att identifiera skruvstorlekar, g\u00e4ngstigning och tandavst\u00e5nd p\u00e5 n\u00e5gra sekunder.<br \/>\n\ud83e\ude9bDen kompakta designen i rostfritt st\u00e5l g\u00f6r den perfekt f\u00f6r reparationer, verkst\u00e4der och jobb p\u00e5 spr\u00e5ng d\u00e4r precision \u00e4r viktigt.<br \/>\n\u2699\ufe0fA enkelt, tillf\u00f6rlitligt m\u00e4tverktyg som sparar tid och s\u00e4kerst\u00e4ller perfekt passform f\u00f6r varje reparationsjobb.<\/p>\n","protected":false},"featured_media":16994,"comment_status":"open","ping_status":"closed","template":"","meta":{"site-sidebar-layout":"default","site-content-layout":"","ast-site-content-layout":"default","site-content-style":"default","site-sidebar-style":"default","ast-global-header-display":"","ast-banner-title-visibility":"","ast-main-header-display":"","ast-hfb-above-header-display":"","ast-hfb-below-header-display":"","ast-hfb-mobile-header-display":"","site-post-title":"","ast-breadcrumbs-content":"","ast-featured-img":"","footer-sml-layout":"","theme-transparent-header-meta":"default","adv-header-id-meta":"","stick-header-meta":"","header-above-stick-meta":"","header-main-stick-meta":"","header-below-stick-meta":"","astra-migrate-meta-layouts":"set","ast-page-background-enabled":"default","ast-page-background-meta":{"desktop":{"background-color":"var(--ast-global-color-5)","background-image":"","background-repeat":"repeat","background-position":"center center","background-size":"auto","background-attachment":"scroll","background-type":"","background-media":"","overlay-type":"","overlay-color":"","overlay-opacity":"","overlay-gradient":""},"tablet":{"background-color":"","background-image":"","background-repeat":"repeat","background-position":"center center","background-size":"auto","background-attachment":"scroll","background-type":"","background-media":"","overlay-type":"","overlay-color":"","overlay-opacity":"","overlay-gradient":""},"mobile":{"background-color":"","background-image":"","background-repeat":"repeat","background-position":"center center","background-size":"auto","background-attachment":"scroll","background-type":"","background-media":"","overlay-type":"","overlay-color":"","overlay-opacity":"","overlay-gradient":""}},"ast-content-background-meta":{"desktop":{"background-color":"var(--ast-global-color-4)","background-image":"","background-repeat":"repeat","background-position":"center center","background-size":"auto","background-attachment":"scroll","background-type":"","background-media":"","overlay-type":"","overlay-color":"","overlay-opacity":"","overlay-gradient":""},"tablet":{"background-color":"var(--ast-global-color-4)","background-image":"","background-repeat":"repeat","background-position":"center center","background-size":"auto","background-attachment":"scroll","background-type":"","background-media":"","overlay-type":"","overlay-color":"","overlay-opacity":"","overlay-gradient":""},"mobile":{"background-color":"var(--ast-global-color-4)","background-image":"","background-repeat":"repeat","background-position":"center center","background-size":"auto","background-attachment":"scroll","background-type":"","background-media":"","overlay-type":"","overlay-color":"","overlay-opacity":"","overlay-gradient":""}}},"product_brand":[],"product_cat":[171],"product_tag":[],"class_list":{"0":"post-16998","1":"product","2":"type-product","3":"status-publish","4":"has-post-thumbnail","6":"product_cat-verktyg","7":"desktop-align-left","8":"tablet-align-left","9":"mobile-align-left","11":"first","12":"instock","13":"shipping-taxable","14":"purchasable","15":"product-type-simple"},"yoast_head":"<!-- This site is optimized with the Yoast SEO plugin v26.6 - https:\/\/yoast.com\/wordpress\/plugins\/seo\/ -->\n<title>Dubbelsidigt verktyg f\u00f6r bultm\u00e4tning (4 st) - Mekulo SE<\/title>\n<meta name=\"robots\" content=\"index, follow, max-snippet:-1, max-image-preview:large, max-video-preview:-1\" \/>\n<link rel=\"canonical\" href=\"https:\/\/mekulo.com\/se\/produkt\/dubbelsidigt-verktyg-for-bultmatning-4-st\/\" \/>\n<meta property=\"og:locale\" content=\"en_US\" \/>\n<meta property=\"og:type\" content=\"article\" \/>\n<meta property=\"og:title\" content=\"Dubbelsidigt verktyg f\u00f6r bultm\u00e4tning (4 st) - Mekulo SE\" \/>\n<meta property=\"og:description\" content=\"\ud83d\udcd0Den h\u00e4r dubbelsidiga bultm\u00e4taren hj\u00e4lper dig att identifiera skruvstorlekar, g\u00e4ngstigning och tandavst\u00e5nd p\u00e5 n\u00e5gra sekunder. \ud83e\ude9bDen kompakta designen i rostfritt st\u00e5l g\u00f6r den perfekt f\u00f6r reparationer, verkst\u00e4der och jobb p\u00e5 spr\u00e5ng d\u00e4r precision \u00e4r viktigt. \u2699\ufe0fA enkelt, tillf\u00f6rlitligt m\u00e4tverktyg som sparar tid och s\u00e4kerst\u00e4ller perfekt passform f\u00f6r varje reparationsjobb.\" \/>\n<meta property=\"og:url\" content=\"https:\/\/mekulo.com\/se\/produkt\/dubbelsidigt-verktyg-for-bultmatning-4-st\/\" \/>\n<meta property=\"og:site_name\" content=\"Mekulo SE\" \/>\n<meta property=\"article:modified_time\" content=\"2026-01-14T17:04:46+00:00\" \/>\n<meta property=\"og:image\" content=\"https:\/\/mekulo.com\/se\/wp-content\/uploads\/sites\/11\/2026\/01\/6esbonq-1.jpg\" \/>\n\t<meta property=\"og:image:width\" content=\"1080\" \/>\n\t<meta property=\"og:image:height\" content=\"1080\" \/>\n\t<meta property=\"og:image:type\" content=\"image\/jpeg\" \/>\n<meta name=\"twitter:card\" content=\"summary_large_image\" \/>\n<meta name=\"twitter:label1\" content=\"Est. reading time\" \/>\n\t<meta name=\"twitter:data1\" content=\"2 minutes\" \/>\n<script type=\"application\/ld+json\" class=\"yoast-schema-graph\">{\"@context\":\"https:\/\/schema.org\",\"@graph\":[{\"@type\":\"WebPage\",\"@id\":\"https:\/\/mekulo.com\/se\/produkt\/dubbelsidigt-verktyg-for-bultmatning-4-st\/\",\"url\":\"https:\/\/mekulo.com\/se\/produkt\/dubbelsidigt-verktyg-for-bultmatning-4-st\/\",\"name\":\"Dubbelsidigt verktyg f\u00f6r bultm\u00e4tning (4 st) - Mekulo SE\",\"isPartOf\":{\"@id\":\"https:\/\/mekulo.com\/se\/#website\"},\"primaryImageOfPage\":{\"@id\":\"https:\/\/mekulo.com\/se\/produkt\/dubbelsidigt-verktyg-for-bultmatning-4-st\/#primaryimage\"},\"image\":{\"@id\":\"https:\/\/mekulo.com\/se\/produkt\/dubbelsidigt-verktyg-for-bultmatning-4-st\/#primaryimage\"},\"thumbnailUrl\":\"https:\/\/mekulo.com\/se\/wp-content\/uploads\/sites\/11\/2026\/01\/6esbonq-1.jpg\",\"datePublished\":\"2026-01-13T16:09:17+00:00\",\"dateModified\":\"2026-01-14T17:04:46+00:00\",\"breadcrumb\":{\"@id\":\"https:\/\/mekulo.com\/se\/produkt\/dubbelsidigt-verktyg-for-bultmatning-4-st\/#breadcrumb\"},\"inLanguage\":\"en-US\",\"potentialAction\":[{\"@type\":\"ReadAction\",\"target\":[\"https:\/\/mekulo.com\/se\/produkt\/dubbelsidigt-verktyg-for-bultmatning-4-st\/\"]}]},{\"@type\":\"ImageObject\",\"inLanguage\":\"en-US\",\"@id\":\"https:\/\/mekulo.com\/se\/produkt\/dubbelsidigt-verktyg-for-bultmatning-4-st\/#primaryimage\",\"url\":\"https:\/\/mekulo.com\/se\/wp-content\/uploads\/sites\/11\/2026\/01\/6esbonq-1.jpg\",\"contentUrl\":\"https:\/\/mekulo.com\/se\/wp-content\/uploads\/sites\/11\/2026\/01\/6esbonq-1.jpg\",\"width\":1080,\"height\":1080},{\"@type\":\"BreadcrumbList\",\"@id\":\"https:\/\/mekulo.com\/se\/produkt\/dubbelsidigt-verktyg-for-bultmatning-4-st\/#breadcrumb\",\"itemListElement\":[{\"@type\":\"ListItem\",\"position\":1,\"name\":\"Home\",\"item\":\"https:\/\/mekulo.com\/se\/\"},{\"@type\":\"ListItem\",\"position\":2,\"name\":\"Butik\",\"item\":\"https:\/\/mekulo.com\/se\/butik\/\"},{\"@type\":\"ListItem\",\"position\":3,\"name\":\"Dubbelsidigt verktyg f\u00f6r bultm\u00e4tning (4 st)\"}]},{\"@type\":\"WebSite\",\"@id\":\"https:\/\/mekulo.com\/se\/#website\",\"url\":\"https:\/\/mekulo.com\/se\/\",\"name\":\"Mekulo SE\",\"description\":\"\",\"publisher\":{\"@id\":\"https:\/\/mekulo.com\/se\/#organization\"},\"potentialAction\":[{\"@type\":\"SearchAction\",\"target\":{\"@type\":\"EntryPoint\",\"urlTemplate\":\"https:\/\/mekulo.com\/se\/?s={search_term_string}\"},\"query-input\":{\"@type\":\"PropertyValueSpecification\",\"valueRequired\":true,\"valueName\":\"search_term_string\"}}],\"inLanguage\":\"en-US\"},{\"@type\":\"Organization\",\"@id\":\"https:\/\/mekulo.com\/se\/#organization\",\"name\":\"Mekulo\",\"url\":\"https:\/\/mekulo.com\/se\/\",\"logo\":{\"@type\":\"ImageObject\",\"inLanguage\":\"en-US\",\"@id\":\"https:\/\/mekulo.com\/se\/#\/schema\/logo\/image\/\",\"url\":\"https:\/\/mekulo.com\/se\/wp-content\/uploads\/sites\/11\/2025\/12\/favicon_mekulo.png\",\"contentUrl\":\"https:\/\/mekulo.com\/se\/wp-content\/uploads\/sites\/11\/2025\/12\/favicon_mekulo.png\",\"width\":50,\"height\":50,\"caption\":\"Mekulo\"},\"image\":{\"@id\":\"https:\/\/mekulo.com\/se\/#\/schema\/logo\/image\/\"}}]}<\/script>\n<!-- \/ Yoast SEO plugin. -->","yoast_head_json":{"title":"Dubbelsidigt verktyg f\u00f6r bultm\u00e4tning (4 st) - Mekulo SE","robots":{"index":"index","follow":"follow","max-snippet":"max-snippet:-1","max-image-preview":"max-image-preview:large","max-video-preview":"max-video-preview:-1"},"canonical":"https:\/\/mekulo.com\/se\/produkt\/dubbelsidigt-verktyg-for-bultmatning-4-st\/","og_locale":"en_US","og_type":"article","og_title":"Dubbelsidigt verktyg f\u00f6r bultm\u00e4tning (4 st) - Mekulo SE","og_description":"\ud83d\udcd0Den h\u00e4r dubbelsidiga bultm\u00e4taren hj\u00e4lper dig att identifiera skruvstorlekar, g\u00e4ngstigning och tandavst\u00e5nd p\u00e5 n\u00e5gra sekunder. \ud83e\ude9bDen kompakta designen i rostfritt st\u00e5l g\u00f6r den perfekt f\u00f6r reparationer, verkst\u00e4der och jobb p\u00e5 spr\u00e5ng d\u00e4r precision \u00e4r viktigt. \u2699\ufe0fA enkelt, tillf\u00f6rlitligt m\u00e4tverktyg som sparar tid och s\u00e4kerst\u00e4ller perfekt passform f\u00f6r varje reparationsjobb.","og_url":"https:\/\/mekulo.com\/se\/produkt\/dubbelsidigt-verktyg-for-bultmatning-4-st\/","og_site_name":"Mekulo SE","article_modified_time":"2026-01-14T17:04:46+00:00","og_image":[{"width":1080,"height":1080,"url":"https:\/\/mekulo.com\/se\/wp-content\/uploads\/sites\/11\/2026\/01\/6esbonq-1.jpg","type":"image\/jpeg"}],"twitter_card":"summary_large_image","twitter_misc":{"Est. reading time":"2 minutes"},"schema":{"@context":"https:\/\/schema.org","@graph":[{"@type":"WebPage","@id":"https:\/\/mekulo.com\/se\/produkt\/dubbelsidigt-verktyg-for-bultmatning-4-st\/","url":"https:\/\/mekulo.com\/se\/produkt\/dubbelsidigt-verktyg-for-bultmatning-4-st\/","name":"Dubbelsidigt verktyg f\u00f6r bultm\u00e4tning (4 st) - Mekulo SE","isPartOf":{"@id":"https:\/\/mekulo.com\/se\/#website"},"primaryImageOfPage":{"@id":"https:\/\/mekulo.com\/se\/produkt\/dubbelsidigt-verktyg-for-bultmatning-4-st\/#primaryimage"},"image":{"@id":"https:\/\/mekulo.com\/se\/produkt\/dubbelsidigt-verktyg-for-bultmatning-4-st\/#primaryimage"},"thumbnailUrl":"https:\/\/mekulo.com\/se\/wp-content\/uploads\/sites\/11\/2026\/01\/6esbonq-1.jpg","datePublished":"2026-01-13T16:09:17+00:00","dateModified":"2026-01-14T17:04:46+00:00","breadcrumb":{"@id":"https:\/\/mekulo.com\/se\/produkt\/dubbelsidigt-verktyg-for-bultmatning-4-st\/#breadcrumb"},"inLanguage":"en-US","potentialAction":[{"@type":"ReadAction","target":["https:\/\/mekulo.com\/se\/produkt\/dubbelsidigt-verktyg-for-bultmatning-4-st\/"]}]},{"@type":"ImageObject","inLanguage":"en-US","@id":"https:\/\/mekulo.com\/se\/produkt\/dubbelsidigt-verktyg-for-bultmatning-4-st\/#primaryimage","url":"https:\/\/mekulo.com\/se\/wp-content\/uploads\/sites\/11\/2026\/01\/6esbonq-1.jpg","contentUrl":"https:\/\/mekulo.com\/se\/wp-content\/uploads\/sites\/11\/2026\/01\/6esbonq-1.jpg","width":1080,"height":1080},{"@type":"BreadcrumbList","@id":"https:\/\/mekulo.com\/se\/produkt\/dubbelsidigt-verktyg-for-bultmatning-4-st\/#breadcrumb","itemListElement":[{"@type":"ListItem","position":1,"name":"Home","item":"https:\/\/mekulo.com\/se\/"},{"@type":"ListItem","position":2,"name":"Butik","item":"https:\/\/mekulo.com\/se\/butik\/"},{"@type":"ListItem","position":3,"name":"Dubbelsidigt verktyg f\u00f6r bultm\u00e4tning (4 st)"}]},{"@type":"WebSite","@id":"https:\/\/mekulo.com\/se\/#website","url":"https:\/\/mekulo.com\/se\/","name":"Mekulo SE","description":"","publisher":{"@id":"https:\/\/mekulo.com\/se\/#organization"},"potentialAction":[{"@type":"SearchAction","target":{"@type":"EntryPoint","urlTemplate":"https:\/\/mekulo.com\/se\/?s={search_term_string}"},"query-input":{"@type":"PropertyValueSpecification","valueRequired":true,"valueName":"search_term_string"}}],"inLanguage":"en-US"},{"@type":"Organization","@id":"https:\/\/mekulo.com\/se\/#organization","name":"Mekulo","url":"https:\/\/mekulo.com\/se\/","logo":{"@type":"ImageObject","inLanguage":"en-US","@id":"https:\/\/mekulo.com\/se\/#\/schema\/logo\/image\/","url":"https:\/\/mekulo.com\/se\/wp-content\/uploads\/sites\/11\/2025\/12\/favicon_mekulo.png","contentUrl":"https:\/\/mekulo.com\/se\/wp-content\/uploads\/sites\/11\/2025\/12\/favicon_mekulo.png","width":50,"height":50,"caption":"Mekulo"},"image":{"@id":"https:\/\/mekulo.com\/se\/#\/schema\/logo\/image\/"}}]}},"_links":{"self":[{"href":"https:\/\/mekulo.com\/se\/wp-json\/wp\/v2\/product\/16998","targetHints":{"allow":["GET"]}}],"collection":[{"href":"https:\/\/mekulo.com\/se\/wp-json\/wp\/v2\/product"}],"about":[{"href":"https:\/\/mekulo.com\/se\/wp-json\/wp\/v2\/types\/product"}],"replies":[{"embeddable":true,"href":"https:\/\/mekulo.com\/se\/wp-json\/wp\/v2\/comments?post=16998"}],"wp:featuredmedia":[{"embeddable":true,"href":"https:\/\/mekulo.com\/se\/wp-json\/wp\/v2\/media\/16994"}],"wp:attachment":[{"href":"https:\/\/mekulo.com\/se\/wp-json\/wp\/v2\/media?parent=16998"}],"wp:term":[{"taxonomy":"product_brand","embeddable":true,"href":"https:\/\/mekulo.com\/se\/wp-json\/wp\/v2\/product_brand?post=16998"},{"taxonomy":"product_cat","embeddable":true,"href":"https:\/\/mekulo.com\/se\/wp-json\/wp\/v2\/product_cat?post=16998"},{"taxonomy":"product_tag","embeddable":true,"href":"https:\/\/mekulo.com\/se\/wp-json\/wp\/v2\/product_tag?post=16998"}],"curies":[{"name":"wp","href":"https:\/\/api.w.org\/{rel}","templated":true}]}}