{"id":16981,"date":"2026-01-13T18:06:22","date_gmt":"2026-01-13T16:06:22","guid":{"rendered":"https:\/\/mekulo.com\/se\/produkt\/formbar-kudde-som-andas\/"},"modified":"2026-01-14T19:03:06","modified_gmt":"2026-01-14T17:03:06","slug":"formbar-kudde-som-andas","status":"publish","type":"product","link":"https:\/\/mekulo.com\/se\/produkt\/formbar-kudde-som-andas\/","title":{"rendered":"Formbar kudde som andas"},"content":{"rendered":"<p style=\"text-align: center;\" data-start=\"0\" data-end=\"88\"><strong data-start=\"0\" data-end=\"88\">St\u00f6djer en sund huvud- och nackformning samtidigt som ditt barn h\u00e5lls svalt och bekv\u00e4mt. \ud83d\udc76<\/strong><\/p>\n<p data-start=\"0\" data-end=\"88\"><img fetchpriority=\"high\" decoding=\"async\" class=\"size-full wp-image-18991 aligncenter\" src=\"https:\/\/mekulo.com\/template\/wp-content\/uploads\/sites\/6\/2026\/01\/S4eff28455dbd48ebb0e693f4bf24e87bP.jpg_960x960q75.jpg_.avif\" alt=\"\" width=\"960\" height=\"960\" \/><\/p>\n<h2 style=\"text-align: center;\" data-start=\"334\" data-end=\"354\">Huvudsakliga f\u00f6rdelar<\/h2>\n<p data-start=\"358\" data-end=\"441\">\ud83d\udc76 Huvudformande st\u00f6d &#8211; Hj\u00e4lper till att balansera trycket f\u00f6r naturlig huvudutveckling.<\/p>\n<p data-start=\"444\" data-end=\"518\">\ud83c\udf2c\ufe0f Andas &amp; sval &#8211; Fr\u00e4mjar luftfl\u00f6det f\u00f6r att minska v\u00e4rme och svettning.<\/p>\n<p data-start=\"521\" data-end=\"602\">\ud83e\udde0 Minnesskum-k\u00e4rna &#8211; Ger mjukt men stabilt st\u00f6d som h\u00e5ller formen.<\/p>\n<p data-start=\"605\" data-end=\"675\">\ud83e\uddfc L\u00e4tt att reng\u00f6ra &#8211; Avtagbart \u00f6verdrag med dragkedja f\u00f6r snabb tv\u00e4tt.<\/p>\n<p data-start=\"678\" data-end=\"762\">\ud83d\udebc V\u00e4xer med ditt barn &#8211; Justerbara lager f\u00f6r olika stadier och positioner.<\/p>\n<p data-start=\"678\" data-end=\"762\"><img decoding=\"async\" class=\"size-full wp-image-18989 aligncenter\" src=\"https:\/\/mekulo.com\/template\/wp-content\/uploads\/sites\/6\/2026\/01\/spp_20250629212105_bf2c0eab62d79b335baefd2dcbc3e3c4_40dc014e-cae9-4375-86b0-3566f0a61489.jpg\" alt=\"\" width=\"1080\" height=\"1080\" \/><\/p>\n<h2 style=\"text-align: center;\" data-start=\"769\" data-end=\"787\"><strong>Hur Man Anv\u00e4nder<\/strong><\/h2>\n<ol data-start=\"789\" data-end=\"1048\">\n<li data-start=\"789\" data-end=\"858\">\n<p data-start=\"792\" data-end=\"858\">Placera kudden i en spj\u00e4ls\u00e4ng, barnvagn, bilbarnstol eller matplats.<\/p>\n<\/li>\n<li data-start=\"859\" data-end=\"920\">\n<p data-start=\"862\" data-end=\"920\">L\u00e4gg ditt barns huvud f\u00f6rsiktigt i mitten av kudden.<\/p>\n<\/li>\n<li data-start=\"921\" data-end=\"992\">\n<p data-start=\"924\" data-end=\"992\">Justera fyllningslagren om det beh\u00f6vs f\u00f6r r\u00e4tt h\u00f6jd och st\u00f6d.<\/p>\n<\/li>\n<li data-start=\"993\" data-end=\"1048\">\n<p data-start=\"996\" data-end=\"1048\">Ta bort och tv\u00e4tta \u00f6verdraget n\u00e4r reng\u00f6ring beh\u00f6vs.<\/p>\n<\/li>\n<\/ol>\n<h2 style=\"text-align: center;\" data-start=\"1055\" data-end=\"1077\"><strong>Produktdetaljer<\/strong><\/h2>\n<ul data-start=\"1079\" data-end=\"1390\">\n<li data-start=\"1123\" data-end=\"1157\">\n<p data-start=\"1125\" data-end=\"1157\">Material: Tyg + minneskum<\/p>\n<\/li>\n<li data-start=\"1158\" data-end=\"1215\">\n<p data-start=\"1160\" data-end=\"1215\">Storlek: 36 x 19 x 7 cm<\/p>\n<\/li>\n<li data-start=\"1216\" data-end=\"1233\">\n<p data-start=\"1218\" data-end=\"1233\">Vikt: 213 g<\/p>\n<\/li>\n<li data-start=\"1272\" data-end=\"1323\">\n<p data-start=\"1274\" data-end=\"1323\">Design: Andningsbart, justerbart, avtagbart \u00f6verdrag<\/p>\n<\/li>\n<li data-start=\"1324\" data-end=\"1390\">\n<p data-start=\"1326\" data-end=\"1390\">L\u00e4mplig f\u00f6r: S\u00f6mn, amning, barnvagn, bilbarnstol, resa<\/p>\n<\/li>\n<\/ul>\n<h2 style=\"text-align: center;\" data-start=\"1397\" data-end=\"1420\"><strong>F\u00f6rpackningen inneh\u00e5ller<\/strong><\/h2>\n<ul data-start=\"1422\" data-end=\"1455\">\n<li data-start=\"1422\" data-end=\"1455\">\n<p data-start=\"1424\" data-end=\"1455\">1x andningsbar formkudde.<\/p>\n<\/li>\n<\/ul>\n","protected":false},"excerpt":{"rendered":"<p>\ud83d\udc76Den h\u00e4r andningsbara formkudden \u00e4r utformad f\u00f6r att f\u00f6rsiktigt st\u00f6dja ditt barns huvud under s\u00f6mn, matning och resor.<br \/>\n\ud83d\udebcDe andningsbara materialen och det balanserade st\u00f6det hj\u00e4lper till att minska tryckpunkter samtidigt som ditt barn har det bekv\u00e4mt under alla \u00e5rstider.<br \/>\n\ud83e\udd31En skonsam, andningsbar kudde utformad f\u00f6r att st\u00f6dja en sund utveckling och fridfull vila f\u00f6r ditt barn.<\/p>\n","protected":false},"featured_media":16977,"comment_status":"open","ping_status":"closed","template":"","meta":{"site-sidebar-layout":"default","site-content-layout":"","ast-site-content-layout":"default","site-content-style":"default","site-sidebar-style":"default","ast-global-header-display":"","ast-banner-title-visibility":"","ast-main-header-display":"","ast-hfb-above-header-display":"","ast-hfb-below-header-display":"","ast-hfb-mobile-header-display":"","site-post-title":"","ast-breadcrumbs-content":"","ast-featured-img":"","footer-sml-layout":"","theme-transparent-header-meta":"default","adv-header-id-meta":"","stick-header-meta":"","header-above-stick-meta":"","header-main-stick-meta":"","header-below-stick-meta":"","astra-migrate-meta-layouts":"set","ast-page-background-enabled":"default","ast-page-background-meta":{"desktop":{"background-color":"var(--ast-global-color-5)","background-image":"","background-repeat":"repeat","background-position":"center center","background-size":"auto","background-attachment":"scroll","background-type":"","background-media":"","overlay-type":"","overlay-color":"","overlay-opacity":"","overlay-gradient":""},"tablet":{"background-color":"","background-image":"","background-repeat":"repeat","background-position":"center center","background-size":"auto","background-attachment":"scroll","background-type":"","background-media":"","overlay-type":"","overlay-color":"","overlay-opacity":"","overlay-gradient":""},"mobile":{"background-color":"","background-image":"","background-repeat":"repeat","background-position":"center center","background-size":"auto","background-attachment":"scroll","background-type":"","background-media":"","overlay-type":"","overlay-color":"","overlay-opacity":"","overlay-gradient":""}},"ast-content-background-meta":{"desktop":{"background-color":"var(--ast-global-color-4)","background-image":"","background-repeat":"repeat","background-position":"center center","background-size":"auto","background-attachment":"scroll","background-type":"","background-media":"","overlay-type":"","overlay-color":"","overlay-opacity":"","overlay-gradient":""},"tablet":{"background-color":"var(--ast-global-color-4)","background-image":"","background-repeat":"repeat","background-position":"center center","background-size":"auto","background-attachment":"scroll","background-type":"","background-media":"","overlay-type":"","overlay-color":"","overlay-opacity":"","overlay-gradient":""},"mobile":{"background-color":"var(--ast-global-color-4)","background-image":"","background-repeat":"repeat","background-position":"center center","background-size":"auto","background-attachment":"scroll","background-type":"","background-media":"","overlay-type":"","overlay-color":"","overlay-opacity":"","overlay-gradient":""}}},"product_brand":[],"product_cat":[172],"product_tag":[],"class_list":{"0":"post-16981","1":"product","2":"type-product","3":"status-publish","4":"has-post-thumbnail","6":"product_cat-leksaker-barn-och-babyprodukter","7":"pa_66805_phj7e7gu-bla","8":"pa_66805_phj7e7gu-gul","9":"pa_66805_phj7e7gu-rosa","10":"desktop-align-left","11":"tablet-align-left","12":"mobile-align-left","14":"first","15":"instock","16":"shipping-taxable","17":"purchasable","18":"product-type-variable"},"yoast_head":"<!-- This site is optimized with the Yoast SEO plugin v26.6 - https:\/\/yoast.com\/wordpress\/plugins\/seo\/ -->\n<title>Formbar kudde som andas - Mekulo SE<\/title>\n<meta name=\"robots\" content=\"index, follow, max-snippet:-1, max-image-preview:large, max-video-preview:-1\" \/>\n<link rel=\"canonical\" href=\"https:\/\/mekulo.com\/se\/produkt\/formbar-kudde-som-andas\/\" \/>\n<meta property=\"og:locale\" content=\"sv_SE\" \/>\n<meta property=\"og:type\" content=\"article\" \/>\n<meta property=\"og:title\" content=\"Formbar kudde som andas - Mekulo SE\" \/>\n<meta property=\"og:description\" content=\"\ud83d\udc76Den h\u00e4r andningsbara formkudden \u00e4r utformad f\u00f6r att f\u00f6rsiktigt st\u00f6dja ditt barns huvud under s\u00f6mn, matning och resor. \ud83d\udebcDe andningsbara materialen och det balanserade st\u00f6det hj\u00e4lper till att minska tryckpunkter samtidigt som ditt barn har det bekv\u00e4mt under alla \u00e5rstider. \ud83e\udd31En skonsam, andningsbar kudde utformad f\u00f6r att st\u00f6dja en sund utveckling och fridfull vila f\u00f6r ditt barn.\" \/>\n<meta property=\"og:url\" content=\"https:\/\/mekulo.com\/se\/produkt\/formbar-kudde-som-andas\/\" \/>\n<meta property=\"og:site_name\" content=\"Mekulo SE\" \/>\n<meta property=\"article:modified_time\" content=\"2026-01-14T17:03:06+00:00\" \/>\n<meta property=\"og:image\" content=\"https:\/\/mekulo.com\/se\/wp-content\/uploads\/sites\/11\/2026\/01\/1lisakt-1.webp\" \/>\n\t<meta property=\"og:image:width\" content=\"713\" \/>\n\t<meta property=\"og:image:height\" content=\"713\" \/>\n\t<meta property=\"og:image:type\" content=\"image\/webp\" \/>\n<meta name=\"twitter:card\" content=\"summary_large_image\" \/>\n<meta name=\"twitter:label1\" content=\"Ber\u00e4knad l\u00e4stid\" \/>\n\t<meta name=\"twitter:data1\" content=\"2 minuter\" \/>\n<script type=\"application\/ld+json\" class=\"yoast-schema-graph\">{\"@context\":\"https:\/\/schema.org\",\"@graph\":[{\"@type\":\"WebPage\",\"@id\":\"https:\/\/mekulo.com\/se\/produkt\/formbar-kudde-som-andas\/\",\"url\":\"https:\/\/mekulo.com\/se\/produkt\/formbar-kudde-som-andas\/\",\"name\":\"Formbar kudde som andas - Mekulo SE\",\"isPartOf\":{\"@id\":\"https:\/\/mekulo.com\/se\/#website\"},\"primaryImageOfPage\":{\"@id\":\"https:\/\/mekulo.com\/se\/produkt\/formbar-kudde-som-andas\/#primaryimage\"},\"image\":{\"@id\":\"https:\/\/mekulo.com\/se\/produkt\/formbar-kudde-som-andas\/#primaryimage\"},\"thumbnailUrl\":\"https:\/\/mekulo.com\/se\/wp-content\/uploads\/sites\/11\/2026\/01\/1lisakt-1.webp\",\"datePublished\":\"2026-01-13T16:06:22+00:00\",\"dateModified\":\"2026-01-14T17:03:06+00:00\",\"breadcrumb\":{\"@id\":\"https:\/\/mekulo.com\/se\/produkt\/formbar-kudde-som-andas\/#breadcrumb\"},\"inLanguage\":\"sv-SE\",\"potentialAction\":[{\"@type\":\"ReadAction\",\"target\":[\"https:\/\/mekulo.com\/se\/produkt\/formbar-kudde-som-andas\/\"]}]},{\"@type\":\"ImageObject\",\"inLanguage\":\"sv-SE\",\"@id\":\"https:\/\/mekulo.com\/se\/produkt\/formbar-kudde-som-andas\/#primaryimage\",\"url\":\"https:\/\/mekulo.com\/se\/wp-content\/uploads\/sites\/11\/2026\/01\/1lisakt-1.webp\",\"contentUrl\":\"https:\/\/mekulo.com\/se\/wp-content\/uploads\/sites\/11\/2026\/01\/1lisakt-1.webp\",\"width\":713,\"height\":713},{\"@type\":\"BreadcrumbList\",\"@id\":\"https:\/\/mekulo.com\/se\/produkt\/formbar-kudde-som-andas\/#breadcrumb\",\"itemListElement\":[{\"@type\":\"ListItem\",\"position\":1,\"name\":\"Home\",\"item\":\"https:\/\/mekulo.com\/se\/\"},{\"@type\":\"ListItem\",\"position\":2,\"name\":\"Butik\",\"item\":\"https:\/\/mekulo.com\/se\/butik\/\"},{\"@type\":\"ListItem\",\"position\":3,\"name\":\"Formbar kudde som andas\"}]},{\"@type\":\"WebSite\",\"@id\":\"https:\/\/mekulo.com\/se\/#website\",\"url\":\"https:\/\/mekulo.com\/se\/\",\"name\":\"Mekulo SE\",\"description\":\"\",\"publisher\":{\"@id\":\"https:\/\/mekulo.com\/se\/#organization\"},\"potentialAction\":[{\"@type\":\"SearchAction\",\"target\":{\"@type\":\"EntryPoint\",\"urlTemplate\":\"https:\/\/mekulo.com\/se\/?s={search_term_string}\"},\"query-input\":{\"@type\":\"PropertyValueSpecification\",\"valueRequired\":true,\"valueName\":\"search_term_string\"}}],\"inLanguage\":\"sv-SE\"},{\"@type\":\"Organization\",\"@id\":\"https:\/\/mekulo.com\/se\/#organization\",\"name\":\"Mekulo\",\"url\":\"https:\/\/mekulo.com\/se\/\",\"logo\":{\"@type\":\"ImageObject\",\"inLanguage\":\"sv-SE\",\"@id\":\"https:\/\/mekulo.com\/se\/#\/schema\/logo\/image\/\",\"url\":\"https:\/\/mekulo.com\/se\/wp-content\/uploads\/sites\/11\/2025\/12\/favicon_mekulo.png\",\"contentUrl\":\"https:\/\/mekulo.com\/se\/wp-content\/uploads\/sites\/11\/2025\/12\/favicon_mekulo.png\",\"width\":50,\"height\":50,\"caption\":\"Mekulo\"},\"image\":{\"@id\":\"https:\/\/mekulo.com\/se\/#\/schema\/logo\/image\/\"}}]}<\/script>\n<!-- \/ Yoast SEO plugin. -->","yoast_head_json":{"title":"Formbar kudde som andas - Mekulo SE","robots":{"index":"index","follow":"follow","max-snippet":"max-snippet:-1","max-image-preview":"max-image-preview:large","max-video-preview":"max-video-preview:-1"},"canonical":"https:\/\/mekulo.com\/se\/produkt\/formbar-kudde-som-andas\/","og_locale":"sv_SE","og_type":"article","og_title":"Formbar kudde som andas - Mekulo SE","og_description":"\ud83d\udc76Den h\u00e4r andningsbara formkudden \u00e4r utformad f\u00f6r att f\u00f6rsiktigt st\u00f6dja ditt barns huvud under s\u00f6mn, matning och resor. \ud83d\udebcDe andningsbara materialen och det balanserade st\u00f6det hj\u00e4lper till att minska tryckpunkter samtidigt som ditt barn har det bekv\u00e4mt under alla \u00e5rstider. \ud83e\udd31En skonsam, andningsbar kudde utformad f\u00f6r att st\u00f6dja en sund utveckling och fridfull vila f\u00f6r ditt barn.","og_url":"https:\/\/mekulo.com\/se\/produkt\/formbar-kudde-som-andas\/","og_site_name":"Mekulo SE","article_modified_time":"2026-01-14T17:03:06+00:00","og_image":[{"width":713,"height":713,"url":"https:\/\/mekulo.com\/se\/wp-content\/uploads\/sites\/11\/2026\/01\/1lisakt-1.webp","type":"image\/webp"}],"twitter_card":"summary_large_image","twitter_misc":{"Ber\u00e4knad l\u00e4stid":"2 minuter"},"schema":{"@context":"https:\/\/schema.org","@graph":[{"@type":"WebPage","@id":"https:\/\/mekulo.com\/se\/produkt\/formbar-kudde-som-andas\/","url":"https:\/\/mekulo.com\/se\/produkt\/formbar-kudde-som-andas\/","name":"Formbar kudde som andas - Mekulo SE","isPartOf":{"@id":"https:\/\/mekulo.com\/se\/#website"},"primaryImageOfPage":{"@id":"https:\/\/mekulo.com\/se\/produkt\/formbar-kudde-som-andas\/#primaryimage"},"image":{"@id":"https:\/\/mekulo.com\/se\/produkt\/formbar-kudde-som-andas\/#primaryimage"},"thumbnailUrl":"https:\/\/mekulo.com\/se\/wp-content\/uploads\/sites\/11\/2026\/01\/1lisakt-1.webp","datePublished":"2026-01-13T16:06:22+00:00","dateModified":"2026-01-14T17:03:06+00:00","breadcrumb":{"@id":"https:\/\/mekulo.com\/se\/produkt\/formbar-kudde-som-andas\/#breadcrumb"},"inLanguage":"sv-SE","potentialAction":[{"@type":"ReadAction","target":["https:\/\/mekulo.com\/se\/produkt\/formbar-kudde-som-andas\/"]}]},{"@type":"ImageObject","inLanguage":"sv-SE","@id":"https:\/\/mekulo.com\/se\/produkt\/formbar-kudde-som-andas\/#primaryimage","url":"https:\/\/mekulo.com\/se\/wp-content\/uploads\/sites\/11\/2026\/01\/1lisakt-1.webp","contentUrl":"https:\/\/mekulo.com\/se\/wp-content\/uploads\/sites\/11\/2026\/01\/1lisakt-1.webp","width":713,"height":713},{"@type":"BreadcrumbList","@id":"https:\/\/mekulo.com\/se\/produkt\/formbar-kudde-som-andas\/#breadcrumb","itemListElement":[{"@type":"ListItem","position":1,"name":"Home","item":"https:\/\/mekulo.com\/se\/"},{"@type":"ListItem","position":2,"name":"Butik","item":"https:\/\/mekulo.com\/se\/butik\/"},{"@type":"ListItem","position":3,"name":"Formbar kudde som andas"}]},{"@type":"WebSite","@id":"https:\/\/mekulo.com\/se\/#website","url":"https:\/\/mekulo.com\/se\/","name":"Mekulo SE","description":"","publisher":{"@id":"https:\/\/mekulo.com\/se\/#organization"},"potentialAction":[{"@type":"SearchAction","target":{"@type":"EntryPoint","urlTemplate":"https:\/\/mekulo.com\/se\/?s={search_term_string}"},"query-input":{"@type":"PropertyValueSpecification","valueRequired":true,"valueName":"search_term_string"}}],"inLanguage":"sv-SE"},{"@type":"Organization","@id":"https:\/\/mekulo.com\/se\/#organization","name":"Mekulo","url":"https:\/\/mekulo.com\/se\/","logo":{"@type":"ImageObject","inLanguage":"sv-SE","@id":"https:\/\/mekulo.com\/se\/#\/schema\/logo\/image\/","url":"https:\/\/mekulo.com\/se\/wp-content\/uploads\/sites\/11\/2025\/12\/favicon_mekulo.png","contentUrl":"https:\/\/mekulo.com\/se\/wp-content\/uploads\/sites\/11\/2025\/12\/favicon_mekulo.png","width":50,"height":50,"caption":"Mekulo"},"image":{"@id":"https:\/\/mekulo.com\/se\/#\/schema\/logo\/image\/"}}]}},"_links":{"self":[{"href":"https:\/\/mekulo.com\/se\/wp-json\/wp\/v2\/product\/16981","targetHints":{"allow":["GET"]}}],"collection":[{"href":"https:\/\/mekulo.com\/se\/wp-json\/wp\/v2\/product"}],"about":[{"href":"https:\/\/mekulo.com\/se\/wp-json\/wp\/v2\/types\/product"}],"replies":[{"embeddable":true,"href":"https:\/\/mekulo.com\/se\/wp-json\/wp\/v2\/comments?post=16981"}],"wp:featuredmedia":[{"embeddable":true,"href":"https:\/\/mekulo.com\/se\/wp-json\/wp\/v2\/media\/16977"}],"wp:attachment":[{"href":"https:\/\/mekulo.com\/se\/wp-json\/wp\/v2\/media?parent=16981"}],"wp:term":[{"taxonomy":"product_brand","embeddable":true,"href":"https:\/\/mekulo.com\/se\/wp-json\/wp\/v2\/product_brand?post=16981"},{"taxonomy":"product_cat","embeddable":true,"href":"https:\/\/mekulo.com\/se\/wp-json\/wp\/v2\/product_cat?post=16981"},{"taxonomy":"product_tag","embeddable":true,"href":"https:\/\/mekulo.com\/se\/wp-json\/wp\/v2\/product_tag?post=16981"}],"curies":[{"name":"wp","href":"https:\/\/api.w.org\/{rel}","templated":true}]}}