{"id":16966,"date":"2026-01-13T18:04:56","date_gmt":"2026-01-13T16:04:56","guid":{"rendered":"https:\/\/mekulo.com\/se\/produkt\/5-hjuls-rullande-knabojande-kudde\/"},"modified":"2026-01-14T19:00:07","modified_gmt":"2026-01-14T17:00:07","slug":"5-hjuls-rullande-knabojande-kudde","status":"publish","type":"product","link":"https:\/\/mekulo.com\/se\/produkt\/5-hjuls-rullande-knabojande-kudde\/","title":{"rendered":"5-hjuls rullande kn\u00e4b\u00f6jande kudde"},"content":{"rendered":"<p style=\"text-align: center;\" data-start=\"0\" data-end=\"93\"><strong data-start=\"0\" data-end=\"93\">Skydda dina kn\u00e4n och r\u00f6r dig fritt n\u00e4r du arbetar med smidigt, enkelt rullst\u00f6d. \ud83d\udd27<\/strong><\/p>\n<p data-start=\"0\" data-end=\"93\"><img fetchpriority=\"high\" decoding=\"async\" class=\"size-full wp-image-18978 aligncenter\" src=\"https:\/\/mekulo.com\/template\/wp-content\/uploads\/sites\/6\/2026\/01\/S11aae0e01b9545a19483392c3ec4ac31i.jpeg_960x960q75.jpeg_.avif\" alt=\"\" width=\"960\" height=\"960\" \/><\/p>\n<h2 style=\"text-align: center;\" data-start=\"363\" data-end=\"384\">Huvudsakliga f\u00f6rdelar\ud83d\udee0\ufe0f<\/h2>\n<p data-start=\"388\" data-end=\"468\">\ud83d\udede 360\u00b0 rullande hjul &#8211; Fem sv\u00e4ngbara hjul r\u00f6r sig smidigt i alla riktningar.<\/p>\n<p data-start=\"471\" data-end=\"551\">\ud83e\uddb5 Kn\u00e4skyddskudde &#8211; Tjock stoppning minskar tryck och obehag.<\/p>\n<p data-start=\"554\" data-end=\"621\">\ud83e\uddf1 Stark PE-ram &#8211; St\u00f6tt\u00e5lig och byggd f\u00f6r tung anv\u00e4ndning.<\/p>\n<p data-start=\"624\" data-end=\"704\">\ud83d\udd27 Stabil arbetsposition &#8211; H\u00e5ll dig balanserad utan att krypa p\u00e5 h\u00e5rda golv.<\/p>\n<p data-start=\"707\" data-end=\"792\">\ud83c\udfe0 Perfekt f\u00f6r garage &amp; hemmabruk &#8211; Idealisk f\u00f6r reparationer, reng\u00f6ring och underh\u00e5ll.<\/p>\n<p data-start=\"707\" data-end=\"792\"><img decoding=\"async\" class=\"size-full wp-image-18975 aligncenter\" src=\"https:\/\/mekulo.com\/template\/wp-content\/uploads\/sites\/6\/2026\/01\/spp_20250701110634_6ff9b42ac50173c4ee06ecb1d95c7eb2.jpg\" alt=\"\" width=\"1080\" height=\"1080\" \/><\/p>\n<h2 style=\"text-align: center;\" data-start=\"799\" data-end=\"816\"><strong>Hur Man Anv\u00e4nder<\/strong> \ud83d\udd04<\/h2>\n<ol data-start=\"818\" data-end=\"1012\">\n<li data-start=\"818\" data-end=\"868\">\n<p data-start=\"821\" data-end=\"868\">Placera kn\u00e4b\u00f6jningsdynan p\u00e5 en plan yta.<\/p>\n<\/li>\n<li data-start=\"869\" data-end=\"911\">\n<p data-start=\"872\" data-end=\"911\">Kn\u00e4b\u00f6j bekv\u00e4mt p\u00e5 det vadderade omr\u00e5det.<\/p>\n<\/li>\n<li data-start=\"912\" data-end=\"961\">\n<p data-start=\"915\" data-end=\"961\">Tryck f\u00f6rsiktigt f\u00f6r att rulla till \u00f6nskad position.<\/p>\n<\/li>\n<li data-start=\"962\" data-end=\"1012\">\n<p data-start=\"965\" data-end=\"1012\">Glid mellan arbetsomr\u00e5den utan att st\u00e5 upp.<\/p>\n<\/li>\n<\/ol>\n<h2 style=\"text-align: center;\" data-start=\"1019\" data-end=\"1041\"><strong>Produktdetaljer<\/strong> \ud83d\udccf<\/h2>\n<ul data-start=\"1043\" data-end=\"1294\">\n<li data-start=\"1137\" data-end=\"1180\">\n<p data-start=\"1139\" data-end=\"1180\">Material: PE (slagt\u00e5lig plast)<\/p>\n<\/li>\n<li data-start=\"1181\" data-end=\"1216\">\n<p data-start=\"1183\" data-end=\"1216\">Hjuldesign: 5 roterande hjul<\/p>\n<\/li>\n<li data-start=\"1253\" data-end=\"1275\">\n<p data-start=\"1255\" data-end=\"1275\">F\u00e4ste: Universal<\/p>\n<\/li>\n<li data-start=\"1276\" data-end=\"1294\">\n<p data-start=\"1278\" data-end=\"1294\">Storlek: 50 x 37 x 25 cm<\/p>\n<\/li>\n<\/ul>\n<h2 style=\"text-align: center;\" data-start=\"1301\" data-end=\"1324\"><strong>Paketet inneh\u00e5ller<\/strong> \ud83d\udce6<\/h2>\n<ul data-start=\"1326\" data-end=\"1366\">\n<li data-start=\"1326\" data-end=\"1366\">\n<p data-start=\"1328\" data-end=\"1366\">1x 5-hjuls rullande kn\u00e4skydd.<\/p>\n<\/li>\n<\/ul>\n","protected":false},"excerpt":{"rendered":"<p>\ud83d\udefcMed den h\u00e4r 5-hjuliga rullande kn\u00e4kudden kan du enkelt glida \u00f6ver golv samtidigt som du h\u00e5ller dig bekv\u00e4m och skyddad.<br \/>\n\ud83e\uddb5Designade f\u00f6r reparationer, detaljarbete och underh\u00e5llsarbete minskar den belastningen p\u00e5 kn\u00e4na och sparar tid genom att l\u00e5ta dig r\u00f6ra dig smidigt fr\u00e5n en plats till en annan.<br \/>\n\ud83e\uddd1\u200d\ud83c\udfedA praktisk l\u00f6sning som skyddar dina kn\u00e4n, \u00f6kar r\u00f6rligheten och g\u00f6r varje reparationsjobb bekv\u00e4mare.<\/p>\n","protected":false},"featured_media":16962,"comment_status":"open","ping_status":"closed","template":"","meta":{"site-sidebar-layout":"default","site-content-layout":"","ast-site-content-layout":"default","site-content-style":"default","site-sidebar-style":"default","ast-global-header-display":"","ast-banner-title-visibility":"","ast-main-header-display":"","ast-hfb-above-header-display":"","ast-hfb-below-header-display":"","ast-hfb-mobile-header-display":"","site-post-title":"","ast-breadcrumbs-content":"","ast-featured-img":"","footer-sml-layout":"","theme-transparent-header-meta":"default","adv-header-id-meta":"","stick-header-meta":"","header-above-stick-meta":"","header-main-stick-meta":"","header-below-stick-meta":"","astra-migrate-meta-layouts":"set","ast-page-background-enabled":"default","ast-page-background-meta":{"desktop":{"background-color":"var(--ast-global-color-5)","background-image":"","background-repeat":"repeat","background-position":"center center","background-size":"auto","background-attachment":"scroll","background-type":"","background-media":"","overlay-type":"","overlay-color":"","overlay-opacity":"","overlay-gradient":""},"tablet":{"background-color":"","background-image":"","background-repeat":"repeat","background-position":"center center","background-size":"auto","background-attachment":"scroll","background-type":"","background-media":"","overlay-type":"","overlay-color":"","overlay-opacity":"","overlay-gradient":""},"mobile":{"background-color":"","background-image":"","background-repeat":"repeat","background-position":"center center","background-size":"auto","background-attachment":"scroll","background-type":"","background-media":"","overlay-type":"","overlay-color":"","overlay-opacity":"","overlay-gradient":""}},"ast-content-background-meta":{"desktop":{"background-color":"var(--ast-global-color-4)","background-image":"","background-repeat":"repeat","background-position":"center center","background-size":"auto","background-attachment":"scroll","background-type":"","background-media":"","overlay-type":"","overlay-color":"","overlay-opacity":"","overlay-gradient":""},"tablet":{"background-color":"var(--ast-global-color-4)","background-image":"","background-repeat":"repeat","background-position":"center center","background-size":"auto","background-attachment":"scroll","background-type":"","background-media":"","overlay-type":"","overlay-color":"","overlay-opacity":"","overlay-gradient":""},"mobile":{"background-color":"var(--ast-global-color-4)","background-image":"","background-repeat":"repeat","background-position":"center center","background-size":"auto","background-attachment":"scroll","background-type":"","background-media":"","overlay-type":"","overlay-color":"","overlay-opacity":"","overlay-gradient":""}}},"product_brand":[],"product_cat":[15],"product_tag":[],"class_list":{"0":"post-16966","1":"product","2":"type-product","3":"status-publish","4":"has-post-thumbnail","6":"product_cat-uncategorized","7":"pa_66801_d71ai2oj-bla","8":"pa_66801_d71ai2oj-rod","9":"pa_66801_d71ai2oj-svart","10":"desktop-align-left","11":"tablet-align-left","12":"mobile-align-left","14":"first","15":"instock","16":"shipping-taxable","17":"purchasable","18":"product-type-variable"},"yoast_head":"<!-- This site is optimized with the Yoast SEO plugin v26.6 - https:\/\/yoast.com\/wordpress\/plugins\/seo\/ -->\n<title>5-hjuls rullande kn\u00e4b\u00f6jande kudde - Mekulo SE<\/title>\n<meta name=\"robots\" content=\"index, follow, max-snippet:-1, max-image-preview:large, max-video-preview:-1\" \/>\n<link rel=\"canonical\" href=\"https:\/\/mekulo.com\/se\/produkt\/5-hjuls-rullande-knabojande-kudde\/\" \/>\n<meta property=\"og:locale\" content=\"sv_SE\" \/>\n<meta property=\"og:type\" content=\"article\" \/>\n<meta property=\"og:title\" content=\"5-hjuls rullande kn\u00e4b\u00f6jande kudde - Mekulo SE\" \/>\n<meta property=\"og:description\" content=\"\ud83d\udefcMed den h\u00e4r 5-hjuliga rullande kn\u00e4kudden kan du enkelt glida \u00f6ver golv samtidigt som du h\u00e5ller dig bekv\u00e4m och skyddad. \ud83e\uddb5Designade f\u00f6r reparationer, detaljarbete och underh\u00e5llsarbete minskar den belastningen p\u00e5 kn\u00e4na och sparar tid genom att l\u00e5ta dig r\u00f6ra dig smidigt fr\u00e5n en plats till en annan. \ud83e\uddd1\u200d\ud83c\udfedA praktisk l\u00f6sning som skyddar dina kn\u00e4n, \u00f6kar r\u00f6rligheten och g\u00f6r varje reparationsjobb bekv\u00e4mare.\" \/>\n<meta property=\"og:url\" content=\"https:\/\/mekulo.com\/se\/produkt\/5-hjuls-rullande-knabojande-kudde\/\" \/>\n<meta property=\"og:site_name\" content=\"Mekulo SE\" \/>\n<meta property=\"article:modified_time\" content=\"2026-01-14T17:00:07+00:00\" \/>\n<meta property=\"og:image\" content=\"https:\/\/mekulo.com\/se\/wp-content\/uploads\/sites\/11\/2026\/01\/ch3yaxs-1.jpg\" \/>\n\t<meta property=\"og:image:width\" content=\"960\" \/>\n\t<meta property=\"og:image:height\" content=\"960\" \/>\n\t<meta property=\"og:image:type\" content=\"image\/jpeg\" \/>\n<meta name=\"twitter:card\" content=\"summary_large_image\" \/>\n<meta name=\"twitter:label1\" content=\"Ber\u00e4knad l\u00e4stid\" \/>\n\t<meta name=\"twitter:data1\" content=\"2 minuter\" \/>\n<script type=\"application\/ld+json\" class=\"yoast-schema-graph\">{\"@context\":\"https:\/\/schema.org\",\"@graph\":[{\"@type\":\"WebPage\",\"@id\":\"https:\/\/mekulo.com\/se\/produkt\/5-hjuls-rullande-knabojande-kudde\/\",\"url\":\"https:\/\/mekulo.com\/se\/produkt\/5-hjuls-rullande-knabojande-kudde\/\",\"name\":\"5-hjuls rullande kn\u00e4b\u00f6jande kudde - Mekulo SE\",\"isPartOf\":{\"@id\":\"https:\/\/mekulo.com\/se\/#website\"},\"primaryImageOfPage\":{\"@id\":\"https:\/\/mekulo.com\/se\/produkt\/5-hjuls-rullande-knabojande-kudde\/#primaryimage\"},\"image\":{\"@id\":\"https:\/\/mekulo.com\/se\/produkt\/5-hjuls-rullande-knabojande-kudde\/#primaryimage\"},\"thumbnailUrl\":\"https:\/\/mekulo.com\/se\/wp-content\/uploads\/sites\/11\/2026\/01\/ch3yaxs-1.jpg\",\"datePublished\":\"2026-01-13T16:04:56+00:00\",\"dateModified\":\"2026-01-14T17:00:07+00:00\",\"breadcrumb\":{\"@id\":\"https:\/\/mekulo.com\/se\/produkt\/5-hjuls-rullande-knabojande-kudde\/#breadcrumb\"},\"inLanguage\":\"sv-SE\",\"potentialAction\":[{\"@type\":\"ReadAction\",\"target\":[\"https:\/\/mekulo.com\/se\/produkt\/5-hjuls-rullande-knabojande-kudde\/\"]}]},{\"@type\":\"ImageObject\",\"inLanguage\":\"sv-SE\",\"@id\":\"https:\/\/mekulo.com\/se\/produkt\/5-hjuls-rullande-knabojande-kudde\/#primaryimage\",\"url\":\"https:\/\/mekulo.com\/se\/wp-content\/uploads\/sites\/11\/2026\/01\/ch3yaxs-1.jpg\",\"contentUrl\":\"https:\/\/mekulo.com\/se\/wp-content\/uploads\/sites\/11\/2026\/01\/ch3yaxs-1.jpg\",\"width\":960,\"height\":960},{\"@type\":\"BreadcrumbList\",\"@id\":\"https:\/\/mekulo.com\/se\/produkt\/5-hjuls-rullande-knabojande-kudde\/#breadcrumb\",\"itemListElement\":[{\"@type\":\"ListItem\",\"position\":1,\"name\":\"Home\",\"item\":\"https:\/\/mekulo.com\/se\/\"},{\"@type\":\"ListItem\",\"position\":2,\"name\":\"Butik\",\"item\":\"https:\/\/mekulo.com\/se\/butik\/\"},{\"@type\":\"ListItem\",\"position\":3,\"name\":\"5-hjuls rullande kn\u00e4b\u00f6jande kudde\"}]},{\"@type\":\"WebSite\",\"@id\":\"https:\/\/mekulo.com\/se\/#website\",\"url\":\"https:\/\/mekulo.com\/se\/\",\"name\":\"Mekulo SE\",\"description\":\"\",\"publisher\":{\"@id\":\"https:\/\/mekulo.com\/se\/#organization\"},\"potentialAction\":[{\"@type\":\"SearchAction\",\"target\":{\"@type\":\"EntryPoint\",\"urlTemplate\":\"https:\/\/mekulo.com\/se\/?s={search_term_string}\"},\"query-input\":{\"@type\":\"PropertyValueSpecification\",\"valueRequired\":true,\"valueName\":\"search_term_string\"}}],\"inLanguage\":\"sv-SE\"},{\"@type\":\"Organization\",\"@id\":\"https:\/\/mekulo.com\/se\/#organization\",\"name\":\"Mekulo\",\"url\":\"https:\/\/mekulo.com\/se\/\",\"logo\":{\"@type\":\"ImageObject\",\"inLanguage\":\"sv-SE\",\"@id\":\"https:\/\/mekulo.com\/se\/#\/schema\/logo\/image\/\",\"url\":\"https:\/\/mekulo.com\/se\/wp-content\/uploads\/sites\/11\/2025\/12\/favicon_mekulo.png\",\"contentUrl\":\"https:\/\/mekulo.com\/se\/wp-content\/uploads\/sites\/11\/2025\/12\/favicon_mekulo.png\",\"width\":50,\"height\":50,\"caption\":\"Mekulo\"},\"image\":{\"@id\":\"https:\/\/mekulo.com\/se\/#\/schema\/logo\/image\/\"}}]}<\/script>\n<!-- \/ Yoast SEO plugin. -->","yoast_head_json":{"title":"5-hjuls rullande kn\u00e4b\u00f6jande kudde - Mekulo SE","robots":{"index":"index","follow":"follow","max-snippet":"max-snippet:-1","max-image-preview":"max-image-preview:large","max-video-preview":"max-video-preview:-1"},"canonical":"https:\/\/mekulo.com\/se\/produkt\/5-hjuls-rullande-knabojande-kudde\/","og_locale":"sv_SE","og_type":"article","og_title":"5-hjuls rullande kn\u00e4b\u00f6jande kudde - Mekulo SE","og_description":"\ud83d\udefcMed den h\u00e4r 5-hjuliga rullande kn\u00e4kudden kan du enkelt glida \u00f6ver golv samtidigt som du h\u00e5ller dig bekv\u00e4m och skyddad. \ud83e\uddb5Designade f\u00f6r reparationer, detaljarbete och underh\u00e5llsarbete minskar den belastningen p\u00e5 kn\u00e4na och sparar tid genom att l\u00e5ta dig r\u00f6ra dig smidigt fr\u00e5n en plats till en annan. \ud83e\uddd1\u200d\ud83c\udfedA praktisk l\u00f6sning som skyddar dina kn\u00e4n, \u00f6kar r\u00f6rligheten och g\u00f6r varje reparationsjobb bekv\u00e4mare.","og_url":"https:\/\/mekulo.com\/se\/produkt\/5-hjuls-rullande-knabojande-kudde\/","og_site_name":"Mekulo SE","article_modified_time":"2026-01-14T17:00:07+00:00","og_image":[{"width":960,"height":960,"url":"https:\/\/mekulo.com\/se\/wp-content\/uploads\/sites\/11\/2026\/01\/ch3yaxs-1.jpg","type":"image\/jpeg"}],"twitter_card":"summary_large_image","twitter_misc":{"Ber\u00e4knad l\u00e4stid":"2 minuter"},"schema":{"@context":"https:\/\/schema.org","@graph":[{"@type":"WebPage","@id":"https:\/\/mekulo.com\/se\/produkt\/5-hjuls-rullande-knabojande-kudde\/","url":"https:\/\/mekulo.com\/se\/produkt\/5-hjuls-rullande-knabojande-kudde\/","name":"5-hjuls rullande kn\u00e4b\u00f6jande kudde - Mekulo SE","isPartOf":{"@id":"https:\/\/mekulo.com\/se\/#website"},"primaryImageOfPage":{"@id":"https:\/\/mekulo.com\/se\/produkt\/5-hjuls-rullande-knabojande-kudde\/#primaryimage"},"image":{"@id":"https:\/\/mekulo.com\/se\/produkt\/5-hjuls-rullande-knabojande-kudde\/#primaryimage"},"thumbnailUrl":"https:\/\/mekulo.com\/se\/wp-content\/uploads\/sites\/11\/2026\/01\/ch3yaxs-1.jpg","datePublished":"2026-01-13T16:04:56+00:00","dateModified":"2026-01-14T17:00:07+00:00","breadcrumb":{"@id":"https:\/\/mekulo.com\/se\/produkt\/5-hjuls-rullande-knabojande-kudde\/#breadcrumb"},"inLanguage":"sv-SE","potentialAction":[{"@type":"ReadAction","target":["https:\/\/mekulo.com\/se\/produkt\/5-hjuls-rullande-knabojande-kudde\/"]}]},{"@type":"ImageObject","inLanguage":"sv-SE","@id":"https:\/\/mekulo.com\/se\/produkt\/5-hjuls-rullande-knabojande-kudde\/#primaryimage","url":"https:\/\/mekulo.com\/se\/wp-content\/uploads\/sites\/11\/2026\/01\/ch3yaxs-1.jpg","contentUrl":"https:\/\/mekulo.com\/se\/wp-content\/uploads\/sites\/11\/2026\/01\/ch3yaxs-1.jpg","width":960,"height":960},{"@type":"BreadcrumbList","@id":"https:\/\/mekulo.com\/se\/produkt\/5-hjuls-rullande-knabojande-kudde\/#breadcrumb","itemListElement":[{"@type":"ListItem","position":1,"name":"Home","item":"https:\/\/mekulo.com\/se\/"},{"@type":"ListItem","position":2,"name":"Butik","item":"https:\/\/mekulo.com\/se\/butik\/"},{"@type":"ListItem","position":3,"name":"5-hjuls rullande kn\u00e4b\u00f6jande kudde"}]},{"@type":"WebSite","@id":"https:\/\/mekulo.com\/se\/#website","url":"https:\/\/mekulo.com\/se\/","name":"Mekulo SE","description":"","publisher":{"@id":"https:\/\/mekulo.com\/se\/#organization"},"potentialAction":[{"@type":"SearchAction","target":{"@type":"EntryPoint","urlTemplate":"https:\/\/mekulo.com\/se\/?s={search_term_string}"},"query-input":{"@type":"PropertyValueSpecification","valueRequired":true,"valueName":"search_term_string"}}],"inLanguage":"sv-SE"},{"@type":"Organization","@id":"https:\/\/mekulo.com\/se\/#organization","name":"Mekulo","url":"https:\/\/mekulo.com\/se\/","logo":{"@type":"ImageObject","inLanguage":"sv-SE","@id":"https:\/\/mekulo.com\/se\/#\/schema\/logo\/image\/","url":"https:\/\/mekulo.com\/se\/wp-content\/uploads\/sites\/11\/2025\/12\/favicon_mekulo.png","contentUrl":"https:\/\/mekulo.com\/se\/wp-content\/uploads\/sites\/11\/2025\/12\/favicon_mekulo.png","width":50,"height":50,"caption":"Mekulo"},"image":{"@id":"https:\/\/mekulo.com\/se\/#\/schema\/logo\/image\/"}}]}},"_links":{"self":[{"href":"https:\/\/mekulo.com\/se\/wp-json\/wp\/v2\/product\/16966","targetHints":{"allow":["GET"]}}],"collection":[{"href":"https:\/\/mekulo.com\/se\/wp-json\/wp\/v2\/product"}],"about":[{"href":"https:\/\/mekulo.com\/se\/wp-json\/wp\/v2\/types\/product"}],"replies":[{"embeddable":true,"href":"https:\/\/mekulo.com\/se\/wp-json\/wp\/v2\/comments?post=16966"}],"wp:featuredmedia":[{"embeddable":true,"href":"https:\/\/mekulo.com\/se\/wp-json\/wp\/v2\/media\/16962"}],"wp:attachment":[{"href":"https:\/\/mekulo.com\/se\/wp-json\/wp\/v2\/media?parent=16966"}],"wp:term":[{"taxonomy":"product_brand","embeddable":true,"href":"https:\/\/mekulo.com\/se\/wp-json\/wp\/v2\/product_brand?post=16966"},{"taxonomy":"product_cat","embeddable":true,"href":"https:\/\/mekulo.com\/se\/wp-json\/wp\/v2\/product_cat?post=16966"},{"taxonomy":"product_tag","embeddable":true,"href":"https:\/\/mekulo.com\/se\/wp-json\/wp\/v2\/product_tag?post=16966"}],"curies":[{"name":"wp","href":"https:\/\/api.w.org\/{rel}","templated":true}]}}