{"id":16892,"date":"2026-01-13T17:57:23","date_gmt":"2026-01-13T15:57:23","guid":{"rendered":"https:\/\/mekulo.com\/se\/produkt\/professionell-pneumatisk-orbital-polermaskin\/"},"modified":"2026-01-14T18:50:01","modified_gmt":"2026-01-14T16:50:01","slug":"professionell-pneumatisk-orbital-polermaskin","status":"publish","type":"product","link":"https:\/\/mekulo.com\/se\/produkt\/professionell-pneumatisk-orbital-polermaskin\/","title":{"rendered":"Professionell pneumatisk orbital polermaskin"},"content":{"rendered":"<p style=\"text-align: center;\" data-start=\"0\" data-end=\"92\"><strong data-start=\"0\" data-end=\"92\">F\u00e5 sl\u00e4ta, professionella ytor snabbare med kraftfull och exakt luftdriven polering. \ud83d\ude97<\/strong><\/p>\n<p data-start=\"94\" data-end=\"349\"><img fetchpriority=\"high\" decoding=\"async\" class=\"size-full wp-image-18922 aligncenter\" src=\"https:\/\/mekulo.com\/template\/wp-content\/uploads\/sites\/6\/2026\/01\/spp_20241213182358_be50cc6a052dedb13d232bef56907eee_5b2f92d6-60d5-45d9-b0eb-761ea7a0865d.webp\" alt=\"\" width=\"713\" height=\"713\" \/><\/p>\n<h2 style=\"text-align: center;\" data-start=\"356\" data-end=\"375\">Huvudsakliga f\u00f6rdelar<\/h2>\n<p data-start=\"379\" data-end=\"446\">\u2699\ufe0f 5mm orbital excentricitet &#8211; Sl\u00e4t, platt och j\u00e4mn finish.<\/p>\n<p data-start=\"449\" data-end=\"515\">\ud83c\udf9a\ufe0f Justerbar hastighetskontroll &#8211; Matcha hastigheten till varje uppgift.<\/p>\n<p data-start=\"518\" data-end=\"590\">\ud83d\udee0\ufe0f Inre r\u00f6relse helt i st\u00e5l &#8211; h\u00f6g precision och l\u00e5ng livsl\u00e4ngd.<\/p>\n<p data-start=\"593\" data-end=\"662\">\ud83c\udf2c\ufe0f Effektiv luftfl\u00f6desdesign &#8211; stabil kraft med minskad belastning.<\/p>\n<p data-start=\"665\" data-end=\"737\">\ud83d\udd04 Anv\u00e4ndning i flera material &#8211; slipa, polera, slipa och vaxa med ett verktyg.<\/p>\n<p data-start=\"665\" data-end=\"737\"><img decoding=\"async\" class=\"size-full wp-image-18926 aligncenter\" src=\"https:\/\/mekulo.com\/template\/wp-content\/uploads\/sites\/6\/2026\/01\/Sb01018210fe14b9283252322f68fdc51Q.jpg_960x960q75.jpg_.png\" alt=\"\" width=\"800\" height=\"800\" \/><\/p>\n<h2 style=\"text-align: center;\" data-start=\"744\" data-end=\"762\"><strong>Anv\u00e4ndning<\/strong><\/h2>\n<ol data-start=\"764\" data-end=\"1038\">\n<li data-start=\"764\" data-end=\"831\">\n<p data-start=\"767\" data-end=\"831\">Anslut polermaskinen till en luftkompressor (90 PSI).<\/p>\n<\/li>\n<li data-start=\"832\" data-end=\"882\">\n<p data-start=\"835\" data-end=\"882\">S\u00e4tt fast slip- eller polerdynan ordentligt.<\/p>\n<\/li>\n<li data-start=\"883\" data-end=\"930\">\n<p data-start=\"886\" data-end=\"930\">Justera hastigheten med hj\u00e4lp av reglaget.<\/p>\n<\/li>\n<li data-start=\"931\" data-end=\"987\">\n<p data-start=\"934\" data-end=\"987\">Placera verktyget plant p\u00e5 ytan innan du b\u00f6rjar.<\/p>\n<\/li>\n<li data-start=\"988\" data-end=\"1038\">\n<p data-start=\"991\" data-end=\"1038\">R\u00f6r dig j\u00e4mnt \u00f6ver omr\u00e5det f\u00f6r b\u00e4sta resultat.<\/p>\n<\/li>\n<\/ol>\n<h2 style=\"text-align: center;\" data-start=\"1045\" data-end=\"1067\"><strong>Produktdetaljer<\/strong><\/h2>\n<ul data-start=\"1069\" data-end=\"1397\">\n<li data-start=\"1106\" data-end=\"1127\">\n<p data-start=\"1108\" data-end=\"1127\">Excentricitet: 5 mm<\/p>\n<\/li>\n<li data-start=\"1128\" data-end=\"1157\">\n<p data-start=\"1130\" data-end=\"1157\">Varvtal utan belastning: 10 500 varv\/min<\/p>\n<\/li>\n<li data-start=\"1158\" data-end=\"1188\">\n<p data-start=\"1160\" data-end=\"1188\">Drifttryck: 90 PSI<\/p>\n<\/li>\n<li data-start=\"1189\" data-end=\"1221\">\n<p data-start=\"1191\" data-end=\"1221\">Luftf\u00f6rbrukning: 0,45 m\u00b3\/min<\/p>\n<\/li>\n<li data-start=\"1222\" data-end=\"1247\">\n<p data-start=\"1224\" data-end=\"1247\">Bullerniv\u00e5: 80-90 dB<\/p>\n<\/li>\n<li data-start=\"1248\" data-end=\"1281\">\n<p data-start=\"1250\" data-end=\"1281\">Aluftslangens innerdiameter: 0,6 cm<\/p>\n<\/li>\n<li data-start=\"1282\" data-end=\"1339\">\n<p data-start=\"1284\" data-end=\"1339\">Material: R\u00f6relse helt i st\u00e5l med filtrerat luftintag<\/p>\n<\/li>\n<li data-start=\"1379\" data-end=\"1397\">\n<p data-start=\"1381\" data-end=\"1397\">Storlek: 165 x 150 82 mm<\/p>\n<\/li>\n<\/ul>\n<h2 style=\"text-align: center;\" data-start=\"1404\" data-end=\"1427\"><strong>Paketet inneh\u00e5ller<\/strong><\/h2>\n<ul data-start=\"1429\" data-end=\"1476\">\n<li data-start=\"1429\" data-end=\"1476\">\n<p data-start=\"1431\" data-end=\"1476\">1x professionell pneumatisk orbital polermaskin<\/p>\n<\/li>\n<li data-start=\"1429\" data-end=\"1476\">\n<p data-start=\"1431\" data-end=\"1476\">1x skiftnyckel<\/p>\n<\/li>\n<li data-start=\"1429\" data-end=\"1476\">\n<p data-start=\"1431\" data-end=\"1476\">1x kolst\u00e5lsfog.<\/p>\n<\/li>\n<\/ul>\n","protected":false},"excerpt":{"rendered":"<p>Denna professionella pneumatiska orbitalpolermaskin ger snabba och j\u00e4mna resultat vid slipning, polering och efterbehandling. Den \u00e4r byggd f\u00f6r h\u00e5llbarhet och kontroll och \u00e4r idealisk f\u00f6r professionella anv\u00e4ndare och g\u00f6r-det-sj\u00e4lvare som arbetar med tr\u00e4, metall, m\u00f6bler och fordonsytor. Ett p\u00e5litligt, h\u00f6gpresterande verktyg som \u00e4r utformat f\u00f6r rena ytor, effektivt arbetsfl\u00f6de och l\u00e5ngvarig professionell anv\u00e4ndning.<\/p>\n","protected":false},"featured_media":16888,"comment_status":"open","ping_status":"closed","template":"","meta":{"site-sidebar-layout":"default","site-content-layout":"","ast-site-content-layout":"default","site-content-style":"default","site-sidebar-style":"default","ast-global-header-display":"","ast-banner-title-visibility":"","ast-main-header-display":"","ast-hfb-above-header-display":"","ast-hfb-below-header-display":"","ast-hfb-mobile-header-display":"","site-post-title":"","ast-breadcrumbs-content":"","ast-featured-img":"","footer-sml-layout":"","theme-transparent-header-meta":"default","adv-header-id-meta":"","stick-header-meta":"","header-above-stick-meta":"","header-main-stick-meta":"","header-below-stick-meta":"","astra-migrate-meta-layouts":"set","ast-page-background-enabled":"default","ast-page-background-meta":{"desktop":{"background-color":"var(--ast-global-color-5)","background-image":"","background-repeat":"repeat","background-position":"center center","background-size":"auto","background-attachment":"scroll","background-type":"","background-media":"","overlay-type":"","overlay-color":"","overlay-opacity":"","overlay-gradient":""},"tablet":{"background-color":"","background-image":"","background-repeat":"repeat","background-position":"center center","background-size":"auto","background-attachment":"scroll","background-type":"","background-media":"","overlay-type":"","overlay-color":"","overlay-opacity":"","overlay-gradient":""},"mobile":{"background-color":"","background-image":"","background-repeat":"repeat","background-position":"center center","background-size":"auto","background-attachment":"scroll","background-type":"","background-media":"","overlay-type":"","overlay-color":"","overlay-opacity":"","overlay-gradient":""}},"ast-content-background-meta":{"desktop":{"background-color":"var(--ast-global-color-4)","background-image":"","background-repeat":"repeat","background-position":"center center","background-size":"auto","background-attachment":"scroll","background-type":"","background-media":"","overlay-type":"","overlay-color":"","overlay-opacity":"","overlay-gradient":""},"tablet":{"background-color":"var(--ast-global-color-4)","background-image":"","background-repeat":"repeat","background-position":"center center","background-size":"auto","background-attachment":"scroll","background-type":"","background-media":"","overlay-type":"","overlay-color":"","overlay-opacity":"","overlay-gradient":""},"mobile":{"background-color":"var(--ast-global-color-4)","background-image":"","background-repeat":"repeat","background-position":"center center","background-size":"auto","background-attachment":"scroll","background-type":"","background-media":"","overlay-type":"","overlay-color":"","overlay-opacity":"","overlay-gradient":""}}},"product_brand":[],"product_cat":[171],"product_tag":[],"class_list":{"0":"post-16892","1":"product","2":"type-product","3":"status-publish","4":"has-post-thumbnail","6":"product_cat-verktyg","7":"desktop-align-left","8":"tablet-align-left","9":"mobile-align-left","11":"first","12":"instock","13":"shipping-taxable","14":"purchasable","15":"product-type-simple"},"yoast_head":"<!-- This site is optimized with the Yoast SEO plugin v26.6 - https:\/\/yoast.com\/wordpress\/plugins\/seo\/ -->\n<title>Professionell pneumatisk orbital polermaskin - Mekulo SE<\/title>\n<meta name=\"robots\" content=\"index, follow, max-snippet:-1, max-image-preview:large, max-video-preview:-1\" \/>\n<link rel=\"canonical\" href=\"https:\/\/mekulo.com\/se\/produkt\/professionell-pneumatisk-orbital-polermaskin\/\" \/>\n<meta property=\"og:locale\" content=\"sv_SE\" \/>\n<meta property=\"og:type\" content=\"article\" \/>\n<meta property=\"og:title\" content=\"Professionell pneumatisk orbital polermaskin - Mekulo SE\" \/>\n<meta property=\"og:description\" content=\"Denna professionella pneumatiska orbitalpolermaskin ger snabba och j\u00e4mna resultat vid slipning, polering och efterbehandling. Den \u00e4r byggd f\u00f6r h\u00e5llbarhet och kontroll och \u00e4r idealisk f\u00f6r professionella anv\u00e4ndare och g\u00f6r-det-sj\u00e4lvare som arbetar med tr\u00e4, metall, m\u00f6bler och fordonsytor. Ett p\u00e5litligt, h\u00f6gpresterande verktyg som \u00e4r utformat f\u00f6r rena ytor, effektivt arbetsfl\u00f6de och l\u00e5ngvarig professionell anv\u00e4ndning.\" \/>\n<meta property=\"og:url\" content=\"https:\/\/mekulo.com\/se\/produkt\/professionell-pneumatisk-orbital-polermaskin\/\" \/>\n<meta property=\"og:site_name\" content=\"Mekulo SE\" \/>\n<meta property=\"article:modified_time\" content=\"2026-01-14T16:50:01+00:00\" \/>\n<meta property=\"og:image\" content=\"https:\/\/mekulo.com\/se\/wp-content\/uploads\/sites\/11\/2026\/01\/msfl0yq-1.jpg\" \/>\n\t<meta property=\"og:image:width\" content=\"800\" \/>\n\t<meta property=\"og:image:height\" content=\"800\" \/>\n\t<meta property=\"og:image:type\" content=\"image\/jpeg\" \/>\n<meta name=\"twitter:card\" content=\"summary_large_image\" \/>\n<meta name=\"twitter:label1\" content=\"Ber\u00e4knad l\u00e4stid\" \/>\n\t<meta name=\"twitter:data1\" content=\"2 minuter\" \/>\n<script type=\"application\/ld+json\" class=\"yoast-schema-graph\">{\"@context\":\"https:\/\/schema.org\",\"@graph\":[{\"@type\":\"WebPage\",\"@id\":\"https:\/\/mekulo.com\/se\/produkt\/professionell-pneumatisk-orbital-polermaskin\/\",\"url\":\"https:\/\/mekulo.com\/se\/produkt\/professionell-pneumatisk-orbital-polermaskin\/\",\"name\":\"Professionell pneumatisk orbital polermaskin - Mekulo SE\",\"isPartOf\":{\"@id\":\"https:\/\/mekulo.com\/se\/#website\"},\"primaryImageOfPage\":{\"@id\":\"https:\/\/mekulo.com\/se\/produkt\/professionell-pneumatisk-orbital-polermaskin\/#primaryimage\"},\"image\":{\"@id\":\"https:\/\/mekulo.com\/se\/produkt\/professionell-pneumatisk-orbital-polermaskin\/#primaryimage\"},\"thumbnailUrl\":\"https:\/\/mekulo.com\/se\/wp-content\/uploads\/sites\/11\/2026\/01\/msfl0yq-1.jpg\",\"datePublished\":\"2026-01-13T15:57:23+00:00\",\"dateModified\":\"2026-01-14T16:50:01+00:00\",\"breadcrumb\":{\"@id\":\"https:\/\/mekulo.com\/se\/produkt\/professionell-pneumatisk-orbital-polermaskin\/#breadcrumb\"},\"inLanguage\":\"sv-SE\",\"potentialAction\":[{\"@type\":\"ReadAction\",\"target\":[\"https:\/\/mekulo.com\/se\/produkt\/professionell-pneumatisk-orbital-polermaskin\/\"]}]},{\"@type\":\"ImageObject\",\"inLanguage\":\"sv-SE\",\"@id\":\"https:\/\/mekulo.com\/se\/produkt\/professionell-pneumatisk-orbital-polermaskin\/#primaryimage\",\"url\":\"https:\/\/mekulo.com\/se\/wp-content\/uploads\/sites\/11\/2026\/01\/msfl0yq-1.jpg\",\"contentUrl\":\"https:\/\/mekulo.com\/se\/wp-content\/uploads\/sites\/11\/2026\/01\/msfl0yq-1.jpg\",\"width\":800,\"height\":800},{\"@type\":\"BreadcrumbList\",\"@id\":\"https:\/\/mekulo.com\/se\/produkt\/professionell-pneumatisk-orbital-polermaskin\/#breadcrumb\",\"itemListElement\":[{\"@type\":\"ListItem\",\"position\":1,\"name\":\"Home\",\"item\":\"https:\/\/mekulo.com\/se\/\"},{\"@type\":\"ListItem\",\"position\":2,\"name\":\"Butik\",\"item\":\"https:\/\/mekulo.com\/se\/butik\/\"},{\"@type\":\"ListItem\",\"position\":3,\"name\":\"Professionell pneumatisk orbital polermaskin\"}]},{\"@type\":\"WebSite\",\"@id\":\"https:\/\/mekulo.com\/se\/#website\",\"url\":\"https:\/\/mekulo.com\/se\/\",\"name\":\"Mekulo SE\",\"description\":\"\",\"publisher\":{\"@id\":\"https:\/\/mekulo.com\/se\/#organization\"},\"potentialAction\":[{\"@type\":\"SearchAction\",\"target\":{\"@type\":\"EntryPoint\",\"urlTemplate\":\"https:\/\/mekulo.com\/se\/?s={search_term_string}\"},\"query-input\":{\"@type\":\"PropertyValueSpecification\",\"valueRequired\":true,\"valueName\":\"search_term_string\"}}],\"inLanguage\":\"sv-SE\"},{\"@type\":\"Organization\",\"@id\":\"https:\/\/mekulo.com\/se\/#organization\",\"name\":\"Mekulo\",\"url\":\"https:\/\/mekulo.com\/se\/\",\"logo\":{\"@type\":\"ImageObject\",\"inLanguage\":\"sv-SE\",\"@id\":\"https:\/\/mekulo.com\/se\/#\/schema\/logo\/image\/\",\"url\":\"https:\/\/mekulo.com\/se\/wp-content\/uploads\/sites\/11\/2025\/12\/favicon_mekulo.png\",\"contentUrl\":\"https:\/\/mekulo.com\/se\/wp-content\/uploads\/sites\/11\/2025\/12\/favicon_mekulo.png\",\"width\":50,\"height\":50,\"caption\":\"Mekulo\"},\"image\":{\"@id\":\"https:\/\/mekulo.com\/se\/#\/schema\/logo\/image\/\"}}]}<\/script>\n<!-- \/ Yoast SEO plugin. -->","yoast_head_json":{"title":"Professionell pneumatisk orbital polermaskin - Mekulo SE","robots":{"index":"index","follow":"follow","max-snippet":"max-snippet:-1","max-image-preview":"max-image-preview:large","max-video-preview":"max-video-preview:-1"},"canonical":"https:\/\/mekulo.com\/se\/produkt\/professionell-pneumatisk-orbital-polermaskin\/","og_locale":"sv_SE","og_type":"article","og_title":"Professionell pneumatisk orbital polermaskin - Mekulo SE","og_description":"Denna professionella pneumatiska orbitalpolermaskin ger snabba och j\u00e4mna resultat vid slipning, polering och efterbehandling. Den \u00e4r byggd f\u00f6r h\u00e5llbarhet och kontroll och \u00e4r idealisk f\u00f6r professionella anv\u00e4ndare och g\u00f6r-det-sj\u00e4lvare som arbetar med tr\u00e4, metall, m\u00f6bler och fordonsytor. Ett p\u00e5litligt, h\u00f6gpresterande verktyg som \u00e4r utformat f\u00f6r rena ytor, effektivt arbetsfl\u00f6de och l\u00e5ngvarig professionell anv\u00e4ndning.","og_url":"https:\/\/mekulo.com\/se\/produkt\/professionell-pneumatisk-orbital-polermaskin\/","og_site_name":"Mekulo SE","article_modified_time":"2026-01-14T16:50:01+00:00","og_image":[{"width":800,"height":800,"url":"https:\/\/mekulo.com\/se\/wp-content\/uploads\/sites\/11\/2026\/01\/msfl0yq-1.jpg","type":"image\/jpeg"}],"twitter_card":"summary_large_image","twitter_misc":{"Ber\u00e4knad l\u00e4stid":"2 minuter"},"schema":{"@context":"https:\/\/schema.org","@graph":[{"@type":"WebPage","@id":"https:\/\/mekulo.com\/se\/produkt\/professionell-pneumatisk-orbital-polermaskin\/","url":"https:\/\/mekulo.com\/se\/produkt\/professionell-pneumatisk-orbital-polermaskin\/","name":"Professionell pneumatisk orbital polermaskin - Mekulo SE","isPartOf":{"@id":"https:\/\/mekulo.com\/se\/#website"},"primaryImageOfPage":{"@id":"https:\/\/mekulo.com\/se\/produkt\/professionell-pneumatisk-orbital-polermaskin\/#primaryimage"},"image":{"@id":"https:\/\/mekulo.com\/se\/produkt\/professionell-pneumatisk-orbital-polermaskin\/#primaryimage"},"thumbnailUrl":"https:\/\/mekulo.com\/se\/wp-content\/uploads\/sites\/11\/2026\/01\/msfl0yq-1.jpg","datePublished":"2026-01-13T15:57:23+00:00","dateModified":"2026-01-14T16:50:01+00:00","breadcrumb":{"@id":"https:\/\/mekulo.com\/se\/produkt\/professionell-pneumatisk-orbital-polermaskin\/#breadcrumb"},"inLanguage":"sv-SE","potentialAction":[{"@type":"ReadAction","target":["https:\/\/mekulo.com\/se\/produkt\/professionell-pneumatisk-orbital-polermaskin\/"]}]},{"@type":"ImageObject","inLanguage":"sv-SE","@id":"https:\/\/mekulo.com\/se\/produkt\/professionell-pneumatisk-orbital-polermaskin\/#primaryimage","url":"https:\/\/mekulo.com\/se\/wp-content\/uploads\/sites\/11\/2026\/01\/msfl0yq-1.jpg","contentUrl":"https:\/\/mekulo.com\/se\/wp-content\/uploads\/sites\/11\/2026\/01\/msfl0yq-1.jpg","width":800,"height":800},{"@type":"BreadcrumbList","@id":"https:\/\/mekulo.com\/se\/produkt\/professionell-pneumatisk-orbital-polermaskin\/#breadcrumb","itemListElement":[{"@type":"ListItem","position":1,"name":"Home","item":"https:\/\/mekulo.com\/se\/"},{"@type":"ListItem","position":2,"name":"Butik","item":"https:\/\/mekulo.com\/se\/butik\/"},{"@type":"ListItem","position":3,"name":"Professionell pneumatisk orbital polermaskin"}]},{"@type":"WebSite","@id":"https:\/\/mekulo.com\/se\/#website","url":"https:\/\/mekulo.com\/se\/","name":"Mekulo SE","description":"","publisher":{"@id":"https:\/\/mekulo.com\/se\/#organization"},"potentialAction":[{"@type":"SearchAction","target":{"@type":"EntryPoint","urlTemplate":"https:\/\/mekulo.com\/se\/?s={search_term_string}"},"query-input":{"@type":"PropertyValueSpecification","valueRequired":true,"valueName":"search_term_string"}}],"inLanguage":"sv-SE"},{"@type":"Organization","@id":"https:\/\/mekulo.com\/se\/#organization","name":"Mekulo","url":"https:\/\/mekulo.com\/se\/","logo":{"@type":"ImageObject","inLanguage":"sv-SE","@id":"https:\/\/mekulo.com\/se\/#\/schema\/logo\/image\/","url":"https:\/\/mekulo.com\/se\/wp-content\/uploads\/sites\/11\/2025\/12\/favicon_mekulo.png","contentUrl":"https:\/\/mekulo.com\/se\/wp-content\/uploads\/sites\/11\/2025\/12\/favicon_mekulo.png","width":50,"height":50,"caption":"Mekulo"},"image":{"@id":"https:\/\/mekulo.com\/se\/#\/schema\/logo\/image\/"}}]}},"_links":{"self":[{"href":"https:\/\/mekulo.com\/se\/wp-json\/wp\/v2\/product\/16892","targetHints":{"allow":["GET"]}}],"collection":[{"href":"https:\/\/mekulo.com\/se\/wp-json\/wp\/v2\/product"}],"about":[{"href":"https:\/\/mekulo.com\/se\/wp-json\/wp\/v2\/types\/product"}],"replies":[{"embeddable":true,"href":"https:\/\/mekulo.com\/se\/wp-json\/wp\/v2\/comments?post=16892"}],"wp:featuredmedia":[{"embeddable":true,"href":"https:\/\/mekulo.com\/se\/wp-json\/wp\/v2\/media\/16888"}],"wp:attachment":[{"href":"https:\/\/mekulo.com\/se\/wp-json\/wp\/v2\/media?parent=16892"}],"wp:term":[{"taxonomy":"product_brand","embeddable":true,"href":"https:\/\/mekulo.com\/se\/wp-json\/wp\/v2\/product_brand?post=16892"},{"taxonomy":"product_cat","embeddable":true,"href":"https:\/\/mekulo.com\/se\/wp-json\/wp\/v2\/product_cat?post=16892"},{"taxonomy":"product_tag","embeddable":true,"href":"https:\/\/mekulo.com\/se\/wp-json\/wp\/v2\/product_tag?post=16892"}],"curies":[{"name":"wp","href":"https:\/\/api.w.org\/{rel}","templated":true}]}}