{"id":16854,"date":"2026-01-13T17:54:27","date_gmt":"2026-01-13T15:54:27","guid":{"rendered":"https:\/\/mekulo.com\/se\/produkt\/ateranvandbar-regnjacka-med-huva-och-mask\/"},"modified":"2026-01-14T18:46:46","modified_gmt":"2026-01-14T16:46:46","slug":"ateranvandbar-regnjacka-med-huva-och-mask","status":"publish","type":"product","link":"https:\/\/mekulo.com\/se\/produkt\/ateranvandbar-regnjacka-med-huva-och-mask\/","title":{"rendered":"\u00c5teranv\u00e4ndbar regnjacka med huva och mask"},"content":{"rendered":"<p style=\"text-align: center;\" data-start=\"0\" data-end=\"91\"><strong data-start=\"0\" data-end=\"91\">H\u00e5ll dig helt torr och skyddad med en \u00e5teranv\u00e4ndbar regnrock som \u00e4r utformad f\u00f6r komfort i alla v\u00e4der. \u2614<\/strong><\/p>\n<p data-start=\"93\" data-end=\"342\"><img fetchpriority=\"high\" decoding=\"async\" class=\"size-full wp-image-18690 aligncenter\" src=\"https:\/\/mekulo.com\/template\/wp-content\/uploads\/sites\/6\/2026\/01\/spp_20250807102908_2401f0ab45a11da0eb10d28df5babcf7_c12d1c6b-2bb4-4636-a3ef-951dfcad4fe0.webp\" alt=\"\" width=\"713\" height=\"713\" \/><\/p>\n<h2 style=\"text-align: center;\" data-start=\"349\" data-end=\"370\">Huvudsakliga f\u00f6rdelar<\/h2>\n<p data-start=\"374\" data-end=\"446\">\ud83e\udde5 Fullt v\u00e4derskydd &#8211; Skyddar dig mot regn, vind och sn\u00f6.<\/p>\n<p data-start=\"449\" data-end=\"513\">\ud83d\ude37 Inbyggd huva och mask &#8211; Extra skydd f\u00f6r huvud och ansikte.<\/p>\n<p data-start=\"516\" data-end=\"590\">\u267b\ufe0f \u00c5teranv\u00e4ndbar och milj\u00f6v\u00e4nlig &#8211; Minskar avfallet fr\u00e5n eng\u00e5ngsregnrockar.<\/p>\n<p data-start=\"593\" data-end=\"658\">\ud83c\udf92 L\u00e4tt att f\u00f6rvara &#8211; Levereras med en f\u00f6rvaringsv\u00e4ska f\u00f6r b\u00e4rbarhet.<\/p>\n<p data-start=\"661\" data-end=\"714\">\ud83d\udc65 Unisexpassform &#8211; Passar b\u00e5de m\u00e4n och kvinnor.<\/p>\n<p data-start=\"661\" data-end=\"714\"><img decoding=\"async\" class=\"size-full wp-image-18689 aligncenter\" src=\"https:\/\/mekulo.com\/template\/wp-content\/uploads\/sites\/6\/2026\/01\/spp_20250807102910_ee5c9d0b33f9dd9034ed2887d2af01ce_b245fbbb-8407-4607-b244-20b10e72171c.webp\" alt=\"\" width=\"713\" height=\"713\" \/><\/p>\n<h2 style=\"text-align: center;\" data-start=\"721\" data-end=\"739\"><strong>Anv\u00e4ndning<\/strong><\/h2>\n<ol data-start=\"741\" data-end=\"971\">\n<li data-start=\"741\" data-end=\"787\">\n<p data-start=\"744\" data-end=\"787\">Ta ut regnrocken ur f\u00f6rvaringsp\u00e5sen.<\/p>\n<\/li>\n<li data-start=\"788\" data-end=\"822\">\n<p data-start=\"791\" data-end=\"822\">S\u00e4tt p\u00e5 den \u00f6ver dina kl\u00e4der.<\/p>\n<\/li>\n<li data-start=\"823\" data-end=\"870\">\n<p data-start=\"826\" data-end=\"870\">Justera huvans dragsko f\u00f6r en \u00e5tsittande passform.<\/p>\n<\/li>\n<li data-start=\"871\" data-end=\"919\">\n<p data-start=\"874\" data-end=\"919\">F\u00e4st eller anv\u00e4nd masken f\u00f6r ansiktsskydd.<\/p>\n<\/li>\n<li data-start=\"920\" data-end=\"971\">\n<p data-start=\"923\" data-end=\"971\">Torka av, vik och f\u00f6rvara i p\u00e5sen efter anv\u00e4ndning.<\/p>\n<\/li>\n<\/ol>\n<h2 style=\"text-align: center;\" data-start=\"978\" data-end=\"1000\"><strong>Produktdetaljer<\/strong><\/h2>\n<ul data-start=\"1002\" data-end=\"1165\">\n<li data-start=\"1002\" data-end=\"1019\">\n<p data-start=\"1004\" data-end=\"1019\">Material: EVA<\/p>\n<\/li>\n<li data-start=\"1020\" data-end=\"1062\">\n<p data-start=\"1022\" data-end=\"1062\">Design: L\u00e5ng regnrock med huva och mask<\/p>\n<\/li>\n<li data-start=\"1063\" data-end=\"1090\">\n<p data-start=\"1065\" data-end=\"1090\">Passform: Unisex, vuxen storlek<\/p>\n<\/li>\n<li data-start=\"1091\" data-end=\"1133\">\n<p data-start=\"1093\" data-end=\"1133\">Funktion: Vattent\u00e4t, \u00e5teranv\u00e4ndbar, h\u00e5llbar<\/p>\n<\/li>\n<\/ul>\n<h2 style=\"text-align: center;\" data-start=\"1172\" data-end=\"1195\"><strong>Paketet inneh\u00e5ller<\/strong><\/h2>\n<ul data-start=\"1197\" data-end=\"1259\">\n<li data-start=\"1197\" data-end=\"1239\">\n<p data-start=\"1199\" data-end=\"1239\">1x \u00e5teranv\u00e4ndbar regnrock med huva och mask.<\/p>\n<\/li>\n<\/ul>\n","protected":false},"excerpt":{"rendered":"<p>Denna regnjacka med huva och inbyggd mask t\u00e4cker hela kroppen och h\u00e5ller dig torr i regn, vind och sn\u00f6. Den \u00e4r tillverkad av slitstarkt EVA-material och \u00e4r bekv\u00e4m att b\u00e4ra, l\u00e4tt att b\u00e4ra och perfekt f\u00f6r daglig pendling, utomhusaktiviteter eller resor. \u2614\ud83d\udca6<\/p>\n","protected":false},"featured_media":16850,"comment_status":"open","ping_status":"closed","template":"","meta":{"site-sidebar-layout":"default","site-content-layout":"","ast-site-content-layout":"default","site-content-style":"default","site-sidebar-style":"default","ast-global-header-display":"","ast-banner-title-visibility":"","ast-main-header-display":"","ast-hfb-above-header-display":"","ast-hfb-below-header-display":"","ast-hfb-mobile-header-display":"","site-post-title":"","ast-breadcrumbs-content":"","ast-featured-img":"","footer-sml-layout":"","theme-transparent-header-meta":"default","adv-header-id-meta":"","stick-header-meta":"","header-above-stick-meta":"","header-main-stick-meta":"","header-below-stick-meta":"","astra-migrate-meta-layouts":"set","ast-page-background-enabled":"default","ast-page-background-meta":{"desktop":{"background-color":"var(--ast-global-color-5)","background-image":"","background-repeat":"repeat","background-position":"center center","background-size":"auto","background-attachment":"scroll","background-type":"","background-media":"","overlay-type":"","overlay-color":"","overlay-opacity":"","overlay-gradient":""},"tablet":{"background-color":"","background-image":"","background-repeat":"repeat","background-position":"center center","background-size":"auto","background-attachment":"scroll","background-type":"","background-media":"","overlay-type":"","overlay-color":"","overlay-opacity":"","overlay-gradient":""},"mobile":{"background-color":"","background-image":"","background-repeat":"repeat","background-position":"center center","background-size":"auto","background-attachment":"scroll","background-type":"","background-media":"","overlay-type":"","overlay-color":"","overlay-opacity":"","overlay-gradient":""}},"ast-content-background-meta":{"desktop":{"background-color":"var(--ast-global-color-4)","background-image":"","background-repeat":"repeat","background-position":"center center","background-size":"auto","background-attachment":"scroll","background-type":"","background-media":"","overlay-type":"","overlay-color":"","overlay-opacity":"","overlay-gradient":""},"tablet":{"background-color":"var(--ast-global-color-4)","background-image":"","background-repeat":"repeat","background-position":"center center","background-size":"auto","background-attachment":"scroll","background-type":"","background-media":"","overlay-type":"","overlay-color":"","overlay-opacity":"","overlay-gradient":""},"mobile":{"background-color":"var(--ast-global-color-4)","background-image":"","background-repeat":"repeat","background-position":"center center","background-size":"auto","background-attachment":"scroll","background-type":"","background-media":"","overlay-type":"","overlay-color":"","overlay-opacity":"","overlay-gradient":""}}},"product_brand":[],"product_cat":[165],"product_tag":[],"class_list":{"0":"post-16854","1":"product","2":"type-product","3":"status-publish","4":"has-post-thumbnail","6":"product_cat-skor-accessoarer","7":"pa_66708_ihnrfkcb-bla","8":"pa_66708_ihnrfkcb-gul","9":"pa_66708_ihnrfkcb-morkgron","10":"pa_66708_ihnrfkcb-rosa","11":"pa_66708_ihnrfkcb-svart","12":"pa_66708_ihnrfkcb-vit","13":"desktop-align-left","14":"tablet-align-left","15":"mobile-align-left","17":"first","18":"instock","19":"shipping-taxable","20":"purchasable","21":"product-type-variable"},"yoast_head":"<!-- This site is optimized with the Yoast SEO plugin v26.6 - https:\/\/yoast.com\/wordpress\/plugins\/seo\/ -->\n<title>\u00c5teranv\u00e4ndbar regnjacka med huva och mask - Mekulo SE<\/title>\n<meta name=\"robots\" content=\"index, follow, max-snippet:-1, max-image-preview:large, max-video-preview:-1\" \/>\n<link rel=\"canonical\" href=\"https:\/\/mekulo.com\/se\/produkt\/ateranvandbar-regnjacka-med-huva-och-mask\/\" \/>\n<meta property=\"og:locale\" content=\"sv_SE\" \/>\n<meta property=\"og:type\" content=\"article\" \/>\n<meta property=\"og:title\" content=\"\u00c5teranv\u00e4ndbar regnjacka med huva och mask - Mekulo SE\" \/>\n<meta property=\"og:description\" content=\"Denna regnjacka med huva och inbyggd mask t\u00e4cker hela kroppen och h\u00e5ller dig torr i regn, vind och sn\u00f6. Den \u00e4r tillverkad av slitstarkt EVA-material och \u00e4r bekv\u00e4m att b\u00e4ra, l\u00e4tt att b\u00e4ra och perfekt f\u00f6r daglig pendling, utomhusaktiviteter eller resor. \u2614\ud83d\udca6\" \/>\n<meta property=\"og:url\" content=\"https:\/\/mekulo.com\/se\/produkt\/ateranvandbar-regnjacka-med-huva-och-mask\/\" \/>\n<meta property=\"og:site_name\" content=\"Mekulo SE\" \/>\n<meta property=\"article:modified_time\" content=\"2026-01-14T16:46:46+00:00\" \/>\n<meta property=\"og:image\" content=\"https:\/\/mekulo.com\/se\/wp-content\/uploads\/sites\/11\/2026\/01\/l2l1orj-1.jpg\" \/>\n\t<meta property=\"og:image:width\" content=\"800\" \/>\n\t<meta property=\"og:image:height\" content=\"800\" \/>\n\t<meta property=\"og:image:type\" content=\"image\/jpeg\" \/>\n<meta name=\"twitter:card\" content=\"summary_large_image\" \/>\n<meta name=\"twitter:label1\" content=\"Ber\u00e4knad l\u00e4stid\" \/>\n\t<meta name=\"twitter:data1\" content=\"2 minuter\" \/>\n<script type=\"application\/ld+json\" class=\"yoast-schema-graph\">{\"@context\":\"https:\/\/schema.org\",\"@graph\":[{\"@type\":\"WebPage\",\"@id\":\"https:\/\/mekulo.com\/se\/produkt\/ateranvandbar-regnjacka-med-huva-och-mask\/\",\"url\":\"https:\/\/mekulo.com\/se\/produkt\/ateranvandbar-regnjacka-med-huva-och-mask\/\",\"name\":\"\u00c5teranv\u00e4ndbar regnjacka med huva och mask - Mekulo SE\",\"isPartOf\":{\"@id\":\"https:\/\/mekulo.com\/se\/#website\"},\"primaryImageOfPage\":{\"@id\":\"https:\/\/mekulo.com\/se\/produkt\/ateranvandbar-regnjacka-med-huva-och-mask\/#primaryimage\"},\"image\":{\"@id\":\"https:\/\/mekulo.com\/se\/produkt\/ateranvandbar-regnjacka-med-huva-och-mask\/#primaryimage\"},\"thumbnailUrl\":\"https:\/\/mekulo.com\/se\/wp-content\/uploads\/sites\/11\/2026\/01\/l2l1orj-1.jpg\",\"datePublished\":\"2026-01-13T15:54:27+00:00\",\"dateModified\":\"2026-01-14T16:46:46+00:00\",\"breadcrumb\":{\"@id\":\"https:\/\/mekulo.com\/se\/produkt\/ateranvandbar-regnjacka-med-huva-och-mask\/#breadcrumb\"},\"inLanguage\":\"sv-SE\",\"potentialAction\":[{\"@type\":\"ReadAction\",\"target\":[\"https:\/\/mekulo.com\/se\/produkt\/ateranvandbar-regnjacka-med-huva-och-mask\/\"]}]},{\"@type\":\"ImageObject\",\"inLanguage\":\"sv-SE\",\"@id\":\"https:\/\/mekulo.com\/se\/produkt\/ateranvandbar-regnjacka-med-huva-och-mask\/#primaryimage\",\"url\":\"https:\/\/mekulo.com\/se\/wp-content\/uploads\/sites\/11\/2026\/01\/l2l1orj-1.jpg\",\"contentUrl\":\"https:\/\/mekulo.com\/se\/wp-content\/uploads\/sites\/11\/2026\/01\/l2l1orj-1.jpg\",\"width\":800,\"height\":800},{\"@type\":\"BreadcrumbList\",\"@id\":\"https:\/\/mekulo.com\/se\/produkt\/ateranvandbar-regnjacka-med-huva-och-mask\/#breadcrumb\",\"itemListElement\":[{\"@type\":\"ListItem\",\"position\":1,\"name\":\"Home\",\"item\":\"https:\/\/mekulo.com\/se\/\"},{\"@type\":\"ListItem\",\"position\":2,\"name\":\"Butik\",\"item\":\"https:\/\/mekulo.com\/se\/butik\/\"},{\"@type\":\"ListItem\",\"position\":3,\"name\":\"\u00c5teranv\u00e4ndbar regnjacka med huva och mask\"}]},{\"@type\":\"WebSite\",\"@id\":\"https:\/\/mekulo.com\/se\/#website\",\"url\":\"https:\/\/mekulo.com\/se\/\",\"name\":\"Mekulo SE\",\"description\":\"\",\"publisher\":{\"@id\":\"https:\/\/mekulo.com\/se\/#organization\"},\"potentialAction\":[{\"@type\":\"SearchAction\",\"target\":{\"@type\":\"EntryPoint\",\"urlTemplate\":\"https:\/\/mekulo.com\/se\/?s={search_term_string}\"},\"query-input\":{\"@type\":\"PropertyValueSpecification\",\"valueRequired\":true,\"valueName\":\"search_term_string\"}}],\"inLanguage\":\"sv-SE\"},{\"@type\":\"Organization\",\"@id\":\"https:\/\/mekulo.com\/se\/#organization\",\"name\":\"Mekulo\",\"url\":\"https:\/\/mekulo.com\/se\/\",\"logo\":{\"@type\":\"ImageObject\",\"inLanguage\":\"sv-SE\",\"@id\":\"https:\/\/mekulo.com\/se\/#\/schema\/logo\/image\/\",\"url\":\"https:\/\/mekulo.com\/se\/wp-content\/uploads\/sites\/11\/2025\/12\/favicon_mekulo.png\",\"contentUrl\":\"https:\/\/mekulo.com\/se\/wp-content\/uploads\/sites\/11\/2025\/12\/favicon_mekulo.png\",\"width\":50,\"height\":50,\"caption\":\"Mekulo\"},\"image\":{\"@id\":\"https:\/\/mekulo.com\/se\/#\/schema\/logo\/image\/\"}}]}<\/script>\n<!-- \/ Yoast SEO plugin. -->","yoast_head_json":{"title":"\u00c5teranv\u00e4ndbar regnjacka med huva och mask - Mekulo SE","robots":{"index":"index","follow":"follow","max-snippet":"max-snippet:-1","max-image-preview":"max-image-preview:large","max-video-preview":"max-video-preview:-1"},"canonical":"https:\/\/mekulo.com\/se\/produkt\/ateranvandbar-regnjacka-med-huva-och-mask\/","og_locale":"sv_SE","og_type":"article","og_title":"\u00c5teranv\u00e4ndbar regnjacka med huva och mask - Mekulo SE","og_description":"Denna regnjacka med huva och inbyggd mask t\u00e4cker hela kroppen och h\u00e5ller dig torr i regn, vind och sn\u00f6. Den \u00e4r tillverkad av slitstarkt EVA-material och \u00e4r bekv\u00e4m att b\u00e4ra, l\u00e4tt att b\u00e4ra och perfekt f\u00f6r daglig pendling, utomhusaktiviteter eller resor. \u2614\ud83d\udca6","og_url":"https:\/\/mekulo.com\/se\/produkt\/ateranvandbar-regnjacka-med-huva-och-mask\/","og_site_name":"Mekulo SE","article_modified_time":"2026-01-14T16:46:46+00:00","og_image":[{"width":800,"height":800,"url":"https:\/\/mekulo.com\/se\/wp-content\/uploads\/sites\/11\/2026\/01\/l2l1orj-1.jpg","type":"image\/jpeg"}],"twitter_card":"summary_large_image","twitter_misc":{"Ber\u00e4knad l\u00e4stid":"2 minuter"},"schema":{"@context":"https:\/\/schema.org","@graph":[{"@type":"WebPage","@id":"https:\/\/mekulo.com\/se\/produkt\/ateranvandbar-regnjacka-med-huva-och-mask\/","url":"https:\/\/mekulo.com\/se\/produkt\/ateranvandbar-regnjacka-med-huva-och-mask\/","name":"\u00c5teranv\u00e4ndbar regnjacka med huva och mask - Mekulo SE","isPartOf":{"@id":"https:\/\/mekulo.com\/se\/#website"},"primaryImageOfPage":{"@id":"https:\/\/mekulo.com\/se\/produkt\/ateranvandbar-regnjacka-med-huva-och-mask\/#primaryimage"},"image":{"@id":"https:\/\/mekulo.com\/se\/produkt\/ateranvandbar-regnjacka-med-huva-och-mask\/#primaryimage"},"thumbnailUrl":"https:\/\/mekulo.com\/se\/wp-content\/uploads\/sites\/11\/2026\/01\/l2l1orj-1.jpg","datePublished":"2026-01-13T15:54:27+00:00","dateModified":"2026-01-14T16:46:46+00:00","breadcrumb":{"@id":"https:\/\/mekulo.com\/se\/produkt\/ateranvandbar-regnjacka-med-huva-och-mask\/#breadcrumb"},"inLanguage":"sv-SE","potentialAction":[{"@type":"ReadAction","target":["https:\/\/mekulo.com\/se\/produkt\/ateranvandbar-regnjacka-med-huva-och-mask\/"]}]},{"@type":"ImageObject","inLanguage":"sv-SE","@id":"https:\/\/mekulo.com\/se\/produkt\/ateranvandbar-regnjacka-med-huva-och-mask\/#primaryimage","url":"https:\/\/mekulo.com\/se\/wp-content\/uploads\/sites\/11\/2026\/01\/l2l1orj-1.jpg","contentUrl":"https:\/\/mekulo.com\/se\/wp-content\/uploads\/sites\/11\/2026\/01\/l2l1orj-1.jpg","width":800,"height":800},{"@type":"BreadcrumbList","@id":"https:\/\/mekulo.com\/se\/produkt\/ateranvandbar-regnjacka-med-huva-och-mask\/#breadcrumb","itemListElement":[{"@type":"ListItem","position":1,"name":"Home","item":"https:\/\/mekulo.com\/se\/"},{"@type":"ListItem","position":2,"name":"Butik","item":"https:\/\/mekulo.com\/se\/butik\/"},{"@type":"ListItem","position":3,"name":"\u00c5teranv\u00e4ndbar regnjacka med huva och mask"}]},{"@type":"WebSite","@id":"https:\/\/mekulo.com\/se\/#website","url":"https:\/\/mekulo.com\/se\/","name":"Mekulo SE","description":"","publisher":{"@id":"https:\/\/mekulo.com\/se\/#organization"},"potentialAction":[{"@type":"SearchAction","target":{"@type":"EntryPoint","urlTemplate":"https:\/\/mekulo.com\/se\/?s={search_term_string}"},"query-input":{"@type":"PropertyValueSpecification","valueRequired":true,"valueName":"search_term_string"}}],"inLanguage":"sv-SE"},{"@type":"Organization","@id":"https:\/\/mekulo.com\/se\/#organization","name":"Mekulo","url":"https:\/\/mekulo.com\/se\/","logo":{"@type":"ImageObject","inLanguage":"sv-SE","@id":"https:\/\/mekulo.com\/se\/#\/schema\/logo\/image\/","url":"https:\/\/mekulo.com\/se\/wp-content\/uploads\/sites\/11\/2025\/12\/favicon_mekulo.png","contentUrl":"https:\/\/mekulo.com\/se\/wp-content\/uploads\/sites\/11\/2025\/12\/favicon_mekulo.png","width":50,"height":50,"caption":"Mekulo"},"image":{"@id":"https:\/\/mekulo.com\/se\/#\/schema\/logo\/image\/"}}]}},"_links":{"self":[{"href":"https:\/\/mekulo.com\/se\/wp-json\/wp\/v2\/product\/16854","targetHints":{"allow":["GET"]}}],"collection":[{"href":"https:\/\/mekulo.com\/se\/wp-json\/wp\/v2\/product"}],"about":[{"href":"https:\/\/mekulo.com\/se\/wp-json\/wp\/v2\/types\/product"}],"replies":[{"embeddable":true,"href":"https:\/\/mekulo.com\/se\/wp-json\/wp\/v2\/comments?post=16854"}],"wp:featuredmedia":[{"embeddable":true,"href":"https:\/\/mekulo.com\/se\/wp-json\/wp\/v2\/media\/16850"}],"wp:attachment":[{"href":"https:\/\/mekulo.com\/se\/wp-json\/wp\/v2\/media?parent=16854"}],"wp:term":[{"taxonomy":"product_brand","embeddable":true,"href":"https:\/\/mekulo.com\/se\/wp-json\/wp\/v2\/product_brand?post=16854"},{"taxonomy":"product_cat","embeddable":true,"href":"https:\/\/mekulo.com\/se\/wp-json\/wp\/v2\/product_cat?post=16854"},{"taxonomy":"product_tag","embeddable":true,"href":"https:\/\/mekulo.com\/se\/wp-json\/wp\/v2\/product_tag?post=16854"}],"curies":[{"name":"wp","href":"https:\/\/api.w.org\/{rel}","templated":true}]}}