{"id":16810,"date":"2026-01-13T17:51:23","date_gmt":"2026-01-13T15:51:23","guid":{"rendered":"https:\/\/mekulo.com\/se\/produkt\/uppfallbar-sakerhetsboxavbitare\/"},"modified":"2026-01-14T18:42:21","modified_gmt":"2026-01-14T16:42:21","slug":"uppfallbar-sakerhetsboxavbitare","status":"publish","type":"product","link":"https:\/\/mekulo.com\/se\/produkt\/uppfallbar-sakerhetsboxavbitare\/","title":{"rendered":"Uppf\u00e4llbar s\u00e4kerhetsboxavbitare"},"content":{"rendered":"<p style=\"text-align: center;\" data-start=\"0\" data-end=\"82\"><strong data-start=\"0\" data-end=\"82\">\u00d6ppna f\u00f6rpackningar snabbt och s\u00e4kert med en sk\u00e4rare som \u00e4r utformad f\u00f6r att skydda dina h\u00e4nder. \ud83c\udf81\ud83d\udce6<\/strong><\/p>\n<p data-start=\"84\" data-end=\"328\"><img fetchpriority=\"high\" decoding=\"async\" class=\"size-full wp-image-18646 aligncenter\" src=\"https:\/\/mekulo.com\/template\/wp-content\/uploads\/sites\/6\/2026\/01\/spp_shopify20250928143003_31440785a2983d54e619d4f92de4816a_c4a2ce33-65e2-4e45-a3b4-718f79a479c8.webp\" alt=\"\" width=\"713\" height=\"713\" \/><\/p>\n<h2 style=\"text-align: center;\" data-start=\"335\" data-end=\"354\">Huvudsakliga f\u00f6rdelar<\/h2>\n<p data-start=\"358\" data-end=\"430\">\ud83d\udd12 Auto-retraherande blad &#8211; Bladet dras in direkt efter varje snitt.<\/p>\n<p data-start=\"433\" data-end=\"500\">\u2702\ufe0f Slitstarkt keramiskt blad &#8211; Skarpt, rostfritt och h\u00e5llbart.<\/p>\n<p data-start=\"503\" data-end=\"573\">\ud83d\udd90\ufe0f S\u00e4ker enhandsanv\u00e4ndning &#8211; Minskar risken f\u00f6r sk\u00e4rs\u00e5r och handskador.<\/p>\n<p data-start=\"576\" data-end=\"633\">\ud83e\uddf2 Magnetisk design &#8211; Enkel f\u00f6rvaring p\u00e5 metallytor.<\/p>\n<p data-start=\"636\" data-end=\"708\">\ud83d\udce6 Perfekt f\u00f6r uppackning- sk\u00e4r snabbt av tejp, kartong och f\u00f6rpackningar.<\/p>\n<p data-start=\"636\" data-end=\"708\"><img decoding=\"async\" class=\"size-full wp-image-18644 aligncenter\" src=\"https:\/\/mekulo.com\/template\/wp-content\/uploads\/sites\/6\/2026\/01\/spp_shopify20250928143003_30f17079a884e442615d809773c828a3_ad79d586-9ed9-40d3-b09d-2011bc438bc8.webp\" alt=\"\" width=\"713\" height=\"713\" \/><\/p>\n<h2 style=\"text-align: center;\" data-start=\"715\" data-end=\"733\"><strong>Hur Man Anv\u00e4nder<\/strong><\/h2>\n<ol data-start=\"735\" data-end=\"986\">\n<li data-start=\"735\" data-end=\"780\">\n<p data-start=\"738\" data-end=\"780\">H\u00e5ll sk\u00e4raren bekv\u00e4mt i en hand.<\/p>\n<\/li>\n<li data-start=\"781\" data-end=\"835\">\n<p data-start=\"784\" data-end=\"835\">Tryck och skjut bladet \u00f6ver tejp eller kartong.<\/p>\n<\/li>\n<li data-start=\"836\" data-end=\"883\">\n<p data-start=\"839\" data-end=\"883\">Sl\u00e4pp trycket n\u00e4r sk\u00e4rningen \u00e4r klar.<\/p>\n<\/li>\n<li data-start=\"884\" data-end=\"933\">\n<p data-start=\"887\" data-end=\"933\">Bladet dras automatiskt tillbaka f\u00f6r s\u00e4kerhets skull.<\/p>\n<\/li>\n<li data-start=\"934\" data-end=\"986\">\n<p data-start=\"937\" data-end=\"986\">F\u00f6rvara p\u00e5 en metallyta med hj\u00e4lp av den magnetiska baksidan.<\/p>\n<\/li>\n<\/ol>\n<h2 style=\"text-align: center;\" data-start=\"993\" data-end=\"1015\"><strong>Produktdetaljer<\/strong><\/h2>\n<ul data-start=\"1017\" data-end=\"1198\">\n<li data-start=\"1017\" data-end=\"1050\">\n<p data-start=\"1019\" data-end=\"1050\">Material: ABS + keramiskt blad<\/p>\n<\/li>\n<li data-start=\"1051\" data-end=\"1090\">\n<p data-start=\"1053\" data-end=\"1090\">Bladtyp: Keramisk, rostbest\u00e4ndig<\/p>\n<\/li>\n<li data-start=\"1091\" data-end=\"1113\">\n<p data-start=\"1093\" data-end=\"1113\">Storlek: 5,9 x 4,1 cm<\/p>\n<\/li>\n<li data-start=\"1114\" data-end=\"1152\">\n<p data-start=\"1116\" data-end=\"1152\">Design: Automatisk indragning av bladet<\/p>\n<\/li>\n<li data-start=\"1153\" data-end=\"1198\">\n<p data-start=\"1155\" data-end=\"1198\">Anv\u00e4ndning: Tejp, kartong, f\u00f6rpackningsmaterial<\/p>\n<\/li>\n<\/ul>\n<h2 style=\"text-align: center;\" data-start=\"1205\" data-end=\"1228\"><strong>Paketet inneh\u00e5ller<\/strong><\/h2>\n<ul data-start=\"1230\" data-end=\"1267\">\n<li data-start=\"1230\" data-end=\"1267\">\n<p data-start=\"1232\" data-end=\"1267\">1, 2, 4x inf\u00e4llbara s\u00e4kerhetssk\u00e4rare.<\/p>\n<\/li>\n<\/ul>\n","protected":false},"excerpt":{"rendered":"<p>Denna inf\u00e4llbara kartongsk\u00e4rare har ett vasst keramiskt blad med automatisk inf\u00e4llning f\u00f6r att sk\u00e4ra igenom tejp och kartong utan olyckor. Den \u00e4r kompakt, l\u00e4tt och enkel att styra och \u00e4r perfekt f\u00f6r daglig uppackning hemma, p\u00e5 jobbet eller p\u00e5 spr\u00e5ng. Ett kompakt, smart sk\u00e4rverktyg som g\u00f6r varje uppackning s\u00e4krare, snabbare och stressfri.<\/p>\n","protected":false},"featured_media":16806,"comment_status":"open","ping_status":"closed","template":"","meta":{"site-sidebar-layout":"default","site-content-layout":"","ast-site-content-layout":"default","site-content-style":"default","site-sidebar-style":"default","ast-global-header-display":"","ast-banner-title-visibility":"","ast-main-header-display":"","ast-hfb-above-header-display":"","ast-hfb-below-header-display":"","ast-hfb-mobile-header-display":"","site-post-title":"","ast-breadcrumbs-content":"","ast-featured-img":"","footer-sml-layout":"","theme-transparent-header-meta":"default","adv-header-id-meta":"","stick-header-meta":"","header-above-stick-meta":"","header-main-stick-meta":"","header-below-stick-meta":"","astra-migrate-meta-layouts":"set","ast-page-background-enabled":"default","ast-page-background-meta":{"desktop":{"background-color":"var(--ast-global-color-5)","background-image":"","background-repeat":"repeat","background-position":"center center","background-size":"auto","background-attachment":"scroll","background-type":"","background-media":"","overlay-type":"","overlay-color":"","overlay-opacity":"","overlay-gradient":""},"tablet":{"background-color":"","background-image":"","background-repeat":"repeat","background-position":"center center","background-size":"auto","background-attachment":"scroll","background-type":"","background-media":"","overlay-type":"","overlay-color":"","overlay-opacity":"","overlay-gradient":""},"mobile":{"background-color":"","background-image":"","background-repeat":"repeat","background-position":"center center","background-size":"auto","background-attachment":"scroll","background-type":"","background-media":"","overlay-type":"","overlay-color":"","overlay-opacity":"","overlay-gradient":""}},"ast-content-background-meta":{"desktop":{"background-color":"var(--ast-global-color-4)","background-image":"","background-repeat":"repeat","background-position":"center center","background-size":"auto","background-attachment":"scroll","background-type":"","background-media":"","overlay-type":"","overlay-color":"","overlay-opacity":"","overlay-gradient":""},"tablet":{"background-color":"var(--ast-global-color-4)","background-image":"","background-repeat":"repeat","background-position":"center center","background-size":"auto","background-attachment":"scroll","background-type":"","background-media":"","overlay-type":"","overlay-color":"","overlay-opacity":"","overlay-gradient":""},"mobile":{"background-color":"var(--ast-global-color-4)","background-image":"","background-repeat":"repeat","background-position":"center center","background-size":"auto","background-attachment":"scroll","background-type":"","background-media":"","overlay-type":"","overlay-color":"","overlay-opacity":"","overlay-gradient":""}}},"product_brand":[],"product_cat":[168,171],"product_tag":[],"class_list":{"0":"post-16810","1":"product","2":"type-product","3":"status-publish","4":"has-post-thumbnail","6":"product_cat-hushallsartiklar","7":"product_cat-verktyg","8":"pa_66657_1sqxcvte-1-st","9":"pa_66657_1sqxcvte-2-st","10":"pa_66657_1sqxcvte-4-st","11":"pa_66657_4hmjm9ee-khaki","12":"pa_66657_4hmjm9ee-svart","13":"desktop-align-left","14":"tablet-align-left","15":"mobile-align-left","17":"first","18":"instock","19":"shipping-taxable","20":"purchasable","21":"product-type-variable"},"yoast_head":"<!-- This site is optimized with the Yoast SEO plugin v26.6 - https:\/\/yoast.com\/wordpress\/plugins\/seo\/ -->\n<title>Uppf\u00e4llbar s\u00e4kerhetsboxavbitare - Mekulo SE<\/title>\n<meta name=\"robots\" content=\"index, follow, max-snippet:-1, max-image-preview:large, max-video-preview:-1\" \/>\n<link rel=\"canonical\" href=\"https:\/\/mekulo.com\/se\/produkt\/uppfallbar-sakerhetsboxavbitare\/\" \/>\n<meta property=\"og:locale\" content=\"sv_SE\" \/>\n<meta property=\"og:type\" content=\"article\" \/>\n<meta property=\"og:title\" content=\"Uppf\u00e4llbar s\u00e4kerhetsboxavbitare - Mekulo SE\" \/>\n<meta property=\"og:description\" content=\"Denna inf\u00e4llbara kartongsk\u00e4rare har ett vasst keramiskt blad med automatisk inf\u00e4llning f\u00f6r att sk\u00e4ra igenom tejp och kartong utan olyckor. Den \u00e4r kompakt, l\u00e4tt och enkel att styra och \u00e4r perfekt f\u00f6r daglig uppackning hemma, p\u00e5 jobbet eller p\u00e5 spr\u00e5ng. Ett kompakt, smart sk\u00e4rverktyg som g\u00f6r varje uppackning s\u00e4krare, snabbare och stressfri.\" \/>\n<meta property=\"og:url\" content=\"https:\/\/mekulo.com\/se\/produkt\/uppfallbar-sakerhetsboxavbitare\/\" \/>\n<meta property=\"og:site_name\" content=\"Mekulo SE\" \/>\n<meta property=\"article:modified_time\" content=\"2026-01-14T16:42:21+00:00\" \/>\n<meta property=\"og:image\" content=\"https:\/\/mekulo.com\/se\/wp-content\/uploads\/sites\/11\/2026\/01\/1mqhvcr-1.jpg\" \/>\n\t<meta property=\"og:image:width\" content=\"1080\" \/>\n\t<meta property=\"og:image:height\" content=\"1080\" \/>\n\t<meta property=\"og:image:type\" content=\"image\/jpeg\" \/>\n<meta name=\"twitter:card\" content=\"summary_large_image\" \/>\n<meta name=\"twitter:label1\" content=\"Ber\u00e4knad l\u00e4stid\" \/>\n\t<meta name=\"twitter:data1\" content=\"2 minuter\" \/>\n<script type=\"application\/ld+json\" class=\"yoast-schema-graph\">{\"@context\":\"https:\/\/schema.org\",\"@graph\":[{\"@type\":\"WebPage\",\"@id\":\"https:\/\/mekulo.com\/se\/produkt\/uppfallbar-sakerhetsboxavbitare\/\",\"url\":\"https:\/\/mekulo.com\/se\/produkt\/uppfallbar-sakerhetsboxavbitare\/\",\"name\":\"Uppf\u00e4llbar s\u00e4kerhetsboxavbitare - Mekulo SE\",\"isPartOf\":{\"@id\":\"https:\/\/mekulo.com\/se\/#website\"},\"primaryImageOfPage\":{\"@id\":\"https:\/\/mekulo.com\/se\/produkt\/uppfallbar-sakerhetsboxavbitare\/#primaryimage\"},\"image\":{\"@id\":\"https:\/\/mekulo.com\/se\/produkt\/uppfallbar-sakerhetsboxavbitare\/#primaryimage\"},\"thumbnailUrl\":\"https:\/\/mekulo.com\/se\/wp-content\/uploads\/sites\/11\/2026\/01\/1mqhvcr-1.jpg\",\"datePublished\":\"2026-01-13T15:51:23+00:00\",\"dateModified\":\"2026-01-14T16:42:21+00:00\",\"breadcrumb\":{\"@id\":\"https:\/\/mekulo.com\/se\/produkt\/uppfallbar-sakerhetsboxavbitare\/#breadcrumb\"},\"inLanguage\":\"sv-SE\",\"potentialAction\":[{\"@type\":\"ReadAction\",\"target\":[\"https:\/\/mekulo.com\/se\/produkt\/uppfallbar-sakerhetsboxavbitare\/\"]}]},{\"@type\":\"ImageObject\",\"inLanguage\":\"sv-SE\",\"@id\":\"https:\/\/mekulo.com\/se\/produkt\/uppfallbar-sakerhetsboxavbitare\/#primaryimage\",\"url\":\"https:\/\/mekulo.com\/se\/wp-content\/uploads\/sites\/11\/2026\/01\/1mqhvcr-1.jpg\",\"contentUrl\":\"https:\/\/mekulo.com\/se\/wp-content\/uploads\/sites\/11\/2026\/01\/1mqhvcr-1.jpg\",\"width\":1080,\"height\":1080},{\"@type\":\"BreadcrumbList\",\"@id\":\"https:\/\/mekulo.com\/se\/produkt\/uppfallbar-sakerhetsboxavbitare\/#breadcrumb\",\"itemListElement\":[{\"@type\":\"ListItem\",\"position\":1,\"name\":\"Home\",\"item\":\"https:\/\/mekulo.com\/se\/\"},{\"@type\":\"ListItem\",\"position\":2,\"name\":\"Butik\",\"item\":\"https:\/\/mekulo.com\/se\/butik\/\"},{\"@type\":\"ListItem\",\"position\":3,\"name\":\"Uppf\u00e4llbar s\u00e4kerhetsboxavbitare\"}]},{\"@type\":\"WebSite\",\"@id\":\"https:\/\/mekulo.com\/se\/#website\",\"url\":\"https:\/\/mekulo.com\/se\/\",\"name\":\"Mekulo SE\",\"description\":\"\",\"publisher\":{\"@id\":\"https:\/\/mekulo.com\/se\/#organization\"},\"potentialAction\":[{\"@type\":\"SearchAction\",\"target\":{\"@type\":\"EntryPoint\",\"urlTemplate\":\"https:\/\/mekulo.com\/se\/?s={search_term_string}\"},\"query-input\":{\"@type\":\"PropertyValueSpecification\",\"valueRequired\":true,\"valueName\":\"search_term_string\"}}],\"inLanguage\":\"sv-SE\"},{\"@type\":\"Organization\",\"@id\":\"https:\/\/mekulo.com\/se\/#organization\",\"name\":\"Mekulo\",\"url\":\"https:\/\/mekulo.com\/se\/\",\"logo\":{\"@type\":\"ImageObject\",\"inLanguage\":\"sv-SE\",\"@id\":\"https:\/\/mekulo.com\/se\/#\/schema\/logo\/image\/\",\"url\":\"https:\/\/mekulo.com\/se\/wp-content\/uploads\/sites\/11\/2025\/12\/favicon_mekulo.png\",\"contentUrl\":\"https:\/\/mekulo.com\/se\/wp-content\/uploads\/sites\/11\/2025\/12\/favicon_mekulo.png\",\"width\":50,\"height\":50,\"caption\":\"Mekulo\"},\"image\":{\"@id\":\"https:\/\/mekulo.com\/se\/#\/schema\/logo\/image\/\"}}]}<\/script>\n<!-- \/ Yoast SEO plugin. -->","yoast_head_json":{"title":"Uppf\u00e4llbar s\u00e4kerhetsboxavbitare - Mekulo SE","robots":{"index":"index","follow":"follow","max-snippet":"max-snippet:-1","max-image-preview":"max-image-preview:large","max-video-preview":"max-video-preview:-1"},"canonical":"https:\/\/mekulo.com\/se\/produkt\/uppfallbar-sakerhetsboxavbitare\/","og_locale":"sv_SE","og_type":"article","og_title":"Uppf\u00e4llbar s\u00e4kerhetsboxavbitare - Mekulo SE","og_description":"Denna inf\u00e4llbara kartongsk\u00e4rare har ett vasst keramiskt blad med automatisk inf\u00e4llning f\u00f6r att sk\u00e4ra igenom tejp och kartong utan olyckor. Den \u00e4r kompakt, l\u00e4tt och enkel att styra och \u00e4r perfekt f\u00f6r daglig uppackning hemma, p\u00e5 jobbet eller p\u00e5 spr\u00e5ng. Ett kompakt, smart sk\u00e4rverktyg som g\u00f6r varje uppackning s\u00e4krare, snabbare och stressfri.","og_url":"https:\/\/mekulo.com\/se\/produkt\/uppfallbar-sakerhetsboxavbitare\/","og_site_name":"Mekulo SE","article_modified_time":"2026-01-14T16:42:21+00:00","og_image":[{"width":1080,"height":1080,"url":"https:\/\/mekulo.com\/se\/wp-content\/uploads\/sites\/11\/2026\/01\/1mqhvcr-1.jpg","type":"image\/jpeg"}],"twitter_card":"summary_large_image","twitter_misc":{"Ber\u00e4knad l\u00e4stid":"2 minuter"},"schema":{"@context":"https:\/\/schema.org","@graph":[{"@type":"WebPage","@id":"https:\/\/mekulo.com\/se\/produkt\/uppfallbar-sakerhetsboxavbitare\/","url":"https:\/\/mekulo.com\/se\/produkt\/uppfallbar-sakerhetsboxavbitare\/","name":"Uppf\u00e4llbar s\u00e4kerhetsboxavbitare - Mekulo SE","isPartOf":{"@id":"https:\/\/mekulo.com\/se\/#website"},"primaryImageOfPage":{"@id":"https:\/\/mekulo.com\/se\/produkt\/uppfallbar-sakerhetsboxavbitare\/#primaryimage"},"image":{"@id":"https:\/\/mekulo.com\/se\/produkt\/uppfallbar-sakerhetsboxavbitare\/#primaryimage"},"thumbnailUrl":"https:\/\/mekulo.com\/se\/wp-content\/uploads\/sites\/11\/2026\/01\/1mqhvcr-1.jpg","datePublished":"2026-01-13T15:51:23+00:00","dateModified":"2026-01-14T16:42:21+00:00","breadcrumb":{"@id":"https:\/\/mekulo.com\/se\/produkt\/uppfallbar-sakerhetsboxavbitare\/#breadcrumb"},"inLanguage":"sv-SE","potentialAction":[{"@type":"ReadAction","target":["https:\/\/mekulo.com\/se\/produkt\/uppfallbar-sakerhetsboxavbitare\/"]}]},{"@type":"ImageObject","inLanguage":"sv-SE","@id":"https:\/\/mekulo.com\/se\/produkt\/uppfallbar-sakerhetsboxavbitare\/#primaryimage","url":"https:\/\/mekulo.com\/se\/wp-content\/uploads\/sites\/11\/2026\/01\/1mqhvcr-1.jpg","contentUrl":"https:\/\/mekulo.com\/se\/wp-content\/uploads\/sites\/11\/2026\/01\/1mqhvcr-1.jpg","width":1080,"height":1080},{"@type":"BreadcrumbList","@id":"https:\/\/mekulo.com\/se\/produkt\/uppfallbar-sakerhetsboxavbitare\/#breadcrumb","itemListElement":[{"@type":"ListItem","position":1,"name":"Home","item":"https:\/\/mekulo.com\/se\/"},{"@type":"ListItem","position":2,"name":"Butik","item":"https:\/\/mekulo.com\/se\/butik\/"},{"@type":"ListItem","position":3,"name":"Uppf\u00e4llbar s\u00e4kerhetsboxavbitare"}]},{"@type":"WebSite","@id":"https:\/\/mekulo.com\/se\/#website","url":"https:\/\/mekulo.com\/se\/","name":"Mekulo SE","description":"","publisher":{"@id":"https:\/\/mekulo.com\/se\/#organization"},"potentialAction":[{"@type":"SearchAction","target":{"@type":"EntryPoint","urlTemplate":"https:\/\/mekulo.com\/se\/?s={search_term_string}"},"query-input":{"@type":"PropertyValueSpecification","valueRequired":true,"valueName":"search_term_string"}}],"inLanguage":"sv-SE"},{"@type":"Organization","@id":"https:\/\/mekulo.com\/se\/#organization","name":"Mekulo","url":"https:\/\/mekulo.com\/se\/","logo":{"@type":"ImageObject","inLanguage":"sv-SE","@id":"https:\/\/mekulo.com\/se\/#\/schema\/logo\/image\/","url":"https:\/\/mekulo.com\/se\/wp-content\/uploads\/sites\/11\/2025\/12\/favicon_mekulo.png","contentUrl":"https:\/\/mekulo.com\/se\/wp-content\/uploads\/sites\/11\/2025\/12\/favicon_mekulo.png","width":50,"height":50,"caption":"Mekulo"},"image":{"@id":"https:\/\/mekulo.com\/se\/#\/schema\/logo\/image\/"}}]}},"_links":{"self":[{"href":"https:\/\/mekulo.com\/se\/wp-json\/wp\/v2\/product\/16810","targetHints":{"allow":["GET"]}}],"collection":[{"href":"https:\/\/mekulo.com\/se\/wp-json\/wp\/v2\/product"}],"about":[{"href":"https:\/\/mekulo.com\/se\/wp-json\/wp\/v2\/types\/product"}],"replies":[{"embeddable":true,"href":"https:\/\/mekulo.com\/se\/wp-json\/wp\/v2\/comments?post=16810"}],"wp:featuredmedia":[{"embeddable":true,"href":"https:\/\/mekulo.com\/se\/wp-json\/wp\/v2\/media\/16806"}],"wp:attachment":[{"href":"https:\/\/mekulo.com\/se\/wp-json\/wp\/v2\/media?parent=16810"}],"wp:term":[{"taxonomy":"product_brand","embeddable":true,"href":"https:\/\/mekulo.com\/se\/wp-json\/wp\/v2\/product_brand?post=16810"},{"taxonomy":"product_cat","embeddable":true,"href":"https:\/\/mekulo.com\/se\/wp-json\/wp\/v2\/product_cat?post=16810"},{"taxonomy":"product_tag","embeddable":true,"href":"https:\/\/mekulo.com\/se\/wp-json\/wp\/v2\/product_tag?post=16810"}],"curies":[{"name":"wp","href":"https:\/\/api.w.org\/{rel}","templated":true}]}}