{"id":16781,"date":"2026-01-13T17:48:32","date_gmt":"2026-01-13T15:48:32","guid":{"rendered":"https:\/\/mekulo.com\/se\/produkt\/reseask-med-tvalpapper-8-st\/"},"modified":"2026-01-14T18:38:21","modified_gmt":"2026-01-14T16:38:21","slug":"reseask-med-tvalpapper-8-st","status":"publish","type":"product","link":"https:\/\/mekulo.com\/se\/produkt\/reseask-med-tvalpapper-8-st\/","title":{"rendered":"Reseask med tv\u00e5lpapper (8 st)"},"content":{"rendered":"<p style=\"text-align: center;\" data-start=\"0\" data-end=\"75\"><strong data-start=\"0\" data-end=\"75\">Reng\u00f6r dina h\u00e4nder var som helst, n\u00e4r som helst med ultratunna tv\u00e5lpapper f\u00f6r resor. \ud83e\uddfc\ud83e\udee7<\/strong><\/p>\n<p data-start=\"0\" data-end=\"75\"><img fetchpriority=\"high\" decoding=\"async\" class=\"size-full wp-image-15108 aligncenter\" src=\"https:\/\/mekulo.com\/template\/wp-content\/uploads\/sites\/6\/2026\/01\/H14c94b67b8b240afbb208c44f79cdc14Z.webp\" alt=\"\" width=\"713\" height=\"713\" \/><\/p>\n<h2 style=\"text-align: center;\" data-start=\"320\" data-end=\"340\"><strong>\ud83e\uddfc Huvudsakliga f\u00f6rdelar<\/strong><\/h2>\n<p data-start=\"344\" data-end=\"421\">\u2728 Eng\u00e5ngsbruk &amp; hygienisk &#8211; Eng\u00e5ngsark f\u00f6rhindrar korskontaminering.<\/p>\n<p data-start=\"424\" data-end=\"502\">\ud83e\uddf3 Ultraportabel design &#8211; Tunn, l\u00e4tt och l\u00e4tt att b\u00e4ra var som helst.<\/p>\n<p data-start=\"505\" data-end=\"568\">\ud83d\udca6 Omedelbart l\u00f6dder &#8211; Tills\u00e4tt bara vatten f\u00f6r snabb skummande tv\u00e5l.<\/p>\n<p data-start=\"571\" data-end=\"644\">\ud83d\udd90\ufe0f Multifunktionell anv\u00e4ndning &#8211; L\u00e4mplig f\u00f6r handtv\u00e4tt och kroppsreng\u00f6ring.<\/p>\n<p data-start=\"647\" data-end=\"716\">\ud83c\udf3f Mild och skonsam formula &#8211; Irriterar inte och l\u00e4mnar inga rester.<\/p>\n<p data-start=\"647\" data-end=\"716\"><img decoding=\"async\" class=\"size-full wp-image-15104 aligncenter\" src=\"https:\/\/mekulo.com\/template\/wp-content\/uploads\/sites\/6\/2026\/01\/Hfd815a85e8964471a08de396f1bb793cL.webp\" alt=\"\" width=\"713\" height=\"713\" \/><\/p>\n<h2 style=\"text-align: center;\" data-start=\"723\" data-end=\"740\"><strong>\ud83d\udebf Hur Man Anv\u00e4nder<\/strong><\/h2>\n<ol data-start=\"742\" data-end=\"921\">\n<li data-start=\"742\" data-end=\"781\">\n<p data-start=\"745\" data-end=\"781\">Ta ett tv\u00e5lpapper fr\u00e5n l\u00e5dan.<\/p>\n<\/li>\n<li data-start=\"782\" data-end=\"817\">\n<p data-start=\"785\" data-end=\"817\">Placera det p\u00e5 din hand eller hud.<\/p>\n<\/li>\n<li data-start=\"818\" data-end=\"851\">\n<p data-start=\"821\" data-end=\"851\">Tills\u00e4tt en liten m\u00e4ngd vatten.<\/p>\n<\/li>\n<li data-start=\"852\" data-end=\"894\">\n<p data-start=\"855\" data-end=\"894\">Gnugga f\u00f6r att skapa skum och tv\u00e4tta normalt.<\/p>\n<\/li>\n<li data-start=\"895\" data-end=\"921\">\n<p data-start=\"898\" data-end=\"921\">Sk\u00f6lj med rent vatten.<\/p>\n<\/li>\n<\/ol>\n<h2 style=\"text-align: center;\" data-start=\"928\" data-end=\"950\"><strong>\ud83d\udccf Produktdetaljer<\/strong><\/h2>\n<ul data-start=\"952\" data-end=\"1168\">\n<li data-start=\"990\" data-end=\"1022\">\n<p data-start=\"992\" data-end=\"1022\">Kvantitet: 20 tv\u00e5lpapper per l\u00e5da<\/p>\n<\/li>\n<li data-start=\"1023\" data-end=\"1066\">\n<p data-start=\"1025\" data-end=\"1066\">Form: Papperstunna tv\u00e5lark f\u00f6r eng\u00e5ngsbruk<\/p>\n<\/li>\n<li data-start=\"1067\" data-end=\"1107\">\n<p data-start=\"1069\" data-end=\"1107\">F\u00f6rvaring: F\u00f6rvaras f\u00f6rseglat n\u00e4r det inte anv\u00e4nds<\/p>\n<\/li>\n<li data-start=\"1108\" data-end=\"1168\">\n<p data-start=\"1110\" data-end=\"1168\">L\u00e4mplig f\u00f6r: Resor, aff\u00e4rsresor, utomhusaktiviteter<\/p>\n<\/li>\n<\/ul>\n<h2 style=\"text-align: center;\" data-start=\"1175\" data-end=\"1198\"><strong>\ud83d\udce6 F\u00f6rpackningen inneh\u00e5ller<\/strong><\/h2>\n<ul data-start=\"1200\" data-end=\"1244\">\n<li data-start=\"1200\" data-end=\"1244\">\n<p data-start=\"1202\" data-end=\"1244\">8x l\u00e5dor med tv\u00e5lpapper f\u00f6r resor (160 st).<\/p>\n<\/li>\n<\/ul>\n","protected":false},"excerpt":{"rendered":"<p>Dessa reseboxar med tv\u00e5lpapper l\u00f6ses upp direkt med vatten, vilket ger dig snabb och hygienisk reng\u00f6ring utan att beh\u00f6va b\u00e4ra med dig skrymmande tv\u00e5l- eller v\u00e4tskeflaskor. De \u00e4r perfekta f\u00f6r resor, arbete, camping och dagliga utflykter och h\u00e5ller dig ren samtidigt som de sparar utrymme. En enkel, ren och utrymmesbesparande hygienl\u00f6sning f\u00f6r livet p\u00e5 spr\u00e5ng.<\/p>\n","protected":false},"featured_media":16777,"comment_status":"open","ping_status":"closed","template":"","meta":{"site-sidebar-layout":"default","site-content-layout":"","ast-site-content-layout":"default","site-content-style":"default","site-sidebar-style":"default","ast-global-header-display":"","ast-banner-title-visibility":"","ast-main-header-display":"","ast-hfb-above-header-display":"","ast-hfb-below-header-display":"","ast-hfb-mobile-header-display":"","site-post-title":"","ast-breadcrumbs-content":"","ast-featured-img":"","footer-sml-layout":"","theme-transparent-header-meta":"default","adv-header-id-meta":"","stick-header-meta":"","header-above-stick-meta":"","header-main-stick-meta":"","header-below-stick-meta":"","astra-migrate-meta-layouts":"set","ast-page-background-enabled":"default","ast-page-background-meta":{"desktop":{"background-color":"var(--ast-global-color-5)","background-image":"","background-repeat":"repeat","background-position":"center center","background-size":"auto","background-attachment":"scroll","background-type":"","background-media":"","overlay-type":"","overlay-color":"","overlay-opacity":"","overlay-gradient":""},"tablet":{"background-color":"","background-image":"","background-repeat":"repeat","background-position":"center center","background-size":"auto","background-attachment":"scroll","background-type":"","background-media":"","overlay-type":"","overlay-color":"","overlay-opacity":"","overlay-gradient":""},"mobile":{"background-color":"","background-image":"","background-repeat":"repeat","background-position":"center center","background-size":"auto","background-attachment":"scroll","background-type":"","background-media":"","overlay-type":"","overlay-color":"","overlay-opacity":"","overlay-gradient":""}},"ast-content-background-meta":{"desktop":{"background-color":"var(--ast-global-color-4)","background-image":"","background-repeat":"repeat","background-position":"center center","background-size":"auto","background-attachment":"scroll","background-type":"","background-media":"","overlay-type":"","overlay-color":"","overlay-opacity":"","overlay-gradient":""},"tablet":{"background-color":"var(--ast-global-color-4)","background-image":"","background-repeat":"repeat","background-position":"center center","background-size":"auto","background-attachment":"scroll","background-type":"","background-media":"","overlay-type":"","overlay-color":"","overlay-opacity":"","overlay-gradient":""},"mobile":{"background-color":"var(--ast-global-color-4)","background-image":"","background-repeat":"repeat","background-position":"center center","background-size":"auto","background-attachment":"scroll","background-type":"","background-media":"","overlay-type":"","overlay-color":"","overlay-opacity":"","overlay-gradient":""}}},"product_brand":[],"product_cat":[168],"product_tag":[],"class_list":{"0":"post-16781","1":"product","2":"type-product","3":"status-publish","4":"has-post-thumbnail","6":"product_cat-hushallsartiklar","7":"pa_66619_j5u9wbsm-bla","8":"pa_66619_j5u9wbsm-gron","9":"pa_66619_j5u9wbsm-gul","10":"pa_66619_j5u9wbsm-lila","11":"pa_66619_j5u9wbsm-rosa","12":"desktop-align-left","13":"tablet-align-left","14":"mobile-align-left","16":"first","17":"instock","18":"shipping-taxable","19":"purchasable","20":"product-type-variable"},"yoast_head":"<!-- This site is optimized with the Yoast SEO plugin v26.6 - https:\/\/yoast.com\/wordpress\/plugins\/seo\/ -->\n<title>Reseask med tv\u00e5lpapper (8 st) - Mekulo SE<\/title>\n<meta name=\"robots\" content=\"index, follow, max-snippet:-1, max-image-preview:large, max-video-preview:-1\" \/>\n<link rel=\"canonical\" href=\"https:\/\/mekulo.com\/se\/produkt\/reseask-med-tvalpapper-8-st\/\" \/>\n<meta property=\"og:locale\" content=\"sv_SE\" \/>\n<meta property=\"og:type\" content=\"article\" \/>\n<meta property=\"og:title\" content=\"Reseask med tv\u00e5lpapper (8 st) - Mekulo SE\" \/>\n<meta property=\"og:description\" content=\"Dessa reseboxar med tv\u00e5lpapper l\u00f6ses upp direkt med vatten, vilket ger dig snabb och hygienisk reng\u00f6ring utan att beh\u00f6va b\u00e4ra med dig skrymmande tv\u00e5l- eller v\u00e4tskeflaskor. De \u00e4r perfekta f\u00f6r resor, arbete, camping och dagliga utflykter och h\u00e5ller dig ren samtidigt som de sparar utrymme. En enkel, ren och utrymmesbesparande hygienl\u00f6sning f\u00f6r livet p\u00e5 spr\u00e5ng.\" \/>\n<meta property=\"og:url\" content=\"https:\/\/mekulo.com\/se\/produkt\/reseask-med-tvalpapper-8-st\/\" \/>\n<meta property=\"og:site_name\" content=\"Mekulo SE\" \/>\n<meta property=\"article:modified_time\" content=\"2026-01-14T16:38:21+00:00\" \/>\n<meta property=\"og:image\" content=\"https:\/\/mekulo.com\/se\/wp-content\/uploads\/sites\/11\/2026\/01\/4xpb9nx-1.jpg\" \/>\n\t<meta property=\"og:image:width\" content=\"960\" \/>\n\t<meta property=\"og:image:height\" content=\"960\" \/>\n\t<meta property=\"og:image:type\" content=\"image\/jpeg\" \/>\n<meta name=\"twitter:card\" content=\"summary_large_image\" \/>\n<meta name=\"twitter:label1\" content=\"Ber\u00e4knad l\u00e4stid\" \/>\n\t<meta name=\"twitter:data1\" content=\"2 minuter\" \/>\n<script type=\"application\/ld+json\" class=\"yoast-schema-graph\">{\"@context\":\"https:\/\/schema.org\",\"@graph\":[{\"@type\":\"WebPage\",\"@id\":\"https:\/\/mekulo.com\/se\/produkt\/reseask-med-tvalpapper-8-st\/\",\"url\":\"https:\/\/mekulo.com\/se\/produkt\/reseask-med-tvalpapper-8-st\/\",\"name\":\"Reseask med tv\u00e5lpapper (8 st) - Mekulo SE\",\"isPartOf\":{\"@id\":\"https:\/\/mekulo.com\/se\/#website\"},\"primaryImageOfPage\":{\"@id\":\"https:\/\/mekulo.com\/se\/produkt\/reseask-med-tvalpapper-8-st\/#primaryimage\"},\"image\":{\"@id\":\"https:\/\/mekulo.com\/se\/produkt\/reseask-med-tvalpapper-8-st\/#primaryimage\"},\"thumbnailUrl\":\"https:\/\/mekulo.com\/se\/wp-content\/uploads\/sites\/11\/2026\/01\/4xpb9nx-1.jpg\",\"datePublished\":\"2026-01-13T15:48:32+00:00\",\"dateModified\":\"2026-01-14T16:38:21+00:00\",\"breadcrumb\":{\"@id\":\"https:\/\/mekulo.com\/se\/produkt\/reseask-med-tvalpapper-8-st\/#breadcrumb\"},\"inLanguage\":\"sv-SE\",\"potentialAction\":[{\"@type\":\"ReadAction\",\"target\":[\"https:\/\/mekulo.com\/se\/produkt\/reseask-med-tvalpapper-8-st\/\"]}]},{\"@type\":\"ImageObject\",\"inLanguage\":\"sv-SE\",\"@id\":\"https:\/\/mekulo.com\/se\/produkt\/reseask-med-tvalpapper-8-st\/#primaryimage\",\"url\":\"https:\/\/mekulo.com\/se\/wp-content\/uploads\/sites\/11\/2026\/01\/4xpb9nx-1.jpg\",\"contentUrl\":\"https:\/\/mekulo.com\/se\/wp-content\/uploads\/sites\/11\/2026\/01\/4xpb9nx-1.jpg\",\"width\":960,\"height\":960},{\"@type\":\"BreadcrumbList\",\"@id\":\"https:\/\/mekulo.com\/se\/produkt\/reseask-med-tvalpapper-8-st\/#breadcrumb\",\"itemListElement\":[{\"@type\":\"ListItem\",\"position\":1,\"name\":\"Home\",\"item\":\"https:\/\/mekulo.com\/se\/\"},{\"@type\":\"ListItem\",\"position\":2,\"name\":\"Butik\",\"item\":\"https:\/\/mekulo.com\/se\/butik\/\"},{\"@type\":\"ListItem\",\"position\":3,\"name\":\"Reseask med tv\u00e5lpapper (8 st)\"}]},{\"@type\":\"WebSite\",\"@id\":\"https:\/\/mekulo.com\/se\/#website\",\"url\":\"https:\/\/mekulo.com\/se\/\",\"name\":\"Mekulo SE\",\"description\":\"\",\"publisher\":{\"@id\":\"https:\/\/mekulo.com\/se\/#organization\"},\"potentialAction\":[{\"@type\":\"SearchAction\",\"target\":{\"@type\":\"EntryPoint\",\"urlTemplate\":\"https:\/\/mekulo.com\/se\/?s={search_term_string}\"},\"query-input\":{\"@type\":\"PropertyValueSpecification\",\"valueRequired\":true,\"valueName\":\"search_term_string\"}}],\"inLanguage\":\"sv-SE\"},{\"@type\":\"Organization\",\"@id\":\"https:\/\/mekulo.com\/se\/#organization\",\"name\":\"Mekulo\",\"url\":\"https:\/\/mekulo.com\/se\/\",\"logo\":{\"@type\":\"ImageObject\",\"inLanguage\":\"sv-SE\",\"@id\":\"https:\/\/mekulo.com\/se\/#\/schema\/logo\/image\/\",\"url\":\"https:\/\/mekulo.com\/se\/wp-content\/uploads\/sites\/11\/2025\/12\/favicon_mekulo.png\",\"contentUrl\":\"https:\/\/mekulo.com\/se\/wp-content\/uploads\/sites\/11\/2025\/12\/favicon_mekulo.png\",\"width\":50,\"height\":50,\"caption\":\"Mekulo\"},\"image\":{\"@id\":\"https:\/\/mekulo.com\/se\/#\/schema\/logo\/image\/\"}}]}<\/script>\n<!-- \/ Yoast SEO plugin. -->","yoast_head_json":{"title":"Reseask med tv\u00e5lpapper (8 st) - Mekulo SE","robots":{"index":"index","follow":"follow","max-snippet":"max-snippet:-1","max-image-preview":"max-image-preview:large","max-video-preview":"max-video-preview:-1"},"canonical":"https:\/\/mekulo.com\/se\/produkt\/reseask-med-tvalpapper-8-st\/","og_locale":"sv_SE","og_type":"article","og_title":"Reseask med tv\u00e5lpapper (8 st) - Mekulo SE","og_description":"Dessa reseboxar med tv\u00e5lpapper l\u00f6ses upp direkt med vatten, vilket ger dig snabb och hygienisk reng\u00f6ring utan att beh\u00f6va b\u00e4ra med dig skrymmande tv\u00e5l- eller v\u00e4tskeflaskor. De \u00e4r perfekta f\u00f6r resor, arbete, camping och dagliga utflykter och h\u00e5ller dig ren samtidigt som de sparar utrymme. En enkel, ren och utrymmesbesparande hygienl\u00f6sning f\u00f6r livet p\u00e5 spr\u00e5ng.","og_url":"https:\/\/mekulo.com\/se\/produkt\/reseask-med-tvalpapper-8-st\/","og_site_name":"Mekulo SE","article_modified_time":"2026-01-14T16:38:21+00:00","og_image":[{"width":960,"height":960,"url":"https:\/\/mekulo.com\/se\/wp-content\/uploads\/sites\/11\/2026\/01\/4xpb9nx-1.jpg","type":"image\/jpeg"}],"twitter_card":"summary_large_image","twitter_misc":{"Ber\u00e4knad l\u00e4stid":"2 minuter"},"schema":{"@context":"https:\/\/schema.org","@graph":[{"@type":"WebPage","@id":"https:\/\/mekulo.com\/se\/produkt\/reseask-med-tvalpapper-8-st\/","url":"https:\/\/mekulo.com\/se\/produkt\/reseask-med-tvalpapper-8-st\/","name":"Reseask med tv\u00e5lpapper (8 st) - Mekulo SE","isPartOf":{"@id":"https:\/\/mekulo.com\/se\/#website"},"primaryImageOfPage":{"@id":"https:\/\/mekulo.com\/se\/produkt\/reseask-med-tvalpapper-8-st\/#primaryimage"},"image":{"@id":"https:\/\/mekulo.com\/se\/produkt\/reseask-med-tvalpapper-8-st\/#primaryimage"},"thumbnailUrl":"https:\/\/mekulo.com\/se\/wp-content\/uploads\/sites\/11\/2026\/01\/4xpb9nx-1.jpg","datePublished":"2026-01-13T15:48:32+00:00","dateModified":"2026-01-14T16:38:21+00:00","breadcrumb":{"@id":"https:\/\/mekulo.com\/se\/produkt\/reseask-med-tvalpapper-8-st\/#breadcrumb"},"inLanguage":"sv-SE","potentialAction":[{"@type":"ReadAction","target":["https:\/\/mekulo.com\/se\/produkt\/reseask-med-tvalpapper-8-st\/"]}]},{"@type":"ImageObject","inLanguage":"sv-SE","@id":"https:\/\/mekulo.com\/se\/produkt\/reseask-med-tvalpapper-8-st\/#primaryimage","url":"https:\/\/mekulo.com\/se\/wp-content\/uploads\/sites\/11\/2026\/01\/4xpb9nx-1.jpg","contentUrl":"https:\/\/mekulo.com\/se\/wp-content\/uploads\/sites\/11\/2026\/01\/4xpb9nx-1.jpg","width":960,"height":960},{"@type":"BreadcrumbList","@id":"https:\/\/mekulo.com\/se\/produkt\/reseask-med-tvalpapper-8-st\/#breadcrumb","itemListElement":[{"@type":"ListItem","position":1,"name":"Home","item":"https:\/\/mekulo.com\/se\/"},{"@type":"ListItem","position":2,"name":"Butik","item":"https:\/\/mekulo.com\/se\/butik\/"},{"@type":"ListItem","position":3,"name":"Reseask med tv\u00e5lpapper (8 st)"}]},{"@type":"WebSite","@id":"https:\/\/mekulo.com\/se\/#website","url":"https:\/\/mekulo.com\/se\/","name":"Mekulo SE","description":"","publisher":{"@id":"https:\/\/mekulo.com\/se\/#organization"},"potentialAction":[{"@type":"SearchAction","target":{"@type":"EntryPoint","urlTemplate":"https:\/\/mekulo.com\/se\/?s={search_term_string}"},"query-input":{"@type":"PropertyValueSpecification","valueRequired":true,"valueName":"search_term_string"}}],"inLanguage":"sv-SE"},{"@type":"Organization","@id":"https:\/\/mekulo.com\/se\/#organization","name":"Mekulo","url":"https:\/\/mekulo.com\/se\/","logo":{"@type":"ImageObject","inLanguage":"sv-SE","@id":"https:\/\/mekulo.com\/se\/#\/schema\/logo\/image\/","url":"https:\/\/mekulo.com\/se\/wp-content\/uploads\/sites\/11\/2025\/12\/favicon_mekulo.png","contentUrl":"https:\/\/mekulo.com\/se\/wp-content\/uploads\/sites\/11\/2025\/12\/favicon_mekulo.png","width":50,"height":50,"caption":"Mekulo"},"image":{"@id":"https:\/\/mekulo.com\/se\/#\/schema\/logo\/image\/"}}]}},"_links":{"self":[{"href":"https:\/\/mekulo.com\/se\/wp-json\/wp\/v2\/product\/16781","targetHints":{"allow":["GET"]}}],"collection":[{"href":"https:\/\/mekulo.com\/se\/wp-json\/wp\/v2\/product"}],"about":[{"href":"https:\/\/mekulo.com\/se\/wp-json\/wp\/v2\/types\/product"}],"replies":[{"embeddable":true,"href":"https:\/\/mekulo.com\/se\/wp-json\/wp\/v2\/comments?post=16781"}],"wp:featuredmedia":[{"embeddable":true,"href":"https:\/\/mekulo.com\/se\/wp-json\/wp\/v2\/media\/16777"}],"wp:attachment":[{"href":"https:\/\/mekulo.com\/se\/wp-json\/wp\/v2\/media?parent=16781"}],"wp:term":[{"taxonomy":"product_brand","embeddable":true,"href":"https:\/\/mekulo.com\/se\/wp-json\/wp\/v2\/product_brand?post=16781"},{"taxonomy":"product_cat","embeddable":true,"href":"https:\/\/mekulo.com\/se\/wp-json\/wp\/v2\/product_cat?post=16781"},{"taxonomy":"product_tag","embeddable":true,"href":"https:\/\/mekulo.com\/se\/wp-json\/wp\/v2\/product_tag?post=16781"}],"curies":[{"name":"wp","href":"https:\/\/api.w.org\/{rel}","templated":true}]}}