{"id":16758,"date":"2026-01-13T17:46:45","date_gmt":"2026-01-13T15:46:45","guid":{"rendered":"https:\/\/mekulo.com\/se\/produkt\/axelremsvaska-med-stor-kapacitet\/"},"modified":"2026-01-14T18:36:23","modified_gmt":"2026-01-14T16:36:23","slug":"axelremsvaska-med-stor-kapacitet","status":"publish","type":"product","link":"https:\/\/mekulo.com\/se\/produkt\/axelremsvaska-med-stor-kapacitet\/","title":{"rendered":"Axelremsv\u00e4ska med stor kapacitet"},"content":{"rendered":"<p style=\"text-align: center;\" data-start=\"0\" data-end=\"65\"><strong data-start=\"0\" data-end=\"65\">B\u00e4r med dig allt du beh\u00f6ver i en bekv\u00e4m och snygg v\u00e4ska. \ud83d\udc5c<\/strong><\/p>\n<p data-start=\"0\" data-end=\"65\"><img fetchpriority=\"high\" decoding=\"async\" class=\"size-full wp-image-15085 aligncenter\" src=\"https:\/\/mekulo.com\/template\/wp-content\/uploads\/sites\/6\/2026\/01\/spp_shopify20251023154019_4df041afb7edd8c08c768b365de9ff19_ac9bff6e-7aa5-41fe-93f7-8b28d113d050.webp\" alt=\"\" width=\"713\" height=\"713\" \/><\/p>\n<h2 style=\"text-align: center;\" data-start=\"318\" data-end=\"338\">Huvudsakliga f\u00f6rdelar<\/h2>\n<p data-start=\"342\" data-end=\"422\">\ud83e\uddf3 Stor f\u00f6rvaringskapacitet &#8211; Rymmer kl\u00e4der, bl\u00f6jor, b\u00e4rbar dator och dagliga saker.<\/p>\n<p data-start=\"425\" data-end=\"509\">\ud83d\uddc2\ufe0f Organiserade fack &#8211; Flera fickor g\u00f6r att sakerna h\u00e5lls prydliga och l\u00e4tta att hitta.<\/p>\n<p data-start=\"512\" data-end=\"587\">\ud83d\udcaa Slitstarkt oxfordtyg &#8211; Slitstarkt och byggt f\u00f6r l\u00e5ngvarig anv\u00e4ndning.<\/p>\n<p data-start=\"590\" data-end=\"659\">\ud83d\udd12 S\u00e4ker dragkedjest\u00e4ngning &#8211; H\u00e5ller dina tillh\u00f6righeter s\u00e4kra n\u00e4r du \u00e4r p\u00e5 spr\u00e5ng.<\/p>\n<p data-start=\"662\" data-end=\"738\">\ud83d\ude0c Bekv\u00e4ma axelremmar &#8211; l\u00e4tta att b\u00e4ra, \u00e4ven n\u00e4r de \u00e4r fullastade.<\/p>\n<p data-start=\"662\" data-end=\"738\"><img decoding=\"async\" class=\"size-full wp-image-15090 aligncenter\" src=\"https:\/\/mekulo.com\/template\/wp-content\/uploads\/sites\/6\/2026\/01\/spp_shopify20251023154020_e354e486c73b7d4786da080b5340df0c_a3cdea17-7b7e-4bf1-ab6f-2241c813a53f.webp\" alt=\"\" width=\"713\" height=\"713\" \/><\/p>\n<h2 style=\"text-align: center;\" data-start=\"745\" data-end=\"762\"><strong>Hur man anv\u00e4nder<\/strong><\/h2>\n<ol data-start=\"764\" data-end=\"1021\">\n<li data-start=\"764\" data-end=\"816\">\n<p data-start=\"767\" data-end=\"816\">\u00d6ppna blixtl\u00e5set f\u00f6r att komma \u00e5t huvudfacket.<\/p>\n<\/li>\n<li data-start=\"817\" data-end=\"869\">\n<p data-start=\"820\" data-end=\"869\">Placera st\u00f6rre f\u00f6rem\u00e5l som kl\u00e4der eller v\u00e4skor inuti.<\/p>\n<\/li>\n<li data-start=\"870\" data-end=\"927\">\n<p data-start=\"873\" data-end=\"927\">Anv\u00e4nd innerfickor och dolda fickor f\u00f6r mindre n\u00f6dv\u00e4ndigheter.<\/p>\n<\/li>\n<li data-start=\"928\" data-end=\"973\">\n<p data-start=\"931\" data-end=\"973\">St\u00e4ng v\u00e4skan med blixtl\u00e5s f\u00f6r att h\u00e5lla f\u00f6rem\u00e5len s\u00e4kra.<\/p>\n<\/li>\n<li data-start=\"974\" data-end=\"1021\">\n<p data-start=\"977\" data-end=\"1021\">B\u00e4r bekv\u00e4mt med axelremmarna.<\/p>\n<\/li>\n<\/ol>\n<h2 style=\"text-align: center;\" data-start=\"1028\" data-end=\"1050\"><strong>Produktdetaljer<\/strong><\/h2>\n<ul data-start=\"1052\" data-end=\"1246\">\n<li data-start=\"1098\" data-end=\"1133\">\n<p data-start=\"1100\" data-end=\"1133\">Material: Oxford-tyg, Nylon<\/p>\n<\/li>\n<li data-start=\"1134\" data-end=\"1158\">\n<p data-start=\"1136\" data-end=\"1158\">St\u00e4ngningstyp: Dragkedja<\/p>\n<\/li>\n<li data-start=\"1191\" data-end=\"1209\">\n<p data-start=\"1193\" data-end=\"1209\">Storlek: 32 (bredd) x 35 (h\u00f6jd) x 22 cm (handtag)<\/p>\n<\/li>\n<li data-start=\"1210\" data-end=\"1246\">\n<p data-start=\"1212\" data-end=\"1246\">Remtyp: Dubbla axelremmar<\/p>\n<\/li>\n<\/ul>\n<h2 style=\"text-align: center;\" data-start=\"1253\" data-end=\"1276\"><strong>Paketet inneh\u00e5ller<\/strong><\/h2>\n<ul data-start=\"1278\" data-end=\"1331\">\n<li data-start=\"1278\" data-end=\"1331\">\n<p data-start=\"1280\" data-end=\"1331\">1x axelremsv\u00e4ska med stor kapacitet.<\/p>\n<\/li>\n<\/ul>\n","protected":false},"excerpt":{"rendered":"<p>Denna axelremsv\u00e4ska med stor kapacitet ger dig gott om utrymme f\u00f6r att organisera dina viktigaste saker f\u00f6r vardag och resa, samtidigt som den \u00e4r l\u00e4tt och smidig att b\u00e4ra. Den \u00e4r tillverkad av slitstarkt tyg med s\u00e4kra f\u00f6rslutningar och \u00e4r utformad f\u00f6r hektiska dagar, resor och vardagsbruk. En praktisk och snygg v\u00e4ska som \u00e4r perfekt f\u00f6r arbete, resor, shopping eller vardagsbruk<\/p>\n","protected":false},"featured_media":16754,"comment_status":"open","ping_status":"closed","template":"","meta":{"site-sidebar-layout":"default","site-content-layout":"","ast-site-content-layout":"default","site-content-style":"default","site-sidebar-style":"default","ast-global-header-display":"","ast-banner-title-visibility":"","ast-main-header-display":"","ast-hfb-above-header-display":"","ast-hfb-below-header-display":"","ast-hfb-mobile-header-display":"","site-post-title":"","ast-breadcrumbs-content":"","ast-featured-img":"","footer-sml-layout":"","theme-transparent-header-meta":"default","adv-header-id-meta":"","stick-header-meta":"","header-above-stick-meta":"","header-main-stick-meta":"","header-below-stick-meta":"","astra-migrate-meta-layouts":"set","ast-page-background-enabled":"default","ast-page-background-meta":{"desktop":{"background-color":"var(--ast-global-color-5)","background-image":"","background-repeat":"repeat","background-position":"center center","background-size":"auto","background-attachment":"scroll","background-type":"","background-media":"","overlay-type":"","overlay-color":"","overlay-opacity":"","overlay-gradient":""},"tablet":{"background-color":"","background-image":"","background-repeat":"repeat","background-position":"center center","background-size":"auto","background-attachment":"scroll","background-type":"","background-media":"","overlay-type":"","overlay-color":"","overlay-opacity":"","overlay-gradient":""},"mobile":{"background-color":"","background-image":"","background-repeat":"repeat","background-position":"center center","background-size":"auto","background-attachment":"scroll","background-type":"","background-media":"","overlay-type":"","overlay-color":"","overlay-opacity":"","overlay-gradient":""}},"ast-content-background-meta":{"desktop":{"background-color":"var(--ast-global-color-4)","background-image":"","background-repeat":"repeat","background-position":"center center","background-size":"auto","background-attachment":"scroll","background-type":"","background-media":"","overlay-type":"","overlay-color":"","overlay-opacity":"","overlay-gradient":""},"tablet":{"background-color":"var(--ast-global-color-4)","background-image":"","background-repeat":"repeat","background-position":"center center","background-size":"auto","background-attachment":"scroll","background-type":"","background-media":"","overlay-type":"","overlay-color":"","overlay-opacity":"","overlay-gradient":""},"mobile":{"background-color":"var(--ast-global-color-4)","background-image":"","background-repeat":"repeat","background-position":"center center","background-size":"auto","background-attachment":"scroll","background-type":"","background-media":"","overlay-type":"","overlay-color":"","overlay-opacity":"","overlay-gradient":""}}},"product_brand":[],"product_cat":[165],"product_tag":[],"class_list":{"0":"post-16758","1":"product","2":"type-product","3":"status-publish","4":"has-post-thumbnail","6":"product_cat-skor-accessoarer","7":"pa_66610_5r984pan-beige","8":"pa_66610_5r984pan-bla","9":"pa_66610_5r984pan-gra","10":"pa_66610_5r984pan-kaffe","11":"pa_66610_5r984pan-khaki","12":"pa_66610_5r984pan-svart","13":"desktop-align-left","14":"tablet-align-left","15":"mobile-align-left","17":"first","18":"instock","19":"shipping-taxable","20":"purchasable","21":"product-type-variable"},"yoast_head":"<!-- This site is optimized with the Yoast SEO plugin v26.6 - https:\/\/yoast.com\/wordpress\/plugins\/seo\/ -->\n<title>Axelremsv\u00e4ska med stor kapacitet - Mekulo SE<\/title>\n<meta name=\"robots\" content=\"index, follow, max-snippet:-1, max-image-preview:large, max-video-preview:-1\" \/>\n<link rel=\"canonical\" href=\"https:\/\/mekulo.com\/se\/produkt\/axelremsvaska-med-stor-kapacitet\/\" \/>\n<meta property=\"og:locale\" content=\"sv_SE\" \/>\n<meta property=\"og:type\" content=\"article\" \/>\n<meta property=\"og:title\" content=\"Axelremsv\u00e4ska med stor kapacitet - Mekulo SE\" \/>\n<meta property=\"og:description\" content=\"Denna axelremsv\u00e4ska med stor kapacitet ger dig gott om utrymme f\u00f6r att organisera dina viktigaste saker f\u00f6r vardag och resa, samtidigt som den \u00e4r l\u00e4tt och smidig att b\u00e4ra. Den \u00e4r tillverkad av slitstarkt tyg med s\u00e4kra f\u00f6rslutningar och \u00e4r utformad f\u00f6r hektiska dagar, resor och vardagsbruk. En praktisk och snygg v\u00e4ska som \u00e4r perfekt f\u00f6r arbete, resor, shopping eller vardagsbruk\" \/>\n<meta property=\"og:url\" content=\"https:\/\/mekulo.com\/se\/produkt\/axelremsvaska-med-stor-kapacitet\/\" \/>\n<meta property=\"og:site_name\" content=\"Mekulo SE\" \/>\n<meta property=\"article:modified_time\" content=\"2026-01-14T16:36:23+00:00\" \/>\n<meta property=\"og:image\" content=\"https:\/\/mekulo.com\/se\/wp-content\/uploads\/sites\/11\/2026\/01\/7u4od78-1.webp\" \/>\n\t<meta property=\"og:image:width\" content=\"713\" \/>\n\t<meta property=\"og:image:height\" content=\"713\" \/>\n\t<meta property=\"og:image:type\" content=\"image\/webp\" \/>\n<meta name=\"twitter:card\" content=\"summary_large_image\" \/>\n<meta name=\"twitter:label1\" content=\"Ber\u00e4knad l\u00e4stid\" \/>\n\t<meta name=\"twitter:data1\" content=\"2 minuter\" \/>\n<script type=\"application\/ld+json\" class=\"yoast-schema-graph\">{\"@context\":\"https:\/\/schema.org\",\"@graph\":[{\"@type\":\"WebPage\",\"@id\":\"https:\/\/mekulo.com\/se\/produkt\/axelremsvaska-med-stor-kapacitet\/\",\"url\":\"https:\/\/mekulo.com\/se\/produkt\/axelremsvaska-med-stor-kapacitet\/\",\"name\":\"Axelremsv\u00e4ska med stor kapacitet - Mekulo SE\",\"isPartOf\":{\"@id\":\"https:\/\/mekulo.com\/se\/#website\"},\"primaryImageOfPage\":{\"@id\":\"https:\/\/mekulo.com\/se\/produkt\/axelremsvaska-med-stor-kapacitet\/#primaryimage\"},\"image\":{\"@id\":\"https:\/\/mekulo.com\/se\/produkt\/axelremsvaska-med-stor-kapacitet\/#primaryimage\"},\"thumbnailUrl\":\"https:\/\/mekulo.com\/se\/wp-content\/uploads\/sites\/11\/2026\/01\/7u4od78-1.webp\",\"datePublished\":\"2026-01-13T15:46:45+00:00\",\"dateModified\":\"2026-01-14T16:36:23+00:00\",\"breadcrumb\":{\"@id\":\"https:\/\/mekulo.com\/se\/produkt\/axelremsvaska-med-stor-kapacitet\/#breadcrumb\"},\"inLanguage\":\"sv-SE\",\"potentialAction\":[{\"@type\":\"ReadAction\",\"target\":[\"https:\/\/mekulo.com\/se\/produkt\/axelremsvaska-med-stor-kapacitet\/\"]}]},{\"@type\":\"ImageObject\",\"inLanguage\":\"sv-SE\",\"@id\":\"https:\/\/mekulo.com\/se\/produkt\/axelremsvaska-med-stor-kapacitet\/#primaryimage\",\"url\":\"https:\/\/mekulo.com\/se\/wp-content\/uploads\/sites\/11\/2026\/01\/7u4od78-1.webp\",\"contentUrl\":\"https:\/\/mekulo.com\/se\/wp-content\/uploads\/sites\/11\/2026\/01\/7u4od78-1.webp\",\"width\":713,\"height\":713},{\"@type\":\"BreadcrumbList\",\"@id\":\"https:\/\/mekulo.com\/se\/produkt\/axelremsvaska-med-stor-kapacitet\/#breadcrumb\",\"itemListElement\":[{\"@type\":\"ListItem\",\"position\":1,\"name\":\"Home\",\"item\":\"https:\/\/mekulo.com\/se\/\"},{\"@type\":\"ListItem\",\"position\":2,\"name\":\"Butik\",\"item\":\"https:\/\/mekulo.com\/se\/butik\/\"},{\"@type\":\"ListItem\",\"position\":3,\"name\":\"Axelremsv\u00e4ska med stor kapacitet\"}]},{\"@type\":\"WebSite\",\"@id\":\"https:\/\/mekulo.com\/se\/#website\",\"url\":\"https:\/\/mekulo.com\/se\/\",\"name\":\"Mekulo SE\",\"description\":\"\",\"publisher\":{\"@id\":\"https:\/\/mekulo.com\/se\/#organization\"},\"potentialAction\":[{\"@type\":\"SearchAction\",\"target\":{\"@type\":\"EntryPoint\",\"urlTemplate\":\"https:\/\/mekulo.com\/se\/?s={search_term_string}\"},\"query-input\":{\"@type\":\"PropertyValueSpecification\",\"valueRequired\":true,\"valueName\":\"search_term_string\"}}],\"inLanguage\":\"sv-SE\"},{\"@type\":\"Organization\",\"@id\":\"https:\/\/mekulo.com\/se\/#organization\",\"name\":\"Mekulo\",\"url\":\"https:\/\/mekulo.com\/se\/\",\"logo\":{\"@type\":\"ImageObject\",\"inLanguage\":\"sv-SE\",\"@id\":\"https:\/\/mekulo.com\/se\/#\/schema\/logo\/image\/\",\"url\":\"https:\/\/mekulo.com\/se\/wp-content\/uploads\/sites\/11\/2025\/12\/favicon_mekulo.png\",\"contentUrl\":\"https:\/\/mekulo.com\/se\/wp-content\/uploads\/sites\/11\/2025\/12\/favicon_mekulo.png\",\"width\":50,\"height\":50,\"caption\":\"Mekulo\"},\"image\":{\"@id\":\"https:\/\/mekulo.com\/se\/#\/schema\/logo\/image\/\"}}]}<\/script>\n<!-- \/ Yoast SEO plugin. -->","yoast_head_json":{"title":"Axelremsv\u00e4ska med stor kapacitet - Mekulo SE","robots":{"index":"index","follow":"follow","max-snippet":"max-snippet:-1","max-image-preview":"max-image-preview:large","max-video-preview":"max-video-preview:-1"},"canonical":"https:\/\/mekulo.com\/se\/produkt\/axelremsvaska-med-stor-kapacitet\/","og_locale":"sv_SE","og_type":"article","og_title":"Axelremsv\u00e4ska med stor kapacitet - Mekulo SE","og_description":"Denna axelremsv\u00e4ska med stor kapacitet ger dig gott om utrymme f\u00f6r att organisera dina viktigaste saker f\u00f6r vardag och resa, samtidigt som den \u00e4r l\u00e4tt och smidig att b\u00e4ra. Den \u00e4r tillverkad av slitstarkt tyg med s\u00e4kra f\u00f6rslutningar och \u00e4r utformad f\u00f6r hektiska dagar, resor och vardagsbruk. En praktisk och snygg v\u00e4ska som \u00e4r perfekt f\u00f6r arbete, resor, shopping eller vardagsbruk","og_url":"https:\/\/mekulo.com\/se\/produkt\/axelremsvaska-med-stor-kapacitet\/","og_site_name":"Mekulo SE","article_modified_time":"2026-01-14T16:36:23+00:00","og_image":[{"width":713,"height":713,"url":"https:\/\/mekulo.com\/se\/wp-content\/uploads\/sites\/11\/2026\/01\/7u4od78-1.webp","type":"image\/webp"}],"twitter_card":"summary_large_image","twitter_misc":{"Ber\u00e4knad l\u00e4stid":"2 minuter"},"schema":{"@context":"https:\/\/schema.org","@graph":[{"@type":"WebPage","@id":"https:\/\/mekulo.com\/se\/produkt\/axelremsvaska-med-stor-kapacitet\/","url":"https:\/\/mekulo.com\/se\/produkt\/axelremsvaska-med-stor-kapacitet\/","name":"Axelremsv\u00e4ska med stor kapacitet - Mekulo SE","isPartOf":{"@id":"https:\/\/mekulo.com\/se\/#website"},"primaryImageOfPage":{"@id":"https:\/\/mekulo.com\/se\/produkt\/axelremsvaska-med-stor-kapacitet\/#primaryimage"},"image":{"@id":"https:\/\/mekulo.com\/se\/produkt\/axelremsvaska-med-stor-kapacitet\/#primaryimage"},"thumbnailUrl":"https:\/\/mekulo.com\/se\/wp-content\/uploads\/sites\/11\/2026\/01\/7u4od78-1.webp","datePublished":"2026-01-13T15:46:45+00:00","dateModified":"2026-01-14T16:36:23+00:00","breadcrumb":{"@id":"https:\/\/mekulo.com\/se\/produkt\/axelremsvaska-med-stor-kapacitet\/#breadcrumb"},"inLanguage":"sv-SE","potentialAction":[{"@type":"ReadAction","target":["https:\/\/mekulo.com\/se\/produkt\/axelremsvaska-med-stor-kapacitet\/"]}]},{"@type":"ImageObject","inLanguage":"sv-SE","@id":"https:\/\/mekulo.com\/se\/produkt\/axelremsvaska-med-stor-kapacitet\/#primaryimage","url":"https:\/\/mekulo.com\/se\/wp-content\/uploads\/sites\/11\/2026\/01\/7u4od78-1.webp","contentUrl":"https:\/\/mekulo.com\/se\/wp-content\/uploads\/sites\/11\/2026\/01\/7u4od78-1.webp","width":713,"height":713},{"@type":"BreadcrumbList","@id":"https:\/\/mekulo.com\/se\/produkt\/axelremsvaska-med-stor-kapacitet\/#breadcrumb","itemListElement":[{"@type":"ListItem","position":1,"name":"Home","item":"https:\/\/mekulo.com\/se\/"},{"@type":"ListItem","position":2,"name":"Butik","item":"https:\/\/mekulo.com\/se\/butik\/"},{"@type":"ListItem","position":3,"name":"Axelremsv\u00e4ska med stor kapacitet"}]},{"@type":"WebSite","@id":"https:\/\/mekulo.com\/se\/#website","url":"https:\/\/mekulo.com\/se\/","name":"Mekulo SE","description":"","publisher":{"@id":"https:\/\/mekulo.com\/se\/#organization"},"potentialAction":[{"@type":"SearchAction","target":{"@type":"EntryPoint","urlTemplate":"https:\/\/mekulo.com\/se\/?s={search_term_string}"},"query-input":{"@type":"PropertyValueSpecification","valueRequired":true,"valueName":"search_term_string"}}],"inLanguage":"sv-SE"},{"@type":"Organization","@id":"https:\/\/mekulo.com\/se\/#organization","name":"Mekulo","url":"https:\/\/mekulo.com\/se\/","logo":{"@type":"ImageObject","inLanguage":"sv-SE","@id":"https:\/\/mekulo.com\/se\/#\/schema\/logo\/image\/","url":"https:\/\/mekulo.com\/se\/wp-content\/uploads\/sites\/11\/2025\/12\/favicon_mekulo.png","contentUrl":"https:\/\/mekulo.com\/se\/wp-content\/uploads\/sites\/11\/2025\/12\/favicon_mekulo.png","width":50,"height":50,"caption":"Mekulo"},"image":{"@id":"https:\/\/mekulo.com\/se\/#\/schema\/logo\/image\/"}}]}},"_links":{"self":[{"href":"https:\/\/mekulo.com\/se\/wp-json\/wp\/v2\/product\/16758","targetHints":{"allow":["GET"]}}],"collection":[{"href":"https:\/\/mekulo.com\/se\/wp-json\/wp\/v2\/product"}],"about":[{"href":"https:\/\/mekulo.com\/se\/wp-json\/wp\/v2\/types\/product"}],"replies":[{"embeddable":true,"href":"https:\/\/mekulo.com\/se\/wp-json\/wp\/v2\/comments?post=16758"}],"wp:featuredmedia":[{"embeddable":true,"href":"https:\/\/mekulo.com\/se\/wp-json\/wp\/v2\/media\/16754"}],"wp:attachment":[{"href":"https:\/\/mekulo.com\/se\/wp-json\/wp\/v2\/media?parent=16758"}],"wp:term":[{"taxonomy":"product_brand","embeddable":true,"href":"https:\/\/mekulo.com\/se\/wp-json\/wp\/v2\/product_brand?post=16758"},{"taxonomy":"product_cat","embeddable":true,"href":"https:\/\/mekulo.com\/se\/wp-json\/wp\/v2\/product_cat?post=16758"},{"taxonomy":"product_tag","embeddable":true,"href":"https:\/\/mekulo.com\/se\/wp-json\/wp\/v2\/product_tag?post=16758"}],"curies":[{"name":"wp","href":"https:\/\/api.w.org\/{rel}","templated":true}]}}