{"id":16672,"date":"2026-01-12T10:16:39","date_gmt":"2026-01-12T08:16:39","guid":{"rendered":"https:\/\/mekulo.com\/se\/produkt\/kapsyloppnare\/"},"modified":"2026-01-12T10:16:48","modified_gmt":"2026-01-12T08:16:48","slug":"kapsyloppnare","status":"publish","type":"product","link":"https:\/\/mekulo.com\/se\/produkt\/kapsyloppnare\/","title":{"rendered":"Kapsyl\u00f6ppnare"},"content":{"rendered":"<h4 style=\"text-align: center\">\u2728<b><\/b><b>O\u00f6vertr\u00e4ffad h\u00e5llbarhet och glans<\/b><\/h4>\n<h2><\/h2>\n<p style=\"text-align: center\">Tillverkad av h\u00f6gh\u00e5llfast, solid gjuten zinklegering och genomg\u00e5r spegelpolering med precision. Detta materialval garanterar en h\u00e5llbarhet som vida \u00f6verstiger rostfritt st\u00e5l.<\/p>\n<ul>\n<li>Rostfri och repfri: Utformad f\u00f6r att motst\u00e5 rost, deformation och repor.<\/li>\n<li>Lyxig metallisk glans: Dess elegans kommer att h\u00e5lla i \u00e5rtionden utan att blekna och bibeh\u00e5lla ett lyxigt utseende.<\/li>\n<\/ul>\n<p style=\"text-align: center\"><img decoding=\"async\" src=\"https:\/\/cdn.shopify.com\/s\/files\/1\/0953\/5366\/7864\/files\/2.gif?v=1762839396\" alt=\"\" \/><\/p>\n<h4 style=\"text-align: center\">\u2728 L\u00e4tt att anv\u00e4nda<\/h4>\n<h2><\/h2>\n<p style=\"text-align: center\">Den smarta, b\u00f6jda konturen \u00e4r ergonomiskt utformad f\u00f6r att passa perfekt i din handflata.<\/p>\n<ul style=\"text-align: left\">\n<li>Maximal h\u00e4vst\u00e5ngseffekt: Ger dig maximal h\u00e4vst\u00e5ngseffekt med minimal kraft, vilket g\u00f6r det enkelt att \u00f6ppna flaskor.<\/li>\n<li>F\u00f6rebygger tr\u00f6tthet: \u00d6ppnar enkelt \u00f6l- och l\u00e4skflaskor, vilket hj\u00e4lper till att f\u00f6rhindra handtr\u00f6tthet under daglig anv\u00e4ndning.<\/li>\n<\/ul>\n<p style=\"text-align: left\"><img decoding=\"async\" class=\"aligncenter\" src=\"https:\/\/cdn.shopify.com\/s\/files\/1\/0953\/5366\/7864\/files\/3.gif?v=1762839396\" alt=\"\" \/><\/p>\n<h4 style=\"text-align: center\">\u2728<b>F\u00f6rvandlas till en fascinerande skulptur<\/b><\/h4>\n<h2><\/h2>\n<p style=\"text-align: center\">N\u00e4r den inte \u00f6ppnar flaskor f\u00f6rvandlas den till en f\u00f6rtjusande svalskulptur, en rovf\u00e5gel i graci\u00f6s dans.<\/p>\n<ul>\n<li style=\"text-align: left\">Balanserande kontur: Den exakta n\u00e4bbformade sv\u00e4ngdesignen g\u00f6r att den l\u00e4tt kan balansera p\u00e5 alla plana ytor.<\/li>\n<li style=\"text-align: left\">En touch av nyckfullhet: Dess mjuka sv\u00e4ngning ger en touch av nyckfullhet och liv till varje skrivbord, bar eller hylla &#8211; en f\u00e4ngslande blandning av funktionalitet och konst.<\/li>\n<\/ul>\n<p style=\"text-align: center\"><img decoding=\"async\" src=\"https:\/\/cdn.shopify.com\/s\/files\/1\/0953\/5366\/7864\/files\/6.gif?v=1762839396\" alt=\"\" \/><\/p>\n<h4 style=\"text-align: center\"><b>\ud83c\udf81 Den perfekta presenten<\/b><\/h4>\n<h2><\/h2>\n<p style=\"text-align: center\">Den h\u00e4r flask\u00f6ppnaren kombinerar en unik, elegant design med h\u00f6g funktionalitet och levereras i ett attraktivt paket.<\/p>\n<ul style=\"text-align: center\">\n<li>\n<p style=\"text-align: left\">I\u00f6gonfallande present: Ett s\u00e4kert s\u00e4tt att glittra och bli ett riktigt blickf\u00e5ng p\u00e5 f\u00f6delsedagsfester, helgm\u00f6ten eller som en unik g\u00e5va till bartendern.<\/p>\n<\/li>\n<li>\n<p style=\"text-align: left\">M\u00e5ngsidig dekoration: Lyfter alla utrymmen &#8211; fr\u00e5n k\u00f6ksb\u00e4nkar och barvagnar till skrivbord.<\/p>\n<\/li>\n<\/ul>\n<p style=\"text-align: center\"><img decoding=\"async\" src=\"https:\/\/cdn.shopify.com\/s\/files\/1\/0953\/5366\/7864\/files\/1_ecab92f2-f6d9-4642-8ac5-5497b213fb62.gif?v=1762839396\" alt=\"\" \/><\/p>\n<h4 style=\"text-align: center\">\u2728\u00a0<b>Produktegenskaper i korthet<\/b><\/h4>\n<h2><\/h2>\n<ul>\n<li style=\"text-align: center\">\n<p style=\"text-align: left\">Material: Massiv, gjuten zinklegering med spegelpolering.<\/p>\n<\/li>\n<li style=\"text-align: left\">Design: Ergonomisk, b\u00f6jd form f\u00f6r maximal h\u00e4vst\u00e5ngseffekt.<\/li>\n<li style=\"text-align: left\">Multifunktion: Flask\u00f6ppnare, nyckelring och balanserande skrivbordsskulptur.<\/li>\n<li style=\"text-align: left\">H\u00e5llbarhet: \u00d6verl\u00e4gsen motst\u00e5ndskraft mot rost, repor och deformation.<\/li>\n<li>\n<p style=\"text-align: left\">Idealisk f\u00f6r: \u00d6l, l\u00e4skedrycker och flaskor med kapsyl.<\/p>\n<\/li>\n<\/ul>\n<h2><\/h2>\n","protected":false},"excerpt":{"rendered":"<p>Den h\u00e4r flask\u00f6ppnaren kombinerar en unik, elegant design med h\u00f6g funktionalitet och levereras i en attraktiv f\u00f6rpackning.<\/p>\n","protected":false},"featured_media":16668,"comment_status":"open","ping_status":"closed","template":"","meta":{"site-sidebar-layout":"default","site-content-layout":"","ast-site-content-layout":"default","site-content-style":"default","site-sidebar-style":"default","ast-global-header-display":"","ast-banner-title-visibility":"","ast-main-header-display":"","ast-hfb-above-header-display":"","ast-hfb-below-header-display":"","ast-hfb-mobile-header-display":"","site-post-title":"","ast-breadcrumbs-content":"","ast-featured-img":"","footer-sml-layout":"","theme-transparent-header-meta":"default","adv-header-id-meta":"","stick-header-meta":"","header-above-stick-meta":"","header-main-stick-meta":"","header-below-stick-meta":"","astra-migrate-meta-layouts":"set","ast-page-background-enabled":"default","ast-page-background-meta":{"desktop":{"background-color":"var(--ast-global-color-5)","background-image":"","background-repeat":"repeat","background-position":"center center","background-size":"auto","background-attachment":"scroll","background-type":"","background-media":"","overlay-type":"","overlay-color":"","overlay-opacity":"","overlay-gradient":""},"tablet":{"background-color":"","background-image":"","background-repeat":"repeat","background-position":"center center","background-size":"auto","background-attachment":"scroll","background-type":"","background-media":"","overlay-type":"","overlay-color":"","overlay-opacity":"","overlay-gradient":""},"mobile":{"background-color":"","background-image":"","background-repeat":"repeat","background-position":"center center","background-size":"auto","background-attachment":"scroll","background-type":"","background-media":"","overlay-type":"","overlay-color":"","overlay-opacity":"","overlay-gradient":""}},"ast-content-background-meta":{"desktop":{"background-color":"var(--ast-global-color-4)","background-image":"","background-repeat":"repeat","background-position":"center center","background-size":"auto","background-attachment":"scroll","background-type":"","background-media":"","overlay-type":"","overlay-color":"","overlay-opacity":"","overlay-gradient":""},"tablet":{"background-color":"var(--ast-global-color-4)","background-image":"","background-repeat":"repeat","background-position":"center center","background-size":"auto","background-attachment":"scroll","background-type":"","background-media":"","overlay-type":"","overlay-color":"","overlay-opacity":"","overlay-gradient":""},"mobile":{"background-color":"var(--ast-global-color-4)","background-image":"","background-repeat":"repeat","background-position":"center center","background-size":"auto","background-attachment":"scroll","background-type":"","background-media":"","overlay-type":"","overlay-color":"","overlay-opacity":"","overlay-gradient":""}}},"product_brand":[],"product_cat":[15],"product_tag":[],"class_list":{"0":"post-16672","1":"product","2":"type-product","3":"status-publish","4":"has-post-thumbnail","6":"product_cat-uncategorized","7":"pa_68747_xqyrrec3-1-st","8":"pa_68747_xqyrrec3-2-st","9":"pa_68747_xqyrrec3-3-st","10":"desktop-align-left","11":"tablet-align-left","12":"mobile-align-left","14":"first","15":"instock","16":"shipping-taxable","17":"purchasable","18":"product-type-variable"},"yoast_head":"<!-- This site is optimized with the Yoast SEO plugin v26.6 - https:\/\/yoast.com\/wordpress\/plugins\/seo\/ -->\n<title>Kapsyl\u00f6ppnare - Mekulo SE<\/title>\n<meta name=\"robots\" content=\"index, follow, max-snippet:-1, max-image-preview:large, max-video-preview:-1\" \/>\n<link rel=\"canonical\" href=\"https:\/\/mekulo.com\/se\/produkt\/kapsyloppnare\/\" \/>\n<meta property=\"og:locale\" content=\"sv_SE\" \/>\n<meta property=\"og:type\" content=\"article\" \/>\n<meta property=\"og:title\" content=\"Kapsyl\u00f6ppnare - Mekulo SE\" \/>\n<meta property=\"og:description\" content=\"Den h\u00e4r flask\u00f6ppnaren kombinerar en unik, elegant design med h\u00f6g funktionalitet och levereras i en attraktiv f\u00f6rpackning.\" \/>\n<meta property=\"og:url\" content=\"https:\/\/mekulo.com\/se\/produkt\/kapsyloppnare\/\" \/>\n<meta property=\"og:site_name\" content=\"Mekulo SE\" \/>\n<meta property=\"article:modified_time\" content=\"2026-01-12T08:16:48+00:00\" \/>\n<meta property=\"og:image\" content=\"https:\/\/mekulo.com\/se\/wp-content\/uploads\/sites\/11\/2026\/01\/a1gh98f-1.webp\" \/>\n\t<meta property=\"og:image:width\" content=\"790\" \/>\n\t<meta property=\"og:image:height\" content=\"792\" \/>\n\t<meta property=\"og:image:type\" content=\"image\/webp\" \/>\n<meta name=\"twitter:card\" content=\"summary_large_image\" \/>\n<meta name=\"twitter:label1\" content=\"Ber\u00e4knad l\u00e4stid\" \/>\n\t<meta name=\"twitter:data1\" content=\"3 minuter\" \/>\n<script type=\"application\/ld+json\" class=\"yoast-schema-graph\">{\"@context\":\"https:\/\/schema.org\",\"@graph\":[{\"@type\":\"WebPage\",\"@id\":\"https:\/\/mekulo.com\/se\/produkt\/kapsyloppnare\/\",\"url\":\"https:\/\/mekulo.com\/se\/produkt\/kapsyloppnare\/\",\"name\":\"Kapsyl\u00f6ppnare - Mekulo SE\",\"isPartOf\":{\"@id\":\"https:\/\/mekulo.com\/se\/#website\"},\"primaryImageOfPage\":{\"@id\":\"https:\/\/mekulo.com\/se\/produkt\/kapsyloppnare\/#primaryimage\"},\"image\":{\"@id\":\"https:\/\/mekulo.com\/se\/produkt\/kapsyloppnare\/#primaryimage\"},\"thumbnailUrl\":\"https:\/\/mekulo.com\/se\/wp-content\/uploads\/sites\/11\/2026\/01\/a1gh98f-1.webp\",\"datePublished\":\"2026-01-12T08:16:39+00:00\",\"dateModified\":\"2026-01-12T08:16:48+00:00\",\"breadcrumb\":{\"@id\":\"https:\/\/mekulo.com\/se\/produkt\/kapsyloppnare\/#breadcrumb\"},\"inLanguage\":\"sv-SE\",\"potentialAction\":[{\"@type\":\"ReadAction\",\"target\":[\"https:\/\/mekulo.com\/se\/produkt\/kapsyloppnare\/\"]}]},{\"@type\":\"ImageObject\",\"inLanguage\":\"sv-SE\",\"@id\":\"https:\/\/mekulo.com\/se\/produkt\/kapsyloppnare\/#primaryimage\",\"url\":\"https:\/\/mekulo.com\/se\/wp-content\/uploads\/sites\/11\/2026\/01\/a1gh98f-1.webp\",\"contentUrl\":\"https:\/\/mekulo.com\/se\/wp-content\/uploads\/sites\/11\/2026\/01\/a1gh98f-1.webp\",\"width\":790,\"height\":792},{\"@type\":\"BreadcrumbList\",\"@id\":\"https:\/\/mekulo.com\/se\/produkt\/kapsyloppnare\/#breadcrumb\",\"itemListElement\":[{\"@type\":\"ListItem\",\"position\":1,\"name\":\"Home\",\"item\":\"https:\/\/mekulo.com\/se\/\"},{\"@type\":\"ListItem\",\"position\":2,\"name\":\"Butik\",\"item\":\"https:\/\/mekulo.com\/se\/butik\/\"},{\"@type\":\"ListItem\",\"position\":3,\"name\":\"Kapsyl\u00f6ppnare\"}]},{\"@type\":\"WebSite\",\"@id\":\"https:\/\/mekulo.com\/se\/#website\",\"url\":\"https:\/\/mekulo.com\/se\/\",\"name\":\"Mekulo SE\",\"description\":\"\",\"publisher\":{\"@id\":\"https:\/\/mekulo.com\/se\/#organization\"},\"potentialAction\":[{\"@type\":\"SearchAction\",\"target\":{\"@type\":\"EntryPoint\",\"urlTemplate\":\"https:\/\/mekulo.com\/se\/?s={search_term_string}\"},\"query-input\":{\"@type\":\"PropertyValueSpecification\",\"valueRequired\":true,\"valueName\":\"search_term_string\"}}],\"inLanguage\":\"sv-SE\"},{\"@type\":\"Organization\",\"@id\":\"https:\/\/mekulo.com\/se\/#organization\",\"name\":\"Mekulo\",\"url\":\"https:\/\/mekulo.com\/se\/\",\"logo\":{\"@type\":\"ImageObject\",\"inLanguage\":\"sv-SE\",\"@id\":\"https:\/\/mekulo.com\/se\/#\/schema\/logo\/image\/\",\"url\":\"https:\/\/mekulo.com\/se\/wp-content\/uploads\/sites\/11\/2025\/12\/favicon_mekulo.png\",\"contentUrl\":\"https:\/\/mekulo.com\/se\/wp-content\/uploads\/sites\/11\/2025\/12\/favicon_mekulo.png\",\"width\":50,\"height\":50,\"caption\":\"Mekulo\"},\"image\":{\"@id\":\"https:\/\/mekulo.com\/se\/#\/schema\/logo\/image\/\"}}]}<\/script>\n<!-- \/ Yoast SEO plugin. -->","yoast_head_json":{"title":"Kapsyl\u00f6ppnare - Mekulo SE","robots":{"index":"index","follow":"follow","max-snippet":"max-snippet:-1","max-image-preview":"max-image-preview:large","max-video-preview":"max-video-preview:-1"},"canonical":"https:\/\/mekulo.com\/se\/produkt\/kapsyloppnare\/","og_locale":"sv_SE","og_type":"article","og_title":"Kapsyl\u00f6ppnare - Mekulo SE","og_description":"Den h\u00e4r flask\u00f6ppnaren kombinerar en unik, elegant design med h\u00f6g funktionalitet och levereras i en attraktiv f\u00f6rpackning.","og_url":"https:\/\/mekulo.com\/se\/produkt\/kapsyloppnare\/","og_site_name":"Mekulo SE","article_modified_time":"2026-01-12T08:16:48+00:00","og_image":[{"width":790,"height":792,"url":"https:\/\/mekulo.com\/se\/wp-content\/uploads\/sites\/11\/2026\/01\/a1gh98f-1.webp","type":"image\/webp"}],"twitter_card":"summary_large_image","twitter_misc":{"Ber\u00e4knad l\u00e4stid":"3 minuter"},"schema":{"@context":"https:\/\/schema.org","@graph":[{"@type":"WebPage","@id":"https:\/\/mekulo.com\/se\/produkt\/kapsyloppnare\/","url":"https:\/\/mekulo.com\/se\/produkt\/kapsyloppnare\/","name":"Kapsyl\u00f6ppnare - Mekulo SE","isPartOf":{"@id":"https:\/\/mekulo.com\/se\/#website"},"primaryImageOfPage":{"@id":"https:\/\/mekulo.com\/se\/produkt\/kapsyloppnare\/#primaryimage"},"image":{"@id":"https:\/\/mekulo.com\/se\/produkt\/kapsyloppnare\/#primaryimage"},"thumbnailUrl":"https:\/\/mekulo.com\/se\/wp-content\/uploads\/sites\/11\/2026\/01\/a1gh98f-1.webp","datePublished":"2026-01-12T08:16:39+00:00","dateModified":"2026-01-12T08:16:48+00:00","breadcrumb":{"@id":"https:\/\/mekulo.com\/se\/produkt\/kapsyloppnare\/#breadcrumb"},"inLanguage":"sv-SE","potentialAction":[{"@type":"ReadAction","target":["https:\/\/mekulo.com\/se\/produkt\/kapsyloppnare\/"]}]},{"@type":"ImageObject","inLanguage":"sv-SE","@id":"https:\/\/mekulo.com\/se\/produkt\/kapsyloppnare\/#primaryimage","url":"https:\/\/mekulo.com\/se\/wp-content\/uploads\/sites\/11\/2026\/01\/a1gh98f-1.webp","contentUrl":"https:\/\/mekulo.com\/se\/wp-content\/uploads\/sites\/11\/2026\/01\/a1gh98f-1.webp","width":790,"height":792},{"@type":"BreadcrumbList","@id":"https:\/\/mekulo.com\/se\/produkt\/kapsyloppnare\/#breadcrumb","itemListElement":[{"@type":"ListItem","position":1,"name":"Home","item":"https:\/\/mekulo.com\/se\/"},{"@type":"ListItem","position":2,"name":"Butik","item":"https:\/\/mekulo.com\/se\/butik\/"},{"@type":"ListItem","position":3,"name":"Kapsyl\u00f6ppnare"}]},{"@type":"WebSite","@id":"https:\/\/mekulo.com\/se\/#website","url":"https:\/\/mekulo.com\/se\/","name":"Mekulo SE","description":"","publisher":{"@id":"https:\/\/mekulo.com\/se\/#organization"},"potentialAction":[{"@type":"SearchAction","target":{"@type":"EntryPoint","urlTemplate":"https:\/\/mekulo.com\/se\/?s={search_term_string}"},"query-input":{"@type":"PropertyValueSpecification","valueRequired":true,"valueName":"search_term_string"}}],"inLanguage":"sv-SE"},{"@type":"Organization","@id":"https:\/\/mekulo.com\/se\/#organization","name":"Mekulo","url":"https:\/\/mekulo.com\/se\/","logo":{"@type":"ImageObject","inLanguage":"sv-SE","@id":"https:\/\/mekulo.com\/se\/#\/schema\/logo\/image\/","url":"https:\/\/mekulo.com\/se\/wp-content\/uploads\/sites\/11\/2025\/12\/favicon_mekulo.png","contentUrl":"https:\/\/mekulo.com\/se\/wp-content\/uploads\/sites\/11\/2025\/12\/favicon_mekulo.png","width":50,"height":50,"caption":"Mekulo"},"image":{"@id":"https:\/\/mekulo.com\/se\/#\/schema\/logo\/image\/"}}]}},"_links":{"self":[{"href":"https:\/\/mekulo.com\/se\/wp-json\/wp\/v2\/product\/16672","targetHints":{"allow":["GET"]}}],"collection":[{"href":"https:\/\/mekulo.com\/se\/wp-json\/wp\/v2\/product"}],"about":[{"href":"https:\/\/mekulo.com\/se\/wp-json\/wp\/v2\/types\/product"}],"replies":[{"embeddable":true,"href":"https:\/\/mekulo.com\/se\/wp-json\/wp\/v2\/comments?post=16672"}],"wp:featuredmedia":[{"embeddable":true,"href":"https:\/\/mekulo.com\/se\/wp-json\/wp\/v2\/media\/16668"}],"wp:attachment":[{"href":"https:\/\/mekulo.com\/se\/wp-json\/wp\/v2\/media?parent=16672"}],"wp:term":[{"taxonomy":"product_brand","embeddable":true,"href":"https:\/\/mekulo.com\/se\/wp-json\/wp\/v2\/product_brand?post=16672"},{"taxonomy":"product_cat","embeddable":true,"href":"https:\/\/mekulo.com\/se\/wp-json\/wp\/v2\/product_cat?post=16672"},{"taxonomy":"product_tag","embeddable":true,"href":"https:\/\/mekulo.com\/se\/wp-json\/wp\/v2\/product_tag?post=16672"}],"curies":[{"name":"wp","href":"https:\/\/api.w.org\/{rel}","templated":true}]}}