{"id":16547,"date":"2026-01-09T20:36:59","date_gmt":"2026-01-09T18:36:59","guid":{"rendered":"https:\/\/mekulo.com\/se\/produkt\/batterihallare-for-dewalt-makita\/"},"modified":"2026-01-09T20:42:27","modified_gmt":"2026-01-09T18:42:27","slug":"batterihallare-for-dewalt-makita","status":"publish","type":"product","link":"https:\/\/mekulo.com\/se\/produkt\/batterihallare-for-dewalt-makita\/","title":{"rendered":"Batterih\u00e5llare f\u00f6r DeWalt &amp; Makita"},"content":{"rendered":"<p style=\"text-align: center;\" data-start=\"0\" data-end=\"72\"><strong data-start=\"0\" data-end=\"72\">H\u00e5ll batterierna till dina elverktyg organiserade, s\u00e4kra och l\u00e4ttillg\u00e4ngliga. \ud83d\udee0\ufe0f<\/strong><\/p>\n<p data-start=\"0\" data-end=\"72\"><img fetchpriority=\"high\" decoding=\"async\" class=\"size-full wp-image-20137 aligncenter\" src=\"https:\/\/mekulo.com\/template\/wp-content\/uploads\/sites\/6\/2026\/01\/5-1.jpeg\" alt=\"\" width=\"1000\" height=\"1000\" \/><\/p>\n<h2 style=\"text-align: center;\" data-start=\"510\" data-end=\"529\"><strong>Huvudf\u00f6rdelar<\/strong><\/h2>\n<p data-start=\"533\" data-end=\"597\">\ud83d\udd0b Organiserad f\u00f6rvaring &#8211; H\u00e5ller batterierna prydligt p\u00e5 ett st\u00e4lle.<\/p>\n<p data-start=\"600\" data-end=\"664\">\ud83e\uddf1 V\u00e4gg- eller takmontering &#8211; Sparar arbetsyta och golvyta.<\/p>\n<p data-start=\"667\" data-end=\"721\">\ud83e\udeb6 L\u00e4ttviktsdesign &#8211; L\u00e4tt att installera och flytta.<\/p>\n<p data-start=\"724\" data-end=\"777\">\ud83d\udd12 S\u00e4kert grepp &#8211; Batterierna sitter stadigt p\u00e5 plats.<\/p>\n<p data-start=\"780\" data-end=\"849\">\u2699\ufe0f Verkstadsv\u00e4nlig &#8211; ingen magnetism och ingen elektricitet inblandad.<\/p>\n<p data-start=\"780\" data-end=\"849\"><img decoding=\"async\" class=\"size-full wp-image-20138 aligncenter\" src=\"https:\/\/mekulo.com\/template\/wp-content\/uploads\/sites\/6\/2026\/01\/6-5.jpeg\" alt=\"\" width=\"800\" height=\"800\" \/><\/p>\n<h2 style=\"text-align: center;\" data-start=\"856\" data-end=\"873\"><strong>Anv\u00e4ndning<\/strong><\/h2>\n<ol data-start=\"875\" data-end=\"1091\">\n<li data-start=\"875\" data-end=\"940\">\n<p data-start=\"878\" data-end=\"940\">V\u00e4lj en v\u00e4gg- eller takyta i din verkstad eller ditt garage.<\/p>\n<\/li>\n<li data-start=\"941\" data-end=\"987\">\n<p data-start=\"944\" data-end=\"987\">F\u00e4st h\u00e5llaren med de medf\u00f6ljande skruvarna.<\/p>\n<\/li>\n<li data-start=\"988\" data-end=\"1038\">\n<p data-start=\"991\" data-end=\"1038\">Skjut in det kompatibla batteriet i h\u00e5llaren.<\/p>\n<\/li>\n<li data-start=\"1039\" data-end=\"1091\">\n<p data-start=\"1042\" data-end=\"1091\">Ta enkelt bort batteriet n\u00e4r du beh\u00f6ver det.<\/p>\n<\/li>\n<\/ol>\n<h2 style=\"text-align: center;\" data-start=\"1098\" data-end=\"1120\"><strong>Produktdetaljer<\/strong><\/h2>\n<ul data-start=\"1122\" data-end=\"1391\">\n<li data-start=\"1171\" data-end=\"1206\">\n<p data-start=\"1173\" data-end=\"1206\">Design: Kompakt och l\u00e4tt<\/p>\n<\/li>\n<li data-start=\"1207\" data-end=\"1238\">\n<p data-start=\"1209\" data-end=\"1238\">Installation: Skruvmonterad<\/p>\n<\/li>\n<li data-start=\"1239\" data-end=\"1273\">\n<p data-start=\"1241\" data-end=\"1273\">Effekt: Ingen elektricitet kr\u00e4vs<\/p>\n<\/li>\n<li data-start=\"1274\" data-end=\"1293\">\n<p data-start=\"1276\" data-end=\"1293\">Magnetism: Ingen<\/p>\n<\/li>\n<li data-start=\"1294\" data-end=\"1391\">\n<p data-start=\"1296\" data-end=\"1312\">Kompatibilitet:<\/p>\n<ul data-start=\"1315\" data-end=\"1391\">\n<li data-start=\"1315\" data-end=\"1353\">\n<p data-start=\"1317\" data-end=\"1353\">DeWalt 14,4V \/ 18V \/ 20V batterier<\/p>\n<\/li>\n<li data-start=\"1356\" data-end=\"1391\">\n<p data-start=\"1358\" data-end=\"1391\">Milwaukee 18V litiumbatterier<\/p>\n<\/li>\n<\/ul>\n<\/li>\n<li data-start=\"1392\" data-end=\"1416\">\n<p data-start=\"1394\" data-end=\"1416\">Storlek: 11,59 x 7,49 cm<\/p>\n<\/li>\n<\/ul>\n<h2 style=\"text-align: center;\" data-start=\"1398\" data-end=\"1421\"><strong>Paketet Inneh\u00e5ller<\/strong><\/h2>\n<ul data-start=\"1423\" data-end=\"1465\">\n<li data-start=\"1423\" data-end=\"1445\">\n<p data-start=\"1425\" data-end=\"1445\">2, 4, 8x batterih\u00e5llare<\/p>\n<\/li>\n<li data-start=\"1446\" data-end=\"1465\">\n<p data-start=\"1448\" data-end=\"1465\">8, 16, 32x monteringsskruvar.<\/p>\n<\/li>\n<\/ul>\n","protected":false},"excerpt":{"rendered":"<p>\ud83d\udee0\ufe0fDen DeWalt &amp; Makita batterih\u00e5llare \u00e4r utformad f\u00f6r att s\u00e4kert h\u00e5lla kompatibla elverktygsbatterier och h\u00e5lla dem borta fr\u00e5n golvet.<br \/>\n\ud83d\udd0bDen monteras enkelt p\u00e5 v\u00e4ggar eller takytor, vilket ger dig snabb \u00e5tkomst samtidigt som batterierna skyddas fr\u00e5n skador och r\u00f6ran.<br \/>\n\u2699\ufe0fA enkel och smart l\u00f6sning f\u00f6r att h\u00e5lla batterierna s\u00e4kra, synliga och alltid redo att anv\u00e4ndas.<\/p>\n","protected":false},"featured_media":16543,"comment_status":"open","ping_status":"closed","template":"","meta":{"site-sidebar-layout":"default","site-content-layout":"","ast-site-content-layout":"default","site-content-style":"default","site-sidebar-style":"default","ast-global-header-display":"","ast-banner-title-visibility":"","ast-main-header-display":"","ast-hfb-above-header-display":"","ast-hfb-below-header-display":"","ast-hfb-mobile-header-display":"","site-post-title":"","ast-breadcrumbs-content":"","ast-featured-img":"","footer-sml-layout":"","theme-transparent-header-meta":"default","adv-header-id-meta":"","stick-header-meta":"","header-above-stick-meta":"","header-main-stick-meta":"","header-below-stick-meta":"","astra-migrate-meta-layouts":"set","ast-page-background-enabled":"default","ast-page-background-meta":{"desktop":{"background-color":"var(--ast-global-color-5)","background-image":"","background-repeat":"repeat","background-position":"center center","background-size":"auto","background-attachment":"scroll","background-type":"","background-media":"","overlay-type":"","overlay-color":"","overlay-opacity":"","overlay-gradient":""},"tablet":{"background-color":"","background-image":"","background-repeat":"repeat","background-position":"center center","background-size":"auto","background-attachment":"scroll","background-type":"","background-media":"","overlay-type":"","overlay-color":"","overlay-opacity":"","overlay-gradient":""},"mobile":{"background-color":"","background-image":"","background-repeat":"repeat","background-position":"center center","background-size":"auto","background-attachment":"scroll","background-type":"","background-media":"","overlay-type":"","overlay-color":"","overlay-opacity":"","overlay-gradient":""}},"ast-content-background-meta":{"desktop":{"background-color":"var(--ast-global-color-4)","background-image":"","background-repeat":"repeat","background-position":"center center","background-size":"auto","background-attachment":"scroll","background-type":"","background-media":"","overlay-type":"","overlay-color":"","overlay-opacity":"","overlay-gradient":""},"tablet":{"background-color":"var(--ast-global-color-4)","background-image":"","background-repeat":"repeat","background-position":"center center","background-size":"auto","background-attachment":"scroll","background-type":"","background-media":"","overlay-type":"","overlay-color":"","overlay-opacity":"","overlay-gradient":""},"mobile":{"background-color":"var(--ast-global-color-4)","background-image":"","background-repeat":"repeat","background-position":"center center","background-size":"auto","background-attachment":"scroll","background-type":"","background-media":"","overlay-type":"","overlay-color":"","overlay-opacity":"","overlay-gradient":""}}},"product_brand":[],"product_cat":[171],"product_tag":[],"class_list":{"0":"post-16547","1":"product","2":"type-product","3":"status-publish","4":"has-post-thumbnail","6":"product_cat-verktyg","7":"pa_68745_hth3a3pl-2-st","8":"pa_68745_hth3a3pl-4-st","9":"pa_68745_hth3a3pl-8-st","10":"pa_68745_l3ipv28l-gul","11":"pa_68745_l3ipv28l-rod","12":"pa_68745_l3ipv28l-svart","13":"desktop-align-left","14":"tablet-align-left","15":"mobile-align-left","17":"first","18":"instock","19":"shipping-taxable","20":"purchasable","21":"product-type-variable","22":"has-default-attributes"},"yoast_head":"<!-- This site is optimized with the Yoast SEO plugin v26.6 - https:\/\/yoast.com\/wordpress\/plugins\/seo\/ -->\n<title>Batterih\u00e5llare f\u00f6r DeWalt &amp; Makita - Mekulo SE<\/title>\n<meta name=\"robots\" content=\"index, follow, max-snippet:-1, max-image-preview:large, max-video-preview:-1\" \/>\n<link rel=\"canonical\" href=\"https:\/\/mekulo.com\/se\/produkt\/batterihallare-for-dewalt-makita\/\" \/>\n<meta property=\"og:locale\" content=\"sv_SE\" \/>\n<meta property=\"og:type\" content=\"article\" \/>\n<meta property=\"og:title\" content=\"Batterih\u00e5llare f\u00f6r DeWalt &amp; Makita - Mekulo SE\" \/>\n<meta property=\"og:description\" content=\"\ud83d\udee0\ufe0fDen DeWalt &amp; Makita batterih\u00e5llare \u00e4r utformad f\u00f6r att s\u00e4kert h\u00e5lla kompatibla elverktygsbatterier och h\u00e5lla dem borta fr\u00e5n golvet. \ud83d\udd0bDen monteras enkelt p\u00e5 v\u00e4ggar eller takytor, vilket ger dig snabb \u00e5tkomst samtidigt som batterierna skyddas fr\u00e5n skador och r\u00f6ran. \u2699\ufe0fA enkel och smart l\u00f6sning f\u00f6r att h\u00e5lla batterierna s\u00e4kra, synliga och alltid redo att anv\u00e4ndas.\" \/>\n<meta property=\"og:url\" content=\"https:\/\/mekulo.com\/se\/produkt\/batterihallare-for-dewalt-makita\/\" \/>\n<meta property=\"og:site_name\" content=\"Mekulo SE\" \/>\n<meta property=\"article:modified_time\" content=\"2026-01-09T18:42:27+00:00\" \/>\n<meta property=\"og:image\" content=\"https:\/\/mekulo.com\/se\/wp-content\/uploads\/sites\/11\/2026\/01\/n17i303-1.jpeg\" \/>\n\t<meta property=\"og:image:width\" content=\"1000\" \/>\n\t<meta property=\"og:image:height\" content=\"1000\" \/>\n\t<meta property=\"og:image:type\" content=\"image\/jpeg\" \/>\n<meta name=\"twitter:card\" content=\"summary_large_image\" \/>\n<meta name=\"twitter:label1\" content=\"Ber\u00e4knad l\u00e4stid\" \/>\n\t<meta name=\"twitter:data1\" content=\"2 minuter\" \/>\n<script type=\"application\/ld+json\" class=\"yoast-schema-graph\">{\"@context\":\"https:\/\/schema.org\",\"@graph\":[{\"@type\":\"WebPage\",\"@id\":\"https:\/\/mekulo.com\/se\/produkt\/batterihallare-for-dewalt-makita\/\",\"url\":\"https:\/\/mekulo.com\/se\/produkt\/batterihallare-for-dewalt-makita\/\",\"name\":\"Batterih\u00e5llare f\u00f6r DeWalt &amp; Makita - Mekulo SE\",\"isPartOf\":{\"@id\":\"https:\/\/mekulo.com\/se\/#website\"},\"primaryImageOfPage\":{\"@id\":\"https:\/\/mekulo.com\/se\/produkt\/batterihallare-for-dewalt-makita\/#primaryimage\"},\"image\":{\"@id\":\"https:\/\/mekulo.com\/se\/produkt\/batterihallare-for-dewalt-makita\/#primaryimage\"},\"thumbnailUrl\":\"https:\/\/mekulo.com\/se\/wp-content\/uploads\/sites\/11\/2026\/01\/n17i303-1.jpeg\",\"datePublished\":\"2026-01-09T18:36:59+00:00\",\"dateModified\":\"2026-01-09T18:42:27+00:00\",\"breadcrumb\":{\"@id\":\"https:\/\/mekulo.com\/se\/produkt\/batterihallare-for-dewalt-makita\/#breadcrumb\"},\"inLanguage\":\"sv-SE\",\"potentialAction\":[{\"@type\":\"ReadAction\",\"target\":[\"https:\/\/mekulo.com\/se\/produkt\/batterihallare-for-dewalt-makita\/\"]}]},{\"@type\":\"ImageObject\",\"inLanguage\":\"sv-SE\",\"@id\":\"https:\/\/mekulo.com\/se\/produkt\/batterihallare-for-dewalt-makita\/#primaryimage\",\"url\":\"https:\/\/mekulo.com\/se\/wp-content\/uploads\/sites\/11\/2026\/01\/n17i303-1.jpeg\",\"contentUrl\":\"https:\/\/mekulo.com\/se\/wp-content\/uploads\/sites\/11\/2026\/01\/n17i303-1.jpeg\",\"width\":1000,\"height\":1000},{\"@type\":\"BreadcrumbList\",\"@id\":\"https:\/\/mekulo.com\/se\/produkt\/batterihallare-for-dewalt-makita\/#breadcrumb\",\"itemListElement\":[{\"@type\":\"ListItem\",\"position\":1,\"name\":\"Home\",\"item\":\"https:\/\/mekulo.com\/se\/\"},{\"@type\":\"ListItem\",\"position\":2,\"name\":\"Butik\",\"item\":\"https:\/\/mekulo.com\/se\/butik\/\"},{\"@type\":\"ListItem\",\"position\":3,\"name\":\"Batterih\u00e5llare f\u00f6r DeWalt &amp; Makita\"}]},{\"@type\":\"WebSite\",\"@id\":\"https:\/\/mekulo.com\/se\/#website\",\"url\":\"https:\/\/mekulo.com\/se\/\",\"name\":\"Mekulo SE\",\"description\":\"\",\"publisher\":{\"@id\":\"https:\/\/mekulo.com\/se\/#organization\"},\"potentialAction\":[{\"@type\":\"SearchAction\",\"target\":{\"@type\":\"EntryPoint\",\"urlTemplate\":\"https:\/\/mekulo.com\/se\/?s={search_term_string}\"},\"query-input\":{\"@type\":\"PropertyValueSpecification\",\"valueRequired\":true,\"valueName\":\"search_term_string\"}}],\"inLanguage\":\"sv-SE\"},{\"@type\":\"Organization\",\"@id\":\"https:\/\/mekulo.com\/se\/#organization\",\"name\":\"Mekulo\",\"url\":\"https:\/\/mekulo.com\/se\/\",\"logo\":{\"@type\":\"ImageObject\",\"inLanguage\":\"sv-SE\",\"@id\":\"https:\/\/mekulo.com\/se\/#\/schema\/logo\/image\/\",\"url\":\"https:\/\/mekulo.com\/se\/wp-content\/uploads\/sites\/11\/2025\/12\/favicon_mekulo.png\",\"contentUrl\":\"https:\/\/mekulo.com\/se\/wp-content\/uploads\/sites\/11\/2025\/12\/favicon_mekulo.png\",\"width\":50,\"height\":50,\"caption\":\"Mekulo\"},\"image\":{\"@id\":\"https:\/\/mekulo.com\/se\/#\/schema\/logo\/image\/\"}}]}<\/script>\n<!-- \/ Yoast SEO plugin. -->","yoast_head_json":{"title":"Batterih\u00e5llare f\u00f6r DeWalt &amp; Makita - Mekulo SE","robots":{"index":"index","follow":"follow","max-snippet":"max-snippet:-1","max-image-preview":"max-image-preview:large","max-video-preview":"max-video-preview:-1"},"canonical":"https:\/\/mekulo.com\/se\/produkt\/batterihallare-for-dewalt-makita\/","og_locale":"sv_SE","og_type":"article","og_title":"Batterih\u00e5llare f\u00f6r DeWalt &amp; Makita - Mekulo SE","og_description":"\ud83d\udee0\ufe0fDen DeWalt &amp; Makita batterih\u00e5llare \u00e4r utformad f\u00f6r att s\u00e4kert h\u00e5lla kompatibla elverktygsbatterier och h\u00e5lla dem borta fr\u00e5n golvet. \ud83d\udd0bDen monteras enkelt p\u00e5 v\u00e4ggar eller takytor, vilket ger dig snabb \u00e5tkomst samtidigt som batterierna skyddas fr\u00e5n skador och r\u00f6ran. \u2699\ufe0fA enkel och smart l\u00f6sning f\u00f6r att h\u00e5lla batterierna s\u00e4kra, synliga och alltid redo att anv\u00e4ndas.","og_url":"https:\/\/mekulo.com\/se\/produkt\/batterihallare-for-dewalt-makita\/","og_site_name":"Mekulo SE","article_modified_time":"2026-01-09T18:42:27+00:00","og_image":[{"width":1000,"height":1000,"url":"https:\/\/mekulo.com\/se\/wp-content\/uploads\/sites\/11\/2026\/01\/n17i303-1.jpeg","type":"image\/jpeg"}],"twitter_card":"summary_large_image","twitter_misc":{"Ber\u00e4knad l\u00e4stid":"2 minuter"},"schema":{"@context":"https:\/\/schema.org","@graph":[{"@type":"WebPage","@id":"https:\/\/mekulo.com\/se\/produkt\/batterihallare-for-dewalt-makita\/","url":"https:\/\/mekulo.com\/se\/produkt\/batterihallare-for-dewalt-makita\/","name":"Batterih\u00e5llare f\u00f6r DeWalt &amp; Makita - Mekulo SE","isPartOf":{"@id":"https:\/\/mekulo.com\/se\/#website"},"primaryImageOfPage":{"@id":"https:\/\/mekulo.com\/se\/produkt\/batterihallare-for-dewalt-makita\/#primaryimage"},"image":{"@id":"https:\/\/mekulo.com\/se\/produkt\/batterihallare-for-dewalt-makita\/#primaryimage"},"thumbnailUrl":"https:\/\/mekulo.com\/se\/wp-content\/uploads\/sites\/11\/2026\/01\/n17i303-1.jpeg","datePublished":"2026-01-09T18:36:59+00:00","dateModified":"2026-01-09T18:42:27+00:00","breadcrumb":{"@id":"https:\/\/mekulo.com\/se\/produkt\/batterihallare-for-dewalt-makita\/#breadcrumb"},"inLanguage":"sv-SE","potentialAction":[{"@type":"ReadAction","target":["https:\/\/mekulo.com\/se\/produkt\/batterihallare-for-dewalt-makita\/"]}]},{"@type":"ImageObject","inLanguage":"sv-SE","@id":"https:\/\/mekulo.com\/se\/produkt\/batterihallare-for-dewalt-makita\/#primaryimage","url":"https:\/\/mekulo.com\/se\/wp-content\/uploads\/sites\/11\/2026\/01\/n17i303-1.jpeg","contentUrl":"https:\/\/mekulo.com\/se\/wp-content\/uploads\/sites\/11\/2026\/01\/n17i303-1.jpeg","width":1000,"height":1000},{"@type":"BreadcrumbList","@id":"https:\/\/mekulo.com\/se\/produkt\/batterihallare-for-dewalt-makita\/#breadcrumb","itemListElement":[{"@type":"ListItem","position":1,"name":"Home","item":"https:\/\/mekulo.com\/se\/"},{"@type":"ListItem","position":2,"name":"Butik","item":"https:\/\/mekulo.com\/se\/butik\/"},{"@type":"ListItem","position":3,"name":"Batterih\u00e5llare f\u00f6r DeWalt &amp; Makita"}]},{"@type":"WebSite","@id":"https:\/\/mekulo.com\/se\/#website","url":"https:\/\/mekulo.com\/se\/","name":"Mekulo SE","description":"","publisher":{"@id":"https:\/\/mekulo.com\/se\/#organization"},"potentialAction":[{"@type":"SearchAction","target":{"@type":"EntryPoint","urlTemplate":"https:\/\/mekulo.com\/se\/?s={search_term_string}"},"query-input":{"@type":"PropertyValueSpecification","valueRequired":true,"valueName":"search_term_string"}}],"inLanguage":"sv-SE"},{"@type":"Organization","@id":"https:\/\/mekulo.com\/se\/#organization","name":"Mekulo","url":"https:\/\/mekulo.com\/se\/","logo":{"@type":"ImageObject","inLanguage":"sv-SE","@id":"https:\/\/mekulo.com\/se\/#\/schema\/logo\/image\/","url":"https:\/\/mekulo.com\/se\/wp-content\/uploads\/sites\/11\/2025\/12\/favicon_mekulo.png","contentUrl":"https:\/\/mekulo.com\/se\/wp-content\/uploads\/sites\/11\/2025\/12\/favicon_mekulo.png","width":50,"height":50,"caption":"Mekulo"},"image":{"@id":"https:\/\/mekulo.com\/se\/#\/schema\/logo\/image\/"}}]}},"_links":{"self":[{"href":"https:\/\/mekulo.com\/se\/wp-json\/wp\/v2\/product\/16547","targetHints":{"allow":["GET"]}}],"collection":[{"href":"https:\/\/mekulo.com\/se\/wp-json\/wp\/v2\/product"}],"about":[{"href":"https:\/\/mekulo.com\/se\/wp-json\/wp\/v2\/types\/product"}],"replies":[{"embeddable":true,"href":"https:\/\/mekulo.com\/se\/wp-json\/wp\/v2\/comments?post=16547"}],"wp:featuredmedia":[{"embeddable":true,"href":"https:\/\/mekulo.com\/se\/wp-json\/wp\/v2\/media\/16543"}],"wp:attachment":[{"href":"https:\/\/mekulo.com\/se\/wp-json\/wp\/v2\/media?parent=16547"}],"wp:term":[{"taxonomy":"product_brand","embeddable":true,"href":"https:\/\/mekulo.com\/se\/wp-json\/wp\/v2\/product_brand?post=16547"},{"taxonomy":"product_cat","embeddable":true,"href":"https:\/\/mekulo.com\/se\/wp-json\/wp\/v2\/product_cat?post=16547"},{"taxonomy":"product_tag","embeddable":true,"href":"https:\/\/mekulo.com\/se\/wp-json\/wp\/v2\/product_tag?post=16547"}],"curies":[{"name":"wp","href":"https:\/\/api.w.org\/{rel}","templated":true}]}}