{"id":16488,"date":"2026-01-09T13:50:25","date_gmt":"2026-01-09T11:50:25","guid":{"rendered":"https:\/\/mekulo.com\/se\/produkt\/mini-stationart-basketspel\/"},"modified":"2026-01-09T20:50:04","modified_gmt":"2026-01-09T18:50:04","slug":"mini-stationart-basketspel","status":"publish","type":"product","link":"https:\/\/mekulo.com\/se\/produkt\/mini-stationart-basketspel\/","title":{"rendered":"Mini station\u00e4rt basketspel"},"content":{"rendered":"<p style=\"text-align: center;\" data-start=\"0\" data-end=\"62\"><strong data-start=\"0\" data-end=\"62\">Ta med arkadliknande basketkul till ditt skrivbord p\u00e5 n\u00e5gra sekunder. \ud83c\udfc0<\/strong><\/p>\n<p data-start=\"64\" data-end=\"275\"><img fetchpriority=\"high\" decoding=\"async\" class=\"size-full wp-image-48318 aligncenter\" src=\"https:\/\/keluvo.com\/template\/wp-content\/uploads\/sites\/5\/2026\/01\/122120-ezgif.com-video-to-webp-converter.webp\" alt=\"\" width=\"500\" height=\"500\" \/><\/p>\n<h2 style=\"text-align: center;\" data-start=\"282\" data-end=\"302\">Huvudsakliga f\u00f6rdelar<\/h2>\n<p data-start=\"306\" data-end=\"379\">\ud83c\udfaf Skjutning med ett tryck &#8211; Enkel kontroll f\u00f6r enkel siktning och skjutning.<\/p>\n<p data-start=\"382\" data-end=\"453\">\u23f1\ufe0f Automatisk po\u00e4ngtagning &amp; timer &#8211; 60-sekunders utmaning sp\u00e5rar varje korg.<\/p>\n<p data-start=\"456\" data-end=\"530\">\ud83d\udd0a Ljus &amp; ljudeffekter &#8211; Jubel g\u00f6r varje skott sp\u00e4nnande.<\/p>\n<p data-start=\"533\" data-end=\"604\">\ud83e\ude99 Myntaktiverat spel &#8211; Starta varje omg\u00e5ng som ett riktigt arkadspel.<\/p>\n<p data-start=\"607\" data-end=\"674\">\ud83d\udc68\u200d\ud83d\udc69\u200d\ud83d\udc67 Kul f\u00f6r alla \u00e5ldrar &#8211; Perfekt f\u00f6r barn, ton\u00e5ringar och vuxna.<br \/>\n<img decoding=\"async\" class=\"size-full wp-image-48319 aligncenter\" src=\"https:\/\/keluvo.com\/template\/wp-content\/uploads\/sites\/5\/2026\/01\/122119-ezgif.com-video-to-webp-converter.webp\" alt=\"\" width=\"500\" height=\"500\" \/><\/p>\n<h2 style=\"text-align: center;\" data-start=\"681\" data-end=\"698\"><strong>Hur Man Anv\u00e4nder<\/strong><\/h2>\n<ol data-start=\"700\" data-end=\"957\">\n<li data-start=\"700\" data-end=\"759\">\n<p data-start=\"703\" data-end=\"759\">S\u00e4tt i 3x AA-batterier.<\/p>\n<\/li>\n<li data-start=\"760\" data-end=\"801\">\n<p data-start=\"763\" data-end=\"801\">S\u00e4tt i en spelmynt f\u00f6r att starta en omg\u00e5ng.<\/p>\n<\/li>\n<li data-start=\"802\" data-end=\"849\">\n<p data-start=\"805\" data-end=\"849\">Tryck p\u00e5 knappen f\u00f6r att skjuta basketbollarna.<\/p>\n<\/li>\n<li data-start=\"850\" data-end=\"906\">\n<p data-start=\"853\" data-end=\"906\">F\u00e5 s\u00e5 m\u00e5nga po\u00e4ng som m\u00f6jligt inom 60 sekunder.<\/p>\n<\/li>\n<li data-start=\"907\" data-end=\"957\">\n<p data-start=\"910\" data-end=\"957\">Kontrollera din po\u00e4ng och f\u00f6rs\u00f6k sl\u00e5 den i n\u00e4sta omg\u00e5ng.<\/p>\n<\/li>\n<\/ol>\n<h2 style=\"text-align: center;\" data-start=\"964\" data-end=\"986\"><strong>Produktdetaljer<\/strong><\/h2>\n<ul data-start=\"988\" data-end=\"1220\">\n<li data-start=\"1035\" data-end=\"1083\">\n<p data-start=\"1037\" data-end=\"1083\">Material: ABS-plast, elektroniska komponenter<\/p>\n<\/li>\n<li data-start=\"1084\" data-end=\"1138\">\n<p data-start=\"1086\" data-end=\"1138\">Storlek: 22,2 x 15 x 15,7 cm<\/p>\n<\/li>\n<li data-start=\"1139\" data-end=\"1168\">\n<p data-start=\"1141\" data-end=\"1168\">Rekommenderad \u00e5lder: 3+ \u00e5r<\/p>\n<\/li>\n<li data-start=\"1169\" data-end=\"1220\">\n<p data-start=\"1171\" data-end=\"1220\">Str\u00f6m: 3x AA-batterier<\/p>\n<\/li>\n<\/ul>\n<h2 style=\"text-align: center;\" data-start=\"1227\" data-end=\"1250\"><strong>Paketet inneh\u00e5ller<\/strong><\/h2>\n<ul data-start=\"1252\" data-end=\"1342\">\n<li data-start=\"1252\" data-end=\"1296\">Alternativ A: 1x mini station\u00e4r basketspelmaskin, 10x mini basketbollar<\/li>\n<li data-start=\"1252\" data-end=\"1296\">Alternativ B: 1x mini station\u00e4r basketspelmaskin, 10x mini basketbollar, 12x spelmynt.<\/li>\n<\/ul>\n","protected":false},"excerpt":{"rendered":"<p>Detta mini-bordsbasketspel ger snabb och sp\u00e4nnande spelupplevelse med ljus, ljud och automatisk po\u00e4ngr\u00e4kning. Det \u00e4r enkelt att anv\u00e4nda, roligt f\u00f6r alla \u00e5ldrar och perfekt f\u00f6r snabba spel hemma, p\u00e5 kontoret eller med v\u00e4nner. Perfekt som present eller som ett roligt skrivbordsspel som ger omedelbar sp\u00e4nning var som helst.<\/p>\n","protected":false},"featured_media":16484,"comment_status":"open","ping_status":"closed","template":"","meta":{"site-sidebar-layout":"default","site-content-layout":"","ast-site-content-layout":"default","site-content-style":"default","site-sidebar-style":"default","ast-global-header-display":"","ast-banner-title-visibility":"","ast-main-header-display":"","ast-hfb-above-header-display":"","ast-hfb-below-header-display":"","ast-hfb-mobile-header-display":"","site-post-title":"","ast-breadcrumbs-content":"","ast-featured-img":"","footer-sml-layout":"","theme-transparent-header-meta":"default","adv-header-id-meta":"","stick-header-meta":"","header-above-stick-meta":"","header-main-stick-meta":"","header-below-stick-meta":"","astra-migrate-meta-layouts":"set","ast-page-background-enabled":"default","ast-page-background-meta":{"desktop":{"background-color":"var(--ast-global-color-5)","background-image":"","background-repeat":"repeat","background-position":"center center","background-size":"auto","background-attachment":"scroll","background-type":"","background-media":"","overlay-type":"","overlay-color":"","overlay-opacity":"","overlay-gradient":""},"tablet":{"background-color":"","background-image":"","background-repeat":"repeat","background-position":"center center","background-size":"auto","background-attachment":"scroll","background-type":"","background-media":"","overlay-type":"","overlay-color":"","overlay-opacity":"","overlay-gradient":""},"mobile":{"background-color":"","background-image":"","background-repeat":"repeat","background-position":"center center","background-size":"auto","background-attachment":"scroll","background-type":"","background-media":"","overlay-type":"","overlay-color":"","overlay-opacity":"","overlay-gradient":""}},"ast-content-background-meta":{"desktop":{"background-color":"var(--ast-global-color-4)","background-image":"","background-repeat":"repeat","background-position":"center center","background-size":"auto","background-attachment":"scroll","background-type":"","background-media":"","overlay-type":"","overlay-color":"","overlay-opacity":"","overlay-gradient":""},"tablet":{"background-color":"var(--ast-global-color-4)","background-image":"","background-repeat":"repeat","background-position":"center center","background-size":"auto","background-attachment":"scroll","background-type":"","background-media":"","overlay-type":"","overlay-color":"","overlay-opacity":"","overlay-gradient":""},"mobile":{"background-color":"var(--ast-global-color-4)","background-image":"","background-repeat":"repeat","background-position":"center center","background-size":"auto","background-attachment":"scroll","background-type":"","background-media":"","overlay-type":"","overlay-color":"","overlay-opacity":"","overlay-gradient":""}}},"product_brand":[],"product_cat":[172],"product_tag":[],"class_list":{"0":"post-16488","1":"product","2":"type-product","3":"status-publish","4":"has-post-thumbnail","6":"product_cat-leksaker-barn-och-babyprodukter","7":"pa_66599_ld37z6y1-a","8":"pa_66599_ld37z6y1-b","9":"desktop-align-left","10":"tablet-align-left","11":"mobile-align-left","13":"first","14":"instock","15":"shipping-taxable","16":"purchasable","17":"product-type-variable"},"yoast_head":"<!-- This site is optimized with the Yoast SEO plugin v26.6 - https:\/\/yoast.com\/wordpress\/plugins\/seo\/ -->\n<title>Mini station\u00e4rt basketspel - Mekulo SE<\/title>\n<meta name=\"robots\" content=\"index, follow, max-snippet:-1, max-image-preview:large, max-video-preview:-1\" \/>\n<link rel=\"canonical\" href=\"https:\/\/mekulo.com\/se\/produkt\/mini-stationart-basketspel\/\" \/>\n<meta property=\"og:locale\" content=\"sv_SE\" \/>\n<meta property=\"og:type\" content=\"article\" \/>\n<meta property=\"og:title\" content=\"Mini station\u00e4rt basketspel - Mekulo SE\" \/>\n<meta property=\"og:description\" content=\"Detta mini-bordsbasketspel ger snabb och sp\u00e4nnande spelupplevelse med ljus, ljud och automatisk po\u00e4ngr\u00e4kning. Det \u00e4r enkelt att anv\u00e4nda, roligt f\u00f6r alla \u00e5ldrar och perfekt f\u00f6r snabba spel hemma, p\u00e5 kontoret eller med v\u00e4nner. Perfekt som present eller som ett roligt skrivbordsspel som ger omedelbar sp\u00e4nning var som helst.\" \/>\n<meta property=\"og:url\" content=\"https:\/\/mekulo.com\/se\/produkt\/mini-stationart-basketspel\/\" \/>\n<meta property=\"og:site_name\" content=\"Mekulo SE\" \/>\n<meta property=\"article:modified_time\" content=\"2026-01-09T18:50:04+00:00\" \/>\n<meta property=\"og:image\" content=\"https:\/\/mekulo.com\/se\/wp-content\/uploads\/sites\/11\/2026\/01\/e0ub0sw-1.webp\" \/>\n\t<meta property=\"og:image:width\" content=\"713\" \/>\n\t<meta property=\"og:image:height\" content=\"713\" \/>\n\t<meta property=\"og:image:type\" content=\"image\/webp\" \/>\n<meta name=\"twitter:card\" content=\"summary_large_image\" \/>\n<meta name=\"twitter:label1\" content=\"Ber\u00e4knad l\u00e4stid\" \/>\n\t<meta name=\"twitter:data1\" content=\"2 minuter\" \/>\n<script type=\"application\/ld+json\" class=\"yoast-schema-graph\">{\"@context\":\"https:\/\/schema.org\",\"@graph\":[{\"@type\":\"WebPage\",\"@id\":\"https:\/\/mekulo.com\/se\/produkt\/mini-stationart-basketspel\/\",\"url\":\"https:\/\/mekulo.com\/se\/produkt\/mini-stationart-basketspel\/\",\"name\":\"Mini station\u00e4rt basketspel - Mekulo SE\",\"isPartOf\":{\"@id\":\"https:\/\/mekulo.com\/se\/#website\"},\"primaryImageOfPage\":{\"@id\":\"https:\/\/mekulo.com\/se\/produkt\/mini-stationart-basketspel\/#primaryimage\"},\"image\":{\"@id\":\"https:\/\/mekulo.com\/se\/produkt\/mini-stationart-basketspel\/#primaryimage\"},\"thumbnailUrl\":\"https:\/\/mekulo.com\/se\/wp-content\/uploads\/sites\/11\/2026\/01\/e0ub0sw-1.webp\",\"datePublished\":\"2026-01-09T11:50:25+00:00\",\"dateModified\":\"2026-01-09T18:50:04+00:00\",\"breadcrumb\":{\"@id\":\"https:\/\/mekulo.com\/se\/produkt\/mini-stationart-basketspel\/#breadcrumb\"},\"inLanguage\":\"sv-SE\",\"potentialAction\":[{\"@type\":\"ReadAction\",\"target\":[\"https:\/\/mekulo.com\/se\/produkt\/mini-stationart-basketspel\/\"]}]},{\"@type\":\"ImageObject\",\"inLanguage\":\"sv-SE\",\"@id\":\"https:\/\/mekulo.com\/se\/produkt\/mini-stationart-basketspel\/#primaryimage\",\"url\":\"https:\/\/mekulo.com\/se\/wp-content\/uploads\/sites\/11\/2026\/01\/e0ub0sw-1.webp\",\"contentUrl\":\"https:\/\/mekulo.com\/se\/wp-content\/uploads\/sites\/11\/2026\/01\/e0ub0sw-1.webp\",\"width\":713,\"height\":713},{\"@type\":\"BreadcrumbList\",\"@id\":\"https:\/\/mekulo.com\/se\/produkt\/mini-stationart-basketspel\/#breadcrumb\",\"itemListElement\":[{\"@type\":\"ListItem\",\"position\":1,\"name\":\"Home\",\"item\":\"https:\/\/mekulo.com\/se\/\"},{\"@type\":\"ListItem\",\"position\":2,\"name\":\"Butik\",\"item\":\"https:\/\/mekulo.com\/se\/butik\/\"},{\"@type\":\"ListItem\",\"position\":3,\"name\":\"Mini station\u00e4rt basketspel\"}]},{\"@type\":\"WebSite\",\"@id\":\"https:\/\/mekulo.com\/se\/#website\",\"url\":\"https:\/\/mekulo.com\/se\/\",\"name\":\"Mekulo SE\",\"description\":\"\",\"publisher\":{\"@id\":\"https:\/\/mekulo.com\/se\/#organization\"},\"potentialAction\":[{\"@type\":\"SearchAction\",\"target\":{\"@type\":\"EntryPoint\",\"urlTemplate\":\"https:\/\/mekulo.com\/se\/?s={search_term_string}\"},\"query-input\":{\"@type\":\"PropertyValueSpecification\",\"valueRequired\":true,\"valueName\":\"search_term_string\"}}],\"inLanguage\":\"sv-SE\"},{\"@type\":\"Organization\",\"@id\":\"https:\/\/mekulo.com\/se\/#organization\",\"name\":\"Mekulo\",\"url\":\"https:\/\/mekulo.com\/se\/\",\"logo\":{\"@type\":\"ImageObject\",\"inLanguage\":\"sv-SE\",\"@id\":\"https:\/\/mekulo.com\/se\/#\/schema\/logo\/image\/\",\"url\":\"https:\/\/mekulo.com\/se\/wp-content\/uploads\/sites\/11\/2025\/12\/favicon_mekulo.png\",\"contentUrl\":\"https:\/\/mekulo.com\/se\/wp-content\/uploads\/sites\/11\/2025\/12\/favicon_mekulo.png\",\"width\":50,\"height\":50,\"caption\":\"Mekulo\"},\"image\":{\"@id\":\"https:\/\/mekulo.com\/se\/#\/schema\/logo\/image\/\"}}]}<\/script>\n<!-- \/ Yoast SEO plugin. -->","yoast_head_json":{"title":"Mini station\u00e4rt basketspel - Mekulo SE","robots":{"index":"index","follow":"follow","max-snippet":"max-snippet:-1","max-image-preview":"max-image-preview:large","max-video-preview":"max-video-preview:-1"},"canonical":"https:\/\/mekulo.com\/se\/produkt\/mini-stationart-basketspel\/","og_locale":"sv_SE","og_type":"article","og_title":"Mini station\u00e4rt basketspel - Mekulo SE","og_description":"Detta mini-bordsbasketspel ger snabb och sp\u00e4nnande spelupplevelse med ljus, ljud och automatisk po\u00e4ngr\u00e4kning. Det \u00e4r enkelt att anv\u00e4nda, roligt f\u00f6r alla \u00e5ldrar och perfekt f\u00f6r snabba spel hemma, p\u00e5 kontoret eller med v\u00e4nner. Perfekt som present eller som ett roligt skrivbordsspel som ger omedelbar sp\u00e4nning var som helst.","og_url":"https:\/\/mekulo.com\/se\/produkt\/mini-stationart-basketspel\/","og_site_name":"Mekulo SE","article_modified_time":"2026-01-09T18:50:04+00:00","og_image":[{"width":713,"height":713,"url":"https:\/\/mekulo.com\/se\/wp-content\/uploads\/sites\/11\/2026\/01\/e0ub0sw-1.webp","type":"image\/webp"}],"twitter_card":"summary_large_image","twitter_misc":{"Ber\u00e4knad l\u00e4stid":"2 minuter"},"schema":{"@context":"https:\/\/schema.org","@graph":[{"@type":"WebPage","@id":"https:\/\/mekulo.com\/se\/produkt\/mini-stationart-basketspel\/","url":"https:\/\/mekulo.com\/se\/produkt\/mini-stationart-basketspel\/","name":"Mini station\u00e4rt basketspel - Mekulo SE","isPartOf":{"@id":"https:\/\/mekulo.com\/se\/#website"},"primaryImageOfPage":{"@id":"https:\/\/mekulo.com\/se\/produkt\/mini-stationart-basketspel\/#primaryimage"},"image":{"@id":"https:\/\/mekulo.com\/se\/produkt\/mini-stationart-basketspel\/#primaryimage"},"thumbnailUrl":"https:\/\/mekulo.com\/se\/wp-content\/uploads\/sites\/11\/2026\/01\/e0ub0sw-1.webp","datePublished":"2026-01-09T11:50:25+00:00","dateModified":"2026-01-09T18:50:04+00:00","breadcrumb":{"@id":"https:\/\/mekulo.com\/se\/produkt\/mini-stationart-basketspel\/#breadcrumb"},"inLanguage":"sv-SE","potentialAction":[{"@type":"ReadAction","target":["https:\/\/mekulo.com\/se\/produkt\/mini-stationart-basketspel\/"]}]},{"@type":"ImageObject","inLanguage":"sv-SE","@id":"https:\/\/mekulo.com\/se\/produkt\/mini-stationart-basketspel\/#primaryimage","url":"https:\/\/mekulo.com\/se\/wp-content\/uploads\/sites\/11\/2026\/01\/e0ub0sw-1.webp","contentUrl":"https:\/\/mekulo.com\/se\/wp-content\/uploads\/sites\/11\/2026\/01\/e0ub0sw-1.webp","width":713,"height":713},{"@type":"BreadcrumbList","@id":"https:\/\/mekulo.com\/se\/produkt\/mini-stationart-basketspel\/#breadcrumb","itemListElement":[{"@type":"ListItem","position":1,"name":"Home","item":"https:\/\/mekulo.com\/se\/"},{"@type":"ListItem","position":2,"name":"Butik","item":"https:\/\/mekulo.com\/se\/butik\/"},{"@type":"ListItem","position":3,"name":"Mini station\u00e4rt basketspel"}]},{"@type":"WebSite","@id":"https:\/\/mekulo.com\/se\/#website","url":"https:\/\/mekulo.com\/se\/","name":"Mekulo SE","description":"","publisher":{"@id":"https:\/\/mekulo.com\/se\/#organization"},"potentialAction":[{"@type":"SearchAction","target":{"@type":"EntryPoint","urlTemplate":"https:\/\/mekulo.com\/se\/?s={search_term_string}"},"query-input":{"@type":"PropertyValueSpecification","valueRequired":true,"valueName":"search_term_string"}}],"inLanguage":"sv-SE"},{"@type":"Organization","@id":"https:\/\/mekulo.com\/se\/#organization","name":"Mekulo","url":"https:\/\/mekulo.com\/se\/","logo":{"@type":"ImageObject","inLanguage":"sv-SE","@id":"https:\/\/mekulo.com\/se\/#\/schema\/logo\/image\/","url":"https:\/\/mekulo.com\/se\/wp-content\/uploads\/sites\/11\/2025\/12\/favicon_mekulo.png","contentUrl":"https:\/\/mekulo.com\/se\/wp-content\/uploads\/sites\/11\/2025\/12\/favicon_mekulo.png","width":50,"height":50,"caption":"Mekulo"},"image":{"@id":"https:\/\/mekulo.com\/se\/#\/schema\/logo\/image\/"}}]}},"_links":{"self":[{"href":"https:\/\/mekulo.com\/se\/wp-json\/wp\/v2\/product\/16488","targetHints":{"allow":["GET"]}}],"collection":[{"href":"https:\/\/mekulo.com\/se\/wp-json\/wp\/v2\/product"}],"about":[{"href":"https:\/\/mekulo.com\/se\/wp-json\/wp\/v2\/types\/product"}],"replies":[{"embeddable":true,"href":"https:\/\/mekulo.com\/se\/wp-json\/wp\/v2\/comments?post=16488"}],"wp:featuredmedia":[{"embeddable":true,"href":"https:\/\/mekulo.com\/se\/wp-json\/wp\/v2\/media\/16484"}],"wp:attachment":[{"href":"https:\/\/mekulo.com\/se\/wp-json\/wp\/v2\/media?parent=16488"}],"wp:term":[{"taxonomy":"product_brand","embeddable":true,"href":"https:\/\/mekulo.com\/se\/wp-json\/wp\/v2\/product_brand?post=16488"},{"taxonomy":"product_cat","embeddable":true,"href":"https:\/\/mekulo.com\/se\/wp-json\/wp\/v2\/product_cat?post=16488"},{"taxonomy":"product_tag","embeddable":true,"href":"https:\/\/mekulo.com\/se\/wp-json\/wp\/v2\/product_tag?post=16488"}],"curies":[{"name":"wp","href":"https:\/\/api.w.org\/{rel}","templated":true}]}}