{"id":16467,"date":"2026-01-09T13:49:03","date_gmt":"2026-01-09T11:49:03","guid":{"rendered":"https:\/\/mekulo.com\/se\/produkt\/elektronisk-matsked\/"},"modified":"2026-01-09T20:46:48","modified_gmt":"2026-01-09T18:46:48","slug":"elektronisk-matsked","status":"publish","type":"product","link":"https:\/\/mekulo.com\/se\/produkt\/elektronisk-matsked\/","title":{"rendered":"Elektronisk m\u00e4tsked"},"content":{"rendered":"<p style=\"text-align: center;\" data-start=\"0\" data-end=\"67\"><strong data-start=\"0\" data-end=\"67\">M\u00e4t ingredienser exakt varje g\u00e5ng med en smart sked. \ud83e\udd44<\/strong><\/p>\n<p data-start=\"69\" data-end=\"313\"><img fetchpriority=\"high\" decoding=\"async\" class=\"size-full wp-image-48299 aligncenter\" src=\"https:\/\/keluvo.com\/template\/wp-content\/uploads\/sites\/5\/2026\/01\/122118-ezgif.com-video-to-webp-converter.webp\" alt=\"\" width=\"500\" height=\"500\" \/><\/p>\n<h2 style=\"text-align: center;\" data-start=\"320\" data-end=\"340\">Main advantages<\/h2>\n<p data-start=\"344\" data-end=\"408\">\u2696\ufe0f V\u00e4gning med h\u00f6g precision &#8211; M\u00e4ter fr\u00e5n 0,5 g upp till 500 g.<\/p>\n<p data-start=\"411\" data-end=\"478\">\ud83d\udcfa Tydlig LED-display &#8211; L\u00e4ttl\u00e4st sk\u00e4rm visar exakt vikt.<\/p>\n<p data-start=\"481\" data-end=\"547\">\ud83d\udd04 Flera enheter &#8211; V\u00e4xla mellan gram (g) och uns (oz).<\/p>\n<p data-start=\"550\" data-end=\"624\">\ud83e\uddfc Avtagbar &amp; l\u00e4tt att reng\u00f6ra &#8211; Skedhuvudet kan tas bort f\u00f6r snabb diskning.<\/p>\n<p data-start=\"627\" data-end=\"691\">\ud83d\udd0b Automatisk avst\u00e4ngning &#8211; sparar batteri efter 2 minuter utan anv\u00e4ndning.<\/p>\n<p data-start=\"627\" data-end=\"691\"><img decoding=\"async\" class=\"size-full wp-image-48301 aligncenter\" src=\"https:\/\/keluvo.com\/template\/wp-content\/uploads\/sites\/5\/2026\/01\/122117-ezgif.com-video-to-gif-converter.gif\" alt=\"\" width=\"500\" height=\"500\" \/><\/p>\n<h2 style=\"text-align: center;\" data-start=\"698\" data-end=\"718\">Hur man anv\u00e4nder<\/h2>\n<ol data-start=\"720\" data-end=\"980\">\n<li data-start=\"720\" data-end=\"764\">\n<p data-start=\"723\" data-end=\"764\">S\u00e4tt i ett CR2032-batteri (ing\u00e5r ej).<\/p>\n<\/li>\n<li data-start=\"765\" data-end=\"811\">\n<p data-start=\"768\" data-end=\"811\">Sl\u00e5 p\u00e5 skeden med str\u00f6mbrytaren.<\/p>\n<\/li>\n<li data-start=\"812\" data-end=\"853\">\n<p data-start=\"815\" data-end=\"853\">L\u00e4gg ingrediensen i skeden.<\/p>\n<\/li>\n<li data-start=\"854\" data-end=\"911\">\n<p data-start=\"857\" data-end=\"911\">Anv\u00e4nd tarafunktionen f\u00f6r att \u00e5terst\u00e4lla vikten vid behov.<\/p>\n<\/li>\n<li data-start=\"912\" data-end=\"951\">\n<p data-start=\"915\" data-end=\"951\">L\u00e4s av resultatet p\u00e5 LED-sk\u00e4rmen.<\/p>\n<\/li>\n<li data-start=\"952\" data-end=\"980\">\n<p data-start=\"955\" data-end=\"980\">Byt enhet vid behov.<\/p>\n<\/li>\n<\/ol>\n<h2 style=\"text-align: center;\" data-start=\"987\" data-end=\"1009\">Produktinformation<\/h2>\n<ul data-start=\"1011\" data-end=\"1269\">\n<li data-start=\"1056\" data-end=\"1087\">\n<p data-start=\"1058\" data-end=\"1087\">V\u00e4gomr\u00e5de: 0,5g &#8211; 500g<\/p>\n<\/li>\n<li data-start=\"1088\" data-end=\"1117\">\n<p data-start=\"1090\" data-end=\"1117\">M\u00e4tenheter: g \/ oz<\/p>\n<\/li>\n<li data-start=\"1118\" data-end=\"1141\">\n<p data-start=\"1120\" data-end=\"1141\">Display: LED-sk\u00e4rm<\/p>\n<\/li>\n<li data-start=\"1142\" data-end=\"1195\">\n<p data-start=\"1144\" data-end=\"1195\">Batteri: 1x CR2032 knappbatteri (ing\u00e5r ej)<\/p>\n<\/li>\n<li data-start=\"1196\" data-end=\"1231\">\n<p data-start=\"1198\" data-end=\"1231\">Automatisk avst\u00e4ngning: Efter ~2 minuter<\/p>\n<\/li>\n<li data-start=\"1232\" data-end=\"1269\">\n<p data-start=\"1234\" data-end=\"1269\">Anv\u00e4ndning: Fasta och flytande ingredienser<\/p>\n<\/li>\n<li data-start=\"1232\" data-end=\"1269\">Storlek: 15,5 x 7 x 5,8 cm<\/li>\n<\/ul>\n<h2 style=\"text-align: center;\" data-start=\"1276\" data-end=\"1299\">Paketet inneh\u00e5ller<\/h2>\n<ul data-start=\"1301\" data-end=\"1360\" data-is-last-node=\"\" data-is-only-node=\"\">\n<li data-start=\"1301\" data-end=\"1360\" data-is-last-node=\"\">\n<p data-start=\"1303\" data-end=\"1360\" data-is-last-node=\"\">1x elektronisk m\u00e4tsked.<\/p>\n<\/li>\n<\/ul>\n","protected":false},"excerpt":{"rendered":"<p>Den h\u00e4r elektroniska m\u00e4tskeden kombinerar en digital v\u00e5g och en sked i ett verktyg, vilket g\u00f6r det enkelt att v\u00e4ga sm\u00e5 m\u00e4ngder ingredienser med h\u00f6g precision. Den \u00e4r perfekt f\u00f6r matlagning, bakning, bantning och alla andra uppgifter d\u00e4r exakta m\u00e5tt \u00e4r viktiga.<\/p>\n","protected":false},"featured_media":16463,"comment_status":"open","ping_status":"closed","template":"","meta":{"site-sidebar-layout":"default","site-content-layout":"","ast-site-content-layout":"default","site-content-style":"default","site-sidebar-style":"default","ast-global-header-display":"","ast-banner-title-visibility":"","ast-main-header-display":"","ast-hfb-above-header-display":"","ast-hfb-below-header-display":"","ast-hfb-mobile-header-display":"","site-post-title":"","ast-breadcrumbs-content":"","ast-featured-img":"","footer-sml-layout":"","theme-transparent-header-meta":"default","adv-header-id-meta":"","stick-header-meta":"","header-above-stick-meta":"","header-main-stick-meta":"","header-below-stick-meta":"","astra-migrate-meta-layouts":"set","ast-page-background-enabled":"default","ast-page-background-meta":{"desktop":{"background-color":"var(--ast-global-color-5)","background-image":"","background-repeat":"repeat","background-position":"center center","background-size":"auto","background-attachment":"scroll","background-type":"","background-media":"","overlay-type":"","overlay-color":"","overlay-opacity":"","overlay-gradient":""},"tablet":{"background-color":"","background-image":"","background-repeat":"repeat","background-position":"center center","background-size":"auto","background-attachment":"scroll","background-type":"","background-media":"","overlay-type":"","overlay-color":"","overlay-opacity":"","overlay-gradient":""},"mobile":{"background-color":"","background-image":"","background-repeat":"repeat","background-position":"center center","background-size":"auto","background-attachment":"scroll","background-type":"","background-media":"","overlay-type":"","overlay-color":"","overlay-opacity":"","overlay-gradient":""}},"ast-content-background-meta":{"desktop":{"background-color":"var(--ast-global-color-4)","background-image":"","background-repeat":"repeat","background-position":"center center","background-size":"auto","background-attachment":"scroll","background-type":"","background-media":"","overlay-type":"","overlay-color":"","overlay-opacity":"","overlay-gradient":""},"tablet":{"background-color":"var(--ast-global-color-4)","background-image":"","background-repeat":"repeat","background-position":"center center","background-size":"auto","background-attachment":"scroll","background-type":"","background-media":"","overlay-type":"","overlay-color":"","overlay-opacity":"","overlay-gradient":""},"mobile":{"background-color":"var(--ast-global-color-4)","background-image":"","background-repeat":"repeat","background-position":"center center","background-size":"auto","background-attachment":"scroll","background-type":"","background-media":"","overlay-type":"","overlay-color":"","overlay-opacity":"","overlay-gradient":""}}},"product_brand":[],"product_cat":[168],"product_tag":[],"class_list":{"0":"post-16467","1":"product","2":"type-product","3":"status-publish","4":"has-post-thumbnail","6":"product_cat-hushallsartiklar","7":"pa_66567_2bwpdwp0-gron","8":"pa_66567_2bwpdwp0-ljusgron","9":"pa_66567_2bwpdwp0-rod","10":"pa_66567_2bwpdwp0-rosa","11":"pa_66567_2bwpdwp0-svart","12":"pa_66567_2bwpdwp0-vit","13":"desktop-align-left","14":"tablet-align-left","15":"mobile-align-left","17":"first","18":"instock","19":"shipping-taxable","20":"purchasable","21":"product-type-variable"},"yoast_head":"<!-- This site is optimized with the Yoast SEO plugin v26.6 - https:\/\/yoast.com\/wordpress\/plugins\/seo\/ -->\n<title>Elektronisk m\u00e4tsked - Mekulo SE<\/title>\n<meta name=\"robots\" content=\"index, follow, max-snippet:-1, max-image-preview:large, max-video-preview:-1\" \/>\n<link rel=\"canonical\" href=\"https:\/\/mekulo.com\/se\/produkt\/elektronisk-matsked\/\" \/>\n<meta property=\"og:locale\" content=\"sv_SE\" \/>\n<meta property=\"og:type\" content=\"article\" \/>\n<meta property=\"og:title\" content=\"Elektronisk m\u00e4tsked - Mekulo SE\" \/>\n<meta property=\"og:description\" content=\"Den h\u00e4r elektroniska m\u00e4tskeden kombinerar en digital v\u00e5g och en sked i ett verktyg, vilket g\u00f6r det enkelt att v\u00e4ga sm\u00e5 m\u00e4ngder ingredienser med h\u00f6g precision. Den \u00e4r perfekt f\u00f6r matlagning, bakning, bantning och alla andra uppgifter d\u00e4r exakta m\u00e5tt \u00e4r viktiga.\" \/>\n<meta property=\"og:url\" content=\"https:\/\/mekulo.com\/se\/produkt\/elektronisk-matsked\/\" \/>\n<meta property=\"og:site_name\" content=\"Mekulo SE\" \/>\n<meta property=\"article:modified_time\" content=\"2026-01-09T18:46:48+00:00\" \/>\n<meta property=\"og:image\" content=\"https:\/\/mekulo.com\/se\/wp-content\/uploads\/sites\/11\/2026\/01\/tdd1wh5-1.jpg\" \/>\n\t<meta property=\"og:image:width\" content=\"1080\" \/>\n\t<meta property=\"og:image:height\" content=\"1080\" \/>\n\t<meta property=\"og:image:type\" content=\"image\/jpeg\" \/>\n<meta name=\"twitter:card\" content=\"summary_large_image\" \/>\n<meta name=\"twitter:label1\" content=\"Ber\u00e4knad l\u00e4stid\" \/>\n\t<meta name=\"twitter:data1\" content=\"2 minuter\" \/>\n<script type=\"application\/ld+json\" class=\"yoast-schema-graph\">{\"@context\":\"https:\/\/schema.org\",\"@graph\":[{\"@type\":\"WebPage\",\"@id\":\"https:\/\/mekulo.com\/se\/produkt\/elektronisk-matsked\/\",\"url\":\"https:\/\/mekulo.com\/se\/produkt\/elektronisk-matsked\/\",\"name\":\"Elektronisk m\u00e4tsked - Mekulo SE\",\"isPartOf\":{\"@id\":\"https:\/\/mekulo.com\/se\/#website\"},\"primaryImageOfPage\":{\"@id\":\"https:\/\/mekulo.com\/se\/produkt\/elektronisk-matsked\/#primaryimage\"},\"image\":{\"@id\":\"https:\/\/mekulo.com\/se\/produkt\/elektronisk-matsked\/#primaryimage\"},\"thumbnailUrl\":\"https:\/\/mekulo.com\/se\/wp-content\/uploads\/sites\/11\/2026\/01\/tdd1wh5-1.jpg\",\"datePublished\":\"2026-01-09T11:49:03+00:00\",\"dateModified\":\"2026-01-09T18:46:48+00:00\",\"breadcrumb\":{\"@id\":\"https:\/\/mekulo.com\/se\/produkt\/elektronisk-matsked\/#breadcrumb\"},\"inLanguage\":\"sv-SE\",\"potentialAction\":[{\"@type\":\"ReadAction\",\"target\":[\"https:\/\/mekulo.com\/se\/produkt\/elektronisk-matsked\/\"]}]},{\"@type\":\"ImageObject\",\"inLanguage\":\"sv-SE\",\"@id\":\"https:\/\/mekulo.com\/se\/produkt\/elektronisk-matsked\/#primaryimage\",\"url\":\"https:\/\/mekulo.com\/se\/wp-content\/uploads\/sites\/11\/2026\/01\/tdd1wh5-1.jpg\",\"contentUrl\":\"https:\/\/mekulo.com\/se\/wp-content\/uploads\/sites\/11\/2026\/01\/tdd1wh5-1.jpg\",\"width\":1080,\"height\":1080},{\"@type\":\"BreadcrumbList\",\"@id\":\"https:\/\/mekulo.com\/se\/produkt\/elektronisk-matsked\/#breadcrumb\",\"itemListElement\":[{\"@type\":\"ListItem\",\"position\":1,\"name\":\"Home\",\"item\":\"https:\/\/mekulo.com\/se\/\"},{\"@type\":\"ListItem\",\"position\":2,\"name\":\"Butik\",\"item\":\"https:\/\/mekulo.com\/se\/butik\/\"},{\"@type\":\"ListItem\",\"position\":3,\"name\":\"Elektronisk m\u00e4tsked\"}]},{\"@type\":\"WebSite\",\"@id\":\"https:\/\/mekulo.com\/se\/#website\",\"url\":\"https:\/\/mekulo.com\/se\/\",\"name\":\"Mekulo SE\",\"description\":\"\",\"publisher\":{\"@id\":\"https:\/\/mekulo.com\/se\/#organization\"},\"potentialAction\":[{\"@type\":\"SearchAction\",\"target\":{\"@type\":\"EntryPoint\",\"urlTemplate\":\"https:\/\/mekulo.com\/se\/?s={search_term_string}\"},\"query-input\":{\"@type\":\"PropertyValueSpecification\",\"valueRequired\":true,\"valueName\":\"search_term_string\"}}],\"inLanguage\":\"sv-SE\"},{\"@type\":\"Organization\",\"@id\":\"https:\/\/mekulo.com\/se\/#organization\",\"name\":\"Mekulo\",\"url\":\"https:\/\/mekulo.com\/se\/\",\"logo\":{\"@type\":\"ImageObject\",\"inLanguage\":\"sv-SE\",\"@id\":\"https:\/\/mekulo.com\/se\/#\/schema\/logo\/image\/\",\"url\":\"https:\/\/mekulo.com\/se\/wp-content\/uploads\/sites\/11\/2025\/12\/favicon_mekulo.png\",\"contentUrl\":\"https:\/\/mekulo.com\/se\/wp-content\/uploads\/sites\/11\/2025\/12\/favicon_mekulo.png\",\"width\":50,\"height\":50,\"caption\":\"Mekulo\"},\"image\":{\"@id\":\"https:\/\/mekulo.com\/se\/#\/schema\/logo\/image\/\"}}]}<\/script>\n<!-- \/ Yoast SEO plugin. -->","yoast_head_json":{"title":"Elektronisk m\u00e4tsked - Mekulo SE","robots":{"index":"index","follow":"follow","max-snippet":"max-snippet:-1","max-image-preview":"max-image-preview:large","max-video-preview":"max-video-preview:-1"},"canonical":"https:\/\/mekulo.com\/se\/produkt\/elektronisk-matsked\/","og_locale":"sv_SE","og_type":"article","og_title":"Elektronisk m\u00e4tsked - Mekulo SE","og_description":"Den h\u00e4r elektroniska m\u00e4tskeden kombinerar en digital v\u00e5g och en sked i ett verktyg, vilket g\u00f6r det enkelt att v\u00e4ga sm\u00e5 m\u00e4ngder ingredienser med h\u00f6g precision. Den \u00e4r perfekt f\u00f6r matlagning, bakning, bantning och alla andra uppgifter d\u00e4r exakta m\u00e5tt \u00e4r viktiga.","og_url":"https:\/\/mekulo.com\/se\/produkt\/elektronisk-matsked\/","og_site_name":"Mekulo SE","article_modified_time":"2026-01-09T18:46:48+00:00","og_image":[{"width":1080,"height":1080,"url":"https:\/\/mekulo.com\/se\/wp-content\/uploads\/sites\/11\/2026\/01\/tdd1wh5-1.jpg","type":"image\/jpeg"}],"twitter_card":"summary_large_image","twitter_misc":{"Ber\u00e4knad l\u00e4stid":"2 minuter"},"schema":{"@context":"https:\/\/schema.org","@graph":[{"@type":"WebPage","@id":"https:\/\/mekulo.com\/se\/produkt\/elektronisk-matsked\/","url":"https:\/\/mekulo.com\/se\/produkt\/elektronisk-matsked\/","name":"Elektronisk m\u00e4tsked - Mekulo SE","isPartOf":{"@id":"https:\/\/mekulo.com\/se\/#website"},"primaryImageOfPage":{"@id":"https:\/\/mekulo.com\/se\/produkt\/elektronisk-matsked\/#primaryimage"},"image":{"@id":"https:\/\/mekulo.com\/se\/produkt\/elektronisk-matsked\/#primaryimage"},"thumbnailUrl":"https:\/\/mekulo.com\/se\/wp-content\/uploads\/sites\/11\/2026\/01\/tdd1wh5-1.jpg","datePublished":"2026-01-09T11:49:03+00:00","dateModified":"2026-01-09T18:46:48+00:00","breadcrumb":{"@id":"https:\/\/mekulo.com\/se\/produkt\/elektronisk-matsked\/#breadcrumb"},"inLanguage":"sv-SE","potentialAction":[{"@type":"ReadAction","target":["https:\/\/mekulo.com\/se\/produkt\/elektronisk-matsked\/"]}]},{"@type":"ImageObject","inLanguage":"sv-SE","@id":"https:\/\/mekulo.com\/se\/produkt\/elektronisk-matsked\/#primaryimage","url":"https:\/\/mekulo.com\/se\/wp-content\/uploads\/sites\/11\/2026\/01\/tdd1wh5-1.jpg","contentUrl":"https:\/\/mekulo.com\/se\/wp-content\/uploads\/sites\/11\/2026\/01\/tdd1wh5-1.jpg","width":1080,"height":1080},{"@type":"BreadcrumbList","@id":"https:\/\/mekulo.com\/se\/produkt\/elektronisk-matsked\/#breadcrumb","itemListElement":[{"@type":"ListItem","position":1,"name":"Home","item":"https:\/\/mekulo.com\/se\/"},{"@type":"ListItem","position":2,"name":"Butik","item":"https:\/\/mekulo.com\/se\/butik\/"},{"@type":"ListItem","position":3,"name":"Elektronisk m\u00e4tsked"}]},{"@type":"WebSite","@id":"https:\/\/mekulo.com\/se\/#website","url":"https:\/\/mekulo.com\/se\/","name":"Mekulo SE","description":"","publisher":{"@id":"https:\/\/mekulo.com\/se\/#organization"},"potentialAction":[{"@type":"SearchAction","target":{"@type":"EntryPoint","urlTemplate":"https:\/\/mekulo.com\/se\/?s={search_term_string}"},"query-input":{"@type":"PropertyValueSpecification","valueRequired":true,"valueName":"search_term_string"}}],"inLanguage":"sv-SE"},{"@type":"Organization","@id":"https:\/\/mekulo.com\/se\/#organization","name":"Mekulo","url":"https:\/\/mekulo.com\/se\/","logo":{"@type":"ImageObject","inLanguage":"sv-SE","@id":"https:\/\/mekulo.com\/se\/#\/schema\/logo\/image\/","url":"https:\/\/mekulo.com\/se\/wp-content\/uploads\/sites\/11\/2025\/12\/favicon_mekulo.png","contentUrl":"https:\/\/mekulo.com\/se\/wp-content\/uploads\/sites\/11\/2025\/12\/favicon_mekulo.png","width":50,"height":50,"caption":"Mekulo"},"image":{"@id":"https:\/\/mekulo.com\/se\/#\/schema\/logo\/image\/"}}]}},"_links":{"self":[{"href":"https:\/\/mekulo.com\/se\/wp-json\/wp\/v2\/product\/16467","targetHints":{"allow":["GET"]}}],"collection":[{"href":"https:\/\/mekulo.com\/se\/wp-json\/wp\/v2\/product"}],"about":[{"href":"https:\/\/mekulo.com\/se\/wp-json\/wp\/v2\/types\/product"}],"replies":[{"embeddable":true,"href":"https:\/\/mekulo.com\/se\/wp-json\/wp\/v2\/comments?post=16467"}],"wp:featuredmedia":[{"embeddable":true,"href":"https:\/\/mekulo.com\/se\/wp-json\/wp\/v2\/media\/16463"}],"wp:attachment":[{"href":"https:\/\/mekulo.com\/se\/wp-json\/wp\/v2\/media?parent=16467"}],"wp:term":[{"taxonomy":"product_brand","embeddable":true,"href":"https:\/\/mekulo.com\/se\/wp-json\/wp\/v2\/product_brand?post=16467"},{"taxonomy":"product_cat","embeddable":true,"href":"https:\/\/mekulo.com\/se\/wp-json\/wp\/v2\/product_cat?post=16467"},{"taxonomy":"product_tag","embeddable":true,"href":"https:\/\/mekulo.com\/se\/wp-json\/wp\/v2\/product_tag?post=16467"}],"curies":[{"name":"wp","href":"https:\/\/api.w.org\/{rel}","templated":true}]}}