{"id":16450,"date":"2026-01-09T13:47:43","date_gmt":"2026-01-09T11:47:43","guid":{"rendered":"https:\/\/mekulo.com\/se\/produkt\/hopfallbart-fotbadkar\/"},"modified":"2026-01-22T17:50:58","modified_gmt":"2026-01-22T15:50:58","slug":"hopfallbart-fotbadkar","status":"publish","type":"product","link":"https:\/\/mekulo.com\/se\/produkt\/hopfallbart-fotbadkar\/","title":{"rendered":"Hopf\u00e4llbart fotbadkar"},"content":{"rendered":"<p style=\"text-align: center;\" data-start=\"0\" data-end=\"49\"><strong data-start=\"0\" data-end=\"49\">Njut av en avkopplande fotmassage var som helst, n\u00e4r som helst. \ud83d\udca6\ud83e\uddb6<\/strong><\/p>\n<p data-start=\"51\" data-end=\"271\"><img fetchpriority=\"high\" decoding=\"async\" class=\"size-full wp-image-48286 aligncenter\" src=\"https:\/\/keluvo.com\/template\/wp-content\/uploads\/sites\/5\/2026\/01\/122115-ezgif.com-video-to-webp-converter.webp\" alt=\"\" width=\"500\" height=\"500\" \/><\/p>\n<h2 style=\"text-align: center;\" data-start=\"278\" data-end=\"298\">Huvudsakliga f\u00f6rdelar<\/h2>\n<p data-start=\"302\" data-end=\"372\">\ud83e\uddf3 B\u00e4rbar &amp; vikbar &#8211; L\u00e4tt att b\u00e4ra och f\u00f6rvara n\u00e4r den inte anv\u00e4nds.<\/p>\n<p data-start=\"375\" data-end=\"443\">\ud83d\udca7 Vattent\u00e4t med dubbla lager &#8211; L\u00e4cks\u00e4ker och s\u00e4ker f\u00f6r varmt vatten.<\/p>\n<p data-start=\"446\" data-end=\"506\">\ud83d\udd25 V\u00e4rmebest\u00e4ndig &#8211; H\u00e5ller varmt vatten utan att deformeras.<\/p>\n<p data-start=\"509\" data-end=\"573\">\ud83e\uddfc L\u00e4tt att reng\u00f6ra &#8211; Sl\u00e4t inre yta f\u00f6r enkel sk\u00f6ljning.<\/p>\n<p data-start=\"576\" data-end=\"652\">\ud83c\udf0d Multifunktionell anv\u00e4ndning &#8211; Perfekt f\u00f6r hem, resor, camping eller strandturer.<\/p>\n<p data-start=\"576\" data-end=\"652\"><img decoding=\"async\" class=\"size-full wp-image-48285 aligncenter\" src=\"https:\/\/keluvo.com\/template\/wp-content\/uploads\/sites\/5\/2026\/01\/122116-ezgif.com-video-to-webp-converter.webp\" alt=\"\" width=\"500\" height=\"500\" \/><\/p>\n<h2 style=\"text-align: center;\" data-start=\"659\" data-end=\"676\"><strong>Hur Man Anv\u00e4nder<\/strong><\/h2>\n<ol data-start=\"678\" data-end=\"881\">\n<li data-start=\"678\" data-end=\"716\">\n<p data-start=\"681\" data-end=\"716\">F\u00e4ll ut fotbadkaret helt.<\/p>\n<\/li>\n<li data-start=\"717\" data-end=\"749\">\n<p data-start=\"720\" data-end=\"749\">Placera det p\u00e5 en plan yta.<\/p>\n<\/li>\n<li data-start=\"750\" data-end=\"806\">\n<p data-start=\"753\" data-end=\"806\">Fyll med varmt eller varmt vatten till en bekv\u00e4m niv\u00e5.<\/p>\n<\/li>\n<li data-start=\"807\" data-end=\"837\">\n<p data-start=\"810\" data-end=\"837\">Bl\u00f6tl\u00e4gg f\u00f6tterna och koppla av.<\/p>\n<\/li>\n<li data-start=\"838\" data-end=\"881\">\n<p data-start=\"841\" data-end=\"881\">T\u00f6m, sk\u00f6lj, vik och f\u00f6rvara efter anv\u00e4ndning.<\/p>\n<\/li>\n<\/ol>\n<h2 style=\"text-align: center;\" data-start=\"888\" data-end=\"910\"><strong>Produktdetaljer<\/strong><\/h2>\n<ul data-start=\"912\" data-end=\"1195\">\n<li data-start=\"958\" data-end=\"1008\">\n<p data-start=\"960\" data-end=\"1008\">Material: Dubbelskiktad PVC + f\u00f6rst\u00e4rkt tyg<\/p>\n<\/li>\n<li data-start=\"1009\" data-end=\"1063\">\n<p data-start=\"1011\" data-end=\"1063\">Design: Vikbar, h\u00f6jdf\u00f6rst\u00e4rkt, benf\u00f6rslutande form<\/p>\n<\/li>\n<li data-start=\"1064\" data-end=\"1083\">\n<p data-start=\"1066\" data-end=\"1083\">Diameter: 32 cm<\/p>\n<\/li>\n<li data-start=\"1084\" data-end=\"1101\">\n<p data-start=\"1086\" data-end=\"1101\">H\u00f6jd: 43 cm<\/p>\n<\/li>\n<li data-start=\"1102\" data-end=\"1121\">\n<p data-start=\"1104\" data-end=\"1121\">Vattent\u00e4t: Ja<\/p>\n<\/li>\n<li data-start=\"1122\" data-end=\"1145\">\n<p data-start=\"1124\" data-end=\"1145\">V\u00e4rmebest\u00e4ndig: Ja<\/p>\n<\/li>\n<li data-start=\"1146\" data-end=\"1195\">\n<p data-start=\"1148\" data-end=\"1195\">Anv\u00e4ndning: Fotbad, resor, utomhusaktiviteter<\/p>\n<\/li>\n<\/ul>\n<h2 style=\"text-align: center;\" data-start=\"1202\" data-end=\"1225\"><strong>Paketet inneh\u00e5ller<\/strong><\/h2>\n<ul data-start=\"1227\" data-end=\"1260\" data-is-last-node=\"\" data-is-only-node=\"\">\n<li data-start=\"1227\" data-end=\"1260\" data-is-last-node=\"\">\n<p data-start=\"1229\" data-end=\"1260\" data-is-last-node=\"\">1x hopf\u00e4llbart fotbadkar.<\/p>\n<\/li>\n<\/ul>\n","protected":false},"excerpt":{"rendered":"<p>Med detta hopf\u00e4llbara fotbadkar kan du bl\u00f6tl\u00e4gga och tv\u00e4tta f\u00f6tterna bekv\u00e4mt hemma eller p\u00e5 resande fot. Den vikbara, vattent\u00e4ta designen g\u00f6r den enkel att b\u00e4ra, f\u00f6rvara och anv\u00e4nda \u00f6verallt d\u00e4r du beh\u00f6ver snabb fotv\u00e5rd och avkoppling.<\/p>\n","protected":false},"featured_media":16446,"comment_status":"open","ping_status":"closed","template":"","meta":{"site-sidebar-layout":"default","site-content-layout":"","ast-site-content-layout":"default","site-content-style":"default","site-sidebar-style":"default","ast-global-header-display":"","ast-banner-title-visibility":"","ast-main-header-display":"","ast-hfb-above-header-display":"","ast-hfb-below-header-display":"","ast-hfb-mobile-header-display":"","site-post-title":"","ast-breadcrumbs-content":"","ast-featured-img":"","footer-sml-layout":"","theme-transparent-header-meta":"default","adv-header-id-meta":"","stick-header-meta":"","header-above-stick-meta":"","header-main-stick-meta":"","header-below-stick-meta":"","astra-migrate-meta-layouts":"set","ast-page-background-enabled":"default","ast-page-background-meta":{"desktop":{"background-color":"var(--ast-global-color-5)","background-image":"","background-repeat":"repeat","background-position":"center center","background-size":"auto","background-attachment":"scroll","background-type":"","background-media":"","overlay-type":"","overlay-color":"","overlay-opacity":"","overlay-gradient":""},"tablet":{"background-color":"","background-image":"","background-repeat":"repeat","background-position":"center center","background-size":"auto","background-attachment":"scroll","background-type":"","background-media":"","overlay-type":"","overlay-color":"","overlay-opacity":"","overlay-gradient":""},"mobile":{"background-color":"","background-image":"","background-repeat":"repeat","background-position":"center center","background-size":"auto","background-attachment":"scroll","background-type":"","background-media":"","overlay-type":"","overlay-color":"","overlay-opacity":"","overlay-gradient":""}},"ast-content-background-meta":{"desktop":{"background-color":"var(--ast-global-color-4)","background-image":"","background-repeat":"repeat","background-position":"center center","background-size":"auto","background-attachment":"scroll","background-type":"","background-media":"","overlay-type":"","overlay-color":"","overlay-opacity":"","overlay-gradient":""},"tablet":{"background-color":"var(--ast-global-color-4)","background-image":"","background-repeat":"repeat","background-position":"center center","background-size":"auto","background-attachment":"scroll","background-type":"","background-media":"","overlay-type":"","overlay-color":"","overlay-opacity":"","overlay-gradient":""},"mobile":{"background-color":"var(--ast-global-color-4)","background-image":"","background-repeat":"repeat","background-position":"center center","background-size":"auto","background-attachment":"scroll","background-type":"","background-media":"","overlay-type":"","overlay-color":"","overlay-opacity":"","overlay-gradient":""}}},"product_brand":[],"product_cat":[168],"product_tag":[],"class_list":{"0":"post-16450","1":"product","2":"type-product","3":"status-publish","4":"has-post-thumbnail","6":"product_cat-hushallsartiklar","7":"pa_66548_z1lz1zkq-bla","8":"pa_66548_z1lz1zkq-gra","9":"pa_66548_z1lz1zkq-rosa","10":"pa_66548_z1lz1zkq-svart","11":"desktop-align-left","12":"tablet-align-left","13":"mobile-align-left","15":"first","16":"instock","17":"shipping-taxable","18":"purchasable","19":"product-type-variable"},"yoast_head":"<!-- This site is optimized with the Yoast SEO plugin v26.6 - https:\/\/yoast.com\/wordpress\/plugins\/seo\/ -->\n<title>Hopf\u00e4llbart fotbadkar - Mekulo SE<\/title>\n<meta name=\"robots\" content=\"index, follow, max-snippet:-1, max-image-preview:large, max-video-preview:-1\" \/>\n<link rel=\"canonical\" href=\"https:\/\/mekulo.com\/se\/produkt\/hopfallbart-fotbadkar\/\" \/>\n<meta property=\"og:locale\" content=\"sv_SE\" \/>\n<meta property=\"og:type\" content=\"article\" \/>\n<meta property=\"og:title\" content=\"Hopf\u00e4llbart fotbadkar - Mekulo SE\" \/>\n<meta property=\"og:description\" content=\"Med detta hopf\u00e4llbara fotbadkar kan du bl\u00f6tl\u00e4gga och tv\u00e4tta f\u00f6tterna bekv\u00e4mt hemma eller p\u00e5 resande fot. Den vikbara, vattent\u00e4ta designen g\u00f6r den enkel att b\u00e4ra, f\u00f6rvara och anv\u00e4nda \u00f6verallt d\u00e4r du beh\u00f6ver snabb fotv\u00e5rd och avkoppling.\" \/>\n<meta property=\"og:url\" content=\"https:\/\/mekulo.com\/se\/produkt\/hopfallbart-fotbadkar\/\" \/>\n<meta property=\"og:site_name\" content=\"Mekulo SE\" \/>\n<meta property=\"article:modified_time\" content=\"2026-01-22T15:50:58+00:00\" \/>\n<meta property=\"og:image\" content=\"https:\/\/mekulo.com\/se\/wp-content\/uploads\/sites\/11\/2026\/01\/1gb80sm-1.webp\" \/>\n\t<meta property=\"og:image:width\" content=\"800\" \/>\n\t<meta property=\"og:image:height\" content=\"800\" \/>\n\t<meta property=\"og:image:type\" content=\"image\/webp\" \/>\n<meta name=\"twitter:card\" content=\"summary_large_image\" \/>\n<meta name=\"twitter:label1\" content=\"Ber\u00e4knad l\u00e4stid\" \/>\n\t<meta name=\"twitter:data1\" content=\"2 minuter\" \/>\n<script type=\"application\/ld+json\" class=\"yoast-schema-graph\">{\"@context\":\"https:\/\/schema.org\",\"@graph\":[{\"@type\":\"WebPage\",\"@id\":\"https:\/\/mekulo.com\/se\/produkt\/hopfallbart-fotbadkar\/\",\"url\":\"https:\/\/mekulo.com\/se\/produkt\/hopfallbart-fotbadkar\/\",\"name\":\"Hopf\u00e4llbart fotbadkar - Mekulo SE\",\"isPartOf\":{\"@id\":\"https:\/\/mekulo.com\/se\/#website\"},\"primaryImageOfPage\":{\"@id\":\"https:\/\/mekulo.com\/se\/produkt\/hopfallbart-fotbadkar\/#primaryimage\"},\"image\":{\"@id\":\"https:\/\/mekulo.com\/se\/produkt\/hopfallbart-fotbadkar\/#primaryimage\"},\"thumbnailUrl\":\"https:\/\/mekulo.com\/se\/wp-content\/uploads\/sites\/11\/2026\/01\/1gb80sm-1.webp\",\"datePublished\":\"2026-01-09T11:47:43+00:00\",\"dateModified\":\"2026-01-22T15:50:58+00:00\",\"breadcrumb\":{\"@id\":\"https:\/\/mekulo.com\/se\/produkt\/hopfallbart-fotbadkar\/#breadcrumb\"},\"inLanguage\":\"sv-SE\",\"potentialAction\":[{\"@type\":\"ReadAction\",\"target\":[\"https:\/\/mekulo.com\/se\/produkt\/hopfallbart-fotbadkar\/\"]}]},{\"@type\":\"ImageObject\",\"inLanguage\":\"sv-SE\",\"@id\":\"https:\/\/mekulo.com\/se\/produkt\/hopfallbart-fotbadkar\/#primaryimage\",\"url\":\"https:\/\/mekulo.com\/se\/wp-content\/uploads\/sites\/11\/2026\/01\/1gb80sm-1.webp\",\"contentUrl\":\"https:\/\/mekulo.com\/se\/wp-content\/uploads\/sites\/11\/2026\/01\/1gb80sm-1.webp\",\"width\":800,\"height\":800},{\"@type\":\"BreadcrumbList\",\"@id\":\"https:\/\/mekulo.com\/se\/produkt\/hopfallbart-fotbadkar\/#breadcrumb\",\"itemListElement\":[{\"@type\":\"ListItem\",\"position\":1,\"name\":\"Home\",\"item\":\"https:\/\/mekulo.com\/se\/\"},{\"@type\":\"ListItem\",\"position\":2,\"name\":\"Butik\",\"item\":\"https:\/\/mekulo.com\/se\/butik\/\"},{\"@type\":\"ListItem\",\"position\":3,\"name\":\"Hopf\u00e4llbart fotbadkar\"}]},{\"@type\":\"WebSite\",\"@id\":\"https:\/\/mekulo.com\/se\/#website\",\"url\":\"https:\/\/mekulo.com\/se\/\",\"name\":\"Mekulo SE\",\"description\":\"\",\"publisher\":{\"@id\":\"https:\/\/mekulo.com\/se\/#organization\"},\"potentialAction\":[{\"@type\":\"SearchAction\",\"target\":{\"@type\":\"EntryPoint\",\"urlTemplate\":\"https:\/\/mekulo.com\/se\/?s={search_term_string}\"},\"query-input\":{\"@type\":\"PropertyValueSpecification\",\"valueRequired\":true,\"valueName\":\"search_term_string\"}}],\"inLanguage\":\"sv-SE\"},{\"@type\":\"Organization\",\"@id\":\"https:\/\/mekulo.com\/se\/#organization\",\"name\":\"Mekulo\",\"url\":\"https:\/\/mekulo.com\/se\/\",\"logo\":{\"@type\":\"ImageObject\",\"inLanguage\":\"sv-SE\",\"@id\":\"https:\/\/mekulo.com\/se\/#\/schema\/logo\/image\/\",\"url\":\"https:\/\/mekulo.com\/se\/wp-content\/uploads\/sites\/11\/2025\/12\/favicon_mekulo.png\",\"contentUrl\":\"https:\/\/mekulo.com\/se\/wp-content\/uploads\/sites\/11\/2025\/12\/favicon_mekulo.png\",\"width\":50,\"height\":50,\"caption\":\"Mekulo\"},\"image\":{\"@id\":\"https:\/\/mekulo.com\/se\/#\/schema\/logo\/image\/\"}}]}<\/script>\n<!-- \/ Yoast SEO plugin. -->","yoast_head_json":{"title":"Hopf\u00e4llbart fotbadkar - Mekulo SE","robots":{"index":"index","follow":"follow","max-snippet":"max-snippet:-1","max-image-preview":"max-image-preview:large","max-video-preview":"max-video-preview:-1"},"canonical":"https:\/\/mekulo.com\/se\/produkt\/hopfallbart-fotbadkar\/","og_locale":"sv_SE","og_type":"article","og_title":"Hopf\u00e4llbart fotbadkar - Mekulo SE","og_description":"Med detta hopf\u00e4llbara fotbadkar kan du bl\u00f6tl\u00e4gga och tv\u00e4tta f\u00f6tterna bekv\u00e4mt hemma eller p\u00e5 resande fot. Den vikbara, vattent\u00e4ta designen g\u00f6r den enkel att b\u00e4ra, f\u00f6rvara och anv\u00e4nda \u00f6verallt d\u00e4r du beh\u00f6ver snabb fotv\u00e5rd och avkoppling.","og_url":"https:\/\/mekulo.com\/se\/produkt\/hopfallbart-fotbadkar\/","og_site_name":"Mekulo SE","article_modified_time":"2026-01-22T15:50:58+00:00","og_image":[{"width":800,"height":800,"url":"https:\/\/mekulo.com\/se\/wp-content\/uploads\/sites\/11\/2026\/01\/1gb80sm-1.webp","type":"image\/webp"}],"twitter_card":"summary_large_image","twitter_misc":{"Ber\u00e4knad l\u00e4stid":"2 minuter"},"schema":{"@context":"https:\/\/schema.org","@graph":[{"@type":"WebPage","@id":"https:\/\/mekulo.com\/se\/produkt\/hopfallbart-fotbadkar\/","url":"https:\/\/mekulo.com\/se\/produkt\/hopfallbart-fotbadkar\/","name":"Hopf\u00e4llbart fotbadkar - Mekulo SE","isPartOf":{"@id":"https:\/\/mekulo.com\/se\/#website"},"primaryImageOfPage":{"@id":"https:\/\/mekulo.com\/se\/produkt\/hopfallbart-fotbadkar\/#primaryimage"},"image":{"@id":"https:\/\/mekulo.com\/se\/produkt\/hopfallbart-fotbadkar\/#primaryimage"},"thumbnailUrl":"https:\/\/mekulo.com\/se\/wp-content\/uploads\/sites\/11\/2026\/01\/1gb80sm-1.webp","datePublished":"2026-01-09T11:47:43+00:00","dateModified":"2026-01-22T15:50:58+00:00","breadcrumb":{"@id":"https:\/\/mekulo.com\/se\/produkt\/hopfallbart-fotbadkar\/#breadcrumb"},"inLanguage":"sv-SE","potentialAction":[{"@type":"ReadAction","target":["https:\/\/mekulo.com\/se\/produkt\/hopfallbart-fotbadkar\/"]}]},{"@type":"ImageObject","inLanguage":"sv-SE","@id":"https:\/\/mekulo.com\/se\/produkt\/hopfallbart-fotbadkar\/#primaryimage","url":"https:\/\/mekulo.com\/se\/wp-content\/uploads\/sites\/11\/2026\/01\/1gb80sm-1.webp","contentUrl":"https:\/\/mekulo.com\/se\/wp-content\/uploads\/sites\/11\/2026\/01\/1gb80sm-1.webp","width":800,"height":800},{"@type":"BreadcrumbList","@id":"https:\/\/mekulo.com\/se\/produkt\/hopfallbart-fotbadkar\/#breadcrumb","itemListElement":[{"@type":"ListItem","position":1,"name":"Home","item":"https:\/\/mekulo.com\/se\/"},{"@type":"ListItem","position":2,"name":"Butik","item":"https:\/\/mekulo.com\/se\/butik\/"},{"@type":"ListItem","position":3,"name":"Hopf\u00e4llbart fotbadkar"}]},{"@type":"WebSite","@id":"https:\/\/mekulo.com\/se\/#website","url":"https:\/\/mekulo.com\/se\/","name":"Mekulo SE","description":"","publisher":{"@id":"https:\/\/mekulo.com\/se\/#organization"},"potentialAction":[{"@type":"SearchAction","target":{"@type":"EntryPoint","urlTemplate":"https:\/\/mekulo.com\/se\/?s={search_term_string}"},"query-input":{"@type":"PropertyValueSpecification","valueRequired":true,"valueName":"search_term_string"}}],"inLanguage":"sv-SE"},{"@type":"Organization","@id":"https:\/\/mekulo.com\/se\/#organization","name":"Mekulo","url":"https:\/\/mekulo.com\/se\/","logo":{"@type":"ImageObject","inLanguage":"sv-SE","@id":"https:\/\/mekulo.com\/se\/#\/schema\/logo\/image\/","url":"https:\/\/mekulo.com\/se\/wp-content\/uploads\/sites\/11\/2025\/12\/favicon_mekulo.png","contentUrl":"https:\/\/mekulo.com\/se\/wp-content\/uploads\/sites\/11\/2025\/12\/favicon_mekulo.png","width":50,"height":50,"caption":"Mekulo"},"image":{"@id":"https:\/\/mekulo.com\/se\/#\/schema\/logo\/image\/"}}]}},"_links":{"self":[{"href":"https:\/\/mekulo.com\/se\/wp-json\/wp\/v2\/product\/16450","targetHints":{"allow":["GET"]}}],"collection":[{"href":"https:\/\/mekulo.com\/se\/wp-json\/wp\/v2\/product"}],"about":[{"href":"https:\/\/mekulo.com\/se\/wp-json\/wp\/v2\/types\/product"}],"replies":[{"embeddable":true,"href":"https:\/\/mekulo.com\/se\/wp-json\/wp\/v2\/comments?post=16450"}],"wp:featuredmedia":[{"embeddable":true,"href":"https:\/\/mekulo.com\/se\/wp-json\/wp\/v2\/media\/16446"}],"wp:attachment":[{"href":"https:\/\/mekulo.com\/se\/wp-json\/wp\/v2\/media?parent=16450"}],"wp:term":[{"taxonomy":"product_brand","embeddable":true,"href":"https:\/\/mekulo.com\/se\/wp-json\/wp\/v2\/product_brand?post=16450"},{"taxonomy":"product_cat","embeddable":true,"href":"https:\/\/mekulo.com\/se\/wp-json\/wp\/v2\/product_cat?post=16450"},{"taxonomy":"product_tag","embeddable":true,"href":"https:\/\/mekulo.com\/se\/wp-json\/wp\/v2\/product_tag?post=16450"}],"curies":[{"name":"wp","href":"https:\/\/api.w.org\/{rel}","templated":true}]}}