{"id":16423,"date":"2026-01-09T13:46:08","date_gmt":"2026-01-09T11:46:08","guid":{"rendered":"https:\/\/mekulo.com\/se\/produkt\/bytessats-for-gangjarn-till-toalettstol\/"},"modified":"2026-01-22T17:51:18","modified_gmt":"2026-01-22T15:51:18","slug":"bytessats-for-gangjarn-till-toalettstol","status":"publish","type":"product","link":"https:\/\/mekulo.com\/se\/produkt\/bytessats-for-gangjarn-till-toalettstol\/","title":{"rendered":"Bytessats f\u00f6r g\u00e5ngj\u00e4rn till toalettstol"},"content":{"rendered":"<p style=\"text-align: center;\" data-start=\"0\" data-end=\"58\"><strong data-start=\"0\" data-end=\"58\">Fixa l\u00f6sa eller trasiga toalettsitsar snabbt och s\u00e4kert. \ud83d\udebd<\/strong><\/p>\n<p data-start=\"60\" data-end=\"321\"><img fetchpriority=\"high\" decoding=\"async\" class=\"size-full wp-image-48259 aligncenter\" src=\"https:\/\/keluvo.com\/template\/wp-content\/uploads\/sites\/5\/2026\/01\/122114-ezgif.com-video-to-webp-converter.webp\" alt=\"\" width=\"500\" height=\"500\" \/><\/p>\n<h2 style=\"text-align: center;\" data-start=\"328\" data-end=\"348\">Huvudsakliga f\u00f6rdelar<\/h2>\n<p data-start=\"352\" data-end=\"418\">\ud83d\udd29 Starkt rostfritt st\u00e5l &#8211; Rostbest\u00e4ndigt och byggt f\u00f6r att h\u00e5lla.<\/p>\n<p data-start=\"421\" data-end=\"482\">\ud83d\udee0\ufe0f Enkelt byte &#8211; Fixa skadade eller l\u00f6sa g\u00e5ngj\u00e4rn snabbt.<\/p>\n<p data-start=\"485\" data-end=\"561\">\ud83d\udd04 Universell passform &#8211; Passar de flesta standardtoalettsitsar med top-fix g\u00e5ngj\u00e4rn.<\/p>\n<p data-start=\"564\" data-end=\"633\">\ud83d\udebf Perfekt f\u00f6r v\u00e4ggh\u00e4ngda toaletter &#8211; Fungerar f\u00f6r rygg mot v\u00e4gg-design.<\/p>\n<p data-start=\"636\" data-end=\"695\">\ud83d\udcaa S\u00e4kert grepp &#8211; H\u00e5ller toalettlocket stabilt och stadigt.<\/p>\n<p data-start=\"636\" data-end=\"695\"><img decoding=\"async\" class=\"size-full wp-image-48260 aligncenter\" src=\"https:\/\/keluvo.com\/template\/wp-content\/uploads\/sites\/5\/2026\/01\/122113-ezgif.com-video-to-webp-converter.webp\" alt=\"\" width=\"500\" height=\"500\" \/><\/p>\n<h2 style=\"text-align: center;\" data-start=\"702\" data-end=\"719\"><strong>Anv\u00e4ndning<\/strong><\/h2>\n<ol data-start=\"721\" data-end=\"976\">\n<li data-start=\"721\" data-end=\"771\">\n<p data-start=\"724\" data-end=\"771\">Ta bort de gamla eller skadade g\u00e5ngj\u00e4rnen p\u00e5 toalettstolen.<\/p>\n<\/li>\n<li data-start=\"772\" data-end=\"825\">\n<p data-start=\"775\" data-end=\"825\">S\u00e4tt i de nya g\u00e5ngj\u00e4rnen i toalettlockets h\u00e5l.<\/p>\n<\/li>\n<li data-start=\"826\" data-end=\"878\">\n<p data-start=\"829\" data-end=\"878\">Rikta in g\u00e5ngj\u00e4rnen med toalettens f\u00e4stpunkter.<\/p>\n<\/li>\n<li data-start=\"879\" data-end=\"928\">\n<p data-start=\"882\" data-end=\"928\">Dra \u00e5t tills sitsen \u00e4r s\u00e4ker och stabil.<\/p>\n<\/li>\n<li data-start=\"929\" data-end=\"976\">\n<p data-start=\"932\" data-end=\"976\">Testa locket f\u00f6r smidig \u00f6ppning och st\u00e4ngning.<\/p>\n<\/li>\n<\/ol>\n<h2 style=\"text-align: center;\" data-start=\"983\" data-end=\"1005\"><strong>Produktdetaljer<\/strong><\/h2>\n<ul data-start=\"1007\" data-end=\"1255\">\n<li data-start=\"1059\" data-end=\"1088\">\n<p data-start=\"1061\" data-end=\"1088\">Material: Rostfritt st\u00e5l<\/p>\n<\/li>\n<li data-start=\"1089\" data-end=\"1106\">\n<p data-start=\"1091\" data-end=\"1106\">F\u00e4rg: Silver<\/p>\n<\/li>\n<li data-start=\"1107\" data-end=\"1129\">\n<p data-start=\"1109\" data-end=\"1129\">Pinndiameter: 8 mm<\/p>\n<\/li>\n<li data-start=\"1130\" data-end=\"1167\">\n<p data-start=\"1132\" data-end=\"1167\">Diskstorlekar: 45 mm, 55 mm, 60 mm<\/p>\n<\/li>\n<li data-start=\"1168\" data-end=\"1232\">\n<p data-start=\"1170\" data-end=\"1232\">Kompatibilitet: De flesta standardtoalettlock med top-fix g\u00e5ngj\u00e4rn<\/p>\n<\/li>\n<\/ul>\n<h2 style=\"text-align: center;\" data-start=\"1262\" data-end=\"1285\"><strong>Paketet inneh\u00e5ller<\/strong><\/h2>\n<ul data-start=\"1287\" data-end=\"1323\" data-is-last-node=\"\" data-is-only-node=\"\">\n<li data-start=\"1287\" data-end=\"1323\" data-is-last-node=\"\">\n<p data-start=\"1289\" data-end=\"1323\" data-is-last-node=\"\">1, 2, 3x par ers\u00e4ttningsg\u00e5ngj\u00e4rn f\u00f6r toalettstol (2, 4, 6 st).<\/p>\n<\/li>\n<\/ul>\n","protected":false},"excerpt":{"rendered":"<p>Med det h\u00e4r utbytessatsen f\u00f6r toalettstolens g\u00e5ngj\u00e4rn kan du \u00e5terst\u00e4lla en l\u00f6s, vinglig eller trasig toalettstol p\u00e5 n\u00e5gra minuter. Den \u00e4r tillverkad av h\u00e5llbart rostfritt st\u00e5l och ger en stark och l\u00e5ngvarig l\u00f6sning f\u00f6r de flesta standardtoalettlock utan att hela sitsen beh\u00f6ver bytas ut.<\/p>\n","protected":false},"featured_media":16419,"comment_status":"open","ping_status":"closed","template":"","meta":{"site-sidebar-layout":"default","site-content-layout":"","ast-site-content-layout":"default","site-content-style":"default","site-sidebar-style":"default","ast-global-header-display":"","ast-banner-title-visibility":"","ast-main-header-display":"","ast-hfb-above-header-display":"","ast-hfb-below-header-display":"","ast-hfb-mobile-header-display":"","site-post-title":"","ast-breadcrumbs-content":"","ast-featured-img":"","footer-sml-layout":"","theme-transparent-header-meta":"default","adv-header-id-meta":"","stick-header-meta":"","header-above-stick-meta":"","header-main-stick-meta":"","header-below-stick-meta":"","astra-migrate-meta-layouts":"set","ast-page-background-enabled":"default","ast-page-background-meta":{"desktop":{"background-color":"var(--ast-global-color-5)","background-image":"","background-repeat":"repeat","background-position":"center center","background-size":"auto","background-attachment":"scroll","background-type":"","background-media":"","overlay-type":"","overlay-color":"","overlay-opacity":"","overlay-gradient":""},"tablet":{"background-color":"","background-image":"","background-repeat":"repeat","background-position":"center center","background-size":"auto","background-attachment":"scroll","background-type":"","background-media":"","overlay-type":"","overlay-color":"","overlay-opacity":"","overlay-gradient":""},"mobile":{"background-color":"","background-image":"","background-repeat":"repeat","background-position":"center center","background-size":"auto","background-attachment":"scroll","background-type":"","background-media":"","overlay-type":"","overlay-color":"","overlay-opacity":"","overlay-gradient":""}},"ast-content-background-meta":{"desktop":{"background-color":"var(--ast-global-color-4)","background-image":"","background-repeat":"repeat","background-position":"center center","background-size":"auto","background-attachment":"scroll","background-type":"","background-media":"","overlay-type":"","overlay-color":"","overlay-opacity":"","overlay-gradient":""},"tablet":{"background-color":"var(--ast-global-color-4)","background-image":"","background-repeat":"repeat","background-position":"center center","background-size":"auto","background-attachment":"scroll","background-type":"","background-media":"","overlay-type":"","overlay-color":"","overlay-opacity":"","overlay-gradient":""},"mobile":{"background-color":"var(--ast-global-color-4)","background-image":"","background-repeat":"repeat","background-position":"center center","background-size":"auto","background-attachment":"scroll","background-type":"","background-media":"","overlay-type":"","overlay-color":"","overlay-opacity":"","overlay-gradient":""}}},"product_brand":[],"product_cat":[168],"product_tag":[],"class_list":{"0":"post-16423","1":"product","2":"type-product","3":"status-publish","4":"has-post-thumbnail","6":"product_cat-hushallsartiklar","7":"pa_66504_dge1z6zi-1-par","8":"pa_66504_dge1z6zi-2-par","9":"pa_66504_dge1z6zi-3-par","10":"pa_66504_zn868rvf-45-mm","11":"pa_66504_zn868rvf-55-mm","12":"pa_66504_zn868rvf-60-mm","13":"desktop-align-left","14":"tablet-align-left","15":"mobile-align-left","17":"first","18":"instock","19":"shipping-taxable","20":"purchasable","21":"product-type-variable","22":"has-default-attributes"},"yoast_head":"<!-- This site is optimized with the Yoast SEO plugin v26.6 - https:\/\/yoast.com\/wordpress\/plugins\/seo\/ -->\n<title>Bytessats f\u00f6r g\u00e5ngj\u00e4rn till toalettstol - Mekulo SE<\/title>\n<meta name=\"robots\" content=\"index, follow, max-snippet:-1, max-image-preview:large, max-video-preview:-1\" \/>\n<link rel=\"canonical\" href=\"https:\/\/mekulo.com\/se\/produkt\/bytessats-for-gangjarn-till-toalettstol\/\" \/>\n<meta property=\"og:locale\" content=\"sv_SE\" \/>\n<meta property=\"og:type\" content=\"article\" \/>\n<meta property=\"og:title\" content=\"Bytessats f\u00f6r g\u00e5ngj\u00e4rn till toalettstol - Mekulo SE\" \/>\n<meta property=\"og:description\" content=\"Med det h\u00e4r utbytessatsen f\u00f6r toalettstolens g\u00e5ngj\u00e4rn kan du \u00e5terst\u00e4lla en l\u00f6s, vinglig eller trasig toalettstol p\u00e5 n\u00e5gra minuter. Den \u00e4r tillverkad av h\u00e5llbart rostfritt st\u00e5l och ger en stark och l\u00e5ngvarig l\u00f6sning f\u00f6r de flesta standardtoalettlock utan att hela sitsen beh\u00f6ver bytas ut.\" \/>\n<meta property=\"og:url\" content=\"https:\/\/mekulo.com\/se\/produkt\/bytessats-for-gangjarn-till-toalettstol\/\" \/>\n<meta property=\"og:site_name\" content=\"Mekulo SE\" \/>\n<meta property=\"article:modified_time\" content=\"2026-01-22T15:51:18+00:00\" \/>\n<meta property=\"og:image\" content=\"https:\/\/mekulo.com\/se\/wp-content\/uploads\/sites\/11\/2026\/01\/zftvsnm-1.jpg\" \/>\n\t<meta property=\"og:image:width\" content=\"1080\" \/>\n\t<meta property=\"og:image:height\" content=\"1080\" \/>\n\t<meta property=\"og:image:type\" content=\"image\/jpeg\" \/>\n<meta name=\"twitter:card\" content=\"summary_large_image\" \/>\n<meta name=\"twitter:label1\" content=\"Ber\u00e4knad l\u00e4stid\" \/>\n\t<meta name=\"twitter:data1\" content=\"2 minuter\" \/>\n<script type=\"application\/ld+json\" class=\"yoast-schema-graph\">{\"@context\":\"https:\/\/schema.org\",\"@graph\":[{\"@type\":\"WebPage\",\"@id\":\"https:\/\/mekulo.com\/se\/produkt\/bytessats-for-gangjarn-till-toalettstol\/\",\"url\":\"https:\/\/mekulo.com\/se\/produkt\/bytessats-for-gangjarn-till-toalettstol\/\",\"name\":\"Bytessats f\u00f6r g\u00e5ngj\u00e4rn till toalettstol - Mekulo SE\",\"isPartOf\":{\"@id\":\"https:\/\/mekulo.com\/se\/#website\"},\"primaryImageOfPage\":{\"@id\":\"https:\/\/mekulo.com\/se\/produkt\/bytessats-for-gangjarn-till-toalettstol\/#primaryimage\"},\"image\":{\"@id\":\"https:\/\/mekulo.com\/se\/produkt\/bytessats-for-gangjarn-till-toalettstol\/#primaryimage\"},\"thumbnailUrl\":\"https:\/\/mekulo.com\/se\/wp-content\/uploads\/sites\/11\/2026\/01\/zftvsnm-1.jpg\",\"datePublished\":\"2026-01-09T11:46:08+00:00\",\"dateModified\":\"2026-01-22T15:51:18+00:00\",\"breadcrumb\":{\"@id\":\"https:\/\/mekulo.com\/se\/produkt\/bytessats-for-gangjarn-till-toalettstol\/#breadcrumb\"},\"inLanguage\":\"sv-SE\",\"potentialAction\":[{\"@type\":\"ReadAction\",\"target\":[\"https:\/\/mekulo.com\/se\/produkt\/bytessats-for-gangjarn-till-toalettstol\/\"]}]},{\"@type\":\"ImageObject\",\"inLanguage\":\"sv-SE\",\"@id\":\"https:\/\/mekulo.com\/se\/produkt\/bytessats-for-gangjarn-till-toalettstol\/#primaryimage\",\"url\":\"https:\/\/mekulo.com\/se\/wp-content\/uploads\/sites\/11\/2026\/01\/zftvsnm-1.jpg\",\"contentUrl\":\"https:\/\/mekulo.com\/se\/wp-content\/uploads\/sites\/11\/2026\/01\/zftvsnm-1.jpg\",\"width\":1080,\"height\":1080},{\"@type\":\"BreadcrumbList\",\"@id\":\"https:\/\/mekulo.com\/se\/produkt\/bytessats-for-gangjarn-till-toalettstol\/#breadcrumb\",\"itemListElement\":[{\"@type\":\"ListItem\",\"position\":1,\"name\":\"Home\",\"item\":\"https:\/\/mekulo.com\/se\/\"},{\"@type\":\"ListItem\",\"position\":2,\"name\":\"Butik\",\"item\":\"https:\/\/mekulo.com\/se\/butik\/\"},{\"@type\":\"ListItem\",\"position\":3,\"name\":\"Bytessats f\u00f6r g\u00e5ngj\u00e4rn till toalettstol\"}]},{\"@type\":\"WebSite\",\"@id\":\"https:\/\/mekulo.com\/se\/#website\",\"url\":\"https:\/\/mekulo.com\/se\/\",\"name\":\"Mekulo SE\",\"description\":\"\",\"publisher\":{\"@id\":\"https:\/\/mekulo.com\/se\/#organization\"},\"potentialAction\":[{\"@type\":\"SearchAction\",\"target\":{\"@type\":\"EntryPoint\",\"urlTemplate\":\"https:\/\/mekulo.com\/se\/?s={search_term_string}\"},\"query-input\":{\"@type\":\"PropertyValueSpecification\",\"valueRequired\":true,\"valueName\":\"search_term_string\"}}],\"inLanguage\":\"sv-SE\"},{\"@type\":\"Organization\",\"@id\":\"https:\/\/mekulo.com\/se\/#organization\",\"name\":\"Mekulo\",\"url\":\"https:\/\/mekulo.com\/se\/\",\"logo\":{\"@type\":\"ImageObject\",\"inLanguage\":\"sv-SE\",\"@id\":\"https:\/\/mekulo.com\/se\/#\/schema\/logo\/image\/\",\"url\":\"https:\/\/mekulo.com\/se\/wp-content\/uploads\/sites\/11\/2025\/12\/favicon_mekulo.png\",\"contentUrl\":\"https:\/\/mekulo.com\/se\/wp-content\/uploads\/sites\/11\/2025\/12\/favicon_mekulo.png\",\"width\":50,\"height\":50,\"caption\":\"Mekulo\"},\"image\":{\"@id\":\"https:\/\/mekulo.com\/se\/#\/schema\/logo\/image\/\"}}]}<\/script>\n<!-- \/ Yoast SEO plugin. -->","yoast_head_json":{"title":"Bytessats f\u00f6r g\u00e5ngj\u00e4rn till toalettstol - Mekulo SE","robots":{"index":"index","follow":"follow","max-snippet":"max-snippet:-1","max-image-preview":"max-image-preview:large","max-video-preview":"max-video-preview:-1"},"canonical":"https:\/\/mekulo.com\/se\/produkt\/bytessats-for-gangjarn-till-toalettstol\/","og_locale":"sv_SE","og_type":"article","og_title":"Bytessats f\u00f6r g\u00e5ngj\u00e4rn till toalettstol - Mekulo SE","og_description":"Med det h\u00e4r utbytessatsen f\u00f6r toalettstolens g\u00e5ngj\u00e4rn kan du \u00e5terst\u00e4lla en l\u00f6s, vinglig eller trasig toalettstol p\u00e5 n\u00e5gra minuter. Den \u00e4r tillverkad av h\u00e5llbart rostfritt st\u00e5l och ger en stark och l\u00e5ngvarig l\u00f6sning f\u00f6r de flesta standardtoalettlock utan att hela sitsen beh\u00f6ver bytas ut.","og_url":"https:\/\/mekulo.com\/se\/produkt\/bytessats-for-gangjarn-till-toalettstol\/","og_site_name":"Mekulo SE","article_modified_time":"2026-01-22T15:51:18+00:00","og_image":[{"width":1080,"height":1080,"url":"https:\/\/mekulo.com\/se\/wp-content\/uploads\/sites\/11\/2026\/01\/zftvsnm-1.jpg","type":"image\/jpeg"}],"twitter_card":"summary_large_image","twitter_misc":{"Ber\u00e4knad l\u00e4stid":"2 minuter"},"schema":{"@context":"https:\/\/schema.org","@graph":[{"@type":"WebPage","@id":"https:\/\/mekulo.com\/se\/produkt\/bytessats-for-gangjarn-till-toalettstol\/","url":"https:\/\/mekulo.com\/se\/produkt\/bytessats-for-gangjarn-till-toalettstol\/","name":"Bytessats f\u00f6r g\u00e5ngj\u00e4rn till toalettstol - Mekulo SE","isPartOf":{"@id":"https:\/\/mekulo.com\/se\/#website"},"primaryImageOfPage":{"@id":"https:\/\/mekulo.com\/se\/produkt\/bytessats-for-gangjarn-till-toalettstol\/#primaryimage"},"image":{"@id":"https:\/\/mekulo.com\/se\/produkt\/bytessats-for-gangjarn-till-toalettstol\/#primaryimage"},"thumbnailUrl":"https:\/\/mekulo.com\/se\/wp-content\/uploads\/sites\/11\/2026\/01\/zftvsnm-1.jpg","datePublished":"2026-01-09T11:46:08+00:00","dateModified":"2026-01-22T15:51:18+00:00","breadcrumb":{"@id":"https:\/\/mekulo.com\/se\/produkt\/bytessats-for-gangjarn-till-toalettstol\/#breadcrumb"},"inLanguage":"sv-SE","potentialAction":[{"@type":"ReadAction","target":["https:\/\/mekulo.com\/se\/produkt\/bytessats-for-gangjarn-till-toalettstol\/"]}]},{"@type":"ImageObject","inLanguage":"sv-SE","@id":"https:\/\/mekulo.com\/se\/produkt\/bytessats-for-gangjarn-till-toalettstol\/#primaryimage","url":"https:\/\/mekulo.com\/se\/wp-content\/uploads\/sites\/11\/2026\/01\/zftvsnm-1.jpg","contentUrl":"https:\/\/mekulo.com\/se\/wp-content\/uploads\/sites\/11\/2026\/01\/zftvsnm-1.jpg","width":1080,"height":1080},{"@type":"BreadcrumbList","@id":"https:\/\/mekulo.com\/se\/produkt\/bytessats-for-gangjarn-till-toalettstol\/#breadcrumb","itemListElement":[{"@type":"ListItem","position":1,"name":"Home","item":"https:\/\/mekulo.com\/se\/"},{"@type":"ListItem","position":2,"name":"Butik","item":"https:\/\/mekulo.com\/se\/butik\/"},{"@type":"ListItem","position":3,"name":"Bytessats f\u00f6r g\u00e5ngj\u00e4rn till toalettstol"}]},{"@type":"WebSite","@id":"https:\/\/mekulo.com\/se\/#website","url":"https:\/\/mekulo.com\/se\/","name":"Mekulo SE","description":"","publisher":{"@id":"https:\/\/mekulo.com\/se\/#organization"},"potentialAction":[{"@type":"SearchAction","target":{"@type":"EntryPoint","urlTemplate":"https:\/\/mekulo.com\/se\/?s={search_term_string}"},"query-input":{"@type":"PropertyValueSpecification","valueRequired":true,"valueName":"search_term_string"}}],"inLanguage":"sv-SE"},{"@type":"Organization","@id":"https:\/\/mekulo.com\/se\/#organization","name":"Mekulo","url":"https:\/\/mekulo.com\/se\/","logo":{"@type":"ImageObject","inLanguage":"sv-SE","@id":"https:\/\/mekulo.com\/se\/#\/schema\/logo\/image\/","url":"https:\/\/mekulo.com\/se\/wp-content\/uploads\/sites\/11\/2025\/12\/favicon_mekulo.png","contentUrl":"https:\/\/mekulo.com\/se\/wp-content\/uploads\/sites\/11\/2025\/12\/favicon_mekulo.png","width":50,"height":50,"caption":"Mekulo"},"image":{"@id":"https:\/\/mekulo.com\/se\/#\/schema\/logo\/image\/"}}]}},"_links":{"self":[{"href":"https:\/\/mekulo.com\/se\/wp-json\/wp\/v2\/product\/16423","targetHints":{"allow":["GET"]}}],"collection":[{"href":"https:\/\/mekulo.com\/se\/wp-json\/wp\/v2\/product"}],"about":[{"href":"https:\/\/mekulo.com\/se\/wp-json\/wp\/v2\/types\/product"}],"replies":[{"embeddable":true,"href":"https:\/\/mekulo.com\/se\/wp-json\/wp\/v2\/comments?post=16423"}],"wp:featuredmedia":[{"embeddable":true,"href":"https:\/\/mekulo.com\/se\/wp-json\/wp\/v2\/media\/16419"}],"wp:attachment":[{"href":"https:\/\/mekulo.com\/se\/wp-json\/wp\/v2\/media?parent=16423"}],"wp:term":[{"taxonomy":"product_brand","embeddable":true,"href":"https:\/\/mekulo.com\/se\/wp-json\/wp\/v2\/product_brand?post=16423"},{"taxonomy":"product_cat","embeddable":true,"href":"https:\/\/mekulo.com\/se\/wp-json\/wp\/v2\/product_cat?post=16423"},{"taxonomy":"product_tag","embeddable":true,"href":"https:\/\/mekulo.com\/se\/wp-json\/wp\/v2\/product_tag?post=16423"}],"curies":[{"name":"wp","href":"https:\/\/api.w.org\/{rel}","templated":true}]}}