{"id":16406,"date":"2026-01-09T13:44:33","date_gmt":"2026-01-09T11:44:33","guid":{"rendered":"https:\/\/mekulo.com\/se\/produkt\/fjarrkontroll-for-rullning-av-video\/"},"modified":"2026-01-09T20:39:32","modified_gmt":"2026-01-09T18:39:32","slug":"fjarrkontroll-for-rullning-av-video","status":"publish","type":"product","link":"https:\/\/mekulo.com\/se\/produkt\/fjarrkontroll-for-rullning-av-video\/","title":{"rendered":"Fj\u00e4rrkontroll f\u00f6r rullning av video"},"content":{"rendered":"<p style=\"text-align: center;\" data-start=\"0\" data-end=\"69\"><strong data-start=\"0\" data-end=\"69\">Bl\u00e4ddra, spela och styr din telefon utan att r\u00f6ra vid sk\u00e4rmen. \ud83d\udcf1<\/strong><\/p>\n<p data-start=\"71\" data-end=\"317\"><img fetchpriority=\"high\" decoding=\"async\" class=\"size-full wp-image-48243 aligncenter\" src=\"https:\/\/keluvo.com\/template\/wp-content\/uploads\/sites\/5\/2026\/01\/122112-ezgif.com-video-to-webp-converter.webp\" alt=\"\" width=\"500\" height=\"500\" \/><\/p>\n<h2 style=\"text-align: center;\" data-start=\"324\" data-end=\"344\">Huvudsakliga f\u00f6rdelar<\/h2>\n<p data-start=\"348\" data-end=\"426\">\ud83d\udcf2 Videorullningskontroll &#8211; Bl\u00e4ddra, spela, pausa och gilla videor enkelt.<\/p>\n<p data-start=\"429\" data-end=\"504\">\ud83d\udcf8 Enknappsfotografering &#8211; Ta selfies och gruppfoton p\u00e5 avst\u00e5nd.<\/p>\n<p data-start=\"507\" data-end=\"582\">\ud83d\udd07 Tysta knappar &#8211; Tyst drift f\u00f6r sovsalar, bibliotek och kontor.<\/p>\n<p data-start=\"585\" data-end=\"654\">\ud83d\udcd6 E-bokssidv\u00e4ndare &#8211; V\u00e4nd sidor utan att r\u00f6ra vid sk\u00e4rmen.<\/p>\n<p data-start=\"657\" data-end=\"725\">\ud83c\udf92 Kompakt &amp; b\u00e4rbar &#8211; L\u00e4tt och l\u00e4tt att ta med \u00f6verallt.<\/p>\n<p data-start=\"728\" data-end=\"797\">\ud83d\udd0b L\u00e5ng batteritid &#8211; P\u00e5litlig anv\u00e4ndning utan frekvent laddning.<\/p>\n<p data-start=\"728\" data-end=\"797\"><img decoding=\"async\" class=\"size-full wp-image-48246 aligncenter\" src=\"https:\/\/keluvo.com\/template\/wp-content\/uploads\/sites\/5\/2026\/01\/122111-ezgif.com-video-to-webp-converter.webp\" alt=\"\" width=\"500\" height=\"500\" \/><\/p>\n<h2 style=\"text-align: center;\" data-start=\"804\" data-end=\"822\"><strong>Hur Man Anv\u00e4nder Den<\/strong><\/h2>\n<ol data-start=\"824\" data-end=\"1075\">\n<li data-start=\"824\" data-end=\"871\">\n<p data-start=\"827\" data-end=\"871\">Sl\u00e5 p\u00e5 Bluetooth p\u00e5 din telefon eller surfplatta.<\/p>\n<\/li>\n<li data-start=\"872\" data-end=\"910\">\n<p data-start=\"875\" data-end=\"910\">Para ihop fj\u00e4rrkontrollen med din enhet.<\/p>\n<\/li>\n<li data-start=\"911\" data-end=\"959\">\n<p data-start=\"914\" data-end=\"959\">\u00d6ppna en video-, kamera-, musik- eller e-boksapp.<\/p>\n<\/li>\n<li data-start=\"960\" data-end=\"1020\">\n<p data-start=\"963\" data-end=\"1020\">Anv\u00e4nd knapparna f\u00f6r att bl\u00e4ddra, spela, pausa eller ta foton.<\/p>\n<\/li>\n<li data-start=\"1021\" data-end=\"1075\">\n<p data-start=\"1024\" data-end=\"1075\">Njut av handsfree-kontroll fr\u00e5n upp till 10 meters avst\u00e5nd.<\/p>\n<\/li>\n<\/ol>\n<h2 style=\"text-align: center;\" data-start=\"1082\" data-end=\"1104\"><strong>Produktdetaljer<\/strong><\/h2>\n<ul data-start=\"1106\" data-end=\"1339\">\n<li data-start=\"1147\" data-end=\"1164\">\n<p data-start=\"1149\" data-end=\"1164\">Material: ABS<\/p>\n<\/li>\n<li data-start=\"1165\" data-end=\"1204\">\n<p data-start=\"1167\" data-end=\"1204\">Sm\u00e5tt: 7,7 x 4,4 cm<\/p>\n<\/li>\n<li data-start=\"1205\" data-end=\"1230\">\n<p data-start=\"1207\" data-end=\"1230\">Anslutning: Bluetooth<\/p>\n<\/li>\n<li data-start=\"1231\" data-end=\"1257\">\n<p data-start=\"1233\" data-end=\"1257\">R\u00e4ckvidd: Upp till 10 meter<\/p>\n<\/li>\n<li data-start=\"1258\" data-end=\"1300\">\n<p data-start=\"1260\" data-end=\"1300\">Kompatibilitet: iOS- och Android-enheter<\/p>\n<\/li>\n<li data-start=\"1321\" data-end=\"1339\">\n<p data-start=\"1323\" data-end=\"1339\">Typ: B\u00e4rbar<\/p>\n<\/li>\n<\/ul>\n<h2 style=\"text-align: center;\" data-start=\"1346\" data-end=\"1369\"><strong>Paketet inneh\u00e5ller<\/strong><\/h2>\n<ul data-start=\"1371\" data-end=\"1399\" data-is-last-node=\"\" data-is-only-node=\"\">\n<li data-start=\"1371\" data-end=\"1399\" data-is-last-node=\"\">\n<p data-start=\"1373\" data-end=\"1399\" data-is-last-node=\"\">1, 2x videorullningsfj\u00e4rrkontroll\/er.<\/p>\n<\/li>\n<\/ul>\n","protected":false},"excerpt":{"rendered":"<p>Med den h\u00e4r fj\u00e4rrkontrollen f\u00f6r videorullning kan du styra videor, foton, musik och e-b\u00f6cker p\u00e5 avst\u00e5nd med hj\u00e4lp av Bluetooth. Den \u00e4r liten, tyst och enkel att anv\u00e4nda, vilket g\u00f6r den perfekt f\u00f6r att titta p\u00e5 videor, ta foton eller l\u00e4sa handsfree hemma eller p\u00e5 resande fot.<\/p>\n","protected":false},"featured_media":16402,"comment_status":"open","ping_status":"closed","template":"","meta":{"site-sidebar-layout":"default","site-content-layout":"","ast-site-content-layout":"default","site-content-style":"default","site-sidebar-style":"default","ast-global-header-display":"","ast-banner-title-visibility":"","ast-main-header-display":"","ast-hfb-above-header-display":"","ast-hfb-below-header-display":"","ast-hfb-mobile-header-display":"","site-post-title":"","ast-breadcrumbs-content":"","ast-featured-img":"","footer-sml-layout":"","theme-transparent-header-meta":"default","adv-header-id-meta":"","stick-header-meta":"","header-above-stick-meta":"","header-main-stick-meta":"","header-below-stick-meta":"","astra-migrate-meta-layouts":"set","ast-page-background-enabled":"default","ast-page-background-meta":{"desktop":{"background-color":"var(--ast-global-color-5)","background-image":"","background-repeat":"repeat","background-position":"center center","background-size":"auto","background-attachment":"scroll","background-type":"","background-media":"","overlay-type":"","overlay-color":"","overlay-opacity":"","overlay-gradient":""},"tablet":{"background-color":"","background-image":"","background-repeat":"repeat","background-position":"center center","background-size":"auto","background-attachment":"scroll","background-type":"","background-media":"","overlay-type":"","overlay-color":"","overlay-opacity":"","overlay-gradient":""},"mobile":{"background-color":"","background-image":"","background-repeat":"repeat","background-position":"center center","background-size":"auto","background-attachment":"scroll","background-type":"","background-media":"","overlay-type":"","overlay-color":"","overlay-opacity":"","overlay-gradient":""}},"ast-content-background-meta":{"desktop":{"background-color":"var(--ast-global-color-4)","background-image":"","background-repeat":"repeat","background-position":"center center","background-size":"auto","background-attachment":"scroll","background-type":"","background-media":"","overlay-type":"","overlay-color":"","overlay-opacity":"","overlay-gradient":""},"tablet":{"background-color":"var(--ast-global-color-4)","background-image":"","background-repeat":"repeat","background-position":"center center","background-size":"auto","background-attachment":"scroll","background-type":"","background-media":"","overlay-type":"","overlay-color":"","overlay-opacity":"","overlay-gradient":""},"mobile":{"background-color":"var(--ast-global-color-4)","background-image":"","background-repeat":"repeat","background-position":"center center","background-size":"auto","background-attachment":"scroll","background-type":"","background-media":"","overlay-type":"","overlay-color":"","overlay-opacity":"","overlay-gradient":""}}},"product_brand":[],"product_cat":[173],"product_tag":[],"class_list":{"0":"post-16406","1":"product","2":"type-product","3":"status-publish","4":"has-post-thumbnail","6":"product_cat-elektronik","7":"pa_66502_5chhxvvy-svart","8":"pa_66502_5chhxvvy-vit","9":"pa_66502_qktr39j6-1-st","10":"pa_66502_qktr39j6-2-st","11":"desktop-align-left","12":"tablet-align-left","13":"mobile-align-left","15":"first","16":"instock","17":"shipping-taxable","18":"purchasable","19":"product-type-variable","20":"has-default-attributes"},"yoast_head":"<!-- This site is optimized with the Yoast SEO plugin v26.6 - https:\/\/yoast.com\/wordpress\/plugins\/seo\/ -->\n<title>Fj\u00e4rrkontroll f\u00f6r rullning av video - Mekulo SE<\/title>\n<meta name=\"robots\" content=\"index, follow, max-snippet:-1, max-image-preview:large, max-video-preview:-1\" \/>\n<link rel=\"canonical\" href=\"https:\/\/mekulo.com\/se\/produkt\/fjarrkontroll-for-rullning-av-video\/\" \/>\n<meta property=\"og:locale\" content=\"sv_SE\" \/>\n<meta property=\"og:type\" content=\"article\" \/>\n<meta property=\"og:title\" content=\"Fj\u00e4rrkontroll f\u00f6r rullning av video - Mekulo SE\" \/>\n<meta property=\"og:description\" content=\"Med den h\u00e4r fj\u00e4rrkontrollen f\u00f6r videorullning kan du styra videor, foton, musik och e-b\u00f6cker p\u00e5 avst\u00e5nd med hj\u00e4lp av Bluetooth. Den \u00e4r liten, tyst och enkel att anv\u00e4nda, vilket g\u00f6r den perfekt f\u00f6r att titta p\u00e5 videor, ta foton eller l\u00e4sa handsfree hemma eller p\u00e5 resande fot.\" \/>\n<meta property=\"og:url\" content=\"https:\/\/mekulo.com\/se\/produkt\/fjarrkontroll-for-rullning-av-video\/\" \/>\n<meta property=\"og:site_name\" content=\"Mekulo SE\" \/>\n<meta property=\"article:modified_time\" content=\"2026-01-09T18:39:32+00:00\" \/>\n<meta property=\"og:image\" content=\"https:\/\/mekulo.com\/se\/wp-content\/uploads\/sites\/11\/2026\/01\/0gcyvl0-1.webp\" \/>\n\t<meta property=\"og:image:width\" content=\"713\" \/>\n\t<meta property=\"og:image:height\" content=\"713\" \/>\n\t<meta property=\"og:image:type\" content=\"image\/webp\" \/>\n<meta name=\"twitter:card\" content=\"summary_large_image\" \/>\n<meta name=\"twitter:label1\" content=\"Ber\u00e4knad l\u00e4stid\" \/>\n\t<meta name=\"twitter:data1\" content=\"2 minuter\" \/>\n<script type=\"application\/ld+json\" class=\"yoast-schema-graph\">{\"@context\":\"https:\/\/schema.org\",\"@graph\":[{\"@type\":\"WebPage\",\"@id\":\"https:\/\/mekulo.com\/se\/produkt\/fjarrkontroll-for-rullning-av-video\/\",\"url\":\"https:\/\/mekulo.com\/se\/produkt\/fjarrkontroll-for-rullning-av-video\/\",\"name\":\"Fj\u00e4rrkontroll f\u00f6r rullning av video - Mekulo SE\",\"isPartOf\":{\"@id\":\"https:\/\/mekulo.com\/se\/#website\"},\"primaryImageOfPage\":{\"@id\":\"https:\/\/mekulo.com\/se\/produkt\/fjarrkontroll-for-rullning-av-video\/#primaryimage\"},\"image\":{\"@id\":\"https:\/\/mekulo.com\/se\/produkt\/fjarrkontroll-for-rullning-av-video\/#primaryimage\"},\"thumbnailUrl\":\"https:\/\/mekulo.com\/se\/wp-content\/uploads\/sites\/11\/2026\/01\/0gcyvl0-1.webp\",\"datePublished\":\"2026-01-09T11:44:33+00:00\",\"dateModified\":\"2026-01-09T18:39:32+00:00\",\"breadcrumb\":{\"@id\":\"https:\/\/mekulo.com\/se\/produkt\/fjarrkontroll-for-rullning-av-video\/#breadcrumb\"},\"inLanguage\":\"sv-SE\",\"potentialAction\":[{\"@type\":\"ReadAction\",\"target\":[\"https:\/\/mekulo.com\/se\/produkt\/fjarrkontroll-for-rullning-av-video\/\"]}]},{\"@type\":\"ImageObject\",\"inLanguage\":\"sv-SE\",\"@id\":\"https:\/\/mekulo.com\/se\/produkt\/fjarrkontroll-for-rullning-av-video\/#primaryimage\",\"url\":\"https:\/\/mekulo.com\/se\/wp-content\/uploads\/sites\/11\/2026\/01\/0gcyvl0-1.webp\",\"contentUrl\":\"https:\/\/mekulo.com\/se\/wp-content\/uploads\/sites\/11\/2026\/01\/0gcyvl0-1.webp\",\"width\":713,\"height\":713},{\"@type\":\"BreadcrumbList\",\"@id\":\"https:\/\/mekulo.com\/se\/produkt\/fjarrkontroll-for-rullning-av-video\/#breadcrumb\",\"itemListElement\":[{\"@type\":\"ListItem\",\"position\":1,\"name\":\"Home\",\"item\":\"https:\/\/mekulo.com\/se\/\"},{\"@type\":\"ListItem\",\"position\":2,\"name\":\"Butik\",\"item\":\"https:\/\/mekulo.com\/se\/butik\/\"},{\"@type\":\"ListItem\",\"position\":3,\"name\":\"Fj\u00e4rrkontroll f\u00f6r rullning av video\"}]},{\"@type\":\"WebSite\",\"@id\":\"https:\/\/mekulo.com\/se\/#website\",\"url\":\"https:\/\/mekulo.com\/se\/\",\"name\":\"Mekulo SE\",\"description\":\"\",\"publisher\":{\"@id\":\"https:\/\/mekulo.com\/se\/#organization\"},\"potentialAction\":[{\"@type\":\"SearchAction\",\"target\":{\"@type\":\"EntryPoint\",\"urlTemplate\":\"https:\/\/mekulo.com\/se\/?s={search_term_string}\"},\"query-input\":{\"@type\":\"PropertyValueSpecification\",\"valueRequired\":true,\"valueName\":\"search_term_string\"}}],\"inLanguage\":\"sv-SE\"},{\"@type\":\"Organization\",\"@id\":\"https:\/\/mekulo.com\/se\/#organization\",\"name\":\"Mekulo\",\"url\":\"https:\/\/mekulo.com\/se\/\",\"logo\":{\"@type\":\"ImageObject\",\"inLanguage\":\"sv-SE\",\"@id\":\"https:\/\/mekulo.com\/se\/#\/schema\/logo\/image\/\",\"url\":\"https:\/\/mekulo.com\/se\/wp-content\/uploads\/sites\/11\/2025\/12\/favicon_mekulo.png\",\"contentUrl\":\"https:\/\/mekulo.com\/se\/wp-content\/uploads\/sites\/11\/2025\/12\/favicon_mekulo.png\",\"width\":50,\"height\":50,\"caption\":\"Mekulo\"},\"image\":{\"@id\":\"https:\/\/mekulo.com\/se\/#\/schema\/logo\/image\/\"}}]}<\/script>\n<!-- \/ Yoast SEO plugin. -->","yoast_head_json":{"title":"Fj\u00e4rrkontroll f\u00f6r rullning av video - Mekulo SE","robots":{"index":"index","follow":"follow","max-snippet":"max-snippet:-1","max-image-preview":"max-image-preview:large","max-video-preview":"max-video-preview:-1"},"canonical":"https:\/\/mekulo.com\/se\/produkt\/fjarrkontroll-for-rullning-av-video\/","og_locale":"sv_SE","og_type":"article","og_title":"Fj\u00e4rrkontroll f\u00f6r rullning av video - Mekulo SE","og_description":"Med den h\u00e4r fj\u00e4rrkontrollen f\u00f6r videorullning kan du styra videor, foton, musik och e-b\u00f6cker p\u00e5 avst\u00e5nd med hj\u00e4lp av Bluetooth. Den \u00e4r liten, tyst och enkel att anv\u00e4nda, vilket g\u00f6r den perfekt f\u00f6r att titta p\u00e5 videor, ta foton eller l\u00e4sa handsfree hemma eller p\u00e5 resande fot.","og_url":"https:\/\/mekulo.com\/se\/produkt\/fjarrkontroll-for-rullning-av-video\/","og_site_name":"Mekulo SE","article_modified_time":"2026-01-09T18:39:32+00:00","og_image":[{"width":713,"height":713,"url":"https:\/\/mekulo.com\/se\/wp-content\/uploads\/sites\/11\/2026\/01\/0gcyvl0-1.webp","type":"image\/webp"}],"twitter_card":"summary_large_image","twitter_misc":{"Ber\u00e4knad l\u00e4stid":"2 minuter"},"schema":{"@context":"https:\/\/schema.org","@graph":[{"@type":"WebPage","@id":"https:\/\/mekulo.com\/se\/produkt\/fjarrkontroll-for-rullning-av-video\/","url":"https:\/\/mekulo.com\/se\/produkt\/fjarrkontroll-for-rullning-av-video\/","name":"Fj\u00e4rrkontroll f\u00f6r rullning av video - Mekulo SE","isPartOf":{"@id":"https:\/\/mekulo.com\/se\/#website"},"primaryImageOfPage":{"@id":"https:\/\/mekulo.com\/se\/produkt\/fjarrkontroll-for-rullning-av-video\/#primaryimage"},"image":{"@id":"https:\/\/mekulo.com\/se\/produkt\/fjarrkontroll-for-rullning-av-video\/#primaryimage"},"thumbnailUrl":"https:\/\/mekulo.com\/se\/wp-content\/uploads\/sites\/11\/2026\/01\/0gcyvl0-1.webp","datePublished":"2026-01-09T11:44:33+00:00","dateModified":"2026-01-09T18:39:32+00:00","breadcrumb":{"@id":"https:\/\/mekulo.com\/se\/produkt\/fjarrkontroll-for-rullning-av-video\/#breadcrumb"},"inLanguage":"sv-SE","potentialAction":[{"@type":"ReadAction","target":["https:\/\/mekulo.com\/se\/produkt\/fjarrkontroll-for-rullning-av-video\/"]}]},{"@type":"ImageObject","inLanguage":"sv-SE","@id":"https:\/\/mekulo.com\/se\/produkt\/fjarrkontroll-for-rullning-av-video\/#primaryimage","url":"https:\/\/mekulo.com\/se\/wp-content\/uploads\/sites\/11\/2026\/01\/0gcyvl0-1.webp","contentUrl":"https:\/\/mekulo.com\/se\/wp-content\/uploads\/sites\/11\/2026\/01\/0gcyvl0-1.webp","width":713,"height":713},{"@type":"BreadcrumbList","@id":"https:\/\/mekulo.com\/se\/produkt\/fjarrkontroll-for-rullning-av-video\/#breadcrumb","itemListElement":[{"@type":"ListItem","position":1,"name":"Home","item":"https:\/\/mekulo.com\/se\/"},{"@type":"ListItem","position":2,"name":"Butik","item":"https:\/\/mekulo.com\/se\/butik\/"},{"@type":"ListItem","position":3,"name":"Fj\u00e4rrkontroll f\u00f6r rullning av video"}]},{"@type":"WebSite","@id":"https:\/\/mekulo.com\/se\/#website","url":"https:\/\/mekulo.com\/se\/","name":"Mekulo SE","description":"","publisher":{"@id":"https:\/\/mekulo.com\/se\/#organization"},"potentialAction":[{"@type":"SearchAction","target":{"@type":"EntryPoint","urlTemplate":"https:\/\/mekulo.com\/se\/?s={search_term_string}"},"query-input":{"@type":"PropertyValueSpecification","valueRequired":true,"valueName":"search_term_string"}}],"inLanguage":"sv-SE"},{"@type":"Organization","@id":"https:\/\/mekulo.com\/se\/#organization","name":"Mekulo","url":"https:\/\/mekulo.com\/se\/","logo":{"@type":"ImageObject","inLanguage":"sv-SE","@id":"https:\/\/mekulo.com\/se\/#\/schema\/logo\/image\/","url":"https:\/\/mekulo.com\/se\/wp-content\/uploads\/sites\/11\/2025\/12\/favicon_mekulo.png","contentUrl":"https:\/\/mekulo.com\/se\/wp-content\/uploads\/sites\/11\/2025\/12\/favicon_mekulo.png","width":50,"height":50,"caption":"Mekulo"},"image":{"@id":"https:\/\/mekulo.com\/se\/#\/schema\/logo\/image\/"}}]}},"_links":{"self":[{"href":"https:\/\/mekulo.com\/se\/wp-json\/wp\/v2\/product\/16406","targetHints":{"allow":["GET"]}}],"collection":[{"href":"https:\/\/mekulo.com\/se\/wp-json\/wp\/v2\/product"}],"about":[{"href":"https:\/\/mekulo.com\/se\/wp-json\/wp\/v2\/types\/product"}],"replies":[{"embeddable":true,"href":"https:\/\/mekulo.com\/se\/wp-json\/wp\/v2\/comments?post=16406"}],"wp:featuredmedia":[{"embeddable":true,"href":"https:\/\/mekulo.com\/se\/wp-json\/wp\/v2\/media\/16402"}],"wp:attachment":[{"href":"https:\/\/mekulo.com\/se\/wp-json\/wp\/v2\/media?parent=16406"}],"wp:term":[{"taxonomy":"product_brand","embeddable":true,"href":"https:\/\/mekulo.com\/se\/wp-json\/wp\/v2\/product_brand?post=16406"},{"taxonomy":"product_cat","embeddable":true,"href":"https:\/\/mekulo.com\/se\/wp-json\/wp\/v2\/product_cat?post=16406"},{"taxonomy":"product_tag","embeddable":true,"href":"https:\/\/mekulo.com\/se\/wp-json\/wp\/v2\/product_tag?post=16406"}],"curies":[{"name":"wp","href":"https:\/\/api.w.org\/{rel}","templated":true}]}}