{"id":16360,"date":"2026-01-09T13:41:02","date_gmt":"2026-01-09T11:41:02","guid":{"rendered":"https:\/\/mekulo.com\/se\/produkt\/kryddorganisator-i-flera-lager\/"},"modified":"2026-01-09T20:34:59","modified_gmt":"2026-01-09T18:34:59","slug":"kryddorganisator-i-flera-lager","status":"publish","type":"product","link":"https:\/\/mekulo.com\/se\/produkt\/kryddorganisator-i-flera-lager\/","title":{"rendered":"Kryddorganisat\u00f6r i flera lager"},"content":{"rendered":"<p style=\"text-align: center;\" data-start=\"0\" data-end=\"82\"><strong data-start=\"0\" data-end=\"82\">H\u00e5ll alla dina kryddor fr\u00e4scha, organiserade och l\u00e4ttillg\u00e4ngliga p\u00e5 ett kompakt st\u00e4lle. \ud83e\udeda<\/strong><\/p>\n<p data-start=\"84\" data-end=\"295\"><img fetchpriority=\"high\" decoding=\"async\" class=\"size-full wp-image-48215 aligncenter\" src=\"https:\/\/keluvo.com\/template\/wp-content\/uploads\/sites\/5\/2026\/01\/122110-ezgif.com-video-to-webp-converter.webp\" alt=\"\" width=\"500\" height=\"500\" \/><\/p>\n<h2 style=\"text-align: center;\" data-start=\"302\" data-end=\"322\">Huvudsakliga f\u00f6rdelar<\/h2>\n<p data-start=\"326\" data-end=\"397\">\ud83e\uddc2 F\u00f6rvaring i flera lager &#8211; Organiserar m\u00e5nga kryddor i en kompakt l\u00e5da.<\/p>\n<p data-start=\"400\" data-end=\"462\">\ud83d\udd12 Luftt\u00e4t f\u00f6rsegling &#8211; H\u00e5ller kryddorna fr\u00e4scha och torra l\u00e4ngre.<\/p>\n<p data-start=\"465\" data-end=\"526\">\ud83e\uddfc L\u00e4tt att reng\u00f6ra &#8211; Sl\u00e4ta ytor och avtagbara lager.<\/p>\n<p data-start=\"529\" data-end=\"594\">\ud83c\udf7d\ufe0f Livsmedelsgodk\u00e4nt material &#8211; S\u00e4ker och h\u00e5llbar ABS-konstruktion.<\/p>\n<p data-start=\"597\" data-end=\"667\">\u2728 Modern design &#8211; Ger en ren och elegant touch till ditt k\u00f6k.<\/p>\n<p data-start=\"597\" data-end=\"667\"><img decoding=\"async\" class=\"size-full wp-image-48216 aligncenter\" src=\"https:\/\/keluvo.com\/template\/wp-content\/uploads\/sites\/5\/2026\/01\/12219-ezgif.com-video-to-webp-converter.webp\" alt=\"\" width=\"500\" height=\"500\" \/><\/p>\n<h2 style=\"text-align: center;\" data-start=\"674\" data-end=\"692\"><strong>Hur Man Anv\u00e4nder<\/strong><\/h2>\n<ol data-start=\"694\" data-end=\"969\">\n<li data-start=\"694\" data-end=\"752\">\n<p data-start=\"697\" data-end=\"752\">\u00d6ppna organisat\u00f6ren och separera lagren om det beh\u00f6vs.<\/p>\n<\/li>\n<li data-start=\"753\" data-end=\"815\">\n<p data-start=\"756\" data-end=\"815\">Fyll varje lager med kryddor, \u00f6rter eller sm\u00e5 ingredienser.<\/p>\n<\/li>\n<li data-start=\"816\" data-end=\"863\">\n<p data-start=\"819\" data-end=\"863\">St\u00e4ng locket ordentligt f\u00f6r att f\u00f6rsegla f\u00e4rskheten.<\/p>\n<\/li>\n<li data-start=\"864\" data-end=\"911\">\n<p data-start=\"867\" data-end=\"911\">Placera p\u00e5 en b\u00e4nkskiva eller inuti ett sk\u00e5p.<\/p>\n<\/li>\n<li data-start=\"912\" data-end=\"969\">\n<p data-start=\"915\" data-end=\"969\">\u00d6ppna enskilda lager medan du lagar mat f\u00f6r snabb \u00e5tkomst.<\/p>\n<\/li>\n<\/ol>\n<h2 style=\"text-align: center;\" data-start=\"976\" data-end=\"998\"><strong>Produktdetaljer<\/strong><\/h2>\n<ul data-start=\"1000\" data-end=\"1219\">\n<li data-start=\"1046\" data-end=\"1074\">\n<p data-start=\"1048\" data-end=\"1074\">Material: ABS av livsmedelskvalitet<\/p>\n<\/li>\n<li data-start=\"1092\" data-end=\"1131\">\n<p data-start=\"1094\" data-end=\"1131\">Design: Flerskiktad, f\u00f6rseglad f\u00f6rvaring<\/p>\n<\/li>\n<li data-start=\"1160\" data-end=\"1219\">\n<p data-start=\"1162\" data-end=\"1219\">Anv\u00e4ndning: Kryddor, \u00f6rter, vitl\u00f6k, ingef\u00e4ra, sm\u00e5 k\u00f6ksartiklar<\/p>\n<\/li>\n<li data-start=\"1160\" data-end=\"1219\">Stil: 1 lager (15 x 6,8 cm), 2 lager (15 x 12,5 cm), 3 lager (15 x 18 cm), 4 lager (15 x 24 cm), 5 lager (15 x 29,5 cm)<\/li>\n<\/ul>\n<h2 style=\"text-align: center;\" data-start=\"1226\" data-end=\"1249\"><strong>Paketet inneh\u00e5ller<\/strong><\/h2>\n<ul data-start=\"1251\" data-end=\"1284\" data-is-last-node=\"\" data-is-only-node=\"\">\n<li data-start=\"1251\" data-end=\"1284\" data-is-last-node=\"\">\n<p data-start=\"1253\" data-end=\"1284\" data-is-last-node=\"\">1x kryddf\u00f6rvaring i flera lager (1 lager, 2 lager, 3 lager, 4 lager, 5 lager.).<\/p>\n<\/li>\n<\/ul>\n","protected":false},"excerpt":{"rendered":"<p>Denna kryddf\u00f6rvaring i flera lager hj\u00e4lper dig att f\u00f6rvara och skydda kryddor, \u00f6rter och sm\u00e5 k\u00f6ksartiklar samtidigt som du sparar utrymme. Den f\u00f6rseglade designen h\u00e5ller inneh\u00e5llet fr\u00e4scht och det moderna utseendet passar perfekt in i alla k\u00f6k.<\/p>\n","protected":false},"featured_media":16356,"comment_status":"open","ping_status":"closed","template":"","meta":{"site-sidebar-layout":"default","site-content-layout":"","ast-site-content-layout":"default","site-content-style":"default","site-sidebar-style":"default","ast-global-header-display":"","ast-banner-title-visibility":"","ast-main-header-display":"","ast-hfb-above-header-display":"","ast-hfb-below-header-display":"","ast-hfb-mobile-header-display":"","site-post-title":"","ast-breadcrumbs-content":"","ast-featured-img":"","footer-sml-layout":"","theme-transparent-header-meta":"default","adv-header-id-meta":"","stick-header-meta":"","header-above-stick-meta":"","header-main-stick-meta":"","header-below-stick-meta":"","astra-migrate-meta-layouts":"set","ast-page-background-enabled":"default","ast-page-background-meta":{"desktop":{"background-color":"var(--ast-global-color-5)","background-image":"","background-repeat":"repeat","background-position":"center center","background-size":"auto","background-attachment":"scroll","background-type":"","background-media":"","overlay-type":"","overlay-color":"","overlay-opacity":"","overlay-gradient":""},"tablet":{"background-color":"","background-image":"","background-repeat":"repeat","background-position":"center center","background-size":"auto","background-attachment":"scroll","background-type":"","background-media":"","overlay-type":"","overlay-color":"","overlay-opacity":"","overlay-gradient":""},"mobile":{"background-color":"","background-image":"","background-repeat":"repeat","background-position":"center center","background-size":"auto","background-attachment":"scroll","background-type":"","background-media":"","overlay-type":"","overlay-color":"","overlay-opacity":"","overlay-gradient":""}},"ast-content-background-meta":{"desktop":{"background-color":"var(--ast-global-color-4)","background-image":"","background-repeat":"repeat","background-position":"center center","background-size":"auto","background-attachment":"scroll","background-type":"","background-media":"","overlay-type":"","overlay-color":"","overlay-opacity":"","overlay-gradient":""},"tablet":{"background-color":"var(--ast-global-color-4)","background-image":"","background-repeat":"repeat","background-position":"center center","background-size":"auto","background-attachment":"scroll","background-type":"","background-media":"","overlay-type":"","overlay-color":"","overlay-opacity":"","overlay-gradient":""},"mobile":{"background-color":"var(--ast-global-color-4)","background-image":"","background-repeat":"repeat","background-position":"center center","background-size":"auto","background-attachment":"scroll","background-type":"","background-media":"","overlay-type":"","overlay-color":"","overlay-opacity":"","overlay-gradient":""}}},"product_brand":[],"product_cat":[168],"product_tag":[],"class_list":{"0":"post-16360","1":"product","2":"type-product","3":"status-publish","4":"has-post-thumbnail","6":"product_cat-hushallsartiklar","7":"pa_66345_01u79xj6-rod","8":"pa_66345_01u79xj6-vit","9":"pa_66345_oex1iigp-1-lager","10":"pa_66345_oex1iigp-2-lager","11":"pa_66345_oex1iigp-3-lager","12":"pa_66345_oex1iigp-4-lager","13":"pa_66345_oex1iigp-5-lager","14":"desktop-align-left","15":"tablet-align-left","16":"mobile-align-left","18":"first","19":"instock","20":"shipping-taxable","21":"purchasable","22":"product-type-variable","23":"has-default-attributes"},"yoast_head":"<!-- This site is optimized with the Yoast SEO plugin v26.6 - https:\/\/yoast.com\/wordpress\/plugins\/seo\/ -->\n<title>Kryddorganisat\u00f6r i flera lager - Mekulo SE<\/title>\n<meta name=\"robots\" content=\"index, follow, max-snippet:-1, max-image-preview:large, max-video-preview:-1\" \/>\n<link rel=\"canonical\" href=\"https:\/\/mekulo.com\/se\/produkt\/kryddorganisator-i-flera-lager\/\" \/>\n<meta property=\"og:locale\" content=\"sv_SE\" \/>\n<meta property=\"og:type\" content=\"article\" \/>\n<meta property=\"og:title\" content=\"Kryddorganisat\u00f6r i flera lager - Mekulo SE\" \/>\n<meta property=\"og:description\" content=\"Denna kryddf\u00f6rvaring i flera lager hj\u00e4lper dig att f\u00f6rvara och skydda kryddor, \u00f6rter och sm\u00e5 k\u00f6ksartiklar samtidigt som du sparar utrymme. Den f\u00f6rseglade designen h\u00e5ller inneh\u00e5llet fr\u00e4scht och det moderna utseendet passar perfekt in i alla k\u00f6k.\" \/>\n<meta property=\"og:url\" content=\"https:\/\/mekulo.com\/se\/produkt\/kryddorganisator-i-flera-lager\/\" \/>\n<meta property=\"og:site_name\" content=\"Mekulo SE\" \/>\n<meta property=\"article:modified_time\" content=\"2026-01-09T18:34:59+00:00\" \/>\n<meta property=\"og:image\" content=\"https:\/\/mekulo.com\/se\/wp-content\/uploads\/sites\/11\/2026\/01\/lminsyt-1.webp\" \/>\n\t<meta property=\"og:image:width\" content=\"800\" \/>\n\t<meta property=\"og:image:height\" content=\"800\" \/>\n\t<meta property=\"og:image:type\" content=\"image\/webp\" \/>\n<meta name=\"twitter:card\" content=\"summary_large_image\" \/>\n<meta name=\"twitter:label1\" content=\"Ber\u00e4knad l\u00e4stid\" \/>\n\t<meta name=\"twitter:data1\" content=\"2 minuter\" \/>\n<script type=\"application\/ld+json\" class=\"yoast-schema-graph\">{\"@context\":\"https:\/\/schema.org\",\"@graph\":[{\"@type\":\"WebPage\",\"@id\":\"https:\/\/mekulo.com\/se\/produkt\/kryddorganisator-i-flera-lager\/\",\"url\":\"https:\/\/mekulo.com\/se\/produkt\/kryddorganisator-i-flera-lager\/\",\"name\":\"Kryddorganisat\u00f6r i flera lager - Mekulo SE\",\"isPartOf\":{\"@id\":\"https:\/\/mekulo.com\/se\/#website\"},\"primaryImageOfPage\":{\"@id\":\"https:\/\/mekulo.com\/se\/produkt\/kryddorganisator-i-flera-lager\/#primaryimage\"},\"image\":{\"@id\":\"https:\/\/mekulo.com\/se\/produkt\/kryddorganisator-i-flera-lager\/#primaryimage\"},\"thumbnailUrl\":\"https:\/\/mekulo.com\/se\/wp-content\/uploads\/sites\/11\/2026\/01\/lminsyt-1.webp\",\"datePublished\":\"2026-01-09T11:41:02+00:00\",\"dateModified\":\"2026-01-09T18:34:59+00:00\",\"breadcrumb\":{\"@id\":\"https:\/\/mekulo.com\/se\/produkt\/kryddorganisator-i-flera-lager\/#breadcrumb\"},\"inLanguage\":\"sv-SE\",\"potentialAction\":[{\"@type\":\"ReadAction\",\"target\":[\"https:\/\/mekulo.com\/se\/produkt\/kryddorganisator-i-flera-lager\/\"]}]},{\"@type\":\"ImageObject\",\"inLanguage\":\"sv-SE\",\"@id\":\"https:\/\/mekulo.com\/se\/produkt\/kryddorganisator-i-flera-lager\/#primaryimage\",\"url\":\"https:\/\/mekulo.com\/se\/wp-content\/uploads\/sites\/11\/2026\/01\/lminsyt-1.webp\",\"contentUrl\":\"https:\/\/mekulo.com\/se\/wp-content\/uploads\/sites\/11\/2026\/01\/lminsyt-1.webp\",\"width\":800,\"height\":800},{\"@type\":\"BreadcrumbList\",\"@id\":\"https:\/\/mekulo.com\/se\/produkt\/kryddorganisator-i-flera-lager\/#breadcrumb\",\"itemListElement\":[{\"@type\":\"ListItem\",\"position\":1,\"name\":\"Home\",\"item\":\"https:\/\/mekulo.com\/se\/\"},{\"@type\":\"ListItem\",\"position\":2,\"name\":\"Butik\",\"item\":\"https:\/\/mekulo.com\/se\/butik\/\"},{\"@type\":\"ListItem\",\"position\":3,\"name\":\"Kryddorganisat\u00f6r i flera lager\"}]},{\"@type\":\"WebSite\",\"@id\":\"https:\/\/mekulo.com\/se\/#website\",\"url\":\"https:\/\/mekulo.com\/se\/\",\"name\":\"Mekulo SE\",\"description\":\"\",\"publisher\":{\"@id\":\"https:\/\/mekulo.com\/se\/#organization\"},\"potentialAction\":[{\"@type\":\"SearchAction\",\"target\":{\"@type\":\"EntryPoint\",\"urlTemplate\":\"https:\/\/mekulo.com\/se\/?s={search_term_string}\"},\"query-input\":{\"@type\":\"PropertyValueSpecification\",\"valueRequired\":true,\"valueName\":\"search_term_string\"}}],\"inLanguage\":\"sv-SE\"},{\"@type\":\"Organization\",\"@id\":\"https:\/\/mekulo.com\/se\/#organization\",\"name\":\"Mekulo\",\"url\":\"https:\/\/mekulo.com\/se\/\",\"logo\":{\"@type\":\"ImageObject\",\"inLanguage\":\"sv-SE\",\"@id\":\"https:\/\/mekulo.com\/se\/#\/schema\/logo\/image\/\",\"url\":\"https:\/\/mekulo.com\/se\/wp-content\/uploads\/sites\/11\/2025\/12\/favicon_mekulo.png\",\"contentUrl\":\"https:\/\/mekulo.com\/se\/wp-content\/uploads\/sites\/11\/2025\/12\/favicon_mekulo.png\",\"width\":50,\"height\":50,\"caption\":\"Mekulo\"},\"image\":{\"@id\":\"https:\/\/mekulo.com\/se\/#\/schema\/logo\/image\/\"}}]}<\/script>\n<!-- \/ Yoast SEO plugin. -->","yoast_head_json":{"title":"Kryddorganisat\u00f6r i flera lager - Mekulo SE","robots":{"index":"index","follow":"follow","max-snippet":"max-snippet:-1","max-image-preview":"max-image-preview:large","max-video-preview":"max-video-preview:-1"},"canonical":"https:\/\/mekulo.com\/se\/produkt\/kryddorganisator-i-flera-lager\/","og_locale":"sv_SE","og_type":"article","og_title":"Kryddorganisat\u00f6r i flera lager - Mekulo SE","og_description":"Denna kryddf\u00f6rvaring i flera lager hj\u00e4lper dig att f\u00f6rvara och skydda kryddor, \u00f6rter och sm\u00e5 k\u00f6ksartiklar samtidigt som du sparar utrymme. Den f\u00f6rseglade designen h\u00e5ller inneh\u00e5llet fr\u00e4scht och det moderna utseendet passar perfekt in i alla k\u00f6k.","og_url":"https:\/\/mekulo.com\/se\/produkt\/kryddorganisator-i-flera-lager\/","og_site_name":"Mekulo SE","article_modified_time":"2026-01-09T18:34:59+00:00","og_image":[{"width":800,"height":800,"url":"https:\/\/mekulo.com\/se\/wp-content\/uploads\/sites\/11\/2026\/01\/lminsyt-1.webp","type":"image\/webp"}],"twitter_card":"summary_large_image","twitter_misc":{"Ber\u00e4knad l\u00e4stid":"2 minuter"},"schema":{"@context":"https:\/\/schema.org","@graph":[{"@type":"WebPage","@id":"https:\/\/mekulo.com\/se\/produkt\/kryddorganisator-i-flera-lager\/","url":"https:\/\/mekulo.com\/se\/produkt\/kryddorganisator-i-flera-lager\/","name":"Kryddorganisat\u00f6r i flera lager - Mekulo SE","isPartOf":{"@id":"https:\/\/mekulo.com\/se\/#website"},"primaryImageOfPage":{"@id":"https:\/\/mekulo.com\/se\/produkt\/kryddorganisator-i-flera-lager\/#primaryimage"},"image":{"@id":"https:\/\/mekulo.com\/se\/produkt\/kryddorganisator-i-flera-lager\/#primaryimage"},"thumbnailUrl":"https:\/\/mekulo.com\/se\/wp-content\/uploads\/sites\/11\/2026\/01\/lminsyt-1.webp","datePublished":"2026-01-09T11:41:02+00:00","dateModified":"2026-01-09T18:34:59+00:00","breadcrumb":{"@id":"https:\/\/mekulo.com\/se\/produkt\/kryddorganisator-i-flera-lager\/#breadcrumb"},"inLanguage":"sv-SE","potentialAction":[{"@type":"ReadAction","target":["https:\/\/mekulo.com\/se\/produkt\/kryddorganisator-i-flera-lager\/"]}]},{"@type":"ImageObject","inLanguage":"sv-SE","@id":"https:\/\/mekulo.com\/se\/produkt\/kryddorganisator-i-flera-lager\/#primaryimage","url":"https:\/\/mekulo.com\/se\/wp-content\/uploads\/sites\/11\/2026\/01\/lminsyt-1.webp","contentUrl":"https:\/\/mekulo.com\/se\/wp-content\/uploads\/sites\/11\/2026\/01\/lminsyt-1.webp","width":800,"height":800},{"@type":"BreadcrumbList","@id":"https:\/\/mekulo.com\/se\/produkt\/kryddorganisator-i-flera-lager\/#breadcrumb","itemListElement":[{"@type":"ListItem","position":1,"name":"Home","item":"https:\/\/mekulo.com\/se\/"},{"@type":"ListItem","position":2,"name":"Butik","item":"https:\/\/mekulo.com\/se\/butik\/"},{"@type":"ListItem","position":3,"name":"Kryddorganisat\u00f6r i flera lager"}]},{"@type":"WebSite","@id":"https:\/\/mekulo.com\/se\/#website","url":"https:\/\/mekulo.com\/se\/","name":"Mekulo SE","description":"","publisher":{"@id":"https:\/\/mekulo.com\/se\/#organization"},"potentialAction":[{"@type":"SearchAction","target":{"@type":"EntryPoint","urlTemplate":"https:\/\/mekulo.com\/se\/?s={search_term_string}"},"query-input":{"@type":"PropertyValueSpecification","valueRequired":true,"valueName":"search_term_string"}}],"inLanguage":"sv-SE"},{"@type":"Organization","@id":"https:\/\/mekulo.com\/se\/#organization","name":"Mekulo","url":"https:\/\/mekulo.com\/se\/","logo":{"@type":"ImageObject","inLanguage":"sv-SE","@id":"https:\/\/mekulo.com\/se\/#\/schema\/logo\/image\/","url":"https:\/\/mekulo.com\/se\/wp-content\/uploads\/sites\/11\/2025\/12\/favicon_mekulo.png","contentUrl":"https:\/\/mekulo.com\/se\/wp-content\/uploads\/sites\/11\/2025\/12\/favicon_mekulo.png","width":50,"height":50,"caption":"Mekulo"},"image":{"@id":"https:\/\/mekulo.com\/se\/#\/schema\/logo\/image\/"}}]}},"_links":{"self":[{"href":"https:\/\/mekulo.com\/se\/wp-json\/wp\/v2\/product\/16360","targetHints":{"allow":["GET"]}}],"collection":[{"href":"https:\/\/mekulo.com\/se\/wp-json\/wp\/v2\/product"}],"about":[{"href":"https:\/\/mekulo.com\/se\/wp-json\/wp\/v2\/types\/product"}],"replies":[{"embeddable":true,"href":"https:\/\/mekulo.com\/se\/wp-json\/wp\/v2\/comments?post=16360"}],"wp:featuredmedia":[{"embeddable":true,"href":"https:\/\/mekulo.com\/se\/wp-json\/wp\/v2\/media\/16356"}],"wp:attachment":[{"href":"https:\/\/mekulo.com\/se\/wp-json\/wp\/v2\/media?parent=16360"}],"wp:term":[{"taxonomy":"product_brand","embeddable":true,"href":"https:\/\/mekulo.com\/se\/wp-json\/wp\/v2\/product_brand?post=16360"},{"taxonomy":"product_cat","embeddable":true,"href":"https:\/\/mekulo.com\/se\/wp-json\/wp\/v2\/product_cat?post=16360"},{"taxonomy":"product_tag","embeddable":true,"href":"https:\/\/mekulo.com\/se\/wp-json\/wp\/v2\/product_tag?post=16360"}],"curies":[{"name":"wp","href":"https:\/\/api.w.org\/{rel}","templated":true}]}}