{"id":16323,"date":"2026-01-09T13:38:56","date_gmt":"2026-01-09T11:38:56","guid":{"rendered":"https:\/\/mekulo.com\/se\/produkt\/hallningskorrigerande-beha\/"},"modified":"2026-01-09T20:32:50","modified_gmt":"2026-01-09T18:32:50","slug":"hallningskorrigerande-beha","status":"publish","type":"product","link":"https:\/\/mekulo.com\/se\/produkt\/hallningskorrigerande-beha\/","title":{"rendered":"H\u00e5llningskorrigerande beh\u00e5"},"content":{"rendered":"<p style=\"text-align: center;\" data-start=\"0\" data-end=\"65\"><strong data-start=\"0\" data-end=\"65\">K\u00e4nn Dig St\u00f6dd, Lyft Och Rakare Hela Dagen &#8211; Utan Tr\u00e5dar. \ud83d\udc67<\/strong><img fetchpriority=\"high\" decoding=\"async\" class=\" wp-image-48155 aligncenter\" src=\"https:\/\/keluvo.com\/template\/wp-content\/uploads\/sites\/5\/2026\/01\/08af0965797dfcb0b40a0e79847dd332f508f243.webp\" alt=\"\" width=\"500\" height=\"500\" \/><\/p>\n<h2 style=\"text-align: center;\" data-start=\"325\" data-end=\"345\">\ud83c\udf1f Huvudsakliga f\u00f6rdelar<\/h2>\n<p data-start=\"349\" data-end=\"427\">\ud83e\uddcd\u200d\u2640\ufe0f F\u00f6rb\u00e4ttrar h\u00e5llningen &#8211; Inbyggda ryggpaneler drar f\u00f6rsiktigt tillbaka axlarna.<\/p>\n<p data-start=\"430\" data-end=\"494\">\ud83c\udfaf Tr\u00e5dl\u00f6s hiss &#8211; Naturlig formning utan sm\u00e4rta fr\u00e5n byglar.<\/p>\n<p data-start=\"497\" data-end=\"555\">\ud83d\udd17 Sp\u00e4nne p\u00e5 framsidan &#8211; L\u00e4tt att ta p\u00e5 och av.<\/p>\n<p data-start=\"558\" data-end=\"618\">\ud83c\udf2c\ufe0f Andningsbart tyg &#8211; H\u00e5ller dig sval och torr hela dagen.<\/p>\n<p data-start=\"621\" data-end=\"674\">\ud83d\udc57 S\u00f6ml\u00f6s under kl\u00e4der &#8211; Inga linjer, inga utbuktningar.<\/p>\n<p data-start=\"677\" data-end=\"739\">\ud83d\ude0c Komfort hela dagen &#8211; Mjuk, stretchig och inte begr\u00e4nsande.<\/p>\n<p data-start=\"677\" data-end=\"739\"><img decoding=\"async\" class=\"size-full wp-image-48156 aligncenter\" src=\"https:\/\/keluvo.com\/template\/wp-content\/uploads\/sites\/5\/2026\/01\/12214-ezgif.com-video-to-webp-converter.webp\" alt=\"\" width=\"500\" height=\"500\" \/><\/p>\n<h2 style=\"text-align: center;\" data-start=\"746\" data-end=\"763\">\ud83d\udc5a Hur Man Anv\u00e4nder<\/h2>\n<ol data-start=\"765\" data-end=\"974\">\n<li data-start=\"765\" data-end=\"813\">\n<p data-start=\"768\" data-end=\"813\">Slipa in armarna i remmarna som en v\u00e4st.<\/p>\n<\/li>\n<li data-start=\"814\" data-end=\"855\">\n<p data-start=\"817\" data-end=\"855\">F\u00e4st det fr\u00e4mre sp\u00e4nnet bekv\u00e4mt.<\/p>\n<\/li>\n<li data-start=\"856\" data-end=\"917\">\n<p data-start=\"859\" data-end=\"917\">Justera beh\u00e5n s\u00e5 att den sitter j\u00e4mnt p\u00e5 ryggen och br\u00f6stet.<\/p>\n<\/li>\n<li data-start=\"918\" data-end=\"974\">\n<p data-start=\"921\" data-end=\"974\">Njut av b\u00e4ttre h\u00e5llning och bekv\u00e4mt st\u00f6d hela dagen.<\/p>\n<\/li>\n<\/ol>\n<h2 style=\"text-align: center;\" data-start=\"981\" data-end=\"1003\">\ud83d\udccf Produktdetaljer<\/h2>\n<ul data-start=\"1005\" data-end=\"1401\">\n<li data-start=\"1055\" data-end=\"1084\">\n<p data-start=\"1057\" data-end=\"1084\">Material: Spandex + Nylon<\/p>\n<\/li>\n<li data-start=\"1085\" data-end=\"1107\">\n<p data-start=\"1087\" data-end=\"1107\">Kupstorlekar: M &#8211; 5XL<\/p>\n<\/li>\n<li data-start=\"1108\" data-end=\"1266\">\n<p data-start=\"1110\" data-end=\"1123\">Bandstorlekar: <span style=\"font-size: 16px;\">M: 32\/70 ABC, <\/span><span style=\"font-size: 16px;\">L: 34\/75 ABC, <\/span><span style=\"font-size: 16px;\">XL: 36\/80 ABC, <\/span><span style=\"font-size: 16px;\">2XL: 38\/85 ABC, <\/span><span style=\"font-size: 16px;\">3XL: 40\/90 ABC, <\/span><span style=\"font-size: 16px;\">4XL: 42\/95 ABC, <\/span><span style=\"font-size: 16px;\">5XL: 44\/100 ABC<\/span><\/p>\n<\/li>\n<li data-start=\"1267\" data-end=\"1325\">\n<p data-start=\"1269\" data-end=\"1325\">Clossning: Sp\u00e4nne framtill med tre krok- och \u00f6gonkn\u00e4ppningar<\/p>\n<\/li>\n<li data-start=\"1351\" data-end=\"1401\">\n<p data-start=\"1353\" data-end=\"1401\">Design: Tr\u00e5dl\u00f6s, s\u00f6ml\u00f6s, h\u00e5llningsst\u00f6djande<\/p>\n<\/li>\n<\/ul>\n<h2 style=\"text-align: center;\" data-start=\"1408\" data-end=\"1431\">\ud83d\udce6 F\u00f6rpackningen inneh\u00e5ller<\/h2>\n<ul data-start=\"1433\" data-end=\"1470\" data-is-last-node=\"\" data-is-only-node=\"\">\n<li data-start=\"1433\" data-end=\"1470\" data-is-last-node=\"\">\n<p data-start=\"1435\" data-end=\"1470\" data-is-last-node=\"\">1x h\u00e5llningskorrigerande bh.<\/p>\n<\/li>\n<\/ul>\n","protected":false},"excerpt":{"rendered":"<p style=\"text-align: left;\" data-start=\"67\" data-end=\"318\">Den h\u00e4r h\u00e5llningskorrigerande beh\u00e5n ger ryggen ett skonsamt st\u00f6d samtidigt som den lyfter och formar bysten f\u00f6r en naturlig och sj\u00e4lvs\u00e4ker look. Den \u00e4r utformad f\u00f6r vardagskomfort och hj\u00e4lper dig att st\u00e5 l\u00e4ngre samtidigt som den k\u00e4nns l\u00e4tt, andas och \u00e4r s\u00e4ker under alla kl\u00e4der.<\/p>\n<p data-start=\"67\" data-end=\"318\">\n","protected":false},"featured_media":16319,"comment_status":"open","ping_status":"closed","template":"","meta":{"site-sidebar-layout":"default","site-content-layout":"","ast-site-content-layout":"default","site-content-style":"default","site-sidebar-style":"default","ast-global-header-display":"","ast-banner-title-visibility":"","ast-main-header-display":"","ast-hfb-above-header-display":"","ast-hfb-below-header-display":"","ast-hfb-mobile-header-display":"","site-post-title":"","ast-breadcrumbs-content":"","ast-featured-img":"","footer-sml-layout":"","theme-transparent-header-meta":"default","adv-header-id-meta":"","stick-header-meta":"","header-above-stick-meta":"","header-main-stick-meta":"","header-below-stick-meta":"","astra-migrate-meta-layouts":"set","ast-page-background-enabled":"default","ast-page-background-meta":{"desktop":{"background-color":"var(--ast-global-color-5)","background-image":"","background-repeat":"repeat","background-position":"center center","background-size":"auto","background-attachment":"scroll","background-type":"","background-media":"","overlay-type":"","overlay-color":"","overlay-opacity":"","overlay-gradient":""},"tablet":{"background-color":"","background-image":"","background-repeat":"repeat","background-position":"center center","background-size":"auto","background-attachment":"scroll","background-type":"","background-media":"","overlay-type":"","overlay-color":"","overlay-opacity":"","overlay-gradient":""},"mobile":{"background-color":"","background-image":"","background-repeat":"repeat","background-position":"center center","background-size":"auto","background-attachment":"scroll","background-type":"","background-media":"","overlay-type":"","overlay-color":"","overlay-opacity":"","overlay-gradient":""}},"ast-content-background-meta":{"desktop":{"background-color":"var(--ast-global-color-4)","background-image":"","background-repeat":"repeat","background-position":"center center","background-size":"auto","background-attachment":"scroll","background-type":"","background-media":"","overlay-type":"","overlay-color":"","overlay-opacity":"","overlay-gradient":""},"tablet":{"background-color":"var(--ast-global-color-4)","background-image":"","background-repeat":"repeat","background-position":"center center","background-size":"auto","background-attachment":"scroll","background-type":"","background-media":"","overlay-type":"","overlay-color":"","overlay-opacity":"","overlay-gradient":""},"mobile":{"background-color":"var(--ast-global-color-4)","background-image":"","background-repeat":"repeat","background-position":"center center","background-size":"auto","background-attachment":"scroll","background-type":"","background-media":"","overlay-type":"","overlay-color":"","overlay-opacity":"","overlay-gradient":""}}},"product_brand":[],"product_cat":[165],"product_tag":[],"class_list":{"0":"post-16323","1":"product","2":"type-product","3":"status-publish","4":"has-post-thumbnail","6":"product_cat-skor-accessoarer","7":"pa_66117_192oettj-3xl","8":"pa_66117_192oettj-4xl","9":"pa_66117_192oettj-5xl","10":"pa_66117_192oettj-l","11":"pa_66117_192oettj-m","12":"pa_66117_192oettj-xl","13":"pa_66117_192oettj-xxl","14":"pa_66117_z0ht1h4d-beige","15":"pa_66117_z0ht1h4d-svart","16":"desktop-align-left","17":"tablet-align-left","18":"mobile-align-left","20":"first","21":"instock","22":"shipping-taxable","23":"purchasable","24":"product-type-variable","25":"has-default-attributes"},"yoast_head":"<!-- This site is optimized with the Yoast SEO plugin v26.6 - https:\/\/yoast.com\/wordpress\/plugins\/seo\/ -->\n<title>H\u00e5llningskorrigerande beh\u00e5 - Mekulo SE<\/title>\n<meta name=\"robots\" content=\"index, follow, max-snippet:-1, max-image-preview:large, max-video-preview:-1\" \/>\n<link rel=\"canonical\" href=\"https:\/\/mekulo.com\/se\/produkt\/hallningskorrigerande-beha\/\" \/>\n<meta property=\"og:locale\" content=\"sv_SE\" \/>\n<meta property=\"og:type\" content=\"article\" \/>\n<meta property=\"og:title\" content=\"H\u00e5llningskorrigerande beh\u00e5 - Mekulo SE\" \/>\n<meta property=\"og:description\" content=\"Den h\u00e4r h\u00e5llningskorrigerande beh\u00e5n ger ryggen ett skonsamt st\u00f6d samtidigt som den lyfter och formar bysten f\u00f6r en naturlig och sj\u00e4lvs\u00e4ker look. Den \u00e4r utformad f\u00f6r vardagskomfort och hj\u00e4lper dig att st\u00e5 l\u00e4ngre samtidigt som den k\u00e4nns l\u00e4tt, andas och \u00e4r s\u00e4ker under alla kl\u00e4der.\" \/>\n<meta property=\"og:url\" content=\"https:\/\/mekulo.com\/se\/produkt\/hallningskorrigerande-beha\/\" \/>\n<meta property=\"og:site_name\" content=\"Mekulo SE\" \/>\n<meta property=\"article:modified_time\" content=\"2026-01-09T18:32:50+00:00\" \/>\n<meta property=\"og:image\" content=\"https:\/\/mekulo.com\/se\/wp-content\/uploads\/sites\/11\/2026\/01\/nyt0xh8-1.jpg\" \/>\n\t<meta property=\"og:image:width\" content=\"1080\" \/>\n\t<meta property=\"og:image:height\" content=\"1080\" \/>\n\t<meta property=\"og:image:type\" content=\"image\/jpeg\" \/>\n<meta name=\"twitter:card\" content=\"summary_large_image\" \/>\n<meta name=\"twitter:label1\" content=\"Ber\u00e4knad l\u00e4stid\" \/>\n\t<meta name=\"twitter:data1\" content=\"2 minuter\" \/>\n<script type=\"application\/ld+json\" class=\"yoast-schema-graph\">{\"@context\":\"https:\/\/schema.org\",\"@graph\":[{\"@type\":\"WebPage\",\"@id\":\"https:\/\/mekulo.com\/se\/produkt\/hallningskorrigerande-beha\/\",\"url\":\"https:\/\/mekulo.com\/se\/produkt\/hallningskorrigerande-beha\/\",\"name\":\"H\u00e5llningskorrigerande beh\u00e5 - Mekulo SE\",\"isPartOf\":{\"@id\":\"https:\/\/mekulo.com\/se\/#website\"},\"primaryImageOfPage\":{\"@id\":\"https:\/\/mekulo.com\/se\/produkt\/hallningskorrigerande-beha\/#primaryimage\"},\"image\":{\"@id\":\"https:\/\/mekulo.com\/se\/produkt\/hallningskorrigerande-beha\/#primaryimage\"},\"thumbnailUrl\":\"https:\/\/mekulo.com\/se\/wp-content\/uploads\/sites\/11\/2026\/01\/nyt0xh8-1.jpg\",\"datePublished\":\"2026-01-09T11:38:56+00:00\",\"dateModified\":\"2026-01-09T18:32:50+00:00\",\"breadcrumb\":{\"@id\":\"https:\/\/mekulo.com\/se\/produkt\/hallningskorrigerande-beha\/#breadcrumb\"},\"inLanguage\":\"sv-SE\",\"potentialAction\":[{\"@type\":\"ReadAction\",\"target\":[\"https:\/\/mekulo.com\/se\/produkt\/hallningskorrigerande-beha\/\"]}]},{\"@type\":\"ImageObject\",\"inLanguage\":\"sv-SE\",\"@id\":\"https:\/\/mekulo.com\/se\/produkt\/hallningskorrigerande-beha\/#primaryimage\",\"url\":\"https:\/\/mekulo.com\/se\/wp-content\/uploads\/sites\/11\/2026\/01\/nyt0xh8-1.jpg\",\"contentUrl\":\"https:\/\/mekulo.com\/se\/wp-content\/uploads\/sites\/11\/2026\/01\/nyt0xh8-1.jpg\",\"width\":1080,\"height\":1080},{\"@type\":\"BreadcrumbList\",\"@id\":\"https:\/\/mekulo.com\/se\/produkt\/hallningskorrigerande-beha\/#breadcrumb\",\"itemListElement\":[{\"@type\":\"ListItem\",\"position\":1,\"name\":\"Home\",\"item\":\"https:\/\/mekulo.com\/se\/\"},{\"@type\":\"ListItem\",\"position\":2,\"name\":\"Butik\",\"item\":\"https:\/\/mekulo.com\/se\/butik\/\"},{\"@type\":\"ListItem\",\"position\":3,\"name\":\"H\u00e5llningskorrigerande beh\u00e5\"}]},{\"@type\":\"WebSite\",\"@id\":\"https:\/\/mekulo.com\/se\/#website\",\"url\":\"https:\/\/mekulo.com\/se\/\",\"name\":\"Mekulo SE\",\"description\":\"\",\"publisher\":{\"@id\":\"https:\/\/mekulo.com\/se\/#organization\"},\"potentialAction\":[{\"@type\":\"SearchAction\",\"target\":{\"@type\":\"EntryPoint\",\"urlTemplate\":\"https:\/\/mekulo.com\/se\/?s={search_term_string}\"},\"query-input\":{\"@type\":\"PropertyValueSpecification\",\"valueRequired\":true,\"valueName\":\"search_term_string\"}}],\"inLanguage\":\"sv-SE\"},{\"@type\":\"Organization\",\"@id\":\"https:\/\/mekulo.com\/se\/#organization\",\"name\":\"Mekulo\",\"url\":\"https:\/\/mekulo.com\/se\/\",\"logo\":{\"@type\":\"ImageObject\",\"inLanguage\":\"sv-SE\",\"@id\":\"https:\/\/mekulo.com\/se\/#\/schema\/logo\/image\/\",\"url\":\"https:\/\/mekulo.com\/se\/wp-content\/uploads\/sites\/11\/2025\/12\/favicon_mekulo.png\",\"contentUrl\":\"https:\/\/mekulo.com\/se\/wp-content\/uploads\/sites\/11\/2025\/12\/favicon_mekulo.png\",\"width\":50,\"height\":50,\"caption\":\"Mekulo\"},\"image\":{\"@id\":\"https:\/\/mekulo.com\/se\/#\/schema\/logo\/image\/\"}}]}<\/script>\n<!-- \/ Yoast SEO plugin. -->","yoast_head_json":{"title":"H\u00e5llningskorrigerande beh\u00e5 - Mekulo SE","robots":{"index":"index","follow":"follow","max-snippet":"max-snippet:-1","max-image-preview":"max-image-preview:large","max-video-preview":"max-video-preview:-1"},"canonical":"https:\/\/mekulo.com\/se\/produkt\/hallningskorrigerande-beha\/","og_locale":"sv_SE","og_type":"article","og_title":"H\u00e5llningskorrigerande beh\u00e5 - Mekulo SE","og_description":"Den h\u00e4r h\u00e5llningskorrigerande beh\u00e5n ger ryggen ett skonsamt st\u00f6d samtidigt som den lyfter och formar bysten f\u00f6r en naturlig och sj\u00e4lvs\u00e4ker look. Den \u00e4r utformad f\u00f6r vardagskomfort och hj\u00e4lper dig att st\u00e5 l\u00e4ngre samtidigt som den k\u00e4nns l\u00e4tt, andas och \u00e4r s\u00e4ker under alla kl\u00e4der.","og_url":"https:\/\/mekulo.com\/se\/produkt\/hallningskorrigerande-beha\/","og_site_name":"Mekulo SE","article_modified_time":"2026-01-09T18:32:50+00:00","og_image":[{"width":1080,"height":1080,"url":"https:\/\/mekulo.com\/se\/wp-content\/uploads\/sites\/11\/2026\/01\/nyt0xh8-1.jpg","type":"image\/jpeg"}],"twitter_card":"summary_large_image","twitter_misc":{"Ber\u00e4knad l\u00e4stid":"2 minuter"},"schema":{"@context":"https:\/\/schema.org","@graph":[{"@type":"WebPage","@id":"https:\/\/mekulo.com\/se\/produkt\/hallningskorrigerande-beha\/","url":"https:\/\/mekulo.com\/se\/produkt\/hallningskorrigerande-beha\/","name":"H\u00e5llningskorrigerande beh\u00e5 - Mekulo SE","isPartOf":{"@id":"https:\/\/mekulo.com\/se\/#website"},"primaryImageOfPage":{"@id":"https:\/\/mekulo.com\/se\/produkt\/hallningskorrigerande-beha\/#primaryimage"},"image":{"@id":"https:\/\/mekulo.com\/se\/produkt\/hallningskorrigerande-beha\/#primaryimage"},"thumbnailUrl":"https:\/\/mekulo.com\/se\/wp-content\/uploads\/sites\/11\/2026\/01\/nyt0xh8-1.jpg","datePublished":"2026-01-09T11:38:56+00:00","dateModified":"2026-01-09T18:32:50+00:00","breadcrumb":{"@id":"https:\/\/mekulo.com\/se\/produkt\/hallningskorrigerande-beha\/#breadcrumb"},"inLanguage":"sv-SE","potentialAction":[{"@type":"ReadAction","target":["https:\/\/mekulo.com\/se\/produkt\/hallningskorrigerande-beha\/"]}]},{"@type":"ImageObject","inLanguage":"sv-SE","@id":"https:\/\/mekulo.com\/se\/produkt\/hallningskorrigerande-beha\/#primaryimage","url":"https:\/\/mekulo.com\/se\/wp-content\/uploads\/sites\/11\/2026\/01\/nyt0xh8-1.jpg","contentUrl":"https:\/\/mekulo.com\/se\/wp-content\/uploads\/sites\/11\/2026\/01\/nyt0xh8-1.jpg","width":1080,"height":1080},{"@type":"BreadcrumbList","@id":"https:\/\/mekulo.com\/se\/produkt\/hallningskorrigerande-beha\/#breadcrumb","itemListElement":[{"@type":"ListItem","position":1,"name":"Home","item":"https:\/\/mekulo.com\/se\/"},{"@type":"ListItem","position":2,"name":"Butik","item":"https:\/\/mekulo.com\/se\/butik\/"},{"@type":"ListItem","position":3,"name":"H\u00e5llningskorrigerande beh\u00e5"}]},{"@type":"WebSite","@id":"https:\/\/mekulo.com\/se\/#website","url":"https:\/\/mekulo.com\/se\/","name":"Mekulo SE","description":"","publisher":{"@id":"https:\/\/mekulo.com\/se\/#organization"},"potentialAction":[{"@type":"SearchAction","target":{"@type":"EntryPoint","urlTemplate":"https:\/\/mekulo.com\/se\/?s={search_term_string}"},"query-input":{"@type":"PropertyValueSpecification","valueRequired":true,"valueName":"search_term_string"}}],"inLanguage":"sv-SE"},{"@type":"Organization","@id":"https:\/\/mekulo.com\/se\/#organization","name":"Mekulo","url":"https:\/\/mekulo.com\/se\/","logo":{"@type":"ImageObject","inLanguage":"sv-SE","@id":"https:\/\/mekulo.com\/se\/#\/schema\/logo\/image\/","url":"https:\/\/mekulo.com\/se\/wp-content\/uploads\/sites\/11\/2025\/12\/favicon_mekulo.png","contentUrl":"https:\/\/mekulo.com\/se\/wp-content\/uploads\/sites\/11\/2025\/12\/favicon_mekulo.png","width":50,"height":50,"caption":"Mekulo"},"image":{"@id":"https:\/\/mekulo.com\/se\/#\/schema\/logo\/image\/"}}]}},"_links":{"self":[{"href":"https:\/\/mekulo.com\/se\/wp-json\/wp\/v2\/product\/16323","targetHints":{"allow":["GET"]}}],"collection":[{"href":"https:\/\/mekulo.com\/se\/wp-json\/wp\/v2\/product"}],"about":[{"href":"https:\/\/mekulo.com\/se\/wp-json\/wp\/v2\/types\/product"}],"replies":[{"embeddable":true,"href":"https:\/\/mekulo.com\/se\/wp-json\/wp\/v2\/comments?post=16323"}],"wp:featuredmedia":[{"embeddable":true,"href":"https:\/\/mekulo.com\/se\/wp-json\/wp\/v2\/media\/16319"}],"wp:attachment":[{"href":"https:\/\/mekulo.com\/se\/wp-json\/wp\/v2\/media?parent=16323"}],"wp:term":[{"taxonomy":"product_brand","embeddable":true,"href":"https:\/\/mekulo.com\/se\/wp-json\/wp\/v2\/product_brand?post=16323"},{"taxonomy":"product_cat","embeddable":true,"href":"https:\/\/mekulo.com\/se\/wp-json\/wp\/v2\/product_cat?post=16323"},{"taxonomy":"product_tag","embeddable":true,"href":"https:\/\/mekulo.com\/se\/wp-json\/wp\/v2\/product_tag?post=16323"}],"curies":[{"name":"wp","href":"https:\/\/api.w.org\/{rel}","templated":true}]}}