{"id":16226,"date":"2026-01-09T13:32:43","date_gmt":"2026-01-09T11:32:43","guid":{"rendered":"https:\/\/mekulo.com\/se\/produkt\/resvaska-med-stor-kapacitet-for-flera-resor\/"},"modified":"2026-01-09T20:22:59","modified_gmt":"2026-01-09T18:22:59","slug":"resvaska-med-stor-kapacitet-for-flera-resor","status":"publish","type":"product","link":"https:\/\/mekulo.com\/se\/produkt\/resvaska-med-stor-kapacitet-for-flera-resor\/","title":{"rendered":"Resv\u00e4ska med stor kapacitet f\u00f6r flera resor"},"content":{"rendered":"<div class=\"flex max-w-full flex-col grow\">\n<div class=\"min-h-8 text-message relative flex w-full flex-col items-end gap-2 text-start break-words whitespace-normal [.text-message+&amp;]:mt-1\" dir=\"auto\" data-message-author-role=\"assistant\" data-message-id=\"f4d4b13c-df73-40f3-916e-07fd2497e5cb\" data-message-model-slug=\"gpt-5-2\">\n<div class=\"flex w-full flex-col gap-1 empty:hidden first:pt-[1px]\">\n<div class=\"markdown prose dark:prose-invert w-full break-words light markdown-new-styling\">\n<p style=\"text-align: center;\" data-start=\"0\" data-end=\"72\"><strong data-start=\"0\" data-end=\"72\">Ta Med Dig Allt Du Beh\u00f6ver I En Snygg Och Bekv\u00e4m Resv\u00e4ska. \ud83d\udc5c<\/strong><\/p>\n<p data-start=\"74\" data-end=\"333\"><img fetchpriority=\"high\" decoding=\"async\" class=\" wp-image-48056 aligncenter\" src=\"https:\/\/keluvo.com\/template\/wp-content\/uploads\/sites\/5\/2026\/01\/399fc6b60d33b4f77404947348f273e063258211326021005538273EN29cce7a2541c09a96ab34a2966ac532aa.gif\" alt=\"\" width=\"503\" height=\"660\" \/><\/p>\n<h2 style=\"text-align: center;\" data-start=\"340\" data-end=\"360\">Huvudsakliga f\u00f6rdelar<\/h2>\n<p data-start=\"364\" data-end=\"448\">\ud83e\uddf3 Stor f\u00f6rvaringskapacitet &#8211; Passar kl\u00e4der, b\u00f6cker, prylar och dagliga n\u00f6dv\u00e4ndigheter.<\/p>\n<p data-start=\"451\" data-end=\"514\">\ud83d\udd10 Dold blixtl\u00e5sficka &#8211; H\u00e5ller v\u00e4rdesaker s\u00e4kra och s\u00e4kra.<\/p>\n<p data-start=\"517\" data-end=\"590\">\ud83d\udcaa Mjuk men robust &#8211; Bekv\u00e4m att b\u00e4ra, tillr\u00e4ckligt stark f\u00f6r resor.<\/p>\n<p data-start=\"593\" data-end=\"656\">\ud83e\uddf5 Slitstarkt oxfordtyg &#8211; Motst\u00e5r slitage \u00f6ver tid.<\/p>\n<p data-start=\"659\" data-end=\"729\">\ud83c\udfa8 Trendig design &#8211; Kontrasterande f\u00e4rger ger en modern modetouch.<\/p>\n<p data-start=\"732\" data-end=\"803\">\ud83d\udc57 Koreansk stil &#8211; Snyggt val f\u00f6r vardag och resa.<\/p>\n<p data-start=\"732\" data-end=\"803\"><img decoding=\"async\" class=\" wp-image-48055 aligncenter\" src=\"https:\/\/keluvo.com\/template\/wp-content\/uploads\/sites\/5\/2026\/01\/cc0e71049551b51f8608b3bd445878c063258211326021005538273EN25cd6a063c51df65aa0d61bbfd9882874.gif\" alt=\"\" width=\"499\" height=\"654\" \/><\/p>\n<h2 style=\"text-align: center;\" data-start=\"810\" data-end=\"827\"><strong data-start=\"810\" data-end=\"827\">Anv\u00e4ndning<\/strong><\/h2>\n<ol data-start=\"829\" data-end=\"1082\">\n<li data-start=\"829\" data-end=\"881\">\n<p data-start=\"832\" data-end=\"881\">\u00d6ppna huvudfacket f\u00f6r att packa st\u00f6rre saker.<\/p>\n<\/li>\n<li data-start=\"882\" data-end=\"931\">\n<p data-start=\"885\" data-end=\"931\">F\u00f6rvara v\u00e4rdesaker i den dolda blixtl\u00e5sfickan.<\/p>\n<\/li>\n<li data-start=\"932\" data-end=\"977\">\n<p data-start=\"935\" data-end=\"977\">Justera remmarna f\u00f6r en bekv\u00e4m passform.<\/p>\n<\/li>\n<li data-start=\"978\" data-end=\"1027\">\n<p data-start=\"981\" data-end=\"1027\">Dra \u00e5t alla fack ordentligt innan du flyttar.<\/p>\n<\/li>\n<li data-start=\"1028\" data-end=\"1082\">\n<p data-start=\"1031\" data-end=\"1082\">Anv\u00e4nd den f\u00f6r resor, skola, arbete eller avslappnade utflykter.<\/p>\n<\/li>\n<\/ol>\n<h2 style=\"text-align: center;\" data-start=\"1089\" data-end=\"1111\"><strong data-start=\"1089\" data-end=\"1111\">Produktdetaljer<\/strong><\/h2>\n<ul data-start=\"1113\" data-end=\"1405\">\n<li data-start=\"1163\" data-end=\"1189\">\n<p data-start=\"1165\" data-end=\"1189\">Material: Oxford-tyg<\/p>\n<\/li>\n<li data-start=\"1190\" data-end=\"1244\">\n<p data-start=\"1192\" data-end=\"1244\">Struktur: Huvudfack + dold blixtl\u00e5sficka<\/p>\n<\/li>\n<li data-start=\"1245\" data-end=\"1299\">\n<p data-start=\"1247\" data-end=\"1299\">Designstil: Koreansk stil med kontrasterande f\u00e4rger<\/p>\n<\/li>\n<li data-start=\"1300\" data-end=\"1345\">\n<p data-start=\"1302\" data-end=\"1345\">Textur: Mjuk k\u00e4nsla med robust h\u00e5llbarhet<\/p>\n<\/li>\n<li data-start=\"1346\" data-end=\"1405\">\n<p data-start=\"1348\" data-end=\"1405\">L\u00e4mplig f\u00f6r: Resor, daglig anv\u00e4ndning, skola, avslappnade utflykter<\/p>\n<\/li>\n<li data-start=\"1346\" data-end=\"1405\">Storlek: 25 x 36 x 12 cm<\/li>\n<\/ul>\n<h2 style=\"text-align: center;\" data-start=\"1412\" data-end=\"1435\"><strong data-start=\"1412\" data-end=\"1435\">Paketet inneh\u00e5ller<\/strong><\/h2>\n<ul data-start=\"1437\" data-end=\"1474\" data-is-last-node=\"\" data-is-only-node=\"\">\n<li data-start=\"1437\" data-end=\"1474\" data-is-last-node=\"\">\n<p data-start=\"1439\" data-end=\"1474\" data-is-last-node=\"\">1x multiresv\u00e4ska med stor kapacitet.<\/p>\n<\/li>\n<\/ul>\n<\/div>\n<\/div>\n<\/div>\n<\/div>\n","protected":false},"excerpt":{"rendered":"<p>Denna resv\u00e4ska med stor kapacitet \u00e4r utformad f\u00f6r att rymma alla dina dagliga och reseviktiga saker p\u00e5 ett och samma st\u00e4lle. Med en smart intern layout, slitstarkt Oxford-tyg och en trendig koreansk design \u00e4r den perfekt f\u00f6r fritidsresor, skola, arbete eller vardagsutflykter.<\/p>\n","protected":false},"featured_media":16222,"comment_status":"open","ping_status":"closed","template":"","meta":{"site-sidebar-layout":"default","site-content-layout":"","ast-site-content-layout":"default","site-content-style":"default","site-sidebar-style":"default","ast-global-header-display":"","ast-banner-title-visibility":"","ast-main-header-display":"","ast-hfb-above-header-display":"","ast-hfb-below-header-display":"","ast-hfb-mobile-header-display":"","site-post-title":"","ast-breadcrumbs-content":"","ast-featured-img":"","footer-sml-layout":"","theme-transparent-header-meta":"default","adv-header-id-meta":"","stick-header-meta":"","header-above-stick-meta":"","header-main-stick-meta":"","header-below-stick-meta":"","astra-migrate-meta-layouts":"set","ast-page-background-enabled":"default","ast-page-background-meta":{"desktop":{"background-color":"var(--ast-global-color-5)","background-image":"","background-repeat":"repeat","background-position":"center center","background-size":"auto","background-attachment":"scroll","background-type":"","background-media":"","overlay-type":"","overlay-color":"","overlay-opacity":"","overlay-gradient":""},"tablet":{"background-color":"","background-image":"","background-repeat":"repeat","background-position":"center center","background-size":"auto","background-attachment":"scroll","background-type":"","background-media":"","overlay-type":"","overlay-color":"","overlay-opacity":"","overlay-gradient":""},"mobile":{"background-color":"","background-image":"","background-repeat":"repeat","background-position":"center center","background-size":"auto","background-attachment":"scroll","background-type":"","background-media":"","overlay-type":"","overlay-color":"","overlay-opacity":"","overlay-gradient":""}},"ast-content-background-meta":{"desktop":{"background-color":"var(--ast-global-color-4)","background-image":"","background-repeat":"repeat","background-position":"center center","background-size":"auto","background-attachment":"scroll","background-type":"","background-media":"","overlay-type":"","overlay-color":"","overlay-opacity":"","overlay-gradient":""},"tablet":{"background-color":"var(--ast-global-color-4)","background-image":"","background-repeat":"repeat","background-position":"center center","background-size":"auto","background-attachment":"scroll","background-type":"","background-media":"","overlay-type":"","overlay-color":"","overlay-opacity":"","overlay-gradient":""},"mobile":{"background-color":"var(--ast-global-color-4)","background-image":"","background-repeat":"repeat","background-position":"center center","background-size":"auto","background-attachment":"scroll","background-type":"","background-media":"","overlay-type":"","overlay-color":"","overlay-opacity":"","overlay-gradient":""}}},"product_brand":[],"product_cat":[165],"product_tag":[],"class_list":{"0":"post-16226","1":"product","2":"type-product","3":"status-publish","4":"has-post-thumbnail","6":"product_cat-skor-accessoarer","7":"pa_66065_zzol5n3o-orange","8":"pa_66065_zzol5n3o-svart","9":"pa_66065_zzol5n3o-vit","10":"desktop-align-left","11":"tablet-align-left","12":"mobile-align-left","14":"first","15":"instock","16":"shipping-taxable","17":"purchasable","18":"product-type-variable"},"yoast_head":"<!-- This site is optimized with the Yoast SEO plugin v26.6 - https:\/\/yoast.com\/wordpress\/plugins\/seo\/ -->\n<title>Resv\u00e4ska med stor kapacitet f\u00f6r flera resor - Mekulo SE<\/title>\n<meta name=\"robots\" content=\"index, follow, max-snippet:-1, max-image-preview:large, max-video-preview:-1\" \/>\n<link rel=\"canonical\" href=\"https:\/\/mekulo.com\/se\/produkt\/resvaska-med-stor-kapacitet-for-flera-resor\/\" \/>\n<meta property=\"og:locale\" content=\"sv_SE\" \/>\n<meta property=\"og:type\" content=\"article\" \/>\n<meta property=\"og:title\" content=\"Resv\u00e4ska med stor kapacitet f\u00f6r flera resor - Mekulo SE\" \/>\n<meta property=\"og:description\" content=\"Denna resv\u00e4ska med stor kapacitet \u00e4r utformad f\u00f6r att rymma alla dina dagliga och reseviktiga saker p\u00e5 ett och samma st\u00e4lle. Med en smart intern layout, slitstarkt Oxford-tyg och en trendig koreansk design \u00e4r den perfekt f\u00f6r fritidsresor, skola, arbete eller vardagsutflykter.\" \/>\n<meta property=\"og:url\" content=\"https:\/\/mekulo.com\/se\/produkt\/resvaska-med-stor-kapacitet-for-flera-resor\/\" \/>\n<meta property=\"og:site_name\" content=\"Mekulo SE\" \/>\n<meta property=\"article:modified_time\" content=\"2026-01-09T18:22:59+00:00\" \/>\n<meta property=\"og:image\" content=\"https:\/\/mekulo.com\/se\/wp-content\/uploads\/sites\/11\/2026\/01\/6434btn-1.jpg\" \/>\n\t<meta property=\"og:image:width\" content=\"800\" \/>\n\t<meta property=\"og:image:height\" content=\"800\" \/>\n\t<meta property=\"og:image:type\" content=\"image\/jpeg\" \/>\n<meta name=\"twitter:card\" content=\"summary_large_image\" \/>\n<meta name=\"twitter:label1\" content=\"Ber\u00e4knad l\u00e4stid\" \/>\n\t<meta name=\"twitter:data1\" content=\"2 minuter\" \/>\n<script type=\"application\/ld+json\" class=\"yoast-schema-graph\">{\"@context\":\"https:\/\/schema.org\",\"@graph\":[{\"@type\":\"WebPage\",\"@id\":\"https:\/\/mekulo.com\/se\/produkt\/resvaska-med-stor-kapacitet-for-flera-resor\/\",\"url\":\"https:\/\/mekulo.com\/se\/produkt\/resvaska-med-stor-kapacitet-for-flera-resor\/\",\"name\":\"Resv\u00e4ska med stor kapacitet f\u00f6r flera resor - Mekulo SE\",\"isPartOf\":{\"@id\":\"https:\/\/mekulo.com\/se\/#website\"},\"primaryImageOfPage\":{\"@id\":\"https:\/\/mekulo.com\/se\/produkt\/resvaska-med-stor-kapacitet-for-flera-resor\/#primaryimage\"},\"image\":{\"@id\":\"https:\/\/mekulo.com\/se\/produkt\/resvaska-med-stor-kapacitet-for-flera-resor\/#primaryimage\"},\"thumbnailUrl\":\"https:\/\/mekulo.com\/se\/wp-content\/uploads\/sites\/11\/2026\/01\/6434btn-1.jpg\",\"datePublished\":\"2026-01-09T11:32:43+00:00\",\"dateModified\":\"2026-01-09T18:22:59+00:00\",\"breadcrumb\":{\"@id\":\"https:\/\/mekulo.com\/se\/produkt\/resvaska-med-stor-kapacitet-for-flera-resor\/#breadcrumb\"},\"inLanguage\":\"sv-SE\",\"potentialAction\":[{\"@type\":\"ReadAction\",\"target\":[\"https:\/\/mekulo.com\/se\/produkt\/resvaska-med-stor-kapacitet-for-flera-resor\/\"]}]},{\"@type\":\"ImageObject\",\"inLanguage\":\"sv-SE\",\"@id\":\"https:\/\/mekulo.com\/se\/produkt\/resvaska-med-stor-kapacitet-for-flera-resor\/#primaryimage\",\"url\":\"https:\/\/mekulo.com\/se\/wp-content\/uploads\/sites\/11\/2026\/01\/6434btn-1.jpg\",\"contentUrl\":\"https:\/\/mekulo.com\/se\/wp-content\/uploads\/sites\/11\/2026\/01\/6434btn-1.jpg\",\"width\":800,\"height\":800},{\"@type\":\"BreadcrumbList\",\"@id\":\"https:\/\/mekulo.com\/se\/produkt\/resvaska-med-stor-kapacitet-for-flera-resor\/#breadcrumb\",\"itemListElement\":[{\"@type\":\"ListItem\",\"position\":1,\"name\":\"Home\",\"item\":\"https:\/\/mekulo.com\/se\/\"},{\"@type\":\"ListItem\",\"position\":2,\"name\":\"Butik\",\"item\":\"https:\/\/mekulo.com\/se\/butik\/\"},{\"@type\":\"ListItem\",\"position\":3,\"name\":\"Resv\u00e4ska med stor kapacitet f\u00f6r flera resor\"}]},{\"@type\":\"WebSite\",\"@id\":\"https:\/\/mekulo.com\/se\/#website\",\"url\":\"https:\/\/mekulo.com\/se\/\",\"name\":\"Mekulo SE\",\"description\":\"\",\"publisher\":{\"@id\":\"https:\/\/mekulo.com\/se\/#organization\"},\"potentialAction\":[{\"@type\":\"SearchAction\",\"target\":{\"@type\":\"EntryPoint\",\"urlTemplate\":\"https:\/\/mekulo.com\/se\/?s={search_term_string}\"},\"query-input\":{\"@type\":\"PropertyValueSpecification\",\"valueRequired\":true,\"valueName\":\"search_term_string\"}}],\"inLanguage\":\"sv-SE\"},{\"@type\":\"Organization\",\"@id\":\"https:\/\/mekulo.com\/se\/#organization\",\"name\":\"Mekulo\",\"url\":\"https:\/\/mekulo.com\/se\/\",\"logo\":{\"@type\":\"ImageObject\",\"inLanguage\":\"sv-SE\",\"@id\":\"https:\/\/mekulo.com\/se\/#\/schema\/logo\/image\/\",\"url\":\"https:\/\/mekulo.com\/se\/wp-content\/uploads\/sites\/11\/2025\/12\/favicon_mekulo.png\",\"contentUrl\":\"https:\/\/mekulo.com\/se\/wp-content\/uploads\/sites\/11\/2025\/12\/favicon_mekulo.png\",\"width\":50,\"height\":50,\"caption\":\"Mekulo\"},\"image\":{\"@id\":\"https:\/\/mekulo.com\/se\/#\/schema\/logo\/image\/\"}}]}<\/script>\n<!-- \/ Yoast SEO plugin. -->","yoast_head_json":{"title":"Resv\u00e4ska med stor kapacitet f\u00f6r flera resor - Mekulo SE","robots":{"index":"index","follow":"follow","max-snippet":"max-snippet:-1","max-image-preview":"max-image-preview:large","max-video-preview":"max-video-preview:-1"},"canonical":"https:\/\/mekulo.com\/se\/produkt\/resvaska-med-stor-kapacitet-for-flera-resor\/","og_locale":"sv_SE","og_type":"article","og_title":"Resv\u00e4ska med stor kapacitet f\u00f6r flera resor - Mekulo SE","og_description":"Denna resv\u00e4ska med stor kapacitet \u00e4r utformad f\u00f6r att rymma alla dina dagliga och reseviktiga saker p\u00e5 ett och samma st\u00e4lle. Med en smart intern layout, slitstarkt Oxford-tyg och en trendig koreansk design \u00e4r den perfekt f\u00f6r fritidsresor, skola, arbete eller vardagsutflykter.","og_url":"https:\/\/mekulo.com\/se\/produkt\/resvaska-med-stor-kapacitet-for-flera-resor\/","og_site_name":"Mekulo SE","article_modified_time":"2026-01-09T18:22:59+00:00","og_image":[{"width":800,"height":800,"url":"https:\/\/mekulo.com\/se\/wp-content\/uploads\/sites\/11\/2026\/01\/6434btn-1.jpg","type":"image\/jpeg"}],"twitter_card":"summary_large_image","twitter_misc":{"Ber\u00e4knad l\u00e4stid":"2 minuter"},"schema":{"@context":"https:\/\/schema.org","@graph":[{"@type":"WebPage","@id":"https:\/\/mekulo.com\/se\/produkt\/resvaska-med-stor-kapacitet-for-flera-resor\/","url":"https:\/\/mekulo.com\/se\/produkt\/resvaska-med-stor-kapacitet-for-flera-resor\/","name":"Resv\u00e4ska med stor kapacitet f\u00f6r flera resor - Mekulo SE","isPartOf":{"@id":"https:\/\/mekulo.com\/se\/#website"},"primaryImageOfPage":{"@id":"https:\/\/mekulo.com\/se\/produkt\/resvaska-med-stor-kapacitet-for-flera-resor\/#primaryimage"},"image":{"@id":"https:\/\/mekulo.com\/se\/produkt\/resvaska-med-stor-kapacitet-for-flera-resor\/#primaryimage"},"thumbnailUrl":"https:\/\/mekulo.com\/se\/wp-content\/uploads\/sites\/11\/2026\/01\/6434btn-1.jpg","datePublished":"2026-01-09T11:32:43+00:00","dateModified":"2026-01-09T18:22:59+00:00","breadcrumb":{"@id":"https:\/\/mekulo.com\/se\/produkt\/resvaska-med-stor-kapacitet-for-flera-resor\/#breadcrumb"},"inLanguage":"sv-SE","potentialAction":[{"@type":"ReadAction","target":["https:\/\/mekulo.com\/se\/produkt\/resvaska-med-stor-kapacitet-for-flera-resor\/"]}]},{"@type":"ImageObject","inLanguage":"sv-SE","@id":"https:\/\/mekulo.com\/se\/produkt\/resvaska-med-stor-kapacitet-for-flera-resor\/#primaryimage","url":"https:\/\/mekulo.com\/se\/wp-content\/uploads\/sites\/11\/2026\/01\/6434btn-1.jpg","contentUrl":"https:\/\/mekulo.com\/se\/wp-content\/uploads\/sites\/11\/2026\/01\/6434btn-1.jpg","width":800,"height":800},{"@type":"BreadcrumbList","@id":"https:\/\/mekulo.com\/se\/produkt\/resvaska-med-stor-kapacitet-for-flera-resor\/#breadcrumb","itemListElement":[{"@type":"ListItem","position":1,"name":"Home","item":"https:\/\/mekulo.com\/se\/"},{"@type":"ListItem","position":2,"name":"Butik","item":"https:\/\/mekulo.com\/se\/butik\/"},{"@type":"ListItem","position":3,"name":"Resv\u00e4ska med stor kapacitet f\u00f6r flera resor"}]},{"@type":"WebSite","@id":"https:\/\/mekulo.com\/se\/#website","url":"https:\/\/mekulo.com\/se\/","name":"Mekulo SE","description":"","publisher":{"@id":"https:\/\/mekulo.com\/se\/#organization"},"potentialAction":[{"@type":"SearchAction","target":{"@type":"EntryPoint","urlTemplate":"https:\/\/mekulo.com\/se\/?s={search_term_string}"},"query-input":{"@type":"PropertyValueSpecification","valueRequired":true,"valueName":"search_term_string"}}],"inLanguage":"sv-SE"},{"@type":"Organization","@id":"https:\/\/mekulo.com\/se\/#organization","name":"Mekulo","url":"https:\/\/mekulo.com\/se\/","logo":{"@type":"ImageObject","inLanguage":"sv-SE","@id":"https:\/\/mekulo.com\/se\/#\/schema\/logo\/image\/","url":"https:\/\/mekulo.com\/se\/wp-content\/uploads\/sites\/11\/2025\/12\/favicon_mekulo.png","contentUrl":"https:\/\/mekulo.com\/se\/wp-content\/uploads\/sites\/11\/2025\/12\/favicon_mekulo.png","width":50,"height":50,"caption":"Mekulo"},"image":{"@id":"https:\/\/mekulo.com\/se\/#\/schema\/logo\/image\/"}}]}},"_links":{"self":[{"href":"https:\/\/mekulo.com\/se\/wp-json\/wp\/v2\/product\/16226","targetHints":{"allow":["GET"]}}],"collection":[{"href":"https:\/\/mekulo.com\/se\/wp-json\/wp\/v2\/product"}],"about":[{"href":"https:\/\/mekulo.com\/se\/wp-json\/wp\/v2\/types\/product"}],"replies":[{"embeddable":true,"href":"https:\/\/mekulo.com\/se\/wp-json\/wp\/v2\/comments?post=16226"}],"wp:featuredmedia":[{"embeddable":true,"href":"https:\/\/mekulo.com\/se\/wp-json\/wp\/v2\/media\/16222"}],"wp:attachment":[{"href":"https:\/\/mekulo.com\/se\/wp-json\/wp\/v2\/media?parent=16226"}],"wp:term":[{"taxonomy":"product_brand","embeddable":true,"href":"https:\/\/mekulo.com\/se\/wp-json\/wp\/v2\/product_brand?post=16226"},{"taxonomy":"product_cat","embeddable":true,"href":"https:\/\/mekulo.com\/se\/wp-json\/wp\/v2\/product_cat?post=16226"},{"taxonomy":"product_tag","embeddable":true,"href":"https:\/\/mekulo.com\/se\/wp-json\/wp\/v2\/product_tag?post=16226"}],"curies":[{"name":"wp","href":"https:\/\/api.w.org\/{rel}","templated":true}]}}