{"id":16091,"date":"2026-01-09T13:22:05","date_gmt":"2026-01-09T11:22:05","guid":{"rendered":"https:\/\/mekulo.com\/se\/produkt\/nyckel-for-overtrycksventil\/"},"modified":"2026-01-09T20:05:55","modified_gmt":"2026-01-09T18:05:55","slug":"nyckel-for-overtrycksventil","status":"publish","type":"product","link":"https:\/\/mekulo.com\/se\/produkt\/nyckel-for-overtrycksventil\/","title":{"rendered":"Nyckel f\u00f6r \u00f6vertrycksventil"},"content":{"rendered":"<p style=\"text-align: center;\" data-start=\"34\" data-end=\"105\"><strong data-start=\"34\" data-end=\"105\">\u00d6ppna tryckventiler s\u00e4kert och enkelt med ett kompakt verktyg. \ud83d\udd29<\/strong><\/p>\n<p data-start=\"107\" data-end=\"363\"><img fetchpriority=\"high\" decoding=\"async\" class=\"size-full wp-image-47834 aligncenter\" src=\"https:\/\/keluvo.com\/template\/wp-content\/uploads\/sites\/5\/2025\/12\/122121-ezgif.com-video-to-webp-converter-1-1.webp\" alt=\"\" width=\"500\" height=\"500\" \/><\/p>\n<h2 style=\"text-align: center;\" data-start=\"370\" data-end=\"392\">Huvudsakliga f\u00f6rdelar<\/h2>\n<p data-start=\"395\" data-end=\"468\">\ud83d\udcaa Enkel ventil\u00f6ppning &#8211; Passar tryckventiler med 24-50 mm diameter.<\/p>\n<p data-start=\"471\" data-end=\"540\">\u2699\ufe0f Kuggnyckeldesign &#8211; T\u00e4tt grepp f\u00f6r smidig, arbetsbesparande anv\u00e4ndning.<\/p>\n<p data-start=\"543\" data-end=\"613\">\ud83d\udee1\ufe0f Dubbelt skydd &#8211; Inre och yttre bafflar f\u00f6rhindrar glidning.<\/p>\n<p data-start=\"616\" data-end=\"684\">\ud83d\udd29 H\u00e5llbara material &#8211; Legeringskropp med ABS-handtag f\u00f6r l\u00e5ng anv\u00e4ndning.<\/p>\n<p data-start=\"687\" data-end=\"757\">\ud83e\uddf2 Rostbest\u00e4ndigt skaft &#8211; Ren koppark\u00e4rna f\u00f6r \u00f6kad tillf\u00f6rlitlighet.<\/p>\n<p data-start=\"760\" data-end=\"832\">\ud83c\udf7e 3-i-1-funktion &#8211; \u00d6ppnar ventiler, kapsyler och kn\u00e4cker valn\u00f6tter.<\/p>\n<p data-start=\"760\" data-end=\"832\"><img decoding=\"async\" class=\"size-full wp-image-47836 aligncenter\" src=\"https:\/\/keluvo.com\/template\/wp-content\/uploads\/sites\/5\/2025\/12\/122121-ezgif.com-video-to-webp-converter-2.webp\" alt=\"\" width=\"500\" height=\"500\" \/><\/p>\n<h2 style=\"text-align: center;\" data-start=\"839\" data-end=\"858\"><strong>Anv\u00e4ndning<\/strong><\/h2>\n<ol data-start=\"859\" data-end=\"1097\">\n<li data-start=\"859\" data-end=\"912\">\n<p data-start=\"862\" data-end=\"912\">Placera skiftnyckeln \u00f6ver \u00f6vertrycksventilen.<\/p>\n<\/li>\n<li data-start=\"913\" data-end=\"966\">\n<p data-start=\"916\" data-end=\"966\">Justera tills den sitter ordentligt p\u00e5 ventilens l\u00f6pare.<\/p>\n<\/li>\n<li data-start=\"967\" data-end=\"1018\">\n<p data-start=\"970\" data-end=\"1018\">Vrid p\u00e5 skiftnyckeln f\u00f6r att lossa eller ta bort ventilen.<\/p>\n<\/li>\n<li data-start=\"1019\" data-end=\"1097\">\n<p data-start=\"1022\" data-end=\"1097\">F\u00f6r andra anv\u00e4ndningsomr\u00e5den, placera den p\u00e5 kapsyler eller valn\u00f6tter och tryck.<\/p>\n<\/li>\n<\/ol>\n<h2 style=\"text-align: center;\" data-start=\"1104\" data-end=\"1128\"><strong>Produktdetaljer<\/strong><\/h2>\n<ul data-start=\"1129\" data-end=\"1398\">\n<li data-start=\"1185\" data-end=\"1237\">\n<p data-start=\"1187\" data-end=\"1237\">Material: Legeringskropp + ABS-handtag + kopparaxel<\/p>\n<\/li>\n<li data-start=\"1238\" data-end=\"1281\">\n<p data-start=\"1240\" data-end=\"1281\">L\u00e4ngd: Ca 18 cm<\/p>\n<\/li>\n<li data-start=\"1282\" data-end=\"1321\">\n<p data-start=\"1284\" data-end=\"1321\">Kompatibel ventildiameter: 24-50 mm<\/p>\n<\/li>\n<li data-start=\"1339\" data-end=\"1398\">\n<p data-start=\"1341\" data-end=\"1398\">Funktioner: Ventilborttagning, flask\u00f6ppnare, valn\u00f6tskn\u00e4ckare<\/p>\n<\/li>\n<\/ul>\n<h2 style=\"text-align: center;\" data-start=\"1405\" data-end=\"1430\"><strong>F\u00f6rpackningen inneh\u00e5ller<\/strong><\/h2>\n<ul data-start=\"1431\" data-end=\"1467\">\n<li data-start=\"1431\" data-end=\"1467\">\n<p data-start=\"1433\" data-end=\"1467\">1 nyckel f\u00f6r \u00f6vertrycksventil.<\/p>\n<\/li>\n<\/ul>\n","protected":false},"excerpt":{"rendered":"<p>Denna multifunktionella nyckel f\u00f6r tryckbegr\u00e4nsningsventiler \u00e4r utformad f\u00f6r att passa t\u00e4tt p\u00e5 ventiler, vilket g\u00f6r det snabbt och enkelt att \u00f6ppna och ta bort tryckregulatorer. Den smarta kugghjulsdesignen och de starka materialen hj\u00e4lper dig att spara tid, anstr\u00e4ngning och handkraft vid daglig anv\u00e4ndning. Ett praktiskt och h\u00e5llbart verktyg f\u00f6r ventilarbete och vardagliga uppgifter.<\/p>\n","protected":false},"featured_media":16087,"comment_status":"open","ping_status":"closed","template":"","meta":{"site-sidebar-layout":"default","site-content-layout":"","ast-site-content-layout":"default","site-content-style":"default","site-sidebar-style":"default","ast-global-header-display":"","ast-banner-title-visibility":"","ast-main-header-display":"","ast-hfb-above-header-display":"","ast-hfb-below-header-display":"","ast-hfb-mobile-header-display":"","site-post-title":"","ast-breadcrumbs-content":"","ast-featured-img":"","footer-sml-layout":"","theme-transparent-header-meta":"default","adv-header-id-meta":"","stick-header-meta":"","header-above-stick-meta":"","header-main-stick-meta":"","header-below-stick-meta":"","astra-migrate-meta-layouts":"set","ast-page-background-enabled":"default","ast-page-background-meta":{"desktop":{"background-color":"var(--ast-global-color-5)","background-image":"","background-repeat":"repeat","background-position":"center center","background-size":"auto","background-attachment":"scroll","background-type":"","background-media":"","overlay-type":"","overlay-color":"","overlay-opacity":"","overlay-gradient":""},"tablet":{"background-color":"","background-image":"","background-repeat":"repeat","background-position":"center center","background-size":"auto","background-attachment":"scroll","background-type":"","background-media":"","overlay-type":"","overlay-color":"","overlay-opacity":"","overlay-gradient":""},"mobile":{"background-color":"","background-image":"","background-repeat":"repeat","background-position":"center center","background-size":"auto","background-attachment":"scroll","background-type":"","background-media":"","overlay-type":"","overlay-color":"","overlay-opacity":"","overlay-gradient":""}},"ast-content-background-meta":{"desktop":{"background-color":"var(--ast-global-color-4)","background-image":"","background-repeat":"repeat","background-position":"center center","background-size":"auto","background-attachment":"scroll","background-type":"","background-media":"","overlay-type":"","overlay-color":"","overlay-opacity":"","overlay-gradient":""},"tablet":{"background-color":"var(--ast-global-color-4)","background-image":"","background-repeat":"repeat","background-position":"center center","background-size":"auto","background-attachment":"scroll","background-type":"","background-media":"","overlay-type":"","overlay-color":"","overlay-opacity":"","overlay-gradient":""},"mobile":{"background-color":"var(--ast-global-color-4)","background-image":"","background-repeat":"repeat","background-position":"center center","background-size":"auto","background-attachment":"scroll","background-type":"","background-media":"","overlay-type":"","overlay-color":"","overlay-opacity":"","overlay-gradient":""}}},"product_brand":[],"product_cat":[171],"product_tag":[],"class_list":{"0":"post-16091","1":"product","2":"type-product","3":"status-publish","4":"has-post-thumbnail","6":"product_cat-verktyg","7":"pa_65572_73vmr4lq-bla","8":"pa_65572_73vmr4lq-svart","9":"desktop-align-left","10":"tablet-align-left","11":"mobile-align-left","13":"first","14":"instock","15":"shipping-taxable","16":"purchasable","17":"product-type-variable"},"yoast_head":"<!-- This site is optimized with the Yoast SEO plugin v26.6 - https:\/\/yoast.com\/wordpress\/plugins\/seo\/ -->\n<title>Nyckel f\u00f6r \u00f6vertrycksventil - Mekulo SE<\/title>\n<meta name=\"robots\" content=\"index, follow, max-snippet:-1, max-image-preview:large, max-video-preview:-1\" \/>\n<link rel=\"canonical\" href=\"https:\/\/mekulo.com\/se\/produkt\/nyckel-for-overtrycksventil\/\" \/>\n<meta property=\"og:locale\" content=\"sv_SE\" \/>\n<meta property=\"og:type\" content=\"article\" \/>\n<meta property=\"og:title\" content=\"Nyckel f\u00f6r \u00f6vertrycksventil - Mekulo SE\" \/>\n<meta property=\"og:description\" content=\"Denna multifunktionella nyckel f\u00f6r tryckbegr\u00e4nsningsventiler \u00e4r utformad f\u00f6r att passa t\u00e4tt p\u00e5 ventiler, vilket g\u00f6r det snabbt och enkelt att \u00f6ppna och ta bort tryckregulatorer. Den smarta kugghjulsdesignen och de starka materialen hj\u00e4lper dig att spara tid, anstr\u00e4ngning och handkraft vid daglig anv\u00e4ndning. Ett praktiskt och h\u00e5llbart verktyg f\u00f6r ventilarbete och vardagliga uppgifter.\" \/>\n<meta property=\"og:url\" content=\"https:\/\/mekulo.com\/se\/produkt\/nyckel-for-overtrycksventil\/\" \/>\n<meta property=\"og:site_name\" content=\"Mekulo SE\" \/>\n<meta property=\"article:modified_time\" content=\"2026-01-09T18:05:55+00:00\" \/>\n<meta property=\"og:image\" content=\"https:\/\/mekulo.com\/se\/wp-content\/uploads\/sites\/11\/2026\/01\/330zequ-1.jpg\" \/>\n\t<meta property=\"og:image:width\" content=\"1080\" \/>\n\t<meta property=\"og:image:height\" content=\"1080\" \/>\n\t<meta property=\"og:image:type\" content=\"image\/jpeg\" \/>\n<meta name=\"twitter:card\" content=\"summary_large_image\" \/>\n<meta name=\"twitter:label1\" content=\"Ber\u00e4knad l\u00e4stid\" \/>\n\t<meta name=\"twitter:data1\" content=\"2 minuter\" \/>\n<script type=\"application\/ld+json\" class=\"yoast-schema-graph\">{\"@context\":\"https:\/\/schema.org\",\"@graph\":[{\"@type\":\"WebPage\",\"@id\":\"https:\/\/mekulo.com\/se\/produkt\/nyckel-for-overtrycksventil\/\",\"url\":\"https:\/\/mekulo.com\/se\/produkt\/nyckel-for-overtrycksventil\/\",\"name\":\"Nyckel f\u00f6r \u00f6vertrycksventil - Mekulo SE\",\"isPartOf\":{\"@id\":\"https:\/\/mekulo.com\/se\/#website\"},\"primaryImageOfPage\":{\"@id\":\"https:\/\/mekulo.com\/se\/produkt\/nyckel-for-overtrycksventil\/#primaryimage\"},\"image\":{\"@id\":\"https:\/\/mekulo.com\/se\/produkt\/nyckel-for-overtrycksventil\/#primaryimage\"},\"thumbnailUrl\":\"https:\/\/mekulo.com\/se\/wp-content\/uploads\/sites\/11\/2026\/01\/330zequ-1.jpg\",\"datePublished\":\"2026-01-09T11:22:05+00:00\",\"dateModified\":\"2026-01-09T18:05:55+00:00\",\"breadcrumb\":{\"@id\":\"https:\/\/mekulo.com\/se\/produkt\/nyckel-for-overtrycksventil\/#breadcrumb\"},\"inLanguage\":\"sv-SE\",\"potentialAction\":[{\"@type\":\"ReadAction\",\"target\":[\"https:\/\/mekulo.com\/se\/produkt\/nyckel-for-overtrycksventil\/\"]}]},{\"@type\":\"ImageObject\",\"inLanguage\":\"sv-SE\",\"@id\":\"https:\/\/mekulo.com\/se\/produkt\/nyckel-for-overtrycksventil\/#primaryimage\",\"url\":\"https:\/\/mekulo.com\/se\/wp-content\/uploads\/sites\/11\/2026\/01\/330zequ-1.jpg\",\"contentUrl\":\"https:\/\/mekulo.com\/se\/wp-content\/uploads\/sites\/11\/2026\/01\/330zequ-1.jpg\",\"width\":1080,\"height\":1080},{\"@type\":\"BreadcrumbList\",\"@id\":\"https:\/\/mekulo.com\/se\/produkt\/nyckel-for-overtrycksventil\/#breadcrumb\",\"itemListElement\":[{\"@type\":\"ListItem\",\"position\":1,\"name\":\"Home\",\"item\":\"https:\/\/mekulo.com\/se\/\"},{\"@type\":\"ListItem\",\"position\":2,\"name\":\"Butik\",\"item\":\"https:\/\/mekulo.com\/se\/butik\/\"},{\"@type\":\"ListItem\",\"position\":3,\"name\":\"Nyckel f\u00f6r \u00f6vertrycksventil\"}]},{\"@type\":\"WebSite\",\"@id\":\"https:\/\/mekulo.com\/se\/#website\",\"url\":\"https:\/\/mekulo.com\/se\/\",\"name\":\"Mekulo SE\",\"description\":\"\",\"publisher\":{\"@id\":\"https:\/\/mekulo.com\/se\/#organization\"},\"potentialAction\":[{\"@type\":\"SearchAction\",\"target\":{\"@type\":\"EntryPoint\",\"urlTemplate\":\"https:\/\/mekulo.com\/se\/?s={search_term_string}\"},\"query-input\":{\"@type\":\"PropertyValueSpecification\",\"valueRequired\":true,\"valueName\":\"search_term_string\"}}],\"inLanguage\":\"sv-SE\"},{\"@type\":\"Organization\",\"@id\":\"https:\/\/mekulo.com\/se\/#organization\",\"name\":\"Mekulo\",\"url\":\"https:\/\/mekulo.com\/se\/\",\"logo\":{\"@type\":\"ImageObject\",\"inLanguage\":\"sv-SE\",\"@id\":\"https:\/\/mekulo.com\/se\/#\/schema\/logo\/image\/\",\"url\":\"https:\/\/mekulo.com\/se\/wp-content\/uploads\/sites\/11\/2025\/12\/favicon_mekulo.png\",\"contentUrl\":\"https:\/\/mekulo.com\/se\/wp-content\/uploads\/sites\/11\/2025\/12\/favicon_mekulo.png\",\"width\":50,\"height\":50,\"caption\":\"Mekulo\"},\"image\":{\"@id\":\"https:\/\/mekulo.com\/se\/#\/schema\/logo\/image\/\"}}]}<\/script>\n<!-- \/ Yoast SEO plugin. -->","yoast_head_json":{"title":"Nyckel f\u00f6r \u00f6vertrycksventil - Mekulo SE","robots":{"index":"index","follow":"follow","max-snippet":"max-snippet:-1","max-image-preview":"max-image-preview:large","max-video-preview":"max-video-preview:-1"},"canonical":"https:\/\/mekulo.com\/se\/produkt\/nyckel-for-overtrycksventil\/","og_locale":"sv_SE","og_type":"article","og_title":"Nyckel f\u00f6r \u00f6vertrycksventil - Mekulo SE","og_description":"Denna multifunktionella nyckel f\u00f6r tryckbegr\u00e4nsningsventiler \u00e4r utformad f\u00f6r att passa t\u00e4tt p\u00e5 ventiler, vilket g\u00f6r det snabbt och enkelt att \u00f6ppna och ta bort tryckregulatorer. Den smarta kugghjulsdesignen och de starka materialen hj\u00e4lper dig att spara tid, anstr\u00e4ngning och handkraft vid daglig anv\u00e4ndning. Ett praktiskt och h\u00e5llbart verktyg f\u00f6r ventilarbete och vardagliga uppgifter.","og_url":"https:\/\/mekulo.com\/se\/produkt\/nyckel-for-overtrycksventil\/","og_site_name":"Mekulo SE","article_modified_time":"2026-01-09T18:05:55+00:00","og_image":[{"width":1080,"height":1080,"url":"https:\/\/mekulo.com\/se\/wp-content\/uploads\/sites\/11\/2026\/01\/330zequ-1.jpg","type":"image\/jpeg"}],"twitter_card":"summary_large_image","twitter_misc":{"Ber\u00e4knad l\u00e4stid":"2 minuter"},"schema":{"@context":"https:\/\/schema.org","@graph":[{"@type":"WebPage","@id":"https:\/\/mekulo.com\/se\/produkt\/nyckel-for-overtrycksventil\/","url":"https:\/\/mekulo.com\/se\/produkt\/nyckel-for-overtrycksventil\/","name":"Nyckel f\u00f6r \u00f6vertrycksventil - Mekulo SE","isPartOf":{"@id":"https:\/\/mekulo.com\/se\/#website"},"primaryImageOfPage":{"@id":"https:\/\/mekulo.com\/se\/produkt\/nyckel-for-overtrycksventil\/#primaryimage"},"image":{"@id":"https:\/\/mekulo.com\/se\/produkt\/nyckel-for-overtrycksventil\/#primaryimage"},"thumbnailUrl":"https:\/\/mekulo.com\/se\/wp-content\/uploads\/sites\/11\/2026\/01\/330zequ-1.jpg","datePublished":"2026-01-09T11:22:05+00:00","dateModified":"2026-01-09T18:05:55+00:00","breadcrumb":{"@id":"https:\/\/mekulo.com\/se\/produkt\/nyckel-for-overtrycksventil\/#breadcrumb"},"inLanguage":"sv-SE","potentialAction":[{"@type":"ReadAction","target":["https:\/\/mekulo.com\/se\/produkt\/nyckel-for-overtrycksventil\/"]}]},{"@type":"ImageObject","inLanguage":"sv-SE","@id":"https:\/\/mekulo.com\/se\/produkt\/nyckel-for-overtrycksventil\/#primaryimage","url":"https:\/\/mekulo.com\/se\/wp-content\/uploads\/sites\/11\/2026\/01\/330zequ-1.jpg","contentUrl":"https:\/\/mekulo.com\/se\/wp-content\/uploads\/sites\/11\/2026\/01\/330zequ-1.jpg","width":1080,"height":1080},{"@type":"BreadcrumbList","@id":"https:\/\/mekulo.com\/se\/produkt\/nyckel-for-overtrycksventil\/#breadcrumb","itemListElement":[{"@type":"ListItem","position":1,"name":"Home","item":"https:\/\/mekulo.com\/se\/"},{"@type":"ListItem","position":2,"name":"Butik","item":"https:\/\/mekulo.com\/se\/butik\/"},{"@type":"ListItem","position":3,"name":"Nyckel f\u00f6r \u00f6vertrycksventil"}]},{"@type":"WebSite","@id":"https:\/\/mekulo.com\/se\/#website","url":"https:\/\/mekulo.com\/se\/","name":"Mekulo SE","description":"","publisher":{"@id":"https:\/\/mekulo.com\/se\/#organization"},"potentialAction":[{"@type":"SearchAction","target":{"@type":"EntryPoint","urlTemplate":"https:\/\/mekulo.com\/se\/?s={search_term_string}"},"query-input":{"@type":"PropertyValueSpecification","valueRequired":true,"valueName":"search_term_string"}}],"inLanguage":"sv-SE"},{"@type":"Organization","@id":"https:\/\/mekulo.com\/se\/#organization","name":"Mekulo","url":"https:\/\/mekulo.com\/se\/","logo":{"@type":"ImageObject","inLanguage":"sv-SE","@id":"https:\/\/mekulo.com\/se\/#\/schema\/logo\/image\/","url":"https:\/\/mekulo.com\/se\/wp-content\/uploads\/sites\/11\/2025\/12\/favicon_mekulo.png","contentUrl":"https:\/\/mekulo.com\/se\/wp-content\/uploads\/sites\/11\/2025\/12\/favicon_mekulo.png","width":50,"height":50,"caption":"Mekulo"},"image":{"@id":"https:\/\/mekulo.com\/se\/#\/schema\/logo\/image\/"}}]}},"_links":{"self":[{"href":"https:\/\/mekulo.com\/se\/wp-json\/wp\/v2\/product\/16091","targetHints":{"allow":["GET"]}}],"collection":[{"href":"https:\/\/mekulo.com\/se\/wp-json\/wp\/v2\/product"}],"about":[{"href":"https:\/\/mekulo.com\/se\/wp-json\/wp\/v2\/types\/product"}],"replies":[{"embeddable":true,"href":"https:\/\/mekulo.com\/se\/wp-json\/wp\/v2\/comments?post=16091"}],"wp:featuredmedia":[{"embeddable":true,"href":"https:\/\/mekulo.com\/se\/wp-json\/wp\/v2\/media\/16087"}],"wp:attachment":[{"href":"https:\/\/mekulo.com\/se\/wp-json\/wp\/v2\/media?parent=16091"}],"wp:term":[{"taxonomy":"product_brand","embeddable":true,"href":"https:\/\/mekulo.com\/se\/wp-json\/wp\/v2\/product_brand?post=16091"},{"taxonomy":"product_cat","embeddable":true,"href":"https:\/\/mekulo.com\/se\/wp-json\/wp\/v2\/product_cat?post=16091"},{"taxonomy":"product_tag","embeddable":true,"href":"https:\/\/mekulo.com\/se\/wp-json\/wp\/v2\/product_tag?post=16091"}],"curies":[{"name":"wp","href":"https:\/\/api.w.org\/{rel}","templated":true}]}}