{"id":16052,"date":"2026-01-09T13:20:24","date_gmt":"2026-01-09T11:20:24","guid":{"rendered":"https:\/\/mekulo.com\/se\/produkt\/bakmatta-i-silikon-for-fritoser\/"},"modified":"2026-01-09T20:02:01","modified_gmt":"2026-01-09T18:02:01","slug":"bakmatta-i-silikon-for-fritoser","status":"publish","type":"product","link":"https:\/\/mekulo.com\/se\/produkt\/bakmatta-i-silikon-for-fritoser\/","title":{"rendered":"Bakmatta i silikon f\u00f6r frit\u00f6ser"},"content":{"rendered":"<p style=\"text-align: center;\" data-start=\"35\" data-end=\"103\"><strong data-start=\"35\" data-end=\"103\">H\u00e5ll Din Frit\u00f6s Ren Medan Du Lagar B\u00e4ttre Och H\u00e4lsosammare M\u00e5ltider. \ud83e\udd69<\/strong><\/p>\n<p data-start=\"105\" data-end=\"332\"><img fetchpriority=\"high\" decoding=\"async\" class=\"size-full wp-image-47781 aligncenter\" src=\"https:\/\/keluvo.com\/template\/wp-content\/uploads\/sites\/5\/2025\/12\/122116-ezgif.com-video-to-webp-converter-2.webp\" alt=\"\" width=\"500\" height=\"667\" \/><\/p>\n<h2 style=\"text-align: center;\" data-start=\"339\" data-end=\"361\"><strong>\ud83c\udf73 Huvudsakliga f\u00f6rdelar<\/strong><\/h2>\n<p data-start=\"364\" data-end=\"430\">\u267b\ufe0f \u00c5teranv\u00e4ndbar &amp; milj\u00f6v\u00e4nlig &#8211; Inga fler eng\u00e5ngspapper.<\/p>\n<p data-start=\"433\" data-end=\"493\">\ud83e\uddfc L\u00e4tt att reng\u00f6ra &#8211; Non-stick och helt diskmaskinss\u00e4ker.<\/p>\n<p data-start=\"496\" data-end=\"546\">\ud83d\udd25 V\u00e4rmebest\u00e4ndig &#8211; S\u00e4ker fr\u00e5n -40 \u00b0C till 240 \u00b0C.<\/p>\n<p data-start=\"549\" data-end=\"609\">\ud83c\udf2c\ufe0f B\u00e4ttre luftcirkulation &#8211; Designad f\u00f6r j\u00e4mn matlagning.<\/p>\n<p data-start=\"612\" data-end=\"682\">\ud83e\udd69 Saftigare mat &#8211; Olja dr\u00e4neras naturligt medan den l\u00e5ser in fukt.<\/p>\n<p data-start=\"685\" data-end=\"749\">\ud83d\udee1\ufe0f Silikon av livsmedelskvalitet &#8211; Giftfri och s\u00e4ker f\u00f6r daglig anv\u00e4ndning.<\/p>\n<p data-start=\"685\" data-end=\"749\"><img decoding=\"async\" class=\"size-full wp-image-47779 aligncenter\" src=\"https:\/\/keluvo.com\/template\/wp-content\/uploads\/sites\/5\/2025\/12\/122117-ezgif.com-video-to-webp-converter-2.webp\" alt=\"\" width=\"500\" height=\"667\" \/><\/p>\n<h2 style=\"text-align: center;\" data-start=\"756\" data-end=\"775\"><strong>\u25b6\ufe0f Hur Man Anv\u00e4nder<\/strong><\/h2>\n<ol data-start=\"776\" data-end=\"994\">\n<li data-start=\"776\" data-end=\"832\">\n<p data-start=\"779\" data-end=\"832\">Placera silikonmattan i frit\u00f6skorgen.<\/p>\n<\/li>\n<li data-start=\"833\" data-end=\"870\">\n<p data-start=\"836\" data-end=\"870\">L\u00e4gg maten ovanp\u00e5 mattan.<\/p>\n<\/li>\n<li data-start=\"871\" data-end=\"908\">\n<p data-start=\"874\" data-end=\"908\">Tillaga som vanligt i frit\u00f6sen.<\/p>\n<\/li>\n<li data-start=\"909\" data-end=\"943\">\n<p data-start=\"912\" data-end=\"943\">Ta bort mattan efter tillagning.<\/p>\n<\/li>\n<li data-start=\"944\" data-end=\"994\">\n<p data-start=\"947\" data-end=\"994\">Sk\u00f6lj eller placera den i diskmaskinen f\u00f6r reng\u00f6ring.<\/p>\n<\/li>\n<\/ol>\n<h2 style=\"text-align: center;\" data-start=\"1001\" data-end=\"1025\"><strong>\ud83d\udccf Produktdetaljer<\/strong><\/h2>\n<ul data-start=\"1026\" data-end=\"1281\">\n<li data-start=\"1026\" data-end=\"1059\">\n<p data-start=\"1028\" data-end=\"1059\">Material: Livsmedelsgodk\u00e4nd silikon<\/p>\n<\/li>\n<li data-start=\"1109\" data-end=\"1135\">\n<p data-start=\"1111\" data-end=\"1135\">Bottendiameter: 18 cm<\/p>\n<\/li>\n<li data-start=\"1136\" data-end=\"1159\">\n<p data-start=\"1138\" data-end=\"1159\">Toppdiameter: 20 cm<\/p>\n<\/li>\n<li data-start=\"1160\" data-end=\"1178\">\n<p data-start=\"1162\" data-end=\"1178\">H\u00f6jd: 4,5 cm<\/p>\n<\/li>\n<li data-start=\"1179\" data-end=\"1216\">\n<p data-start=\"1181\" data-end=\"1216\">Temperaturomr\u00e5de: -40\u00b0C till 240\u00b0C<\/p>\n<\/li>\n<li data-start=\"1217\" data-end=\"1256\">\n<p data-start=\"1219\" data-end=\"1256\">Kompatibilitet: Passar de flesta frit\u00f6ser<\/p>\n<\/li>\n<li data-start=\"1257\" data-end=\"1281\">\n<p data-start=\"1259\" data-end=\"1281\">Diskmaskinss\u00e4ker: Ja<\/p>\n<\/li>\n<\/ul>\n<h2 style=\"text-align: center;\" data-start=\"1288\" data-end=\"1313\"><strong>\ud83d\udce6 Paketet inneh\u00e5ller<\/strong><\/h2>\n<ul data-start=\"1314\" data-end=\"1351\">\n<li data-start=\"1314\" data-end=\"1351\">\n<p data-start=\"1316\" data-end=\"1351\">1, 2, 3x bakmatta\/er i silikon f\u00f6r frit\u00f6ser.<\/p>\n<\/li>\n<\/ul>\n","protected":false},"excerpt":{"rendered":"<p>Denna \u00e5teranv\u00e4ndbara silikonbakmatta sitter inuti din frityrkorg f\u00f6r att f\u00e5nga upp olja och matrester samtidigt som varm luft kan cirkulera ordentligt. Den ers\u00e4tter pappersfoder f\u00f6r eng\u00e5ngsbruk, sparar pengar och g\u00f6r reng\u00f6ringen snabb och enkel. En enkel k\u00f6ksuppgradering som sparar tid, pengar och anstr\u00e4ngning &#8211; varje g\u00e5ng du lagar mat.<\/p>\n","protected":false},"featured_media":16048,"comment_status":"open","ping_status":"closed","template":"","meta":{"site-sidebar-layout":"default","site-content-layout":"","ast-site-content-layout":"default","site-content-style":"default","site-sidebar-style":"default","ast-global-header-display":"","ast-banner-title-visibility":"","ast-main-header-display":"","ast-hfb-above-header-display":"","ast-hfb-below-header-display":"","ast-hfb-mobile-header-display":"","site-post-title":"","ast-breadcrumbs-content":"","ast-featured-img":"","footer-sml-layout":"","theme-transparent-header-meta":"default","adv-header-id-meta":"","stick-header-meta":"","header-above-stick-meta":"","header-main-stick-meta":"","header-below-stick-meta":"","astra-migrate-meta-layouts":"set","ast-page-background-enabled":"default","ast-page-background-meta":{"desktop":{"background-color":"var(--ast-global-color-5)","background-image":"","background-repeat":"repeat","background-position":"center center","background-size":"auto","background-attachment":"scroll","background-type":"","background-media":"","overlay-type":"","overlay-color":"","overlay-opacity":"","overlay-gradient":""},"tablet":{"background-color":"","background-image":"","background-repeat":"repeat","background-position":"center center","background-size":"auto","background-attachment":"scroll","background-type":"","background-media":"","overlay-type":"","overlay-color":"","overlay-opacity":"","overlay-gradient":""},"mobile":{"background-color":"","background-image":"","background-repeat":"repeat","background-position":"center center","background-size":"auto","background-attachment":"scroll","background-type":"","background-media":"","overlay-type":"","overlay-color":"","overlay-opacity":"","overlay-gradient":""}},"ast-content-background-meta":{"desktop":{"background-color":"var(--ast-global-color-4)","background-image":"","background-repeat":"repeat","background-position":"center center","background-size":"auto","background-attachment":"scroll","background-type":"","background-media":"","overlay-type":"","overlay-color":"","overlay-opacity":"","overlay-gradient":""},"tablet":{"background-color":"var(--ast-global-color-4)","background-image":"","background-repeat":"repeat","background-position":"center center","background-size":"auto","background-attachment":"scroll","background-type":"","background-media":"","overlay-type":"","overlay-color":"","overlay-opacity":"","overlay-gradient":""},"mobile":{"background-color":"var(--ast-global-color-4)","background-image":"","background-repeat":"repeat","background-position":"center center","background-size":"auto","background-attachment":"scroll","background-type":"","background-media":"","overlay-type":"","overlay-color":"","overlay-opacity":"","overlay-gradient":""}}},"product_brand":[],"product_cat":[168],"product_tag":[],"class_list":{"0":"post-16052","1":"product","2":"type-product","3":"status-publish","4":"has-post-thumbnail","6":"product_cat-hushallsartiklar","7":"pa_65534_tpnwow6w-bla","8":"pa_65534_tpnwow6w-brun","9":"pa_65534_tpnwow6w-gra","10":"pa_65534_tpnwow6w-rod","11":"pa_65534_tpnwow6w-rosa","12":"pa_65534_y6eebyb2-1-st","13":"pa_65534_y6eebyb2-2-st","14":"pa_65534_y6eebyb2-3-st","15":"desktop-align-left","16":"tablet-align-left","17":"mobile-align-left","19":"first","20":"instock","21":"shipping-taxable","22":"purchasable","23":"product-type-variable","24":"has-default-attributes"},"yoast_head":"<!-- This site is optimized with the Yoast SEO plugin v26.6 - https:\/\/yoast.com\/wordpress\/plugins\/seo\/ -->\n<title>Bakmatta i silikon f\u00f6r frit\u00f6ser - Mekulo SE<\/title>\n<meta name=\"robots\" content=\"index, follow, max-snippet:-1, max-image-preview:large, max-video-preview:-1\" \/>\n<link rel=\"canonical\" href=\"https:\/\/mekulo.com\/se\/produkt\/bakmatta-i-silikon-for-fritoser\/\" \/>\n<meta property=\"og:locale\" content=\"sv_SE\" \/>\n<meta property=\"og:type\" content=\"article\" \/>\n<meta property=\"og:title\" content=\"Bakmatta i silikon f\u00f6r frit\u00f6ser - Mekulo SE\" \/>\n<meta property=\"og:description\" content=\"Denna \u00e5teranv\u00e4ndbara silikonbakmatta sitter inuti din frityrkorg f\u00f6r att f\u00e5nga upp olja och matrester samtidigt som varm luft kan cirkulera ordentligt. Den ers\u00e4tter pappersfoder f\u00f6r eng\u00e5ngsbruk, sparar pengar och g\u00f6r reng\u00f6ringen snabb och enkel. En enkel k\u00f6ksuppgradering som sparar tid, pengar och anstr\u00e4ngning - varje g\u00e5ng du lagar mat.\" \/>\n<meta property=\"og:url\" content=\"https:\/\/mekulo.com\/se\/produkt\/bakmatta-i-silikon-for-fritoser\/\" \/>\n<meta property=\"og:site_name\" content=\"Mekulo SE\" \/>\n<meta property=\"article:modified_time\" content=\"2026-01-09T18:02:01+00:00\" \/>\n<meta property=\"og:image\" content=\"https:\/\/mekulo.com\/se\/wp-content\/uploads\/sites\/11\/2026\/01\/hjbutef-1.jpg\" \/>\n\t<meta property=\"og:image:width\" content=\"800\" \/>\n\t<meta property=\"og:image:height\" content=\"800\" \/>\n\t<meta property=\"og:image:type\" content=\"image\/jpeg\" \/>\n<meta name=\"twitter:card\" content=\"summary_large_image\" \/>\n<meta name=\"twitter:label1\" content=\"Ber\u00e4knad l\u00e4stid\" \/>\n\t<meta name=\"twitter:data1\" content=\"2 minuter\" \/>\n<script type=\"application\/ld+json\" class=\"yoast-schema-graph\">{\"@context\":\"https:\/\/schema.org\",\"@graph\":[{\"@type\":\"WebPage\",\"@id\":\"https:\/\/mekulo.com\/se\/produkt\/bakmatta-i-silikon-for-fritoser\/\",\"url\":\"https:\/\/mekulo.com\/se\/produkt\/bakmatta-i-silikon-for-fritoser\/\",\"name\":\"Bakmatta i silikon f\u00f6r frit\u00f6ser - Mekulo SE\",\"isPartOf\":{\"@id\":\"https:\/\/mekulo.com\/se\/#website\"},\"primaryImageOfPage\":{\"@id\":\"https:\/\/mekulo.com\/se\/produkt\/bakmatta-i-silikon-for-fritoser\/#primaryimage\"},\"image\":{\"@id\":\"https:\/\/mekulo.com\/se\/produkt\/bakmatta-i-silikon-for-fritoser\/#primaryimage\"},\"thumbnailUrl\":\"https:\/\/mekulo.com\/se\/wp-content\/uploads\/sites\/11\/2026\/01\/hjbutef-1.jpg\",\"datePublished\":\"2026-01-09T11:20:24+00:00\",\"dateModified\":\"2026-01-09T18:02:01+00:00\",\"breadcrumb\":{\"@id\":\"https:\/\/mekulo.com\/se\/produkt\/bakmatta-i-silikon-for-fritoser\/#breadcrumb\"},\"inLanguage\":\"sv-SE\",\"potentialAction\":[{\"@type\":\"ReadAction\",\"target\":[\"https:\/\/mekulo.com\/se\/produkt\/bakmatta-i-silikon-for-fritoser\/\"]}]},{\"@type\":\"ImageObject\",\"inLanguage\":\"sv-SE\",\"@id\":\"https:\/\/mekulo.com\/se\/produkt\/bakmatta-i-silikon-for-fritoser\/#primaryimage\",\"url\":\"https:\/\/mekulo.com\/se\/wp-content\/uploads\/sites\/11\/2026\/01\/hjbutef-1.jpg\",\"contentUrl\":\"https:\/\/mekulo.com\/se\/wp-content\/uploads\/sites\/11\/2026\/01\/hjbutef-1.jpg\",\"width\":800,\"height\":800},{\"@type\":\"BreadcrumbList\",\"@id\":\"https:\/\/mekulo.com\/se\/produkt\/bakmatta-i-silikon-for-fritoser\/#breadcrumb\",\"itemListElement\":[{\"@type\":\"ListItem\",\"position\":1,\"name\":\"Home\",\"item\":\"https:\/\/mekulo.com\/se\/\"},{\"@type\":\"ListItem\",\"position\":2,\"name\":\"Butik\",\"item\":\"https:\/\/mekulo.com\/se\/butik\/\"},{\"@type\":\"ListItem\",\"position\":3,\"name\":\"Bakmatta i silikon f\u00f6r frit\u00f6ser\"}]},{\"@type\":\"WebSite\",\"@id\":\"https:\/\/mekulo.com\/se\/#website\",\"url\":\"https:\/\/mekulo.com\/se\/\",\"name\":\"Mekulo SE\",\"description\":\"\",\"publisher\":{\"@id\":\"https:\/\/mekulo.com\/se\/#organization\"},\"potentialAction\":[{\"@type\":\"SearchAction\",\"target\":{\"@type\":\"EntryPoint\",\"urlTemplate\":\"https:\/\/mekulo.com\/se\/?s={search_term_string}\"},\"query-input\":{\"@type\":\"PropertyValueSpecification\",\"valueRequired\":true,\"valueName\":\"search_term_string\"}}],\"inLanguage\":\"sv-SE\"},{\"@type\":\"Organization\",\"@id\":\"https:\/\/mekulo.com\/se\/#organization\",\"name\":\"Mekulo\",\"url\":\"https:\/\/mekulo.com\/se\/\",\"logo\":{\"@type\":\"ImageObject\",\"inLanguage\":\"sv-SE\",\"@id\":\"https:\/\/mekulo.com\/se\/#\/schema\/logo\/image\/\",\"url\":\"https:\/\/mekulo.com\/se\/wp-content\/uploads\/sites\/11\/2025\/12\/favicon_mekulo.png\",\"contentUrl\":\"https:\/\/mekulo.com\/se\/wp-content\/uploads\/sites\/11\/2025\/12\/favicon_mekulo.png\",\"width\":50,\"height\":50,\"caption\":\"Mekulo\"},\"image\":{\"@id\":\"https:\/\/mekulo.com\/se\/#\/schema\/logo\/image\/\"}}]}<\/script>\n<!-- \/ Yoast SEO plugin. -->","yoast_head_json":{"title":"Bakmatta i silikon f\u00f6r frit\u00f6ser - Mekulo SE","robots":{"index":"index","follow":"follow","max-snippet":"max-snippet:-1","max-image-preview":"max-image-preview:large","max-video-preview":"max-video-preview:-1"},"canonical":"https:\/\/mekulo.com\/se\/produkt\/bakmatta-i-silikon-for-fritoser\/","og_locale":"sv_SE","og_type":"article","og_title":"Bakmatta i silikon f\u00f6r frit\u00f6ser - Mekulo SE","og_description":"Denna \u00e5teranv\u00e4ndbara silikonbakmatta sitter inuti din frityrkorg f\u00f6r att f\u00e5nga upp olja och matrester samtidigt som varm luft kan cirkulera ordentligt. Den ers\u00e4tter pappersfoder f\u00f6r eng\u00e5ngsbruk, sparar pengar och g\u00f6r reng\u00f6ringen snabb och enkel. En enkel k\u00f6ksuppgradering som sparar tid, pengar och anstr\u00e4ngning - varje g\u00e5ng du lagar mat.","og_url":"https:\/\/mekulo.com\/se\/produkt\/bakmatta-i-silikon-for-fritoser\/","og_site_name":"Mekulo SE","article_modified_time":"2026-01-09T18:02:01+00:00","og_image":[{"width":800,"height":800,"url":"https:\/\/mekulo.com\/se\/wp-content\/uploads\/sites\/11\/2026\/01\/hjbutef-1.jpg","type":"image\/jpeg"}],"twitter_card":"summary_large_image","twitter_misc":{"Ber\u00e4knad l\u00e4stid":"2 minuter"},"schema":{"@context":"https:\/\/schema.org","@graph":[{"@type":"WebPage","@id":"https:\/\/mekulo.com\/se\/produkt\/bakmatta-i-silikon-for-fritoser\/","url":"https:\/\/mekulo.com\/se\/produkt\/bakmatta-i-silikon-for-fritoser\/","name":"Bakmatta i silikon f\u00f6r frit\u00f6ser - Mekulo SE","isPartOf":{"@id":"https:\/\/mekulo.com\/se\/#website"},"primaryImageOfPage":{"@id":"https:\/\/mekulo.com\/se\/produkt\/bakmatta-i-silikon-for-fritoser\/#primaryimage"},"image":{"@id":"https:\/\/mekulo.com\/se\/produkt\/bakmatta-i-silikon-for-fritoser\/#primaryimage"},"thumbnailUrl":"https:\/\/mekulo.com\/se\/wp-content\/uploads\/sites\/11\/2026\/01\/hjbutef-1.jpg","datePublished":"2026-01-09T11:20:24+00:00","dateModified":"2026-01-09T18:02:01+00:00","breadcrumb":{"@id":"https:\/\/mekulo.com\/se\/produkt\/bakmatta-i-silikon-for-fritoser\/#breadcrumb"},"inLanguage":"sv-SE","potentialAction":[{"@type":"ReadAction","target":["https:\/\/mekulo.com\/se\/produkt\/bakmatta-i-silikon-for-fritoser\/"]}]},{"@type":"ImageObject","inLanguage":"sv-SE","@id":"https:\/\/mekulo.com\/se\/produkt\/bakmatta-i-silikon-for-fritoser\/#primaryimage","url":"https:\/\/mekulo.com\/se\/wp-content\/uploads\/sites\/11\/2026\/01\/hjbutef-1.jpg","contentUrl":"https:\/\/mekulo.com\/se\/wp-content\/uploads\/sites\/11\/2026\/01\/hjbutef-1.jpg","width":800,"height":800},{"@type":"BreadcrumbList","@id":"https:\/\/mekulo.com\/se\/produkt\/bakmatta-i-silikon-for-fritoser\/#breadcrumb","itemListElement":[{"@type":"ListItem","position":1,"name":"Home","item":"https:\/\/mekulo.com\/se\/"},{"@type":"ListItem","position":2,"name":"Butik","item":"https:\/\/mekulo.com\/se\/butik\/"},{"@type":"ListItem","position":3,"name":"Bakmatta i silikon f\u00f6r frit\u00f6ser"}]},{"@type":"WebSite","@id":"https:\/\/mekulo.com\/se\/#website","url":"https:\/\/mekulo.com\/se\/","name":"Mekulo SE","description":"","publisher":{"@id":"https:\/\/mekulo.com\/se\/#organization"},"potentialAction":[{"@type":"SearchAction","target":{"@type":"EntryPoint","urlTemplate":"https:\/\/mekulo.com\/se\/?s={search_term_string}"},"query-input":{"@type":"PropertyValueSpecification","valueRequired":true,"valueName":"search_term_string"}}],"inLanguage":"sv-SE"},{"@type":"Organization","@id":"https:\/\/mekulo.com\/se\/#organization","name":"Mekulo","url":"https:\/\/mekulo.com\/se\/","logo":{"@type":"ImageObject","inLanguage":"sv-SE","@id":"https:\/\/mekulo.com\/se\/#\/schema\/logo\/image\/","url":"https:\/\/mekulo.com\/se\/wp-content\/uploads\/sites\/11\/2025\/12\/favicon_mekulo.png","contentUrl":"https:\/\/mekulo.com\/se\/wp-content\/uploads\/sites\/11\/2025\/12\/favicon_mekulo.png","width":50,"height":50,"caption":"Mekulo"},"image":{"@id":"https:\/\/mekulo.com\/se\/#\/schema\/logo\/image\/"}}]}},"_links":{"self":[{"href":"https:\/\/mekulo.com\/se\/wp-json\/wp\/v2\/product\/16052","targetHints":{"allow":["GET"]}}],"collection":[{"href":"https:\/\/mekulo.com\/se\/wp-json\/wp\/v2\/product"}],"about":[{"href":"https:\/\/mekulo.com\/se\/wp-json\/wp\/v2\/types\/product"}],"replies":[{"embeddable":true,"href":"https:\/\/mekulo.com\/se\/wp-json\/wp\/v2\/comments?post=16052"}],"wp:featuredmedia":[{"embeddable":true,"href":"https:\/\/mekulo.com\/se\/wp-json\/wp\/v2\/media\/16048"}],"wp:attachment":[{"href":"https:\/\/mekulo.com\/se\/wp-json\/wp\/v2\/media?parent=16052"}],"wp:term":[{"taxonomy":"product_brand","embeddable":true,"href":"https:\/\/mekulo.com\/se\/wp-json\/wp\/v2\/product_brand?post=16052"},{"taxonomy":"product_cat","embeddable":true,"href":"https:\/\/mekulo.com\/se\/wp-json\/wp\/v2\/product_cat?post=16052"},{"taxonomy":"product_tag","embeddable":true,"href":"https:\/\/mekulo.com\/se\/wp-json\/wp\/v2\/product_tag?post=16052"}],"curies":[{"name":"wp","href":"https:\/\/api.w.org\/{rel}","templated":true}]}}