{"id":15951,"date":"2026-01-09T13:12:26","date_gmt":"2026-01-09T11:12:26","guid":{"rendered":"https:\/\/mekulo.com\/se\/produkt\/polerskiva-i-ull\/"},"modified":"2026-01-09T19:48:45","modified_gmt":"2026-01-09T17:48:45","slug":"polerskiva-i-ull","status":"publish","type":"product","link":"https:\/\/mekulo.com\/se\/produkt\/polerskiva-i-ull\/","title":{"rendered":"Polerskiva i ull"},"content":{"rendered":"<p style=\"text-align: center;\" data-start=\"25\" data-end=\"99\"><strong data-start=\"25\" data-end=\"99\">Uppn\u00e5 En J\u00e4mn, Gl\u00e4nsande Och Professionell Finish P\u00e5 Metall, Tr\u00e4 Och Mycket Mer. \ud83e\udeb5<\/strong><\/p>\n<p data-start=\"101\" data-end=\"378\"><img fetchpriority=\"high\" decoding=\"async\" class=\"size-full wp-image-47725 aligncenter\" src=\"https:\/\/keluvo.com\/template\/wp-content\/uploads\/sites\/5\/2025\/12\/122111-ezgif.com-video-to-webp-converter-2.webp\" alt=\"\" width=\"500\" height=\"500\" \/><\/p>\n<h2 style=\"text-align: center;\" data-start=\"385\" data-end=\"406\">\u2728 Huvudsakliga f\u00f6rdelar<\/h2>\n<p data-start=\"409\" data-end=\"473\">\ud83d\udc11 Premium ullmaterial &#8211; Mjukt, slitstarkt och l\u00e5ngvarigt.<\/p>\n<p data-start=\"476\" data-end=\"543\">\ud83d\udd25 V\u00e4rme- och slitstyrka &#8211; S\u00e4kert f\u00f6r l\u00e5ngvarigt poleringsarbete.<\/p>\n<p data-start=\"546\" data-end=\"613\">\u26a1 Snabb polering &#8211; St\u00f6der hastigheter upp till 3000 varv\/min.<\/p>\n<p data-start=\"616\" data-end=\"689\">\ud83e\ude9e H\u00f6gblank finish &#8211; Perfekt f\u00f6r slutpolering och spegeleffekter.<\/p>\n<p data-start=\"692\" data-end=\"766\">\ud83e\uddf0 Bred kompatibilitet &#8211; Fungerar p\u00e5 metall, tr\u00e4, sten, glas med mera.<\/p>\n<p data-start=\"692\" data-end=\"766\"><img decoding=\"async\" class=\"size-full wp-image-47723 aligncenter\" src=\"https:\/\/keluvo.com\/template\/wp-content\/uploads\/sites\/5\/2025\/12\/122112-ezgif.com-video-to-webp-converter-2.webp\" alt=\"\" width=\"500\" height=\"500\" \/><\/p>\n<h2 style=\"text-align: center;\" data-start=\"773\" data-end=\"792\">\u25b6\ufe0f Hur Man Anv\u00e4nder<\/h2>\n<ol data-start=\"793\" data-end=\"1063\">\n<li data-start=\"793\" data-end=\"865\">\n<p data-start=\"796\" data-end=\"865\">F\u00e4st polerskivan p\u00e5 din vinkelslip eller kompatibelt verktyg.<\/p>\n<\/li>\n<li data-start=\"866\" data-end=\"906\">\n<p data-start=\"869\" data-end=\"906\">Applicera polermassa vid behov.<\/p>\n<\/li>\n<li data-start=\"907\" data-end=\"958\">\n<p data-start=\"910\" data-end=\"958\">Polera ytan f\u00f6rsiktigt med j\u00e4mnt tryck.<\/p>\n<\/li>\n<li data-start=\"959\" data-end=\"1012\">\n<p data-start=\"962\" data-end=\"1012\">R\u00f6r dig mjukt f\u00f6r att undvika \u00f6verhettning av materialet.<\/p>\n<\/li>\n<li data-start=\"1013\" data-end=\"1063\">\n<p data-start=\"1016\" data-end=\"1063\">Reng\u00f6r skivan efter anv\u00e4ndning f\u00f6r l\u00e4ngre livsl\u00e4ngd.<\/p>\n<\/li>\n<\/ol>\n<h2 style=\"text-align: center;\" data-start=\"1070\" data-end=\"1094\">\ud83d\udccf Produktdetaljer<\/h2>\n<ul data-start=\"1095\" data-end=\"1354\">\n<li data-start=\"1134\" data-end=\"1165\">\n<p data-start=\"1136\" data-end=\"1165\">Material: H\u00f6gkvalitativ ull<\/p>\n<\/li>\n<li data-start=\"1134\" data-end=\"1165\">\n<p data-start=\"1136\" data-end=\"1165\">Storlek: 115 mm, 125 mm<\/p>\n<\/li>\n<li data-start=\"1134\" data-end=\"1165\">\n<p data-start=\"1136\" data-end=\"1165\">Tjocklek: 10 mm<\/p>\n<\/li>\n<li data-start=\"1278\" data-end=\"1307\">\n<p data-start=\"1280\" data-end=\"1307\">Max hastighet: Upp till 3000 RPM<\/p>\n<\/li>\n<li data-start=\"1308\" data-end=\"1354\">\n<p data-start=\"1310\" data-end=\"1354\">Anv\u00e4ndning: Slutpolering och ytbehandling<\/p>\n<\/li>\n<\/ul>\n<h2 style=\"text-align: center;\" data-start=\"1361\" data-end=\"1386\">\ud83d\udce6 Paketet inneh\u00e5ller<\/h2>\n<ul data-start=\"1387\" data-end=\"1414\">\n<li data-start=\"1387\" data-end=\"1414\">\n<p data-start=\"1389\" data-end=\"1414\">1, 2, 3x polerskiva av ull.<\/p>\n<\/li>\n<\/ul>\n","protected":false},"excerpt":{"rendered":"<p>Denna polerskiva i ull \u00e4r utformad f\u00f6r snabb och exakt slutpolering och hj\u00e4lper dig att \u00e5terst\u00e4lla ytor till ett rent och glansigt utseende. Den \u00e4r tillverkad av h\u00f6gkvalitativ ull, \u00e4r slitstark, v\u00e4rmet\u00e5lig och idealisk f\u00f6r att ta bort fina repor, oxidation och polerm\u00e4rken p\u00e5 m\u00e5nga material. Ett p\u00e5litligt poleringsverktyg som ger j\u00e4mna resultat, l\u00e5ng livsl\u00e4ngd och professionell glans i varje projekt.<\/p>\n","protected":false},"featured_media":15947,"comment_status":"open","ping_status":"closed","template":"","meta":{"site-sidebar-layout":"default","site-content-layout":"","ast-site-content-layout":"default","site-content-style":"default","site-sidebar-style":"default","ast-global-header-display":"","ast-banner-title-visibility":"","ast-main-header-display":"","ast-hfb-above-header-display":"","ast-hfb-below-header-display":"","ast-hfb-mobile-header-display":"","site-post-title":"","ast-breadcrumbs-content":"","ast-featured-img":"","footer-sml-layout":"","theme-transparent-header-meta":"default","adv-header-id-meta":"","stick-header-meta":"","header-above-stick-meta":"","header-main-stick-meta":"","header-below-stick-meta":"","astra-migrate-meta-layouts":"set","ast-page-background-enabled":"default","ast-page-background-meta":{"desktop":{"background-color":"var(--ast-global-color-5)","background-image":"","background-repeat":"repeat","background-position":"center center","background-size":"auto","background-attachment":"scroll","background-type":"","background-media":"","overlay-type":"","overlay-color":"","overlay-opacity":"","overlay-gradient":""},"tablet":{"background-color":"","background-image":"","background-repeat":"repeat","background-position":"center center","background-size":"auto","background-attachment":"scroll","background-type":"","background-media":"","overlay-type":"","overlay-color":"","overlay-opacity":"","overlay-gradient":""},"mobile":{"background-color":"","background-image":"","background-repeat":"repeat","background-position":"center center","background-size":"auto","background-attachment":"scroll","background-type":"","background-media":"","overlay-type":"","overlay-color":"","overlay-opacity":"","overlay-gradient":""}},"ast-content-background-meta":{"desktop":{"background-color":"var(--ast-global-color-4)","background-image":"","background-repeat":"repeat","background-position":"center center","background-size":"auto","background-attachment":"scroll","background-type":"","background-media":"","overlay-type":"","overlay-color":"","overlay-opacity":"","overlay-gradient":""},"tablet":{"background-color":"var(--ast-global-color-4)","background-image":"","background-repeat":"repeat","background-position":"center center","background-size":"auto","background-attachment":"scroll","background-type":"","background-media":"","overlay-type":"","overlay-color":"","overlay-opacity":"","overlay-gradient":""},"mobile":{"background-color":"var(--ast-global-color-4)","background-image":"","background-repeat":"repeat","background-position":"center center","background-size":"auto","background-attachment":"scroll","background-type":"","background-media":"","overlay-type":"","overlay-color":"","overlay-opacity":"","overlay-gradient":""}}},"product_brand":[],"product_cat":[171],"product_tag":[],"class_list":{"0":"post-15951","1":"product","2":"type-product","3":"status-publish","4":"has-post-thumbnail","6":"product_cat-verktyg","7":"pa_65460_3cv6mazx-115-mm","8":"pa_65460_3cv6mazx-125-mm","9":"pa_65460_5eq35xya-1-st","10":"pa_65460_5eq35xya-2-st","11":"pa_65460_5eq35xya-3-st","12":"desktop-align-left","13":"tablet-align-left","14":"mobile-align-left","16":"first","17":"instock","18":"shipping-taxable","19":"purchasable","20":"product-type-variable","21":"has-default-attributes"},"yoast_head":"<!-- This site is optimized with the Yoast SEO plugin v26.6 - https:\/\/yoast.com\/wordpress\/plugins\/seo\/ -->\n<title>Polerskiva i ull - Mekulo SE<\/title>\n<meta name=\"robots\" content=\"index, follow, max-snippet:-1, max-image-preview:large, max-video-preview:-1\" \/>\n<link rel=\"canonical\" href=\"https:\/\/mekulo.com\/se\/produkt\/polerskiva-i-ull\/\" \/>\n<meta property=\"og:locale\" content=\"en_US\" \/>\n<meta property=\"og:type\" content=\"article\" \/>\n<meta property=\"og:title\" content=\"Polerskiva i ull - Mekulo SE\" \/>\n<meta property=\"og:description\" content=\"Denna polerskiva i ull \u00e4r utformad f\u00f6r snabb och exakt slutpolering och hj\u00e4lper dig att \u00e5terst\u00e4lla ytor till ett rent och glansigt utseende. Den \u00e4r tillverkad av h\u00f6gkvalitativ ull, \u00e4r slitstark, v\u00e4rmet\u00e5lig och idealisk f\u00f6r att ta bort fina repor, oxidation och polerm\u00e4rken p\u00e5 m\u00e5nga material. Ett p\u00e5litligt poleringsverktyg som ger j\u00e4mna resultat, l\u00e5ng livsl\u00e4ngd och professionell glans i varje projekt.\" \/>\n<meta property=\"og:url\" content=\"https:\/\/mekulo.com\/se\/produkt\/polerskiva-i-ull\/\" \/>\n<meta property=\"og:site_name\" content=\"Mekulo SE\" \/>\n<meta property=\"article:modified_time\" content=\"2026-01-09T17:48:45+00:00\" \/>\n<meta property=\"og:image\" content=\"https:\/\/mekulo.com\/se\/wp-content\/uploads\/sites\/11\/2026\/01\/n04v0vq-1.webp\" \/>\n\t<meta property=\"og:image:width\" content=\"600\" \/>\n\t<meta property=\"og:image:height\" content=\"600\" \/>\n\t<meta property=\"og:image:type\" content=\"image\/webp\" \/>\n<meta name=\"twitter:card\" content=\"summary_large_image\" \/>\n<meta name=\"twitter:label1\" content=\"Est. reading time\" \/>\n\t<meta name=\"twitter:data1\" content=\"2 minutes\" \/>\n<script type=\"application\/ld+json\" class=\"yoast-schema-graph\">{\"@context\":\"https:\/\/schema.org\",\"@graph\":[{\"@type\":\"WebPage\",\"@id\":\"https:\/\/mekulo.com\/se\/produkt\/polerskiva-i-ull\/\",\"url\":\"https:\/\/mekulo.com\/se\/produkt\/polerskiva-i-ull\/\",\"name\":\"Polerskiva i ull - Mekulo SE\",\"isPartOf\":{\"@id\":\"https:\/\/mekulo.com\/se\/#website\"},\"primaryImageOfPage\":{\"@id\":\"https:\/\/mekulo.com\/se\/produkt\/polerskiva-i-ull\/#primaryimage\"},\"image\":{\"@id\":\"https:\/\/mekulo.com\/se\/produkt\/polerskiva-i-ull\/#primaryimage\"},\"thumbnailUrl\":\"https:\/\/mekulo.com\/se\/wp-content\/uploads\/sites\/11\/2026\/01\/n04v0vq-1.webp\",\"datePublished\":\"2026-01-09T11:12:26+00:00\",\"dateModified\":\"2026-01-09T17:48:45+00:00\",\"breadcrumb\":{\"@id\":\"https:\/\/mekulo.com\/se\/produkt\/polerskiva-i-ull\/#breadcrumb\"},\"inLanguage\":\"en-US\",\"potentialAction\":[{\"@type\":\"ReadAction\",\"target\":[\"https:\/\/mekulo.com\/se\/produkt\/polerskiva-i-ull\/\"]}]},{\"@type\":\"ImageObject\",\"inLanguage\":\"en-US\",\"@id\":\"https:\/\/mekulo.com\/se\/produkt\/polerskiva-i-ull\/#primaryimage\",\"url\":\"https:\/\/mekulo.com\/se\/wp-content\/uploads\/sites\/11\/2026\/01\/n04v0vq-1.webp\",\"contentUrl\":\"https:\/\/mekulo.com\/se\/wp-content\/uploads\/sites\/11\/2026\/01\/n04v0vq-1.webp\",\"width\":600,\"height\":600},{\"@type\":\"BreadcrumbList\",\"@id\":\"https:\/\/mekulo.com\/se\/produkt\/polerskiva-i-ull\/#breadcrumb\",\"itemListElement\":[{\"@type\":\"ListItem\",\"position\":1,\"name\":\"Home\",\"item\":\"https:\/\/mekulo.com\/se\/\"},{\"@type\":\"ListItem\",\"position\":2,\"name\":\"Butik\",\"item\":\"https:\/\/mekulo.com\/se\/butik\/\"},{\"@type\":\"ListItem\",\"position\":3,\"name\":\"Polerskiva i ull\"}]},{\"@type\":\"WebSite\",\"@id\":\"https:\/\/mekulo.com\/se\/#website\",\"url\":\"https:\/\/mekulo.com\/se\/\",\"name\":\"Mekulo SE\",\"description\":\"\",\"publisher\":{\"@id\":\"https:\/\/mekulo.com\/se\/#organization\"},\"potentialAction\":[{\"@type\":\"SearchAction\",\"target\":{\"@type\":\"EntryPoint\",\"urlTemplate\":\"https:\/\/mekulo.com\/se\/?s={search_term_string}\"},\"query-input\":{\"@type\":\"PropertyValueSpecification\",\"valueRequired\":true,\"valueName\":\"search_term_string\"}}],\"inLanguage\":\"en-US\"},{\"@type\":\"Organization\",\"@id\":\"https:\/\/mekulo.com\/se\/#organization\",\"name\":\"Mekulo\",\"url\":\"https:\/\/mekulo.com\/se\/\",\"logo\":{\"@type\":\"ImageObject\",\"inLanguage\":\"en-US\",\"@id\":\"https:\/\/mekulo.com\/se\/#\/schema\/logo\/image\/\",\"url\":\"https:\/\/mekulo.com\/se\/wp-content\/uploads\/sites\/11\/2025\/12\/favicon_mekulo.png\",\"contentUrl\":\"https:\/\/mekulo.com\/se\/wp-content\/uploads\/sites\/11\/2025\/12\/favicon_mekulo.png\",\"width\":50,\"height\":50,\"caption\":\"Mekulo\"},\"image\":{\"@id\":\"https:\/\/mekulo.com\/se\/#\/schema\/logo\/image\/\"}}]}<\/script>\n<!-- \/ Yoast SEO plugin. -->","yoast_head_json":{"title":"Polerskiva i ull - Mekulo SE","robots":{"index":"index","follow":"follow","max-snippet":"max-snippet:-1","max-image-preview":"max-image-preview:large","max-video-preview":"max-video-preview:-1"},"canonical":"https:\/\/mekulo.com\/se\/produkt\/polerskiva-i-ull\/","og_locale":"en_US","og_type":"article","og_title":"Polerskiva i ull - Mekulo SE","og_description":"Denna polerskiva i ull \u00e4r utformad f\u00f6r snabb och exakt slutpolering och hj\u00e4lper dig att \u00e5terst\u00e4lla ytor till ett rent och glansigt utseende. Den \u00e4r tillverkad av h\u00f6gkvalitativ ull, \u00e4r slitstark, v\u00e4rmet\u00e5lig och idealisk f\u00f6r att ta bort fina repor, oxidation och polerm\u00e4rken p\u00e5 m\u00e5nga material. Ett p\u00e5litligt poleringsverktyg som ger j\u00e4mna resultat, l\u00e5ng livsl\u00e4ngd och professionell glans i varje projekt.","og_url":"https:\/\/mekulo.com\/se\/produkt\/polerskiva-i-ull\/","og_site_name":"Mekulo SE","article_modified_time":"2026-01-09T17:48:45+00:00","og_image":[{"width":600,"height":600,"url":"https:\/\/mekulo.com\/se\/wp-content\/uploads\/sites\/11\/2026\/01\/n04v0vq-1.webp","type":"image\/webp"}],"twitter_card":"summary_large_image","twitter_misc":{"Est. reading time":"2 minutes"},"schema":{"@context":"https:\/\/schema.org","@graph":[{"@type":"WebPage","@id":"https:\/\/mekulo.com\/se\/produkt\/polerskiva-i-ull\/","url":"https:\/\/mekulo.com\/se\/produkt\/polerskiva-i-ull\/","name":"Polerskiva i ull - Mekulo SE","isPartOf":{"@id":"https:\/\/mekulo.com\/se\/#website"},"primaryImageOfPage":{"@id":"https:\/\/mekulo.com\/se\/produkt\/polerskiva-i-ull\/#primaryimage"},"image":{"@id":"https:\/\/mekulo.com\/se\/produkt\/polerskiva-i-ull\/#primaryimage"},"thumbnailUrl":"https:\/\/mekulo.com\/se\/wp-content\/uploads\/sites\/11\/2026\/01\/n04v0vq-1.webp","datePublished":"2026-01-09T11:12:26+00:00","dateModified":"2026-01-09T17:48:45+00:00","breadcrumb":{"@id":"https:\/\/mekulo.com\/se\/produkt\/polerskiva-i-ull\/#breadcrumb"},"inLanguage":"en-US","potentialAction":[{"@type":"ReadAction","target":["https:\/\/mekulo.com\/se\/produkt\/polerskiva-i-ull\/"]}]},{"@type":"ImageObject","inLanguage":"en-US","@id":"https:\/\/mekulo.com\/se\/produkt\/polerskiva-i-ull\/#primaryimage","url":"https:\/\/mekulo.com\/se\/wp-content\/uploads\/sites\/11\/2026\/01\/n04v0vq-1.webp","contentUrl":"https:\/\/mekulo.com\/se\/wp-content\/uploads\/sites\/11\/2026\/01\/n04v0vq-1.webp","width":600,"height":600},{"@type":"BreadcrumbList","@id":"https:\/\/mekulo.com\/se\/produkt\/polerskiva-i-ull\/#breadcrumb","itemListElement":[{"@type":"ListItem","position":1,"name":"Home","item":"https:\/\/mekulo.com\/se\/"},{"@type":"ListItem","position":2,"name":"Butik","item":"https:\/\/mekulo.com\/se\/butik\/"},{"@type":"ListItem","position":3,"name":"Polerskiva i ull"}]},{"@type":"WebSite","@id":"https:\/\/mekulo.com\/se\/#website","url":"https:\/\/mekulo.com\/se\/","name":"Mekulo SE","description":"","publisher":{"@id":"https:\/\/mekulo.com\/se\/#organization"},"potentialAction":[{"@type":"SearchAction","target":{"@type":"EntryPoint","urlTemplate":"https:\/\/mekulo.com\/se\/?s={search_term_string}"},"query-input":{"@type":"PropertyValueSpecification","valueRequired":true,"valueName":"search_term_string"}}],"inLanguage":"en-US"},{"@type":"Organization","@id":"https:\/\/mekulo.com\/se\/#organization","name":"Mekulo","url":"https:\/\/mekulo.com\/se\/","logo":{"@type":"ImageObject","inLanguage":"en-US","@id":"https:\/\/mekulo.com\/se\/#\/schema\/logo\/image\/","url":"https:\/\/mekulo.com\/se\/wp-content\/uploads\/sites\/11\/2025\/12\/favicon_mekulo.png","contentUrl":"https:\/\/mekulo.com\/se\/wp-content\/uploads\/sites\/11\/2025\/12\/favicon_mekulo.png","width":50,"height":50,"caption":"Mekulo"},"image":{"@id":"https:\/\/mekulo.com\/se\/#\/schema\/logo\/image\/"}}]}},"_links":{"self":[{"href":"https:\/\/mekulo.com\/se\/wp-json\/wp\/v2\/product\/15951","targetHints":{"allow":["GET"]}}],"collection":[{"href":"https:\/\/mekulo.com\/se\/wp-json\/wp\/v2\/product"}],"about":[{"href":"https:\/\/mekulo.com\/se\/wp-json\/wp\/v2\/types\/product"}],"replies":[{"embeddable":true,"href":"https:\/\/mekulo.com\/se\/wp-json\/wp\/v2\/comments?post=15951"}],"wp:featuredmedia":[{"embeddable":true,"href":"https:\/\/mekulo.com\/se\/wp-json\/wp\/v2\/media\/15947"}],"wp:attachment":[{"href":"https:\/\/mekulo.com\/se\/wp-json\/wp\/v2\/media?parent=15951"}],"wp:term":[{"taxonomy":"product_brand","embeddable":true,"href":"https:\/\/mekulo.com\/se\/wp-json\/wp\/v2\/product_brand?post=15951"},{"taxonomy":"product_cat","embeddable":true,"href":"https:\/\/mekulo.com\/se\/wp-json\/wp\/v2\/product_cat?post=15951"},{"taxonomy":"product_tag","embeddable":true,"href":"https:\/\/mekulo.com\/se\/wp-json\/wp\/v2\/product_tag?post=15951"}],"curies":[{"name":"wp","href":"https:\/\/api.w.org\/{rel}","templated":true}]}}