{"id":15918,"date":"2026-01-09T13:10:30","date_gmt":"2026-01-09T11:10:30","guid":{"rendered":"https:\/\/mekulo.com\/se\/produkt\/justerbara-hangslen\/"},"modified":"2026-01-09T19:46:32","modified_gmt":"2026-01-09T17:46:32","slug":"justerbara-hangslen","status":"publish","type":"product","link":"https:\/\/mekulo.com\/se\/produkt\/justerbara-hangslen\/","title":{"rendered":"Justerbara h\u00e4ngslen"},"content":{"rendered":"<p style=\"text-align: center;\" data-start=\"27\" data-end=\"95\"><strong data-start=\"27\" data-end=\"95\">H\u00e5ll dig bekv\u00e4m och h\u00e5ll dina byxor perfekt p\u00e5 plats hela dagen. \ud83d\udc56<\/strong><img fetchpriority=\"high\" decoding=\"async\" class=\"size-full wp-image-47671 aligncenter\" src=\"https:\/\/keluvo.com\/template\/wp-content\/uploads\/sites\/5\/2025\/12\/12217-ezgif.com-video-to-webp-converter-2.webp\" alt=\"\" width=\"500\" height=\"500\" \/><\/p>\n<h2 style=\"text-align: center;\" data-start=\"371\" data-end=\"393\">Huvudsakliga f\u00f6rdelar<\/h2>\n<p data-start=\"396\" data-end=\"460\">\ud83e\uddf7 S\u00e4kert X-format st\u00f6d &#8211; F\u00f6rhindrar att byxorna h\u00e4nger och glider.<\/p>\n<p data-start=\"463\" data-end=\"532\">\ud83d\udd04 Fullt justerbar passform &#8211; L\u00e4tt att anpassa f\u00f6r komfort hela dagen.<\/p>\n<p data-start=\"535\" data-end=\"608\">\ud83e\uddf5 Elastiskt &amp; slitstarkt tyg &#8211; R\u00f6r sig med din kropp utan tryck.<\/p>\n<p data-start=\"611\" data-end=\"684\">\ud83c\udfa9 Snygga metallsp\u00e4nnen &#8211; Antik bronsfinish f\u00f6r en klassisk look.<\/p>\n<p data-start=\"687\" data-end=\"750\">\ud83e\uddf3 L\u00e4tt och resv\u00e4nlig &#8211; enkel att vika ihop och f\u00f6rvara.<\/p>\n<p data-start=\"687\" data-end=\"750\"><img decoding=\"async\" class=\"size-full wp-image-47667 aligncenter\" src=\"https:\/\/keluvo.com\/template\/wp-content\/uploads\/sites\/5\/2025\/12\/12218-ezgif.com-video-to-webp-converter-2.webp\" alt=\"\" width=\"500\" height=\"500\" \/><\/p>\n<h2 style=\"text-align: center;\" data-start=\"757\" data-end=\"776\"><strong>Anv\u00e4ndning<\/strong><\/h2>\n<ol data-start=\"777\" data-end=\"984\">\n<li data-start=\"777\" data-end=\"838\">\n<p data-start=\"780\" data-end=\"838\">F\u00e4st de fyra clipsen i midjebandet p\u00e5 dina byxor.<\/p>\n<\/li>\n<li data-start=\"839\" data-end=\"885\">\n<p data-start=\"842\" data-end=\"885\">Justera banden till \u00f6nskad l\u00e4ngd.<\/p>\n<\/li>\n<li data-start=\"886\" data-end=\"938\">\n<p data-start=\"889\" data-end=\"938\">Korsa h\u00e4ngslena baktill i X-form.<\/p>\n<\/li>\n<li data-start=\"939\" data-end=\"984\">\n<p data-start=\"942\" data-end=\"984\">B\u00e4r bekv\u00e4mt under eller \u00f6ver kl\u00e4der.<\/p>\n<\/li>\n<\/ol>\n<h2 style=\"text-align: center;\" data-start=\"991\" data-end=\"1015\"><strong>Produktdetaljer<\/strong><\/h2>\n<ul data-start=\"1016\" data-end=\"1256\">\n<li data-start=\"1016\" data-end=\"1047\">\n<p data-start=\"1018\" data-end=\"1047\">Material: Elastisk polyester<\/p>\n<\/li>\n<li data-start=\"1048\" data-end=\"1091\">\n<p data-start=\"1050\" data-end=\"1091\">Design: X-formad med 4 avtagbara clips<\/p>\n<\/li>\n<li data-start=\"1092\" data-end=\"1126\">\n<p data-start=\"1094\" data-end=\"1126\">Sp\u00e4nnen: Antik bronsfinish<\/p>\n<\/li>\n<li data-start=\"1127\" data-end=\"1152\">\n<p data-start=\"1129\" data-end=\"1152\">Fit: Fullt justerbar<\/p>\n<\/li>\n<li data-start=\"1153\" data-end=\"1217\">\n<p data-start=\"1155\" data-end=\"1217\">Stil: L\u00e4mplig f\u00f6r aff\u00e4rer, dagliga kl\u00e4der, evenemang och resor<\/p>\n<\/li>\n<li data-start=\"1218\" data-end=\"1236\">\n<p data-start=\"1220\" data-end=\"1236\">Storlek: 120 x 3,5 cm<\/p>\n<\/li>\n<\/ul>\n<h2 style=\"text-align: center;\" data-start=\"1263\" data-end=\"1288\"><strong>Paketet inneh\u00e5ller<\/strong><\/h2>\n<ul data-start=\"1289\" data-end=\"1335\">\n<li data-start=\"1289\" data-end=\"1335\">\n<p data-start=\"1291\" data-end=\"1335\">1, 2x justerbara elastiska X-formade h\u00e4ngslen.<\/p>\n<\/li>\n<\/ul>\n","protected":false},"excerpt":{"rendered":"<p style=\"text-align: left;\" data-start=\"97\" data-end=\"364\">Dessa justerbara h\u00e4ngslen ger ett s\u00e4kert och balanserat grepp utan att kl\u00e4mma eller glida. Den elastiska X-formade designen f\u00f6rdelar vikten j\u00e4mnt, vilket g\u00f6r dem idealiska f\u00f6r daglig anv\u00e4ndning, arbete, resor och speciella tillf\u00e4llen samtidigt som de ger en ren och elegant look till alla kl\u00e4der. En praktisk och snygg accessoar som ger komfort, stabilitet och sj\u00e4lvf\u00f6rtroende oavsett vart dagen tar dig.<\/p>\n<p data-start=\"97\" data-end=\"364\">\n","protected":false},"featured_media":15914,"comment_status":"open","ping_status":"closed","template":"","meta":{"site-sidebar-layout":"default","site-content-layout":"","ast-site-content-layout":"default","site-content-style":"default","site-sidebar-style":"default","ast-global-header-display":"","ast-banner-title-visibility":"","ast-main-header-display":"","ast-hfb-above-header-display":"","ast-hfb-below-header-display":"","ast-hfb-mobile-header-display":"","site-post-title":"","ast-breadcrumbs-content":"","ast-featured-img":"","footer-sml-layout":"","theme-transparent-header-meta":"default","adv-header-id-meta":"","stick-header-meta":"","header-above-stick-meta":"","header-main-stick-meta":"","header-below-stick-meta":"","astra-migrate-meta-layouts":"set","ast-page-background-enabled":"default","ast-page-background-meta":{"desktop":{"background-color":"var(--ast-global-color-5)","background-image":"","background-repeat":"repeat","background-position":"center center","background-size":"auto","background-attachment":"scroll","background-type":"","background-media":"","overlay-type":"","overlay-color":"","overlay-opacity":"","overlay-gradient":""},"tablet":{"background-color":"","background-image":"","background-repeat":"repeat","background-position":"center center","background-size":"auto","background-attachment":"scroll","background-type":"","background-media":"","overlay-type":"","overlay-color":"","overlay-opacity":"","overlay-gradient":""},"mobile":{"background-color":"","background-image":"","background-repeat":"repeat","background-position":"center center","background-size":"auto","background-attachment":"scroll","background-type":"","background-media":"","overlay-type":"","overlay-color":"","overlay-opacity":"","overlay-gradient":""}},"ast-content-background-meta":{"desktop":{"background-color":"var(--ast-global-color-4)","background-image":"","background-repeat":"repeat","background-position":"center center","background-size":"auto","background-attachment":"scroll","background-type":"","background-media":"","overlay-type":"","overlay-color":"","overlay-opacity":"","overlay-gradient":""},"tablet":{"background-color":"var(--ast-global-color-4)","background-image":"","background-repeat":"repeat","background-position":"center center","background-size":"auto","background-attachment":"scroll","background-type":"","background-media":"","overlay-type":"","overlay-color":"","overlay-opacity":"","overlay-gradient":""},"mobile":{"background-color":"var(--ast-global-color-4)","background-image":"","background-repeat":"repeat","background-position":"center center","background-size":"auto","background-attachment":"scroll","background-type":"","background-media":"","overlay-type":"","overlay-color":"","overlay-opacity":"","overlay-gradient":""}}},"product_brand":[],"product_cat":[163,165],"product_tag":[],"class_list":{"0":"post-15918","1":"product","2":"type-product","3":"status-publish","4":"has-post-thumbnail","6":"product_cat-klader-for-man","7":"product_cat-skor-accessoarer","8":"pa_65451_150qsslq-1-st","9":"pa_65451_150qsslq-2-st","10":"pa_65451_piyhiycl-beige","11":"pa_65451_piyhiycl-bla","12":"pa_65451_piyhiycl-brun","13":"pa_65451_piyhiycl-gra","14":"pa_65451_piyhiycl-gron","15":"pa_65451_piyhiycl-svart","16":"desktop-align-left","17":"tablet-align-left","18":"mobile-align-left","20":"first","21":"instock","22":"shipping-taxable","23":"purchasable","24":"product-type-variable","25":"has-default-attributes"},"yoast_head":"<!-- This site is optimized with the Yoast SEO plugin v26.6 - https:\/\/yoast.com\/wordpress\/plugins\/seo\/ -->\n<title>Justerbara h\u00e4ngslen - Mekulo SE<\/title>\n<meta name=\"robots\" content=\"index, follow, max-snippet:-1, max-image-preview:large, max-video-preview:-1\" \/>\n<link rel=\"canonical\" href=\"https:\/\/mekulo.com\/se\/produkt\/justerbara-hangslen\/\" \/>\n<meta property=\"og:locale\" content=\"sv_SE\" \/>\n<meta property=\"og:type\" content=\"article\" \/>\n<meta property=\"og:title\" content=\"Justerbara h\u00e4ngslen - Mekulo SE\" \/>\n<meta property=\"og:description\" content=\"Dessa justerbara h\u00e4ngslen ger ett s\u00e4kert och balanserat grepp utan att kl\u00e4mma eller glida. Den elastiska X-formade designen f\u00f6rdelar vikten j\u00e4mnt, vilket g\u00f6r dem idealiska f\u00f6r daglig anv\u00e4ndning, arbete, resor och speciella tillf\u00e4llen samtidigt som de ger en ren och elegant look till alla kl\u00e4der. En praktisk och snygg accessoar som ger komfort, stabilitet och sj\u00e4lvf\u00f6rtroende oavsett vart dagen tar dig.\" \/>\n<meta property=\"og:url\" content=\"https:\/\/mekulo.com\/se\/produkt\/justerbara-hangslen\/\" \/>\n<meta property=\"og:site_name\" content=\"Mekulo SE\" \/>\n<meta property=\"article:modified_time\" content=\"2026-01-09T17:46:32+00:00\" \/>\n<meta property=\"og:image\" content=\"https:\/\/mekulo.com\/se\/wp-content\/uploads\/sites\/11\/2026\/01\/0hl3h5m-1.webp\" \/>\n\t<meta property=\"og:image:width\" content=\"713\" \/>\n\t<meta property=\"og:image:height\" content=\"713\" \/>\n\t<meta property=\"og:image:type\" content=\"image\/webp\" \/>\n<meta name=\"twitter:card\" content=\"summary_large_image\" \/>\n<meta name=\"twitter:label1\" content=\"Ber\u00e4knad l\u00e4stid\" \/>\n\t<meta name=\"twitter:data1\" content=\"2 minuter\" \/>\n<script type=\"application\/ld+json\" class=\"yoast-schema-graph\">{\"@context\":\"https:\/\/schema.org\",\"@graph\":[{\"@type\":\"WebPage\",\"@id\":\"https:\/\/mekulo.com\/se\/produkt\/justerbara-hangslen\/\",\"url\":\"https:\/\/mekulo.com\/se\/produkt\/justerbara-hangslen\/\",\"name\":\"Justerbara h\u00e4ngslen - Mekulo SE\",\"isPartOf\":{\"@id\":\"https:\/\/mekulo.com\/se\/#website\"},\"primaryImageOfPage\":{\"@id\":\"https:\/\/mekulo.com\/se\/produkt\/justerbara-hangslen\/#primaryimage\"},\"image\":{\"@id\":\"https:\/\/mekulo.com\/se\/produkt\/justerbara-hangslen\/#primaryimage\"},\"thumbnailUrl\":\"https:\/\/mekulo.com\/se\/wp-content\/uploads\/sites\/11\/2026\/01\/0hl3h5m-1.webp\",\"datePublished\":\"2026-01-09T11:10:30+00:00\",\"dateModified\":\"2026-01-09T17:46:32+00:00\",\"breadcrumb\":{\"@id\":\"https:\/\/mekulo.com\/se\/produkt\/justerbara-hangslen\/#breadcrumb\"},\"inLanguage\":\"sv-SE\",\"potentialAction\":[{\"@type\":\"ReadAction\",\"target\":[\"https:\/\/mekulo.com\/se\/produkt\/justerbara-hangslen\/\"]}]},{\"@type\":\"ImageObject\",\"inLanguage\":\"sv-SE\",\"@id\":\"https:\/\/mekulo.com\/se\/produkt\/justerbara-hangslen\/#primaryimage\",\"url\":\"https:\/\/mekulo.com\/se\/wp-content\/uploads\/sites\/11\/2026\/01\/0hl3h5m-1.webp\",\"contentUrl\":\"https:\/\/mekulo.com\/se\/wp-content\/uploads\/sites\/11\/2026\/01\/0hl3h5m-1.webp\",\"width\":713,\"height\":713},{\"@type\":\"BreadcrumbList\",\"@id\":\"https:\/\/mekulo.com\/se\/produkt\/justerbara-hangslen\/#breadcrumb\",\"itemListElement\":[{\"@type\":\"ListItem\",\"position\":1,\"name\":\"Home\",\"item\":\"https:\/\/mekulo.com\/se\/\"},{\"@type\":\"ListItem\",\"position\":2,\"name\":\"Butik\",\"item\":\"https:\/\/mekulo.com\/se\/butik\/\"},{\"@type\":\"ListItem\",\"position\":3,\"name\":\"Justerbara h\u00e4ngslen\"}]},{\"@type\":\"WebSite\",\"@id\":\"https:\/\/mekulo.com\/se\/#website\",\"url\":\"https:\/\/mekulo.com\/se\/\",\"name\":\"Mekulo SE\",\"description\":\"\",\"publisher\":{\"@id\":\"https:\/\/mekulo.com\/se\/#organization\"},\"potentialAction\":[{\"@type\":\"SearchAction\",\"target\":{\"@type\":\"EntryPoint\",\"urlTemplate\":\"https:\/\/mekulo.com\/se\/?s={search_term_string}\"},\"query-input\":{\"@type\":\"PropertyValueSpecification\",\"valueRequired\":true,\"valueName\":\"search_term_string\"}}],\"inLanguage\":\"sv-SE\"},{\"@type\":\"Organization\",\"@id\":\"https:\/\/mekulo.com\/se\/#organization\",\"name\":\"Mekulo\",\"url\":\"https:\/\/mekulo.com\/se\/\",\"logo\":{\"@type\":\"ImageObject\",\"inLanguage\":\"sv-SE\",\"@id\":\"https:\/\/mekulo.com\/se\/#\/schema\/logo\/image\/\",\"url\":\"https:\/\/mekulo.com\/se\/wp-content\/uploads\/sites\/11\/2025\/12\/favicon_mekulo.png\",\"contentUrl\":\"https:\/\/mekulo.com\/se\/wp-content\/uploads\/sites\/11\/2025\/12\/favicon_mekulo.png\",\"width\":50,\"height\":50,\"caption\":\"Mekulo\"},\"image\":{\"@id\":\"https:\/\/mekulo.com\/se\/#\/schema\/logo\/image\/\"}}]}<\/script>\n<!-- \/ Yoast SEO plugin. -->","yoast_head_json":{"title":"Justerbara h\u00e4ngslen - Mekulo SE","robots":{"index":"index","follow":"follow","max-snippet":"max-snippet:-1","max-image-preview":"max-image-preview:large","max-video-preview":"max-video-preview:-1"},"canonical":"https:\/\/mekulo.com\/se\/produkt\/justerbara-hangslen\/","og_locale":"sv_SE","og_type":"article","og_title":"Justerbara h\u00e4ngslen - Mekulo SE","og_description":"Dessa justerbara h\u00e4ngslen ger ett s\u00e4kert och balanserat grepp utan att kl\u00e4mma eller glida. Den elastiska X-formade designen f\u00f6rdelar vikten j\u00e4mnt, vilket g\u00f6r dem idealiska f\u00f6r daglig anv\u00e4ndning, arbete, resor och speciella tillf\u00e4llen samtidigt som de ger en ren och elegant look till alla kl\u00e4der. En praktisk och snygg accessoar som ger komfort, stabilitet och sj\u00e4lvf\u00f6rtroende oavsett vart dagen tar dig.","og_url":"https:\/\/mekulo.com\/se\/produkt\/justerbara-hangslen\/","og_site_name":"Mekulo SE","article_modified_time":"2026-01-09T17:46:32+00:00","og_image":[{"width":713,"height":713,"url":"https:\/\/mekulo.com\/se\/wp-content\/uploads\/sites\/11\/2026\/01\/0hl3h5m-1.webp","type":"image\/webp"}],"twitter_card":"summary_large_image","twitter_misc":{"Ber\u00e4knad l\u00e4stid":"2 minuter"},"schema":{"@context":"https:\/\/schema.org","@graph":[{"@type":"WebPage","@id":"https:\/\/mekulo.com\/se\/produkt\/justerbara-hangslen\/","url":"https:\/\/mekulo.com\/se\/produkt\/justerbara-hangslen\/","name":"Justerbara h\u00e4ngslen - Mekulo SE","isPartOf":{"@id":"https:\/\/mekulo.com\/se\/#website"},"primaryImageOfPage":{"@id":"https:\/\/mekulo.com\/se\/produkt\/justerbara-hangslen\/#primaryimage"},"image":{"@id":"https:\/\/mekulo.com\/se\/produkt\/justerbara-hangslen\/#primaryimage"},"thumbnailUrl":"https:\/\/mekulo.com\/se\/wp-content\/uploads\/sites\/11\/2026\/01\/0hl3h5m-1.webp","datePublished":"2026-01-09T11:10:30+00:00","dateModified":"2026-01-09T17:46:32+00:00","breadcrumb":{"@id":"https:\/\/mekulo.com\/se\/produkt\/justerbara-hangslen\/#breadcrumb"},"inLanguage":"sv-SE","potentialAction":[{"@type":"ReadAction","target":["https:\/\/mekulo.com\/se\/produkt\/justerbara-hangslen\/"]}]},{"@type":"ImageObject","inLanguage":"sv-SE","@id":"https:\/\/mekulo.com\/se\/produkt\/justerbara-hangslen\/#primaryimage","url":"https:\/\/mekulo.com\/se\/wp-content\/uploads\/sites\/11\/2026\/01\/0hl3h5m-1.webp","contentUrl":"https:\/\/mekulo.com\/se\/wp-content\/uploads\/sites\/11\/2026\/01\/0hl3h5m-1.webp","width":713,"height":713},{"@type":"BreadcrumbList","@id":"https:\/\/mekulo.com\/se\/produkt\/justerbara-hangslen\/#breadcrumb","itemListElement":[{"@type":"ListItem","position":1,"name":"Home","item":"https:\/\/mekulo.com\/se\/"},{"@type":"ListItem","position":2,"name":"Butik","item":"https:\/\/mekulo.com\/se\/butik\/"},{"@type":"ListItem","position":3,"name":"Justerbara h\u00e4ngslen"}]},{"@type":"WebSite","@id":"https:\/\/mekulo.com\/se\/#website","url":"https:\/\/mekulo.com\/se\/","name":"Mekulo SE","description":"","publisher":{"@id":"https:\/\/mekulo.com\/se\/#organization"},"potentialAction":[{"@type":"SearchAction","target":{"@type":"EntryPoint","urlTemplate":"https:\/\/mekulo.com\/se\/?s={search_term_string}"},"query-input":{"@type":"PropertyValueSpecification","valueRequired":true,"valueName":"search_term_string"}}],"inLanguage":"sv-SE"},{"@type":"Organization","@id":"https:\/\/mekulo.com\/se\/#organization","name":"Mekulo","url":"https:\/\/mekulo.com\/se\/","logo":{"@type":"ImageObject","inLanguage":"sv-SE","@id":"https:\/\/mekulo.com\/se\/#\/schema\/logo\/image\/","url":"https:\/\/mekulo.com\/se\/wp-content\/uploads\/sites\/11\/2025\/12\/favicon_mekulo.png","contentUrl":"https:\/\/mekulo.com\/se\/wp-content\/uploads\/sites\/11\/2025\/12\/favicon_mekulo.png","width":50,"height":50,"caption":"Mekulo"},"image":{"@id":"https:\/\/mekulo.com\/se\/#\/schema\/logo\/image\/"}}]}},"_links":{"self":[{"href":"https:\/\/mekulo.com\/se\/wp-json\/wp\/v2\/product\/15918","targetHints":{"allow":["GET"]}}],"collection":[{"href":"https:\/\/mekulo.com\/se\/wp-json\/wp\/v2\/product"}],"about":[{"href":"https:\/\/mekulo.com\/se\/wp-json\/wp\/v2\/types\/product"}],"replies":[{"embeddable":true,"href":"https:\/\/mekulo.com\/se\/wp-json\/wp\/v2\/comments?post=15918"}],"wp:featuredmedia":[{"embeddable":true,"href":"https:\/\/mekulo.com\/se\/wp-json\/wp\/v2\/media\/15914"}],"wp:attachment":[{"href":"https:\/\/mekulo.com\/se\/wp-json\/wp\/v2\/media?parent=15918"}],"wp:term":[{"taxonomy":"product_brand","embeddable":true,"href":"https:\/\/mekulo.com\/se\/wp-json\/wp\/v2\/product_brand?post=15918"},{"taxonomy":"product_cat","embeddable":true,"href":"https:\/\/mekulo.com\/se\/wp-json\/wp\/v2\/product_cat?post=15918"},{"taxonomy":"product_tag","embeddable":true,"href":"https:\/\/mekulo.com\/se\/wp-json\/wp\/v2\/product_tag?post=15918"}],"curies":[{"name":"wp","href":"https:\/\/api.w.org\/{rel}","templated":true}]}}