{"id":15908,"date":"2026-01-09T13:08:47","date_gmt":"2026-01-09T11:08:47","guid":{"rendered":"https:\/\/mekulo.com\/se\/produkt\/barbar-multifunktionell-kottskivare\/"},"modified":"2026-01-09T19:41:09","modified_gmt":"2026-01-09T17:41:09","slug":"barbar-multifunktionell-kottskivare","status":"publish","type":"product","link":"https:\/\/mekulo.com\/se\/produkt\/barbar-multifunktionell-kottskivare\/","title":{"rendered":"B\u00e4rbar multifunktionell k\u00f6ttskivare"},"content":{"rendered":"<p style=\"text-align: center;\" data-start=\"45\" data-end=\"124\"><strong>Skiva k\u00f6tt och gr\u00f6nsaker j\u00e4mnt och snabbt med mindre anstr\u00e4ngning och mer kontroll. \ud83e\udd69\ud83c\udf45<\/strong><\/p>\n<p data-start=\"149\" data-end=\"469\"><img fetchpriority=\"high\" decoding=\"async\" class=\" wp-image-47654 aligncenter\" src=\"https:\/\/keluvo.com\/template\/wp-content\/uploads\/sites\/5\/2025\/12\/280x280_3_480x480.webp\" alt=\"\" width=\"500\" height=\"500\" \/><\/p>\n<h2 style=\"text-align: center;\" data-start=\"476\" data-end=\"498\"><strong>\ud83d\udd2a Huvudsakliga f\u00f6rdelar<\/strong><\/h2>\n<p data-start=\"501\" data-end=\"569\">\u26a1 Snabb och j\u00e4mn skivning &#8211; enhetliga bitar p\u00e5 bara n\u00e5gra sekunder.<\/p>\n<p data-start=\"572\" data-end=\"643\">\ud83d\udd90\ufe0f Enkel och smidig &#8211; ingen anstr\u00e4ngning av handleden som med traditionella knivar.<\/p>\n<p data-start=\"646\" data-end=\"713\">\ud83d\udee1\ufe0f S\u00e4krare \u00e4n att sk\u00e4ra f\u00f6r hand &#8211; minskad risk f\u00f6r oavsiktliga sk\u00e4rs\u00e5r.<\/p>\n<p data-start=\"716\" data-end=\"788\">\ud83c\udf56 Kan anv\u00e4ndas till flera livsmedel &#8211; k\u00f6tt, gr\u00f6nsaker, riskakor, ost med mera.<\/p>\n<p data-start=\"791\" data-end=\"852\">\ud83e\uddfc L\u00e4tt att reng\u00f6ra &#8211; Enkel struktur, hygieniska material.<\/p>\n<p data-start=\"791\" data-end=\"852\"><img decoding=\"async\" class=\" wp-image-47653 aligncenter\" src=\"https:\/\/keluvo.com\/template\/wp-content\/uploads\/sites\/5\/2025\/12\/280x280_0_480x480.webp\" alt=\"\" width=\"500\" height=\"500\" \/><\/p>\n<h2 style=\"text-align: center;\" data-start=\"859\" data-end=\"878\"><strong>\u25b6\ufe0f Hur Man Anv\u00e4nder<\/strong><\/h2>\n<ol data-start=\"879\" data-end=\"1104\">\n<li data-start=\"879\" data-end=\"933\">\n<p data-start=\"882\" data-end=\"933\">Placera sk\u00e4rmaskinen p\u00e5 ett stabilt bord eller b\u00e4nkskiva.<\/p>\n<\/li>\n<li data-start=\"934\" data-end=\"973\">\n<p data-start=\"937\" data-end=\"973\">L\u00e4gg maten p\u00e5 st\u00f6dbr\u00e4dan.<\/p>\n<\/li>\n<li data-start=\"974\" data-end=\"1002\">\n<p data-start=\"977\" data-end=\"1002\">H\u00e5ll handtaget stadigt.<\/p>\n<\/li>\n<li data-start=\"1003\" data-end=\"1049\">\n<p data-start=\"1006\" data-end=\"1049\">Skjut bladet smidigt \u00f6ver maten.<\/p>\n<\/li>\n<li data-start=\"1050\" data-end=\"1104\">\n<p data-start=\"1053\" data-end=\"1104\">Samla upp j\u00e4mnt skivade bitar och reng\u00f6r efter anv\u00e4ndning.<\/p>\n<\/li>\n<\/ol>\n<h2 style=\"text-align: center;\" data-start=\"1111\" data-end=\"1135\"><strong>\ud83d\udccf Produktdetaljer<\/strong><\/h2>\n<ul data-start=\"1136\" data-end=\"1550\">\n<li data-start=\"1136\" data-end=\"1167\">\n<p data-start=\"1138\" data-end=\"1167\">Bladmaterial: Legerat st\u00e5l<\/p>\n<\/li>\n<li data-start=\"1168\" data-end=\"1219\">\n<p data-start=\"1170\" data-end=\"1219\">Basmaterial: Milj\u00f6v\u00e4nlig teknisk plast<\/p>\n<\/li>\n<li data-start=\"1220\" data-end=\"1252\">\n<p data-start=\"1222\" data-end=\"1252\">Verktygsdyna: Livsmedelsgodk\u00e4nd plast<\/p>\n<\/li>\n<li data-start=\"1253\" data-end=\"1298\">\n<p data-start=\"1255\" data-end=\"1298\">H\u00e5rdvara: Skruvar och muttrar i rostfritt st\u00e5l<\/p>\n<\/li>\n<li data-start=\"1299\" data-end=\"1342\">\n<p data-start=\"1301\" data-end=\"1342\">Basstorlek: 32 x 14 cm<\/p>\n<\/li>\n<li data-start=\"1343\" data-end=\"1380\">\n<p data-start=\"1345\" data-end=\"1380\">Handtagsl\u00e4ngd: 36,5 cm<\/p>\n<\/li>\n<li data-start=\"1381\" data-end=\"1416\">\n<p data-start=\"1383\" data-end=\"1416\">Bladl\u00e4ngd: 11,5 cm<\/p>\n<\/li>\n<li data-start=\"1417\" data-end=\"1469\">\n<p data-start=\"1419\" data-end=\"1469\">St\u00f6dbr\u00e4dans storlek: 10 x 8,5 cm<\/p>\n<\/li>\n<li data-start=\"1470\" data-end=\"1550\">\n<p data-start=\"1472\" data-end=\"1550\">L\u00e4mplig f\u00f6r: K\u00f6tt, fisk, gr\u00f6nsaker, riskakor, ost, potatis, r\u00e4disor<\/p>\n<\/li>\n<\/ul>\n<h2 style=\"text-align: center;\" data-start=\"1557\" data-end=\"1582\"><strong>\ud83d\udce6 F\u00f6rpackningen inneh\u00e5ller<\/strong><\/h2>\n<ul data-start=\"1583\" data-end=\"1627\">\n<li data-start=\"1583\" data-end=\"1627\">\n<p data-start=\"1585\" data-end=\"1627\">1x b\u00e4rbar multifunktionell k\u00f6ttskivare.<\/p>\n<\/li>\n<\/ul>\n","protected":false},"excerpt":{"rendered":"<p>Den h\u00e4r b\u00e4rbara multifunktionella k\u00f6ttskivaren \u00e4r ett bordsverktyg som \u00e4r utformat f\u00f6r att g\u00f6ra matlagningen snabbare, s\u00e4krare och mer exakt. Den sk\u00e4r k\u00f6tt, gr\u00f6nsaker och fasta livsmedel i enhetliga skivor p\u00e5 n\u00e5gra sekunder, vilket sparar tid f\u00f6r matlagning i hemmet, grillning eller anv\u00e4ndning i sm\u00e5 restauranger. Den robusta konstruktionen och det vassa bladet ger ett rent och j\u00e4mnt resultat varje g\u00e5ng. Ett praktiskt k\u00f6ksverktyg f\u00f6r snabb, ren och exakt skivning &#8211; perfekt f\u00f6r vardagsmatlagning eller speciella tillf\u00e4llen.<\/p>\n","protected":false},"featured_media":15904,"comment_status":"open","ping_status":"closed","template":"","meta":{"site-sidebar-layout":"default","site-content-layout":"","ast-site-content-layout":"default","site-content-style":"default","site-sidebar-style":"default","ast-global-header-display":"","ast-banner-title-visibility":"","ast-main-header-display":"","ast-hfb-above-header-display":"","ast-hfb-below-header-display":"","ast-hfb-mobile-header-display":"","site-post-title":"","ast-breadcrumbs-content":"","ast-featured-img":"","footer-sml-layout":"","theme-transparent-header-meta":"default","adv-header-id-meta":"","stick-header-meta":"","header-above-stick-meta":"","header-main-stick-meta":"","header-below-stick-meta":"","astra-migrate-meta-layouts":"set","ast-page-background-enabled":"default","ast-page-background-meta":{"desktop":{"background-color":"var(--ast-global-color-5)","background-image":"","background-repeat":"repeat","background-position":"center center","background-size":"auto","background-attachment":"scroll","background-type":"","background-media":"","overlay-type":"","overlay-color":"","overlay-opacity":"","overlay-gradient":""},"tablet":{"background-color":"","background-image":"","background-repeat":"repeat","background-position":"center center","background-size":"auto","background-attachment":"scroll","background-type":"","background-media":"","overlay-type":"","overlay-color":"","overlay-opacity":"","overlay-gradient":""},"mobile":{"background-color":"","background-image":"","background-repeat":"repeat","background-position":"center center","background-size":"auto","background-attachment":"scroll","background-type":"","background-media":"","overlay-type":"","overlay-color":"","overlay-opacity":"","overlay-gradient":""}},"ast-content-background-meta":{"desktop":{"background-color":"var(--ast-global-color-4)","background-image":"","background-repeat":"repeat","background-position":"center center","background-size":"auto","background-attachment":"scroll","background-type":"","background-media":"","overlay-type":"","overlay-color":"","overlay-opacity":"","overlay-gradient":""},"tablet":{"background-color":"var(--ast-global-color-4)","background-image":"","background-repeat":"repeat","background-position":"center center","background-size":"auto","background-attachment":"scroll","background-type":"","background-media":"","overlay-type":"","overlay-color":"","overlay-opacity":"","overlay-gradient":""},"mobile":{"background-color":"var(--ast-global-color-4)","background-image":"","background-repeat":"repeat","background-position":"center center","background-size":"auto","background-attachment":"scroll","background-type":"","background-media":"","overlay-type":"","overlay-color":"","overlay-opacity":"","overlay-gradient":""}}},"product_brand":[],"product_cat":[168],"product_tag":[],"class_list":{"0":"post-15908","1":"product","2":"type-product","3":"status-publish","4":"has-post-thumbnail","6":"product_cat-hushallsartiklar","7":"desktop-align-left","8":"tablet-align-left","9":"mobile-align-left","11":"first","12":"instock","13":"shipping-taxable","14":"purchasable","15":"product-type-simple"},"yoast_head":"<!-- This site is optimized with the Yoast SEO plugin v26.6 - https:\/\/yoast.com\/wordpress\/plugins\/seo\/ -->\n<title>B\u00e4rbar multifunktionell k\u00f6ttskivare - Mekulo SE<\/title>\n<meta name=\"robots\" content=\"index, follow, max-snippet:-1, max-image-preview:large, max-video-preview:-1\" \/>\n<link rel=\"canonical\" href=\"https:\/\/mekulo.com\/se\/produkt\/barbar-multifunktionell-kottskivare\/\" \/>\n<meta property=\"og:locale\" content=\"sv_SE\" \/>\n<meta property=\"og:type\" content=\"article\" \/>\n<meta property=\"og:title\" content=\"B\u00e4rbar multifunktionell k\u00f6ttskivare - Mekulo SE\" \/>\n<meta property=\"og:description\" content=\"Den h\u00e4r b\u00e4rbara multifunktionella k\u00f6ttskivaren \u00e4r ett bordsverktyg som \u00e4r utformat f\u00f6r att g\u00f6ra matlagningen snabbare, s\u00e4krare och mer exakt. Den sk\u00e4r k\u00f6tt, gr\u00f6nsaker och fasta livsmedel i enhetliga skivor p\u00e5 n\u00e5gra sekunder, vilket sparar tid f\u00f6r matlagning i hemmet, grillning eller anv\u00e4ndning i sm\u00e5 restauranger. Den robusta konstruktionen och det vassa bladet ger ett rent och j\u00e4mnt resultat varje g\u00e5ng. Ett praktiskt k\u00f6ksverktyg f\u00f6r snabb, ren och exakt skivning - perfekt f\u00f6r vardagsmatlagning eller speciella tillf\u00e4llen.\" \/>\n<meta property=\"og:url\" content=\"https:\/\/mekulo.com\/se\/produkt\/barbar-multifunktionell-kottskivare\/\" \/>\n<meta property=\"og:site_name\" content=\"Mekulo SE\" \/>\n<meta property=\"article:modified_time\" content=\"2026-01-09T17:41:09+00:00\" \/>\n<meta property=\"og:image\" content=\"https:\/\/mekulo.com\/se\/wp-content\/uploads\/sites\/11\/2026\/01\/fa71qo4-1.jpg\" \/>\n\t<meta property=\"og:image:width\" content=\"1080\" \/>\n\t<meta property=\"og:image:height\" content=\"1080\" \/>\n\t<meta property=\"og:image:type\" content=\"image\/jpeg\" \/>\n<meta name=\"twitter:card\" content=\"summary_large_image\" \/>\n<meta name=\"twitter:label1\" content=\"Ber\u00e4knad l\u00e4stid\" \/>\n\t<meta name=\"twitter:data1\" content=\"2 minuter\" \/>\n<script type=\"application\/ld+json\" class=\"yoast-schema-graph\">{\"@context\":\"https:\/\/schema.org\",\"@graph\":[{\"@type\":\"WebPage\",\"@id\":\"https:\/\/mekulo.com\/se\/produkt\/barbar-multifunktionell-kottskivare\/\",\"url\":\"https:\/\/mekulo.com\/se\/produkt\/barbar-multifunktionell-kottskivare\/\",\"name\":\"B\u00e4rbar multifunktionell k\u00f6ttskivare - Mekulo SE\",\"isPartOf\":{\"@id\":\"https:\/\/mekulo.com\/se\/#website\"},\"primaryImageOfPage\":{\"@id\":\"https:\/\/mekulo.com\/se\/produkt\/barbar-multifunktionell-kottskivare\/#primaryimage\"},\"image\":{\"@id\":\"https:\/\/mekulo.com\/se\/produkt\/barbar-multifunktionell-kottskivare\/#primaryimage\"},\"thumbnailUrl\":\"https:\/\/mekulo.com\/se\/wp-content\/uploads\/sites\/11\/2026\/01\/fa71qo4-1.jpg\",\"datePublished\":\"2026-01-09T11:08:47+00:00\",\"dateModified\":\"2026-01-09T17:41:09+00:00\",\"breadcrumb\":{\"@id\":\"https:\/\/mekulo.com\/se\/produkt\/barbar-multifunktionell-kottskivare\/#breadcrumb\"},\"inLanguage\":\"sv-SE\",\"potentialAction\":[{\"@type\":\"ReadAction\",\"target\":[\"https:\/\/mekulo.com\/se\/produkt\/barbar-multifunktionell-kottskivare\/\"]}]},{\"@type\":\"ImageObject\",\"inLanguage\":\"sv-SE\",\"@id\":\"https:\/\/mekulo.com\/se\/produkt\/barbar-multifunktionell-kottskivare\/#primaryimage\",\"url\":\"https:\/\/mekulo.com\/se\/wp-content\/uploads\/sites\/11\/2026\/01\/fa71qo4-1.jpg\",\"contentUrl\":\"https:\/\/mekulo.com\/se\/wp-content\/uploads\/sites\/11\/2026\/01\/fa71qo4-1.jpg\",\"width\":1080,\"height\":1080},{\"@type\":\"BreadcrumbList\",\"@id\":\"https:\/\/mekulo.com\/se\/produkt\/barbar-multifunktionell-kottskivare\/#breadcrumb\",\"itemListElement\":[{\"@type\":\"ListItem\",\"position\":1,\"name\":\"Home\",\"item\":\"https:\/\/mekulo.com\/se\/\"},{\"@type\":\"ListItem\",\"position\":2,\"name\":\"Butik\",\"item\":\"https:\/\/mekulo.com\/se\/butik\/\"},{\"@type\":\"ListItem\",\"position\":3,\"name\":\"B\u00e4rbar multifunktionell k\u00f6ttskivare\"}]},{\"@type\":\"WebSite\",\"@id\":\"https:\/\/mekulo.com\/se\/#website\",\"url\":\"https:\/\/mekulo.com\/se\/\",\"name\":\"Mekulo SE\",\"description\":\"\",\"publisher\":{\"@id\":\"https:\/\/mekulo.com\/se\/#organization\"},\"potentialAction\":[{\"@type\":\"SearchAction\",\"target\":{\"@type\":\"EntryPoint\",\"urlTemplate\":\"https:\/\/mekulo.com\/se\/?s={search_term_string}\"},\"query-input\":{\"@type\":\"PropertyValueSpecification\",\"valueRequired\":true,\"valueName\":\"search_term_string\"}}],\"inLanguage\":\"sv-SE\"},{\"@type\":\"Organization\",\"@id\":\"https:\/\/mekulo.com\/se\/#organization\",\"name\":\"Mekulo\",\"url\":\"https:\/\/mekulo.com\/se\/\",\"logo\":{\"@type\":\"ImageObject\",\"inLanguage\":\"sv-SE\",\"@id\":\"https:\/\/mekulo.com\/se\/#\/schema\/logo\/image\/\",\"url\":\"https:\/\/mekulo.com\/se\/wp-content\/uploads\/sites\/11\/2025\/12\/favicon_mekulo.png\",\"contentUrl\":\"https:\/\/mekulo.com\/se\/wp-content\/uploads\/sites\/11\/2025\/12\/favicon_mekulo.png\",\"width\":50,\"height\":50,\"caption\":\"Mekulo\"},\"image\":{\"@id\":\"https:\/\/mekulo.com\/se\/#\/schema\/logo\/image\/\"}}]}<\/script>\n<!-- \/ Yoast SEO plugin. -->","yoast_head_json":{"title":"B\u00e4rbar multifunktionell k\u00f6ttskivare - Mekulo SE","robots":{"index":"index","follow":"follow","max-snippet":"max-snippet:-1","max-image-preview":"max-image-preview:large","max-video-preview":"max-video-preview:-1"},"canonical":"https:\/\/mekulo.com\/se\/produkt\/barbar-multifunktionell-kottskivare\/","og_locale":"sv_SE","og_type":"article","og_title":"B\u00e4rbar multifunktionell k\u00f6ttskivare - Mekulo SE","og_description":"Den h\u00e4r b\u00e4rbara multifunktionella k\u00f6ttskivaren \u00e4r ett bordsverktyg som \u00e4r utformat f\u00f6r att g\u00f6ra matlagningen snabbare, s\u00e4krare och mer exakt. Den sk\u00e4r k\u00f6tt, gr\u00f6nsaker och fasta livsmedel i enhetliga skivor p\u00e5 n\u00e5gra sekunder, vilket sparar tid f\u00f6r matlagning i hemmet, grillning eller anv\u00e4ndning i sm\u00e5 restauranger. Den robusta konstruktionen och det vassa bladet ger ett rent och j\u00e4mnt resultat varje g\u00e5ng. Ett praktiskt k\u00f6ksverktyg f\u00f6r snabb, ren och exakt skivning - perfekt f\u00f6r vardagsmatlagning eller speciella tillf\u00e4llen.","og_url":"https:\/\/mekulo.com\/se\/produkt\/barbar-multifunktionell-kottskivare\/","og_site_name":"Mekulo SE","article_modified_time":"2026-01-09T17:41:09+00:00","og_image":[{"width":1080,"height":1080,"url":"https:\/\/mekulo.com\/se\/wp-content\/uploads\/sites\/11\/2026\/01\/fa71qo4-1.jpg","type":"image\/jpeg"}],"twitter_card":"summary_large_image","twitter_misc":{"Ber\u00e4knad l\u00e4stid":"2 minuter"},"schema":{"@context":"https:\/\/schema.org","@graph":[{"@type":"WebPage","@id":"https:\/\/mekulo.com\/se\/produkt\/barbar-multifunktionell-kottskivare\/","url":"https:\/\/mekulo.com\/se\/produkt\/barbar-multifunktionell-kottskivare\/","name":"B\u00e4rbar multifunktionell k\u00f6ttskivare - Mekulo SE","isPartOf":{"@id":"https:\/\/mekulo.com\/se\/#website"},"primaryImageOfPage":{"@id":"https:\/\/mekulo.com\/se\/produkt\/barbar-multifunktionell-kottskivare\/#primaryimage"},"image":{"@id":"https:\/\/mekulo.com\/se\/produkt\/barbar-multifunktionell-kottskivare\/#primaryimage"},"thumbnailUrl":"https:\/\/mekulo.com\/se\/wp-content\/uploads\/sites\/11\/2026\/01\/fa71qo4-1.jpg","datePublished":"2026-01-09T11:08:47+00:00","dateModified":"2026-01-09T17:41:09+00:00","breadcrumb":{"@id":"https:\/\/mekulo.com\/se\/produkt\/barbar-multifunktionell-kottskivare\/#breadcrumb"},"inLanguage":"sv-SE","potentialAction":[{"@type":"ReadAction","target":["https:\/\/mekulo.com\/se\/produkt\/barbar-multifunktionell-kottskivare\/"]}]},{"@type":"ImageObject","inLanguage":"sv-SE","@id":"https:\/\/mekulo.com\/se\/produkt\/barbar-multifunktionell-kottskivare\/#primaryimage","url":"https:\/\/mekulo.com\/se\/wp-content\/uploads\/sites\/11\/2026\/01\/fa71qo4-1.jpg","contentUrl":"https:\/\/mekulo.com\/se\/wp-content\/uploads\/sites\/11\/2026\/01\/fa71qo4-1.jpg","width":1080,"height":1080},{"@type":"BreadcrumbList","@id":"https:\/\/mekulo.com\/se\/produkt\/barbar-multifunktionell-kottskivare\/#breadcrumb","itemListElement":[{"@type":"ListItem","position":1,"name":"Home","item":"https:\/\/mekulo.com\/se\/"},{"@type":"ListItem","position":2,"name":"Butik","item":"https:\/\/mekulo.com\/se\/butik\/"},{"@type":"ListItem","position":3,"name":"B\u00e4rbar multifunktionell k\u00f6ttskivare"}]},{"@type":"WebSite","@id":"https:\/\/mekulo.com\/se\/#website","url":"https:\/\/mekulo.com\/se\/","name":"Mekulo SE","description":"","publisher":{"@id":"https:\/\/mekulo.com\/se\/#organization"},"potentialAction":[{"@type":"SearchAction","target":{"@type":"EntryPoint","urlTemplate":"https:\/\/mekulo.com\/se\/?s={search_term_string}"},"query-input":{"@type":"PropertyValueSpecification","valueRequired":true,"valueName":"search_term_string"}}],"inLanguage":"sv-SE"},{"@type":"Organization","@id":"https:\/\/mekulo.com\/se\/#organization","name":"Mekulo","url":"https:\/\/mekulo.com\/se\/","logo":{"@type":"ImageObject","inLanguage":"sv-SE","@id":"https:\/\/mekulo.com\/se\/#\/schema\/logo\/image\/","url":"https:\/\/mekulo.com\/se\/wp-content\/uploads\/sites\/11\/2025\/12\/favicon_mekulo.png","contentUrl":"https:\/\/mekulo.com\/se\/wp-content\/uploads\/sites\/11\/2025\/12\/favicon_mekulo.png","width":50,"height":50,"caption":"Mekulo"},"image":{"@id":"https:\/\/mekulo.com\/se\/#\/schema\/logo\/image\/"}}]}},"_links":{"self":[{"href":"https:\/\/mekulo.com\/se\/wp-json\/wp\/v2\/product\/15908","targetHints":{"allow":["GET"]}}],"collection":[{"href":"https:\/\/mekulo.com\/se\/wp-json\/wp\/v2\/product"}],"about":[{"href":"https:\/\/mekulo.com\/se\/wp-json\/wp\/v2\/types\/product"}],"replies":[{"embeddable":true,"href":"https:\/\/mekulo.com\/se\/wp-json\/wp\/v2\/comments?post=15908"}],"wp:featuredmedia":[{"embeddable":true,"href":"https:\/\/mekulo.com\/se\/wp-json\/wp\/v2\/media\/15904"}],"wp:attachment":[{"href":"https:\/\/mekulo.com\/se\/wp-json\/wp\/v2\/media?parent=15908"}],"wp:term":[{"taxonomy":"product_brand","embeddable":true,"href":"https:\/\/mekulo.com\/se\/wp-json\/wp\/v2\/product_brand?post=15908"},{"taxonomy":"product_cat","embeddable":true,"href":"https:\/\/mekulo.com\/se\/wp-json\/wp\/v2\/product_cat?post=15908"},{"taxonomy":"product_tag","embeddable":true,"href":"https:\/\/mekulo.com\/se\/wp-json\/wp\/v2\/product_tag?post=15908"}],"curies":[{"name":"wp","href":"https:\/\/api.w.org\/{rel}","templated":true}]}}