{"id":15844,"date":"2026-01-09T13:03:54","date_gmt":"2026-01-09T11:03:54","guid":{"rendered":"https:\/\/mekulo.com\/se\/produkt\/verktyg-for-bromsfjaderbricka\/"},"modified":"2026-01-09T19:31:14","modified_gmt":"2026-01-09T17:31:14","slug":"verktyg-for-bromsfjaderbricka","status":"publish","type":"product","link":"https:\/\/mekulo.com\/se\/produkt\/verktyg-for-bromsfjaderbricka\/","title":{"rendered":"Verktyg f\u00f6r bromsfj\u00e4derbricka"},"content":{"rendered":"<p style=\"text-align: center;\" data-start=\"49\" data-end=\"120\"><strong>Komprimera och montera bromsfj\u00e4drar snabbt och s\u00e4kert med mindre anstr\u00e4ngning. \ud83d\ude97<\/strong><\/p>\n<p data-start=\"145\" data-end=\"436\"><img fetchpriority=\"high\" decoding=\"async\" class=\"size-full wp-image-47597 aligncenter\" src=\"https:\/\/keluvo.com\/template\/wp-content\/uploads\/sites\/5\/2025\/12\/1221-ezgif.com-video-to-webp-converter-2.webp\" alt=\"\" width=\"500\" height=\"500\" \/><\/p>\n<h2 style=\"text-align: center;\" data-start=\"443\" data-end=\"466\">Huvudsakliga f\u00f6rdelar<\/h2>\n<p data-start=\"469\" data-end=\"537\">\ud83d\udcaa Stark st\u00e5lkonstruktion &#8211; Byggd f\u00f6r tunga bromsarbeten.<\/p>\n<p data-start=\"540\" data-end=\"600\">\u270b Ergonomiskt grepp &#8211; Minskar handtr\u00f6tthet under reparationer.<\/p>\n<p data-start=\"603\" data-end=\"664\">\ud83d\udd25 V\u00e4rmebest\u00e4ndigt handtag &#8211; Skyddar h\u00e4nderna under arbetet.<\/p>\n<p data-start=\"667\" data-end=\"737\">\u2699\ufe0f Multifunktionell anv\u00e4ndning &#8211; Fungerar med fj\u00e4drar, koppar och bromsbackar.<\/p>\n<p data-start=\"740\" data-end=\"812\">\ud83d\ude97 Bred kompatibilitet &#8211; L\u00e4mplig f\u00f6r bilar, lastbilar och motorcyklar.<\/p>\n<p data-start=\"740\" data-end=\"812\"><img decoding=\"async\" class=\"size-full wp-image-47592 aligncenter\" src=\"https:\/\/keluvo.com\/template\/wp-content\/uploads\/sites\/5\/2025\/12\/12211-ezgif.com-video-to-webp-converter-2.webp\" alt=\"\" width=\"500\" height=\"500\" \/><\/p>\n<h2 style=\"text-align: center;\" data-start=\"819\" data-end=\"838\"><strong>Hur Man Anv\u00e4nder<\/strong><\/h2>\n<ol data-start=\"839\" data-end=\"1094\">\n<li data-start=\"839\" data-end=\"894\">\n<p data-start=\"842\" data-end=\"894\">Placera verktyget \u00f6ver bromsfj\u00e4dern eller brickan.<\/p>\n<\/li>\n<li data-start=\"895\" data-end=\"945\">\n<p data-start=\"898\" data-end=\"945\">Applicera f\u00f6rsiktigt tryck f\u00f6r att komprimera fj\u00e4dern.<\/p>\n<\/li>\n<li data-start=\"946\" data-end=\"999\">\n<p data-start=\"949\" data-end=\"999\">Ta bort eller installera bromskomponenten efter behov.<\/p>\n<\/li>\n<li data-start=\"1000\" data-end=\"1050\">\n<p data-start=\"1003\" data-end=\"1050\">Sl\u00e4pp trycket l\u00e5ngsamt f\u00f6r s\u00e4ker positionering.<\/p>\n<\/li>\n<li data-start=\"1051\" data-end=\"1094\">\n<p data-start=\"1054\" data-end=\"1094\">Upprepa f\u00f6r \u00e5terst\u00e5ende bromskomponenter.<\/p>\n<\/li>\n<\/ol>\n<h2 style=\"text-align: center;\" data-start=\"1101\" data-end=\"1125\"><strong>Produktdetaljer<\/strong><\/h2>\n<ul data-start=\"1126\" data-end=\"1310\">\n<li data-start=\"1126\" data-end=\"1159\">\n<p data-start=\"1128\" data-end=\"1159\">Material: St\u00e5l + ABS-plast<\/p>\n<\/li>\n<li data-start=\"1197\" data-end=\"1242\">\n<p data-start=\"1199\" data-end=\"1242\">Dimensioner: 14,5 x 2,5 cm<\/p>\n<\/li>\n<li data-start=\"1243\" data-end=\"1259\">\n<p data-start=\"1245\" data-end=\"1259\">Vikt: 90 g<\/p>\n<\/li>\n<li data-start=\"1260\" data-end=\"1310\">\n<p data-start=\"1262\" data-end=\"1310\">Anv\u00e4ndning: Bromsreparationer, mekaniska reparationer och hemreparationer<\/p>\n<\/li>\n<\/ul>\n<h2 style=\"text-align: center;\" data-start=\"1317\" data-end=\"1342\"><strong>Paketet inneh\u00e5ller<\/strong><\/h2>\n<ul data-start=\"1343\" data-end=\"1375\">\n<li data-start=\"1343\" data-end=\"1375\">\n<p data-start=\"1345\" data-end=\"1375\">1, 2x bromsfj\u00e4derbricka verktyg\/s.<\/p>\n<\/li>\n<\/ul>\n","protected":false},"excerpt":{"rendered":"<p>Detta verktyg f\u00f6r bromsfj\u00e4derbricka g\u00f6r reparationer av trumbromsar snabbare och enklare genom att hj\u00e4lpa dig att komprimera, ta bort och installera bromsfj\u00e4drar med full kontroll. Det ergonomiska handtaget och den starka st\u00e5lkroppen minskar belastningen p\u00e5 h\u00e4nderna och f\u00f6rb\u00e4ttrar s\u00e4kerheten, oavsett om du \u00e4r en professionell mekaniker eller en bil\u00e4gare som g\u00f6r allt sj\u00e4lv.<\/p>\n","protected":false},"featured_media":15840,"comment_status":"open","ping_status":"closed","template":"","meta":{"site-sidebar-layout":"default","site-content-layout":"","ast-site-content-layout":"default","site-content-style":"default","site-sidebar-style":"default","ast-global-header-display":"","ast-banner-title-visibility":"","ast-main-header-display":"","ast-hfb-above-header-display":"","ast-hfb-below-header-display":"","ast-hfb-mobile-header-display":"","site-post-title":"","ast-breadcrumbs-content":"","ast-featured-img":"","footer-sml-layout":"","theme-transparent-header-meta":"default","adv-header-id-meta":"","stick-header-meta":"","header-above-stick-meta":"","header-main-stick-meta":"","header-below-stick-meta":"","astra-migrate-meta-layouts":"set","ast-page-background-enabled":"default","ast-page-background-meta":{"desktop":{"background-color":"var(--ast-global-color-5)","background-image":"","background-repeat":"repeat","background-position":"center center","background-size":"auto","background-attachment":"scroll","background-type":"","background-media":"","overlay-type":"","overlay-color":"","overlay-opacity":"","overlay-gradient":""},"tablet":{"background-color":"","background-image":"","background-repeat":"repeat","background-position":"center center","background-size":"auto","background-attachment":"scroll","background-type":"","background-media":"","overlay-type":"","overlay-color":"","overlay-opacity":"","overlay-gradient":""},"mobile":{"background-color":"","background-image":"","background-repeat":"repeat","background-position":"center center","background-size":"auto","background-attachment":"scroll","background-type":"","background-media":"","overlay-type":"","overlay-color":"","overlay-opacity":"","overlay-gradient":""}},"ast-content-background-meta":{"desktop":{"background-color":"var(--ast-global-color-4)","background-image":"","background-repeat":"repeat","background-position":"center center","background-size":"auto","background-attachment":"scroll","background-type":"","background-media":"","overlay-type":"","overlay-color":"","overlay-opacity":"","overlay-gradient":""},"tablet":{"background-color":"var(--ast-global-color-4)","background-image":"","background-repeat":"repeat","background-position":"center center","background-size":"auto","background-attachment":"scroll","background-type":"","background-media":"","overlay-type":"","overlay-color":"","overlay-opacity":"","overlay-gradient":""},"mobile":{"background-color":"var(--ast-global-color-4)","background-image":"","background-repeat":"repeat","background-position":"center center","background-size":"auto","background-attachment":"scroll","background-type":"","background-media":"","overlay-type":"","overlay-color":"","overlay-opacity":"","overlay-gradient":""}}},"product_brand":[],"product_cat":[161,171],"product_tag":[],"class_list":{"0":"post-15844","1":"product","2":"type-product","3":"status-publish","4":"has-post-thumbnail","6":"product_cat-bilprodukter","7":"product_cat-verktyg","8":"pa_65359_iuwl9nnr-1-st","9":"pa_65359_iuwl9nnr-2-st","10":"pa_65359_u7fl26c4-gron","11":"pa_65359_u7fl26c4-rod","12":"pa_65359_u7fl26c4-svart","13":"desktop-align-left","14":"tablet-align-left","15":"mobile-align-left","17":"first","18":"instock","19":"shipping-taxable","20":"purchasable","21":"product-type-variable","22":"has-default-attributes"},"yoast_head":"<!-- This site is optimized with the Yoast SEO plugin v26.6 - https:\/\/yoast.com\/wordpress\/plugins\/seo\/ -->\n<title>Verktyg f\u00f6r bromsfj\u00e4derbricka - Mekulo SE<\/title>\n<meta name=\"robots\" content=\"index, follow, max-snippet:-1, max-image-preview:large, max-video-preview:-1\" \/>\n<link rel=\"canonical\" href=\"https:\/\/mekulo.com\/se\/produkt\/verktyg-for-bromsfjaderbricka\/\" \/>\n<meta property=\"og:locale\" content=\"en_US\" \/>\n<meta property=\"og:type\" content=\"article\" \/>\n<meta property=\"og:title\" content=\"Verktyg f\u00f6r bromsfj\u00e4derbricka - Mekulo SE\" \/>\n<meta property=\"og:description\" content=\"Detta verktyg f\u00f6r bromsfj\u00e4derbricka g\u00f6r reparationer av trumbromsar snabbare och enklare genom att hj\u00e4lpa dig att komprimera, ta bort och installera bromsfj\u00e4drar med full kontroll. Det ergonomiska handtaget och den starka st\u00e5lkroppen minskar belastningen p\u00e5 h\u00e4nderna och f\u00f6rb\u00e4ttrar s\u00e4kerheten, oavsett om du \u00e4r en professionell mekaniker eller en bil\u00e4gare som g\u00f6r allt sj\u00e4lv.\" \/>\n<meta property=\"og:url\" content=\"https:\/\/mekulo.com\/se\/produkt\/verktyg-for-bromsfjaderbricka\/\" \/>\n<meta property=\"og:site_name\" content=\"Mekulo SE\" \/>\n<meta property=\"article:modified_time\" content=\"2026-01-09T17:31:14+00:00\" \/>\n<meta property=\"og:image\" content=\"https:\/\/mekulo.com\/se\/wp-content\/uploads\/sites\/11\/2026\/01\/dlxqucr-1.webp\" \/>\n\t<meta property=\"og:image:width\" content=\"800\" \/>\n\t<meta property=\"og:image:height\" content=\"800\" \/>\n\t<meta property=\"og:image:type\" content=\"image\/webp\" \/>\n<meta name=\"twitter:card\" content=\"summary_large_image\" \/>\n<meta name=\"twitter:label1\" content=\"Est. reading time\" \/>\n\t<meta name=\"twitter:data1\" content=\"2 minutes\" \/>\n<script type=\"application\/ld+json\" class=\"yoast-schema-graph\">{\"@context\":\"https:\/\/schema.org\",\"@graph\":[{\"@type\":\"WebPage\",\"@id\":\"https:\/\/mekulo.com\/se\/produkt\/verktyg-for-bromsfjaderbricka\/\",\"url\":\"https:\/\/mekulo.com\/se\/produkt\/verktyg-for-bromsfjaderbricka\/\",\"name\":\"Verktyg f\u00f6r bromsfj\u00e4derbricka - Mekulo SE\",\"isPartOf\":{\"@id\":\"https:\/\/mekulo.com\/se\/#website\"},\"primaryImageOfPage\":{\"@id\":\"https:\/\/mekulo.com\/se\/produkt\/verktyg-for-bromsfjaderbricka\/#primaryimage\"},\"image\":{\"@id\":\"https:\/\/mekulo.com\/se\/produkt\/verktyg-for-bromsfjaderbricka\/#primaryimage\"},\"thumbnailUrl\":\"https:\/\/mekulo.com\/se\/wp-content\/uploads\/sites\/11\/2026\/01\/dlxqucr-1.webp\",\"datePublished\":\"2026-01-09T11:03:54+00:00\",\"dateModified\":\"2026-01-09T17:31:14+00:00\",\"breadcrumb\":{\"@id\":\"https:\/\/mekulo.com\/se\/produkt\/verktyg-for-bromsfjaderbricka\/#breadcrumb\"},\"inLanguage\":\"en-US\",\"potentialAction\":[{\"@type\":\"ReadAction\",\"target\":[\"https:\/\/mekulo.com\/se\/produkt\/verktyg-for-bromsfjaderbricka\/\"]}]},{\"@type\":\"ImageObject\",\"inLanguage\":\"en-US\",\"@id\":\"https:\/\/mekulo.com\/se\/produkt\/verktyg-for-bromsfjaderbricka\/#primaryimage\",\"url\":\"https:\/\/mekulo.com\/se\/wp-content\/uploads\/sites\/11\/2026\/01\/dlxqucr-1.webp\",\"contentUrl\":\"https:\/\/mekulo.com\/se\/wp-content\/uploads\/sites\/11\/2026\/01\/dlxqucr-1.webp\",\"width\":800,\"height\":800},{\"@type\":\"BreadcrumbList\",\"@id\":\"https:\/\/mekulo.com\/se\/produkt\/verktyg-for-bromsfjaderbricka\/#breadcrumb\",\"itemListElement\":[{\"@type\":\"ListItem\",\"position\":1,\"name\":\"Home\",\"item\":\"https:\/\/mekulo.com\/se\/\"},{\"@type\":\"ListItem\",\"position\":2,\"name\":\"Butik\",\"item\":\"https:\/\/mekulo.com\/se\/butik\/\"},{\"@type\":\"ListItem\",\"position\":3,\"name\":\"Verktyg f\u00f6r bromsfj\u00e4derbricka\"}]},{\"@type\":\"WebSite\",\"@id\":\"https:\/\/mekulo.com\/se\/#website\",\"url\":\"https:\/\/mekulo.com\/se\/\",\"name\":\"Mekulo SE\",\"description\":\"\",\"publisher\":{\"@id\":\"https:\/\/mekulo.com\/se\/#organization\"},\"potentialAction\":[{\"@type\":\"SearchAction\",\"target\":{\"@type\":\"EntryPoint\",\"urlTemplate\":\"https:\/\/mekulo.com\/se\/?s={search_term_string}\"},\"query-input\":{\"@type\":\"PropertyValueSpecification\",\"valueRequired\":true,\"valueName\":\"search_term_string\"}}],\"inLanguage\":\"en-US\"},{\"@type\":\"Organization\",\"@id\":\"https:\/\/mekulo.com\/se\/#organization\",\"name\":\"Mekulo\",\"url\":\"https:\/\/mekulo.com\/se\/\",\"logo\":{\"@type\":\"ImageObject\",\"inLanguage\":\"en-US\",\"@id\":\"https:\/\/mekulo.com\/se\/#\/schema\/logo\/image\/\",\"url\":\"https:\/\/mekulo.com\/se\/wp-content\/uploads\/sites\/11\/2025\/12\/favicon_mekulo.png\",\"contentUrl\":\"https:\/\/mekulo.com\/se\/wp-content\/uploads\/sites\/11\/2025\/12\/favicon_mekulo.png\",\"width\":50,\"height\":50,\"caption\":\"Mekulo\"},\"image\":{\"@id\":\"https:\/\/mekulo.com\/se\/#\/schema\/logo\/image\/\"}}]}<\/script>\n<!-- \/ Yoast SEO plugin. -->","yoast_head_json":{"title":"Verktyg f\u00f6r bromsfj\u00e4derbricka - Mekulo SE","robots":{"index":"index","follow":"follow","max-snippet":"max-snippet:-1","max-image-preview":"max-image-preview:large","max-video-preview":"max-video-preview:-1"},"canonical":"https:\/\/mekulo.com\/se\/produkt\/verktyg-for-bromsfjaderbricka\/","og_locale":"en_US","og_type":"article","og_title":"Verktyg f\u00f6r bromsfj\u00e4derbricka - Mekulo SE","og_description":"Detta verktyg f\u00f6r bromsfj\u00e4derbricka g\u00f6r reparationer av trumbromsar snabbare och enklare genom att hj\u00e4lpa dig att komprimera, ta bort och installera bromsfj\u00e4drar med full kontroll. Det ergonomiska handtaget och den starka st\u00e5lkroppen minskar belastningen p\u00e5 h\u00e4nderna och f\u00f6rb\u00e4ttrar s\u00e4kerheten, oavsett om du \u00e4r en professionell mekaniker eller en bil\u00e4gare som g\u00f6r allt sj\u00e4lv.","og_url":"https:\/\/mekulo.com\/se\/produkt\/verktyg-for-bromsfjaderbricka\/","og_site_name":"Mekulo SE","article_modified_time":"2026-01-09T17:31:14+00:00","og_image":[{"width":800,"height":800,"url":"https:\/\/mekulo.com\/se\/wp-content\/uploads\/sites\/11\/2026\/01\/dlxqucr-1.webp","type":"image\/webp"}],"twitter_card":"summary_large_image","twitter_misc":{"Est. reading time":"2 minutes"},"schema":{"@context":"https:\/\/schema.org","@graph":[{"@type":"WebPage","@id":"https:\/\/mekulo.com\/se\/produkt\/verktyg-for-bromsfjaderbricka\/","url":"https:\/\/mekulo.com\/se\/produkt\/verktyg-for-bromsfjaderbricka\/","name":"Verktyg f\u00f6r bromsfj\u00e4derbricka - Mekulo SE","isPartOf":{"@id":"https:\/\/mekulo.com\/se\/#website"},"primaryImageOfPage":{"@id":"https:\/\/mekulo.com\/se\/produkt\/verktyg-for-bromsfjaderbricka\/#primaryimage"},"image":{"@id":"https:\/\/mekulo.com\/se\/produkt\/verktyg-for-bromsfjaderbricka\/#primaryimage"},"thumbnailUrl":"https:\/\/mekulo.com\/se\/wp-content\/uploads\/sites\/11\/2026\/01\/dlxqucr-1.webp","datePublished":"2026-01-09T11:03:54+00:00","dateModified":"2026-01-09T17:31:14+00:00","breadcrumb":{"@id":"https:\/\/mekulo.com\/se\/produkt\/verktyg-for-bromsfjaderbricka\/#breadcrumb"},"inLanguage":"en-US","potentialAction":[{"@type":"ReadAction","target":["https:\/\/mekulo.com\/se\/produkt\/verktyg-for-bromsfjaderbricka\/"]}]},{"@type":"ImageObject","inLanguage":"en-US","@id":"https:\/\/mekulo.com\/se\/produkt\/verktyg-for-bromsfjaderbricka\/#primaryimage","url":"https:\/\/mekulo.com\/se\/wp-content\/uploads\/sites\/11\/2026\/01\/dlxqucr-1.webp","contentUrl":"https:\/\/mekulo.com\/se\/wp-content\/uploads\/sites\/11\/2026\/01\/dlxqucr-1.webp","width":800,"height":800},{"@type":"BreadcrumbList","@id":"https:\/\/mekulo.com\/se\/produkt\/verktyg-for-bromsfjaderbricka\/#breadcrumb","itemListElement":[{"@type":"ListItem","position":1,"name":"Home","item":"https:\/\/mekulo.com\/se\/"},{"@type":"ListItem","position":2,"name":"Butik","item":"https:\/\/mekulo.com\/se\/butik\/"},{"@type":"ListItem","position":3,"name":"Verktyg f\u00f6r bromsfj\u00e4derbricka"}]},{"@type":"WebSite","@id":"https:\/\/mekulo.com\/se\/#website","url":"https:\/\/mekulo.com\/se\/","name":"Mekulo SE","description":"","publisher":{"@id":"https:\/\/mekulo.com\/se\/#organization"},"potentialAction":[{"@type":"SearchAction","target":{"@type":"EntryPoint","urlTemplate":"https:\/\/mekulo.com\/se\/?s={search_term_string}"},"query-input":{"@type":"PropertyValueSpecification","valueRequired":true,"valueName":"search_term_string"}}],"inLanguage":"en-US"},{"@type":"Organization","@id":"https:\/\/mekulo.com\/se\/#organization","name":"Mekulo","url":"https:\/\/mekulo.com\/se\/","logo":{"@type":"ImageObject","inLanguage":"en-US","@id":"https:\/\/mekulo.com\/se\/#\/schema\/logo\/image\/","url":"https:\/\/mekulo.com\/se\/wp-content\/uploads\/sites\/11\/2025\/12\/favicon_mekulo.png","contentUrl":"https:\/\/mekulo.com\/se\/wp-content\/uploads\/sites\/11\/2025\/12\/favicon_mekulo.png","width":50,"height":50,"caption":"Mekulo"},"image":{"@id":"https:\/\/mekulo.com\/se\/#\/schema\/logo\/image\/"}}]}},"_links":{"self":[{"href":"https:\/\/mekulo.com\/se\/wp-json\/wp\/v2\/product\/15844","targetHints":{"allow":["GET"]}}],"collection":[{"href":"https:\/\/mekulo.com\/se\/wp-json\/wp\/v2\/product"}],"about":[{"href":"https:\/\/mekulo.com\/se\/wp-json\/wp\/v2\/types\/product"}],"replies":[{"embeddable":true,"href":"https:\/\/mekulo.com\/se\/wp-json\/wp\/v2\/comments?post=15844"}],"wp:featuredmedia":[{"embeddable":true,"href":"https:\/\/mekulo.com\/se\/wp-json\/wp\/v2\/media\/15840"}],"wp:attachment":[{"href":"https:\/\/mekulo.com\/se\/wp-json\/wp\/v2\/media?parent=15844"}],"wp:term":[{"taxonomy":"product_brand","embeddable":true,"href":"https:\/\/mekulo.com\/se\/wp-json\/wp\/v2\/product_brand?post=15844"},{"taxonomy":"product_cat","embeddable":true,"href":"https:\/\/mekulo.com\/se\/wp-json\/wp\/v2\/product_cat?post=15844"},{"taxonomy":"product_tag","embeddable":true,"href":"https:\/\/mekulo.com\/se\/wp-json\/wp\/v2\/product_tag?post=15844"}],"curies":[{"name":"wp","href":"https:\/\/api.w.org\/{rel}","templated":true}]}}