{"id":15747,"date":"2026-01-08T18:24:58","date_gmt":"2026-01-08T16:24:58","guid":{"rendered":"https:\/\/mekulo.com\/se\/produkt\/anti-repskydd-for-mobler\/"},"modified":"2026-01-08T18:28:14","modified_gmt":"2026-01-08T16:28:14","slug":"anti-repskydd-for-mobler","status":"publish","type":"product","link":"https:\/\/mekulo.com\/se\/produkt\/anti-repskydd-for-mobler\/","title":{"rendered":"Anti-repskydd f\u00f6r m\u00f6bler"},"content":{"rendered":"<div class=\"image-with-text__media-item image-with-text__media-item--small image-with-text__media-item--middle grid__item gradient\">\n<div>\n<h2 id=\"block-heading-template--25242927989059__image_with_text_Yq9V8p\" class=\"title image-with-text__heading \" style=\"text-align: center;\">Slipp oron f\u00f6r f\u00f6rst\u00f6rda m\u00f6bler<\/h2>\n<div id=\"block-description-text-template--25242927989059__image_with_text_Yq9V8p\" class=\"image-with-text__text sw-base-text-color rte body\" style=\"text-align: center;\">\n<p>\u00c4r du tr\u00f6tt p\u00e5 att oroa dig f\u00f6r nya repor p\u00e5 soffan eller rivm\u00e4rken p\u00e5 tapeten?<\/p>\n<p>Med anti-repskydd f\u00e5r du sinnesfrid i vardagen.<\/p>\n<p>mattan skyddar de mest utsatta ytorna s\u00e5 att du kan koppla av, utan att st\u00e4ndigt h\u00e5lla ett \u00f6ga p\u00e5 katten.<\/p>\n<p>\u2714 Skyddar soffor, v\u00e4ggar och d\u00f6rrar<br \/>\n\u2714 Slipp st\u00e4ndig oro f\u00f6r nya skador<br \/>\n\u2714 H\u00e5ll hemmet fr\u00e4scht och fint<\/p>\n<\/div>\n<\/div>\n<div class=\"image-with-text__media image-with-text__media--adapt gradient global-media-settings media\" style=\"text-align: center;\"><img fetchpriority=\"high\" decoding=\"async\" class=\"\" src=\"https:\/\/kattlandet.se\/cdn\/shop\/files\/Namnlos_design_17.gif?v=1758665855&amp;width=1800\" alt=\"\" width=\"429\" height=\"429\" \/><\/div>\n<h2><\/h2>\n<div style=\"text-align: center;\">\n<h2 id=\"block-heading-template--25242927989059__image_with_text_hL34BY\" class=\"title image-with-text__heading \">Spara pengar p\u00e5 l\u00e5ng sikt<\/h2>\n<div id=\"block-description-text-template--25242927989059__image_with_text_hL34BY\" class=\"image-with-text__text sw-base-text-color rte body\">\n<p>En ny soffa eller f\u00e5t\u00f6lj kan kosta tusentals kronor. Med ScratchyPatch slipper du de kostnaderna.<\/p>\n<p>F\u00f6r en liten investering f\u00f6rl\u00e4nger du livsl\u00e4ngden p\u00e5 dina m\u00f6bler och sparar b\u00e5de pengar och frustration.<\/p>\n<h2><\/h2>\n<\/div>\n<\/div>\n<div>\n<div class=\"image-with-text__media-item image-with-text__media-item--medium image-with-text__media-item--middle grid__item gradient\">\n<div class=\"image-with-text__media image-with-text__media--adapt gradient global-media-settings media\" style=\"text-align: center;\"><img decoding=\"async\" class=\"\" src=\"https:\/\/kattlandet.se\/cdn\/shop\/files\/g.png?v=1758718344&amp;width=1800\" alt=\"\" width=\"509\" height=\"509\" \/><\/div>\n<h2><\/h2>\n<div style=\"text-align: center;\">\n<h2 id=\"block-heading-template--25242927989059__image_with_text_Kk3rrW\" class=\"title image-with-text__heading \">Kattens behov f\u00f6rst, men p\u00e5 r\u00e4tt plats<\/h2>\n<div id=\"block-description-text-template--25242927989059__image_with_text_Kk3rrW\" class=\"image-with-text__text sw-base-text-color rte body\">\n<p>Katter m\u00e5ste klia sig, det \u00e4r naturligt och viktigt f\u00f6r deras v\u00e4lbefinnande. Det enda problemet \u00e4r att de ofta v\u00e4ljer soffan eller tapeten.<\/p>\n<p>V\u00e5rt anti-repskydd ger katten en yta som k\u00e4nns lika bra som ett tr\u00e4d, men utan att skada dina m\u00f6bler.<\/p>\n<p>\u2714 Tillgodoser kattens naturliga behov<\/p>\n<p>\u2714 Sisal som lockar och k\u00e4nns r\u00e4tt<\/p>\n<p>\u2714 En l\u00f6sning som g\u00f6r b\u00e5de dig och katten glad<\/p>\n<h2><\/h2>\n<\/div>\n<\/div>\n<div>\n<div class=\"image-with-text__media-item image-with-text__media-item--medium image-with-text__media-item--middle grid__item gradient\" style=\"text-align: center;\">\n<div class=\"image-with-text__media image-with-text__media--adapt gradient global-media-settings media\"><img decoding=\"async\" class=\"\" src=\"https:\/\/kattlandet.se\/cdn\/shop\/files\/Namnlos_design_19.gif?v=1758667766&amp;width=1800\" alt=\"\" width=\"505\" height=\"505\" \/><\/div>\n<h2><\/h2>\n<\/div>\n<div>\n<h2 class=\"accordianTitle-collapsible_tab_FHp6rV rowTitleColor-collapsible_tab_FHp6rV\" style=\"text-align: center;\">Material och kvalitet<\/h2>\n<p style=\"text-align: center;\">V\u00e5rt anti-repskydd \u00e4r tillverkat av tjockt och slitstarkt sisaltyg som t\u00e5l l\u00e5ngvarig kl\u00f6sning utan att g\u00e5 s\u00f6nder.<\/p>\n<p style=\"text-align: center;\">Den sj\u00e4lvh\u00e4ftande baksidan \u00e4r tillr\u00e4ckligt stark f\u00f6r att h\u00e5lla sig p\u00e5 plats, men kan \u00e4nd\u00e5 tas bort utan att skada ytan. En h\u00e5llbar l\u00f6sning f\u00f6r b\u00e5de katter och hem.<\/p>\n<h2><\/h2>\n<div style=\"text-align: center;\">\n<h2 class=\"accordianTitle-collapsible_tab_RehQCG rowTitleColor-collapsible_tab_RehQCG\">Vad \u00e4r sisal?<\/h2>\n<\/div>\n<div class=\"panelStyle-collapsible_tab_RehQCG\" style=\"text-align: center;\">\n<p>Sisal \u00e4r en naturfiber som utvinns ur agaveplantan. Materialet \u00e4r helt giftfritt och mycket slitstarkt, vilket g\u00f6r det perfekt som kl\u00f6syta f\u00f6r katter. Det ger en k\u00e4nsla som liknar barken p\u00e5 ett tr\u00e4d. Precis vad katter instinktivt s\u00f6ker n\u00e4r de vill v\u00e4ssa sina klor.<\/p>\n<p>It gives a feeling similar to the bark of a tree. Just what cats instinctively<\/p>\n<h2><\/h2>\n<\/div>\n<\/div>\n<\/div>\n<\/div>\n<\/div>\n<\/div>\n","protected":false},"excerpt":{"rendered":"<p>\u2705 Skyddar soffor, stolar, v\u00e4ggar och d\u00f6rrar<\/p>\n<p>\u2705 Naturlig kloyta som katter \u00e4lskar<\/p>\n<p>\u2705 Enkel montering utan verktyg<\/p>\n<p>\u2705 Avtagbar och \u00e5teranv\u00e4ndbar<\/p>\n<p>\u2705 Neutral design som sm\u00e4lter in i hemmet<\/p>\n","protected":false},"featured_media":15743,"comment_status":"open","ping_status":"closed","template":"","meta":{"site-sidebar-layout":"default","site-content-layout":"","ast-site-content-layout":"default","site-content-style":"default","site-sidebar-style":"default","ast-global-header-display":"","ast-banner-title-visibility":"","ast-main-header-display":"","ast-hfb-above-header-display":"","ast-hfb-below-header-display":"","ast-hfb-mobile-header-display":"","site-post-title":"","ast-breadcrumbs-content":"","ast-featured-img":"","footer-sml-layout":"","theme-transparent-header-meta":"default","adv-header-id-meta":"","stick-header-meta":"","header-above-stick-meta":"","header-main-stick-meta":"","header-below-stick-meta":"","astra-migrate-meta-layouts":"set","ast-page-background-enabled":"default","ast-page-background-meta":{"desktop":{"background-color":"var(--ast-global-color-5)","background-image":"","background-repeat":"repeat","background-position":"center center","background-size":"auto","background-attachment":"scroll","background-type":"","background-media":"","overlay-type":"","overlay-color":"","overlay-opacity":"","overlay-gradient":""},"tablet":{"background-color":"","background-image":"","background-repeat":"repeat","background-position":"center center","background-size":"auto","background-attachment":"scroll","background-type":"","background-media":"","overlay-type":"","overlay-color":"","overlay-opacity":"","overlay-gradient":""},"mobile":{"background-color":"","background-image":"","background-repeat":"repeat","background-position":"center center","background-size":"auto","background-attachment":"scroll","background-type":"","background-media":"","overlay-type":"","overlay-color":"","overlay-opacity":"","overlay-gradient":""}},"ast-content-background-meta":{"desktop":{"background-color":"var(--ast-global-color-4)","background-image":"","background-repeat":"repeat","background-position":"center center","background-size":"auto","background-attachment":"scroll","background-type":"","background-media":"","overlay-type":"","overlay-color":"","overlay-opacity":"","overlay-gradient":""},"tablet":{"background-color":"var(--ast-global-color-4)","background-image":"","background-repeat":"repeat","background-position":"center center","background-size":"auto","background-attachment":"scroll","background-type":"","background-media":"","overlay-type":"","overlay-color":"","overlay-opacity":"","overlay-gradient":""},"mobile":{"background-color":"var(--ast-global-color-4)","background-image":"","background-repeat":"repeat","background-position":"center center","background-size":"auto","background-attachment":"scroll","background-type":"","background-media":"","overlay-type":"","overlay-color":"","overlay-opacity":"","overlay-gradient":""}}},"product_brand":[],"product_cat":[15],"product_tag":[],"class_list":{"0":"post-15747","1":"product","2":"type-product","3":"status-publish","4":"has-post-thumbnail","6":"product_cat-uncategorized","7":"pa_68744_i7yz1deo-liten-30-x-30-cm","8":"pa_68744_i7yz1deo-medium-30-x-100-cm","9":"pa_68744_i7yz1deo-stor-40-x-200-cm","10":"pa_68744_n47j49tn-brun","11":"pa_68744_n47j49tn-gra","12":"pa_68744_n47j49tn-khaki","13":"pa_68744_n47j49tn-morkbla","14":"pa_68744_n47j49tn-morkgra","15":"pa_68744_n47j49tn-svart","16":"pa_68744_n47j49tn-vit","17":"desktop-align-left","18":"tablet-align-left","19":"mobile-align-left","21":"first","22":"instock","23":"shipping-taxable","24":"purchasable","25":"product-type-variable","26":"has-default-attributes"},"yoast_head":"<!-- This site is optimized with the Yoast SEO plugin v26.6 - https:\/\/yoast.com\/wordpress\/plugins\/seo\/ -->\n<title>Anti-repskydd f\u00f6r m\u00f6bler - Mekulo SE<\/title>\n<meta name=\"robots\" content=\"index, follow, max-snippet:-1, max-image-preview:large, max-video-preview:-1\" \/>\n<link rel=\"canonical\" href=\"https:\/\/mekulo.com\/se\/produkt\/anti-repskydd-for-mobler\/\" \/>\n<meta property=\"og:locale\" content=\"sv_SE\" \/>\n<meta property=\"og:type\" content=\"article\" \/>\n<meta property=\"og:title\" content=\"Anti-repskydd f\u00f6r m\u00f6bler - Mekulo SE\" \/>\n<meta property=\"og:description\" content=\"\u2705 Skyddar soffor, stolar, v\u00e4ggar och d\u00f6rrar  \u2705 Naturlig kloyta som katter \u00e4lskar  \u2705 Enkel montering utan verktyg  \u2705 Avtagbar och \u00e5teranv\u00e4ndbar  \u2705 Neutral design som sm\u00e4lter in i hemmet\" \/>\n<meta property=\"og:url\" content=\"https:\/\/mekulo.com\/se\/produkt\/anti-repskydd-for-mobler\/\" \/>\n<meta property=\"og:site_name\" content=\"Mekulo SE\" \/>\n<meta property=\"article:modified_time\" content=\"2026-01-08T16:28:14+00:00\" \/>\n<meta property=\"og:image\" content=\"https:\/\/mekulo.com\/se\/wp-content\/uploads\/sites\/11\/2026\/01\/q6xrsxe-1.webp\" \/>\n\t<meta property=\"og:image:width\" content=\"990\" \/>\n\t<meta property=\"og:image:height\" content=\"990\" \/>\n\t<meta property=\"og:image:type\" content=\"image\/webp\" \/>\n<meta name=\"twitter:card\" content=\"summary_large_image\" \/>\n<meta name=\"twitter:label1\" content=\"Ber\u00e4knad l\u00e4stid\" \/>\n\t<meta name=\"twitter:data1\" content=\"3 minuter\" \/>\n<script type=\"application\/ld+json\" class=\"yoast-schema-graph\">{\"@context\":\"https:\/\/schema.org\",\"@graph\":[{\"@type\":\"WebPage\",\"@id\":\"https:\/\/mekulo.com\/se\/produkt\/anti-repskydd-for-mobler\/\",\"url\":\"https:\/\/mekulo.com\/se\/produkt\/anti-repskydd-for-mobler\/\",\"name\":\"Anti-repskydd f\u00f6r m\u00f6bler - Mekulo SE\",\"isPartOf\":{\"@id\":\"https:\/\/mekulo.com\/se\/#website\"},\"primaryImageOfPage\":{\"@id\":\"https:\/\/mekulo.com\/se\/produkt\/anti-repskydd-for-mobler\/#primaryimage\"},\"image\":{\"@id\":\"https:\/\/mekulo.com\/se\/produkt\/anti-repskydd-for-mobler\/#primaryimage\"},\"thumbnailUrl\":\"https:\/\/mekulo.com\/se\/wp-content\/uploads\/sites\/11\/2026\/01\/q6xrsxe-1.webp\",\"datePublished\":\"2026-01-08T16:24:58+00:00\",\"dateModified\":\"2026-01-08T16:28:14+00:00\",\"breadcrumb\":{\"@id\":\"https:\/\/mekulo.com\/se\/produkt\/anti-repskydd-for-mobler\/#breadcrumb\"},\"inLanguage\":\"sv-SE\",\"potentialAction\":[{\"@type\":\"ReadAction\",\"target\":[\"https:\/\/mekulo.com\/se\/produkt\/anti-repskydd-for-mobler\/\"]}]},{\"@type\":\"ImageObject\",\"inLanguage\":\"sv-SE\",\"@id\":\"https:\/\/mekulo.com\/se\/produkt\/anti-repskydd-for-mobler\/#primaryimage\",\"url\":\"https:\/\/mekulo.com\/se\/wp-content\/uploads\/sites\/11\/2026\/01\/q6xrsxe-1.webp\",\"contentUrl\":\"https:\/\/mekulo.com\/se\/wp-content\/uploads\/sites\/11\/2026\/01\/q6xrsxe-1.webp\",\"width\":990,\"height\":990},{\"@type\":\"BreadcrumbList\",\"@id\":\"https:\/\/mekulo.com\/se\/produkt\/anti-repskydd-for-mobler\/#breadcrumb\",\"itemListElement\":[{\"@type\":\"ListItem\",\"position\":1,\"name\":\"Home\",\"item\":\"https:\/\/mekulo.com\/se\/\"},{\"@type\":\"ListItem\",\"position\":2,\"name\":\"Butik\",\"item\":\"https:\/\/mekulo.com\/se\/butik\/\"},{\"@type\":\"ListItem\",\"position\":3,\"name\":\"Anti-repskydd f\u00f6r m\u00f6bler\"}]},{\"@type\":\"WebSite\",\"@id\":\"https:\/\/mekulo.com\/se\/#website\",\"url\":\"https:\/\/mekulo.com\/se\/\",\"name\":\"Mekulo SE\",\"description\":\"\",\"publisher\":{\"@id\":\"https:\/\/mekulo.com\/se\/#organization\"},\"potentialAction\":[{\"@type\":\"SearchAction\",\"target\":{\"@type\":\"EntryPoint\",\"urlTemplate\":\"https:\/\/mekulo.com\/se\/?s={search_term_string}\"},\"query-input\":{\"@type\":\"PropertyValueSpecification\",\"valueRequired\":true,\"valueName\":\"search_term_string\"}}],\"inLanguage\":\"sv-SE\"},{\"@type\":\"Organization\",\"@id\":\"https:\/\/mekulo.com\/se\/#organization\",\"name\":\"Mekulo\",\"url\":\"https:\/\/mekulo.com\/se\/\",\"logo\":{\"@type\":\"ImageObject\",\"inLanguage\":\"sv-SE\",\"@id\":\"https:\/\/mekulo.com\/se\/#\/schema\/logo\/image\/\",\"url\":\"https:\/\/mekulo.com\/se\/wp-content\/uploads\/sites\/11\/2025\/12\/favicon_mekulo.png\",\"contentUrl\":\"https:\/\/mekulo.com\/se\/wp-content\/uploads\/sites\/11\/2025\/12\/favicon_mekulo.png\",\"width\":50,\"height\":50,\"caption\":\"Mekulo\"},\"image\":{\"@id\":\"https:\/\/mekulo.com\/se\/#\/schema\/logo\/image\/\"}}]}<\/script>\n<!-- \/ Yoast SEO plugin. -->","yoast_head_json":{"title":"Anti-repskydd f\u00f6r m\u00f6bler - Mekulo SE","robots":{"index":"index","follow":"follow","max-snippet":"max-snippet:-1","max-image-preview":"max-image-preview:large","max-video-preview":"max-video-preview:-1"},"canonical":"https:\/\/mekulo.com\/se\/produkt\/anti-repskydd-for-mobler\/","og_locale":"sv_SE","og_type":"article","og_title":"Anti-repskydd f\u00f6r m\u00f6bler - Mekulo SE","og_description":"\u2705 Skyddar soffor, stolar, v\u00e4ggar och d\u00f6rrar  \u2705 Naturlig kloyta som katter \u00e4lskar  \u2705 Enkel montering utan verktyg  \u2705 Avtagbar och \u00e5teranv\u00e4ndbar  \u2705 Neutral design som sm\u00e4lter in i hemmet","og_url":"https:\/\/mekulo.com\/se\/produkt\/anti-repskydd-for-mobler\/","og_site_name":"Mekulo SE","article_modified_time":"2026-01-08T16:28:14+00:00","og_image":[{"width":990,"height":990,"url":"https:\/\/mekulo.com\/se\/wp-content\/uploads\/sites\/11\/2026\/01\/q6xrsxe-1.webp","type":"image\/webp"}],"twitter_card":"summary_large_image","twitter_misc":{"Ber\u00e4knad l\u00e4stid":"3 minuter"},"schema":{"@context":"https:\/\/schema.org","@graph":[{"@type":"WebPage","@id":"https:\/\/mekulo.com\/se\/produkt\/anti-repskydd-for-mobler\/","url":"https:\/\/mekulo.com\/se\/produkt\/anti-repskydd-for-mobler\/","name":"Anti-repskydd f\u00f6r m\u00f6bler - Mekulo SE","isPartOf":{"@id":"https:\/\/mekulo.com\/se\/#website"},"primaryImageOfPage":{"@id":"https:\/\/mekulo.com\/se\/produkt\/anti-repskydd-for-mobler\/#primaryimage"},"image":{"@id":"https:\/\/mekulo.com\/se\/produkt\/anti-repskydd-for-mobler\/#primaryimage"},"thumbnailUrl":"https:\/\/mekulo.com\/se\/wp-content\/uploads\/sites\/11\/2026\/01\/q6xrsxe-1.webp","datePublished":"2026-01-08T16:24:58+00:00","dateModified":"2026-01-08T16:28:14+00:00","breadcrumb":{"@id":"https:\/\/mekulo.com\/se\/produkt\/anti-repskydd-for-mobler\/#breadcrumb"},"inLanguage":"sv-SE","potentialAction":[{"@type":"ReadAction","target":["https:\/\/mekulo.com\/se\/produkt\/anti-repskydd-for-mobler\/"]}]},{"@type":"ImageObject","inLanguage":"sv-SE","@id":"https:\/\/mekulo.com\/se\/produkt\/anti-repskydd-for-mobler\/#primaryimage","url":"https:\/\/mekulo.com\/se\/wp-content\/uploads\/sites\/11\/2026\/01\/q6xrsxe-1.webp","contentUrl":"https:\/\/mekulo.com\/se\/wp-content\/uploads\/sites\/11\/2026\/01\/q6xrsxe-1.webp","width":990,"height":990},{"@type":"BreadcrumbList","@id":"https:\/\/mekulo.com\/se\/produkt\/anti-repskydd-for-mobler\/#breadcrumb","itemListElement":[{"@type":"ListItem","position":1,"name":"Home","item":"https:\/\/mekulo.com\/se\/"},{"@type":"ListItem","position":2,"name":"Butik","item":"https:\/\/mekulo.com\/se\/butik\/"},{"@type":"ListItem","position":3,"name":"Anti-repskydd f\u00f6r m\u00f6bler"}]},{"@type":"WebSite","@id":"https:\/\/mekulo.com\/se\/#website","url":"https:\/\/mekulo.com\/se\/","name":"Mekulo SE","description":"","publisher":{"@id":"https:\/\/mekulo.com\/se\/#organization"},"potentialAction":[{"@type":"SearchAction","target":{"@type":"EntryPoint","urlTemplate":"https:\/\/mekulo.com\/se\/?s={search_term_string}"},"query-input":{"@type":"PropertyValueSpecification","valueRequired":true,"valueName":"search_term_string"}}],"inLanguage":"sv-SE"},{"@type":"Organization","@id":"https:\/\/mekulo.com\/se\/#organization","name":"Mekulo","url":"https:\/\/mekulo.com\/se\/","logo":{"@type":"ImageObject","inLanguage":"sv-SE","@id":"https:\/\/mekulo.com\/se\/#\/schema\/logo\/image\/","url":"https:\/\/mekulo.com\/se\/wp-content\/uploads\/sites\/11\/2025\/12\/favicon_mekulo.png","contentUrl":"https:\/\/mekulo.com\/se\/wp-content\/uploads\/sites\/11\/2025\/12\/favicon_mekulo.png","width":50,"height":50,"caption":"Mekulo"},"image":{"@id":"https:\/\/mekulo.com\/se\/#\/schema\/logo\/image\/"}}]}},"_links":{"self":[{"href":"https:\/\/mekulo.com\/se\/wp-json\/wp\/v2\/product\/15747","targetHints":{"allow":["GET"]}}],"collection":[{"href":"https:\/\/mekulo.com\/se\/wp-json\/wp\/v2\/product"}],"about":[{"href":"https:\/\/mekulo.com\/se\/wp-json\/wp\/v2\/types\/product"}],"replies":[{"embeddable":true,"href":"https:\/\/mekulo.com\/se\/wp-json\/wp\/v2\/comments?post=15747"}],"wp:featuredmedia":[{"embeddable":true,"href":"https:\/\/mekulo.com\/se\/wp-json\/wp\/v2\/media\/15743"}],"wp:attachment":[{"href":"https:\/\/mekulo.com\/se\/wp-json\/wp\/v2\/media?parent=15747"}],"wp:term":[{"taxonomy":"product_brand","embeddable":true,"href":"https:\/\/mekulo.com\/se\/wp-json\/wp\/v2\/product_brand?post=15747"},{"taxonomy":"product_cat","embeddable":true,"href":"https:\/\/mekulo.com\/se\/wp-json\/wp\/v2\/product_cat?post=15747"},{"taxonomy":"product_tag","embeddable":true,"href":"https:\/\/mekulo.com\/se\/wp-json\/wp\/v2\/product_tag?post=15747"}],"curies":[{"name":"wp","href":"https:\/\/api.w.org\/{rel}","templated":true}]}}