{"id":15713,"date":"2026-01-08T17:49:55","date_gmt":"2026-01-08T15:49:55","guid":{"rendered":"https:\/\/mekulo.com\/se\/produkt\/45-graders-lasbar-geringsbit\/"},"modified":"2026-02-03T17:12:21","modified_gmt":"2026-02-03T15:12:21","slug":"45-graders-lasbar-geringsbit","status":"publish","type":"product","link":"https:\/\/mekulo.com\/se\/produkt\/45-graders-lasbar-geringsbit\/","title":{"rendered":"45-graders l\u00e5sbar geringsbit"},"content":{"rendered":"<p style=\"text-align: center;\" data-start=\"52\" data-end=\"138\"><strong>Skapa Starka, Rena Och Perfekt Inriktade H\u00f6rnf\u00f6rband Med Professionell Precision. \u2699\ufe0f<\/strong><\/p>\n<p data-start=\"163\" data-end=\"434\"><img fetchpriority=\"high\" decoding=\"async\" class=\" wp-image-47508 aligncenter\" src=\"https:\/\/keluvo.com\/template\/wp-content\/uploads\/sites\/5\/2025\/12\/6152ae175d5a22fdd1b49bb6e2efeccc.webp\" alt=\"\" width=\"501\" height=\"501\" \/><\/p>\n<h2 style=\"text-align: center;\" data-start=\"441\" data-end=\"464\"><strong>\ud83d\udee0\ufe0f Huvudsakliga f\u00f6rdelar<\/strong><\/h2>\n<p data-start=\"467\" data-end=\"542\">\ud83d\udd12 Perfekta l\u00e5s-geringsfogar &#8211; Starka och s\u00f6ml\u00f6sa h\u00f6rnanslutningar.<\/p>\n<p data-start=\"545\" data-end=\"613\">\ud83c\udfaf Sk\u00e4rning med h\u00f6g precision &#8211; Rena, exakta resultat varje g\u00e5ng.<\/p>\n<p data-start=\"616\" data-end=\"685\">\ud83d\udcaa L\u00e5ngvarig h\u00e5llbarhet &#8211; Tungsten-koboltlegering motst\u00e5r slitage.<\/p>\n<p data-start=\"688\" data-end=\"750\">\ud83e\uddf0 Professionell finish &#8211; Inga synliga luckor eller felinriktningar.<\/p>\n<p data-start=\"753\" data-end=\"828\">\ud83d\udd01 M\u00e5ngsidigt tr\u00e4bearbetningsverktyg &#8211; Perfekt f\u00f6r sk\u00e5p, l\u00e5dor och ramar.<\/p>\n<p data-start=\"753\" data-end=\"828\"><img decoding=\"async\" class=\" wp-image-47507 aligncenter\" src=\"https:\/\/keluvo.com\/template\/wp-content\/uploads\/sites\/5\/2025\/12\/0acdb7d12a1782362c5ff470dcc9d749.webp\" alt=\"\" width=\"500\" height=\"500\" \/><\/p>\n<h2 style=\"text-align: center;\" data-start=\"835\" data-end=\"854\"><strong>\u25b6\ufe0f Anv\u00e4ndning<\/strong><\/h2>\n<ol data-start=\"855\" data-end=\"1149\">\n<li data-start=\"855\" data-end=\"919\">\n<p data-start=\"858\" data-end=\"919\">Montera \u00f6verfr\u00e4sborren i ditt \u00f6verfr\u00e4sbord (8 mm skaft).<\/p>\n<\/li>\n<li data-start=\"920\" data-end=\"987\">\n<p data-start=\"923\" data-end=\"987\">St\u00e4ll in borrh\u00f6jden och anh\u00e5llet efter tr\u00e4ets tjocklek.<\/p>\n<\/li>\n<li data-start=\"988\" data-end=\"1050\">\n<p data-start=\"991\" data-end=\"1050\">K\u00f6r den ena br\u00e4dan platt p\u00e5 bordet och den andra vertikalt.<\/p>\n<\/li>\n<li data-start=\"1051\" data-end=\"1102\">\n<p data-start=\"1054\" data-end=\"1102\">Sammanfoga de b\u00e5da bitarna till ett perfekt 90\u00b0-h\u00f6rn.<\/p>\n<\/li>\n<li data-start=\"1103\" data-end=\"1149\">\n<p data-start=\"1106\" data-end=\"1149\">Limma och kl\u00e4m fast f\u00f6r en stark, ren fog.<\/p>\n<\/li>\n<\/ol>\n<h2 style=\"text-align: center;\" data-start=\"1156\" data-end=\"1180\"><strong>\ud83d\udccf Produktdetaljer<\/strong><\/h2>\n<ul data-start=\"1181\" data-end=\"1424\">\n<li data-start=\"1181\" data-end=\"1216\">\n<p data-start=\"1183\" data-end=\"1216\">Material: Volfram-koboltlegering<\/p>\n<\/li>\n<li data-start=\"1217\" data-end=\"1251\">\n<p data-start=\"1219\" data-end=\"1251\">Bel\u00e4ggning: Volfram-koboltlegering<\/p>\n<\/li>\n<li data-start=\"1298\" data-end=\"1318\">\n<p data-start=\"1300\" data-end=\"1318\">Skaftstorlek: 8 mm<\/p>\n<\/li>\n<li data-start=\"1319\" data-end=\"1366\">\n<p data-start=\"1321\" data-end=\"1366\">Sk\u00e4rningsstil: H\u00f6gprecisionsfogsk\u00e4rning<\/p>\n<\/li>\n<li data-start=\"1367\" data-end=\"1424\">\n<p data-start=\"1369\" data-end=\"1424\">Applikation: Tr\u00e4bearbetning, snickeri, m\u00f6beltillverkning<\/p>\n<\/li>\n<li data-start=\"1367\" data-end=\"1424\">Storlekar: 35 x 51 x 8 mm, 38 x 52 x 8 mm<\/li>\n<\/ul>\n<h2 style=\"text-align: center;\" data-start=\"1431\" data-end=\"1456\"><strong>\ud83d\udce6 F\u00f6rpackningen inneh\u00e5ller<\/strong><\/h2>\n<ul data-start=\"1457\" data-end=\"1499\">\n<li data-start=\"1457\" data-end=\"1499\">\n<p data-start=\"1459\" data-end=\"1499\">1x 45-graders l\u00e5sbar gerings\u00f6verfr\u00e4s.<\/p>\n<\/li>\n<\/ul>\n","protected":false},"excerpt":{"rendered":"<p>Den h\u00e4r 45-gradiga l\u00e5sbara geringskronan \u00e4r utformad f\u00f6r att g\u00f6ra t\u00e4ta, s\u00f6ml\u00f6sa h\u00f6rnf\u00f6rband f\u00f6r tr\u00e4bearbetningsprojekt. Den sk\u00e4r sammankopplade 45\u00b0-kanter som passar perfekt ihop, vilket f\u00f6rb\u00e4ttrar styrka, inriktning och utseende. Perfekt f\u00f6r sk\u00e5p, l\u00e5dor, ramar och m\u00f6belbyggen.<\/p>\n","protected":false},"featured_media":15709,"comment_status":"open","ping_status":"closed","template":"","meta":{"site-sidebar-layout":"default","site-content-layout":"","ast-site-content-layout":"default","site-content-style":"default","site-sidebar-style":"default","ast-global-header-display":"","ast-banner-title-visibility":"","ast-main-header-display":"","ast-hfb-above-header-display":"","ast-hfb-below-header-display":"","ast-hfb-mobile-header-display":"","site-post-title":"","ast-breadcrumbs-content":"","ast-featured-img":"","footer-sml-layout":"","theme-transparent-header-meta":"default","adv-header-id-meta":"","stick-header-meta":"","header-above-stick-meta":"","header-main-stick-meta":"","header-below-stick-meta":"","astra-migrate-meta-layouts":"set","ast-page-background-enabled":"default","ast-page-background-meta":{"desktop":{"background-color":"var(--ast-global-color-5)","background-image":"","background-repeat":"repeat","background-position":"center center","background-size":"auto","background-attachment":"scroll","background-type":"","background-media":"","overlay-type":"","overlay-color":"","overlay-opacity":"","overlay-gradient":""},"tablet":{"background-color":"","background-image":"","background-repeat":"repeat","background-position":"center center","background-size":"auto","background-attachment":"scroll","background-type":"","background-media":"","overlay-type":"","overlay-color":"","overlay-opacity":"","overlay-gradient":""},"mobile":{"background-color":"","background-image":"","background-repeat":"repeat","background-position":"center center","background-size":"auto","background-attachment":"scroll","background-type":"","background-media":"","overlay-type":"","overlay-color":"","overlay-opacity":"","overlay-gradient":""}},"ast-content-background-meta":{"desktop":{"background-color":"var(--ast-global-color-4)","background-image":"","background-repeat":"repeat","background-position":"center center","background-size":"auto","background-attachment":"scroll","background-type":"","background-media":"","overlay-type":"","overlay-color":"","overlay-opacity":"","overlay-gradient":""},"tablet":{"background-color":"var(--ast-global-color-4)","background-image":"","background-repeat":"repeat","background-position":"center center","background-size":"auto","background-attachment":"scroll","background-type":"","background-media":"","overlay-type":"","overlay-color":"","overlay-opacity":"","overlay-gradient":""},"mobile":{"background-color":"var(--ast-global-color-4)","background-image":"","background-repeat":"repeat","background-position":"center center","background-size":"auto","background-attachment":"scroll","background-type":"","background-media":"","overlay-type":"","overlay-color":"","overlay-opacity":"","overlay-gradient":""}}},"product_brand":[],"product_cat":[15],"product_tag":[],"class_list":{"0":"post-15713","1":"product","2":"type-product","3":"status-publish","4":"has-post-thumbnail","6":"product_cat-uncategorized","7":"pa_65125_ah1572ev-35-x-51-x-8-mm","8":"pa_65125_ah1572ev-38-x-52-x-8-mm","9":"pa_65125_ah1572ev-uppsattning-av-2","10":"desktop-align-left","11":"tablet-align-left","12":"mobile-align-left","14":"first","15":"instock","16":"shipping-taxable","17":"purchasable","18":"product-type-variable"},"yoast_head":"<!-- This site is optimized with the Yoast SEO plugin v26.6 - https:\/\/yoast.com\/wordpress\/plugins\/seo\/ -->\n<title>45-graders l\u00e5sbar geringsbit - Mekulo SE<\/title>\n<meta name=\"robots\" content=\"index, follow, max-snippet:-1, max-image-preview:large, max-video-preview:-1\" \/>\n<link rel=\"canonical\" href=\"https:\/\/mekulo.com\/se\/produkt\/45-graders-lasbar-geringsbit\/\" \/>\n<meta property=\"og:locale\" content=\"en_US\" \/>\n<meta property=\"og:type\" content=\"article\" \/>\n<meta property=\"og:title\" content=\"45-graders l\u00e5sbar geringsbit - Mekulo SE\" \/>\n<meta property=\"og:description\" content=\"Den h\u00e4r 45-gradiga l\u00e5sbara geringskronan \u00e4r utformad f\u00f6r att g\u00f6ra t\u00e4ta, s\u00f6ml\u00f6sa h\u00f6rnf\u00f6rband f\u00f6r tr\u00e4bearbetningsprojekt. Den sk\u00e4r sammankopplade 45\u00b0-kanter som passar perfekt ihop, vilket f\u00f6rb\u00e4ttrar styrka, inriktning och utseende. Perfekt f\u00f6r sk\u00e5p, l\u00e5dor, ramar och m\u00f6belbyggen.\" \/>\n<meta property=\"og:url\" content=\"https:\/\/mekulo.com\/se\/produkt\/45-graders-lasbar-geringsbit\/\" \/>\n<meta property=\"og:site_name\" content=\"Mekulo SE\" \/>\n<meta property=\"article:modified_time\" content=\"2026-02-03T15:12:21+00:00\" \/>\n<meta property=\"og:image\" content=\"https:\/\/mekulo.com\/se\/wp-content\/uploads\/sites\/11\/2026\/01\/p1flq4w-1.jpg\" \/>\n\t<meta property=\"og:image:width\" content=\"1080\" \/>\n\t<meta property=\"og:image:height\" content=\"1080\" \/>\n\t<meta property=\"og:image:type\" content=\"image\/jpeg\" \/>\n<meta name=\"twitter:card\" content=\"summary_large_image\" \/>\n<meta name=\"twitter:label1\" content=\"Est. reading time\" \/>\n\t<meta name=\"twitter:data1\" content=\"2 minutes\" \/>\n<script type=\"application\/ld+json\" class=\"yoast-schema-graph\">{\"@context\":\"https:\/\/schema.org\",\"@graph\":[{\"@type\":\"WebPage\",\"@id\":\"https:\/\/mekulo.com\/se\/produkt\/45-graders-lasbar-geringsbit\/\",\"url\":\"https:\/\/mekulo.com\/se\/produkt\/45-graders-lasbar-geringsbit\/\",\"name\":\"45-graders l\u00e5sbar geringsbit - Mekulo SE\",\"isPartOf\":{\"@id\":\"https:\/\/mekulo.com\/se\/#website\"},\"primaryImageOfPage\":{\"@id\":\"https:\/\/mekulo.com\/se\/produkt\/45-graders-lasbar-geringsbit\/#primaryimage\"},\"image\":{\"@id\":\"https:\/\/mekulo.com\/se\/produkt\/45-graders-lasbar-geringsbit\/#primaryimage\"},\"thumbnailUrl\":\"https:\/\/mekulo.com\/se\/wp-content\/uploads\/sites\/11\/2026\/01\/p1flq4w-1.jpg\",\"datePublished\":\"2026-01-08T15:49:55+00:00\",\"dateModified\":\"2026-02-03T15:12:21+00:00\",\"breadcrumb\":{\"@id\":\"https:\/\/mekulo.com\/se\/produkt\/45-graders-lasbar-geringsbit\/#breadcrumb\"},\"inLanguage\":\"en-US\",\"potentialAction\":[{\"@type\":\"ReadAction\",\"target\":[\"https:\/\/mekulo.com\/se\/produkt\/45-graders-lasbar-geringsbit\/\"]}]},{\"@type\":\"ImageObject\",\"inLanguage\":\"en-US\",\"@id\":\"https:\/\/mekulo.com\/se\/produkt\/45-graders-lasbar-geringsbit\/#primaryimage\",\"url\":\"https:\/\/mekulo.com\/se\/wp-content\/uploads\/sites\/11\/2026\/01\/p1flq4w-1.jpg\",\"contentUrl\":\"https:\/\/mekulo.com\/se\/wp-content\/uploads\/sites\/11\/2026\/01\/p1flq4w-1.jpg\",\"width\":1080,\"height\":1080},{\"@type\":\"BreadcrumbList\",\"@id\":\"https:\/\/mekulo.com\/se\/produkt\/45-graders-lasbar-geringsbit\/#breadcrumb\",\"itemListElement\":[{\"@type\":\"ListItem\",\"position\":1,\"name\":\"Home\",\"item\":\"https:\/\/mekulo.com\/se\/\"},{\"@type\":\"ListItem\",\"position\":2,\"name\":\"Butik\",\"item\":\"https:\/\/mekulo.com\/se\/butik\/\"},{\"@type\":\"ListItem\",\"position\":3,\"name\":\"45-graders l\u00e5sbar geringsbit\"}]},{\"@type\":\"WebSite\",\"@id\":\"https:\/\/mekulo.com\/se\/#website\",\"url\":\"https:\/\/mekulo.com\/se\/\",\"name\":\"Mekulo SE\",\"description\":\"\",\"publisher\":{\"@id\":\"https:\/\/mekulo.com\/se\/#organization\"},\"potentialAction\":[{\"@type\":\"SearchAction\",\"target\":{\"@type\":\"EntryPoint\",\"urlTemplate\":\"https:\/\/mekulo.com\/se\/?s={search_term_string}\"},\"query-input\":{\"@type\":\"PropertyValueSpecification\",\"valueRequired\":true,\"valueName\":\"search_term_string\"}}],\"inLanguage\":\"en-US\"},{\"@type\":\"Organization\",\"@id\":\"https:\/\/mekulo.com\/se\/#organization\",\"name\":\"Mekulo\",\"url\":\"https:\/\/mekulo.com\/se\/\",\"logo\":{\"@type\":\"ImageObject\",\"inLanguage\":\"en-US\",\"@id\":\"https:\/\/mekulo.com\/se\/#\/schema\/logo\/image\/\",\"url\":\"https:\/\/mekulo.com\/se\/wp-content\/uploads\/sites\/11\/2025\/12\/favicon_mekulo.png\",\"contentUrl\":\"https:\/\/mekulo.com\/se\/wp-content\/uploads\/sites\/11\/2025\/12\/favicon_mekulo.png\",\"width\":50,\"height\":50,\"caption\":\"Mekulo\"},\"image\":{\"@id\":\"https:\/\/mekulo.com\/se\/#\/schema\/logo\/image\/\"}}]}<\/script>\n<!-- \/ Yoast SEO plugin. -->","yoast_head_json":{"title":"45-graders l\u00e5sbar geringsbit - Mekulo SE","robots":{"index":"index","follow":"follow","max-snippet":"max-snippet:-1","max-image-preview":"max-image-preview:large","max-video-preview":"max-video-preview:-1"},"canonical":"https:\/\/mekulo.com\/se\/produkt\/45-graders-lasbar-geringsbit\/","og_locale":"en_US","og_type":"article","og_title":"45-graders l\u00e5sbar geringsbit - Mekulo SE","og_description":"Den h\u00e4r 45-gradiga l\u00e5sbara geringskronan \u00e4r utformad f\u00f6r att g\u00f6ra t\u00e4ta, s\u00f6ml\u00f6sa h\u00f6rnf\u00f6rband f\u00f6r tr\u00e4bearbetningsprojekt. Den sk\u00e4r sammankopplade 45\u00b0-kanter som passar perfekt ihop, vilket f\u00f6rb\u00e4ttrar styrka, inriktning och utseende. Perfekt f\u00f6r sk\u00e5p, l\u00e5dor, ramar och m\u00f6belbyggen.","og_url":"https:\/\/mekulo.com\/se\/produkt\/45-graders-lasbar-geringsbit\/","og_site_name":"Mekulo SE","article_modified_time":"2026-02-03T15:12:21+00:00","og_image":[{"width":1080,"height":1080,"url":"https:\/\/mekulo.com\/se\/wp-content\/uploads\/sites\/11\/2026\/01\/p1flq4w-1.jpg","type":"image\/jpeg"}],"twitter_card":"summary_large_image","twitter_misc":{"Est. reading time":"2 minutes"},"schema":{"@context":"https:\/\/schema.org","@graph":[{"@type":"WebPage","@id":"https:\/\/mekulo.com\/se\/produkt\/45-graders-lasbar-geringsbit\/","url":"https:\/\/mekulo.com\/se\/produkt\/45-graders-lasbar-geringsbit\/","name":"45-graders l\u00e5sbar geringsbit - Mekulo SE","isPartOf":{"@id":"https:\/\/mekulo.com\/se\/#website"},"primaryImageOfPage":{"@id":"https:\/\/mekulo.com\/se\/produkt\/45-graders-lasbar-geringsbit\/#primaryimage"},"image":{"@id":"https:\/\/mekulo.com\/se\/produkt\/45-graders-lasbar-geringsbit\/#primaryimage"},"thumbnailUrl":"https:\/\/mekulo.com\/se\/wp-content\/uploads\/sites\/11\/2026\/01\/p1flq4w-1.jpg","datePublished":"2026-01-08T15:49:55+00:00","dateModified":"2026-02-03T15:12:21+00:00","breadcrumb":{"@id":"https:\/\/mekulo.com\/se\/produkt\/45-graders-lasbar-geringsbit\/#breadcrumb"},"inLanguage":"en-US","potentialAction":[{"@type":"ReadAction","target":["https:\/\/mekulo.com\/se\/produkt\/45-graders-lasbar-geringsbit\/"]}]},{"@type":"ImageObject","inLanguage":"en-US","@id":"https:\/\/mekulo.com\/se\/produkt\/45-graders-lasbar-geringsbit\/#primaryimage","url":"https:\/\/mekulo.com\/se\/wp-content\/uploads\/sites\/11\/2026\/01\/p1flq4w-1.jpg","contentUrl":"https:\/\/mekulo.com\/se\/wp-content\/uploads\/sites\/11\/2026\/01\/p1flq4w-1.jpg","width":1080,"height":1080},{"@type":"BreadcrumbList","@id":"https:\/\/mekulo.com\/se\/produkt\/45-graders-lasbar-geringsbit\/#breadcrumb","itemListElement":[{"@type":"ListItem","position":1,"name":"Home","item":"https:\/\/mekulo.com\/se\/"},{"@type":"ListItem","position":2,"name":"Butik","item":"https:\/\/mekulo.com\/se\/butik\/"},{"@type":"ListItem","position":3,"name":"45-graders l\u00e5sbar geringsbit"}]},{"@type":"WebSite","@id":"https:\/\/mekulo.com\/se\/#website","url":"https:\/\/mekulo.com\/se\/","name":"Mekulo SE","description":"","publisher":{"@id":"https:\/\/mekulo.com\/se\/#organization"},"potentialAction":[{"@type":"SearchAction","target":{"@type":"EntryPoint","urlTemplate":"https:\/\/mekulo.com\/se\/?s={search_term_string}"},"query-input":{"@type":"PropertyValueSpecification","valueRequired":true,"valueName":"search_term_string"}}],"inLanguage":"en-US"},{"@type":"Organization","@id":"https:\/\/mekulo.com\/se\/#organization","name":"Mekulo","url":"https:\/\/mekulo.com\/se\/","logo":{"@type":"ImageObject","inLanguage":"en-US","@id":"https:\/\/mekulo.com\/se\/#\/schema\/logo\/image\/","url":"https:\/\/mekulo.com\/se\/wp-content\/uploads\/sites\/11\/2025\/12\/favicon_mekulo.png","contentUrl":"https:\/\/mekulo.com\/se\/wp-content\/uploads\/sites\/11\/2025\/12\/favicon_mekulo.png","width":50,"height":50,"caption":"Mekulo"},"image":{"@id":"https:\/\/mekulo.com\/se\/#\/schema\/logo\/image\/"}}]}},"_links":{"self":[{"href":"https:\/\/mekulo.com\/se\/wp-json\/wp\/v2\/product\/15713","targetHints":{"allow":["GET"]}}],"collection":[{"href":"https:\/\/mekulo.com\/se\/wp-json\/wp\/v2\/product"}],"about":[{"href":"https:\/\/mekulo.com\/se\/wp-json\/wp\/v2\/types\/product"}],"replies":[{"embeddable":true,"href":"https:\/\/mekulo.com\/se\/wp-json\/wp\/v2\/comments?post=15713"}],"wp:featuredmedia":[{"embeddable":true,"href":"https:\/\/mekulo.com\/se\/wp-json\/wp\/v2\/media\/15709"}],"wp:attachment":[{"href":"https:\/\/mekulo.com\/se\/wp-json\/wp\/v2\/media?parent=15713"}],"wp:term":[{"taxonomy":"product_brand","embeddable":true,"href":"https:\/\/mekulo.com\/se\/wp-json\/wp\/v2\/product_brand?post=15713"},{"taxonomy":"product_cat","embeddable":true,"href":"https:\/\/mekulo.com\/se\/wp-json\/wp\/v2\/product_cat?post=15713"},{"taxonomy":"product_tag","embeddable":true,"href":"https:\/\/mekulo.com\/se\/wp-json\/wp\/v2\/product_tag?post=15713"}],"curies":[{"name":"wp","href":"https:\/\/api.w.org\/{rel}","templated":true}]}}