{"id":15654,"date":"2026-01-08T17:43:02","date_gmt":"2026-01-08T15:43:02","guid":{"rendered":"https:\/\/mekulo.com\/se\/produkt\/vitloksskalare-3-st\/"},"modified":"2026-01-08T20:28:34","modified_gmt":"2026-01-08T18:28:34","slug":"vitloksskalare-3-st","status":"publish","type":"product","link":"https:\/\/mekulo.com\/se\/produkt\/vitloksskalare-3-st\/","title":{"rendered":"Vitl\u00f6ksskalare (3 st)"},"content":{"rendered":"<p style=\"text-align: center;\" data-start=\"38\" data-end=\"119\"><strong>Skala vitl\u00f6ksklyftor snabbt och rent utan r\u00f6ra och ingen vitl\u00f6kslukt p\u00e5 dina h\u00e4nder. \ud83e\uddc4<\/strong><\/p>\n<p data-start=\"144\" data-end=\"414\"><img fetchpriority=\"high\" decoding=\"async\" class=\"size-full wp-image-47458 aligncenter\" src=\"https:\/\/keluvo.com\/template\/wp-content\/uploads\/sites\/5\/2025\/12\/spp_20250321101605_e3a0ec09297cedf1a9491380b538ec6c.webp\" alt=\"\" width=\"750\" height=\"750\" \/><\/p>\n<h2 style=\"text-align: center;\" data-start=\"421\" data-end=\"443\"><strong>\ud83e\uddc4 Huvudsakliga f\u00f6rdelar<\/strong><\/h2>\n<p data-start=\"446\" data-end=\"502\">\u26a1 Snabbskalning &#8211; Avl\u00e4gsnar skalet i en enkel r\u00f6relse.<\/p>\n<p data-start=\"505\" data-end=\"562\">\u270b Ingen vitl\u00f6kslukt &#8211; H\u00e5ller h\u00e4nderna rena och luktfria.<\/p>\n<p data-start=\"565\" data-end=\"637\">\ud83e\uddf1 H\u00e5llbart material &#8211; Tillverkad av starkt, rostfritt st\u00e5l av livsmedelskvalitet.<\/p>\n<p data-start=\"640\" data-end=\"695\">\ud83e\uddfc L\u00e4tt att reng\u00f6ra &#8211; Sk\u00f6lj med vatten eller torka av.<\/p>\n<p data-start=\"698\" data-end=\"753\">\ud83c\udf92 Kompakt storlek &#8211; L\u00e4tt att f\u00f6rvara eller ta med p\u00e5 resan.<\/p>\n<p data-start=\"756\" data-end=\"823\">\ud83c\udf73 Passar alla klyftor &#8211; Fungerar med sm\u00e5 och stora vitl\u00f6ksklyftor.<\/p>\n<p data-start=\"756\" data-end=\"823\"><img decoding=\"async\" class=\"size-full wp-image-47457 aligncenter\" src=\"https:\/\/keluvo.com\/template\/wp-content\/uploads\/sites\/5\/2025\/12\/spp_20250321101611_75f30e7cfa6df6077f45b11d7bfa2352.webp\" alt=\"\" width=\"750\" height=\"750\" \/><\/p>\n<h2 style=\"text-align: center;\" data-start=\"830\" data-end=\"849\"><strong>\u25b6\ufe0f Hur Man Anv\u00e4nder<\/strong><\/h2>\n<ol data-start=\"850\" data-end=\"1061\">\n<li data-start=\"850\" data-end=\"905\">\n<p data-start=\"853\" data-end=\"905\">Placera en eller flera vitl\u00f6ksklyftor i skalaren.<\/p>\n<\/li>\n<li data-start=\"906\" data-end=\"960\">\n<p data-start=\"909\" data-end=\"960\">Rulla den ordentligt p\u00e5 en plan yta med handflatan.<\/p>\n<\/li>\n<li data-start=\"961\" data-end=\"998\">\n<p data-start=\"964\" data-end=\"998\">Ta bort de skalade vitl\u00f6ksklyftorna.<\/p>\n<\/li>\n<li data-start=\"999\" data-end=\"1028\">\n<p data-start=\"1002\" data-end=\"1028\">Kassera de l\u00f6sa skalen.<\/p>\n<\/li>\n<li data-start=\"1029\" data-end=\"1061\">\n<p data-start=\"1032\" data-end=\"1061\">Sk\u00f6lj skalaren efter anv\u00e4ndning.<\/p>\n<\/li>\n<\/ol>\n<h2 style=\"text-align: center;\" data-start=\"1068\" data-end=\"1092\"><strong>\ud83d\udccf Produktdetaljer<\/strong><\/h2>\n<ul data-start=\"1093\" data-end=\"1260\">\n<li data-start=\"1093\" data-end=\"1122\">\n<p data-start=\"1095\" data-end=\"1122\">Material: Rostfritt st\u00e5l<\/p>\n<\/li>\n<li data-start=\"1123\" data-end=\"1152\">\n<p data-start=\"1125\" data-end=\"1152\">Storlek: 16,5 x 2,5 x 6,5 cm<\/p>\n<\/li>\n<li data-start=\"1153\" data-end=\"1171\">\n<p data-start=\"1155\" data-end=\"1171\">Vikt: 16,2 g<\/p>\n<\/li>\n<li data-start=\"1172\" data-end=\"1207\">\n<p data-start=\"1174\" data-end=\"1207\">Design: L\u00e4tt och kompakt<\/p>\n<\/li>\n<li data-start=\"1208\" data-end=\"1260\">\n<p data-start=\"1210\" data-end=\"1260\">Anv\u00e4ndning: L\u00e4mplig f\u00f6r hemmak\u00f6k och professionella k\u00f6k<\/p>\n<\/li>\n<\/ul>\n<h2 style=\"text-align: center;\" data-start=\"1267\" data-end=\"1292\"><strong>\ud83d\udce6 Paketet inneh\u00e5ller<\/strong><\/h2>\n<ul data-start=\"1293\" data-end=\"1330\">\n<li data-start=\"1293\" data-end=\"1330\">\n<p data-start=\"1295\" data-end=\"1330\">3x vitl\u00f6kskalare i rostfritt st\u00e5l.<\/p>\n<\/li>\n<\/ul>\n","protected":false},"excerpt":{"rendered":"<p>Denna vitl\u00f6kskalare avl\u00e4gsnar vitl\u00f6ksskal p\u00e5 n\u00e5gra sekunder med en enkel rullande r\u00f6relse. Den sparar tid under matlagningen, h\u00e5ller dina h\u00e4nder luktfria och underl\u00e4ttar matlagningen f\u00f6r vardagliga m\u00e5ltider eller stora matlagningssessioner. Den \u00e4r kompakt och h\u00e5llbar och ett m\u00e5ste i alla k\u00f6k.<\/p>\n","protected":false},"featured_media":15650,"comment_status":"open","ping_status":"closed","template":"","meta":{"site-sidebar-layout":"default","site-content-layout":"","ast-site-content-layout":"default","site-content-style":"default","site-sidebar-style":"default","ast-global-header-display":"","ast-banner-title-visibility":"","ast-main-header-display":"","ast-hfb-above-header-display":"","ast-hfb-below-header-display":"","ast-hfb-mobile-header-display":"","site-post-title":"","ast-breadcrumbs-content":"","ast-featured-img":"","footer-sml-layout":"","theme-transparent-header-meta":"default","adv-header-id-meta":"","stick-header-meta":"","header-above-stick-meta":"","header-main-stick-meta":"","header-below-stick-meta":"","astra-migrate-meta-layouts":"set","ast-page-background-enabled":"default","ast-page-background-meta":{"desktop":{"background-color":"var(--ast-global-color-5)","background-image":"","background-repeat":"repeat","background-position":"center center","background-size":"auto","background-attachment":"scroll","background-type":"","background-media":"","overlay-type":"","overlay-color":"","overlay-opacity":"","overlay-gradient":""},"tablet":{"background-color":"","background-image":"","background-repeat":"repeat","background-position":"center center","background-size":"auto","background-attachment":"scroll","background-type":"","background-media":"","overlay-type":"","overlay-color":"","overlay-opacity":"","overlay-gradient":""},"mobile":{"background-color":"","background-image":"","background-repeat":"repeat","background-position":"center center","background-size":"auto","background-attachment":"scroll","background-type":"","background-media":"","overlay-type":"","overlay-color":"","overlay-opacity":"","overlay-gradient":""}},"ast-content-background-meta":{"desktop":{"background-color":"var(--ast-global-color-4)","background-image":"","background-repeat":"repeat","background-position":"center center","background-size":"auto","background-attachment":"scroll","background-type":"","background-media":"","overlay-type":"","overlay-color":"","overlay-opacity":"","overlay-gradient":""},"tablet":{"background-color":"var(--ast-global-color-4)","background-image":"","background-repeat":"repeat","background-position":"center center","background-size":"auto","background-attachment":"scroll","background-type":"","background-media":"","overlay-type":"","overlay-color":"","overlay-opacity":"","overlay-gradient":""},"mobile":{"background-color":"var(--ast-global-color-4)","background-image":"","background-repeat":"repeat","background-position":"center center","background-size":"auto","background-attachment":"scroll","background-type":"","background-media":"","overlay-type":"","overlay-color":"","overlay-opacity":"","overlay-gradient":""}}},"product_brand":[],"product_cat":[15],"product_tag":[],"class_list":{"0":"post-15654","1":"product","2":"type-product","3":"status-publish","4":"has-post-thumbnail","6":"product_cat-uncategorized","7":"desktop-align-left","8":"tablet-align-left","9":"mobile-align-left","11":"first","12":"instock","13":"shipping-taxable","14":"purchasable","15":"product-type-simple"},"yoast_head":"<!-- This site is optimized with the Yoast SEO plugin v26.6 - https:\/\/yoast.com\/wordpress\/plugins\/seo\/ -->\n<title>Vitl\u00f6ksskalare (3 st) - Mekulo SE<\/title>\n<meta name=\"robots\" content=\"index, follow, max-snippet:-1, max-image-preview:large, max-video-preview:-1\" \/>\n<link rel=\"canonical\" href=\"https:\/\/mekulo.com\/se\/produkt\/vitloksskalare-3-st\/\" \/>\n<meta property=\"og:locale\" content=\"sv_SE\" \/>\n<meta property=\"og:type\" content=\"article\" \/>\n<meta property=\"og:title\" content=\"Vitl\u00f6ksskalare (3 st) - Mekulo SE\" \/>\n<meta property=\"og:description\" content=\"Denna vitl\u00f6kskalare avl\u00e4gsnar vitl\u00f6ksskal p\u00e5 n\u00e5gra sekunder med en enkel rullande r\u00f6relse. Den sparar tid under matlagningen, h\u00e5ller dina h\u00e4nder luktfria och underl\u00e4ttar matlagningen f\u00f6r vardagliga m\u00e5ltider eller stora matlagningssessioner. Den \u00e4r kompakt och h\u00e5llbar och ett m\u00e5ste i alla k\u00f6k.\" \/>\n<meta property=\"og:url\" content=\"https:\/\/mekulo.com\/se\/produkt\/vitloksskalare-3-st\/\" \/>\n<meta property=\"og:site_name\" content=\"Mekulo SE\" \/>\n<meta property=\"article:modified_time\" content=\"2026-01-08T18:28:34+00:00\" \/>\n<meta property=\"og:image\" content=\"https:\/\/mekulo.com\/se\/wp-content\/uploads\/sites\/11\/2026\/01\/2uzdkb6-1.webp\" \/>\n\t<meta property=\"og:image:width\" content=\"713\" \/>\n\t<meta property=\"og:image:height\" content=\"713\" \/>\n\t<meta property=\"og:image:type\" content=\"image\/webp\" \/>\n<meta name=\"twitter:card\" content=\"summary_large_image\" \/>\n<meta name=\"twitter:label1\" content=\"Ber\u00e4knad l\u00e4stid\" \/>\n\t<meta name=\"twitter:data1\" content=\"2 minuter\" \/>\n<script type=\"application\/ld+json\" class=\"yoast-schema-graph\">{\"@context\":\"https:\/\/schema.org\",\"@graph\":[{\"@type\":\"WebPage\",\"@id\":\"https:\/\/mekulo.com\/se\/produkt\/vitloksskalare-3-st\/\",\"url\":\"https:\/\/mekulo.com\/se\/produkt\/vitloksskalare-3-st\/\",\"name\":\"Vitl\u00f6ksskalare (3 st) - Mekulo SE\",\"isPartOf\":{\"@id\":\"https:\/\/mekulo.com\/se\/#website\"},\"primaryImageOfPage\":{\"@id\":\"https:\/\/mekulo.com\/se\/produkt\/vitloksskalare-3-st\/#primaryimage\"},\"image\":{\"@id\":\"https:\/\/mekulo.com\/se\/produkt\/vitloksskalare-3-st\/#primaryimage\"},\"thumbnailUrl\":\"https:\/\/mekulo.com\/se\/wp-content\/uploads\/sites\/11\/2026\/01\/2uzdkb6-1.webp\",\"datePublished\":\"2026-01-08T15:43:02+00:00\",\"dateModified\":\"2026-01-08T18:28:34+00:00\",\"breadcrumb\":{\"@id\":\"https:\/\/mekulo.com\/se\/produkt\/vitloksskalare-3-st\/#breadcrumb\"},\"inLanguage\":\"sv-SE\",\"potentialAction\":[{\"@type\":\"ReadAction\",\"target\":[\"https:\/\/mekulo.com\/se\/produkt\/vitloksskalare-3-st\/\"]}]},{\"@type\":\"ImageObject\",\"inLanguage\":\"sv-SE\",\"@id\":\"https:\/\/mekulo.com\/se\/produkt\/vitloksskalare-3-st\/#primaryimage\",\"url\":\"https:\/\/mekulo.com\/se\/wp-content\/uploads\/sites\/11\/2026\/01\/2uzdkb6-1.webp\",\"contentUrl\":\"https:\/\/mekulo.com\/se\/wp-content\/uploads\/sites\/11\/2026\/01\/2uzdkb6-1.webp\",\"width\":713,\"height\":713},{\"@type\":\"BreadcrumbList\",\"@id\":\"https:\/\/mekulo.com\/se\/produkt\/vitloksskalare-3-st\/#breadcrumb\",\"itemListElement\":[{\"@type\":\"ListItem\",\"position\":1,\"name\":\"Home\",\"item\":\"https:\/\/mekulo.com\/se\/\"},{\"@type\":\"ListItem\",\"position\":2,\"name\":\"Butik\",\"item\":\"https:\/\/mekulo.com\/se\/butik\/\"},{\"@type\":\"ListItem\",\"position\":3,\"name\":\"Vitl\u00f6ksskalare (3 st)\"}]},{\"@type\":\"WebSite\",\"@id\":\"https:\/\/mekulo.com\/se\/#website\",\"url\":\"https:\/\/mekulo.com\/se\/\",\"name\":\"Mekulo SE\",\"description\":\"\",\"publisher\":{\"@id\":\"https:\/\/mekulo.com\/se\/#organization\"},\"potentialAction\":[{\"@type\":\"SearchAction\",\"target\":{\"@type\":\"EntryPoint\",\"urlTemplate\":\"https:\/\/mekulo.com\/se\/?s={search_term_string}\"},\"query-input\":{\"@type\":\"PropertyValueSpecification\",\"valueRequired\":true,\"valueName\":\"search_term_string\"}}],\"inLanguage\":\"sv-SE\"},{\"@type\":\"Organization\",\"@id\":\"https:\/\/mekulo.com\/se\/#organization\",\"name\":\"Mekulo\",\"url\":\"https:\/\/mekulo.com\/se\/\",\"logo\":{\"@type\":\"ImageObject\",\"inLanguage\":\"sv-SE\",\"@id\":\"https:\/\/mekulo.com\/se\/#\/schema\/logo\/image\/\",\"url\":\"https:\/\/mekulo.com\/se\/wp-content\/uploads\/sites\/11\/2025\/12\/favicon_mekulo.png\",\"contentUrl\":\"https:\/\/mekulo.com\/se\/wp-content\/uploads\/sites\/11\/2025\/12\/favicon_mekulo.png\",\"width\":50,\"height\":50,\"caption\":\"Mekulo\"},\"image\":{\"@id\":\"https:\/\/mekulo.com\/se\/#\/schema\/logo\/image\/\"}}]}<\/script>\n<!-- \/ Yoast SEO plugin. -->","yoast_head_json":{"title":"Vitl\u00f6ksskalare (3 st) - Mekulo SE","robots":{"index":"index","follow":"follow","max-snippet":"max-snippet:-1","max-image-preview":"max-image-preview:large","max-video-preview":"max-video-preview:-1"},"canonical":"https:\/\/mekulo.com\/se\/produkt\/vitloksskalare-3-st\/","og_locale":"sv_SE","og_type":"article","og_title":"Vitl\u00f6ksskalare (3 st) - Mekulo SE","og_description":"Denna vitl\u00f6kskalare avl\u00e4gsnar vitl\u00f6ksskal p\u00e5 n\u00e5gra sekunder med en enkel rullande r\u00f6relse. Den sparar tid under matlagningen, h\u00e5ller dina h\u00e4nder luktfria och underl\u00e4ttar matlagningen f\u00f6r vardagliga m\u00e5ltider eller stora matlagningssessioner. Den \u00e4r kompakt och h\u00e5llbar och ett m\u00e5ste i alla k\u00f6k.","og_url":"https:\/\/mekulo.com\/se\/produkt\/vitloksskalare-3-st\/","og_site_name":"Mekulo SE","article_modified_time":"2026-01-08T18:28:34+00:00","og_image":[{"width":713,"height":713,"url":"https:\/\/mekulo.com\/se\/wp-content\/uploads\/sites\/11\/2026\/01\/2uzdkb6-1.webp","type":"image\/webp"}],"twitter_card":"summary_large_image","twitter_misc":{"Ber\u00e4knad l\u00e4stid":"2 minuter"},"schema":{"@context":"https:\/\/schema.org","@graph":[{"@type":"WebPage","@id":"https:\/\/mekulo.com\/se\/produkt\/vitloksskalare-3-st\/","url":"https:\/\/mekulo.com\/se\/produkt\/vitloksskalare-3-st\/","name":"Vitl\u00f6ksskalare (3 st) - Mekulo SE","isPartOf":{"@id":"https:\/\/mekulo.com\/se\/#website"},"primaryImageOfPage":{"@id":"https:\/\/mekulo.com\/se\/produkt\/vitloksskalare-3-st\/#primaryimage"},"image":{"@id":"https:\/\/mekulo.com\/se\/produkt\/vitloksskalare-3-st\/#primaryimage"},"thumbnailUrl":"https:\/\/mekulo.com\/se\/wp-content\/uploads\/sites\/11\/2026\/01\/2uzdkb6-1.webp","datePublished":"2026-01-08T15:43:02+00:00","dateModified":"2026-01-08T18:28:34+00:00","breadcrumb":{"@id":"https:\/\/mekulo.com\/se\/produkt\/vitloksskalare-3-st\/#breadcrumb"},"inLanguage":"sv-SE","potentialAction":[{"@type":"ReadAction","target":["https:\/\/mekulo.com\/se\/produkt\/vitloksskalare-3-st\/"]}]},{"@type":"ImageObject","inLanguage":"sv-SE","@id":"https:\/\/mekulo.com\/se\/produkt\/vitloksskalare-3-st\/#primaryimage","url":"https:\/\/mekulo.com\/se\/wp-content\/uploads\/sites\/11\/2026\/01\/2uzdkb6-1.webp","contentUrl":"https:\/\/mekulo.com\/se\/wp-content\/uploads\/sites\/11\/2026\/01\/2uzdkb6-1.webp","width":713,"height":713},{"@type":"BreadcrumbList","@id":"https:\/\/mekulo.com\/se\/produkt\/vitloksskalare-3-st\/#breadcrumb","itemListElement":[{"@type":"ListItem","position":1,"name":"Home","item":"https:\/\/mekulo.com\/se\/"},{"@type":"ListItem","position":2,"name":"Butik","item":"https:\/\/mekulo.com\/se\/butik\/"},{"@type":"ListItem","position":3,"name":"Vitl\u00f6ksskalare (3 st)"}]},{"@type":"WebSite","@id":"https:\/\/mekulo.com\/se\/#website","url":"https:\/\/mekulo.com\/se\/","name":"Mekulo SE","description":"","publisher":{"@id":"https:\/\/mekulo.com\/se\/#organization"},"potentialAction":[{"@type":"SearchAction","target":{"@type":"EntryPoint","urlTemplate":"https:\/\/mekulo.com\/se\/?s={search_term_string}"},"query-input":{"@type":"PropertyValueSpecification","valueRequired":true,"valueName":"search_term_string"}}],"inLanguage":"sv-SE"},{"@type":"Organization","@id":"https:\/\/mekulo.com\/se\/#organization","name":"Mekulo","url":"https:\/\/mekulo.com\/se\/","logo":{"@type":"ImageObject","inLanguage":"sv-SE","@id":"https:\/\/mekulo.com\/se\/#\/schema\/logo\/image\/","url":"https:\/\/mekulo.com\/se\/wp-content\/uploads\/sites\/11\/2025\/12\/favicon_mekulo.png","contentUrl":"https:\/\/mekulo.com\/se\/wp-content\/uploads\/sites\/11\/2025\/12\/favicon_mekulo.png","width":50,"height":50,"caption":"Mekulo"},"image":{"@id":"https:\/\/mekulo.com\/se\/#\/schema\/logo\/image\/"}}]}},"_links":{"self":[{"href":"https:\/\/mekulo.com\/se\/wp-json\/wp\/v2\/product\/15654","targetHints":{"allow":["GET"]}}],"collection":[{"href":"https:\/\/mekulo.com\/se\/wp-json\/wp\/v2\/product"}],"about":[{"href":"https:\/\/mekulo.com\/se\/wp-json\/wp\/v2\/types\/product"}],"replies":[{"embeddable":true,"href":"https:\/\/mekulo.com\/se\/wp-json\/wp\/v2\/comments?post=15654"}],"wp:featuredmedia":[{"embeddable":true,"href":"https:\/\/mekulo.com\/se\/wp-json\/wp\/v2\/media\/15650"}],"wp:attachment":[{"href":"https:\/\/mekulo.com\/se\/wp-json\/wp\/v2\/media?parent=15654"}],"wp:term":[{"taxonomy":"product_brand","embeddable":true,"href":"https:\/\/mekulo.com\/se\/wp-json\/wp\/v2\/product_brand?post=15654"},{"taxonomy":"product_cat","embeddable":true,"href":"https:\/\/mekulo.com\/se\/wp-json\/wp\/v2\/product_cat?post=15654"},{"taxonomy":"product_tag","embeddable":true,"href":"https:\/\/mekulo.com\/se\/wp-json\/wp\/v2\/product_tag?post=15654"}],"curies":[{"name":"wp","href":"https:\/\/api.w.org\/{rel}","templated":true}]}}