{"id":15624,"date":"2026-01-08T17:40:10","date_gmt":"2026-01-08T15:40:10","guid":{"rendered":"https:\/\/mekulo.com\/se\/produkt\/sprayer-for-avisning\/"},"modified":"2026-01-08T20:25:19","modified_gmt":"2026-01-08T18:25:19","slug":"sprayer-for-avisning","status":"publish","type":"product","link":"https:\/\/mekulo.com\/se\/produkt\/sprayer-for-avisning\/","title":{"rendered":"Sprayer f\u00f6r avisning"},"content":{"rendered":"<p style=\"text-align: center;\" data-start=\"39\" data-end=\"105\"><strong>Sm\u00e4lter is snabbt och h\u00e5ller ditt kylsk\u00e5p rent med mindre anstr\u00e4ngning. \u2744\ufe0f<\/strong><\/p>\n<p data-start=\"130\" data-end=\"415\"><img fetchpriority=\"high\" decoding=\"async\" class=\"size-full wp-image-47423 aligncenter\" src=\"https:\/\/keluvo.com\/template\/wp-content\/uploads\/sites\/5\/2025\/12\/122115-ezgif.com-video-to-webp-converter-1.webp\" alt=\"\" width=\"500\" height=\"500\" \/><\/p>\n<h2 style=\"text-align: center;\" data-start=\"422\" data-end=\"444\"><strong>\u2744\ufe0f Huvudsakliga f\u00f6rdelar<\/strong><\/h2>\n<p data-start=\"447\" data-end=\"503\">\u26a1 Snabb avfrostning &#8211; p\u00e5skyndar issm\u00e4ltningen p\u00e5 n\u00e5gra minuter.<\/p>\n<p data-start=\"506\" data-end=\"566\">\ud83e\uddfc Reng\u00f6r under avfrostning &#8211; tar bort frost och rester.<\/p>\n<p data-start=\"506\" data-end=\"566\">\ud83e\uddca F\u00f6rb\u00e4ttrar effektiviteten &#8211; hj\u00e4lper ditt kylsk\u00e5p att svalna b\u00e4ttre.<\/p>\n<p data-start=\"632\" data-end=\"692\">\ud83c\udf2c\ufe0f Deodoriserande effekt &#8211; minskar o\u00f6nskad kylsk\u00e5pslukt.<\/p>\n<p data-start=\"695\" data-end=\"753\">\u23f1\ufe0f Sparar tid och anstr\u00e4ngning &#8211; mindre manuell skrapning beh\u00f6vs.<\/p>\n<p data-start=\"756\" data-end=\"816\">\ud83d\udcb0 Ekonomisk l\u00f6sning &#8211; F\u00f6rl\u00e4nger kylsk\u00e5pets livsl\u00e4ngd.<\/p>\n<p data-start=\"756\" data-end=\"816\"><img decoding=\"async\" class=\"size-full wp-image-47428 aligncenter\" src=\"https:\/\/keluvo.com\/template\/wp-content\/uploads\/sites\/5\/2025\/12\/122114-ezgif.com-video-to-webp-converter-1.webp\" alt=\"\" width=\"500\" height=\"500\" \/><\/p>\n<h2 style=\"text-align: center;\" data-start=\"823\" data-end=\"842\"><strong>\u25b6\ufe0f Anv\u00e4ndning<\/strong><\/h2>\n<ol data-start=\"843\" data-end=\"1135\">\n<li data-start=\"843\" data-end=\"888\">\n<p data-start=\"846\" data-end=\"888\">St\u00e4ng av kylsk\u00e5pet och dra ur kontakten.<\/p>\n<\/li>\n<li data-start=\"889\" data-end=\"941\">\n<p data-start=\"892\" data-end=\"941\">Ta bort mat och skrapa bort tjock is om det beh\u00f6vs.<\/p>\n<\/li>\n<li data-start=\"942\" data-end=\"994\">\n<p data-start=\"945\" data-end=\"994\">Spraya avisningsl\u00f6sningen p\u00e5 kvarvarande is.<\/p>\n<\/li>\n<li data-start=\"995\" data-end=\"1038\">\n<p data-start=\"998\" data-end=\"1038\">V\u00e4nta 5-10 minuter tills isen sm\u00e4lter.<\/p>\n<\/li>\n<li data-start=\"1039\" data-end=\"1090\">\n<p data-start=\"1042\" data-end=\"1090\">Ta bort sm\u00e4lt is och torka av interi\u00f6ren.<\/p>\n<\/li>\n<li data-start=\"1091\" data-end=\"1135\">\n<p data-start=\"1094\" data-end=\"1135\">Anslut och anv\u00e4nd kylsk\u00e5pet igen.<\/p>\n<\/li>\n<\/ol>\n<h2 style=\"text-align: center;\" data-start=\"1142\" data-end=\"1166\"><strong>\ud83d\udccf Produktdetaljer<\/strong><\/h2>\n<ul data-start=\"1167\" data-end=\"1359\">\n<li data-start=\"1213\" data-end=\"1236\">\n<p data-start=\"1215\" data-end=\"1236\">Nettoinneh\u00e5ll: 120 ml<\/p>\n<\/li>\n<li data-start=\"1237\" data-end=\"1260\">\n<p data-start=\"1239\" data-end=\"1260\">Storlek: 15,5 x 4,2 cm<\/p>\n<\/li>\n<li data-start=\"1261\" data-end=\"1311\">\n<p data-start=\"1263\" data-end=\"1311\">Ingredienser: Avjoniserat vatten, salt, ytaktivt \u00e4mne<\/p>\n<\/li>\n<li data-start=\"1312\" data-end=\"1359\">\n<p data-start=\"1314\" data-end=\"1359\">Funktion: Avfrostning, reng\u00f6ring, deodorisering<\/p>\n<\/li>\n<\/ul>\n<h2 style=\"text-align: center;\" data-start=\"1366\" data-end=\"1391\"><strong>\ud83d\udce6 I f\u00f6rpackningen ing\u00e5r<\/strong><\/h2>\n<ul data-start=\"1392\" data-end=\"1459\">\n<li data-start=\"1392\" data-end=\"1459\">\n<p data-start=\"1394\" data-end=\"1459\">1, 2, 3, 5x avisningsspray.<\/p>\n<\/li>\n<\/ul>\n","protected":false},"excerpt":{"rendered":"<p>Denna avisningsspray bryter snabbt ner is som byggts upp i kylsk\u00e5pet, vilket sparar tid och energi vid avfrostning. Den hj\u00e4lper ocks\u00e5 till att reng\u00f6ra och desodorisera interi\u00f6ren, vilket f\u00f6rb\u00e4ttrar f\u00f6rvaringshygienen och kylsk\u00e5pets prestanda. Enkel att anv\u00e4nda och effektiv med bara n\u00e5gra f\u00e5 sprayer.<\/p>\n","protected":false},"featured_media":15620,"comment_status":"open","ping_status":"closed","template":"","meta":{"site-sidebar-layout":"default","site-content-layout":"","ast-site-content-layout":"default","site-content-style":"default","site-sidebar-style":"default","ast-global-header-display":"","ast-banner-title-visibility":"","ast-main-header-display":"","ast-hfb-above-header-display":"","ast-hfb-below-header-display":"","ast-hfb-mobile-header-display":"","site-post-title":"","ast-breadcrumbs-content":"","ast-featured-img":"","footer-sml-layout":"","theme-transparent-header-meta":"default","adv-header-id-meta":"","stick-header-meta":"","header-above-stick-meta":"","header-main-stick-meta":"","header-below-stick-meta":"","astra-migrate-meta-layouts":"set","ast-page-background-enabled":"default","ast-page-background-meta":{"desktop":{"background-color":"var(--ast-global-color-5)","background-image":"","background-repeat":"repeat","background-position":"center center","background-size":"auto","background-attachment":"scroll","background-type":"","background-media":"","overlay-type":"","overlay-color":"","overlay-opacity":"","overlay-gradient":""},"tablet":{"background-color":"","background-image":"","background-repeat":"repeat","background-position":"center center","background-size":"auto","background-attachment":"scroll","background-type":"","background-media":"","overlay-type":"","overlay-color":"","overlay-opacity":"","overlay-gradient":""},"mobile":{"background-color":"","background-image":"","background-repeat":"repeat","background-position":"center center","background-size":"auto","background-attachment":"scroll","background-type":"","background-media":"","overlay-type":"","overlay-color":"","overlay-opacity":"","overlay-gradient":""}},"ast-content-background-meta":{"desktop":{"background-color":"var(--ast-global-color-4)","background-image":"","background-repeat":"repeat","background-position":"center center","background-size":"auto","background-attachment":"scroll","background-type":"","background-media":"","overlay-type":"","overlay-color":"","overlay-opacity":"","overlay-gradient":""},"tablet":{"background-color":"var(--ast-global-color-4)","background-image":"","background-repeat":"repeat","background-position":"center center","background-size":"auto","background-attachment":"scroll","background-type":"","background-media":"","overlay-type":"","overlay-color":"","overlay-opacity":"","overlay-gradient":""},"mobile":{"background-color":"var(--ast-global-color-4)","background-image":"","background-repeat":"repeat","background-position":"center center","background-size":"auto","background-attachment":"scroll","background-type":"","background-media":"","overlay-type":"","overlay-color":"","overlay-opacity":"","overlay-gradient":""}}},"product_brand":[],"product_cat":[15],"product_tag":[],"class_list":{"0":"post-15624","1":"product","2":"type-product","3":"status-publish","4":"has-post-thumbnail","6":"product_cat-uncategorized","7":"pa_65001_q0xiz4us-1-st","8":"pa_65001_q0xiz4us-2-st","9":"pa_65001_q0xiz4us-3-st","10":"pa_65001_q0xiz4us-5-st","11":"desktop-align-left","12":"tablet-align-left","13":"mobile-align-left","15":"first","16":"instock","17":"shipping-taxable","18":"purchasable","19":"product-type-variable"},"yoast_head":"<!-- This site is optimized with the Yoast SEO plugin v26.6 - https:\/\/yoast.com\/wordpress\/plugins\/seo\/ -->\n<title>Sprayer f\u00f6r avisning - Mekulo SE<\/title>\n<meta name=\"robots\" content=\"index, follow, max-snippet:-1, max-image-preview:large, max-video-preview:-1\" \/>\n<link rel=\"canonical\" href=\"https:\/\/mekulo.com\/se\/produkt\/sprayer-for-avisning\/\" \/>\n<meta property=\"og:locale\" content=\"sv_SE\" \/>\n<meta property=\"og:type\" content=\"article\" \/>\n<meta property=\"og:title\" content=\"Sprayer f\u00f6r avisning - Mekulo SE\" \/>\n<meta property=\"og:description\" content=\"Denna avisningsspray bryter snabbt ner is som byggts upp i kylsk\u00e5pet, vilket sparar tid och energi vid avfrostning. Den hj\u00e4lper ocks\u00e5 till att reng\u00f6ra och desodorisera interi\u00f6ren, vilket f\u00f6rb\u00e4ttrar f\u00f6rvaringshygienen och kylsk\u00e5pets prestanda. Enkel att anv\u00e4nda och effektiv med bara n\u00e5gra f\u00e5 sprayer.\" \/>\n<meta property=\"og:url\" content=\"https:\/\/mekulo.com\/se\/produkt\/sprayer-for-avisning\/\" \/>\n<meta property=\"og:site_name\" content=\"Mekulo SE\" \/>\n<meta property=\"article:modified_time\" content=\"2026-01-08T18:25:19+00:00\" \/>\n<meta property=\"og:image\" content=\"https:\/\/mekulo.com\/se\/wp-content\/uploads\/sites\/11\/2026\/01\/3h2uwz1-1.webp\" \/>\n\t<meta property=\"og:image:width\" content=\"713\" \/>\n\t<meta property=\"og:image:height\" content=\"713\" \/>\n\t<meta property=\"og:image:type\" content=\"image\/webp\" \/>\n<meta name=\"twitter:card\" content=\"summary_large_image\" \/>\n<meta name=\"twitter:label1\" content=\"Ber\u00e4knad l\u00e4stid\" \/>\n\t<meta name=\"twitter:data1\" content=\"2 minuter\" \/>\n<script type=\"application\/ld+json\" class=\"yoast-schema-graph\">{\"@context\":\"https:\/\/schema.org\",\"@graph\":[{\"@type\":\"WebPage\",\"@id\":\"https:\/\/mekulo.com\/se\/produkt\/sprayer-for-avisning\/\",\"url\":\"https:\/\/mekulo.com\/se\/produkt\/sprayer-for-avisning\/\",\"name\":\"Sprayer f\u00f6r avisning - Mekulo SE\",\"isPartOf\":{\"@id\":\"https:\/\/mekulo.com\/se\/#website\"},\"primaryImageOfPage\":{\"@id\":\"https:\/\/mekulo.com\/se\/produkt\/sprayer-for-avisning\/#primaryimage\"},\"image\":{\"@id\":\"https:\/\/mekulo.com\/se\/produkt\/sprayer-for-avisning\/#primaryimage\"},\"thumbnailUrl\":\"https:\/\/mekulo.com\/se\/wp-content\/uploads\/sites\/11\/2026\/01\/3h2uwz1-1.webp\",\"datePublished\":\"2026-01-08T15:40:10+00:00\",\"dateModified\":\"2026-01-08T18:25:19+00:00\",\"breadcrumb\":{\"@id\":\"https:\/\/mekulo.com\/se\/produkt\/sprayer-for-avisning\/#breadcrumb\"},\"inLanguage\":\"sv-SE\",\"potentialAction\":[{\"@type\":\"ReadAction\",\"target\":[\"https:\/\/mekulo.com\/se\/produkt\/sprayer-for-avisning\/\"]}]},{\"@type\":\"ImageObject\",\"inLanguage\":\"sv-SE\",\"@id\":\"https:\/\/mekulo.com\/se\/produkt\/sprayer-for-avisning\/#primaryimage\",\"url\":\"https:\/\/mekulo.com\/se\/wp-content\/uploads\/sites\/11\/2026\/01\/3h2uwz1-1.webp\",\"contentUrl\":\"https:\/\/mekulo.com\/se\/wp-content\/uploads\/sites\/11\/2026\/01\/3h2uwz1-1.webp\",\"width\":713,\"height\":713},{\"@type\":\"BreadcrumbList\",\"@id\":\"https:\/\/mekulo.com\/se\/produkt\/sprayer-for-avisning\/#breadcrumb\",\"itemListElement\":[{\"@type\":\"ListItem\",\"position\":1,\"name\":\"Home\",\"item\":\"https:\/\/mekulo.com\/se\/\"},{\"@type\":\"ListItem\",\"position\":2,\"name\":\"Butik\",\"item\":\"https:\/\/mekulo.com\/se\/butik\/\"},{\"@type\":\"ListItem\",\"position\":3,\"name\":\"Sprayer f\u00f6r avisning\"}]},{\"@type\":\"WebSite\",\"@id\":\"https:\/\/mekulo.com\/se\/#website\",\"url\":\"https:\/\/mekulo.com\/se\/\",\"name\":\"Mekulo SE\",\"description\":\"\",\"publisher\":{\"@id\":\"https:\/\/mekulo.com\/se\/#organization\"},\"potentialAction\":[{\"@type\":\"SearchAction\",\"target\":{\"@type\":\"EntryPoint\",\"urlTemplate\":\"https:\/\/mekulo.com\/se\/?s={search_term_string}\"},\"query-input\":{\"@type\":\"PropertyValueSpecification\",\"valueRequired\":true,\"valueName\":\"search_term_string\"}}],\"inLanguage\":\"sv-SE\"},{\"@type\":\"Organization\",\"@id\":\"https:\/\/mekulo.com\/se\/#organization\",\"name\":\"Mekulo\",\"url\":\"https:\/\/mekulo.com\/se\/\",\"logo\":{\"@type\":\"ImageObject\",\"inLanguage\":\"sv-SE\",\"@id\":\"https:\/\/mekulo.com\/se\/#\/schema\/logo\/image\/\",\"url\":\"https:\/\/mekulo.com\/se\/wp-content\/uploads\/sites\/11\/2025\/12\/favicon_mekulo.png\",\"contentUrl\":\"https:\/\/mekulo.com\/se\/wp-content\/uploads\/sites\/11\/2025\/12\/favicon_mekulo.png\",\"width\":50,\"height\":50,\"caption\":\"Mekulo\"},\"image\":{\"@id\":\"https:\/\/mekulo.com\/se\/#\/schema\/logo\/image\/\"}}]}<\/script>\n<!-- \/ Yoast SEO plugin. -->","yoast_head_json":{"title":"Sprayer f\u00f6r avisning - Mekulo SE","robots":{"index":"index","follow":"follow","max-snippet":"max-snippet:-1","max-image-preview":"max-image-preview:large","max-video-preview":"max-video-preview:-1"},"canonical":"https:\/\/mekulo.com\/se\/produkt\/sprayer-for-avisning\/","og_locale":"sv_SE","og_type":"article","og_title":"Sprayer f\u00f6r avisning - Mekulo SE","og_description":"Denna avisningsspray bryter snabbt ner is som byggts upp i kylsk\u00e5pet, vilket sparar tid och energi vid avfrostning. Den hj\u00e4lper ocks\u00e5 till att reng\u00f6ra och desodorisera interi\u00f6ren, vilket f\u00f6rb\u00e4ttrar f\u00f6rvaringshygienen och kylsk\u00e5pets prestanda. Enkel att anv\u00e4nda och effektiv med bara n\u00e5gra f\u00e5 sprayer.","og_url":"https:\/\/mekulo.com\/se\/produkt\/sprayer-for-avisning\/","og_site_name":"Mekulo SE","article_modified_time":"2026-01-08T18:25:19+00:00","og_image":[{"width":713,"height":713,"url":"https:\/\/mekulo.com\/se\/wp-content\/uploads\/sites\/11\/2026\/01\/3h2uwz1-1.webp","type":"image\/webp"}],"twitter_card":"summary_large_image","twitter_misc":{"Ber\u00e4knad l\u00e4stid":"2 minuter"},"schema":{"@context":"https:\/\/schema.org","@graph":[{"@type":"WebPage","@id":"https:\/\/mekulo.com\/se\/produkt\/sprayer-for-avisning\/","url":"https:\/\/mekulo.com\/se\/produkt\/sprayer-for-avisning\/","name":"Sprayer f\u00f6r avisning - Mekulo SE","isPartOf":{"@id":"https:\/\/mekulo.com\/se\/#website"},"primaryImageOfPage":{"@id":"https:\/\/mekulo.com\/se\/produkt\/sprayer-for-avisning\/#primaryimage"},"image":{"@id":"https:\/\/mekulo.com\/se\/produkt\/sprayer-for-avisning\/#primaryimage"},"thumbnailUrl":"https:\/\/mekulo.com\/se\/wp-content\/uploads\/sites\/11\/2026\/01\/3h2uwz1-1.webp","datePublished":"2026-01-08T15:40:10+00:00","dateModified":"2026-01-08T18:25:19+00:00","breadcrumb":{"@id":"https:\/\/mekulo.com\/se\/produkt\/sprayer-for-avisning\/#breadcrumb"},"inLanguage":"sv-SE","potentialAction":[{"@type":"ReadAction","target":["https:\/\/mekulo.com\/se\/produkt\/sprayer-for-avisning\/"]}]},{"@type":"ImageObject","inLanguage":"sv-SE","@id":"https:\/\/mekulo.com\/se\/produkt\/sprayer-for-avisning\/#primaryimage","url":"https:\/\/mekulo.com\/se\/wp-content\/uploads\/sites\/11\/2026\/01\/3h2uwz1-1.webp","contentUrl":"https:\/\/mekulo.com\/se\/wp-content\/uploads\/sites\/11\/2026\/01\/3h2uwz1-1.webp","width":713,"height":713},{"@type":"BreadcrumbList","@id":"https:\/\/mekulo.com\/se\/produkt\/sprayer-for-avisning\/#breadcrumb","itemListElement":[{"@type":"ListItem","position":1,"name":"Home","item":"https:\/\/mekulo.com\/se\/"},{"@type":"ListItem","position":2,"name":"Butik","item":"https:\/\/mekulo.com\/se\/butik\/"},{"@type":"ListItem","position":3,"name":"Sprayer f\u00f6r avisning"}]},{"@type":"WebSite","@id":"https:\/\/mekulo.com\/se\/#website","url":"https:\/\/mekulo.com\/se\/","name":"Mekulo SE","description":"","publisher":{"@id":"https:\/\/mekulo.com\/se\/#organization"},"potentialAction":[{"@type":"SearchAction","target":{"@type":"EntryPoint","urlTemplate":"https:\/\/mekulo.com\/se\/?s={search_term_string}"},"query-input":{"@type":"PropertyValueSpecification","valueRequired":true,"valueName":"search_term_string"}}],"inLanguage":"sv-SE"},{"@type":"Organization","@id":"https:\/\/mekulo.com\/se\/#organization","name":"Mekulo","url":"https:\/\/mekulo.com\/se\/","logo":{"@type":"ImageObject","inLanguage":"sv-SE","@id":"https:\/\/mekulo.com\/se\/#\/schema\/logo\/image\/","url":"https:\/\/mekulo.com\/se\/wp-content\/uploads\/sites\/11\/2025\/12\/favicon_mekulo.png","contentUrl":"https:\/\/mekulo.com\/se\/wp-content\/uploads\/sites\/11\/2025\/12\/favicon_mekulo.png","width":50,"height":50,"caption":"Mekulo"},"image":{"@id":"https:\/\/mekulo.com\/se\/#\/schema\/logo\/image\/"}}]}},"_links":{"self":[{"href":"https:\/\/mekulo.com\/se\/wp-json\/wp\/v2\/product\/15624","targetHints":{"allow":["GET"]}}],"collection":[{"href":"https:\/\/mekulo.com\/se\/wp-json\/wp\/v2\/product"}],"about":[{"href":"https:\/\/mekulo.com\/se\/wp-json\/wp\/v2\/types\/product"}],"replies":[{"embeddable":true,"href":"https:\/\/mekulo.com\/se\/wp-json\/wp\/v2\/comments?post=15624"}],"wp:featuredmedia":[{"embeddable":true,"href":"https:\/\/mekulo.com\/se\/wp-json\/wp\/v2\/media\/15620"}],"wp:attachment":[{"href":"https:\/\/mekulo.com\/se\/wp-json\/wp\/v2\/media?parent=15624"}],"wp:term":[{"taxonomy":"product_brand","embeddable":true,"href":"https:\/\/mekulo.com\/se\/wp-json\/wp\/v2\/product_brand?post=15624"},{"taxonomy":"product_cat","embeddable":true,"href":"https:\/\/mekulo.com\/se\/wp-json\/wp\/v2\/product_cat?post=15624"},{"taxonomy":"product_tag","embeddable":true,"href":"https:\/\/mekulo.com\/se\/wp-json\/wp\/v2\/product_tag?post=15624"}],"curies":[{"name":"wp","href":"https:\/\/api.w.org\/{rel}","templated":true}]}}