{"id":15615,"date":"2026-01-08T17:38:54","date_gmt":"2026-01-08T15:38:54","guid":{"rendered":"https:\/\/mekulo.com\/se\/produkt\/forbattrad-vattenrenare-for-kranar\/"},"modified":"2026-01-08T20:23:48","modified_gmt":"2026-01-08T18:23:48","slug":"forbattrad-vattenrenare-for-kranar","status":"publish","type":"product","link":"https:\/\/mekulo.com\/se\/produkt\/forbattrad-vattenrenare-for-kranar\/","title":{"rendered":"F\u00f6rb\u00e4ttrad vattenrenare f\u00f6r kranar"},"content":{"rendered":"<p style=\"text-align: center;\" data-start=\"55\" data-end=\"115\"><strong>Njut av renare och s\u00e4krare dricksvatten direkt fr\u00e5n kranen. \ud83d\udeb0<\/strong><\/p>\n<p data-start=\"140\" data-end=\"465\"><img fetchpriority=\"high\" decoding=\"async\" class=\" wp-image-47417 aligncenter\" src=\"https:\/\/keluvo.com\/template\/wp-content\/uploads\/sites\/5\/2025\/12\/spp_20240515175807_b6624d1c7ebf67342a2fc866851aab9c.webp\" alt=\"\" width=\"501\" height=\"501\" \/><\/p>\n<h2 style=\"text-align: center;\" data-start=\"472\" data-end=\"494\"><strong>\ud83d\udca7 Huvudsakliga f\u00f6rdelar<\/strong><\/h2>\n<p data-start=\"497\" data-end=\"576\">\ud83d\udeb0 Avancerad filtrering &#8211; Avl\u00e4gsnar bakterier, sediment, rost och f\u00f6roreningar.<\/p>\n<p data-start=\"579\" data-end=\"656\">\ud83e\uddea Ultrafin noggrannhet &#8211; Filtrerar partiklar st\u00f6rre \u00e4n 0,01 mikrometer.<\/p>\n<p data-start=\"659\" data-end=\"731\">\ud83d\udee1\ufe0f H\u00e4lsoskydd &#8211; Minskar klor, bly och organiskt material.<\/p>\n<p data-start=\"734\" data-end=\"797\">\ud83d\udd29 Rostfritt st\u00e5l &#8211; Rostbest\u00e4ndigt och l\u00e5ngvarigt.<\/p>\n<p data-start=\"800\" data-end=\"861\">\ud83e\uddf0 Enkel installation &#8211; F\u00e4sts p\u00e5 de flesta kranar p\u00e5 n\u00e5gra minuter.<\/p>\n<p data-start=\"864\" data-end=\"937\">\ud83c\udf31 Milj\u00f6v\u00e4nlig &amp; BPA-fri &#8211; S\u00e4ker f\u00f6r daglig anv\u00e4ndning och milj\u00f6n.<\/p>\n<p data-start=\"864\" data-end=\"937\"><img decoding=\"async\" class=\" wp-image-47416 aligncenter\" src=\"https:\/\/keluvo.com\/template\/wp-content\/uploads\/sites\/5\/2025\/12\/spp_20240515175800_26daad58eb7d5a9a062af0b0c13c472b.webp\" alt=\"\" width=\"501\" height=\"501\" \/><\/p>\n<h2 style=\"text-align: center;\" data-start=\"944\" data-end=\"963\"><strong>\u25b6\ufe0f Hur Man Anv\u00e4nder<\/strong><\/h2>\n<ol data-start=\"964\" data-end=\"1217\">\n<li data-start=\"964\" data-end=\"1014\">\n<p data-start=\"967\" data-end=\"1014\">Demontera den befintliga luftaren fr\u00e5n din kran.<\/p>\n<\/li>\n<li data-start=\"1015\" data-end=\"1065\">\n<p data-start=\"1018\" data-end=\"1065\">F\u00e4st vattenrenaren p\u00e5 kranen f\u00f6r hand.<\/p>\n<\/li>\n<li data-start=\"1066\" data-end=\"1115\">\n<p data-start=\"1069\" data-end=\"1115\">Sl\u00e5 p\u00e5 vattnet och kontrollera att fl\u00f6det \u00e4r korrekt.<\/p>\n<\/li>\n<li data-start=\"1116\" data-end=\"1173\">\n<p data-start=\"1119\" data-end=\"1173\">Anv\u00e4nd filtrerat vatten direkt f\u00f6r att dricka eller laga mat.<\/p>\n<\/li>\n<li data-start=\"1174\" data-end=\"1217\">\n<p data-start=\"1177\" data-end=\"1217\">Sk\u00f6lj eller reng\u00f6r filtret vid behov.<\/p>\n<\/li>\n<\/ol>\n<h2 style=\"text-align: center;\" data-start=\"1224\" data-end=\"1248\"><strong>\ud83d\udccf Produktdetaljer<\/strong><\/h2>\n<ul data-start=\"1249\" data-end=\"1487\">\n<li data-start=\"1249\" data-end=\"1278\">\n<p data-start=\"1251\" data-end=\"1278\">Material: Rostfritt st\u00e5l<\/p>\n<\/li>\n<li data-start=\"1249\" data-end=\"1278\">\n<p data-start=\"1251\" data-end=\"1278\">Ventilmaterial: Legering<\/p>\n<\/li>\n<li data-start=\"1249\" data-end=\"1278\">\n<p data-start=\"1251\" data-end=\"1278\">Filtreringsnoggrannhet: 0,01 mikrometer<\/p>\n<\/li>\n<li data-start=\"1321\" data-end=\"1371\">\n<p data-start=\"1323\" data-end=\"1371\">Filtrets livsl\u00e4ngd: Upp till 6 m\u00e5nader eller 1200 liter<\/p>\n<\/li>\n<li data-start=\"1372\" data-end=\"1410\">\n<p data-start=\"1374\" data-end=\"1410\">Filtertyp: Tv\u00e4ttbart och \u00e5teranv\u00e4ndbart<\/p>\n<\/li>\n<li data-start=\"1411\" data-end=\"1456\">\n<p data-start=\"1413\" data-end=\"1456\">Kompatibilitet: Passar de flesta standardkranar<\/p>\n<\/li>\n<li data-start=\"1457\" data-end=\"1487\">\n<p data-start=\"1459\" data-end=\"1487\">S\u00e4kerhet: BPA-fria material<\/p>\n<\/li>\n<li data-start=\"1457\" data-end=\"1487\">\n<p data-start=\"1459\" data-end=\"1487\">Applicerbart vattentryck: 0,1 &#8211; 0,5MPa<\/p>\n<\/li>\n<li data-start=\"1457\" data-end=\"1487\">Rent vattenfl\u00f6de: 2L\/MIN<\/li>\n<\/ul>\n<h2 style=\"text-align: center;\" data-start=\"1494\" data-end=\"1519\"><strong>\ud83d\udce6 Paketet inneh\u00e5ller<\/strong><\/h2>\n<ul data-start=\"1520\" data-end=\"1558\">\n<li data-start=\"1520\" data-end=\"1558\">\n<p data-start=\"1522\" data-end=\"1558\">1x f\u00f6rb\u00e4ttrad kranvattenrenare<\/p>\n<\/li>\n<li data-start=\"1520\" data-end=\"1558\">\n<p data-start=\"1522\" data-end=\"1558\">1x filter.<\/p>\n<\/li>\n<\/ul>\n","protected":false},"excerpt":{"rendered":"<p>Denna f\u00f6rb\u00e4ttrade kranvattenrenare f\u00e4sts direkt p\u00e5 din kran och filtrerar vattnet n\u00e4r det rinner, vilket tar bort skadliga f\u00f6roreningar innan du dricker det. Med avancerad filtrering och en h\u00e5llbar kropp i rostfritt st\u00e5l hj\u00e4lper den till att skydda din familjs h\u00e4lsa samtidigt som den f\u00f6rb\u00e4ttrar smaken och vattnets klarhet. Inga verktyg eller VVS-kunskaper beh\u00f6vs.<\/p>\n","protected":false},"featured_media":15611,"comment_status":"open","ping_status":"closed","template":"","meta":{"site-sidebar-layout":"default","site-content-layout":"","ast-site-content-layout":"default","site-content-style":"default","site-sidebar-style":"default","ast-global-header-display":"","ast-banner-title-visibility":"","ast-main-header-display":"","ast-hfb-above-header-display":"","ast-hfb-below-header-display":"","ast-hfb-mobile-header-display":"","site-post-title":"","ast-breadcrumbs-content":"","ast-featured-img":"","footer-sml-layout":"","theme-transparent-header-meta":"default","adv-header-id-meta":"","stick-header-meta":"","header-above-stick-meta":"","header-main-stick-meta":"","header-below-stick-meta":"","astra-migrate-meta-layouts":"set","ast-page-background-enabled":"default","ast-page-background-meta":{"desktop":{"background-color":"var(--ast-global-color-5)","background-image":"","background-repeat":"repeat","background-position":"center center","background-size":"auto","background-attachment":"scroll","background-type":"","background-media":"","overlay-type":"","overlay-color":"","overlay-opacity":"","overlay-gradient":""},"tablet":{"background-color":"","background-image":"","background-repeat":"repeat","background-position":"center center","background-size":"auto","background-attachment":"scroll","background-type":"","background-media":"","overlay-type":"","overlay-color":"","overlay-opacity":"","overlay-gradient":""},"mobile":{"background-color":"","background-image":"","background-repeat":"repeat","background-position":"center center","background-size":"auto","background-attachment":"scroll","background-type":"","background-media":"","overlay-type":"","overlay-color":"","overlay-opacity":"","overlay-gradient":""}},"ast-content-background-meta":{"desktop":{"background-color":"var(--ast-global-color-4)","background-image":"","background-repeat":"repeat","background-position":"center center","background-size":"auto","background-attachment":"scroll","background-type":"","background-media":"","overlay-type":"","overlay-color":"","overlay-opacity":"","overlay-gradient":""},"tablet":{"background-color":"var(--ast-global-color-4)","background-image":"","background-repeat":"repeat","background-position":"center center","background-size":"auto","background-attachment":"scroll","background-type":"","background-media":"","overlay-type":"","overlay-color":"","overlay-opacity":"","overlay-gradient":""},"mobile":{"background-color":"var(--ast-global-color-4)","background-image":"","background-repeat":"repeat","background-position":"center center","background-size":"auto","background-attachment":"scroll","background-type":"","background-media":"","overlay-type":"","overlay-color":"","overlay-opacity":"","overlay-gradient":""}}},"product_brand":[],"product_cat":[15],"product_tag":[],"class_list":{"0":"post-15615","1":"product","2":"type-product","3":"status-publish","4":"has-post-thumbnail","6":"product_cat-uncategorized","7":"desktop-align-left","8":"tablet-align-left","9":"mobile-align-left","11":"first","12":"instock","13":"shipping-taxable","14":"purchasable","15":"product-type-simple"},"yoast_head":"<!-- This site is optimized with the Yoast SEO plugin v26.6 - https:\/\/yoast.com\/wordpress\/plugins\/seo\/ -->\n<title>F\u00f6rb\u00e4ttrad vattenrenare f\u00f6r kranar - Mekulo SE<\/title>\n<meta name=\"robots\" content=\"index, follow, max-snippet:-1, max-image-preview:large, max-video-preview:-1\" \/>\n<link rel=\"canonical\" href=\"https:\/\/mekulo.com\/se\/produkt\/forbattrad-vattenrenare-for-kranar\/\" \/>\n<meta property=\"og:locale\" content=\"sv_SE\" \/>\n<meta property=\"og:type\" content=\"article\" \/>\n<meta property=\"og:title\" content=\"F\u00f6rb\u00e4ttrad vattenrenare f\u00f6r kranar - Mekulo SE\" \/>\n<meta property=\"og:description\" content=\"Denna f\u00f6rb\u00e4ttrade kranvattenrenare f\u00e4sts direkt p\u00e5 din kran och filtrerar vattnet n\u00e4r det rinner, vilket tar bort skadliga f\u00f6roreningar innan du dricker det. Med avancerad filtrering och en h\u00e5llbar kropp i rostfritt st\u00e5l hj\u00e4lper den till att skydda din familjs h\u00e4lsa samtidigt som den f\u00f6rb\u00e4ttrar smaken och vattnets klarhet. Inga verktyg eller VVS-kunskaper beh\u00f6vs.\" \/>\n<meta property=\"og:url\" content=\"https:\/\/mekulo.com\/se\/produkt\/forbattrad-vattenrenare-for-kranar\/\" \/>\n<meta property=\"og:site_name\" content=\"Mekulo SE\" \/>\n<meta property=\"article:modified_time\" content=\"2026-01-08T18:23:48+00:00\" \/>\n<meta property=\"og:image\" content=\"https:\/\/mekulo.com\/se\/wp-content\/uploads\/sites\/11\/2026\/01\/e54itnb-1.webp\" \/>\n\t<meta property=\"og:image:width\" content=\"713\" \/>\n\t<meta property=\"og:image:height\" content=\"713\" \/>\n\t<meta property=\"og:image:type\" content=\"image\/webp\" \/>\n<meta name=\"twitter:card\" content=\"summary_large_image\" \/>\n<meta name=\"twitter:label1\" content=\"Ber\u00e4knad l\u00e4stid\" \/>\n\t<meta name=\"twitter:data1\" content=\"2 minuter\" \/>\n<script type=\"application\/ld+json\" class=\"yoast-schema-graph\">{\"@context\":\"https:\/\/schema.org\",\"@graph\":[{\"@type\":\"WebPage\",\"@id\":\"https:\/\/mekulo.com\/se\/produkt\/forbattrad-vattenrenare-for-kranar\/\",\"url\":\"https:\/\/mekulo.com\/se\/produkt\/forbattrad-vattenrenare-for-kranar\/\",\"name\":\"F\u00f6rb\u00e4ttrad vattenrenare f\u00f6r kranar - Mekulo SE\",\"isPartOf\":{\"@id\":\"https:\/\/mekulo.com\/se\/#website\"},\"primaryImageOfPage\":{\"@id\":\"https:\/\/mekulo.com\/se\/produkt\/forbattrad-vattenrenare-for-kranar\/#primaryimage\"},\"image\":{\"@id\":\"https:\/\/mekulo.com\/se\/produkt\/forbattrad-vattenrenare-for-kranar\/#primaryimage\"},\"thumbnailUrl\":\"https:\/\/mekulo.com\/se\/wp-content\/uploads\/sites\/11\/2026\/01\/e54itnb-1.webp\",\"datePublished\":\"2026-01-08T15:38:54+00:00\",\"dateModified\":\"2026-01-08T18:23:48+00:00\",\"breadcrumb\":{\"@id\":\"https:\/\/mekulo.com\/se\/produkt\/forbattrad-vattenrenare-for-kranar\/#breadcrumb\"},\"inLanguage\":\"sv-SE\",\"potentialAction\":[{\"@type\":\"ReadAction\",\"target\":[\"https:\/\/mekulo.com\/se\/produkt\/forbattrad-vattenrenare-for-kranar\/\"]}]},{\"@type\":\"ImageObject\",\"inLanguage\":\"sv-SE\",\"@id\":\"https:\/\/mekulo.com\/se\/produkt\/forbattrad-vattenrenare-for-kranar\/#primaryimage\",\"url\":\"https:\/\/mekulo.com\/se\/wp-content\/uploads\/sites\/11\/2026\/01\/e54itnb-1.webp\",\"contentUrl\":\"https:\/\/mekulo.com\/se\/wp-content\/uploads\/sites\/11\/2026\/01\/e54itnb-1.webp\",\"width\":713,\"height\":713},{\"@type\":\"BreadcrumbList\",\"@id\":\"https:\/\/mekulo.com\/se\/produkt\/forbattrad-vattenrenare-for-kranar\/#breadcrumb\",\"itemListElement\":[{\"@type\":\"ListItem\",\"position\":1,\"name\":\"Home\",\"item\":\"https:\/\/mekulo.com\/se\/\"},{\"@type\":\"ListItem\",\"position\":2,\"name\":\"Butik\",\"item\":\"https:\/\/mekulo.com\/se\/butik\/\"},{\"@type\":\"ListItem\",\"position\":3,\"name\":\"F\u00f6rb\u00e4ttrad vattenrenare f\u00f6r kranar\"}]},{\"@type\":\"WebSite\",\"@id\":\"https:\/\/mekulo.com\/se\/#website\",\"url\":\"https:\/\/mekulo.com\/se\/\",\"name\":\"Mekulo SE\",\"description\":\"\",\"publisher\":{\"@id\":\"https:\/\/mekulo.com\/se\/#organization\"},\"potentialAction\":[{\"@type\":\"SearchAction\",\"target\":{\"@type\":\"EntryPoint\",\"urlTemplate\":\"https:\/\/mekulo.com\/se\/?s={search_term_string}\"},\"query-input\":{\"@type\":\"PropertyValueSpecification\",\"valueRequired\":true,\"valueName\":\"search_term_string\"}}],\"inLanguage\":\"sv-SE\"},{\"@type\":\"Organization\",\"@id\":\"https:\/\/mekulo.com\/se\/#organization\",\"name\":\"Mekulo\",\"url\":\"https:\/\/mekulo.com\/se\/\",\"logo\":{\"@type\":\"ImageObject\",\"inLanguage\":\"sv-SE\",\"@id\":\"https:\/\/mekulo.com\/se\/#\/schema\/logo\/image\/\",\"url\":\"https:\/\/mekulo.com\/se\/wp-content\/uploads\/sites\/11\/2025\/12\/favicon_mekulo.png\",\"contentUrl\":\"https:\/\/mekulo.com\/se\/wp-content\/uploads\/sites\/11\/2025\/12\/favicon_mekulo.png\",\"width\":50,\"height\":50,\"caption\":\"Mekulo\"},\"image\":{\"@id\":\"https:\/\/mekulo.com\/se\/#\/schema\/logo\/image\/\"}}]}<\/script>\n<!-- \/ Yoast SEO plugin. -->","yoast_head_json":{"title":"F\u00f6rb\u00e4ttrad vattenrenare f\u00f6r kranar - Mekulo SE","robots":{"index":"index","follow":"follow","max-snippet":"max-snippet:-1","max-image-preview":"max-image-preview:large","max-video-preview":"max-video-preview:-1"},"canonical":"https:\/\/mekulo.com\/se\/produkt\/forbattrad-vattenrenare-for-kranar\/","og_locale":"sv_SE","og_type":"article","og_title":"F\u00f6rb\u00e4ttrad vattenrenare f\u00f6r kranar - Mekulo SE","og_description":"Denna f\u00f6rb\u00e4ttrade kranvattenrenare f\u00e4sts direkt p\u00e5 din kran och filtrerar vattnet n\u00e4r det rinner, vilket tar bort skadliga f\u00f6roreningar innan du dricker det. Med avancerad filtrering och en h\u00e5llbar kropp i rostfritt st\u00e5l hj\u00e4lper den till att skydda din familjs h\u00e4lsa samtidigt som den f\u00f6rb\u00e4ttrar smaken och vattnets klarhet. Inga verktyg eller VVS-kunskaper beh\u00f6vs.","og_url":"https:\/\/mekulo.com\/se\/produkt\/forbattrad-vattenrenare-for-kranar\/","og_site_name":"Mekulo SE","article_modified_time":"2026-01-08T18:23:48+00:00","og_image":[{"width":713,"height":713,"url":"https:\/\/mekulo.com\/se\/wp-content\/uploads\/sites\/11\/2026\/01\/e54itnb-1.webp","type":"image\/webp"}],"twitter_card":"summary_large_image","twitter_misc":{"Ber\u00e4knad l\u00e4stid":"2 minuter"},"schema":{"@context":"https:\/\/schema.org","@graph":[{"@type":"WebPage","@id":"https:\/\/mekulo.com\/se\/produkt\/forbattrad-vattenrenare-for-kranar\/","url":"https:\/\/mekulo.com\/se\/produkt\/forbattrad-vattenrenare-for-kranar\/","name":"F\u00f6rb\u00e4ttrad vattenrenare f\u00f6r kranar - Mekulo SE","isPartOf":{"@id":"https:\/\/mekulo.com\/se\/#website"},"primaryImageOfPage":{"@id":"https:\/\/mekulo.com\/se\/produkt\/forbattrad-vattenrenare-for-kranar\/#primaryimage"},"image":{"@id":"https:\/\/mekulo.com\/se\/produkt\/forbattrad-vattenrenare-for-kranar\/#primaryimage"},"thumbnailUrl":"https:\/\/mekulo.com\/se\/wp-content\/uploads\/sites\/11\/2026\/01\/e54itnb-1.webp","datePublished":"2026-01-08T15:38:54+00:00","dateModified":"2026-01-08T18:23:48+00:00","breadcrumb":{"@id":"https:\/\/mekulo.com\/se\/produkt\/forbattrad-vattenrenare-for-kranar\/#breadcrumb"},"inLanguage":"sv-SE","potentialAction":[{"@type":"ReadAction","target":["https:\/\/mekulo.com\/se\/produkt\/forbattrad-vattenrenare-for-kranar\/"]}]},{"@type":"ImageObject","inLanguage":"sv-SE","@id":"https:\/\/mekulo.com\/se\/produkt\/forbattrad-vattenrenare-for-kranar\/#primaryimage","url":"https:\/\/mekulo.com\/se\/wp-content\/uploads\/sites\/11\/2026\/01\/e54itnb-1.webp","contentUrl":"https:\/\/mekulo.com\/se\/wp-content\/uploads\/sites\/11\/2026\/01\/e54itnb-1.webp","width":713,"height":713},{"@type":"BreadcrumbList","@id":"https:\/\/mekulo.com\/se\/produkt\/forbattrad-vattenrenare-for-kranar\/#breadcrumb","itemListElement":[{"@type":"ListItem","position":1,"name":"Home","item":"https:\/\/mekulo.com\/se\/"},{"@type":"ListItem","position":2,"name":"Butik","item":"https:\/\/mekulo.com\/se\/butik\/"},{"@type":"ListItem","position":3,"name":"F\u00f6rb\u00e4ttrad vattenrenare f\u00f6r kranar"}]},{"@type":"WebSite","@id":"https:\/\/mekulo.com\/se\/#website","url":"https:\/\/mekulo.com\/se\/","name":"Mekulo SE","description":"","publisher":{"@id":"https:\/\/mekulo.com\/se\/#organization"},"potentialAction":[{"@type":"SearchAction","target":{"@type":"EntryPoint","urlTemplate":"https:\/\/mekulo.com\/se\/?s={search_term_string}"},"query-input":{"@type":"PropertyValueSpecification","valueRequired":true,"valueName":"search_term_string"}}],"inLanguage":"sv-SE"},{"@type":"Organization","@id":"https:\/\/mekulo.com\/se\/#organization","name":"Mekulo","url":"https:\/\/mekulo.com\/se\/","logo":{"@type":"ImageObject","inLanguage":"sv-SE","@id":"https:\/\/mekulo.com\/se\/#\/schema\/logo\/image\/","url":"https:\/\/mekulo.com\/se\/wp-content\/uploads\/sites\/11\/2025\/12\/favicon_mekulo.png","contentUrl":"https:\/\/mekulo.com\/se\/wp-content\/uploads\/sites\/11\/2025\/12\/favicon_mekulo.png","width":50,"height":50,"caption":"Mekulo"},"image":{"@id":"https:\/\/mekulo.com\/se\/#\/schema\/logo\/image\/"}}]}},"_links":{"self":[{"href":"https:\/\/mekulo.com\/se\/wp-json\/wp\/v2\/product\/15615","targetHints":{"allow":["GET"]}}],"collection":[{"href":"https:\/\/mekulo.com\/se\/wp-json\/wp\/v2\/product"}],"about":[{"href":"https:\/\/mekulo.com\/se\/wp-json\/wp\/v2\/types\/product"}],"replies":[{"embeddable":true,"href":"https:\/\/mekulo.com\/se\/wp-json\/wp\/v2\/comments?post=15615"}],"wp:featuredmedia":[{"embeddable":true,"href":"https:\/\/mekulo.com\/se\/wp-json\/wp\/v2\/media\/15611"}],"wp:attachment":[{"href":"https:\/\/mekulo.com\/se\/wp-json\/wp\/v2\/media?parent=15615"}],"wp:term":[{"taxonomy":"product_brand","embeddable":true,"href":"https:\/\/mekulo.com\/se\/wp-json\/wp\/v2\/product_brand?post=15615"},{"taxonomy":"product_cat","embeddable":true,"href":"https:\/\/mekulo.com\/se\/wp-json\/wp\/v2\/product_cat?post=15615"},{"taxonomy":"product_tag","embeddable":true,"href":"https:\/\/mekulo.com\/se\/wp-json\/wp\/v2\/product_tag?post=15615"}],"curies":[{"name":"wp","href":"https:\/\/api.w.org\/{rel}","templated":true}]}}