{"id":15593,"date":"2026-01-08T17:36:04","date_gmt":"2026-01-08T15:36:04","guid":{"rendered":"https:\/\/mekulo.com\/se\/produkt\/precisionsknivslipare\/"},"modified":"2026-01-08T20:19:59","modified_gmt":"2026-01-08T18:19:59","slug":"precisionsknivslipare","status":"publish","type":"product","link":"https:\/\/mekulo.com\/se\/produkt\/precisionsknivslipare\/","title":{"rendered":"Precisionsknivslipare"},"content":{"rendered":"<p style=\"text-align: center;\" data-start=\"50\" data-end=\"130\"><strong>F\u00e5 Rakbladsvassa Knivar P\u00e5 N\u00e5gra Sekunder Med S\u00e4kra, Enkla Och Konsekventa Resultat. \ud83d\udd2a<\/strong><\/p>\n<p data-start=\"155\" data-end=\"557\"><img fetchpriority=\"high\" decoding=\"async\" class=\"size-full wp-image-47402 aligncenter\" src=\"https:\/\/keluvo.com\/template\/wp-content\/uploads\/sites\/5\/2025\/12\/122110-ezgif.com-video-to-webp-converter-1.webp\" alt=\"\" width=\"500\" height=\"500\" \/><\/p>\n<h2 style=\"text-align: center;\" data-start=\"564\" data-end=\"586\"><strong>\ud83d\udd2a Huvudsakliga f\u00f6rdelar<\/strong><\/h2>\n<p data-start=\"589\" data-end=\"669\">\u2699\ufe0f Precisionssystem i V-format &#8211; Styr bladen f\u00f6r j\u00e4mn, exakt slipning.<\/p>\n<p data-start=\"672\" data-end=\"742\">\ud83d\udd0b Uppladdningsbar &amp; sladdl\u00f6s &#8211; Anv\u00e4nd var som helst utan eluttag.<\/p>\n<p data-start=\"745\" data-end=\"806\">\ud83d\udd90\ufe0f Enknappsman\u00f6vrering &#8211; Enkel och nyb\u00f6rjarv\u00e4nlig.<\/p>\n<p data-start=\"809\" data-end=\"867\">\ud83d\uded1 Halkfri bas &#8211; H\u00e5ller sig stabil och s\u00e4ker under anv\u00e4ndning.<\/p>\n<p data-start=\"870\" data-end=\"935\">\ud83d\udd27 H\u00f6ghastighetsmotor &#8211; Konsekvent kraft f\u00f6r tillf\u00f6rlitliga resultat.<\/p>\n<p data-start=\"938\" data-end=\"1023\">\ud83d\udd2a Bred kompatibilitet &#8211; Sk\u00e4rper knivar, klyvar, saxar och keramiska blad.<\/p>\n<p data-start=\"938\" data-end=\"1023\"><img decoding=\"async\" class=\"size-full wp-image-47398 aligncenter\" src=\"https:\/\/keluvo.com\/template\/wp-content\/uploads\/sites\/5\/2025\/12\/122111-ezgif.com-video-to-webp-converter-1.webp\" alt=\"\" width=\"500\" height=\"500\" \/><\/p>\n<h2 style=\"text-align: center;\" data-start=\"1030\" data-end=\"1049\"><strong>\u25b6\ufe0f Hur Man Anv\u00e4nder<\/strong><\/h2>\n<ol data-start=\"1050\" data-end=\"1303\">\n<li data-start=\"1050\" data-end=\"1101\">\n<p data-start=\"1053\" data-end=\"1101\">Placera slipmaskinen p\u00e5 en plan, stabil yta.<\/p>\n<\/li>\n<li data-start=\"1102\" data-end=\"1144\">\n<p data-start=\"1105\" data-end=\"1144\">Tryck p\u00e5 str\u00f6mbrytaren f\u00f6r att sl\u00e5 p\u00e5 den.<\/p>\n<\/li>\n<li data-start=\"1145\" data-end=\"1196\">\n<p data-start=\"1148\" data-end=\"1196\">Placera bladet p\u00e5 den \u00f6vre slipytan.<\/p>\n<\/li>\n<li data-start=\"1197\" data-end=\"1251\">\n<p data-start=\"1200\" data-end=\"1251\">Dra bladet f\u00f6rsiktigt i en riktning som guidat.<\/p>\n<\/li>\n<li data-start=\"1252\" data-end=\"1303\">\n<p data-start=\"1255\" data-end=\"1303\">Upprepa tills \u00f6nskad sk\u00e4rpa har uppn\u00e5tts.<\/p>\n<\/li>\n<\/ol>\n<h2 style=\"text-align: center;\" data-start=\"1310\" data-end=\"1334\"><strong>\ud83d\udccf Produktdetaljer<\/strong><\/h2>\n<ul data-start=\"1335\" data-end=\"1481\">\n<li data-start=\"1335\" data-end=\"1351\">\n<p data-start=\"1337\" data-end=\"1351\">F\u00e4rg: Beige<\/p>\n<\/li>\n<li data-start=\"1352\" data-end=\"1375\">\n<p data-start=\"1354\" data-end=\"1375\">Storlek: 18,5 x 7,5 cm<\/p>\n<\/li>\n<li data-start=\"1376\" data-end=\"1426\">\n<p data-start=\"1378\" data-end=\"1426\">Material: Slipskiva av st\u00e5l + ABS-h\u00f6lje<\/p>\n<\/li>\n<li data-start=\"1427\" data-end=\"1460\">\n<p data-start=\"1429\" data-end=\"1460\">Kraft: Uppladdningsbar, sladdl\u00f6s<\/p>\n<\/li>\n<li data-start=\"1461\" data-end=\"1481\">\n<p data-start=\"1463\" data-end=\"1481\">Laddning: Typ-C<\/p>\n<\/li>\n<\/ul>\n<h2 style=\"text-align: center;\" data-start=\"1488\" data-end=\"1513\"><strong>\ud83d\udce6 I Paketet ing\u00e5r<\/strong><\/h2>\n<ul data-start=\"1514\" data-end=\"1577\">\n<li data-start=\"1514\" data-end=\"1547\">\n<p data-start=\"1516\" data-end=\"1547\">1x precisionsknivslip<\/p>\n<\/li>\n<li data-start=\"1548\" data-end=\"1577\">\n<p data-start=\"1550\" data-end=\"1577\">1x typ-C laddningskabel.<\/p>\n<\/li>\n<\/ul>\n","protected":false},"excerpt":{"rendered":"<p>Denna precisionsknivslip \u00e4r utformad f\u00f6r att snabbt ge sl\u00f6a knivblad nytt liv med minimal anstr\u00e4ngning. Det dubbeleggade V-formade sk\u00e4rpsystemet leder bladet i r\u00e4tt vinkel, medan den kraftfulla motorn och st\u00e5lslipskivorna s\u00e4kerst\u00e4ller en j\u00e4mn och smidig slipning varje g\u00e5ng. Den \u00e4r sladdl\u00f6s och uppladdningsbar och ger dig professionella resultat hemma, i k\u00f6ket eller var du \u00e4n beh\u00f6ver vassa verktyg.<\/p>\n","protected":false},"featured_media":15589,"comment_status":"open","ping_status":"closed","template":"","meta":{"site-sidebar-layout":"default","site-content-layout":"","ast-site-content-layout":"default","site-content-style":"default","site-sidebar-style":"default","ast-global-header-display":"","ast-banner-title-visibility":"","ast-main-header-display":"","ast-hfb-above-header-display":"","ast-hfb-below-header-display":"","ast-hfb-mobile-header-display":"","site-post-title":"","ast-breadcrumbs-content":"","ast-featured-img":"","footer-sml-layout":"","theme-transparent-header-meta":"default","adv-header-id-meta":"","stick-header-meta":"","header-above-stick-meta":"","header-main-stick-meta":"","header-below-stick-meta":"","astra-migrate-meta-layouts":"set","ast-page-background-enabled":"default","ast-page-background-meta":{"desktop":{"background-color":"var(--ast-global-color-5)","background-image":"","background-repeat":"repeat","background-position":"center center","background-size":"auto","background-attachment":"scroll","background-type":"","background-media":"","overlay-type":"","overlay-color":"","overlay-opacity":"","overlay-gradient":""},"tablet":{"background-color":"","background-image":"","background-repeat":"repeat","background-position":"center center","background-size":"auto","background-attachment":"scroll","background-type":"","background-media":"","overlay-type":"","overlay-color":"","overlay-opacity":"","overlay-gradient":""},"mobile":{"background-color":"","background-image":"","background-repeat":"repeat","background-position":"center center","background-size":"auto","background-attachment":"scroll","background-type":"","background-media":"","overlay-type":"","overlay-color":"","overlay-opacity":"","overlay-gradient":""}},"ast-content-background-meta":{"desktop":{"background-color":"var(--ast-global-color-4)","background-image":"","background-repeat":"repeat","background-position":"center center","background-size":"auto","background-attachment":"scroll","background-type":"","background-media":"","overlay-type":"","overlay-color":"","overlay-opacity":"","overlay-gradient":""},"tablet":{"background-color":"var(--ast-global-color-4)","background-image":"","background-repeat":"repeat","background-position":"center center","background-size":"auto","background-attachment":"scroll","background-type":"","background-media":"","overlay-type":"","overlay-color":"","overlay-opacity":"","overlay-gradient":""},"mobile":{"background-color":"var(--ast-global-color-4)","background-image":"","background-repeat":"repeat","background-position":"center center","background-size":"auto","background-attachment":"scroll","background-type":"","background-media":"","overlay-type":"","overlay-color":"","overlay-opacity":"","overlay-gradient":""}}},"product_brand":[],"product_cat":[15],"product_tag":[],"class_list":{"0":"post-15593","1":"product","2":"type-product","3":"status-publish","4":"has-post-thumbnail","6":"product_cat-uncategorized","7":"desktop-align-left","8":"tablet-align-left","9":"mobile-align-left","11":"first","12":"instock","13":"shipping-taxable","14":"purchasable","15":"product-type-simple"},"yoast_head":"<!-- This site is optimized with the Yoast SEO plugin v26.6 - https:\/\/yoast.com\/wordpress\/plugins\/seo\/ -->\n<title>Precisionsknivslipare - Mekulo SE<\/title>\n<meta name=\"robots\" content=\"index, follow, max-snippet:-1, max-image-preview:large, max-video-preview:-1\" \/>\n<link rel=\"canonical\" href=\"https:\/\/mekulo.com\/se\/produkt\/precisionsknivslipare\/\" \/>\n<meta property=\"og:locale\" content=\"sv_SE\" \/>\n<meta property=\"og:type\" content=\"article\" \/>\n<meta property=\"og:title\" content=\"Precisionsknivslipare - Mekulo SE\" \/>\n<meta property=\"og:description\" content=\"Denna precisionsknivslip \u00e4r utformad f\u00f6r att snabbt ge sl\u00f6a knivblad nytt liv med minimal anstr\u00e4ngning. Det dubbeleggade V-formade sk\u00e4rpsystemet leder bladet i r\u00e4tt vinkel, medan den kraftfulla motorn och st\u00e5lslipskivorna s\u00e4kerst\u00e4ller en j\u00e4mn och smidig slipning varje g\u00e5ng. Den \u00e4r sladdl\u00f6s och uppladdningsbar och ger dig professionella resultat hemma, i k\u00f6ket eller var du \u00e4n beh\u00f6ver vassa verktyg.\" \/>\n<meta property=\"og:url\" content=\"https:\/\/mekulo.com\/se\/produkt\/precisionsknivslipare\/\" \/>\n<meta property=\"og:site_name\" content=\"Mekulo SE\" \/>\n<meta property=\"article:modified_time\" content=\"2026-01-08T18:19:59+00:00\" \/>\n<meta property=\"og:image\" content=\"https:\/\/mekulo.com\/se\/wp-content\/uploads\/sites\/11\/2026\/01\/uv8eb2j-1.jpg\" \/>\n\t<meta property=\"og:image:width\" content=\"1080\" \/>\n\t<meta property=\"og:image:height\" content=\"1080\" \/>\n\t<meta property=\"og:image:type\" content=\"image\/jpeg\" \/>\n<meta name=\"twitter:card\" content=\"summary_large_image\" \/>\n<meta name=\"twitter:label1\" content=\"Ber\u00e4knad l\u00e4stid\" \/>\n\t<meta name=\"twitter:data1\" content=\"2 minuter\" \/>\n<script type=\"application\/ld+json\" class=\"yoast-schema-graph\">{\"@context\":\"https:\/\/schema.org\",\"@graph\":[{\"@type\":\"WebPage\",\"@id\":\"https:\/\/mekulo.com\/se\/produkt\/precisionsknivslipare\/\",\"url\":\"https:\/\/mekulo.com\/se\/produkt\/precisionsknivslipare\/\",\"name\":\"Precisionsknivslipare - Mekulo SE\",\"isPartOf\":{\"@id\":\"https:\/\/mekulo.com\/se\/#website\"},\"primaryImageOfPage\":{\"@id\":\"https:\/\/mekulo.com\/se\/produkt\/precisionsknivslipare\/#primaryimage\"},\"image\":{\"@id\":\"https:\/\/mekulo.com\/se\/produkt\/precisionsknivslipare\/#primaryimage\"},\"thumbnailUrl\":\"https:\/\/mekulo.com\/se\/wp-content\/uploads\/sites\/11\/2026\/01\/uv8eb2j-1.jpg\",\"datePublished\":\"2026-01-08T15:36:04+00:00\",\"dateModified\":\"2026-01-08T18:19:59+00:00\",\"breadcrumb\":{\"@id\":\"https:\/\/mekulo.com\/se\/produkt\/precisionsknivslipare\/#breadcrumb\"},\"inLanguage\":\"sv-SE\",\"potentialAction\":[{\"@type\":\"ReadAction\",\"target\":[\"https:\/\/mekulo.com\/se\/produkt\/precisionsknivslipare\/\"]}]},{\"@type\":\"ImageObject\",\"inLanguage\":\"sv-SE\",\"@id\":\"https:\/\/mekulo.com\/se\/produkt\/precisionsknivslipare\/#primaryimage\",\"url\":\"https:\/\/mekulo.com\/se\/wp-content\/uploads\/sites\/11\/2026\/01\/uv8eb2j-1.jpg\",\"contentUrl\":\"https:\/\/mekulo.com\/se\/wp-content\/uploads\/sites\/11\/2026\/01\/uv8eb2j-1.jpg\",\"width\":1080,\"height\":1080},{\"@type\":\"BreadcrumbList\",\"@id\":\"https:\/\/mekulo.com\/se\/produkt\/precisionsknivslipare\/#breadcrumb\",\"itemListElement\":[{\"@type\":\"ListItem\",\"position\":1,\"name\":\"Home\",\"item\":\"https:\/\/mekulo.com\/se\/\"},{\"@type\":\"ListItem\",\"position\":2,\"name\":\"Butik\",\"item\":\"https:\/\/mekulo.com\/se\/butik\/\"},{\"@type\":\"ListItem\",\"position\":3,\"name\":\"Precisionsknivslipare\"}]},{\"@type\":\"WebSite\",\"@id\":\"https:\/\/mekulo.com\/se\/#website\",\"url\":\"https:\/\/mekulo.com\/se\/\",\"name\":\"Mekulo SE\",\"description\":\"\",\"publisher\":{\"@id\":\"https:\/\/mekulo.com\/se\/#organization\"},\"potentialAction\":[{\"@type\":\"SearchAction\",\"target\":{\"@type\":\"EntryPoint\",\"urlTemplate\":\"https:\/\/mekulo.com\/se\/?s={search_term_string}\"},\"query-input\":{\"@type\":\"PropertyValueSpecification\",\"valueRequired\":true,\"valueName\":\"search_term_string\"}}],\"inLanguage\":\"sv-SE\"},{\"@type\":\"Organization\",\"@id\":\"https:\/\/mekulo.com\/se\/#organization\",\"name\":\"Mekulo\",\"url\":\"https:\/\/mekulo.com\/se\/\",\"logo\":{\"@type\":\"ImageObject\",\"inLanguage\":\"sv-SE\",\"@id\":\"https:\/\/mekulo.com\/se\/#\/schema\/logo\/image\/\",\"url\":\"https:\/\/mekulo.com\/se\/wp-content\/uploads\/sites\/11\/2025\/12\/favicon_mekulo.png\",\"contentUrl\":\"https:\/\/mekulo.com\/se\/wp-content\/uploads\/sites\/11\/2025\/12\/favicon_mekulo.png\",\"width\":50,\"height\":50,\"caption\":\"Mekulo\"},\"image\":{\"@id\":\"https:\/\/mekulo.com\/se\/#\/schema\/logo\/image\/\"}}]}<\/script>\n<!-- \/ Yoast SEO plugin. -->","yoast_head_json":{"title":"Precisionsknivslipare - Mekulo SE","robots":{"index":"index","follow":"follow","max-snippet":"max-snippet:-1","max-image-preview":"max-image-preview:large","max-video-preview":"max-video-preview:-1"},"canonical":"https:\/\/mekulo.com\/se\/produkt\/precisionsknivslipare\/","og_locale":"sv_SE","og_type":"article","og_title":"Precisionsknivslipare - Mekulo SE","og_description":"Denna precisionsknivslip \u00e4r utformad f\u00f6r att snabbt ge sl\u00f6a knivblad nytt liv med minimal anstr\u00e4ngning. Det dubbeleggade V-formade sk\u00e4rpsystemet leder bladet i r\u00e4tt vinkel, medan den kraftfulla motorn och st\u00e5lslipskivorna s\u00e4kerst\u00e4ller en j\u00e4mn och smidig slipning varje g\u00e5ng. Den \u00e4r sladdl\u00f6s och uppladdningsbar och ger dig professionella resultat hemma, i k\u00f6ket eller var du \u00e4n beh\u00f6ver vassa verktyg.","og_url":"https:\/\/mekulo.com\/se\/produkt\/precisionsknivslipare\/","og_site_name":"Mekulo SE","article_modified_time":"2026-01-08T18:19:59+00:00","og_image":[{"width":1080,"height":1080,"url":"https:\/\/mekulo.com\/se\/wp-content\/uploads\/sites\/11\/2026\/01\/uv8eb2j-1.jpg","type":"image\/jpeg"}],"twitter_card":"summary_large_image","twitter_misc":{"Ber\u00e4knad l\u00e4stid":"2 minuter"},"schema":{"@context":"https:\/\/schema.org","@graph":[{"@type":"WebPage","@id":"https:\/\/mekulo.com\/se\/produkt\/precisionsknivslipare\/","url":"https:\/\/mekulo.com\/se\/produkt\/precisionsknivslipare\/","name":"Precisionsknivslipare - Mekulo SE","isPartOf":{"@id":"https:\/\/mekulo.com\/se\/#website"},"primaryImageOfPage":{"@id":"https:\/\/mekulo.com\/se\/produkt\/precisionsknivslipare\/#primaryimage"},"image":{"@id":"https:\/\/mekulo.com\/se\/produkt\/precisionsknivslipare\/#primaryimage"},"thumbnailUrl":"https:\/\/mekulo.com\/se\/wp-content\/uploads\/sites\/11\/2026\/01\/uv8eb2j-1.jpg","datePublished":"2026-01-08T15:36:04+00:00","dateModified":"2026-01-08T18:19:59+00:00","breadcrumb":{"@id":"https:\/\/mekulo.com\/se\/produkt\/precisionsknivslipare\/#breadcrumb"},"inLanguage":"sv-SE","potentialAction":[{"@type":"ReadAction","target":["https:\/\/mekulo.com\/se\/produkt\/precisionsknivslipare\/"]}]},{"@type":"ImageObject","inLanguage":"sv-SE","@id":"https:\/\/mekulo.com\/se\/produkt\/precisionsknivslipare\/#primaryimage","url":"https:\/\/mekulo.com\/se\/wp-content\/uploads\/sites\/11\/2026\/01\/uv8eb2j-1.jpg","contentUrl":"https:\/\/mekulo.com\/se\/wp-content\/uploads\/sites\/11\/2026\/01\/uv8eb2j-1.jpg","width":1080,"height":1080},{"@type":"BreadcrumbList","@id":"https:\/\/mekulo.com\/se\/produkt\/precisionsknivslipare\/#breadcrumb","itemListElement":[{"@type":"ListItem","position":1,"name":"Home","item":"https:\/\/mekulo.com\/se\/"},{"@type":"ListItem","position":2,"name":"Butik","item":"https:\/\/mekulo.com\/se\/butik\/"},{"@type":"ListItem","position":3,"name":"Precisionsknivslipare"}]},{"@type":"WebSite","@id":"https:\/\/mekulo.com\/se\/#website","url":"https:\/\/mekulo.com\/se\/","name":"Mekulo SE","description":"","publisher":{"@id":"https:\/\/mekulo.com\/se\/#organization"},"potentialAction":[{"@type":"SearchAction","target":{"@type":"EntryPoint","urlTemplate":"https:\/\/mekulo.com\/se\/?s={search_term_string}"},"query-input":{"@type":"PropertyValueSpecification","valueRequired":true,"valueName":"search_term_string"}}],"inLanguage":"sv-SE"},{"@type":"Organization","@id":"https:\/\/mekulo.com\/se\/#organization","name":"Mekulo","url":"https:\/\/mekulo.com\/se\/","logo":{"@type":"ImageObject","inLanguage":"sv-SE","@id":"https:\/\/mekulo.com\/se\/#\/schema\/logo\/image\/","url":"https:\/\/mekulo.com\/se\/wp-content\/uploads\/sites\/11\/2025\/12\/favicon_mekulo.png","contentUrl":"https:\/\/mekulo.com\/se\/wp-content\/uploads\/sites\/11\/2025\/12\/favicon_mekulo.png","width":50,"height":50,"caption":"Mekulo"},"image":{"@id":"https:\/\/mekulo.com\/se\/#\/schema\/logo\/image\/"}}]}},"_links":{"self":[{"href":"https:\/\/mekulo.com\/se\/wp-json\/wp\/v2\/product\/15593","targetHints":{"allow":["GET"]}}],"collection":[{"href":"https:\/\/mekulo.com\/se\/wp-json\/wp\/v2\/product"}],"about":[{"href":"https:\/\/mekulo.com\/se\/wp-json\/wp\/v2\/types\/product"}],"replies":[{"embeddable":true,"href":"https:\/\/mekulo.com\/se\/wp-json\/wp\/v2\/comments?post=15593"}],"wp:featuredmedia":[{"embeddable":true,"href":"https:\/\/mekulo.com\/se\/wp-json\/wp\/v2\/media\/15589"}],"wp:attachment":[{"href":"https:\/\/mekulo.com\/se\/wp-json\/wp\/v2\/media?parent=15593"}],"wp:term":[{"taxonomy":"product_brand","embeddable":true,"href":"https:\/\/mekulo.com\/se\/wp-json\/wp\/v2\/product_brand?post=15593"},{"taxonomy":"product_cat","embeddable":true,"href":"https:\/\/mekulo.com\/se\/wp-json\/wp\/v2\/product_cat?post=15593"},{"taxonomy":"product_tag","embeddable":true,"href":"https:\/\/mekulo.com\/se\/wp-json\/wp\/v2\/product_tag?post=15593"}],"curies":[{"name":"wp","href":"https:\/\/api.w.org\/{rel}","templated":true}]}}