{"id":15553,"date":"2026-01-08T17:32:38","date_gmt":"2026-01-08T15:32:38","guid":{"rendered":"https:\/\/mekulo.com\/se\/produkt\/hangande-forvaringspase\/"},"modified":"2026-01-22T17:50:43","modified_gmt":"2026-01-22T15:50:43","slug":"hangande-forvaringspase","status":"publish","type":"product","link":"https:\/\/mekulo.com\/se\/produkt\/hangande-forvaringspase\/","title":{"rendered":"H\u00e4ngande f\u00f6rvaringsp\u00e5se"},"content":{"rendered":"<p style=\"text-align: center;\" data-start=\"46\" data-end=\"125\"><strong>H\u00e5ll dina vardagliga n\u00f6dv\u00e4ndigheter organiserade, synliga och alltid inom r\u00e4ckh\u00e5ll. \ud83d\udecb\ufe0f\ud83d\udecf\ufe0f<\/strong><\/p>\n<p data-start=\"150\" data-end=\"499\"><img fetchpriority=\"high\" decoding=\"async\" class=\"size-full wp-image-47361 aligncenter\" src=\"https:\/\/keluvo.com\/template\/wp-content\/uploads\/sites\/5\/2025\/12\/12216-ezgif.com-video-to-webp-converter-1.webp\" alt=\"\" width=\"500\" height=\"889\" \/><\/p>\n<h2 style=\"text-align: center;\" data-start=\"506\" data-end=\"528\">Huvudsakliga f\u00f6rdelar<\/h2>\n<p data-start=\"531\" data-end=\"613\">\ud83d\udce6 Stort f\u00f6rvaringsutrymme &#8211; rymmer surfplattor, tidskrifter, fj\u00e4rrkontroller, kablar med mera.<\/p>\n<p data-start=\"616\" data-end=\"691\">\ud83e\uddf5 Slitstarkt filtmaterial &#8211; starkt, v\u00e4lsytt och formbest\u00e4ndigt.<\/p>\n<p data-start=\"694\" data-end=\"775\">\ud83d\udee0\ufe0f Verktygsfri installation &#8211; Skjuts enkelt in under en madrass eller ett tungt f\u00f6rem\u00e5l.<\/p>\n<p data-start=\"778\" data-end=\"862\">\ud83d\udecb\ufe0f R\u00f6rigt boende &#8211; H\u00e5ller saker organiserade och borta fr\u00e5n s\u00e4ngar, soffor och skrivbord.<\/p>\n<p data-start=\"865\" data-end=\"937\">\ud83c\udfe1 M\u00e5ngsidig anv\u00e4ndning &#8211; Perfekt f\u00f6r sovrum, vardagsrum, kontor eller sovsal.<\/p>\n<p data-start=\"865\" data-end=\"937\"><img decoding=\"async\" class=\"size-full wp-image-47360 aligncenter\" src=\"https:\/\/keluvo.com\/template\/wp-content\/uploads\/sites\/5\/2025\/12\/12217-ezgif.com-video-to-webp-converter-1.webp\" alt=\"\" width=\"500\" height=\"889\" \/><\/p>\n<h2 style=\"text-align: center;\" data-start=\"944\" data-end=\"963\"><strong>Hur Man Anv\u00e4nder<\/strong><\/h2>\n<ol data-start=\"964\" data-end=\"1187\">\n<li data-start=\"964\" data-end=\"1039\">\n<p data-start=\"967\" data-end=\"1039\">Installera den platta br\u00e4dan under en madrass, kudde, matta eller tungt f\u00f6rem\u00e5l.<\/p>\n<\/li>\n<li data-start=\"1040\" data-end=\"1083\">\n<p data-start=\"1043\" data-end=\"1083\">L\u00e5t p\u00e5sen h\u00e4nga fritt p\u00e5 sidan.<\/p>\n<\/li>\n<li data-start=\"1084\" data-end=\"1129\">\n<p data-start=\"1087\" data-end=\"1129\">Placera dina f\u00f6rem\u00e5l inuti f\u00f6r enkel \u00e5tkomst.<\/p>\n<\/li>\n<li data-start=\"1130\" data-end=\"1187\">\n<p data-start=\"1133\" data-end=\"1187\">Ordna om eller ta bort n\u00e4r som helst utan skador eller verktyg.<\/p>\n<\/li>\n<\/ol>\n<h2 style=\"text-align: center;\" data-start=\"1194\" data-end=\"1218\"><strong>Produktdetaljer<\/strong><\/h2>\n<ul data-start=\"1219\" data-end=\"1376\">\n<li data-start=\"1219\" data-end=\"1250\">\n<p data-start=\"1221\" data-end=\"1250\">Material: H\u00f6gkvalitativ filt<\/p>\n<\/li>\n<li data-start=\"1251\" data-end=\"1291\">\n<p data-start=\"1253\" data-end=\"1291\">Design: Bred \u00f6ppning f\u00f6r enkel \u00e5tkomst<\/p>\n<\/li>\n<li data-start=\"1292\" data-end=\"1327\">\n<p data-start=\"1294\" data-end=\"1327\">Installation: Inga verktyg kr\u00e4vs<\/p>\n<\/li>\n<li data-start=\"1328\" data-end=\"1376\">\n<p data-start=\"1330\" data-end=\"1376\">Anv\u00e4ndningsomr\u00e5den: S\u00e4ng, soffa, skrivbord, kontor, sovsal<\/p>\n<\/li>\n<li data-start=\"1328\" data-end=\"1376\">Storlek: 32 x 20 cm<\/li>\n<\/ul>\n<h2 style=\"text-align: center;\" data-start=\"1383\" data-end=\"1408\"><strong>Paketet inneh\u00e5ller<\/strong><\/h2>\n<ul data-start=\"1409\" data-end=\"1438\">\n<li data-start=\"1409\" data-end=\"1438\">\n<p data-start=\"1411\" data-end=\"1438\">1x h\u00e4ngande f\u00f6rvaringsp\u00e5se.<\/p>\n<\/li>\n<\/ul>\n","protected":false},"excerpt":{"rendered":"<p>Den h\u00e4r h\u00e4ngande f\u00f6rvaringsp\u00e5sen \u00e4r en enkel och smart l\u00f6sning f\u00f6r att minska r\u00f6ran runt s\u00e4ngen, soffan eller skrivbordet. Den \u00e4r utformad med en bred \u00f6ppning och ett robust filtmaterial och rymmer allt fr\u00e5n surfplattor och b\u00f6cker till fj\u00e4rrkontroller, kablar och nycklar, s\u00e5 att du aldrig beh\u00f6ver sl\u00f6sa tid p\u00e5 att leta igen. Den installeras p\u00e5 n\u00e5gra sekunder utan verktyg och sm\u00e4lter snyggt in i alla rum.<\/p>\n","protected":false},"featured_media":15549,"comment_status":"open","ping_status":"closed","template":"","meta":{"site-sidebar-layout":"default","site-content-layout":"","ast-site-content-layout":"default","site-content-style":"default","site-sidebar-style":"default","ast-global-header-display":"","ast-banner-title-visibility":"","ast-main-header-display":"","ast-hfb-above-header-display":"","ast-hfb-below-header-display":"","ast-hfb-mobile-header-display":"","site-post-title":"","ast-breadcrumbs-content":"","ast-featured-img":"","footer-sml-layout":"","theme-transparent-header-meta":"default","adv-header-id-meta":"","stick-header-meta":"","header-above-stick-meta":"","header-main-stick-meta":"","header-below-stick-meta":"","astra-migrate-meta-layouts":"set","ast-page-background-enabled":"default","ast-page-background-meta":{"desktop":{"background-color":"var(--ast-global-color-5)","background-image":"","background-repeat":"repeat","background-position":"center center","background-size":"auto","background-attachment":"scroll","background-type":"","background-media":"","overlay-type":"","overlay-color":"","overlay-opacity":"","overlay-gradient":""},"tablet":{"background-color":"","background-image":"","background-repeat":"repeat","background-position":"center center","background-size":"auto","background-attachment":"scroll","background-type":"","background-media":"","overlay-type":"","overlay-color":"","overlay-opacity":"","overlay-gradient":""},"mobile":{"background-color":"","background-image":"","background-repeat":"repeat","background-position":"center center","background-size":"auto","background-attachment":"scroll","background-type":"","background-media":"","overlay-type":"","overlay-color":"","overlay-opacity":"","overlay-gradient":""}},"ast-content-background-meta":{"desktop":{"background-color":"var(--ast-global-color-4)","background-image":"","background-repeat":"repeat","background-position":"center center","background-size":"auto","background-attachment":"scroll","background-type":"","background-media":"","overlay-type":"","overlay-color":"","overlay-opacity":"","overlay-gradient":""},"tablet":{"background-color":"var(--ast-global-color-4)","background-image":"","background-repeat":"repeat","background-position":"center center","background-size":"auto","background-attachment":"scroll","background-type":"","background-media":"","overlay-type":"","overlay-color":"","overlay-opacity":"","overlay-gradient":""},"mobile":{"background-color":"var(--ast-global-color-4)","background-image":"","background-repeat":"repeat","background-position":"center center","background-size":"auto","background-attachment":"scroll","background-type":"","background-media":"","overlay-type":"","overlay-color":"","overlay-opacity":"","overlay-gradient":""}}},"product_brand":[],"product_cat":[15],"product_tag":[],"class_list":{"0":"post-15553","1":"product","2":"type-product","3":"status-publish","4":"has-post-thumbnail","6":"product_cat-uncategorized","7":"pa_64728_ze48hn78-gra","8":"pa_64728_ze48hn78-khaki","9":"pa_64728_ze48hn78-morkgra","10":"pa_64728_ze48hn78-orange","11":"pa_64728_ze48hn78-svart","12":"desktop-align-left","13":"tablet-align-left","14":"mobile-align-left","16":"first","17":"instock","18":"shipping-taxable","19":"purchasable","20":"product-type-variable"},"yoast_head":"<!-- This site is optimized with the Yoast SEO plugin v26.6 - https:\/\/yoast.com\/wordpress\/plugins\/seo\/ -->\n<title>H\u00e4ngande f\u00f6rvaringsp\u00e5se - Mekulo SE<\/title>\n<meta name=\"robots\" content=\"index, follow, max-snippet:-1, max-image-preview:large, max-video-preview:-1\" \/>\n<link rel=\"canonical\" href=\"https:\/\/mekulo.com\/se\/produkt\/hangande-forvaringspase\/\" \/>\n<meta property=\"og:locale\" content=\"en_US\" \/>\n<meta property=\"og:type\" content=\"article\" \/>\n<meta property=\"og:title\" content=\"H\u00e4ngande f\u00f6rvaringsp\u00e5se - Mekulo SE\" \/>\n<meta property=\"og:description\" content=\"Den h\u00e4r h\u00e4ngande f\u00f6rvaringsp\u00e5sen \u00e4r en enkel och smart l\u00f6sning f\u00f6r att minska r\u00f6ran runt s\u00e4ngen, soffan eller skrivbordet. Den \u00e4r utformad med en bred \u00f6ppning och ett robust filtmaterial och rymmer allt fr\u00e5n surfplattor och b\u00f6cker till fj\u00e4rrkontroller, kablar och nycklar, s\u00e5 att du aldrig beh\u00f6ver sl\u00f6sa tid p\u00e5 att leta igen. Den installeras p\u00e5 n\u00e5gra sekunder utan verktyg och sm\u00e4lter snyggt in i alla rum.\" \/>\n<meta property=\"og:url\" content=\"https:\/\/mekulo.com\/se\/produkt\/hangande-forvaringspase\/\" \/>\n<meta property=\"og:site_name\" content=\"Mekulo SE\" \/>\n<meta property=\"article:modified_time\" content=\"2026-01-22T15:50:43+00:00\" \/>\n<meta property=\"og:image\" content=\"https:\/\/mekulo.com\/se\/wp-content\/uploads\/sites\/11\/2026\/01\/s9rx4cr-1.jpg\" \/>\n\t<meta property=\"og:image:width\" content=\"800\" \/>\n\t<meta property=\"og:image:height\" content=\"800\" \/>\n\t<meta property=\"og:image:type\" content=\"image\/jpeg\" \/>\n<meta name=\"twitter:card\" content=\"summary_large_image\" \/>\n<meta name=\"twitter:label1\" content=\"Est. reading time\" \/>\n\t<meta name=\"twitter:data1\" content=\"2 minutes\" \/>\n<script type=\"application\/ld+json\" class=\"yoast-schema-graph\">{\"@context\":\"https:\/\/schema.org\",\"@graph\":[{\"@type\":\"WebPage\",\"@id\":\"https:\/\/mekulo.com\/se\/produkt\/hangande-forvaringspase\/\",\"url\":\"https:\/\/mekulo.com\/se\/produkt\/hangande-forvaringspase\/\",\"name\":\"H\u00e4ngande f\u00f6rvaringsp\u00e5se - Mekulo SE\",\"isPartOf\":{\"@id\":\"https:\/\/mekulo.com\/se\/#website\"},\"primaryImageOfPage\":{\"@id\":\"https:\/\/mekulo.com\/se\/produkt\/hangande-forvaringspase\/#primaryimage\"},\"image\":{\"@id\":\"https:\/\/mekulo.com\/se\/produkt\/hangande-forvaringspase\/#primaryimage\"},\"thumbnailUrl\":\"https:\/\/mekulo.com\/se\/wp-content\/uploads\/sites\/11\/2026\/01\/s9rx4cr-1.jpg\",\"datePublished\":\"2026-01-08T15:32:38+00:00\",\"dateModified\":\"2026-01-22T15:50:43+00:00\",\"breadcrumb\":{\"@id\":\"https:\/\/mekulo.com\/se\/produkt\/hangande-forvaringspase\/#breadcrumb\"},\"inLanguage\":\"en-US\",\"potentialAction\":[{\"@type\":\"ReadAction\",\"target\":[\"https:\/\/mekulo.com\/se\/produkt\/hangande-forvaringspase\/\"]}]},{\"@type\":\"ImageObject\",\"inLanguage\":\"en-US\",\"@id\":\"https:\/\/mekulo.com\/se\/produkt\/hangande-forvaringspase\/#primaryimage\",\"url\":\"https:\/\/mekulo.com\/se\/wp-content\/uploads\/sites\/11\/2026\/01\/s9rx4cr-1.jpg\",\"contentUrl\":\"https:\/\/mekulo.com\/se\/wp-content\/uploads\/sites\/11\/2026\/01\/s9rx4cr-1.jpg\",\"width\":800,\"height\":800},{\"@type\":\"BreadcrumbList\",\"@id\":\"https:\/\/mekulo.com\/se\/produkt\/hangande-forvaringspase\/#breadcrumb\",\"itemListElement\":[{\"@type\":\"ListItem\",\"position\":1,\"name\":\"Home\",\"item\":\"https:\/\/mekulo.com\/se\/\"},{\"@type\":\"ListItem\",\"position\":2,\"name\":\"Butik\",\"item\":\"https:\/\/mekulo.com\/se\/butik\/\"},{\"@type\":\"ListItem\",\"position\":3,\"name\":\"H\u00e4ngande f\u00f6rvaringsp\u00e5se\"}]},{\"@type\":\"WebSite\",\"@id\":\"https:\/\/mekulo.com\/se\/#website\",\"url\":\"https:\/\/mekulo.com\/se\/\",\"name\":\"Mekulo SE\",\"description\":\"\",\"publisher\":{\"@id\":\"https:\/\/mekulo.com\/se\/#organization\"},\"potentialAction\":[{\"@type\":\"SearchAction\",\"target\":{\"@type\":\"EntryPoint\",\"urlTemplate\":\"https:\/\/mekulo.com\/se\/?s={search_term_string}\"},\"query-input\":{\"@type\":\"PropertyValueSpecification\",\"valueRequired\":true,\"valueName\":\"search_term_string\"}}],\"inLanguage\":\"en-US\"},{\"@type\":\"Organization\",\"@id\":\"https:\/\/mekulo.com\/se\/#organization\",\"name\":\"Mekulo\",\"url\":\"https:\/\/mekulo.com\/se\/\",\"logo\":{\"@type\":\"ImageObject\",\"inLanguage\":\"en-US\",\"@id\":\"https:\/\/mekulo.com\/se\/#\/schema\/logo\/image\/\",\"url\":\"https:\/\/mekulo.com\/se\/wp-content\/uploads\/sites\/11\/2025\/12\/favicon_mekulo.png\",\"contentUrl\":\"https:\/\/mekulo.com\/se\/wp-content\/uploads\/sites\/11\/2025\/12\/favicon_mekulo.png\",\"width\":50,\"height\":50,\"caption\":\"Mekulo\"},\"image\":{\"@id\":\"https:\/\/mekulo.com\/se\/#\/schema\/logo\/image\/\"}}]}<\/script>\n<!-- \/ Yoast SEO plugin. -->","yoast_head_json":{"title":"H\u00e4ngande f\u00f6rvaringsp\u00e5se - Mekulo SE","robots":{"index":"index","follow":"follow","max-snippet":"max-snippet:-1","max-image-preview":"max-image-preview:large","max-video-preview":"max-video-preview:-1"},"canonical":"https:\/\/mekulo.com\/se\/produkt\/hangande-forvaringspase\/","og_locale":"en_US","og_type":"article","og_title":"H\u00e4ngande f\u00f6rvaringsp\u00e5se - Mekulo SE","og_description":"Den h\u00e4r h\u00e4ngande f\u00f6rvaringsp\u00e5sen \u00e4r en enkel och smart l\u00f6sning f\u00f6r att minska r\u00f6ran runt s\u00e4ngen, soffan eller skrivbordet. Den \u00e4r utformad med en bred \u00f6ppning och ett robust filtmaterial och rymmer allt fr\u00e5n surfplattor och b\u00f6cker till fj\u00e4rrkontroller, kablar och nycklar, s\u00e5 att du aldrig beh\u00f6ver sl\u00f6sa tid p\u00e5 att leta igen. Den installeras p\u00e5 n\u00e5gra sekunder utan verktyg och sm\u00e4lter snyggt in i alla rum.","og_url":"https:\/\/mekulo.com\/se\/produkt\/hangande-forvaringspase\/","og_site_name":"Mekulo SE","article_modified_time":"2026-01-22T15:50:43+00:00","og_image":[{"width":800,"height":800,"url":"https:\/\/mekulo.com\/se\/wp-content\/uploads\/sites\/11\/2026\/01\/s9rx4cr-1.jpg","type":"image\/jpeg"}],"twitter_card":"summary_large_image","twitter_misc":{"Est. reading time":"2 minutes"},"schema":{"@context":"https:\/\/schema.org","@graph":[{"@type":"WebPage","@id":"https:\/\/mekulo.com\/se\/produkt\/hangande-forvaringspase\/","url":"https:\/\/mekulo.com\/se\/produkt\/hangande-forvaringspase\/","name":"H\u00e4ngande f\u00f6rvaringsp\u00e5se - Mekulo SE","isPartOf":{"@id":"https:\/\/mekulo.com\/se\/#website"},"primaryImageOfPage":{"@id":"https:\/\/mekulo.com\/se\/produkt\/hangande-forvaringspase\/#primaryimage"},"image":{"@id":"https:\/\/mekulo.com\/se\/produkt\/hangande-forvaringspase\/#primaryimage"},"thumbnailUrl":"https:\/\/mekulo.com\/se\/wp-content\/uploads\/sites\/11\/2026\/01\/s9rx4cr-1.jpg","datePublished":"2026-01-08T15:32:38+00:00","dateModified":"2026-01-22T15:50:43+00:00","breadcrumb":{"@id":"https:\/\/mekulo.com\/se\/produkt\/hangande-forvaringspase\/#breadcrumb"},"inLanguage":"en-US","potentialAction":[{"@type":"ReadAction","target":["https:\/\/mekulo.com\/se\/produkt\/hangande-forvaringspase\/"]}]},{"@type":"ImageObject","inLanguage":"en-US","@id":"https:\/\/mekulo.com\/se\/produkt\/hangande-forvaringspase\/#primaryimage","url":"https:\/\/mekulo.com\/se\/wp-content\/uploads\/sites\/11\/2026\/01\/s9rx4cr-1.jpg","contentUrl":"https:\/\/mekulo.com\/se\/wp-content\/uploads\/sites\/11\/2026\/01\/s9rx4cr-1.jpg","width":800,"height":800},{"@type":"BreadcrumbList","@id":"https:\/\/mekulo.com\/se\/produkt\/hangande-forvaringspase\/#breadcrumb","itemListElement":[{"@type":"ListItem","position":1,"name":"Home","item":"https:\/\/mekulo.com\/se\/"},{"@type":"ListItem","position":2,"name":"Butik","item":"https:\/\/mekulo.com\/se\/butik\/"},{"@type":"ListItem","position":3,"name":"H\u00e4ngande f\u00f6rvaringsp\u00e5se"}]},{"@type":"WebSite","@id":"https:\/\/mekulo.com\/se\/#website","url":"https:\/\/mekulo.com\/se\/","name":"Mekulo SE","description":"","publisher":{"@id":"https:\/\/mekulo.com\/se\/#organization"},"potentialAction":[{"@type":"SearchAction","target":{"@type":"EntryPoint","urlTemplate":"https:\/\/mekulo.com\/se\/?s={search_term_string}"},"query-input":{"@type":"PropertyValueSpecification","valueRequired":true,"valueName":"search_term_string"}}],"inLanguage":"en-US"},{"@type":"Organization","@id":"https:\/\/mekulo.com\/se\/#organization","name":"Mekulo","url":"https:\/\/mekulo.com\/se\/","logo":{"@type":"ImageObject","inLanguage":"en-US","@id":"https:\/\/mekulo.com\/se\/#\/schema\/logo\/image\/","url":"https:\/\/mekulo.com\/se\/wp-content\/uploads\/sites\/11\/2025\/12\/favicon_mekulo.png","contentUrl":"https:\/\/mekulo.com\/se\/wp-content\/uploads\/sites\/11\/2025\/12\/favicon_mekulo.png","width":50,"height":50,"caption":"Mekulo"},"image":{"@id":"https:\/\/mekulo.com\/se\/#\/schema\/logo\/image\/"}}]}},"_links":{"self":[{"href":"https:\/\/mekulo.com\/se\/wp-json\/wp\/v2\/product\/15553","targetHints":{"allow":["GET"]}}],"collection":[{"href":"https:\/\/mekulo.com\/se\/wp-json\/wp\/v2\/product"}],"about":[{"href":"https:\/\/mekulo.com\/se\/wp-json\/wp\/v2\/types\/product"}],"replies":[{"embeddable":true,"href":"https:\/\/mekulo.com\/se\/wp-json\/wp\/v2\/comments?post=15553"}],"wp:featuredmedia":[{"embeddable":true,"href":"https:\/\/mekulo.com\/se\/wp-json\/wp\/v2\/media\/15549"}],"wp:attachment":[{"href":"https:\/\/mekulo.com\/se\/wp-json\/wp\/v2\/media?parent=15553"}],"wp:term":[{"taxonomy":"product_brand","embeddable":true,"href":"https:\/\/mekulo.com\/se\/wp-json\/wp\/v2\/product_brand?post=15553"},{"taxonomy":"product_cat","embeddable":true,"href":"https:\/\/mekulo.com\/se\/wp-json\/wp\/v2\/product_cat?post=15553"},{"taxonomy":"product_tag","embeddable":true,"href":"https:\/\/mekulo.com\/se\/wp-json\/wp\/v2\/product_tag?post=15553"}],"curies":[{"name":"wp","href":"https:\/\/api.w.org\/{rel}","templated":true}]}}