{"id":15493,"date":"2026-01-08T17:29:11","date_gmt":"2026-01-08T15:29:11","guid":{"rendered":"https:\/\/mekulo.com\/se\/produkt\/smabarnsskor-med-bra-andningsformaga\/"},"modified":"2026-01-08T20:12:14","modified_gmt":"2026-01-08T18:12:14","slug":"smabarnsskor-med-bra-andningsformaga","status":"publish","type":"product","link":"https:\/\/mekulo.com\/se\/produkt\/smabarnsskor-med-bra-andningsformaga\/","title":{"rendered":"Sm\u00e5barnsskor med bra andningsf\u00f6rm\u00e5ga"},"content":{"rendered":"<p style=\"text-align: center;\" data-start=\"49\" data-end=\"117\"><strong>H\u00e5ll ditt barns f\u00f6tter s\u00e4kra, torra och bekv\u00e4ma med varje steg. \ud83d\udc76<\/strong><\/p>\n<p data-start=\"142\" data-end=\"498\"><img fetchpriority=\"high\" decoding=\"async\" class=\"size-full wp-image-47302 aligncenter\" src=\"https:\/\/keluvo.com\/template\/wp-content\/uploads\/sites\/5\/2025\/12\/12215-ezgif.com-video-to-webp-converter-1.webp\" alt=\"\" width=\"500\" height=\"667\" \/><\/p>\n<h2 style=\"text-align: center;\" data-start=\"505\" data-end=\"527\">Huvudsakliga f\u00f6rdelar<\/h2>\n<p data-start=\"530\" data-end=\"592\">\ud83c\udf2c\ufe0f Ovandel i ventilerande mesh &#8211; H\u00e5ller f\u00f6tterna torra och luktfria.<\/p>\n<p data-start=\"595\" data-end=\"664\">\ud83e\uddb6 Halkfri, vadderad sula &#8211; F\u00f6rb\u00e4ttrar balansen och minskar halkrisken.<\/p>\n<p data-start=\"667\" data-end=\"744\">\ud83d\udee1\ufe0f Kollisionsskyddande t\u00e5h\u00e4tta &#8211; Skyddar t\u00e5rna fr\u00e5n st\u00f6tar och vassa f\u00f6rem\u00e5l.<\/p>\n<p data-start=\"747\" data-end=\"805\">\ud83e\uddfc L\u00f6stagbar innersula &#8211; L\u00e4tt att reng\u00f6ra och snabb att torka.<\/p>\n<p data-start=\"808\" data-end=\"883\">\ud83d\udc76 Mjuk och l\u00e4tt &#8211; Perfekt f\u00f6r de f\u00f6rsta g\u00e5ngturerna och aktiva sm\u00e5barn.<\/p>\n<p data-start=\"886\" data-end=\"964\">\ud83c\udf81 Perfekt presentval &#8211; Perfekt f\u00f6r f\u00f6delsedagar, semestrar och babyshower.<\/p>\n<p data-start=\"886\" data-end=\"964\"><img decoding=\"async\" class=\"size-full wp-image-47303 aligncenter\" src=\"https:\/\/keluvo.com\/template\/wp-content\/uploads\/sites\/5\/2025\/12\/Sf3d7b9f74d00438faa8b1c6d8bf16927b.png\" alt=\"\" width=\"887\" height=\"290\" \/><\/p>\n<h2 style=\"text-align: center;\" data-start=\"971\" data-end=\"990\"><strong>Hur Man Anv\u00e4nder<\/strong><\/h2>\n<ol data-start=\"991\" data-end=\"1245\">\n<li data-start=\"991\" data-end=\"1043\">\n<p data-start=\"994\" data-end=\"1043\">Glid f\u00f6rsiktigt skon p\u00e5 ditt barns fot.<\/p>\n<\/li>\n<li data-start=\"1044\" data-end=\"1096\">\n<p data-start=\"1047\" data-end=\"1096\">Se till att skon sitter t\u00e4tt men bekv\u00e4mt.<\/p>\n<\/li>\n<li data-start=\"1097\" data-end=\"1150\">\n<p data-start=\"1100\" data-end=\"1150\">L\u00e5t ditt barn g\u00e5, krypa eller leka s\u00e4kert.<\/p>\n<\/li>\n<li data-start=\"1151\" data-end=\"1188\">\n<p data-start=\"1154\" data-end=\"1188\">Ta bort innersulan vid reng\u00f6ring.<\/p>\n<\/li>\n<li data-start=\"1189\" data-end=\"1245\">\n<p data-start=\"1192\" data-end=\"1245\">Handtv\u00e4tt eller maskintv\u00e4tt och lufttorka f\u00f6re \u00e5teranv\u00e4ndning.<\/p>\n<\/li>\n<\/ol>\n<h2 style=\"text-align: center;\" data-start=\"1252\" data-end=\"1276\"><strong>Produktdetaljer<\/strong><\/h2>\n<ul data-start=\"1277\" data-end=\"1507\">\n<li data-start=\"1277\" data-end=\"1319\">\n<p data-start=\"1279\" data-end=\"1319\">Overmaterial: Andningsaktivt mesh-tyg<\/p>\n<\/li>\n<li data-start=\"1320\" data-end=\"1356\">\n<p data-start=\"1322\" data-end=\"1356\">Sula: TPR halks\u00e4ker sula<\/p>\n<\/li>\n<li data-start=\"1357\" data-end=\"1391\">\n<p data-start=\"1359\" data-end=\"1391\">Insole: Uttagbar och tv\u00e4ttbar<\/p>\n<\/li>\n<li data-start=\"1392\" data-end=\"1435\">\n<p data-start=\"1394\" data-end=\"1435\">Design: Slip-on med f\u00f6rst\u00e4rkt t\u00e5h\u00e4tta<\/p>\n<\/li>\n<li data-start=\"1436\" data-end=\"1480\">\n<p data-start=\"1438\" data-end=\"1480\">L\u00e4mplig f\u00f6r: Sm\u00e5barn och de som b\u00f6rjar g\u00e5<\/p>\n<\/li>\n<li data-start=\"1481\" data-end=\"1507\">\n<p data-start=\"1483\" data-end=\"1507\">Season: Alls\u00e4songsbruk<\/p>\n<\/li>\n<li data-start=\"1481\" data-end=\"1507\">Storlek: 0-6 m\u00e5nader, 6-12 m\u00e5nader, 12-18 m\u00e5nader, 18-24 m\u00e5nader, 2-4 \u00e5r<\/li>\n<\/ul>\n<h2 style=\"text-align: center;\" data-start=\"1514\" data-end=\"1539\"><strong>I Paketet ing\u00e5r<\/strong><\/h2>\n<ul data-start=\"1540\" data-end=\"1580\">\n<li data-start=\"1540\" data-end=\"1580\">\n<p data-start=\"1542\" data-end=\"1580\">1x par andningsbara sm\u00e5barnsskor.<\/p>\n<\/li>\n<\/ul>\n","protected":false},"excerpt":{"rendered":"<p>Dessa andningsbara sm\u00e5barnsskor \u00e4r utformade f\u00f6r att st\u00f6dja ditt barn fr\u00e5n att krypa till sina f\u00f6rsta s\u00e4kra steg. Den mjuka ovandelen i mesh h\u00e5ller sm\u00e5 f\u00f6tter svala och fr\u00e4scha, medan den d\u00e4mpade, halkfria sulan ger stabilitet och komfort under promenader och lek. Med extra t\u00e5skydd och enkel slip-on-design \u00e4r de perfekta f\u00f6r vardagsbruk \u00e5ret runt.<\/p>\n","protected":false},"featured_media":15489,"comment_status":"open","ping_status":"closed","template":"","meta":{"site-sidebar-layout":"default","site-content-layout":"","ast-site-content-layout":"default","site-content-style":"default","site-sidebar-style":"default","ast-global-header-display":"","ast-banner-title-visibility":"","ast-main-header-display":"","ast-hfb-above-header-display":"","ast-hfb-below-header-display":"","ast-hfb-mobile-header-display":"","site-post-title":"","ast-breadcrumbs-content":"","ast-featured-img":"","footer-sml-layout":"","theme-transparent-header-meta":"default","adv-header-id-meta":"","stick-header-meta":"","header-above-stick-meta":"","header-main-stick-meta":"","header-below-stick-meta":"","astra-migrate-meta-layouts":"set","ast-page-background-enabled":"default","ast-page-background-meta":{"desktop":{"background-color":"var(--ast-global-color-5)","background-image":"","background-repeat":"repeat","background-position":"center center","background-size":"auto","background-attachment":"scroll","background-type":"","background-media":"","overlay-type":"","overlay-color":"","overlay-opacity":"","overlay-gradient":""},"tablet":{"background-color":"","background-image":"","background-repeat":"repeat","background-position":"center center","background-size":"auto","background-attachment":"scroll","background-type":"","background-media":"","overlay-type":"","overlay-color":"","overlay-opacity":"","overlay-gradient":""},"mobile":{"background-color":"","background-image":"","background-repeat":"repeat","background-position":"center center","background-size":"auto","background-attachment":"scroll","background-type":"","background-media":"","overlay-type":"","overlay-color":"","overlay-opacity":"","overlay-gradient":""}},"ast-content-background-meta":{"desktop":{"background-color":"var(--ast-global-color-4)","background-image":"","background-repeat":"repeat","background-position":"center center","background-size":"auto","background-attachment":"scroll","background-type":"","background-media":"","overlay-type":"","overlay-color":"","overlay-opacity":"","overlay-gradient":""},"tablet":{"background-color":"var(--ast-global-color-4)","background-image":"","background-repeat":"repeat","background-position":"center center","background-size":"auto","background-attachment":"scroll","background-type":"","background-media":"","overlay-type":"","overlay-color":"","overlay-opacity":"","overlay-gradient":""},"mobile":{"background-color":"var(--ast-global-color-4)","background-image":"","background-repeat":"repeat","background-position":"center center","background-size":"auto","background-attachment":"scroll","background-type":"","background-media":"","overlay-type":"","overlay-color":"","overlay-opacity":"","overlay-gradient":""}}},"product_brand":[],"product_cat":[15],"product_tag":[],"class_list":{"0":"post-15493","1":"product","2":"type-product","3":"status-publish","4":"has-post-thumbnail","6":"product_cat-uncategorized","7":"pa_64705_bta4nqaz-bla","8":"pa_64705_bta4nqaz-gra","9":"pa_64705_bta4nqaz-gron","10":"pa_64705_bta4nqaz-gul","11":"pa_64705_bta4nqaz-rosa","12":"pa_64705_jviq9blm-0-6-manader","13":"pa_64705_jviq9blm-12-18-manader","14":"pa_64705_jviq9blm-18-24-manader","15":"pa_64705_jviq9blm-2-4-ar","16":"pa_64705_jviq9blm-6-12-manader","17":"desktop-align-left","18":"tablet-align-left","19":"mobile-align-left","21":"first","22":"instock","23":"shipping-taxable","24":"purchasable","25":"product-type-variable","26":"has-default-attributes"},"yoast_head":"<!-- This site is optimized with the Yoast SEO plugin v26.6 - https:\/\/yoast.com\/wordpress\/plugins\/seo\/ -->\n<title>Sm\u00e5barnsskor med bra andningsf\u00f6rm\u00e5ga - Mekulo SE<\/title>\n<meta name=\"robots\" content=\"index, follow, max-snippet:-1, max-image-preview:large, max-video-preview:-1\" \/>\n<link rel=\"canonical\" href=\"https:\/\/mekulo.com\/se\/produkt\/smabarnsskor-med-bra-andningsformaga\/\" \/>\n<meta property=\"og:locale\" content=\"sv_SE\" \/>\n<meta property=\"og:type\" content=\"article\" \/>\n<meta property=\"og:title\" content=\"Sm\u00e5barnsskor med bra andningsf\u00f6rm\u00e5ga - Mekulo SE\" \/>\n<meta property=\"og:description\" content=\"Dessa andningsbara sm\u00e5barnsskor \u00e4r utformade f\u00f6r att st\u00f6dja ditt barn fr\u00e5n att krypa till sina f\u00f6rsta s\u00e4kra steg. Den mjuka ovandelen i mesh h\u00e5ller sm\u00e5 f\u00f6tter svala och fr\u00e4scha, medan den d\u00e4mpade, halkfria sulan ger stabilitet och komfort under promenader och lek. Med extra t\u00e5skydd och enkel slip-on-design \u00e4r de perfekta f\u00f6r vardagsbruk \u00e5ret runt.\" \/>\n<meta property=\"og:url\" content=\"https:\/\/mekulo.com\/se\/produkt\/smabarnsskor-med-bra-andningsformaga\/\" \/>\n<meta property=\"og:site_name\" content=\"Mekulo SE\" \/>\n<meta property=\"article:modified_time\" content=\"2026-01-08T18:12:14+00:00\" \/>\n<meta property=\"og:image\" content=\"https:\/\/mekulo.com\/se\/wp-content\/uploads\/sites\/11\/2026\/01\/jrrj4kn-1.webp\" \/>\n\t<meta property=\"og:image:width\" content=\"800\" \/>\n\t<meta property=\"og:image:height\" content=\"800\" \/>\n\t<meta property=\"og:image:type\" content=\"image\/webp\" \/>\n<meta name=\"twitter:card\" content=\"summary_large_image\" \/>\n<meta name=\"twitter:label1\" content=\"Ber\u00e4knad l\u00e4stid\" \/>\n\t<meta name=\"twitter:data1\" content=\"2 minuter\" \/>\n<script type=\"application\/ld+json\" class=\"yoast-schema-graph\">{\"@context\":\"https:\/\/schema.org\",\"@graph\":[{\"@type\":\"WebPage\",\"@id\":\"https:\/\/mekulo.com\/se\/produkt\/smabarnsskor-med-bra-andningsformaga\/\",\"url\":\"https:\/\/mekulo.com\/se\/produkt\/smabarnsskor-med-bra-andningsformaga\/\",\"name\":\"Sm\u00e5barnsskor med bra andningsf\u00f6rm\u00e5ga - Mekulo SE\",\"isPartOf\":{\"@id\":\"https:\/\/mekulo.com\/se\/#website\"},\"primaryImageOfPage\":{\"@id\":\"https:\/\/mekulo.com\/se\/produkt\/smabarnsskor-med-bra-andningsformaga\/#primaryimage\"},\"image\":{\"@id\":\"https:\/\/mekulo.com\/se\/produkt\/smabarnsskor-med-bra-andningsformaga\/#primaryimage\"},\"thumbnailUrl\":\"https:\/\/mekulo.com\/se\/wp-content\/uploads\/sites\/11\/2026\/01\/jrrj4kn-1.webp\",\"datePublished\":\"2026-01-08T15:29:11+00:00\",\"dateModified\":\"2026-01-08T18:12:14+00:00\",\"breadcrumb\":{\"@id\":\"https:\/\/mekulo.com\/se\/produkt\/smabarnsskor-med-bra-andningsformaga\/#breadcrumb\"},\"inLanguage\":\"sv-SE\",\"potentialAction\":[{\"@type\":\"ReadAction\",\"target\":[\"https:\/\/mekulo.com\/se\/produkt\/smabarnsskor-med-bra-andningsformaga\/\"]}]},{\"@type\":\"ImageObject\",\"inLanguage\":\"sv-SE\",\"@id\":\"https:\/\/mekulo.com\/se\/produkt\/smabarnsskor-med-bra-andningsformaga\/#primaryimage\",\"url\":\"https:\/\/mekulo.com\/se\/wp-content\/uploads\/sites\/11\/2026\/01\/jrrj4kn-1.webp\",\"contentUrl\":\"https:\/\/mekulo.com\/se\/wp-content\/uploads\/sites\/11\/2026\/01\/jrrj4kn-1.webp\",\"width\":800,\"height\":800},{\"@type\":\"BreadcrumbList\",\"@id\":\"https:\/\/mekulo.com\/se\/produkt\/smabarnsskor-med-bra-andningsformaga\/#breadcrumb\",\"itemListElement\":[{\"@type\":\"ListItem\",\"position\":1,\"name\":\"Home\",\"item\":\"https:\/\/mekulo.com\/se\/\"},{\"@type\":\"ListItem\",\"position\":2,\"name\":\"Butik\",\"item\":\"https:\/\/mekulo.com\/se\/butik\/\"},{\"@type\":\"ListItem\",\"position\":3,\"name\":\"Sm\u00e5barnsskor med bra andningsf\u00f6rm\u00e5ga\"}]},{\"@type\":\"WebSite\",\"@id\":\"https:\/\/mekulo.com\/se\/#website\",\"url\":\"https:\/\/mekulo.com\/se\/\",\"name\":\"Mekulo SE\",\"description\":\"\",\"publisher\":{\"@id\":\"https:\/\/mekulo.com\/se\/#organization\"},\"potentialAction\":[{\"@type\":\"SearchAction\",\"target\":{\"@type\":\"EntryPoint\",\"urlTemplate\":\"https:\/\/mekulo.com\/se\/?s={search_term_string}\"},\"query-input\":{\"@type\":\"PropertyValueSpecification\",\"valueRequired\":true,\"valueName\":\"search_term_string\"}}],\"inLanguage\":\"sv-SE\"},{\"@type\":\"Organization\",\"@id\":\"https:\/\/mekulo.com\/se\/#organization\",\"name\":\"Mekulo\",\"url\":\"https:\/\/mekulo.com\/se\/\",\"logo\":{\"@type\":\"ImageObject\",\"inLanguage\":\"sv-SE\",\"@id\":\"https:\/\/mekulo.com\/se\/#\/schema\/logo\/image\/\",\"url\":\"https:\/\/mekulo.com\/se\/wp-content\/uploads\/sites\/11\/2025\/12\/favicon_mekulo.png\",\"contentUrl\":\"https:\/\/mekulo.com\/se\/wp-content\/uploads\/sites\/11\/2025\/12\/favicon_mekulo.png\",\"width\":50,\"height\":50,\"caption\":\"Mekulo\"},\"image\":{\"@id\":\"https:\/\/mekulo.com\/se\/#\/schema\/logo\/image\/\"}}]}<\/script>\n<!-- \/ Yoast SEO plugin. -->","yoast_head_json":{"title":"Sm\u00e5barnsskor med bra andningsf\u00f6rm\u00e5ga - Mekulo SE","robots":{"index":"index","follow":"follow","max-snippet":"max-snippet:-1","max-image-preview":"max-image-preview:large","max-video-preview":"max-video-preview:-1"},"canonical":"https:\/\/mekulo.com\/se\/produkt\/smabarnsskor-med-bra-andningsformaga\/","og_locale":"sv_SE","og_type":"article","og_title":"Sm\u00e5barnsskor med bra andningsf\u00f6rm\u00e5ga - Mekulo SE","og_description":"Dessa andningsbara sm\u00e5barnsskor \u00e4r utformade f\u00f6r att st\u00f6dja ditt barn fr\u00e5n att krypa till sina f\u00f6rsta s\u00e4kra steg. Den mjuka ovandelen i mesh h\u00e5ller sm\u00e5 f\u00f6tter svala och fr\u00e4scha, medan den d\u00e4mpade, halkfria sulan ger stabilitet och komfort under promenader och lek. Med extra t\u00e5skydd och enkel slip-on-design \u00e4r de perfekta f\u00f6r vardagsbruk \u00e5ret runt.","og_url":"https:\/\/mekulo.com\/se\/produkt\/smabarnsskor-med-bra-andningsformaga\/","og_site_name":"Mekulo SE","article_modified_time":"2026-01-08T18:12:14+00:00","og_image":[{"width":800,"height":800,"url":"https:\/\/mekulo.com\/se\/wp-content\/uploads\/sites\/11\/2026\/01\/jrrj4kn-1.webp","type":"image\/webp"}],"twitter_card":"summary_large_image","twitter_misc":{"Ber\u00e4knad l\u00e4stid":"2 minuter"},"schema":{"@context":"https:\/\/schema.org","@graph":[{"@type":"WebPage","@id":"https:\/\/mekulo.com\/se\/produkt\/smabarnsskor-med-bra-andningsformaga\/","url":"https:\/\/mekulo.com\/se\/produkt\/smabarnsskor-med-bra-andningsformaga\/","name":"Sm\u00e5barnsskor med bra andningsf\u00f6rm\u00e5ga - Mekulo SE","isPartOf":{"@id":"https:\/\/mekulo.com\/se\/#website"},"primaryImageOfPage":{"@id":"https:\/\/mekulo.com\/se\/produkt\/smabarnsskor-med-bra-andningsformaga\/#primaryimage"},"image":{"@id":"https:\/\/mekulo.com\/se\/produkt\/smabarnsskor-med-bra-andningsformaga\/#primaryimage"},"thumbnailUrl":"https:\/\/mekulo.com\/se\/wp-content\/uploads\/sites\/11\/2026\/01\/jrrj4kn-1.webp","datePublished":"2026-01-08T15:29:11+00:00","dateModified":"2026-01-08T18:12:14+00:00","breadcrumb":{"@id":"https:\/\/mekulo.com\/se\/produkt\/smabarnsskor-med-bra-andningsformaga\/#breadcrumb"},"inLanguage":"sv-SE","potentialAction":[{"@type":"ReadAction","target":["https:\/\/mekulo.com\/se\/produkt\/smabarnsskor-med-bra-andningsformaga\/"]}]},{"@type":"ImageObject","inLanguage":"sv-SE","@id":"https:\/\/mekulo.com\/se\/produkt\/smabarnsskor-med-bra-andningsformaga\/#primaryimage","url":"https:\/\/mekulo.com\/se\/wp-content\/uploads\/sites\/11\/2026\/01\/jrrj4kn-1.webp","contentUrl":"https:\/\/mekulo.com\/se\/wp-content\/uploads\/sites\/11\/2026\/01\/jrrj4kn-1.webp","width":800,"height":800},{"@type":"BreadcrumbList","@id":"https:\/\/mekulo.com\/se\/produkt\/smabarnsskor-med-bra-andningsformaga\/#breadcrumb","itemListElement":[{"@type":"ListItem","position":1,"name":"Home","item":"https:\/\/mekulo.com\/se\/"},{"@type":"ListItem","position":2,"name":"Butik","item":"https:\/\/mekulo.com\/se\/butik\/"},{"@type":"ListItem","position":3,"name":"Sm\u00e5barnsskor med bra andningsf\u00f6rm\u00e5ga"}]},{"@type":"WebSite","@id":"https:\/\/mekulo.com\/se\/#website","url":"https:\/\/mekulo.com\/se\/","name":"Mekulo SE","description":"","publisher":{"@id":"https:\/\/mekulo.com\/se\/#organization"},"potentialAction":[{"@type":"SearchAction","target":{"@type":"EntryPoint","urlTemplate":"https:\/\/mekulo.com\/se\/?s={search_term_string}"},"query-input":{"@type":"PropertyValueSpecification","valueRequired":true,"valueName":"search_term_string"}}],"inLanguage":"sv-SE"},{"@type":"Organization","@id":"https:\/\/mekulo.com\/se\/#organization","name":"Mekulo","url":"https:\/\/mekulo.com\/se\/","logo":{"@type":"ImageObject","inLanguage":"sv-SE","@id":"https:\/\/mekulo.com\/se\/#\/schema\/logo\/image\/","url":"https:\/\/mekulo.com\/se\/wp-content\/uploads\/sites\/11\/2025\/12\/favicon_mekulo.png","contentUrl":"https:\/\/mekulo.com\/se\/wp-content\/uploads\/sites\/11\/2025\/12\/favicon_mekulo.png","width":50,"height":50,"caption":"Mekulo"},"image":{"@id":"https:\/\/mekulo.com\/se\/#\/schema\/logo\/image\/"}}]}},"_links":{"self":[{"href":"https:\/\/mekulo.com\/se\/wp-json\/wp\/v2\/product\/15493","targetHints":{"allow":["GET"]}}],"collection":[{"href":"https:\/\/mekulo.com\/se\/wp-json\/wp\/v2\/product"}],"about":[{"href":"https:\/\/mekulo.com\/se\/wp-json\/wp\/v2\/types\/product"}],"replies":[{"embeddable":true,"href":"https:\/\/mekulo.com\/se\/wp-json\/wp\/v2\/comments?post=15493"}],"wp:featuredmedia":[{"embeddable":true,"href":"https:\/\/mekulo.com\/se\/wp-json\/wp\/v2\/media\/15489"}],"wp:attachment":[{"href":"https:\/\/mekulo.com\/se\/wp-json\/wp\/v2\/media?parent=15493"}],"wp:term":[{"taxonomy":"product_brand","embeddable":true,"href":"https:\/\/mekulo.com\/se\/wp-json\/wp\/v2\/product_brand?post=15493"},{"taxonomy":"product_cat","embeddable":true,"href":"https:\/\/mekulo.com\/se\/wp-json\/wp\/v2\/product_cat?post=15493"},{"taxonomy":"product_tag","embeddable":true,"href":"https:\/\/mekulo.com\/se\/wp-json\/wp\/v2\/product_tag?post=15493"}],"curies":[{"name":"wp","href":"https:\/\/api.w.org\/{rel}","templated":true}]}}