{"id":15315,"date":"2026-01-08T17:14:27","date_gmt":"2026-01-08T15:14:27","guid":{"rendered":"https:\/\/mekulo.com\/se\/produkt\/halkfria-skor-for-barn\/"},"modified":"2026-01-08T19:51:52","modified_gmt":"2026-01-08T17:51:52","slug":"halkfria-skor-for-barn","status":"publish","type":"product","link":"https:\/\/mekulo.com\/se\/produkt\/halkfria-skor-for-barn\/","title":{"rendered":"Halkfria skor f\u00f6r barn"},"content":{"rendered":"<p style=\"text-align: center;\" data-start=\"44\" data-end=\"116\"><strong>H\u00e5ller ditt barn s\u00e4kert, stabilt och bekv\u00e4mt med varje steg de tar. \ud83d\udc76<\/strong><\/p>\n<p data-start=\"141\" data-end=\"527\"><img fetchpriority=\"high\" decoding=\"async\" class=\"size-full wp-image-47015 aligncenter\" src=\"https:\/\/keluvo.com\/template\/wp-content\/uploads\/sites\/5\/2025\/12\/ChaussuresSouplesRespirantespourBebeMonAdorableBebe6.webp\" alt=\"\" width=\"450\" height=\"450\" \/><\/p>\n<h2 style=\"text-align: center;\" data-start=\"534\" data-end=\"555\">Huvudsakliga f\u00f6rdelar<\/h2>\n<p data-start=\"558\" data-end=\"632\">\ud83d\udc76 Totalt halkskydd &#8211; Mikrosugsula som griper tag i alla ytor.<\/p>\n<p data-start=\"635\" data-end=\"710\">\ud83e\uddb6 Naturlig r\u00f6relse &#8211; Flexibel sula som st\u00f6der en sund fotutveckling.<\/p>\n<p data-start=\"713\" data-end=\"782\">\ud83c\udf2c\ufe0f Maximal andningsf\u00f6rm\u00e5ga &#8211; Mesh-tyg h\u00e5ller f\u00f6tterna svala och torra.<\/p>\n<p data-start=\"785\" data-end=\"856\">\ud83d\udee1\ufe0f T\u00e5skydd &#8211; F\u00f6rst\u00e4rkt t\u00e5h\u00e4tta absorberar st\u00f6tar och slag.<\/p>\n<p data-start=\"859\" data-end=\"932\">\ud83d\udc55 L\u00e4tt att ta p\u00e5 &#8211; Elastisk krage som sitter t\u00e4tt utan att glida av.<\/p>\n<p data-start=\"935\" data-end=\"992\">\ud83d\udc95 Komfort hela dagen &#8211; Mjuka, allergiv\u00e4nliga material.<\/p>\n<p data-start=\"935\" data-end=\"992\"><img decoding=\"async\" class=\"size-full wp-image-47016 aligncenter\" src=\"https:\/\/keluvo.com\/template\/wp-content\/uploads\/sites\/5\/2025\/12\/ChaussuresSouplesRespirantespourBebeMonAdorableBebe9.webp\" alt=\"\" width=\"400\" height=\"400\" \/><\/p>\n<h2 style=\"text-align: center;\" data-start=\"999\" data-end=\"1018\"><strong>Anv\u00e4ndning<\/strong><\/h2>\n<ol data-start=\"1019\" data-end=\"1267\">\n<li data-start=\"1019\" data-end=\"1085\">\n<p data-start=\"1022\" data-end=\"1085\">Glid in barnets fot i skon med hj\u00e4lp av den elastiska kragen.<\/p>\n<\/li>\n<li data-start=\"1086\" data-end=\"1137\">\n<p data-start=\"1089\" data-end=\"1137\">Se till att h\u00e4len sitter ordentligt f\u00f6r ett s\u00e4kert grepp.<\/p>\n<\/li>\n<li data-start=\"1138\" data-end=\"1201\">\n<p data-start=\"1141\" data-end=\"1201\">L\u00e5t ditt barn krypa, st\u00e5 eller g\u00e5 fritt p\u00e5 alla underlag.<\/p>\n<\/li>\n<li data-start=\"1202\" data-end=\"1267\">\n<p data-start=\"1205\" data-end=\"1267\">Ta enkelt bort skon genom att f\u00f6rsiktigt dra fr\u00e5n h\u00e4len n\u00e4r du \u00e4r klar.<\/p>\n<\/li>\n<\/ol>\n<h2 style=\"text-align: center;\" data-start=\"1274\" data-end=\"1298\"><strong>Produktdetaljer<\/strong><\/h2>\n<ul data-start=\"1299\" data-end=\"1556\">\n<li data-start=\"1299\" data-end=\"1349\">\n<p data-start=\"1301\" data-end=\"1349\">Sultyp: Mikrosugande halkskyddande gummisula<\/p>\n<\/li>\n<li data-start=\"1350\" data-end=\"1398\">\n<p data-start=\"1352\" data-end=\"1398\">Ovandelsmaterial: Ultra-andningsbart mesh-tyg<\/p>\n<\/li>\n<li data-start=\"1399\" data-end=\"1442\">\n<p data-start=\"1401\" data-end=\"1442\">Passform: Elastisk krage med minnesstretch<\/p>\n<\/li>\n<li data-start=\"1443\" data-end=\"1477\">\n<p data-start=\"1445\" data-end=\"1477\">Skydd: F\u00f6rst\u00e4rkt t\u00e5h\u00e4tta<\/p>\n<\/li>\n<li data-start=\"1478\" data-end=\"1556\">\n<p data-start=\"1480\" data-end=\"1556\">Komfortfunktioner: St\u00f6td\u00e4mpning, luktf\u00f6rebyggande, allergiv\u00e4nlig design<\/p>\n<\/li>\n<li data-start=\"1478\" data-end=\"1556\">Storlekar: 13 (11,5 cm), 15 (12,5 cm), 17 (13,5 cm), 19 (14,5 cm), 21 (15,5 cm), 23 (16,5 cm)<\/li>\n<\/ul>\n<h2 style=\"text-align: center;\" data-start=\"1563\" data-end=\"1588\"><strong>F\u00f6rpackningen inneh\u00e5ller<\/strong><\/h2>\n<ul data-start=\"1589\" data-end=\"1622\" data-is-last-node=\"\" data-is-only-node=\"\">\n<li data-start=\"1589\" data-end=\"1622\" data-is-last-node=\"\">\n<p data-start=\"1591\" data-end=\"1622\" data-is-last-node=\"\">1x par halkfria barnskor.<\/p>\n<\/li>\n<\/ul>\n","protected":false},"excerpt":{"rendered":"<p>Dessa halkfria babyskor \u00e4r utformade f\u00f6r att skydda sm\u00e5 f\u00f6tter samtidigt som de hj\u00e4lper barnen att r\u00f6ra sig med sj\u00e4lvf\u00f6rtroende n\u00e4r de kryper, st\u00e5r och g\u00e5r. Den speciella halkfria sulan griper tag i golvet f\u00f6r att minska fallolyckor, medan det ventilerande n\u00e4tet h\u00e5ller f\u00f6tterna svala och torra hela dagen. Med en mjuk elastisk krage och f\u00f6rst\u00e4rkt t\u00e5 sitter skorna s\u00e4kert p\u00e5 foten och skyddar t\u00e5rna under aktiv lek och utforskning.<\/p>\n","protected":false},"featured_media":15311,"comment_status":"open","ping_status":"closed","template":"","meta":{"site-sidebar-layout":"default","site-content-layout":"","ast-site-content-layout":"default","site-content-style":"default","site-sidebar-style":"default","ast-global-header-display":"","ast-banner-title-visibility":"","ast-main-header-display":"","ast-hfb-above-header-display":"","ast-hfb-below-header-display":"","ast-hfb-mobile-header-display":"","site-post-title":"","ast-breadcrumbs-content":"","ast-featured-img":"","footer-sml-layout":"","theme-transparent-header-meta":"default","adv-header-id-meta":"","stick-header-meta":"","header-above-stick-meta":"","header-main-stick-meta":"","header-below-stick-meta":"","astra-migrate-meta-layouts":"set","ast-page-background-enabled":"default","ast-page-background-meta":{"desktop":{"background-color":"var(--ast-global-color-5)","background-image":"","background-repeat":"repeat","background-position":"center center","background-size":"auto","background-attachment":"scroll","background-type":"","background-media":"","overlay-type":"","overlay-color":"","overlay-opacity":"","overlay-gradient":""},"tablet":{"background-color":"","background-image":"","background-repeat":"repeat","background-position":"center center","background-size":"auto","background-attachment":"scroll","background-type":"","background-media":"","overlay-type":"","overlay-color":"","overlay-opacity":"","overlay-gradient":""},"mobile":{"background-color":"","background-image":"","background-repeat":"repeat","background-position":"center center","background-size":"auto","background-attachment":"scroll","background-type":"","background-media":"","overlay-type":"","overlay-color":"","overlay-opacity":"","overlay-gradient":""}},"ast-content-background-meta":{"desktop":{"background-color":"var(--ast-global-color-4)","background-image":"","background-repeat":"repeat","background-position":"center center","background-size":"auto","background-attachment":"scroll","background-type":"","background-media":"","overlay-type":"","overlay-color":"","overlay-opacity":"","overlay-gradient":""},"tablet":{"background-color":"var(--ast-global-color-4)","background-image":"","background-repeat":"repeat","background-position":"center center","background-size":"auto","background-attachment":"scroll","background-type":"","background-media":"","overlay-type":"","overlay-color":"","overlay-opacity":"","overlay-gradient":""},"mobile":{"background-color":"var(--ast-global-color-4)","background-image":"","background-repeat":"repeat","background-position":"center center","background-size":"auto","background-attachment":"scroll","background-type":"","background-media":"","overlay-type":"","overlay-color":"","overlay-opacity":"","overlay-gradient":""}}},"product_brand":[],"product_cat":[15],"product_tag":[],"class_list":{"0":"post-15315","1":"product","2":"type-product","3":"status-publish","4":"has-post-thumbnail","6":"product_cat-uncategorized","7":"pa_63191_7k14sv41-515","8":"pa_63191_7k14sv41-516","9":"pa_63191_7k14sv41-517","10":"pa_63191_7k14sv41-518","11":"pa_63191_7k14sv41-519","12":"pa_63191_7k14sv41-520","13":"pa_63191_o5nswfnj-bla","14":"pa_63191_o5nswfnj-gra","15":"pa_63191_o5nswfnj-khaki","16":"pa_63191_o5nswfnj-lila","17":"pa_63191_o5nswfnj-rosa","18":"desktop-align-left","19":"tablet-align-left","20":"mobile-align-left","22":"first","23":"instock","24":"shipping-taxable","25":"purchasable","26":"product-type-variable","27":"has-default-attributes"},"yoast_head":"<!-- This site is optimized with the Yoast SEO plugin v26.6 - https:\/\/yoast.com\/wordpress\/plugins\/seo\/ -->\n<title>Halkfria skor f\u00f6r barn - Mekulo SE<\/title>\n<meta name=\"robots\" content=\"index, follow, max-snippet:-1, max-image-preview:large, max-video-preview:-1\" \/>\n<link rel=\"canonical\" href=\"https:\/\/mekulo.com\/se\/produkt\/halkfria-skor-for-barn\/\" \/>\n<meta property=\"og:locale\" content=\"sv_SE\" \/>\n<meta property=\"og:type\" content=\"article\" \/>\n<meta property=\"og:title\" content=\"Halkfria skor f\u00f6r barn - Mekulo SE\" \/>\n<meta property=\"og:description\" content=\"Dessa halkfria babyskor \u00e4r utformade f\u00f6r att skydda sm\u00e5 f\u00f6tter samtidigt som de hj\u00e4lper barnen att r\u00f6ra sig med sj\u00e4lvf\u00f6rtroende n\u00e4r de kryper, st\u00e5r och g\u00e5r. Den speciella halkfria sulan griper tag i golvet f\u00f6r att minska fallolyckor, medan det ventilerande n\u00e4tet h\u00e5ller f\u00f6tterna svala och torra hela dagen. Med en mjuk elastisk krage och f\u00f6rst\u00e4rkt t\u00e5 sitter skorna s\u00e4kert p\u00e5 foten och skyddar t\u00e5rna under aktiv lek och utforskning.\" \/>\n<meta property=\"og:url\" content=\"https:\/\/mekulo.com\/se\/produkt\/halkfria-skor-for-barn\/\" \/>\n<meta property=\"og:site_name\" content=\"Mekulo SE\" \/>\n<meta property=\"article:modified_time\" content=\"2026-01-08T17:51:52+00:00\" \/>\n<meta property=\"og:image\" content=\"https:\/\/mekulo.com\/se\/wp-content\/uploads\/sites\/11\/2026\/01\/6zt91c8-1.jpeg\" \/>\n\t<meta property=\"og:image:width\" content=\"800\" \/>\n\t<meta property=\"og:image:height\" content=\"800\" \/>\n\t<meta property=\"og:image:type\" content=\"image\/jpeg\" \/>\n<meta name=\"twitter:card\" content=\"summary_large_image\" \/>\n<meta name=\"twitter:label1\" content=\"Ber\u00e4knad l\u00e4stid\" \/>\n\t<meta name=\"twitter:data1\" content=\"2 minuter\" \/>\n<script type=\"application\/ld+json\" class=\"yoast-schema-graph\">{\"@context\":\"https:\/\/schema.org\",\"@graph\":[{\"@type\":\"WebPage\",\"@id\":\"https:\/\/mekulo.com\/se\/produkt\/halkfria-skor-for-barn\/\",\"url\":\"https:\/\/mekulo.com\/se\/produkt\/halkfria-skor-for-barn\/\",\"name\":\"Halkfria skor f\u00f6r barn - Mekulo SE\",\"isPartOf\":{\"@id\":\"https:\/\/mekulo.com\/se\/#website\"},\"primaryImageOfPage\":{\"@id\":\"https:\/\/mekulo.com\/se\/produkt\/halkfria-skor-for-barn\/#primaryimage\"},\"image\":{\"@id\":\"https:\/\/mekulo.com\/se\/produkt\/halkfria-skor-for-barn\/#primaryimage\"},\"thumbnailUrl\":\"https:\/\/mekulo.com\/se\/wp-content\/uploads\/sites\/11\/2026\/01\/6zt91c8-1.jpeg\",\"datePublished\":\"2026-01-08T15:14:27+00:00\",\"dateModified\":\"2026-01-08T17:51:52+00:00\",\"breadcrumb\":{\"@id\":\"https:\/\/mekulo.com\/se\/produkt\/halkfria-skor-for-barn\/#breadcrumb\"},\"inLanguage\":\"sv-SE\",\"potentialAction\":[{\"@type\":\"ReadAction\",\"target\":[\"https:\/\/mekulo.com\/se\/produkt\/halkfria-skor-for-barn\/\"]}]},{\"@type\":\"ImageObject\",\"inLanguage\":\"sv-SE\",\"@id\":\"https:\/\/mekulo.com\/se\/produkt\/halkfria-skor-for-barn\/#primaryimage\",\"url\":\"https:\/\/mekulo.com\/se\/wp-content\/uploads\/sites\/11\/2026\/01\/6zt91c8-1.jpeg\",\"contentUrl\":\"https:\/\/mekulo.com\/se\/wp-content\/uploads\/sites\/11\/2026\/01\/6zt91c8-1.jpeg\",\"width\":800,\"height\":800},{\"@type\":\"BreadcrumbList\",\"@id\":\"https:\/\/mekulo.com\/se\/produkt\/halkfria-skor-for-barn\/#breadcrumb\",\"itemListElement\":[{\"@type\":\"ListItem\",\"position\":1,\"name\":\"Home\",\"item\":\"https:\/\/mekulo.com\/se\/\"},{\"@type\":\"ListItem\",\"position\":2,\"name\":\"Butik\",\"item\":\"https:\/\/mekulo.com\/se\/butik\/\"},{\"@type\":\"ListItem\",\"position\":3,\"name\":\"Halkfria skor f\u00f6r barn\"}]},{\"@type\":\"WebSite\",\"@id\":\"https:\/\/mekulo.com\/se\/#website\",\"url\":\"https:\/\/mekulo.com\/se\/\",\"name\":\"Mekulo SE\",\"description\":\"\",\"publisher\":{\"@id\":\"https:\/\/mekulo.com\/se\/#organization\"},\"potentialAction\":[{\"@type\":\"SearchAction\",\"target\":{\"@type\":\"EntryPoint\",\"urlTemplate\":\"https:\/\/mekulo.com\/se\/?s={search_term_string}\"},\"query-input\":{\"@type\":\"PropertyValueSpecification\",\"valueRequired\":true,\"valueName\":\"search_term_string\"}}],\"inLanguage\":\"sv-SE\"},{\"@type\":\"Organization\",\"@id\":\"https:\/\/mekulo.com\/se\/#organization\",\"name\":\"Mekulo\",\"url\":\"https:\/\/mekulo.com\/se\/\",\"logo\":{\"@type\":\"ImageObject\",\"inLanguage\":\"sv-SE\",\"@id\":\"https:\/\/mekulo.com\/se\/#\/schema\/logo\/image\/\",\"url\":\"https:\/\/mekulo.com\/se\/wp-content\/uploads\/sites\/11\/2025\/12\/favicon_mekulo.png\",\"contentUrl\":\"https:\/\/mekulo.com\/se\/wp-content\/uploads\/sites\/11\/2025\/12\/favicon_mekulo.png\",\"width\":50,\"height\":50,\"caption\":\"Mekulo\"},\"image\":{\"@id\":\"https:\/\/mekulo.com\/se\/#\/schema\/logo\/image\/\"}}]}<\/script>\n<!-- \/ Yoast SEO plugin. -->","yoast_head_json":{"title":"Halkfria skor f\u00f6r barn - Mekulo SE","robots":{"index":"index","follow":"follow","max-snippet":"max-snippet:-1","max-image-preview":"max-image-preview:large","max-video-preview":"max-video-preview:-1"},"canonical":"https:\/\/mekulo.com\/se\/produkt\/halkfria-skor-for-barn\/","og_locale":"sv_SE","og_type":"article","og_title":"Halkfria skor f\u00f6r barn - Mekulo SE","og_description":"Dessa halkfria babyskor \u00e4r utformade f\u00f6r att skydda sm\u00e5 f\u00f6tter samtidigt som de hj\u00e4lper barnen att r\u00f6ra sig med sj\u00e4lvf\u00f6rtroende n\u00e4r de kryper, st\u00e5r och g\u00e5r. Den speciella halkfria sulan griper tag i golvet f\u00f6r att minska fallolyckor, medan det ventilerande n\u00e4tet h\u00e5ller f\u00f6tterna svala och torra hela dagen. Med en mjuk elastisk krage och f\u00f6rst\u00e4rkt t\u00e5 sitter skorna s\u00e4kert p\u00e5 foten och skyddar t\u00e5rna under aktiv lek och utforskning.","og_url":"https:\/\/mekulo.com\/se\/produkt\/halkfria-skor-for-barn\/","og_site_name":"Mekulo SE","article_modified_time":"2026-01-08T17:51:52+00:00","og_image":[{"width":800,"height":800,"url":"https:\/\/mekulo.com\/se\/wp-content\/uploads\/sites\/11\/2026\/01\/6zt91c8-1.jpeg","type":"image\/jpeg"}],"twitter_card":"summary_large_image","twitter_misc":{"Ber\u00e4knad l\u00e4stid":"2 minuter"},"schema":{"@context":"https:\/\/schema.org","@graph":[{"@type":"WebPage","@id":"https:\/\/mekulo.com\/se\/produkt\/halkfria-skor-for-barn\/","url":"https:\/\/mekulo.com\/se\/produkt\/halkfria-skor-for-barn\/","name":"Halkfria skor f\u00f6r barn - Mekulo SE","isPartOf":{"@id":"https:\/\/mekulo.com\/se\/#website"},"primaryImageOfPage":{"@id":"https:\/\/mekulo.com\/se\/produkt\/halkfria-skor-for-barn\/#primaryimage"},"image":{"@id":"https:\/\/mekulo.com\/se\/produkt\/halkfria-skor-for-barn\/#primaryimage"},"thumbnailUrl":"https:\/\/mekulo.com\/se\/wp-content\/uploads\/sites\/11\/2026\/01\/6zt91c8-1.jpeg","datePublished":"2026-01-08T15:14:27+00:00","dateModified":"2026-01-08T17:51:52+00:00","breadcrumb":{"@id":"https:\/\/mekulo.com\/se\/produkt\/halkfria-skor-for-barn\/#breadcrumb"},"inLanguage":"sv-SE","potentialAction":[{"@type":"ReadAction","target":["https:\/\/mekulo.com\/se\/produkt\/halkfria-skor-for-barn\/"]}]},{"@type":"ImageObject","inLanguage":"sv-SE","@id":"https:\/\/mekulo.com\/se\/produkt\/halkfria-skor-for-barn\/#primaryimage","url":"https:\/\/mekulo.com\/se\/wp-content\/uploads\/sites\/11\/2026\/01\/6zt91c8-1.jpeg","contentUrl":"https:\/\/mekulo.com\/se\/wp-content\/uploads\/sites\/11\/2026\/01\/6zt91c8-1.jpeg","width":800,"height":800},{"@type":"BreadcrumbList","@id":"https:\/\/mekulo.com\/se\/produkt\/halkfria-skor-for-barn\/#breadcrumb","itemListElement":[{"@type":"ListItem","position":1,"name":"Home","item":"https:\/\/mekulo.com\/se\/"},{"@type":"ListItem","position":2,"name":"Butik","item":"https:\/\/mekulo.com\/se\/butik\/"},{"@type":"ListItem","position":3,"name":"Halkfria skor f\u00f6r barn"}]},{"@type":"WebSite","@id":"https:\/\/mekulo.com\/se\/#website","url":"https:\/\/mekulo.com\/se\/","name":"Mekulo SE","description":"","publisher":{"@id":"https:\/\/mekulo.com\/se\/#organization"},"potentialAction":[{"@type":"SearchAction","target":{"@type":"EntryPoint","urlTemplate":"https:\/\/mekulo.com\/se\/?s={search_term_string}"},"query-input":{"@type":"PropertyValueSpecification","valueRequired":true,"valueName":"search_term_string"}}],"inLanguage":"sv-SE"},{"@type":"Organization","@id":"https:\/\/mekulo.com\/se\/#organization","name":"Mekulo","url":"https:\/\/mekulo.com\/se\/","logo":{"@type":"ImageObject","inLanguage":"sv-SE","@id":"https:\/\/mekulo.com\/se\/#\/schema\/logo\/image\/","url":"https:\/\/mekulo.com\/se\/wp-content\/uploads\/sites\/11\/2025\/12\/favicon_mekulo.png","contentUrl":"https:\/\/mekulo.com\/se\/wp-content\/uploads\/sites\/11\/2025\/12\/favicon_mekulo.png","width":50,"height":50,"caption":"Mekulo"},"image":{"@id":"https:\/\/mekulo.com\/se\/#\/schema\/logo\/image\/"}}]}},"_links":{"self":[{"href":"https:\/\/mekulo.com\/se\/wp-json\/wp\/v2\/product\/15315","targetHints":{"allow":["GET"]}}],"collection":[{"href":"https:\/\/mekulo.com\/se\/wp-json\/wp\/v2\/product"}],"about":[{"href":"https:\/\/mekulo.com\/se\/wp-json\/wp\/v2\/types\/product"}],"replies":[{"embeddable":true,"href":"https:\/\/mekulo.com\/se\/wp-json\/wp\/v2\/comments?post=15315"}],"wp:featuredmedia":[{"embeddable":true,"href":"https:\/\/mekulo.com\/se\/wp-json\/wp\/v2\/media\/15311"}],"wp:attachment":[{"href":"https:\/\/mekulo.com\/se\/wp-json\/wp\/v2\/media?parent=15315"}],"wp:term":[{"taxonomy":"product_brand","embeddable":true,"href":"https:\/\/mekulo.com\/se\/wp-json\/wp\/v2\/product_brand?post=15315"},{"taxonomy":"product_cat","embeddable":true,"href":"https:\/\/mekulo.com\/se\/wp-json\/wp\/v2\/product_cat?post=15315"},{"taxonomy":"product_tag","embeddable":true,"href":"https:\/\/mekulo.com\/se\/wp-json\/wp\/v2\/product_tag?post=15315"}],"curies":[{"name":"wp","href":"https:\/\/api.w.org\/{rel}","templated":true}]}}