{"id":15302,"date":"2026-01-08T17:12:43","date_gmt":"2026-01-08T15:12:43","guid":{"rendered":"https:\/\/mekulo.com\/se\/produkt\/montessori-3-i-1-lekset-206-st\/"},"modified":"2026-01-08T19:49:55","modified_gmt":"2026-01-08T17:49:55","slug":"montessori-3-i-1-lekset-206-st","status":"publish","type":"product","link":"https:\/\/mekulo.com\/se\/produkt\/montessori-3-i-1-lekset-206-st\/","title":{"rendered":"Montessori 3-i-1-lekset (206 st)"},"content":{"rendered":"<div class=\"flex max-w-full flex-col grow\">\n<div class=\"min-h-8 text-message relative flex w-full flex-col items-end gap-2 text-start break-words whitespace-normal [.text-message+&amp;]:mt-1\" dir=\"auto\" data-message-author-role=\"assistant\" data-message-id=\"064e3a83-bd41-4b29-888f-722194f0256b\" data-message-model-slug=\"gpt-5-2\">\n<div class=\"flex w-full flex-col gap-1 empty:hidden first:pt-[1px]\">\n<div class=\"markdown prose dark:prose-invert w-full break-words light markdown-new-styling\">\n<p style=\"text-align: center;\" data-start=\"50\" data-end=\"133\"><strong>Ett Smart Lekset Som V\u00e4xer Med Ditt Barn Och F\u00f6rvandlar Lektid Till Verkligt L\u00e4rande. \ud83e\udde0<\/strong><\/p>\n<p data-start=\"158\" data-end=\"654\"><img fetchpriority=\"high\" decoding=\"async\" class=\"alignnone size-full wp-image-47002\" src=\"https:\/\/keluvo.com\/template\/wp-content\/uploads\/sites\/5\/2025\/12\/hippo-all-in-one-tool-hub-diy-montessori-tool-box-set-151213.jpg\" alt=\"\" width=\"1080\" height=\"1080\" \/><\/p>\n<h2 style=\"text-align: center;\" data-start=\"661\" data-end=\"682\">\u2b50 Huvudsakliga f\u00f6rdelar<\/h2>\n<p data-start=\"685\" data-end=\"759\">\ud83e\udde0 3-i-1-l\u00e4randesystem &#8211; arbetsb\u00e4nk, f\u00f6rvaringsl\u00e5da och b\u00e4rbart kit.<\/p>\n<p data-start=\"762\" data-end=\"829\">\ud83d\udd27 Realistisk elektrisk borrmaskin &#8211; ljus, ljud och magnetiska spetsar.<\/p>\n<p data-start=\"832\" data-end=\"899\">\u270b Utvecklar finmotoriken &#8211; f\u00f6rb\u00e4ttrar koordinationen mellan hand och \u00f6ga.<\/p>\n<p data-start=\"902\" data-end=\"969\">\ud83e\udde9 Uppmuntrar probleml\u00f6sning &#8211; lek med montering och demontering.<\/p>\n<p data-start=\"972\" data-end=\"1032\">\ud83d\udee1\ufe0f Maximal s\u00e4kerhet &#8211; rundade kanter och \u00f6verdimensionerade delar.<\/p>\n<p data-start=\"1035\" data-end=\"1093\">\ud83c\udf92 B\u00e4rbar design &#8211; L\u00e4tt att b\u00e4ra med sig och leka var som helst.<\/p>\n<p data-start=\"1035\" data-end=\"1093\"><img decoding=\"async\" class=\"size-full wp-image-47003 aligncenter\" src=\"https:\/\/keluvo.com\/template\/wp-content\/uploads\/sites\/5\/2025\/12\/hippo-all-in-one-tool-hub-diy-montessori-tool-box-set-288890.jpg\" alt=\"\" width=\"1080\" height=\"1080\" \/><\/p>\n<h2 style=\"text-align: center;\" data-start=\"1100\" data-end=\"1120\">\ud83d\udee0\ufe0f Anv\u00e4ndning<\/h2>\n<ol data-start=\"1121\" data-end=\"1449\">\n<li data-start=\"1121\" data-end=\"1200\">\n<p data-start=\"1124\" data-end=\"1200\">\u00d6ppna leksetet och v\u00e4lj l\u00e4ge: arbetsb\u00e4nk, f\u00f6rvaring eller b\u00e4rbart kit.<\/p>\n<\/li>\n<li data-start=\"1201\" data-end=\"1275\">\n<p data-start=\"1204\" data-end=\"1275\">Anv\u00e4nd den elektriska borren och verktygen f\u00f6r att montera muttrar, bultar och former.<\/p>\n<\/li>\n<li data-start=\"1276\" data-end=\"1332\">\n<p data-start=\"1279\" data-end=\"1332\">Byt borrspetsar enkelt med hj\u00e4lp av magnetsystemet.<\/p>\n<\/li>\n<li data-start=\"1333\" data-end=\"1389\">\n<p data-start=\"1336\" data-end=\"1389\">F\u00f6rvara alla tillbeh\u00f6r prydligt inuti efter lek.<\/p>\n<\/li>\n<li data-start=\"1390\" data-end=\"1449\">\n<p data-start=\"1393\" data-end=\"1449\">B\u00e4r kitet med det mjuka handtaget f\u00f6r lek var som helst.<\/p>\n<\/li>\n<\/ol>\n<h2 style=\"text-align: center;\" data-start=\"1456\" data-end=\"1480\">\ud83d\udccf Produktdetaljer<\/h2>\n<ul data-start=\"1481\" data-end=\"1769\">\n<li data-start=\"1481\" data-end=\"1516\">\n<p data-start=\"1483\" data-end=\"1516\">Material: Giftfri ABS-plast<\/p>\n<\/li>\n<li data-start=\"1517\" data-end=\"1571\">\n<p data-start=\"1519\" data-end=\"1571\">Design: Flodh\u00e4stformad, modul\u00e4rt 3-i-1-system<\/p>\n<\/li>\n<li data-start=\"1572\" data-end=\"1633\">\n<p data-start=\"1574\" data-end=\"1633\">Drillfunktioner: Ljus, ljud, magnetiska spetsar, stor knapp<\/p>\n<\/li>\n<li data-start=\"1634\" data-end=\"1705\">\n<p data-start=\"1636\" data-end=\"1705\">Stycken: 206 st<\/p>\n<\/li>\n<li data-start=\"1706\" data-end=\"1769\">\n<p data-start=\"1708\" data-end=\"1769\">S\u00e4kerhet: \u00d6verdimensionerade delar, sl\u00e4ta kanter, barns\u00e4kra material<\/p>\n<\/li>\n<\/ul>\n<h2 style=\"text-align: center;\" data-start=\"1776\" data-end=\"1801\">\ud83d\udce6 F\u00f6rpackningen inneh\u00e5ller<\/h2>\n<ul data-start=\"1802\" data-end=\"1989\" data-is-last-node=\"\" data-is-only-node=\"\">\n<li data-start=\"1802\" data-end=\"1872\">\n<p data-start=\"1804\" data-end=\"1872\">1x montessori 3-i-1 lekset (206 st).<\/p>\n<\/li>\n<\/ul>\n<\/div>\n<\/div>\n<\/div>\n<\/div>\n","protected":false},"excerpt":{"rendered":"<p>Detta montessori- 3-i-1-lekset \u00e4r mer \u00e4n en leksak &#8211; det \u00e4r en komplett inl\u00e4rningsstation som \u00e4r utformad f\u00f6r att bygga upp f\u00e4rdigheter genom praktisk lek. Den kan f\u00f6rvandlas till en robust arbetsb\u00e4nk, en rymlig f\u00f6rvaringsl\u00e5da och en b\u00e4rbar verktygssats, vilket ger barn olika s\u00e4tt att utforska, bygga och fantisera. Med realistiska verktyg, en s\u00e4ker elektrisk borrmaskin och \u00f6ver 200 tillbeh\u00f6r hj\u00e4lper det h\u00e4r leksetet barn att utveckla finmotorik, koordination, probleml\u00f6sning och kreativitet samtidigt som de leker s\u00e4kert hemma eller p\u00e5 spr\u00e5ng.<\/p>\n","protected":false},"featured_media":15298,"comment_status":"open","ping_status":"closed","template":"","meta":{"site-sidebar-layout":"default","site-content-layout":"","ast-site-content-layout":"default","site-content-style":"default","site-sidebar-style":"default","ast-global-header-display":"","ast-banner-title-visibility":"","ast-main-header-display":"","ast-hfb-above-header-display":"","ast-hfb-below-header-display":"","ast-hfb-mobile-header-display":"","site-post-title":"","ast-breadcrumbs-content":"","ast-featured-img":"","footer-sml-layout":"","theme-transparent-header-meta":"default","adv-header-id-meta":"","stick-header-meta":"","header-above-stick-meta":"","header-main-stick-meta":"","header-below-stick-meta":"","astra-migrate-meta-layouts":"set","ast-page-background-enabled":"default","ast-page-background-meta":{"desktop":{"background-color":"var(--ast-global-color-5)","background-image":"","background-repeat":"repeat","background-position":"center center","background-size":"auto","background-attachment":"scroll","background-type":"","background-media":"","overlay-type":"","overlay-color":"","overlay-opacity":"","overlay-gradient":""},"tablet":{"background-color":"","background-image":"","background-repeat":"repeat","background-position":"center center","background-size":"auto","background-attachment":"scroll","background-type":"","background-media":"","overlay-type":"","overlay-color":"","overlay-opacity":"","overlay-gradient":""},"mobile":{"background-color":"","background-image":"","background-repeat":"repeat","background-position":"center center","background-size":"auto","background-attachment":"scroll","background-type":"","background-media":"","overlay-type":"","overlay-color":"","overlay-opacity":"","overlay-gradient":""}},"ast-content-background-meta":{"desktop":{"background-color":"var(--ast-global-color-4)","background-image":"","background-repeat":"repeat","background-position":"center center","background-size":"auto","background-attachment":"scroll","background-type":"","background-media":"","overlay-type":"","overlay-color":"","overlay-opacity":"","overlay-gradient":""},"tablet":{"background-color":"var(--ast-global-color-4)","background-image":"","background-repeat":"repeat","background-position":"center center","background-size":"auto","background-attachment":"scroll","background-type":"","background-media":"","overlay-type":"","overlay-color":"","overlay-opacity":"","overlay-gradient":""},"mobile":{"background-color":"var(--ast-global-color-4)","background-image":"","background-repeat":"repeat","background-position":"center center","background-size":"auto","background-attachment":"scroll","background-type":"","background-media":"","overlay-type":"","overlay-color":"","overlay-opacity":"","overlay-gradient":""}}},"product_brand":[],"product_cat":[15],"product_tag":[],"class_list":{"0":"post-15302","1":"product","2":"type-product","3":"status-publish","4":"has-post-thumbnail","6":"product_cat-uncategorized","7":"pa_63180_qwui49dr-bla","8":"pa_63180_qwui49dr-rosa","9":"desktop-align-left","10":"tablet-align-left","11":"mobile-align-left","13":"first","14":"instock","15":"shipping-taxable","16":"purchasable","17":"product-type-variable"},"yoast_head":"<!-- This site is optimized with the Yoast SEO plugin v26.6 - https:\/\/yoast.com\/wordpress\/plugins\/seo\/ -->\n<title>Montessori 3-i-1-lekset (206 st) - Mekulo SE<\/title>\n<meta name=\"robots\" content=\"index, follow, max-snippet:-1, max-image-preview:large, max-video-preview:-1\" \/>\n<link rel=\"canonical\" href=\"https:\/\/mekulo.com\/se\/produkt\/montessori-3-i-1-lekset-206-st\/\" \/>\n<meta property=\"og:locale\" content=\"sv_SE\" \/>\n<meta property=\"og:type\" content=\"article\" \/>\n<meta property=\"og:title\" content=\"Montessori 3-i-1-lekset (206 st) - Mekulo SE\" \/>\n<meta property=\"og:description\" content=\"Detta montessori- 3-i-1-lekset \u00e4r mer \u00e4n en leksak - det \u00e4r en komplett inl\u00e4rningsstation som \u00e4r utformad f\u00f6r att bygga upp f\u00e4rdigheter genom praktisk lek. Den kan f\u00f6rvandlas till en robust arbetsb\u00e4nk, en rymlig f\u00f6rvaringsl\u00e5da och en b\u00e4rbar verktygssats, vilket ger barn olika s\u00e4tt att utforska, bygga och fantisera. Med realistiska verktyg, en s\u00e4ker elektrisk borrmaskin och \u00f6ver 200 tillbeh\u00f6r hj\u00e4lper det h\u00e4r leksetet barn att utveckla finmotorik, koordination, probleml\u00f6sning och kreativitet samtidigt som de leker s\u00e4kert hemma eller p\u00e5 spr\u00e5ng.\" \/>\n<meta property=\"og:url\" content=\"https:\/\/mekulo.com\/se\/produkt\/montessori-3-i-1-lekset-206-st\/\" \/>\n<meta property=\"og:site_name\" content=\"Mekulo SE\" \/>\n<meta property=\"article:modified_time\" content=\"2026-01-08T17:49:55+00:00\" \/>\n<meta property=\"og:image\" content=\"https:\/\/mekulo.com\/se\/wp-content\/uploads\/sites\/11\/2026\/01\/i6hwan0-1.jpg\" \/>\n\t<meta property=\"og:image:width\" content=\"1080\" \/>\n\t<meta property=\"og:image:height\" content=\"1080\" \/>\n\t<meta property=\"og:image:type\" content=\"image\/jpeg\" \/>\n<meta name=\"twitter:card\" content=\"summary_large_image\" \/>\n<meta name=\"twitter:label1\" content=\"Ber\u00e4knad l\u00e4stid\" \/>\n\t<meta name=\"twitter:data1\" content=\"2 minuter\" \/>\n<script type=\"application\/ld+json\" class=\"yoast-schema-graph\">{\"@context\":\"https:\/\/schema.org\",\"@graph\":[{\"@type\":\"WebPage\",\"@id\":\"https:\/\/mekulo.com\/se\/produkt\/montessori-3-i-1-lekset-206-st\/\",\"url\":\"https:\/\/mekulo.com\/se\/produkt\/montessori-3-i-1-lekset-206-st\/\",\"name\":\"Montessori 3-i-1-lekset (206 st) - Mekulo SE\",\"isPartOf\":{\"@id\":\"https:\/\/mekulo.com\/se\/#website\"},\"primaryImageOfPage\":{\"@id\":\"https:\/\/mekulo.com\/se\/produkt\/montessori-3-i-1-lekset-206-st\/#primaryimage\"},\"image\":{\"@id\":\"https:\/\/mekulo.com\/se\/produkt\/montessori-3-i-1-lekset-206-st\/#primaryimage\"},\"thumbnailUrl\":\"https:\/\/mekulo.com\/se\/wp-content\/uploads\/sites\/11\/2026\/01\/i6hwan0-1.jpg\",\"datePublished\":\"2026-01-08T15:12:43+00:00\",\"dateModified\":\"2026-01-08T17:49:55+00:00\",\"breadcrumb\":{\"@id\":\"https:\/\/mekulo.com\/se\/produkt\/montessori-3-i-1-lekset-206-st\/#breadcrumb\"},\"inLanguage\":\"sv-SE\",\"potentialAction\":[{\"@type\":\"ReadAction\",\"target\":[\"https:\/\/mekulo.com\/se\/produkt\/montessori-3-i-1-lekset-206-st\/\"]}]},{\"@type\":\"ImageObject\",\"inLanguage\":\"sv-SE\",\"@id\":\"https:\/\/mekulo.com\/se\/produkt\/montessori-3-i-1-lekset-206-st\/#primaryimage\",\"url\":\"https:\/\/mekulo.com\/se\/wp-content\/uploads\/sites\/11\/2026\/01\/i6hwan0-1.jpg\",\"contentUrl\":\"https:\/\/mekulo.com\/se\/wp-content\/uploads\/sites\/11\/2026\/01\/i6hwan0-1.jpg\",\"width\":1080,\"height\":1080},{\"@type\":\"BreadcrumbList\",\"@id\":\"https:\/\/mekulo.com\/se\/produkt\/montessori-3-i-1-lekset-206-st\/#breadcrumb\",\"itemListElement\":[{\"@type\":\"ListItem\",\"position\":1,\"name\":\"Home\",\"item\":\"https:\/\/mekulo.com\/se\/\"},{\"@type\":\"ListItem\",\"position\":2,\"name\":\"Butik\",\"item\":\"https:\/\/mekulo.com\/se\/butik\/\"},{\"@type\":\"ListItem\",\"position\":3,\"name\":\"Montessori 3-i-1-lekset (206 st)\"}]},{\"@type\":\"WebSite\",\"@id\":\"https:\/\/mekulo.com\/se\/#website\",\"url\":\"https:\/\/mekulo.com\/se\/\",\"name\":\"Mekulo SE\",\"description\":\"\",\"publisher\":{\"@id\":\"https:\/\/mekulo.com\/se\/#organization\"},\"potentialAction\":[{\"@type\":\"SearchAction\",\"target\":{\"@type\":\"EntryPoint\",\"urlTemplate\":\"https:\/\/mekulo.com\/se\/?s={search_term_string}\"},\"query-input\":{\"@type\":\"PropertyValueSpecification\",\"valueRequired\":true,\"valueName\":\"search_term_string\"}}],\"inLanguage\":\"sv-SE\"},{\"@type\":\"Organization\",\"@id\":\"https:\/\/mekulo.com\/se\/#organization\",\"name\":\"Mekulo\",\"url\":\"https:\/\/mekulo.com\/se\/\",\"logo\":{\"@type\":\"ImageObject\",\"inLanguage\":\"sv-SE\",\"@id\":\"https:\/\/mekulo.com\/se\/#\/schema\/logo\/image\/\",\"url\":\"https:\/\/mekulo.com\/se\/wp-content\/uploads\/sites\/11\/2025\/12\/favicon_mekulo.png\",\"contentUrl\":\"https:\/\/mekulo.com\/se\/wp-content\/uploads\/sites\/11\/2025\/12\/favicon_mekulo.png\",\"width\":50,\"height\":50,\"caption\":\"Mekulo\"},\"image\":{\"@id\":\"https:\/\/mekulo.com\/se\/#\/schema\/logo\/image\/\"}}]}<\/script>\n<!-- \/ Yoast SEO plugin. -->","yoast_head_json":{"title":"Montessori 3-i-1-lekset (206 st) - Mekulo SE","robots":{"index":"index","follow":"follow","max-snippet":"max-snippet:-1","max-image-preview":"max-image-preview:large","max-video-preview":"max-video-preview:-1"},"canonical":"https:\/\/mekulo.com\/se\/produkt\/montessori-3-i-1-lekset-206-st\/","og_locale":"sv_SE","og_type":"article","og_title":"Montessori 3-i-1-lekset (206 st) - Mekulo SE","og_description":"Detta montessori- 3-i-1-lekset \u00e4r mer \u00e4n en leksak - det \u00e4r en komplett inl\u00e4rningsstation som \u00e4r utformad f\u00f6r att bygga upp f\u00e4rdigheter genom praktisk lek. Den kan f\u00f6rvandlas till en robust arbetsb\u00e4nk, en rymlig f\u00f6rvaringsl\u00e5da och en b\u00e4rbar verktygssats, vilket ger barn olika s\u00e4tt att utforska, bygga och fantisera. Med realistiska verktyg, en s\u00e4ker elektrisk borrmaskin och \u00f6ver 200 tillbeh\u00f6r hj\u00e4lper det h\u00e4r leksetet barn att utveckla finmotorik, koordination, probleml\u00f6sning och kreativitet samtidigt som de leker s\u00e4kert hemma eller p\u00e5 spr\u00e5ng.","og_url":"https:\/\/mekulo.com\/se\/produkt\/montessori-3-i-1-lekset-206-st\/","og_site_name":"Mekulo SE","article_modified_time":"2026-01-08T17:49:55+00:00","og_image":[{"width":1080,"height":1080,"url":"https:\/\/mekulo.com\/se\/wp-content\/uploads\/sites\/11\/2026\/01\/i6hwan0-1.jpg","type":"image\/jpeg"}],"twitter_card":"summary_large_image","twitter_misc":{"Ber\u00e4knad l\u00e4stid":"2 minuter"},"schema":{"@context":"https:\/\/schema.org","@graph":[{"@type":"WebPage","@id":"https:\/\/mekulo.com\/se\/produkt\/montessori-3-i-1-lekset-206-st\/","url":"https:\/\/mekulo.com\/se\/produkt\/montessori-3-i-1-lekset-206-st\/","name":"Montessori 3-i-1-lekset (206 st) - Mekulo SE","isPartOf":{"@id":"https:\/\/mekulo.com\/se\/#website"},"primaryImageOfPage":{"@id":"https:\/\/mekulo.com\/se\/produkt\/montessori-3-i-1-lekset-206-st\/#primaryimage"},"image":{"@id":"https:\/\/mekulo.com\/se\/produkt\/montessori-3-i-1-lekset-206-st\/#primaryimage"},"thumbnailUrl":"https:\/\/mekulo.com\/se\/wp-content\/uploads\/sites\/11\/2026\/01\/i6hwan0-1.jpg","datePublished":"2026-01-08T15:12:43+00:00","dateModified":"2026-01-08T17:49:55+00:00","breadcrumb":{"@id":"https:\/\/mekulo.com\/se\/produkt\/montessori-3-i-1-lekset-206-st\/#breadcrumb"},"inLanguage":"sv-SE","potentialAction":[{"@type":"ReadAction","target":["https:\/\/mekulo.com\/se\/produkt\/montessori-3-i-1-lekset-206-st\/"]}]},{"@type":"ImageObject","inLanguage":"sv-SE","@id":"https:\/\/mekulo.com\/se\/produkt\/montessori-3-i-1-lekset-206-st\/#primaryimage","url":"https:\/\/mekulo.com\/se\/wp-content\/uploads\/sites\/11\/2026\/01\/i6hwan0-1.jpg","contentUrl":"https:\/\/mekulo.com\/se\/wp-content\/uploads\/sites\/11\/2026\/01\/i6hwan0-1.jpg","width":1080,"height":1080},{"@type":"BreadcrumbList","@id":"https:\/\/mekulo.com\/se\/produkt\/montessori-3-i-1-lekset-206-st\/#breadcrumb","itemListElement":[{"@type":"ListItem","position":1,"name":"Home","item":"https:\/\/mekulo.com\/se\/"},{"@type":"ListItem","position":2,"name":"Butik","item":"https:\/\/mekulo.com\/se\/butik\/"},{"@type":"ListItem","position":3,"name":"Montessori 3-i-1-lekset (206 st)"}]},{"@type":"WebSite","@id":"https:\/\/mekulo.com\/se\/#website","url":"https:\/\/mekulo.com\/se\/","name":"Mekulo SE","description":"","publisher":{"@id":"https:\/\/mekulo.com\/se\/#organization"},"potentialAction":[{"@type":"SearchAction","target":{"@type":"EntryPoint","urlTemplate":"https:\/\/mekulo.com\/se\/?s={search_term_string}"},"query-input":{"@type":"PropertyValueSpecification","valueRequired":true,"valueName":"search_term_string"}}],"inLanguage":"sv-SE"},{"@type":"Organization","@id":"https:\/\/mekulo.com\/se\/#organization","name":"Mekulo","url":"https:\/\/mekulo.com\/se\/","logo":{"@type":"ImageObject","inLanguage":"sv-SE","@id":"https:\/\/mekulo.com\/se\/#\/schema\/logo\/image\/","url":"https:\/\/mekulo.com\/se\/wp-content\/uploads\/sites\/11\/2025\/12\/favicon_mekulo.png","contentUrl":"https:\/\/mekulo.com\/se\/wp-content\/uploads\/sites\/11\/2025\/12\/favicon_mekulo.png","width":50,"height":50,"caption":"Mekulo"},"image":{"@id":"https:\/\/mekulo.com\/se\/#\/schema\/logo\/image\/"}}]}},"_links":{"self":[{"href":"https:\/\/mekulo.com\/se\/wp-json\/wp\/v2\/product\/15302","targetHints":{"allow":["GET"]}}],"collection":[{"href":"https:\/\/mekulo.com\/se\/wp-json\/wp\/v2\/product"}],"about":[{"href":"https:\/\/mekulo.com\/se\/wp-json\/wp\/v2\/types\/product"}],"replies":[{"embeddable":true,"href":"https:\/\/mekulo.com\/se\/wp-json\/wp\/v2\/comments?post=15302"}],"wp:featuredmedia":[{"embeddable":true,"href":"https:\/\/mekulo.com\/se\/wp-json\/wp\/v2\/media\/15298"}],"wp:attachment":[{"href":"https:\/\/mekulo.com\/se\/wp-json\/wp\/v2\/media?parent=15302"}],"wp:term":[{"taxonomy":"product_brand","embeddable":true,"href":"https:\/\/mekulo.com\/se\/wp-json\/wp\/v2\/product_brand?post=15302"},{"taxonomy":"product_cat","embeddable":true,"href":"https:\/\/mekulo.com\/se\/wp-json\/wp\/v2\/product_cat?post=15302"},{"taxonomy":"product_tag","embeddable":true,"href":"https:\/\/mekulo.com\/se\/wp-json\/wp\/v2\/product_tag?post=15302"}],"curies":[{"name":"wp","href":"https:\/\/api.w.org\/{rel}","templated":true}]}}