{"id":15293,"date":"2026-01-08T17:11:24","date_gmt":"2026-01-08T15:11:24","guid":{"rendered":"https:\/\/mekulo.com\/se\/produkt\/matlagningsset\/"},"modified":"2026-01-08T19:47:43","modified_gmt":"2026-01-08T17:47:43","slug":"matlagningsset","status":"publish","type":"product","link":"https:\/\/mekulo.com\/se\/produkt\/matlagningsset\/","title":{"rendered":"Matlagningsset"},"content":{"rendered":"<p style=\"text-align: center;\" data-start=\"36\" data-end=\"115\"><strong>Laga fulla m\u00e5ltider utomhus enkelt med en kompakt, allt-i-ett campingmatlagningssats. \ud83c\udf73<\/strong><\/p>\n<p data-start=\"140\" data-end=\"521\"><img fetchpriority=\"high\" decoding=\"async\" class=\"size-full wp-image-46996 aligncenter\" src=\"https:\/\/keluvo.com\/template\/wp-content\/uploads\/sites\/5\/2025\/12\/122133-ezgif.com-video-to-webp-converter.webp\" alt=\"\" width=\"500\" height=\"625\" \/><\/p>\n<h2 style=\"text-align: center;\" data-start=\"528\" data-end=\"549\">\u2b50 Huvudsakliga f\u00f6rdelar<\/h2>\n<p data-start=\"552\" data-end=\"626\">\ud83c\udf73 Komplett matlagningsset f\u00f6r utomhusbruk &#8211; Laga, stek och koka m\u00e5ltider var som helst.<\/p>\n<p data-start=\"629\" data-end=\"690\">\ud83e\udeb6 L\u00e4tt och b\u00e4rbar &#8211; L\u00e4tt att b\u00e4ra i en ryggs\u00e4ck.<\/p>\n<p data-start=\"693\" data-end=\"760\">\ud83d\udd25 Snabb, j\u00e4mn uppv\u00e4rmning &#8211; Aluminium f\u00f6rdelar v\u00e4rmen effektivt.<\/p>\n<p data-start=\"763\" data-end=\"823\">\u270b V\u00e4rmeisolerade handtag &#8211; Skyddar fingrarna fr\u00e5n br\u00e4nnskador.<\/p>\n<p data-start=\"826\" data-end=\"892\">\ud83e\uddfc Non-stick och l\u00e4tt att reng\u00f6ra &#8211; Livsmedelsbel\u00e4ggning sparar tid.<\/p>\n<p data-start=\"895\" data-end=\"962\">\ud83c\udf92 Utrymmesbesparande design &#8211; vikbara handtag och kompakt f\u00f6rvaring.<\/p>\n<p data-start=\"895\" data-end=\"962\"><img decoding=\"async\" class=\"size-full wp-image-46995 aligncenter\" src=\"https:\/\/keluvo.com\/template\/wp-content\/uploads\/sites\/5\/2025\/12\/122134-ezgif.com-video-to-webp-converter.webp\" alt=\"\" width=\"500\" height=\"625\" \/><\/p>\n<h2 style=\"text-align: center;\" data-start=\"969\" data-end=\"989\">\ud83d\udee0\ufe0f Anv\u00e4ndning<\/h2>\n<ol data-start=\"990\" data-end=\"1217\">\n<li data-start=\"990\" data-end=\"1028\">\n<p data-start=\"993\" data-end=\"1028\">F\u00e4ll upp kastrullen, stekpannan och handtagen.<\/p>\n<\/li>\n<li data-start=\"1029\" data-end=\"1077\">\n<p data-start=\"1032\" data-end=\"1077\">St\u00e4ll upp k\u00f6ket p\u00e5 en plan, stabil yta.<\/p>\n<\/li>\n<li data-start=\"1078\" data-end=\"1130\">\n<p data-start=\"1081\" data-end=\"1130\">Anv\u00e4nd kastrullen eller stekpannan f\u00f6r att laga mat eller koka vatten.<\/p>\n<\/li>\n<li data-start=\"1131\" data-end=\"1161\">\n<p data-start=\"1134\" data-end=\"1161\">L\u00e5t f\u00f6rem\u00e5len svalna efter anv\u00e4ndning.<\/p>\n<\/li>\n<li data-start=\"1162\" data-end=\"1217\">\n<p data-start=\"1165\" data-end=\"1217\">Vik ihop handtagen och f\u00f6rvara allt i n\u00e4tp\u00e5sen.<\/p>\n<\/li>\n<\/ol>\n<h2 style=\"text-align: center;\" data-start=\"1224\" data-end=\"1248\">\ud83d\udccf Produktdetaljer<\/h2>\n<ul data-start=\"1249\" data-end=\"1447\">\n<li data-start=\"1249\" data-end=\"1280\">\n<p data-start=\"1251\" data-end=\"1280\">Material: Anodiserad aluminium<\/p>\n<\/li>\n<li data-start=\"1281\" data-end=\"1314\">\n<p data-start=\"1283\" data-end=\"1314\">Non-stick, livsmedelsgodk\u00e4nd bel\u00e4ggning<\/p>\n<\/li>\n<li data-start=\"1315\" data-end=\"1343\">\n<p data-start=\"1317\" data-end=\"1343\">Kokare storlek: 170 x 90 mm<\/p>\n<\/li>\n<li data-start=\"1344\" data-end=\"1376\">\n<p data-start=\"1346\" data-end=\"1376\">Frit\u00f6s storlek: 175 x 45 mm<\/p>\n<\/li>\n<li data-start=\"1377\" data-end=\"1418\">\n<p data-start=\"1379\" data-end=\"1418\">Teapanna kapacitet: 0,8 L (140 x 80 mm)<\/p>\n<\/li>\n<li data-start=\"1419\" data-end=\"1447\">\n<p data-start=\"1421\" data-end=\"1447\">L\u00e4mplig f\u00f6r: 2-3 personer<\/p>\n<\/li>\n<\/ul>\n<h2 style=\"text-align: center;\" data-start=\"1454\" data-end=\"1479\">\ud83d\udce6 I paketet ing\u00e5r<\/h2>\n<ul data-start=\"1480\" data-end=\"1571\" data-is-last-node=\"\" data-is-only-node=\"\">\n<li data-start=\"1480\" data-end=\"1494\">\n<p data-start=\"1482\" data-end=\"1494\">1x spis<\/p>\n<\/li>\n<li data-start=\"1495\" data-end=\"1513\">\n<p data-start=\"1497\" data-end=\"1513\">1x stekpanna<\/p>\n<\/li>\n<li data-start=\"1514\" data-end=\"1529\">\n<p data-start=\"1516\" data-end=\"1529\">1x tekanna<\/p>\n<\/li>\n<li data-start=\"1549\" data-end=\"1571\" data-is-last-node=\"\">\n<p data-start=\"1551\" data-end=\"1571\" data-is-last-node=\"\">1x f\u00f6rvaringsp\u00e5se i n\u00e4t.<\/p>\n<\/li>\n<\/ul>\n","protected":false},"excerpt":{"rendered":"<p>Detta matlagningsset \u00e4r utformat f\u00f6r campare, vandrare och backpackers som vill laga riktiga m\u00e5ltider utan att b\u00e4ra tunga k\u00f6ksredskap. Det \u00e4r tillverkat av h\u00f6gkvalitativ anodiserad aluminium, v\u00e4rmer maten j\u00e4mnt, t\u00e5l h\u00f6ga temperaturer och \u00e4r l\u00e4tt att reng\u00f6ra efter anv\u00e4ndning. Alla delar kan vikas ihop i en liten n\u00e4tv\u00e4ska, vilket g\u00f6r den perfekt f\u00f6r resor, campingturer och utomhus\u00e4ventyr f\u00f6r 2-3 personer.<\/p>\n","protected":false},"featured_media":15289,"comment_status":"open","ping_status":"closed","template":"","meta":{"site-sidebar-layout":"default","site-content-layout":"","ast-site-content-layout":"default","site-content-style":"default","site-sidebar-style":"default","ast-global-header-display":"","ast-banner-title-visibility":"","ast-main-header-display":"","ast-hfb-above-header-display":"","ast-hfb-below-header-display":"","ast-hfb-mobile-header-display":"","site-post-title":"","ast-breadcrumbs-content":"","ast-featured-img":"","footer-sml-layout":"","theme-transparent-header-meta":"default","adv-header-id-meta":"","stick-header-meta":"","header-above-stick-meta":"","header-main-stick-meta":"","header-below-stick-meta":"","astra-migrate-meta-layouts":"set","ast-page-background-enabled":"default","ast-page-background-meta":{"desktop":{"background-color":"var(--ast-global-color-5)","background-image":"","background-repeat":"repeat","background-position":"center center","background-size":"auto","background-attachment":"scroll","background-type":"","background-media":"","overlay-type":"","overlay-color":"","overlay-opacity":"","overlay-gradient":""},"tablet":{"background-color":"","background-image":"","background-repeat":"repeat","background-position":"center center","background-size":"auto","background-attachment":"scroll","background-type":"","background-media":"","overlay-type":"","overlay-color":"","overlay-opacity":"","overlay-gradient":""},"mobile":{"background-color":"","background-image":"","background-repeat":"repeat","background-position":"center center","background-size":"auto","background-attachment":"scroll","background-type":"","background-media":"","overlay-type":"","overlay-color":"","overlay-opacity":"","overlay-gradient":""}},"ast-content-background-meta":{"desktop":{"background-color":"var(--ast-global-color-4)","background-image":"","background-repeat":"repeat","background-position":"center center","background-size":"auto","background-attachment":"scroll","background-type":"","background-media":"","overlay-type":"","overlay-color":"","overlay-opacity":"","overlay-gradient":""},"tablet":{"background-color":"var(--ast-global-color-4)","background-image":"","background-repeat":"repeat","background-position":"center center","background-size":"auto","background-attachment":"scroll","background-type":"","background-media":"","overlay-type":"","overlay-color":"","overlay-opacity":"","overlay-gradient":""},"mobile":{"background-color":"var(--ast-global-color-4)","background-image":"","background-repeat":"repeat","background-position":"center center","background-size":"auto","background-attachment":"scroll","background-type":"","background-media":"","overlay-type":"","overlay-color":"","overlay-opacity":"","overlay-gradient":""}}},"product_brand":[],"product_cat":[15],"product_tag":[],"class_list":{"0":"post-15293","1":"product","2":"type-product","3":"status-publish","4":"has-post-thumbnail","6":"product_cat-uncategorized","7":"desktop-align-left","8":"tablet-align-left","9":"mobile-align-left","11":"first","12":"instock","13":"shipping-taxable","14":"purchasable","15":"product-type-simple"},"yoast_head":"<!-- This site is optimized with the Yoast SEO plugin v26.6 - https:\/\/yoast.com\/wordpress\/plugins\/seo\/ -->\n<title>Matlagningsset - Mekulo SE<\/title>\n<meta name=\"robots\" content=\"index, follow, max-snippet:-1, max-image-preview:large, max-video-preview:-1\" \/>\n<link rel=\"canonical\" href=\"https:\/\/mekulo.com\/se\/produkt\/matlagningsset\/\" \/>\n<meta property=\"og:locale\" content=\"sv_SE\" \/>\n<meta property=\"og:type\" content=\"article\" \/>\n<meta property=\"og:title\" content=\"Matlagningsset - Mekulo SE\" \/>\n<meta property=\"og:description\" content=\"Detta matlagningsset \u00e4r utformat f\u00f6r campare, vandrare och backpackers som vill laga riktiga m\u00e5ltider utan att b\u00e4ra tunga k\u00f6ksredskap. Det \u00e4r tillverkat av h\u00f6gkvalitativ anodiserad aluminium, v\u00e4rmer maten j\u00e4mnt, t\u00e5l h\u00f6ga temperaturer och \u00e4r l\u00e4tt att reng\u00f6ra efter anv\u00e4ndning. Alla delar kan vikas ihop i en liten n\u00e4tv\u00e4ska, vilket g\u00f6r den perfekt f\u00f6r resor, campingturer och utomhus\u00e4ventyr f\u00f6r 2-3 personer.\" \/>\n<meta property=\"og:url\" content=\"https:\/\/mekulo.com\/se\/produkt\/matlagningsset\/\" \/>\n<meta property=\"og:site_name\" content=\"Mekulo SE\" \/>\n<meta property=\"article:modified_time\" content=\"2026-01-08T17:47:43+00:00\" \/>\n<meta property=\"og:image\" content=\"https:\/\/mekulo.com\/se\/wp-content\/uploads\/sites\/11\/2026\/01\/yavapfm-1.jpg\" \/>\n\t<meta property=\"og:image:width\" content=\"1080\" \/>\n\t<meta property=\"og:image:height\" content=\"1080\" \/>\n\t<meta property=\"og:image:type\" content=\"image\/jpeg\" \/>\n<meta name=\"twitter:card\" content=\"summary_large_image\" \/>\n<meta name=\"twitter:label1\" content=\"Ber\u00e4knad l\u00e4stid\" \/>\n\t<meta name=\"twitter:data1\" content=\"2 minuter\" \/>\n<script type=\"application\/ld+json\" class=\"yoast-schema-graph\">{\"@context\":\"https:\/\/schema.org\",\"@graph\":[{\"@type\":\"WebPage\",\"@id\":\"https:\/\/mekulo.com\/se\/produkt\/matlagningsset\/\",\"url\":\"https:\/\/mekulo.com\/se\/produkt\/matlagningsset\/\",\"name\":\"Matlagningsset - Mekulo SE\",\"isPartOf\":{\"@id\":\"https:\/\/mekulo.com\/se\/#website\"},\"primaryImageOfPage\":{\"@id\":\"https:\/\/mekulo.com\/se\/produkt\/matlagningsset\/#primaryimage\"},\"image\":{\"@id\":\"https:\/\/mekulo.com\/se\/produkt\/matlagningsset\/#primaryimage\"},\"thumbnailUrl\":\"https:\/\/mekulo.com\/se\/wp-content\/uploads\/sites\/11\/2026\/01\/yavapfm-1.jpg\",\"datePublished\":\"2026-01-08T15:11:24+00:00\",\"dateModified\":\"2026-01-08T17:47:43+00:00\",\"breadcrumb\":{\"@id\":\"https:\/\/mekulo.com\/se\/produkt\/matlagningsset\/#breadcrumb\"},\"inLanguage\":\"sv-SE\",\"potentialAction\":[{\"@type\":\"ReadAction\",\"target\":[\"https:\/\/mekulo.com\/se\/produkt\/matlagningsset\/\"]}]},{\"@type\":\"ImageObject\",\"inLanguage\":\"sv-SE\",\"@id\":\"https:\/\/mekulo.com\/se\/produkt\/matlagningsset\/#primaryimage\",\"url\":\"https:\/\/mekulo.com\/se\/wp-content\/uploads\/sites\/11\/2026\/01\/yavapfm-1.jpg\",\"contentUrl\":\"https:\/\/mekulo.com\/se\/wp-content\/uploads\/sites\/11\/2026\/01\/yavapfm-1.jpg\",\"width\":1080,\"height\":1080},{\"@type\":\"BreadcrumbList\",\"@id\":\"https:\/\/mekulo.com\/se\/produkt\/matlagningsset\/#breadcrumb\",\"itemListElement\":[{\"@type\":\"ListItem\",\"position\":1,\"name\":\"Home\",\"item\":\"https:\/\/mekulo.com\/se\/\"},{\"@type\":\"ListItem\",\"position\":2,\"name\":\"Butik\",\"item\":\"https:\/\/mekulo.com\/se\/butik\/\"},{\"@type\":\"ListItem\",\"position\":3,\"name\":\"Matlagningsset\"}]},{\"@type\":\"WebSite\",\"@id\":\"https:\/\/mekulo.com\/se\/#website\",\"url\":\"https:\/\/mekulo.com\/se\/\",\"name\":\"Mekulo SE\",\"description\":\"\",\"publisher\":{\"@id\":\"https:\/\/mekulo.com\/se\/#organization\"},\"potentialAction\":[{\"@type\":\"SearchAction\",\"target\":{\"@type\":\"EntryPoint\",\"urlTemplate\":\"https:\/\/mekulo.com\/se\/?s={search_term_string}\"},\"query-input\":{\"@type\":\"PropertyValueSpecification\",\"valueRequired\":true,\"valueName\":\"search_term_string\"}}],\"inLanguage\":\"sv-SE\"},{\"@type\":\"Organization\",\"@id\":\"https:\/\/mekulo.com\/se\/#organization\",\"name\":\"Mekulo\",\"url\":\"https:\/\/mekulo.com\/se\/\",\"logo\":{\"@type\":\"ImageObject\",\"inLanguage\":\"sv-SE\",\"@id\":\"https:\/\/mekulo.com\/se\/#\/schema\/logo\/image\/\",\"url\":\"https:\/\/mekulo.com\/se\/wp-content\/uploads\/sites\/11\/2025\/12\/favicon_mekulo.png\",\"contentUrl\":\"https:\/\/mekulo.com\/se\/wp-content\/uploads\/sites\/11\/2025\/12\/favicon_mekulo.png\",\"width\":50,\"height\":50,\"caption\":\"Mekulo\"},\"image\":{\"@id\":\"https:\/\/mekulo.com\/se\/#\/schema\/logo\/image\/\"}}]}<\/script>\n<!-- \/ Yoast SEO plugin. -->","yoast_head_json":{"title":"Matlagningsset - Mekulo SE","robots":{"index":"index","follow":"follow","max-snippet":"max-snippet:-1","max-image-preview":"max-image-preview:large","max-video-preview":"max-video-preview:-1"},"canonical":"https:\/\/mekulo.com\/se\/produkt\/matlagningsset\/","og_locale":"sv_SE","og_type":"article","og_title":"Matlagningsset - Mekulo SE","og_description":"Detta matlagningsset \u00e4r utformat f\u00f6r campare, vandrare och backpackers som vill laga riktiga m\u00e5ltider utan att b\u00e4ra tunga k\u00f6ksredskap. Det \u00e4r tillverkat av h\u00f6gkvalitativ anodiserad aluminium, v\u00e4rmer maten j\u00e4mnt, t\u00e5l h\u00f6ga temperaturer och \u00e4r l\u00e4tt att reng\u00f6ra efter anv\u00e4ndning. Alla delar kan vikas ihop i en liten n\u00e4tv\u00e4ska, vilket g\u00f6r den perfekt f\u00f6r resor, campingturer och utomhus\u00e4ventyr f\u00f6r 2-3 personer.","og_url":"https:\/\/mekulo.com\/se\/produkt\/matlagningsset\/","og_site_name":"Mekulo SE","article_modified_time":"2026-01-08T17:47:43+00:00","og_image":[{"width":1080,"height":1080,"url":"https:\/\/mekulo.com\/se\/wp-content\/uploads\/sites\/11\/2026\/01\/yavapfm-1.jpg","type":"image\/jpeg"}],"twitter_card":"summary_large_image","twitter_misc":{"Ber\u00e4knad l\u00e4stid":"2 minuter"},"schema":{"@context":"https:\/\/schema.org","@graph":[{"@type":"WebPage","@id":"https:\/\/mekulo.com\/se\/produkt\/matlagningsset\/","url":"https:\/\/mekulo.com\/se\/produkt\/matlagningsset\/","name":"Matlagningsset - Mekulo SE","isPartOf":{"@id":"https:\/\/mekulo.com\/se\/#website"},"primaryImageOfPage":{"@id":"https:\/\/mekulo.com\/se\/produkt\/matlagningsset\/#primaryimage"},"image":{"@id":"https:\/\/mekulo.com\/se\/produkt\/matlagningsset\/#primaryimage"},"thumbnailUrl":"https:\/\/mekulo.com\/se\/wp-content\/uploads\/sites\/11\/2026\/01\/yavapfm-1.jpg","datePublished":"2026-01-08T15:11:24+00:00","dateModified":"2026-01-08T17:47:43+00:00","breadcrumb":{"@id":"https:\/\/mekulo.com\/se\/produkt\/matlagningsset\/#breadcrumb"},"inLanguage":"sv-SE","potentialAction":[{"@type":"ReadAction","target":["https:\/\/mekulo.com\/se\/produkt\/matlagningsset\/"]}]},{"@type":"ImageObject","inLanguage":"sv-SE","@id":"https:\/\/mekulo.com\/se\/produkt\/matlagningsset\/#primaryimage","url":"https:\/\/mekulo.com\/se\/wp-content\/uploads\/sites\/11\/2026\/01\/yavapfm-1.jpg","contentUrl":"https:\/\/mekulo.com\/se\/wp-content\/uploads\/sites\/11\/2026\/01\/yavapfm-1.jpg","width":1080,"height":1080},{"@type":"BreadcrumbList","@id":"https:\/\/mekulo.com\/se\/produkt\/matlagningsset\/#breadcrumb","itemListElement":[{"@type":"ListItem","position":1,"name":"Home","item":"https:\/\/mekulo.com\/se\/"},{"@type":"ListItem","position":2,"name":"Butik","item":"https:\/\/mekulo.com\/se\/butik\/"},{"@type":"ListItem","position":3,"name":"Matlagningsset"}]},{"@type":"WebSite","@id":"https:\/\/mekulo.com\/se\/#website","url":"https:\/\/mekulo.com\/se\/","name":"Mekulo SE","description":"","publisher":{"@id":"https:\/\/mekulo.com\/se\/#organization"},"potentialAction":[{"@type":"SearchAction","target":{"@type":"EntryPoint","urlTemplate":"https:\/\/mekulo.com\/se\/?s={search_term_string}"},"query-input":{"@type":"PropertyValueSpecification","valueRequired":true,"valueName":"search_term_string"}}],"inLanguage":"sv-SE"},{"@type":"Organization","@id":"https:\/\/mekulo.com\/se\/#organization","name":"Mekulo","url":"https:\/\/mekulo.com\/se\/","logo":{"@type":"ImageObject","inLanguage":"sv-SE","@id":"https:\/\/mekulo.com\/se\/#\/schema\/logo\/image\/","url":"https:\/\/mekulo.com\/se\/wp-content\/uploads\/sites\/11\/2025\/12\/favicon_mekulo.png","contentUrl":"https:\/\/mekulo.com\/se\/wp-content\/uploads\/sites\/11\/2025\/12\/favicon_mekulo.png","width":50,"height":50,"caption":"Mekulo"},"image":{"@id":"https:\/\/mekulo.com\/se\/#\/schema\/logo\/image\/"}}]}},"_links":{"self":[{"href":"https:\/\/mekulo.com\/se\/wp-json\/wp\/v2\/product\/15293","targetHints":{"allow":["GET"]}}],"collection":[{"href":"https:\/\/mekulo.com\/se\/wp-json\/wp\/v2\/product"}],"about":[{"href":"https:\/\/mekulo.com\/se\/wp-json\/wp\/v2\/types\/product"}],"replies":[{"embeddable":true,"href":"https:\/\/mekulo.com\/se\/wp-json\/wp\/v2\/comments?post=15293"}],"wp:featuredmedia":[{"embeddable":true,"href":"https:\/\/mekulo.com\/se\/wp-json\/wp\/v2\/media\/15289"}],"wp:attachment":[{"href":"https:\/\/mekulo.com\/se\/wp-json\/wp\/v2\/media?parent=15293"}],"wp:term":[{"taxonomy":"product_brand","embeddable":true,"href":"https:\/\/mekulo.com\/se\/wp-json\/wp\/v2\/product_brand?post=15293"},{"taxonomy":"product_cat","embeddable":true,"href":"https:\/\/mekulo.com\/se\/wp-json\/wp\/v2\/product_cat?post=15293"},{"taxonomy":"product_tag","embeddable":true,"href":"https:\/\/mekulo.com\/se\/wp-json\/wp\/v2\/product_tag?post=15293"}],"curies":[{"name":"wp","href":"https:\/\/api.w.org\/{rel}","templated":true}]}}