{"id":15216,"date":"2026-01-08T17:04:57","date_gmt":"2026-01-08T15:04:57","guid":{"rendered":"https:\/\/mekulo.com\/se\/produkt\/rensningssats-for-avloppsror\/"},"modified":"2026-01-08T19:38:26","modified_gmt":"2026-01-08T17:38:26","slug":"rensningssats-for-avloppsror","status":"publish","type":"product","link":"https:\/\/mekulo.com\/se\/produkt\/rensningssats-for-avloppsror\/","title":{"rendered":"Rensningssats f\u00f6r avloppsr\u00f6r"},"content":{"rendered":"<p style=\"text-align: center;\" data-start=\"51\" data-end=\"116\"><strong>Rensa Igensatta Avlopp Snabbt Med Kraftfulla H\u00f6gtrycksvattenstr\u00e5lar. \ud83d\udca6<\/strong><\/p>\n<p data-start=\"141\" data-end=\"527\"><img fetchpriority=\"high\" decoding=\"async\" class=\"size-full wp-image-46925 aligncenter\" src=\"https:\/\/keluvo.com\/template\/wp-content\/uploads\/sites\/5\/2025\/12\/122125-ezgif.com-video-to-webp-converter.webp\" alt=\"\" width=\"500\" height=\"500\" \/><\/p>\n<h2 style=\"text-align: center;\" data-start=\"534\" data-end=\"555\">\u2b50 Huvudsakliga f\u00f6rdelar<\/h2>\n<p data-start=\"558\" data-end=\"627\">\ud83d\udca6 Kraftfull h\u00f6gtrycksreng\u00f6ring &#8211; L\u00f6ser snabbt upp sv\u00e5ra igens\u00e4ttningar.<\/p>\n<p data-start=\"630\" data-end=\"702\">\ud83e\uddfc Djup r\u00e4ckvidd &#8211; L\u00e5ng slang reng\u00f6r l\u00e5ngt in i avlopp.<\/p>\n<p data-start=\"630\" data-end=\"702\"><span style=\"font-size: 16px; font-style: normal;\">\ud83d\udd27 <\/span>Kompatibel med h\u00f6gtryckstv\u00e4tt &#8211; Passar standard 6 mm anslutningar.<\/p>\n<p data-start=\"779\" data-end=\"848\">\ud83e\uddf5 Stark och slitstark slang &#8211; Byggd f\u00f6r l\u00e5ng livsl\u00e4ngd.<\/p>\n<p data-start=\"851\" data-end=\"909\">\ud83d\udd04 Vridstyv design &#8211; Enkel att dra, rulla och f\u00f6rvara.<\/p>\n<p data-start=\"912\" data-end=\"988\">\ud83c\udfe0 Hem &amp; l\u00e4tt kommersiell anv\u00e4ndning &#8211; Perfekt f\u00f6r avlopp, r\u00f6r och kloaker.<\/p>\n<p data-start=\"912\" data-end=\"988\"><img decoding=\"async\" class=\"size-full wp-image-46924 aligncenter\" src=\"https:\/\/keluvo.com\/template\/wp-content\/uploads\/sites\/5\/2025\/12\/122126-ezgif.com-video-to-webp-converter.webp\" alt=\"\" width=\"500\" height=\"500\" \/><\/p>\n<h2 style=\"text-align: center;\" data-start=\"995\" data-end=\"1015\">\ud83d\udee0\ufe0f Anv\u00e4ndning<\/h2>\n<ol data-start=\"1016\" data-end=\"1331\">\n<li data-start=\"1016\" data-end=\"1089\">\n<p data-start=\"1019\" data-end=\"1089\">Anslut slangen till h\u00f6gtryckstv\u00e4tten med 6 mm-kopplingen.<\/p>\n<\/li>\n<li data-start=\"1090\" data-end=\"1129\">\n<p data-start=\"1093\" data-end=\"1129\">S\u00e4tt p\u00e5 l\u00e4mpligt jetmunstycke.<\/p>\n<\/li>\n<li data-start=\"1130\" data-end=\"1174\">\n<p data-start=\"1133\" data-end=\"1174\">F\u00f6r in slangen i avloppet eller r\u00f6ret.<\/p>\n<\/li>\n<li data-start=\"1175\" data-end=\"1208\">\n<p data-start=\"1178\" data-end=\"1208\">S\u00e4tt p\u00e5 h\u00f6gtryckstv\u00e4tten.<\/p>\n<\/li>\n<li data-start=\"1209\" data-end=\"1266\">\n<p data-start=\"1212\" data-end=\"1266\">Tryck l\u00e5ngsamt slangen fram\u00e5t f\u00f6r att spola ut blockeringar.<\/p>\n<\/li>\n<li data-start=\"1267\" data-end=\"1331\">\n<p data-start=\"1270\" data-end=\"1331\">Dra tillbaka slangen medan vattnet forts\u00e4tter att reng\u00f6ra r\u00f6ret.<\/p>\n<\/li>\n<\/ol>\n<h2 style=\"text-align: center;\" data-start=\"1338\" data-end=\"1362\">\ud83d\udccf Produktdetaljer<\/h2>\n<ul data-start=\"1363\" data-end=\"1735\">\n<li data-start=\"1363\" data-end=\"1428\">\n<p data-start=\"1365\" data-end=\"1428\">Alternativ f\u00f6r slangl\u00e4ngd: 2m, 5m, 8m, 10m, 15m, 20m<\/p>\n<\/li>\n<li data-start=\"1429\" data-end=\"1466\">\n<p data-start=\"1431\" data-end=\"1466\">Innerdiameter: 6 mm<\/p>\n<\/li>\n<li data-start=\"1467\" data-end=\"1492\">\n<p data-start=\"1469\" data-end=\"1492\">Utv\u00e4ndig diameter: 11 mm<\/p>\n<\/li>\n<li data-start=\"1493\" data-end=\"1552\">\n<p data-start=\"1495\" data-end=\"1552\">Material: Termoplastslang med textilf\u00f6rst\u00e4rkning<\/p>\n<\/li>\n<li data-start=\"1553\" data-end=\"1589\">\n<p data-start=\"1555\" data-end=\"1589\">Maximalt tryck: Upp till 5800 PSI<\/p>\n<\/li>\n<li data-start=\"1590\" data-end=\"1634\">\n<p data-start=\"1592\" data-end=\"1634\">Temperaturomr\u00e5de: 0\u00b0C\u201360\u00b0C<\/p>\n<\/li>\n<li data-start=\"1635\" data-end=\"1681\">\n<p data-start=\"1637\" data-end=\"1681\">Koppling: Standard 6 mm snabbkoppling<\/p>\n<\/li>\n<li data-start=\"1682\" data-end=\"1735\">\n<p data-start=\"1684\" data-end=\"1735\">Oberyta: Sl\u00e4t, slitstark, anti-kink design<\/p>\n<\/li>\n<\/ul>\n<h2 style=\"text-align: center;\" data-start=\"1742\" data-end=\"1767\">\ud83d\udce6 F\u00f6rpackningen inneh\u00e5ller<\/h2>\n<ul data-start=\"1768\" data-end=\"1856\" data-is-last-node=\"\" data-is-only-node=\"\">\n<li data-start=\"1768\" data-end=\"1809\">1x avloppsreng\u00f6ringssats.<\/li>\n<\/ul>\n","protected":false},"excerpt":{"rendered":"<p>Denna avloppsreng\u00f6ringssats f\u00f6rvandlar din h\u00f6gtryckstv\u00e4tt till ett kraftfullt r\u00f6rreng\u00f6ringsverktyg som avl\u00e4gsnar fett, slam, sand och envisa blockeringar. Den l\u00e5nga, flexibla slangen trycks djupt in i avlopp och r\u00f6r medan h\u00f6gtrycksvattenstr\u00e5lar spr\u00e4nger bort smuts fr\u00e5n insidan. Den \u00e4r idealisk f\u00f6r avlopp i hemmet, utomhusr\u00f6r och l\u00e4ttare kommersiell reng\u00f6ring, vilket sparar tid och kostsamma r\u00f6rmokarbes\u00f6k.<\/p>\n","protected":false},"featured_media":15212,"comment_status":"open","ping_status":"closed","template":"","meta":{"site-sidebar-layout":"default","site-content-layout":"","ast-site-content-layout":"default","site-content-style":"default","site-sidebar-style":"default","ast-global-header-display":"","ast-banner-title-visibility":"","ast-main-header-display":"","ast-hfb-above-header-display":"","ast-hfb-below-header-display":"","ast-hfb-mobile-header-display":"","site-post-title":"","ast-breadcrumbs-content":"","ast-featured-img":"","footer-sml-layout":"","theme-transparent-header-meta":"default","adv-header-id-meta":"","stick-header-meta":"","header-above-stick-meta":"","header-main-stick-meta":"","header-below-stick-meta":"","astra-migrate-meta-layouts":"set","ast-page-background-enabled":"default","ast-page-background-meta":{"desktop":{"background-color":"var(--ast-global-color-5)","background-image":"","background-repeat":"repeat","background-position":"center center","background-size":"auto","background-attachment":"scroll","background-type":"","background-media":"","overlay-type":"","overlay-color":"","overlay-opacity":"","overlay-gradient":""},"tablet":{"background-color":"","background-image":"","background-repeat":"repeat","background-position":"center center","background-size":"auto","background-attachment":"scroll","background-type":"","background-media":"","overlay-type":"","overlay-color":"","overlay-opacity":"","overlay-gradient":""},"mobile":{"background-color":"","background-image":"","background-repeat":"repeat","background-position":"center center","background-size":"auto","background-attachment":"scroll","background-type":"","background-media":"","overlay-type":"","overlay-color":"","overlay-opacity":"","overlay-gradient":""}},"ast-content-background-meta":{"desktop":{"background-color":"var(--ast-global-color-4)","background-image":"","background-repeat":"repeat","background-position":"center center","background-size":"auto","background-attachment":"scroll","background-type":"","background-media":"","overlay-type":"","overlay-color":"","overlay-opacity":"","overlay-gradient":""},"tablet":{"background-color":"var(--ast-global-color-4)","background-image":"","background-repeat":"repeat","background-position":"center center","background-size":"auto","background-attachment":"scroll","background-type":"","background-media":"","overlay-type":"","overlay-color":"","overlay-opacity":"","overlay-gradient":""},"mobile":{"background-color":"var(--ast-global-color-4)","background-image":"","background-repeat":"repeat","background-position":"center center","background-size":"auto","background-attachment":"scroll","background-type":"","background-media":"","overlay-type":"","overlay-color":"","overlay-opacity":"","overlay-gradient":""}}},"product_brand":[],"product_cat":[15],"product_tag":[],"class_list":{"0":"post-15216","1":"product","2":"type-product","3":"status-publish","4":"has-post-thumbnail","6":"product_cat-uncategorized","7":"pa_62508_qsagq3mj-10-m","8":"pa_62508_qsagq3mj-15-m","9":"pa_62508_qsagq3mj-2-m","10":"pa_62508_qsagq3mj-20-m","11":"pa_62508_qsagq3mj-5-m","12":"pa_62508_qsagq3mj-8-m","13":"desktop-align-left","14":"tablet-align-left","15":"mobile-align-left","17":"first","18":"instock","19":"shipping-taxable","20":"purchasable","21":"product-type-variable"},"yoast_head":"<!-- This site is optimized with the Yoast SEO plugin v26.6 - https:\/\/yoast.com\/wordpress\/plugins\/seo\/ -->\n<title>Rensningssats f\u00f6r avloppsr\u00f6r - Mekulo SE<\/title>\n<meta name=\"robots\" content=\"index, follow, max-snippet:-1, max-image-preview:large, max-video-preview:-1\" \/>\n<link rel=\"canonical\" href=\"https:\/\/mekulo.com\/se\/produkt\/rensningssats-for-avloppsror\/\" \/>\n<meta property=\"og:locale\" content=\"sv_SE\" \/>\n<meta property=\"og:type\" content=\"article\" \/>\n<meta property=\"og:title\" content=\"Rensningssats f\u00f6r avloppsr\u00f6r - Mekulo SE\" \/>\n<meta property=\"og:description\" content=\"Denna avloppsreng\u00f6ringssats f\u00f6rvandlar din h\u00f6gtryckstv\u00e4tt till ett kraftfullt r\u00f6rreng\u00f6ringsverktyg som avl\u00e4gsnar fett, slam, sand och envisa blockeringar. Den l\u00e5nga, flexibla slangen trycks djupt in i avlopp och r\u00f6r medan h\u00f6gtrycksvattenstr\u00e5lar spr\u00e4nger bort smuts fr\u00e5n insidan. Den \u00e4r idealisk f\u00f6r avlopp i hemmet, utomhusr\u00f6r och l\u00e4ttare kommersiell reng\u00f6ring, vilket sparar tid och kostsamma r\u00f6rmokarbes\u00f6k.\" \/>\n<meta property=\"og:url\" content=\"https:\/\/mekulo.com\/se\/produkt\/rensningssats-for-avloppsror\/\" \/>\n<meta property=\"og:site_name\" content=\"Mekulo SE\" \/>\n<meta property=\"article:modified_time\" content=\"2026-01-08T17:38:26+00:00\" \/>\n<meta property=\"og:image\" content=\"https:\/\/mekulo.com\/se\/wp-content\/uploads\/sites\/11\/2026\/01\/pgsqjla-1.jpg\" \/>\n\t<meta property=\"og:image:width\" content=\"1080\" \/>\n\t<meta property=\"og:image:height\" content=\"1080\" \/>\n\t<meta property=\"og:image:type\" content=\"image\/jpeg\" \/>\n<meta name=\"twitter:card\" content=\"summary_large_image\" \/>\n<meta name=\"twitter:label1\" content=\"Ber\u00e4knad l\u00e4stid\" \/>\n\t<meta name=\"twitter:data1\" content=\"2 minuter\" \/>\n<script type=\"application\/ld+json\" class=\"yoast-schema-graph\">{\"@context\":\"https:\/\/schema.org\",\"@graph\":[{\"@type\":\"WebPage\",\"@id\":\"https:\/\/mekulo.com\/se\/produkt\/rensningssats-for-avloppsror\/\",\"url\":\"https:\/\/mekulo.com\/se\/produkt\/rensningssats-for-avloppsror\/\",\"name\":\"Rensningssats f\u00f6r avloppsr\u00f6r - Mekulo SE\",\"isPartOf\":{\"@id\":\"https:\/\/mekulo.com\/se\/#website\"},\"primaryImageOfPage\":{\"@id\":\"https:\/\/mekulo.com\/se\/produkt\/rensningssats-for-avloppsror\/#primaryimage\"},\"image\":{\"@id\":\"https:\/\/mekulo.com\/se\/produkt\/rensningssats-for-avloppsror\/#primaryimage\"},\"thumbnailUrl\":\"https:\/\/mekulo.com\/se\/wp-content\/uploads\/sites\/11\/2026\/01\/pgsqjla-1.jpg\",\"datePublished\":\"2026-01-08T15:04:57+00:00\",\"dateModified\":\"2026-01-08T17:38:26+00:00\",\"breadcrumb\":{\"@id\":\"https:\/\/mekulo.com\/se\/produkt\/rensningssats-for-avloppsror\/#breadcrumb\"},\"inLanguage\":\"sv-SE\",\"potentialAction\":[{\"@type\":\"ReadAction\",\"target\":[\"https:\/\/mekulo.com\/se\/produkt\/rensningssats-for-avloppsror\/\"]}]},{\"@type\":\"ImageObject\",\"inLanguage\":\"sv-SE\",\"@id\":\"https:\/\/mekulo.com\/se\/produkt\/rensningssats-for-avloppsror\/#primaryimage\",\"url\":\"https:\/\/mekulo.com\/se\/wp-content\/uploads\/sites\/11\/2026\/01\/pgsqjla-1.jpg\",\"contentUrl\":\"https:\/\/mekulo.com\/se\/wp-content\/uploads\/sites\/11\/2026\/01\/pgsqjla-1.jpg\",\"width\":1080,\"height\":1080},{\"@type\":\"BreadcrumbList\",\"@id\":\"https:\/\/mekulo.com\/se\/produkt\/rensningssats-for-avloppsror\/#breadcrumb\",\"itemListElement\":[{\"@type\":\"ListItem\",\"position\":1,\"name\":\"Home\",\"item\":\"https:\/\/mekulo.com\/se\/\"},{\"@type\":\"ListItem\",\"position\":2,\"name\":\"Butik\",\"item\":\"https:\/\/mekulo.com\/se\/butik\/\"},{\"@type\":\"ListItem\",\"position\":3,\"name\":\"Rensningssats f\u00f6r avloppsr\u00f6r\"}]},{\"@type\":\"WebSite\",\"@id\":\"https:\/\/mekulo.com\/se\/#website\",\"url\":\"https:\/\/mekulo.com\/se\/\",\"name\":\"Mekulo SE\",\"description\":\"\",\"publisher\":{\"@id\":\"https:\/\/mekulo.com\/se\/#organization\"},\"potentialAction\":[{\"@type\":\"SearchAction\",\"target\":{\"@type\":\"EntryPoint\",\"urlTemplate\":\"https:\/\/mekulo.com\/se\/?s={search_term_string}\"},\"query-input\":{\"@type\":\"PropertyValueSpecification\",\"valueRequired\":true,\"valueName\":\"search_term_string\"}}],\"inLanguage\":\"sv-SE\"},{\"@type\":\"Organization\",\"@id\":\"https:\/\/mekulo.com\/se\/#organization\",\"name\":\"Mekulo\",\"url\":\"https:\/\/mekulo.com\/se\/\",\"logo\":{\"@type\":\"ImageObject\",\"inLanguage\":\"sv-SE\",\"@id\":\"https:\/\/mekulo.com\/se\/#\/schema\/logo\/image\/\",\"url\":\"https:\/\/mekulo.com\/se\/wp-content\/uploads\/sites\/11\/2025\/12\/favicon_mekulo.png\",\"contentUrl\":\"https:\/\/mekulo.com\/se\/wp-content\/uploads\/sites\/11\/2025\/12\/favicon_mekulo.png\",\"width\":50,\"height\":50,\"caption\":\"Mekulo\"},\"image\":{\"@id\":\"https:\/\/mekulo.com\/se\/#\/schema\/logo\/image\/\"}}]}<\/script>\n<!-- \/ Yoast SEO plugin. -->","yoast_head_json":{"title":"Rensningssats f\u00f6r avloppsr\u00f6r - Mekulo SE","robots":{"index":"index","follow":"follow","max-snippet":"max-snippet:-1","max-image-preview":"max-image-preview:large","max-video-preview":"max-video-preview:-1"},"canonical":"https:\/\/mekulo.com\/se\/produkt\/rensningssats-for-avloppsror\/","og_locale":"sv_SE","og_type":"article","og_title":"Rensningssats f\u00f6r avloppsr\u00f6r - Mekulo SE","og_description":"Denna avloppsreng\u00f6ringssats f\u00f6rvandlar din h\u00f6gtryckstv\u00e4tt till ett kraftfullt r\u00f6rreng\u00f6ringsverktyg som avl\u00e4gsnar fett, slam, sand och envisa blockeringar. Den l\u00e5nga, flexibla slangen trycks djupt in i avlopp och r\u00f6r medan h\u00f6gtrycksvattenstr\u00e5lar spr\u00e4nger bort smuts fr\u00e5n insidan. Den \u00e4r idealisk f\u00f6r avlopp i hemmet, utomhusr\u00f6r och l\u00e4ttare kommersiell reng\u00f6ring, vilket sparar tid och kostsamma r\u00f6rmokarbes\u00f6k.","og_url":"https:\/\/mekulo.com\/se\/produkt\/rensningssats-for-avloppsror\/","og_site_name":"Mekulo SE","article_modified_time":"2026-01-08T17:38:26+00:00","og_image":[{"width":1080,"height":1080,"url":"https:\/\/mekulo.com\/se\/wp-content\/uploads\/sites\/11\/2026\/01\/pgsqjla-1.jpg","type":"image\/jpeg"}],"twitter_card":"summary_large_image","twitter_misc":{"Ber\u00e4knad l\u00e4stid":"2 minuter"},"schema":{"@context":"https:\/\/schema.org","@graph":[{"@type":"WebPage","@id":"https:\/\/mekulo.com\/se\/produkt\/rensningssats-for-avloppsror\/","url":"https:\/\/mekulo.com\/se\/produkt\/rensningssats-for-avloppsror\/","name":"Rensningssats f\u00f6r avloppsr\u00f6r - Mekulo SE","isPartOf":{"@id":"https:\/\/mekulo.com\/se\/#website"},"primaryImageOfPage":{"@id":"https:\/\/mekulo.com\/se\/produkt\/rensningssats-for-avloppsror\/#primaryimage"},"image":{"@id":"https:\/\/mekulo.com\/se\/produkt\/rensningssats-for-avloppsror\/#primaryimage"},"thumbnailUrl":"https:\/\/mekulo.com\/se\/wp-content\/uploads\/sites\/11\/2026\/01\/pgsqjla-1.jpg","datePublished":"2026-01-08T15:04:57+00:00","dateModified":"2026-01-08T17:38:26+00:00","breadcrumb":{"@id":"https:\/\/mekulo.com\/se\/produkt\/rensningssats-for-avloppsror\/#breadcrumb"},"inLanguage":"sv-SE","potentialAction":[{"@type":"ReadAction","target":["https:\/\/mekulo.com\/se\/produkt\/rensningssats-for-avloppsror\/"]}]},{"@type":"ImageObject","inLanguage":"sv-SE","@id":"https:\/\/mekulo.com\/se\/produkt\/rensningssats-for-avloppsror\/#primaryimage","url":"https:\/\/mekulo.com\/se\/wp-content\/uploads\/sites\/11\/2026\/01\/pgsqjla-1.jpg","contentUrl":"https:\/\/mekulo.com\/se\/wp-content\/uploads\/sites\/11\/2026\/01\/pgsqjla-1.jpg","width":1080,"height":1080},{"@type":"BreadcrumbList","@id":"https:\/\/mekulo.com\/se\/produkt\/rensningssats-for-avloppsror\/#breadcrumb","itemListElement":[{"@type":"ListItem","position":1,"name":"Home","item":"https:\/\/mekulo.com\/se\/"},{"@type":"ListItem","position":2,"name":"Butik","item":"https:\/\/mekulo.com\/se\/butik\/"},{"@type":"ListItem","position":3,"name":"Rensningssats f\u00f6r avloppsr\u00f6r"}]},{"@type":"WebSite","@id":"https:\/\/mekulo.com\/se\/#website","url":"https:\/\/mekulo.com\/se\/","name":"Mekulo SE","description":"","publisher":{"@id":"https:\/\/mekulo.com\/se\/#organization"},"potentialAction":[{"@type":"SearchAction","target":{"@type":"EntryPoint","urlTemplate":"https:\/\/mekulo.com\/se\/?s={search_term_string}"},"query-input":{"@type":"PropertyValueSpecification","valueRequired":true,"valueName":"search_term_string"}}],"inLanguage":"sv-SE"},{"@type":"Organization","@id":"https:\/\/mekulo.com\/se\/#organization","name":"Mekulo","url":"https:\/\/mekulo.com\/se\/","logo":{"@type":"ImageObject","inLanguage":"sv-SE","@id":"https:\/\/mekulo.com\/se\/#\/schema\/logo\/image\/","url":"https:\/\/mekulo.com\/se\/wp-content\/uploads\/sites\/11\/2025\/12\/favicon_mekulo.png","contentUrl":"https:\/\/mekulo.com\/se\/wp-content\/uploads\/sites\/11\/2025\/12\/favicon_mekulo.png","width":50,"height":50,"caption":"Mekulo"},"image":{"@id":"https:\/\/mekulo.com\/se\/#\/schema\/logo\/image\/"}}]}},"_links":{"self":[{"href":"https:\/\/mekulo.com\/se\/wp-json\/wp\/v2\/product\/15216","targetHints":{"allow":["GET"]}}],"collection":[{"href":"https:\/\/mekulo.com\/se\/wp-json\/wp\/v2\/product"}],"about":[{"href":"https:\/\/mekulo.com\/se\/wp-json\/wp\/v2\/types\/product"}],"replies":[{"embeddable":true,"href":"https:\/\/mekulo.com\/se\/wp-json\/wp\/v2\/comments?post=15216"}],"wp:featuredmedia":[{"embeddable":true,"href":"https:\/\/mekulo.com\/se\/wp-json\/wp\/v2\/media\/15212"}],"wp:attachment":[{"href":"https:\/\/mekulo.com\/se\/wp-json\/wp\/v2\/media?parent=15216"}],"wp:term":[{"taxonomy":"product_brand","embeddable":true,"href":"https:\/\/mekulo.com\/se\/wp-json\/wp\/v2\/product_brand?post=15216"},{"taxonomy":"product_cat","embeddable":true,"href":"https:\/\/mekulo.com\/se\/wp-json\/wp\/v2\/product_cat?post=15216"},{"taxonomy":"product_tag","embeddable":true,"href":"https:\/\/mekulo.com\/se\/wp-json\/wp\/v2\/product_tag?post=15216"}],"curies":[{"name":"wp","href":"https:\/\/api.w.org\/{rel}","templated":true}]}}