{"id":15192,"date":"2026-01-08T17:01:03","date_gmt":"2026-01-08T15:01:03","guid":{"rendered":"https:\/\/mekulo.com\/se\/produkt\/kreativa-byggstenar\/"},"modified":"2026-01-08T19:31:22","modified_gmt":"2026-01-08T17:31:22","slug":"kreativa-byggstenar","status":"publish","type":"product","link":"https:\/\/mekulo.com\/se\/produkt\/kreativa-byggstenar\/","title":{"rendered":"Kreativa byggstenar"},"content":{"rendered":"<div class=\"flex max-w-full flex-col grow\">\n<div class=\"min-h-8 text-message relative flex w-full flex-col items-end gap-2 text-start break-words whitespace-normal [.text-message+&amp;]:mt-1\" dir=\"auto\" data-message-author-role=\"assistant\" data-message-id=\"be1b1bf9-dade-45cd-86bd-ff7ef8b8e4fc\" data-message-model-slug=\"gpt-5-2\">\n<div class=\"flex w-full flex-col gap-1 empty:hidden first:pt-[1px]\">\n<div class=\"markdown prose dark:prose-invert w-full break-words light markdown-new-styling\">\n<p style=\"text-align: center;\" data-start=\"0\" data-end=\"67\"><strong data-start=\"0\" data-end=\"67\">Bygg, t\u00e4nk och skapa med praktisk tr\u00e4konstruktion \ud83e\udde0<\/strong><\/p>\n<p data-start=\"69\" data-end=\"294\"><img fetchpriority=\"high\" decoding=\"async\" class=\"size-full wp-image-46904 aligncenter\" src=\"https:\/\/keluvo.com\/template\/wp-content\/uploads\/sites\/5\/2025\/12\/122122-ezgif.com-video-to-webp-converter.webp\" alt=\"\" width=\"500\" height=\"500\" \/><\/p>\n<h2 style=\"text-align: center;\" data-start=\"301\" data-end=\"320\">\u2b50 Huvudsakliga f\u00f6rdelar<\/h2>\n<p data-start=\"323\" data-end=\"398\">\ud83e\udde0 \u00d6kar den rumsliga fantasin &#8211; Uppmuntrar 3D-t\u00e4nkande och kreativitet.<\/p>\n<p data-start=\"401\" data-end=\"476\">\u270b Tr\u00e4nar finmotoriken &#8211; F\u00f6rb\u00e4ttrar koordinationen mellan hand och \u00f6ga och fokus.<\/p>\n<p data-start=\"479\" data-end=\"572\">\ud83c\udfd7\ufe0f Verklig bygginl\u00e4rning &#8211; Mortis- och tenonfogar l\u00e4r ut hur saker passar ihop.<\/p>\n<p data-start=\"575\" data-end=\"659\">\ud83d\udd0d Bygger logiskt t\u00e4nkande &#8211; Probleml\u00f6sning genom f\u00f6rs\u00f6k och experiment.<\/p>\n<p data-start=\"662\" data-end=\"738\">\ud83c\udf31 S\u00e4kert naturligt tr\u00e4 &#8211; sl\u00e4ta, giftfria och barnv\u00e4nliga material.<\/p>\n<p data-start=\"662\" data-end=\"738\"><img decoding=\"async\" class=\"size-full wp-image-46905 aligncenter\" src=\"https:\/\/keluvo.com\/template\/wp-content\/uploads\/sites\/5\/2025\/12\/122121-ezgif.com-video-to-webp-converter.webp\" alt=\"\" width=\"500\" height=\"500\" \/><\/p>\n<h2 style=\"text-align: center;\" data-start=\"745\" data-end=\"762\">\u25b6\ufe0f Anv\u00e4ndning<\/h2>\n<ol data-start=\"763\" data-end=\"1021\">\n<li data-start=\"763\" data-end=\"808\">\n<p data-start=\"766\" data-end=\"808\">\u00d6ppna l\u00e5dan och sortera tr\u00e4klossarna.<\/p>\n<\/li>\n<li data-start=\"809\" data-end=\"870\">\n<p data-start=\"812\" data-end=\"870\">F\u00f6lj bruksanvisningen eller skapa din egen design.<\/p>\n<\/li>\n<li data-start=\"871\" data-end=\"926\">\n<p data-start=\"874\" data-end=\"926\">S\u00e4tt ihop bitarna med hj\u00e4lp av tappar och t\u00e4nder.<\/p>\n<\/li>\n<li data-start=\"927\" data-end=\"977\">\n<p data-start=\"930\" data-end=\"977\">L\u00e4gg till dekorativa figurer f\u00f6r att slutf\u00f6ra bygget.<\/p>\n<\/li>\n<li data-start=\"978\" data-end=\"1021\">\n<p data-start=\"981\" data-end=\"1021\">Ta is\u00e4r och bygg om p\u00e5 nya s\u00e4tt.<\/p>\n<\/li>\n<\/ol>\n<h2 style=\"text-align: center;\" data-start=\"1028\" data-end=\"1050\">\ud83d\udccf Produktdetaljer<\/h2>\n<ul data-start=\"1051\" data-end=\"1249\">\n<li data-start=\"1094\" data-end=\"1131\">\n<p data-start=\"1096\" data-end=\"1131\">Material: H\u00f6gkvalitativt massivt tr\u00e4<\/p>\n<\/li>\n<li data-start=\"1132\" data-end=\"1154\">\n<p data-start=\"1134\" data-end=\"1154\">F\u00e4rg: Beige-brunt<\/p>\n<\/li>\n<li data-start=\"1155\" data-end=\"1188\">\n<p data-start=\"1157\" data-end=\"1188\">Fogtyp: Tapp och tapp<\/p>\n<\/li>\n<li data-start=\"1189\" data-end=\"1249\">\n<p data-start=\"1191\" data-end=\"1249\">Utbildningsfokus: Rumsligt t\u00e4nkande, logik, motorik<\/p>\n<\/li>\n<\/ul>\n<h2 style=\"text-align: center;\" data-start=\"1256\" data-end=\"1279\">\ud83d\udce6 F\u00f6rpackningen inneh\u00e5ller<\/h2>\n<ul data-start=\"1280\" data-end=\"1365\" data-is-last-node=\"\" data-is-only-node=\"\">\n<li data-start=\"1280\" data-end=\"1312\">\n<p data-start=\"1282\" data-end=\"1312\">107x byggklossar i tr\u00e4<\/p>\n<\/li>\n<li data-start=\"1313\" data-end=\"1340\">\n<p data-start=\"1315\" data-end=\"1340\">15x dekorativa figurer<\/p>\n<\/li>\n<li data-start=\"1341\" data-end=\"1365\" data-is-last-node=\"\">\n<p data-start=\"1343\" data-end=\"1365\" data-is-last-node=\"\">1x bruksanvisning.<\/p>\n<\/li>\n<\/ul>\n<\/div>\n<\/div>\n<\/div>\n<\/div>\n","protected":false},"excerpt":{"rendered":"<p>Dessa kreativa byggklossar g\u00f6r lekstunden till en praktisk inl\u00e4rningsupplevelse genom att l\u00e5ta barnen bygga riktiga 3D-strukturer av massiva tr\u00e4bitar. Genom att s\u00e4tta ihop, plocka is\u00e4r och bygga om hus och former utvecklar barnen naturligt rumsuppfattning, logiskt t\u00e4nkande och probleml\u00f6sningsf\u00f6rm\u00e5ga. Den taktila byggprocessen h\u00e5ller barnen fokuserade, engagerade och stolta \u00f6ver vad de skapar, vilket g\u00f6r att inl\u00e4rningen k\u00e4nns rolig ist\u00e4llet f\u00f6r p\u00e5tvingad.<\/p>\n","protected":false},"featured_media":15188,"comment_status":"open","ping_status":"closed","template":"","meta":{"site-sidebar-layout":"default","site-content-layout":"","ast-site-content-layout":"default","site-content-style":"default","site-sidebar-style":"default","ast-global-header-display":"","ast-banner-title-visibility":"","ast-main-header-display":"","ast-hfb-above-header-display":"","ast-hfb-below-header-display":"","ast-hfb-mobile-header-display":"","site-post-title":"","ast-breadcrumbs-content":"","ast-featured-img":"","footer-sml-layout":"","theme-transparent-header-meta":"default","adv-header-id-meta":"","stick-header-meta":"","header-above-stick-meta":"","header-main-stick-meta":"","header-below-stick-meta":"","astra-migrate-meta-layouts":"set","ast-page-background-enabled":"default","ast-page-background-meta":{"desktop":{"background-color":"var(--ast-global-color-5)","background-image":"","background-repeat":"repeat","background-position":"center center","background-size":"auto","background-attachment":"scroll","background-type":"","background-media":"","overlay-type":"","overlay-color":"","overlay-opacity":"","overlay-gradient":""},"tablet":{"background-color":"","background-image":"","background-repeat":"repeat","background-position":"center center","background-size":"auto","background-attachment":"scroll","background-type":"","background-media":"","overlay-type":"","overlay-color":"","overlay-opacity":"","overlay-gradient":""},"mobile":{"background-color":"","background-image":"","background-repeat":"repeat","background-position":"center center","background-size":"auto","background-attachment":"scroll","background-type":"","background-media":"","overlay-type":"","overlay-color":"","overlay-opacity":"","overlay-gradient":""}},"ast-content-background-meta":{"desktop":{"background-color":"var(--ast-global-color-4)","background-image":"","background-repeat":"repeat","background-position":"center center","background-size":"auto","background-attachment":"scroll","background-type":"","background-media":"","overlay-type":"","overlay-color":"","overlay-opacity":"","overlay-gradient":""},"tablet":{"background-color":"var(--ast-global-color-4)","background-image":"","background-repeat":"repeat","background-position":"center center","background-size":"auto","background-attachment":"scroll","background-type":"","background-media":"","overlay-type":"","overlay-color":"","overlay-opacity":"","overlay-gradient":""},"mobile":{"background-color":"var(--ast-global-color-4)","background-image":"","background-repeat":"repeat","background-position":"center center","background-size":"auto","background-attachment":"scroll","background-type":"","background-media":"","overlay-type":"","overlay-color":"","overlay-opacity":"","overlay-gradient":""}}},"product_brand":[],"product_cat":[15],"product_tag":[],"class_list":{"0":"post-15192","1":"product","2":"type-product","3":"status-publish","4":"has-post-thumbnail","6":"product_cat-uncategorized","7":"desktop-align-left","8":"tablet-align-left","9":"mobile-align-left","11":"first","12":"instock","13":"shipping-taxable","14":"purchasable","15":"product-type-simple"},"yoast_head":"<!-- This site is optimized with the Yoast SEO plugin v26.6 - https:\/\/yoast.com\/wordpress\/plugins\/seo\/ -->\n<title>Kreativa byggstenar - Mekulo SE<\/title>\n<meta name=\"robots\" content=\"index, follow, max-snippet:-1, max-image-preview:large, max-video-preview:-1\" \/>\n<link rel=\"canonical\" href=\"https:\/\/mekulo.com\/se\/produkt\/kreativa-byggstenar\/\" \/>\n<meta property=\"og:locale\" content=\"sv_SE\" \/>\n<meta property=\"og:type\" content=\"article\" \/>\n<meta property=\"og:title\" content=\"Kreativa byggstenar - Mekulo SE\" \/>\n<meta property=\"og:description\" content=\"Dessa kreativa byggklossar g\u00f6r lekstunden till en praktisk inl\u00e4rningsupplevelse genom att l\u00e5ta barnen bygga riktiga 3D-strukturer av massiva tr\u00e4bitar. Genom att s\u00e4tta ihop, plocka is\u00e4r och bygga om hus och former utvecklar barnen naturligt rumsuppfattning, logiskt t\u00e4nkande och probleml\u00f6sningsf\u00f6rm\u00e5ga. Den taktila byggprocessen h\u00e5ller barnen fokuserade, engagerade och stolta \u00f6ver vad de skapar, vilket g\u00f6r att inl\u00e4rningen k\u00e4nns rolig ist\u00e4llet f\u00f6r p\u00e5tvingad.\" \/>\n<meta property=\"og:url\" content=\"https:\/\/mekulo.com\/se\/produkt\/kreativa-byggstenar\/\" \/>\n<meta property=\"og:site_name\" content=\"Mekulo SE\" \/>\n<meta property=\"article:modified_time\" content=\"2026-01-08T17:31:22+00:00\" \/>\n<meta property=\"og:image\" content=\"https:\/\/mekulo.com\/se\/wp-content\/uploads\/sites\/11\/2026\/01\/kfcvmfc-1.webp\" \/>\n\t<meta property=\"og:image:width\" content=\"713\" \/>\n\t<meta property=\"og:image:height\" content=\"713\" \/>\n\t<meta property=\"og:image:type\" content=\"image\/webp\" \/>\n<meta name=\"twitter:card\" content=\"summary_large_image\" \/>\n<meta name=\"twitter:label1\" content=\"Ber\u00e4knad l\u00e4stid\" \/>\n\t<meta name=\"twitter:data1\" content=\"2 minuter\" \/>\n<script type=\"application\/ld+json\" class=\"yoast-schema-graph\">{\"@context\":\"https:\/\/schema.org\",\"@graph\":[{\"@type\":\"WebPage\",\"@id\":\"https:\/\/mekulo.com\/se\/produkt\/kreativa-byggstenar\/\",\"url\":\"https:\/\/mekulo.com\/se\/produkt\/kreativa-byggstenar\/\",\"name\":\"Kreativa byggstenar - Mekulo SE\",\"isPartOf\":{\"@id\":\"https:\/\/mekulo.com\/se\/#website\"},\"primaryImageOfPage\":{\"@id\":\"https:\/\/mekulo.com\/se\/produkt\/kreativa-byggstenar\/#primaryimage\"},\"image\":{\"@id\":\"https:\/\/mekulo.com\/se\/produkt\/kreativa-byggstenar\/#primaryimage\"},\"thumbnailUrl\":\"https:\/\/mekulo.com\/se\/wp-content\/uploads\/sites\/11\/2026\/01\/kfcvmfc-1.webp\",\"datePublished\":\"2026-01-08T15:01:03+00:00\",\"dateModified\":\"2026-01-08T17:31:22+00:00\",\"breadcrumb\":{\"@id\":\"https:\/\/mekulo.com\/se\/produkt\/kreativa-byggstenar\/#breadcrumb\"},\"inLanguage\":\"sv-SE\",\"potentialAction\":[{\"@type\":\"ReadAction\",\"target\":[\"https:\/\/mekulo.com\/se\/produkt\/kreativa-byggstenar\/\"]}]},{\"@type\":\"ImageObject\",\"inLanguage\":\"sv-SE\",\"@id\":\"https:\/\/mekulo.com\/se\/produkt\/kreativa-byggstenar\/#primaryimage\",\"url\":\"https:\/\/mekulo.com\/se\/wp-content\/uploads\/sites\/11\/2026\/01\/kfcvmfc-1.webp\",\"contentUrl\":\"https:\/\/mekulo.com\/se\/wp-content\/uploads\/sites\/11\/2026\/01\/kfcvmfc-1.webp\",\"width\":713,\"height\":713},{\"@type\":\"BreadcrumbList\",\"@id\":\"https:\/\/mekulo.com\/se\/produkt\/kreativa-byggstenar\/#breadcrumb\",\"itemListElement\":[{\"@type\":\"ListItem\",\"position\":1,\"name\":\"Home\",\"item\":\"https:\/\/mekulo.com\/se\/\"},{\"@type\":\"ListItem\",\"position\":2,\"name\":\"Butik\",\"item\":\"https:\/\/mekulo.com\/se\/butik\/\"},{\"@type\":\"ListItem\",\"position\":3,\"name\":\"Kreativa byggstenar\"}]},{\"@type\":\"WebSite\",\"@id\":\"https:\/\/mekulo.com\/se\/#website\",\"url\":\"https:\/\/mekulo.com\/se\/\",\"name\":\"Mekulo SE\",\"description\":\"\",\"publisher\":{\"@id\":\"https:\/\/mekulo.com\/se\/#organization\"},\"potentialAction\":[{\"@type\":\"SearchAction\",\"target\":{\"@type\":\"EntryPoint\",\"urlTemplate\":\"https:\/\/mekulo.com\/se\/?s={search_term_string}\"},\"query-input\":{\"@type\":\"PropertyValueSpecification\",\"valueRequired\":true,\"valueName\":\"search_term_string\"}}],\"inLanguage\":\"sv-SE\"},{\"@type\":\"Organization\",\"@id\":\"https:\/\/mekulo.com\/se\/#organization\",\"name\":\"Mekulo\",\"url\":\"https:\/\/mekulo.com\/se\/\",\"logo\":{\"@type\":\"ImageObject\",\"inLanguage\":\"sv-SE\",\"@id\":\"https:\/\/mekulo.com\/se\/#\/schema\/logo\/image\/\",\"url\":\"https:\/\/mekulo.com\/se\/wp-content\/uploads\/sites\/11\/2025\/12\/favicon_mekulo.png\",\"contentUrl\":\"https:\/\/mekulo.com\/se\/wp-content\/uploads\/sites\/11\/2025\/12\/favicon_mekulo.png\",\"width\":50,\"height\":50,\"caption\":\"Mekulo\"},\"image\":{\"@id\":\"https:\/\/mekulo.com\/se\/#\/schema\/logo\/image\/\"}}]}<\/script>\n<!-- \/ Yoast SEO plugin. -->","yoast_head_json":{"title":"Kreativa byggstenar - Mekulo SE","robots":{"index":"index","follow":"follow","max-snippet":"max-snippet:-1","max-image-preview":"max-image-preview:large","max-video-preview":"max-video-preview:-1"},"canonical":"https:\/\/mekulo.com\/se\/produkt\/kreativa-byggstenar\/","og_locale":"sv_SE","og_type":"article","og_title":"Kreativa byggstenar - Mekulo SE","og_description":"Dessa kreativa byggklossar g\u00f6r lekstunden till en praktisk inl\u00e4rningsupplevelse genom att l\u00e5ta barnen bygga riktiga 3D-strukturer av massiva tr\u00e4bitar. Genom att s\u00e4tta ihop, plocka is\u00e4r och bygga om hus och former utvecklar barnen naturligt rumsuppfattning, logiskt t\u00e4nkande och probleml\u00f6sningsf\u00f6rm\u00e5ga. Den taktila byggprocessen h\u00e5ller barnen fokuserade, engagerade och stolta \u00f6ver vad de skapar, vilket g\u00f6r att inl\u00e4rningen k\u00e4nns rolig ist\u00e4llet f\u00f6r p\u00e5tvingad.","og_url":"https:\/\/mekulo.com\/se\/produkt\/kreativa-byggstenar\/","og_site_name":"Mekulo SE","article_modified_time":"2026-01-08T17:31:22+00:00","og_image":[{"width":713,"height":713,"url":"https:\/\/mekulo.com\/se\/wp-content\/uploads\/sites\/11\/2026\/01\/kfcvmfc-1.webp","type":"image\/webp"}],"twitter_card":"summary_large_image","twitter_misc":{"Ber\u00e4knad l\u00e4stid":"2 minuter"},"schema":{"@context":"https:\/\/schema.org","@graph":[{"@type":"WebPage","@id":"https:\/\/mekulo.com\/se\/produkt\/kreativa-byggstenar\/","url":"https:\/\/mekulo.com\/se\/produkt\/kreativa-byggstenar\/","name":"Kreativa byggstenar - Mekulo SE","isPartOf":{"@id":"https:\/\/mekulo.com\/se\/#website"},"primaryImageOfPage":{"@id":"https:\/\/mekulo.com\/se\/produkt\/kreativa-byggstenar\/#primaryimage"},"image":{"@id":"https:\/\/mekulo.com\/se\/produkt\/kreativa-byggstenar\/#primaryimage"},"thumbnailUrl":"https:\/\/mekulo.com\/se\/wp-content\/uploads\/sites\/11\/2026\/01\/kfcvmfc-1.webp","datePublished":"2026-01-08T15:01:03+00:00","dateModified":"2026-01-08T17:31:22+00:00","breadcrumb":{"@id":"https:\/\/mekulo.com\/se\/produkt\/kreativa-byggstenar\/#breadcrumb"},"inLanguage":"sv-SE","potentialAction":[{"@type":"ReadAction","target":["https:\/\/mekulo.com\/se\/produkt\/kreativa-byggstenar\/"]}]},{"@type":"ImageObject","inLanguage":"sv-SE","@id":"https:\/\/mekulo.com\/se\/produkt\/kreativa-byggstenar\/#primaryimage","url":"https:\/\/mekulo.com\/se\/wp-content\/uploads\/sites\/11\/2026\/01\/kfcvmfc-1.webp","contentUrl":"https:\/\/mekulo.com\/se\/wp-content\/uploads\/sites\/11\/2026\/01\/kfcvmfc-1.webp","width":713,"height":713},{"@type":"BreadcrumbList","@id":"https:\/\/mekulo.com\/se\/produkt\/kreativa-byggstenar\/#breadcrumb","itemListElement":[{"@type":"ListItem","position":1,"name":"Home","item":"https:\/\/mekulo.com\/se\/"},{"@type":"ListItem","position":2,"name":"Butik","item":"https:\/\/mekulo.com\/se\/butik\/"},{"@type":"ListItem","position":3,"name":"Kreativa byggstenar"}]},{"@type":"WebSite","@id":"https:\/\/mekulo.com\/se\/#website","url":"https:\/\/mekulo.com\/se\/","name":"Mekulo SE","description":"","publisher":{"@id":"https:\/\/mekulo.com\/se\/#organization"},"potentialAction":[{"@type":"SearchAction","target":{"@type":"EntryPoint","urlTemplate":"https:\/\/mekulo.com\/se\/?s={search_term_string}"},"query-input":{"@type":"PropertyValueSpecification","valueRequired":true,"valueName":"search_term_string"}}],"inLanguage":"sv-SE"},{"@type":"Organization","@id":"https:\/\/mekulo.com\/se\/#organization","name":"Mekulo","url":"https:\/\/mekulo.com\/se\/","logo":{"@type":"ImageObject","inLanguage":"sv-SE","@id":"https:\/\/mekulo.com\/se\/#\/schema\/logo\/image\/","url":"https:\/\/mekulo.com\/se\/wp-content\/uploads\/sites\/11\/2025\/12\/favicon_mekulo.png","contentUrl":"https:\/\/mekulo.com\/se\/wp-content\/uploads\/sites\/11\/2025\/12\/favicon_mekulo.png","width":50,"height":50,"caption":"Mekulo"},"image":{"@id":"https:\/\/mekulo.com\/se\/#\/schema\/logo\/image\/"}}]}},"_links":{"self":[{"href":"https:\/\/mekulo.com\/se\/wp-json\/wp\/v2\/product\/15192","targetHints":{"allow":["GET"]}}],"collection":[{"href":"https:\/\/mekulo.com\/se\/wp-json\/wp\/v2\/product"}],"about":[{"href":"https:\/\/mekulo.com\/se\/wp-json\/wp\/v2\/types\/product"}],"replies":[{"embeddable":true,"href":"https:\/\/mekulo.com\/se\/wp-json\/wp\/v2\/comments?post=15192"}],"wp:featuredmedia":[{"embeddable":true,"href":"https:\/\/mekulo.com\/se\/wp-json\/wp\/v2\/media\/15188"}],"wp:attachment":[{"href":"https:\/\/mekulo.com\/se\/wp-json\/wp\/v2\/media?parent=15192"}],"wp:term":[{"taxonomy":"product_brand","embeddable":true,"href":"https:\/\/mekulo.com\/se\/wp-json\/wp\/v2\/product_brand?post=15192"},{"taxonomy":"product_cat","embeddable":true,"href":"https:\/\/mekulo.com\/se\/wp-json\/wp\/v2\/product_cat?post=15192"},{"taxonomy":"product_tag","embeddable":true,"href":"https:\/\/mekulo.com\/se\/wp-json\/wp\/v2\/product_tag?post=15192"}],"curies":[{"name":"wp","href":"https:\/\/api.w.org\/{rel}","templated":true}]}}