{"id":15183,"date":"2026-01-08T16:59:07","date_gmt":"2026-01-08T14:59:07","guid":{"rendered":"https:\/\/mekulo.com\/se\/produkt\/barbar-minitork\/"},"modified":"2026-01-22T17:49:40","modified_gmt":"2026-01-22T15:49:40","slug":"barbar-minitork","status":"publish","type":"product","link":"https:\/\/mekulo.com\/se\/produkt\/barbar-minitork\/","title":{"rendered":"B\u00e4rbar minitork"},"content":{"rendered":"<div class=\"flex max-w-full flex-col grow\">\n<div class=\"min-h-8 text-message relative flex w-full flex-col items-end gap-2 text-start break-words whitespace-normal [.text-message+&amp;]:mt-1\" dir=\"auto\" data-message-author-role=\"assistant\" data-message-id=\"7653627f-5402-4558-83d9-73134c0caccd\" data-message-model-slug=\"gpt-5-2\">\n<div class=\"flex w-full flex-col gap-1 empty:hidden first:pt-[1px]\">\n<div class=\"markdown prose dark:prose-invert w-full break-words light markdown-new-styling\">\n<p style=\"text-align: center;\" data-start=\"0\" data-end=\"61\"><strong data-start=\"0\" data-end=\"61\">Torka Dina Kl\u00e4der Snabbt Var Som Helst Utan Skrymmande Maskiner. \ud83e\uddf3<\/strong><\/p>\n<p data-start=\"63\" data-end=\"273\"><img fetchpriority=\"high\" decoding=\"async\" class=\"size-full wp-image-46898 aligncenter\" src=\"https:\/\/keluvo.com\/template\/wp-content\/uploads\/sites\/5\/2025\/12\/122119-ezgif.com-video-to-webp-converter.webp\" alt=\"\" width=\"500\" height=\"500\" \/><\/p>\n<h2 style=\"text-align: center;\" data-start=\"280\" data-end=\"299\">\u2b50 Huvudsakliga f\u00f6rdelar<\/h2>\n<p data-start=\"302\" data-end=\"383\">\ud83e\uddf3 Vikbar &amp; b\u00e4rbar &#8211; L\u00e4tt att f\u00f6rvara, perfekt f\u00f6r resor och sm\u00e5 utrymmen.<\/p>\n<p data-start=\"386\" data-end=\"448\">\ud83d\udd04 360\u00b0 varmluftstorkning &#8211; J\u00e4mnt luftfl\u00f6de utan fuktiga fl\u00e4ckar.<\/p>\n<p data-start=\"451\" data-end=\"514\">\ud83e\udda0 Sanerande v\u00e4rme &#8211; Hj\u00e4lper till att minska bakterier och dammkvalster.<\/p>\n<p data-start=\"517\" data-end=\"585\">\ud83c\udf2c\ufe0f Luktborttagning &#8211; Negativ jonteknik h\u00e5ller kl\u00e4derna fr\u00e4scha.<\/p>\n<p data-start=\"588\" data-end=\"651\">\ud83d\udd07 Tyst drift &#8211; Perfekt f\u00f6r nattanv\u00e4ndning eller delade utrymmen.<\/p>\n<p data-start=\"654\" data-end=\"708\">\ud83d\udc55 Stor kapacitet &#8211; Rymmer upp till 10 kg kl\u00e4der.<\/p>\n<p data-start=\"654\" data-end=\"708\"><img decoding=\"async\" class=\"size-full wp-image-46897 aligncenter\" src=\"https:\/\/keluvo.com\/template\/wp-content\/uploads\/sites\/5\/2025\/12\/122120-ezgif.com-video-to-webp-converter.webp\" alt=\"\" width=\"500\" height=\"500\" \/><\/p>\n<h2 style=\"text-align: center;\" data-start=\"715\" data-end=\"732\">\u25b6\ufe0f Hur Man Anv\u00e4nder<\/h2>\n<ol data-start=\"733\" data-end=\"946\">\n<li data-start=\"733\" data-end=\"786\">\n<p data-start=\"736\" data-end=\"786\">\u00d6ppna torktumlaren och placera den p\u00e5 en stabil yta.<\/p>\n<\/li>\n<li data-start=\"787\" data-end=\"835\">\n<p data-start=\"790\" data-end=\"835\">H\u00e4ng kl\u00e4derna j\u00e4mnt i torkomr\u00e5det.<\/p>\n<\/li>\n<li data-start=\"836\" data-end=\"865\">\n<p data-start=\"839\" data-end=\"865\">Anslut str\u00f6mkabeln.<\/p>\n<\/li>\n<li data-start=\"866\" data-end=\"894\">\n<p data-start=\"869\" data-end=\"894\">V\u00e4lj en timerinst\u00e4llning.<\/p>\n<\/li>\n<li data-start=\"895\" data-end=\"946\">\n<p data-start=\"898\" data-end=\"946\">L\u00e5t torktumlaren g\u00e5 tills kl\u00e4derna \u00e4r helt torra.<\/p>\n<\/li>\n<\/ol>\n<h2 style=\"text-align: center;\" data-start=\"953\" data-end=\"975\">\ud83d\udccf Produktdetaljer<\/h2>\n<ul data-start=\"976\" data-end=\"1220\">\n<li data-start=\"1014\" data-end=\"1030\">\n<p data-start=\"1016\" data-end=\"1030\">F\u00e4rg: Vit<\/p>\n<\/li>\n<li data-start=\"1031\" data-end=\"1046\">\n<p data-start=\"1033\" data-end=\"1046\">Effekt: 600W<\/p>\n<\/li>\n<li data-start=\"1047\" data-end=\"1079\">\n<p data-start=\"1049\" data-end=\"1079\">Voltagealternativ: 110V \/ 220V<\/p>\n<\/li>\n<li data-start=\"1080\" data-end=\"1111\">\n<p data-start=\"1082\" data-end=\"1111\">Uppv\u00e4rmningsmetod: PTC varmluft<\/p>\n<\/li>\n<li data-start=\"1112\" data-end=\"1136\">\n<p data-start=\"1114\" data-end=\"1136\">Kapacitet: Upp till 10 kg<\/p>\n<\/li>\n<li data-start=\"1137\" data-end=\"1154\">\n<p data-start=\"1139\" data-end=\"1154\">Vikt: 1,5 kg<\/p>\n<\/li>\n<li data-start=\"1155\" data-end=\"1191\">\n<p data-start=\"1157\" data-end=\"1191\">F\u00e4stematerial: Aluminiumlegering<\/p>\n<\/li>\n<li data-start=\"1192\" data-end=\"1220\">\n<p data-start=\"1194\" data-end=\"1220\">Pluggtyp: EU-kontakt<\/p>\n<\/li>\n<li data-start=\"1192\" data-end=\"1220\">Storlek: 94,5 x 54 x 25 cm<\/li>\n<\/ul>\n<h2 style=\"text-align: center;\" data-start=\"1227\" data-end=\"1250\">\ud83d\udce6 Paketet inneh\u00e5ller<\/h2>\n<ul data-start=\"1251\" data-end=\"1276\" data-is-last-node=\"\" data-is-only-node=\"\">\n<li data-start=\"1251\" data-end=\"1276\" data-is-last-node=\"\">\n<p data-start=\"1253\" data-end=\"1276\" data-is-last-node=\"\">1x b\u00e4rbar minitork.<\/p>\n<\/li>\n<\/ul>\n<\/div>\n<\/div>\n<\/div>\n<\/div>\n","protected":false},"excerpt":{"rendered":"<p>Denna b\u00e4rbara minitork \u00e4r en kompakt, hopf\u00e4llbar l\u00f6sning f\u00f6r snabb och j\u00e4mn torkning hemma eller p\u00e5 resande fot. Den anv\u00e4nder 360\u00b0 varmluftscirkulation f\u00f6r att torka kl\u00e4derna effektivt och samtidigt h\u00e5lla dem fr\u00e4scha, rena och luktfria.<\/p>\n","protected":false},"featured_media":15179,"comment_status":"open","ping_status":"closed","template":"","meta":{"site-sidebar-layout":"default","site-content-layout":"","ast-site-content-layout":"default","site-content-style":"default","site-sidebar-style":"default","ast-global-header-display":"","ast-banner-title-visibility":"","ast-main-header-display":"","ast-hfb-above-header-display":"","ast-hfb-below-header-display":"","ast-hfb-mobile-header-display":"","site-post-title":"","ast-breadcrumbs-content":"","ast-featured-img":"","footer-sml-layout":"","theme-transparent-header-meta":"default","adv-header-id-meta":"","stick-header-meta":"","header-above-stick-meta":"","header-main-stick-meta":"","header-below-stick-meta":"","astra-migrate-meta-layouts":"set","ast-page-background-enabled":"default","ast-page-background-meta":{"desktop":{"background-color":"var(--ast-global-color-5)","background-image":"","background-repeat":"repeat","background-position":"center center","background-size":"auto","background-attachment":"scroll","background-type":"","background-media":"","overlay-type":"","overlay-color":"","overlay-opacity":"","overlay-gradient":""},"tablet":{"background-color":"","background-image":"","background-repeat":"repeat","background-position":"center center","background-size":"auto","background-attachment":"scroll","background-type":"","background-media":"","overlay-type":"","overlay-color":"","overlay-opacity":"","overlay-gradient":""},"mobile":{"background-color":"","background-image":"","background-repeat":"repeat","background-position":"center center","background-size":"auto","background-attachment":"scroll","background-type":"","background-media":"","overlay-type":"","overlay-color":"","overlay-opacity":"","overlay-gradient":""}},"ast-content-background-meta":{"desktop":{"background-color":"var(--ast-global-color-4)","background-image":"","background-repeat":"repeat","background-position":"center center","background-size":"auto","background-attachment":"scroll","background-type":"","background-media":"","overlay-type":"","overlay-color":"","overlay-opacity":"","overlay-gradient":""},"tablet":{"background-color":"var(--ast-global-color-4)","background-image":"","background-repeat":"repeat","background-position":"center center","background-size":"auto","background-attachment":"scroll","background-type":"","background-media":"","overlay-type":"","overlay-color":"","overlay-opacity":"","overlay-gradient":""},"mobile":{"background-color":"var(--ast-global-color-4)","background-image":"","background-repeat":"repeat","background-position":"center center","background-size":"auto","background-attachment":"scroll","background-type":"","background-media":"","overlay-type":"","overlay-color":"","overlay-opacity":"","overlay-gradient":""}}},"product_brand":[],"product_cat":[15],"product_tag":[],"class_list":{"0":"post-15183","1":"product","2":"type-product","3":"status-publish","4":"has-post-thumbnail","6":"product_cat-uncategorized","7":"desktop-align-left","8":"tablet-align-left","9":"mobile-align-left","11":"first","12":"instock","13":"shipping-taxable","14":"purchasable","15":"product-type-simple"},"yoast_head":"<!-- This site is optimized with the Yoast SEO plugin v26.6 - https:\/\/yoast.com\/wordpress\/plugins\/seo\/ -->\n<title>B\u00e4rbar minitork - Mekulo SE<\/title>\n<meta name=\"robots\" content=\"index, follow, max-snippet:-1, max-image-preview:large, max-video-preview:-1\" \/>\n<link rel=\"canonical\" href=\"https:\/\/mekulo.com\/se\/produkt\/barbar-minitork\/\" \/>\n<meta property=\"og:locale\" content=\"sv_SE\" \/>\n<meta property=\"og:type\" content=\"article\" \/>\n<meta property=\"og:title\" content=\"B\u00e4rbar minitork - Mekulo SE\" \/>\n<meta property=\"og:description\" content=\"Denna b\u00e4rbara minitork \u00e4r en kompakt, hopf\u00e4llbar l\u00f6sning f\u00f6r snabb och j\u00e4mn torkning hemma eller p\u00e5 resande fot. Den anv\u00e4nder 360\u00b0 varmluftscirkulation f\u00f6r att torka kl\u00e4derna effektivt och samtidigt h\u00e5lla dem fr\u00e4scha, rena och luktfria.\" \/>\n<meta property=\"og:url\" content=\"https:\/\/mekulo.com\/se\/produkt\/barbar-minitork\/\" \/>\n<meta property=\"og:site_name\" content=\"Mekulo SE\" \/>\n<meta property=\"article:modified_time\" content=\"2026-01-22T15:49:40+00:00\" \/>\n<meta property=\"og:image\" content=\"https:\/\/mekulo.com\/se\/wp-content\/uploads\/sites\/11\/2026\/01\/2phof68-1.jpg\" \/>\n\t<meta property=\"og:image:width\" content=\"1080\" \/>\n\t<meta property=\"og:image:height\" content=\"1080\" \/>\n\t<meta property=\"og:image:type\" content=\"image\/jpeg\" \/>\n<meta name=\"twitter:card\" content=\"summary_large_image\" \/>\n<meta name=\"twitter:label1\" content=\"Ber\u00e4knad l\u00e4stid\" \/>\n\t<meta name=\"twitter:data1\" content=\"2 minuter\" \/>\n<script type=\"application\/ld+json\" class=\"yoast-schema-graph\">{\"@context\":\"https:\/\/schema.org\",\"@graph\":[{\"@type\":\"WebPage\",\"@id\":\"https:\/\/mekulo.com\/se\/produkt\/barbar-minitork\/\",\"url\":\"https:\/\/mekulo.com\/se\/produkt\/barbar-minitork\/\",\"name\":\"B\u00e4rbar minitork - Mekulo SE\",\"isPartOf\":{\"@id\":\"https:\/\/mekulo.com\/se\/#website\"},\"primaryImageOfPage\":{\"@id\":\"https:\/\/mekulo.com\/se\/produkt\/barbar-minitork\/#primaryimage\"},\"image\":{\"@id\":\"https:\/\/mekulo.com\/se\/produkt\/barbar-minitork\/#primaryimage\"},\"thumbnailUrl\":\"https:\/\/mekulo.com\/se\/wp-content\/uploads\/sites\/11\/2026\/01\/2phof68-1.jpg\",\"datePublished\":\"2026-01-08T14:59:07+00:00\",\"dateModified\":\"2026-01-22T15:49:40+00:00\",\"breadcrumb\":{\"@id\":\"https:\/\/mekulo.com\/se\/produkt\/barbar-minitork\/#breadcrumb\"},\"inLanguage\":\"sv-SE\",\"potentialAction\":[{\"@type\":\"ReadAction\",\"target\":[\"https:\/\/mekulo.com\/se\/produkt\/barbar-minitork\/\"]}]},{\"@type\":\"ImageObject\",\"inLanguage\":\"sv-SE\",\"@id\":\"https:\/\/mekulo.com\/se\/produkt\/barbar-minitork\/#primaryimage\",\"url\":\"https:\/\/mekulo.com\/se\/wp-content\/uploads\/sites\/11\/2026\/01\/2phof68-1.jpg\",\"contentUrl\":\"https:\/\/mekulo.com\/se\/wp-content\/uploads\/sites\/11\/2026\/01\/2phof68-1.jpg\",\"width\":1080,\"height\":1080},{\"@type\":\"BreadcrumbList\",\"@id\":\"https:\/\/mekulo.com\/se\/produkt\/barbar-minitork\/#breadcrumb\",\"itemListElement\":[{\"@type\":\"ListItem\",\"position\":1,\"name\":\"Home\",\"item\":\"https:\/\/mekulo.com\/se\/\"},{\"@type\":\"ListItem\",\"position\":2,\"name\":\"Butik\",\"item\":\"https:\/\/mekulo.com\/se\/butik\/\"},{\"@type\":\"ListItem\",\"position\":3,\"name\":\"B\u00e4rbar minitork\"}]},{\"@type\":\"WebSite\",\"@id\":\"https:\/\/mekulo.com\/se\/#website\",\"url\":\"https:\/\/mekulo.com\/se\/\",\"name\":\"Mekulo SE\",\"description\":\"\",\"publisher\":{\"@id\":\"https:\/\/mekulo.com\/se\/#organization\"},\"potentialAction\":[{\"@type\":\"SearchAction\",\"target\":{\"@type\":\"EntryPoint\",\"urlTemplate\":\"https:\/\/mekulo.com\/se\/?s={search_term_string}\"},\"query-input\":{\"@type\":\"PropertyValueSpecification\",\"valueRequired\":true,\"valueName\":\"search_term_string\"}}],\"inLanguage\":\"sv-SE\"},{\"@type\":\"Organization\",\"@id\":\"https:\/\/mekulo.com\/se\/#organization\",\"name\":\"Mekulo\",\"url\":\"https:\/\/mekulo.com\/se\/\",\"logo\":{\"@type\":\"ImageObject\",\"inLanguage\":\"sv-SE\",\"@id\":\"https:\/\/mekulo.com\/se\/#\/schema\/logo\/image\/\",\"url\":\"https:\/\/mekulo.com\/se\/wp-content\/uploads\/sites\/11\/2025\/12\/favicon_mekulo.png\",\"contentUrl\":\"https:\/\/mekulo.com\/se\/wp-content\/uploads\/sites\/11\/2025\/12\/favicon_mekulo.png\",\"width\":50,\"height\":50,\"caption\":\"Mekulo\"},\"image\":{\"@id\":\"https:\/\/mekulo.com\/se\/#\/schema\/logo\/image\/\"}}]}<\/script>\n<!-- \/ Yoast SEO plugin. -->","yoast_head_json":{"title":"B\u00e4rbar minitork - Mekulo SE","robots":{"index":"index","follow":"follow","max-snippet":"max-snippet:-1","max-image-preview":"max-image-preview:large","max-video-preview":"max-video-preview:-1"},"canonical":"https:\/\/mekulo.com\/se\/produkt\/barbar-minitork\/","og_locale":"sv_SE","og_type":"article","og_title":"B\u00e4rbar minitork - Mekulo SE","og_description":"Denna b\u00e4rbara minitork \u00e4r en kompakt, hopf\u00e4llbar l\u00f6sning f\u00f6r snabb och j\u00e4mn torkning hemma eller p\u00e5 resande fot. Den anv\u00e4nder 360\u00b0 varmluftscirkulation f\u00f6r att torka kl\u00e4derna effektivt och samtidigt h\u00e5lla dem fr\u00e4scha, rena och luktfria.","og_url":"https:\/\/mekulo.com\/se\/produkt\/barbar-minitork\/","og_site_name":"Mekulo SE","article_modified_time":"2026-01-22T15:49:40+00:00","og_image":[{"width":1080,"height":1080,"url":"https:\/\/mekulo.com\/se\/wp-content\/uploads\/sites\/11\/2026\/01\/2phof68-1.jpg","type":"image\/jpeg"}],"twitter_card":"summary_large_image","twitter_misc":{"Ber\u00e4knad l\u00e4stid":"2 minuter"},"schema":{"@context":"https:\/\/schema.org","@graph":[{"@type":"WebPage","@id":"https:\/\/mekulo.com\/se\/produkt\/barbar-minitork\/","url":"https:\/\/mekulo.com\/se\/produkt\/barbar-minitork\/","name":"B\u00e4rbar minitork - Mekulo SE","isPartOf":{"@id":"https:\/\/mekulo.com\/se\/#website"},"primaryImageOfPage":{"@id":"https:\/\/mekulo.com\/se\/produkt\/barbar-minitork\/#primaryimage"},"image":{"@id":"https:\/\/mekulo.com\/se\/produkt\/barbar-minitork\/#primaryimage"},"thumbnailUrl":"https:\/\/mekulo.com\/se\/wp-content\/uploads\/sites\/11\/2026\/01\/2phof68-1.jpg","datePublished":"2026-01-08T14:59:07+00:00","dateModified":"2026-01-22T15:49:40+00:00","breadcrumb":{"@id":"https:\/\/mekulo.com\/se\/produkt\/barbar-minitork\/#breadcrumb"},"inLanguage":"sv-SE","potentialAction":[{"@type":"ReadAction","target":["https:\/\/mekulo.com\/se\/produkt\/barbar-minitork\/"]}]},{"@type":"ImageObject","inLanguage":"sv-SE","@id":"https:\/\/mekulo.com\/se\/produkt\/barbar-minitork\/#primaryimage","url":"https:\/\/mekulo.com\/se\/wp-content\/uploads\/sites\/11\/2026\/01\/2phof68-1.jpg","contentUrl":"https:\/\/mekulo.com\/se\/wp-content\/uploads\/sites\/11\/2026\/01\/2phof68-1.jpg","width":1080,"height":1080},{"@type":"BreadcrumbList","@id":"https:\/\/mekulo.com\/se\/produkt\/barbar-minitork\/#breadcrumb","itemListElement":[{"@type":"ListItem","position":1,"name":"Home","item":"https:\/\/mekulo.com\/se\/"},{"@type":"ListItem","position":2,"name":"Butik","item":"https:\/\/mekulo.com\/se\/butik\/"},{"@type":"ListItem","position":3,"name":"B\u00e4rbar minitork"}]},{"@type":"WebSite","@id":"https:\/\/mekulo.com\/se\/#website","url":"https:\/\/mekulo.com\/se\/","name":"Mekulo SE","description":"","publisher":{"@id":"https:\/\/mekulo.com\/se\/#organization"},"potentialAction":[{"@type":"SearchAction","target":{"@type":"EntryPoint","urlTemplate":"https:\/\/mekulo.com\/se\/?s={search_term_string}"},"query-input":{"@type":"PropertyValueSpecification","valueRequired":true,"valueName":"search_term_string"}}],"inLanguage":"sv-SE"},{"@type":"Organization","@id":"https:\/\/mekulo.com\/se\/#organization","name":"Mekulo","url":"https:\/\/mekulo.com\/se\/","logo":{"@type":"ImageObject","inLanguage":"sv-SE","@id":"https:\/\/mekulo.com\/se\/#\/schema\/logo\/image\/","url":"https:\/\/mekulo.com\/se\/wp-content\/uploads\/sites\/11\/2025\/12\/favicon_mekulo.png","contentUrl":"https:\/\/mekulo.com\/se\/wp-content\/uploads\/sites\/11\/2025\/12\/favicon_mekulo.png","width":50,"height":50,"caption":"Mekulo"},"image":{"@id":"https:\/\/mekulo.com\/se\/#\/schema\/logo\/image\/"}}]}},"_links":{"self":[{"href":"https:\/\/mekulo.com\/se\/wp-json\/wp\/v2\/product\/15183","targetHints":{"allow":["GET"]}}],"collection":[{"href":"https:\/\/mekulo.com\/se\/wp-json\/wp\/v2\/product"}],"about":[{"href":"https:\/\/mekulo.com\/se\/wp-json\/wp\/v2\/types\/product"}],"replies":[{"embeddable":true,"href":"https:\/\/mekulo.com\/se\/wp-json\/wp\/v2\/comments?post=15183"}],"wp:featuredmedia":[{"embeddable":true,"href":"https:\/\/mekulo.com\/se\/wp-json\/wp\/v2\/media\/15179"}],"wp:attachment":[{"href":"https:\/\/mekulo.com\/se\/wp-json\/wp\/v2\/media?parent=15183"}],"wp:term":[{"taxonomy":"product_brand","embeddable":true,"href":"https:\/\/mekulo.com\/se\/wp-json\/wp\/v2\/product_brand?post=15183"},{"taxonomy":"product_cat","embeddable":true,"href":"https:\/\/mekulo.com\/se\/wp-json\/wp\/v2\/product_cat?post=15183"},{"taxonomy":"product_tag","embeddable":true,"href":"https:\/\/mekulo.com\/se\/wp-json\/wp\/v2\/product_tag?post=15183"}],"curies":[{"name":"wp","href":"https:\/\/api.w.org\/{rel}","templated":true}]}}