{"id":15109,"date":"2026-01-07T16:25:34","date_gmt":"2026-01-07T14:25:34","guid":{"rendered":"https:\/\/mekulo.com\/se\/produkt\/champagne-och-vinpropp-3-st\/"},"modified":"2026-03-30T11:04:58","modified_gmt":"2026-03-30T08:04:58","slug":"champagne-och-vinpropp-3-st","status":"publish","type":"product","link":"https:\/\/mekulo.com\/se\/produkt\/champagne-och-vinpropp-3-st\/","title":{"rendered":"Champagne- och vinpropp (3 st)"},"content":{"rendered":"<p style=\"text-align: center\" data-start=\"0\" data-end=\"70\"><strong data-start=\"0\" data-end=\"70\">H\u00e5ll Din Champagne Och Ditt Vin Fr\u00e4scht I Flera Dagar Med En Enkel Vridning. \ud83c\udf7e<\/strong><\/p>\n<p style=\"text-align: center\" data-start=\"72\" data-end=\"318\">De h\u00e4r champagne- och vinpropparna skapar en luftt\u00e4t f\u00f6rsegling som bevarar bubblor, smak och fr\u00e4sch\u00f6r l\u00e5ngt efter att flaskan har \u00f6ppnats. Inget mer k\u00e4mpande med korkar eller sl\u00f6seri med halvfulla flaskor &#8211; bara vrid, l\u00e5s och njut av ditt vin n\u00e4r som helst.<\/p>\n<p data-start=\"72\" data-end=\"318\"><img fetchpriority=\"high\" decoding=\"async\" class=\" wp-image-41961 aligncenter\" src=\"https:\/\/keluvo.com\/template\/wp-content\/uploads\/sites\/5\/2025\/11\/6811dd48cdac8ab321ae7202bd76765ada5085e0ecbcafecb211c55ad415d7f4.webp\" alt=\"\" width=\"500\" height=\"500\" \/><\/p>\n<h2 style=\"text-align: center\" data-start=\"325\" data-end=\"347\"><strong>Huvudf\u00f6rdelar<\/strong><\/h2>\n<p data-start=\"350\" data-end=\"449\">\ud83c\udf7e H\u00e5ller vin och champagne fr\u00e4scht &#8211; f\u00f6rseglar t\u00e4tt f\u00f6r att l\u00e5sa in kolsyra och smak i flera dagar.<\/p>\n<p data-start=\"452\" data-end=\"540\">\ud83d\udd12 S\u00e4ker vridl\u00e5sdesign &#8211; vrid f\u00f6r att \u00f6ppna, vrid f\u00f6r att f\u00f6rsegla, snabbt och enkelt.<\/p>\n<p data-start=\"543\" data-end=\"637\">\ud83e\udde2 Kompakt &#8221;skyddshattsform&#8221; &#8211; passar mousserande vinflaskor perfekt och f\u00f6rvaras enkelt.<\/p>\n<p data-start=\"640\" data-end=\"736\">\ud83e\uddfc Livsmedelsklassade material &#8211; inre silikont\u00e4tning + h\u00e5llbart ABS-skal f\u00f6r s\u00e4ker, l\u00e5ngvarig anv\u00e4ndning.<\/p>\n<p data-start=\"739\" data-end=\"831\">\ud83d\ude4c Inga problem med korkar &#8211; ers\u00e4tter traditionella korkar med en enklare, renare l\u00f6sning.<\/p>\n<p data-start=\"739\" data-end=\"831\"><img decoding=\"async\" class=\" wp-image-41960 aligncenter\" src=\"https:\/\/keluvo.com\/template\/wp-content\/uploads\/sites\/5\/2025\/11\/05cbe4339c5798bebea57579a3ab2ccda957bd05c6a9b6c2dad4a36ac76b0771-800.webp\" alt=\"\" width=\"500\" height=\"500\" \/><\/p>\n<h2 style=\"text-align: center\" data-start=\"838\" data-end=\"857\"><strong>Hur Man Anv\u00e4nder<\/strong><\/h2>\n<ol data-start=\"858\" data-end=\"1081\">\n<li data-start=\"858\" data-end=\"903\">\n<p data-start=\"861\" data-end=\"903\">Vrid toppen av korken f\u00f6r att l\u00e5sa upp.<\/p>\n<\/li>\n<li data-start=\"904\" data-end=\"959\">\n<p data-start=\"907\" data-end=\"959\">F\u00f6r in korken ordentligt i flask\u00f6ppningen.<\/p>\n<\/li>\n<li data-start=\"960\" data-end=\"1026\">\n<p data-start=\"963\" data-end=\"1026\">Vrid tillbaka toppen till l\u00e5st l\u00e4ge f\u00f6r att t\u00e4ta flaskan.<\/p>\n<\/li>\n<li data-start=\"1027\" data-end=\"1081\">\n<p data-start=\"1030\" data-end=\"1081\">F\u00f6r att \u00f6ppna igen, vrid helt enkelt igen f\u00f6r att l\u00e5sa upp och ta bort.<\/p>\n<\/li>\n<\/ol>\n<h2 style=\"text-align: center\" data-start=\"1088\" data-end=\"1112\"><strong>Produktdetaljer<\/strong><\/h2>\n<ul data-start=\"1113\" data-end=\"1327\">\n<li data-start=\"1113\" data-end=\"1152\">\n<p data-start=\"1115\" data-end=\"1152\">Material: ABS + silikon av livsmedelskvalitet<\/p>\n<\/li>\n<li data-start=\"1153\" data-end=\"1169\">\n<p data-start=\"1155\" data-end=\"1169\">F\u00e4rg: Svart<\/p>\n<\/li>\n<li data-start=\"1170\" data-end=\"1250\">\n<p data-start=\"1172\" data-end=\"1180\">Storlekar: <span style=\"font-size: 16px\">3,9 x 3,2 cm, <\/span><span style=\"font-size: 16px\">3,9 x 4 cm\u00a0<\/span><\/p>\n<\/li>\n<li data-start=\"1251\" data-end=\"1327\">\n<p data-start=\"1253\" data-end=\"1327\">Kompatibel med champagne, mousserande vin och de flesta vanliga vinflaskor.<\/p>\n<\/li>\n<\/ul>\n<h2 style=\"text-align: center\" data-start=\"1334\" data-end=\"1359\"><strong>Paketet Inneh\u00e5ller<\/strong><\/h2>\n<ul data-start=\"1360\" data-end=\"1392\" data-is-last-node=\"\" data-is-only-node=\"\">\n<li data-start=\"1360\" data-end=\"1392\" data-is-last-node=\"\">\n<p data-start=\"1362\" data-end=\"1392\" data-is-last-node=\"\">3x champagnepropp eller<\/p>\n<\/li>\n<li data-start=\"1360\" data-end=\"1392\" data-is-last-node=\"\">3x vinpropp.<\/li>\n<\/ul>\n","protected":false},"excerpt":{"rendered":"<div class=\"flex flex-col text-sm pb-25\">\n<article class=\"text-token-text-primary w-full focus:outline-none [--shadow-height:45px] has-data-writing-block:pointer-events-none has-data-writing-block:-mt-(--shadow-height) has-data-writing-block:pt-(--shadow-height) [&amp;:has([data-writing-block])&gt;*]:pointer-events-auto scroll-mt-[calc(var(--header-height)+min(200px,max(70px,20svh)))]\" dir=\"auto\" data-turn-id=\"request-6953fc99-4988-8330-83cb-2284431b2ad2-0\" data-testid=\"conversation-turn-6\" data-scroll-anchor=\"true\" data-turn=\"assistant\">\n<div class=\"text-base my-auto mx-auto pb-10 [--thread-content-margin:--spacing(4)] @w-sm\/main:[--thread-content-margin:--spacing(6)] @w-lg\/main:[--thread-content-margin:--spacing(16)] px-(--thread-content-margin)\">\n<div class=\"[--thread-content-max-width:40rem] @w-lg\/main:[--thread-content-max-width:48rem] mx-auto max-w-(--thread-content-max-width) flex-1 group\/turn-messages focus-visible:outline-hidden relative flex w-full min-w-0 flex-col agent-turn\">\n<div class=\"flex max-w-full flex-col grow\">\n<div class=\"min-h-8 text-message relative flex w-full flex-col items-end gap-2 text-start break-words whitespace-normal [.text-message+&amp;]:mt-1\" dir=\"auto\" data-message-author-role=\"assistant\" data-message-id=\"81c89cd5-207e-491b-84b1-210d86ca9457\" data-message-model-slug=\"gpt-5-2\">\n<div class=\"flex w-full flex-col gap-1 empty:hidden first:pt-[1px]\">\n<div class=\"markdown prose dark:prose-invert w-full break-words light markdown-new-styling\">\n<p data-start=\"0\" data-end=\"311\" data-is-last-node=\"\" data-is-only-node=\"\">En champagne- och vinpropp med vridl\u00e5s som \u00e4r utformad f\u00f6r att h\u00e5lla flaskorna fr\u00e4scha efter \u00f6ppnandet. Den sluter t\u00e4tt f\u00f6r att bevara kolsyra och smak, f\u00f6rhindrar l\u00e4ckage och passar de flesta champagne- och vinflaskor. Tillverkad av livsmedelsklassade material och erbjuder ett enkelt, \u00e5teranv\u00e4ndbart alternativ till traditionella korkar f\u00f6r daglig anv\u00e4ndning.<\/p>\n<\/div>\n<\/div>\n<\/div>\n<\/div>\n<div class=\"z-0 flex min-h-[46px] justify-start\"><\/div>\n<div class=\"mt-3 w-full empty:hidden\">\n<div class=\"text-center\"><\/div>\n<\/div>\n<\/div>\n<\/div>\n<\/article>\n<\/div>\n<div class=\"pointer-events-none h-px w-px absolute bottom-0\" aria-hidden=\"true\" data-edge=\"true\"><\/div>\n","protected":false},"featured_media":15105,"comment_status":"open","ping_status":"closed","template":"","meta":{"site-sidebar-layout":"default","site-content-layout":"","ast-site-content-layout":"default","site-content-style":"default","site-sidebar-style":"default","ast-global-header-display":"","ast-banner-title-visibility":"","ast-main-header-display":"","ast-hfb-above-header-display":"","ast-hfb-below-header-display":"","ast-hfb-mobile-header-display":"","site-post-title":"","ast-breadcrumbs-content":"","ast-featured-img":"","footer-sml-layout":"","theme-transparent-header-meta":"default","adv-header-id-meta":"","stick-header-meta":"","header-above-stick-meta":"","header-main-stick-meta":"","header-below-stick-meta":"","astra-migrate-meta-layouts":"set","ast-page-background-enabled":"default","ast-page-background-meta":{"desktop":{"background-color":"var(--ast-global-color-5)","background-image":"","background-repeat":"repeat","background-position":"center center","background-size":"auto","background-attachment":"scroll","background-type":"","background-media":"","overlay-type":"","overlay-color":"","overlay-opacity":"","overlay-gradient":""},"tablet":{"background-color":"","background-image":"","background-repeat":"repeat","background-position":"center center","background-size":"auto","background-attachment":"scroll","background-type":"","background-media":"","overlay-type":"","overlay-color":"","overlay-opacity":"","overlay-gradient":""},"mobile":{"background-color":"","background-image":"","background-repeat":"repeat","background-position":"center center","background-size":"auto","background-attachment":"scroll","background-type":"","background-media":"","overlay-type":"","overlay-color":"","overlay-opacity":"","overlay-gradient":""}},"ast-content-background-meta":{"desktop":{"background-color":"var(--ast-global-color-4)","background-image":"","background-repeat":"repeat","background-position":"center center","background-size":"auto","background-attachment":"scroll","background-type":"","background-media":"","overlay-type":"","overlay-color":"","overlay-opacity":"","overlay-gradient":""},"tablet":{"background-color":"var(--ast-global-color-4)","background-image":"","background-repeat":"repeat","background-position":"center center","background-size":"auto","background-attachment":"scroll","background-type":"","background-media":"","overlay-type":"","overlay-color":"","overlay-opacity":"","overlay-gradient":""},"mobile":{"background-color":"var(--ast-global-color-4)","background-image":"","background-repeat":"repeat","background-position":"center center","background-size":"auto","background-attachment":"scroll","background-type":"","background-media":"","overlay-type":"","overlay-color":"","overlay-opacity":"","overlay-gradient":""}}},"product_brand":[],"product_cat":[15],"product_tag":[],"class_list":{"0":"post-15109","1":"product","2":"type-product","3":"status-publish","4":"has-post-thumbnail","6":"product_cat-uncategorized","7":"pa_52455_hohtobhm-champagne","8":"pa_52455_hohtobhm-vin","9":"desktop-align-left","10":"tablet-align-left","11":"mobile-align-left","13":"first","14":"instock","15":"shipping-taxable","16":"purchasable","17":"product-type-variable"},"yoast_head":"<!-- This site is optimized with the Yoast SEO plugin v26.6 - https:\/\/yoast.com\/wordpress\/plugins\/seo\/ -->\n<title>Champagne- och vinpropp (3 st) - Mekulo SE<\/title>\n<meta name=\"description\" content=\"A twist-lock champagne and wine stopper set designed to keep bottles fresh after opening. It seals tightly to preserve carbonation and flavor, prevents leaks, and fits most champagne and wine bottles. Made from food-grade materials, it offers an easy, reusable alternative to traditional corks for everyday use.\" \/>\n<meta name=\"robots\" content=\"index, follow, max-snippet:-1, max-image-preview:large, max-video-preview:-1\" \/>\n<link rel=\"canonical\" href=\"https:\/\/mekulo.com\/se\/produkt\/champagne-och-vinpropp-3-st\/\" \/>\n<meta property=\"og:locale\" content=\"sv_SE\" \/>\n<meta property=\"og:type\" content=\"article\" \/>\n<meta property=\"og:title\" content=\"Champagne- och vinpropp (3 st) - Mekulo SE\" \/>\n<meta property=\"og:description\" content=\"A twist-lock champagne and wine stopper set designed to keep bottles fresh after opening. It seals tightly to preserve carbonation and flavor, prevents leaks, and fits most champagne and wine bottles. Made from food-grade materials, it offers an easy, reusable alternative to traditional corks for everyday use.\" \/>\n<meta property=\"og:url\" content=\"https:\/\/mekulo.com\/se\/produkt\/champagne-och-vinpropp-3-st\/\" \/>\n<meta property=\"og:site_name\" content=\"Mekulo SE\" \/>\n<meta property=\"article:modified_time\" content=\"2026-03-30T08:04:58+00:00\" \/>\n<meta property=\"og:image\" content=\"https:\/\/mekulo.com\/se\/wp-content\/uploads\/sites\/11\/2026\/01\/40swo2q-1.jpg\" \/>\n\t<meta property=\"og:image:width\" content=\"1080\" \/>\n\t<meta property=\"og:image:height\" content=\"1080\" \/>\n\t<meta property=\"og:image:type\" content=\"image\/jpeg\" \/>\n<meta name=\"twitter:card\" content=\"summary_large_image\" \/>\n<meta name=\"twitter:label1\" content=\"Ber\u00e4knad l\u00e4stid\" \/>\n\t<meta name=\"twitter:data1\" content=\"2 minuter\" \/>\n<script type=\"application\/ld+json\" class=\"yoast-schema-graph\">{\"@context\":\"https:\/\/schema.org\",\"@graph\":[{\"@type\":\"WebPage\",\"@id\":\"https:\/\/mekulo.com\/se\/produkt\/champagne-och-vinpropp-3-st\/\",\"url\":\"https:\/\/mekulo.com\/se\/produkt\/champagne-och-vinpropp-3-st\/\",\"name\":\"Champagne- och vinpropp (3 st) - Mekulo SE\",\"isPartOf\":{\"@id\":\"https:\/\/mekulo.com\/se\/#website\"},\"primaryImageOfPage\":{\"@id\":\"https:\/\/mekulo.com\/se\/produkt\/champagne-och-vinpropp-3-st\/#primaryimage\"},\"image\":{\"@id\":\"https:\/\/mekulo.com\/se\/produkt\/champagne-och-vinpropp-3-st\/#primaryimage\"},\"thumbnailUrl\":\"https:\/\/mekulo.com\/se\/wp-content\/uploads\/sites\/11\/2026\/01\/40swo2q-1.jpg\",\"datePublished\":\"2026-01-07T14:25:34+00:00\",\"dateModified\":\"2026-03-30T08:04:58+00:00\",\"description\":\"A twist-lock champagne and wine stopper set designed to keep bottles fresh after opening. It seals tightly to preserve carbonation and flavor, prevents leaks, and fits most champagne and wine bottles. Made from food-grade materials, it offers an easy, reusable alternative to traditional corks for everyday use.\",\"breadcrumb\":{\"@id\":\"https:\/\/mekulo.com\/se\/produkt\/champagne-och-vinpropp-3-st\/#breadcrumb\"},\"inLanguage\":\"sv-SE\",\"potentialAction\":[{\"@type\":\"ReadAction\",\"target\":[\"https:\/\/mekulo.com\/se\/produkt\/champagne-och-vinpropp-3-st\/\"]}]},{\"@type\":\"ImageObject\",\"inLanguage\":\"sv-SE\",\"@id\":\"https:\/\/mekulo.com\/se\/produkt\/champagne-och-vinpropp-3-st\/#primaryimage\",\"url\":\"https:\/\/mekulo.com\/se\/wp-content\/uploads\/sites\/11\/2026\/01\/40swo2q-1.jpg\",\"contentUrl\":\"https:\/\/mekulo.com\/se\/wp-content\/uploads\/sites\/11\/2026\/01\/40swo2q-1.jpg\",\"width\":1080,\"height\":1080},{\"@type\":\"BreadcrumbList\",\"@id\":\"https:\/\/mekulo.com\/se\/produkt\/champagne-och-vinpropp-3-st\/#breadcrumb\",\"itemListElement\":[{\"@type\":\"ListItem\",\"position\":1,\"name\":\"Home\",\"item\":\"https:\/\/mekulo.com\/se\/\"},{\"@type\":\"ListItem\",\"position\":2,\"name\":\"Butik\",\"item\":\"https:\/\/mekulo.com\/se\/butik\/\"},{\"@type\":\"ListItem\",\"position\":3,\"name\":\"Champagne- och vinpropp (3 st)\"}]},{\"@type\":\"WebSite\",\"@id\":\"https:\/\/mekulo.com\/se\/#website\",\"url\":\"https:\/\/mekulo.com\/se\/\",\"name\":\"Mekulo SE\",\"description\":\"\",\"publisher\":{\"@id\":\"https:\/\/mekulo.com\/se\/#organization\"},\"potentialAction\":[{\"@type\":\"SearchAction\",\"target\":{\"@type\":\"EntryPoint\",\"urlTemplate\":\"https:\/\/mekulo.com\/se\/?s={search_term_string}\"},\"query-input\":{\"@type\":\"PropertyValueSpecification\",\"valueRequired\":true,\"valueName\":\"search_term_string\"}}],\"inLanguage\":\"sv-SE\"},{\"@type\":\"Organization\",\"@id\":\"https:\/\/mekulo.com\/se\/#organization\",\"name\":\"Mekulo\",\"url\":\"https:\/\/mekulo.com\/se\/\",\"logo\":{\"@type\":\"ImageObject\",\"inLanguage\":\"sv-SE\",\"@id\":\"https:\/\/mekulo.com\/se\/#\/schema\/logo\/image\/\",\"url\":\"https:\/\/mekulo.com\/se\/wp-content\/uploads\/sites\/11\/2025\/12\/favicon_mekulo.png\",\"contentUrl\":\"https:\/\/mekulo.com\/se\/wp-content\/uploads\/sites\/11\/2025\/12\/favicon_mekulo.png\",\"width\":50,\"height\":50,\"caption\":\"Mekulo\"},\"image\":{\"@id\":\"https:\/\/mekulo.com\/se\/#\/schema\/logo\/image\/\"}}]}<\/script>\n<!-- \/ Yoast SEO plugin. -->","yoast_head_json":{"title":"Champagne- och vinpropp (3 st) - Mekulo SE","description":"A twist-lock champagne and wine stopper set designed to keep bottles fresh after opening. It seals tightly to preserve carbonation and flavor, prevents leaks, and fits most champagne and wine bottles. Made from food-grade materials, it offers an easy, reusable alternative to traditional corks for everyday use.","robots":{"index":"index","follow":"follow","max-snippet":"max-snippet:-1","max-image-preview":"max-image-preview:large","max-video-preview":"max-video-preview:-1"},"canonical":"https:\/\/mekulo.com\/se\/produkt\/champagne-och-vinpropp-3-st\/","og_locale":"sv_SE","og_type":"article","og_title":"Champagne- och vinpropp (3 st) - Mekulo SE","og_description":"A twist-lock champagne and wine stopper set designed to keep bottles fresh after opening. It seals tightly to preserve carbonation and flavor, prevents leaks, and fits most champagne and wine bottles. Made from food-grade materials, it offers an easy, reusable alternative to traditional corks for everyday use.","og_url":"https:\/\/mekulo.com\/se\/produkt\/champagne-och-vinpropp-3-st\/","og_site_name":"Mekulo SE","article_modified_time":"2026-03-30T08:04:58+00:00","og_image":[{"width":1080,"height":1080,"url":"https:\/\/mekulo.com\/se\/wp-content\/uploads\/sites\/11\/2026\/01\/40swo2q-1.jpg","type":"image\/jpeg"}],"twitter_card":"summary_large_image","twitter_misc":{"Ber\u00e4knad l\u00e4stid":"2 minuter"},"schema":{"@context":"https:\/\/schema.org","@graph":[{"@type":"WebPage","@id":"https:\/\/mekulo.com\/se\/produkt\/champagne-och-vinpropp-3-st\/","url":"https:\/\/mekulo.com\/se\/produkt\/champagne-och-vinpropp-3-st\/","name":"Champagne- och vinpropp (3 st) - Mekulo SE","isPartOf":{"@id":"https:\/\/mekulo.com\/se\/#website"},"primaryImageOfPage":{"@id":"https:\/\/mekulo.com\/se\/produkt\/champagne-och-vinpropp-3-st\/#primaryimage"},"image":{"@id":"https:\/\/mekulo.com\/se\/produkt\/champagne-och-vinpropp-3-st\/#primaryimage"},"thumbnailUrl":"https:\/\/mekulo.com\/se\/wp-content\/uploads\/sites\/11\/2026\/01\/40swo2q-1.jpg","datePublished":"2026-01-07T14:25:34+00:00","dateModified":"2026-03-30T08:04:58+00:00","description":"A twist-lock champagne and wine stopper set designed to keep bottles fresh after opening. It seals tightly to preserve carbonation and flavor, prevents leaks, and fits most champagne and wine bottles. Made from food-grade materials, it offers an easy, reusable alternative to traditional corks for everyday use.","breadcrumb":{"@id":"https:\/\/mekulo.com\/se\/produkt\/champagne-och-vinpropp-3-st\/#breadcrumb"},"inLanguage":"sv-SE","potentialAction":[{"@type":"ReadAction","target":["https:\/\/mekulo.com\/se\/produkt\/champagne-och-vinpropp-3-st\/"]}]},{"@type":"ImageObject","inLanguage":"sv-SE","@id":"https:\/\/mekulo.com\/se\/produkt\/champagne-och-vinpropp-3-st\/#primaryimage","url":"https:\/\/mekulo.com\/se\/wp-content\/uploads\/sites\/11\/2026\/01\/40swo2q-1.jpg","contentUrl":"https:\/\/mekulo.com\/se\/wp-content\/uploads\/sites\/11\/2026\/01\/40swo2q-1.jpg","width":1080,"height":1080},{"@type":"BreadcrumbList","@id":"https:\/\/mekulo.com\/se\/produkt\/champagne-och-vinpropp-3-st\/#breadcrumb","itemListElement":[{"@type":"ListItem","position":1,"name":"Home","item":"https:\/\/mekulo.com\/se\/"},{"@type":"ListItem","position":2,"name":"Butik","item":"https:\/\/mekulo.com\/se\/butik\/"},{"@type":"ListItem","position":3,"name":"Champagne- och vinpropp (3 st)"}]},{"@type":"WebSite","@id":"https:\/\/mekulo.com\/se\/#website","url":"https:\/\/mekulo.com\/se\/","name":"Mekulo SE","description":"","publisher":{"@id":"https:\/\/mekulo.com\/se\/#organization"},"potentialAction":[{"@type":"SearchAction","target":{"@type":"EntryPoint","urlTemplate":"https:\/\/mekulo.com\/se\/?s={search_term_string}"},"query-input":{"@type":"PropertyValueSpecification","valueRequired":true,"valueName":"search_term_string"}}],"inLanguage":"sv-SE"},{"@type":"Organization","@id":"https:\/\/mekulo.com\/se\/#organization","name":"Mekulo","url":"https:\/\/mekulo.com\/se\/","logo":{"@type":"ImageObject","inLanguage":"sv-SE","@id":"https:\/\/mekulo.com\/se\/#\/schema\/logo\/image\/","url":"https:\/\/mekulo.com\/se\/wp-content\/uploads\/sites\/11\/2025\/12\/favicon_mekulo.png","contentUrl":"https:\/\/mekulo.com\/se\/wp-content\/uploads\/sites\/11\/2025\/12\/favicon_mekulo.png","width":50,"height":50,"caption":"Mekulo"},"image":{"@id":"https:\/\/mekulo.com\/se\/#\/schema\/logo\/image\/"}}]}},"_links":{"self":[{"href":"https:\/\/mekulo.com\/se\/wp-json\/wp\/v2\/product\/15109","targetHints":{"allow":["GET"]}}],"collection":[{"href":"https:\/\/mekulo.com\/se\/wp-json\/wp\/v2\/product"}],"about":[{"href":"https:\/\/mekulo.com\/se\/wp-json\/wp\/v2\/types\/product"}],"replies":[{"embeddable":true,"href":"https:\/\/mekulo.com\/se\/wp-json\/wp\/v2\/comments?post=15109"}],"wp:featuredmedia":[{"embeddable":true,"href":"https:\/\/mekulo.com\/se\/wp-json\/wp\/v2\/media\/15105"}],"wp:attachment":[{"href":"https:\/\/mekulo.com\/se\/wp-json\/wp\/v2\/media?parent=15109"}],"wp:term":[{"taxonomy":"product_brand","embeddable":true,"href":"https:\/\/mekulo.com\/se\/wp-json\/wp\/v2\/product_brand?post=15109"},{"taxonomy":"product_cat","embeddable":true,"href":"https:\/\/mekulo.com\/se\/wp-json\/wp\/v2\/product_cat?post=15109"},{"taxonomy":"product_tag","embeddable":true,"href":"https:\/\/mekulo.com\/se\/wp-json\/wp\/v2\/product_tag?post=15109"}],"curies":[{"name":"wp","href":"https:\/\/api.w.org\/{rel}","templated":true}]}}