{"id":15025,"date":"2026-01-07T08:26:56","date_gmt":"2026-01-07T06:26:56","guid":{"rendered":"https:\/\/mekulo.com\/se\/produkt\/4-i-1-usb-blixtsnabb-bildoverforing\/"},"modified":"2026-01-07T23:59:42","modified_gmt":"2026-01-07T21:59:42","slug":"4-i-1-usb-blixtsnabb-bildoverforing","status":"publish","type":"product","link":"https:\/\/mekulo.com\/se\/produkt\/4-i-1-usb-blixtsnabb-bildoverforing\/","title":{"rendered":"4 i 1 USB &#8211; blixtsnabb bild\u00f6verf\u00f6ring"},"content":{"rendered":"<h2 class=\"section-header__title\" style=\"text-align: center;\">\u00d6verf\u00f6r Dina Bilder Enklare \u00c4n N\u00e5gonsin<\/h2>\n<div class=\"rte\">\n<p style=\"text-align: center;\">p\u00e5 n\u00e5gon minut eller s\u00e5 \u00e4r dina v\u00e4rdefulla foton och videor sparade och s\u00e4kra f\u00f6r alltid.<\/p>\n<p style=\"text-align: center;\"><img fetchpriority=\"high\" decoding=\"async\" class=\"alignnone wp-image-47931\" src=\"https:\/\/keluvo.com\/template\/wp-content\/uploads\/sites\/5\/2025\/12\/4i1USB-minneProGIF3-ezgif.com-video-to-webp-converter.webp\" alt=\"\" width=\"476\" height=\"476\" \/><\/p>\n<h2 class=\"section-header__title\" style=\"text-align: center;\">Beh\u00e5ll Dina Minnen Utan Kr\u00e5ngel<\/h2>\n<div class=\"rte\">\n<p style=\"text-align: center;\">Genom att \u00f6verf\u00f6ra dina foton och videor med v\u00e5r 4 i 1 USB s\u00e4kerst\u00e4ller du att de sparas samtidigt som du frig\u00f6r utrymme fr\u00e5n din telefon.<\/p>\n<p style=\"text-align: center;\">nu kan du k\u00e4nna dig lugn och trygg n\u00e4r det du har drivit fram\u00e5t s\u00e5 l\u00e4nge \u00e4ntligen \u00e4r gjort. Dessutom har du m\u00f6jlighet att \u00e5teruppleva de viktigaste \u00f6gonblicken med din familj och dina husdjur n\u00e4r som helst.<\/p>\n<p style=\"text-align: center;\"><img decoding=\"async\" class=\"alignnone wp-image-47940\" src=\"https:\/\/keluvo.com\/template\/wp-content\/uploads\/sites\/5\/2025\/12\/2_4d9068c7-b330-4c63-a1a8-a9372b5a8750_1296x1296.png\" alt=\"\" width=\"459\" height=\"459\" \/><\/p>\n<h2 class=\"section-header__title\" style=\"text-align: center;\">Prova 4 I 1 USB Idag<\/h2>\n<div class=\"rte\">\n<p style=\"text-align: center;\">Den h\u00e4r USB-enheten \u00e4r kompatibel med alla telefoner tack vare sina fyra grindar. Inga sladdar kr\u00e4vs f\u00f6r att g\u00f6ra \u00f6verf\u00f6ringen.<\/p>\n<p style=\"text-align: center;\">Dessutom skickar vi med en textmanual och en videoguide med alla k\u00f6p. Detta hj\u00e4lper dig att utf\u00f6ra \u00f6verf\u00f6ringen oavsett hur teknisk du \u00e4r.<\/p>\n<p style=\"text-align: center;\"><img decoding=\"async\" class=\"alignnone wp-image-47939\" src=\"https:\/\/keluvo.com\/template\/wp-content\/uploads\/sites\/5\/2025\/12\/4_i_1_USB-minne_Pro_produktbilder_1_1296x1296.png\" alt=\"\" width=\"439\" height=\"439\" \/><\/p>\n<h2 class=\"section-header__title\" style=\"text-align: center;\">3 Enkla Steg<\/h2>\n<h2><\/h2>\n<div class=\"grid__item large--four-twelfths medium--four-twelfths\">\n<h5 class=\"h4\" style=\"text-align: center;\">1. Anslut USB till telefonens port<\/h5>\n<h2><\/h2>\n<div class=\"rte\" style=\"text-align: center;\"><img loading=\"lazy\" decoding=\"async\" class=\"alignnone wp-image-47934\" src=\"https:\/\/keluvo.com\/template\/wp-content\/uploads\/sites\/5\/2025\/12\/IMG_5037_720x720.webp\" alt=\"\" width=\"487\" height=\"487\" \/><\/div>\n<h2><\/h2>\n<div>\n<div class=\"grid__item large--four-twelfths medium--four-twelfths\">\n<h4 class=\"h4\" style=\"text-align: center;\">2. V\u00e4lj alla bilder som du vill \u00f6verf\u00f6ra<\/h4>\n<h2><\/h2>\n<div class=\"rte\" style=\"text-align: center;\"><img loading=\"lazy\" decoding=\"async\" class=\"alignnone wp-image-47933\" src=\"https:\/\/keluvo.com\/template\/wp-content\/uploads\/sites\/5\/2025\/12\/IMG_5019_2_720x720.webp\" alt=\"\" width=\"447\" height=\"447\" \/><\/div>\n<h2><\/h2>\n<div>\n<div id=\"shopify-section-template--25612110299509__featured_columns_kPEY73\" class=\"shopify-section featured-columns-section\">\n<div id=\"section-template--25612110299509__featured_columns_kPEY73\" class=\" section-blank\" data-section-id=\"template--25612110299509__featured_columns_kPEY73\" data-section-type=\"featured-columns-section\">\n<div class=\"box\">\n<div class=\"wrapper\">\n<div class=\"grid grid-spacer text-center\">\n<div class=\"grid__item large--four-twelfths medium--four-twelfths\">\n<h4 class=\"h4\" style=\"text-align: center;\">3. Anslut USB:n till datorn och \u00f6verf\u00f6r filerna<\/h4>\n<h2><\/h2>\n<div class=\"rte\" style=\"text-align: center;\"><img loading=\"lazy\" decoding=\"async\" class=\"alignnone wp-image-47932\" src=\"https:\/\/keluvo.com\/template\/wp-content\/uploads\/sites\/5\/2025\/12\/IMG_5009_720x720.webp\" alt=\"\" width=\"456\" height=\"456\" \/><\/div>\n<h2><\/h2>\n<div>\n<div class=\"grid\" style=\"text-align: center;\">\n<div class=\"grid__item large--eight-twelfths push--large--two-twelfths\">\n<div class=\"section-header\">\n<h2 class=\"section-header__title\">\u00c4r Det N\u00e5got Du Fortfarande Undrar \u00d6ver?<\/h2>\n<h2><\/h2>\n<\/div>\n<\/div>\n<\/div>\n<div class=\"grid\">\n<div class=\"grid__item large--eight-twelfths push--large--two-twelfths\">\n<div class=\"card-group\">\n<div class=\"card tab fp-item\" style=\"text-align: center;\" data-index=\"template--25612110299509__921ea167-119c-4518-ac6a-a80e7b1cdff6_1\" data-question=\"Passar 4 i 1 USB minnet Pro till alla telefoner?\"><strong>Passar Denna 4 I 1 USB Till Alla Telefoner?<\/strong><\/div>\n<div data-index=\"template--25612110299509__921ea167-119c-4518-ac6a-a80e7b1cdff6_1\" data-question=\"Passar 4 i 1 USB minnet Pro till alla telefoner?\">\n<div class=\"card tab fp-item\" style=\"text-align: center;\" data-index=\"template--25612110299509__921ea167-119c-4518-ac6a-a80e7b1cdff6_1\" data-question=\"Passar 4 i 1 USB minnet Pro till alla telefoner?\">\n<div id=\"tab-content-1template--16597043839226__921ea167-119c-4518-ac6a-a80e7b1cdff6-1665215938ae169d52-1\" class=\"card-body tab-body\" role=\"tabpanel\" aria-labelledby=\"tab-button-1template--16597043839226__921ea167-119c-4518-ac6a-a80e7b1cdff6-1665215938ae169d52-1\">\n<div class=\"tab-content rte\">\n<p>Ja, v\u00e5r USB fungerar med alla olika telefoner och modeller tack vare sina fyra portar.<\/p>\n<\/div>\n<\/div>\n<\/div>\n<div data-index=\"template--25612110299509__921ea167-119c-4518-ac6a-a80e7b1cdff6_2\" data-question=\"Hur m\u00e5nga GB ska jag v\u00e4lja?\">\n<h2><\/h2>\n<\/div>\n<\/div>\n<\/div>\n<\/div>\n<\/div>\n<\/div>\n<\/div>\n<\/div>\n<\/div>\n<\/div>\n<\/div>\n<\/div>\n<\/div>\n<\/div>\n<\/div>\n<\/div>\n<\/div>\n<\/div>\n<\/div>\n","protected":false},"excerpt":{"rendered":"<p>Med denna 4 i 1 USB \u00f6verf\u00f6r du dina foton och videor enklare \u00e4n n\u00e5gonsin med bara tre steg.<\/p>\n","protected":false},"featured_media":15021,"comment_status":"open","ping_status":"closed","template":"","meta":{"site-sidebar-layout":"default","site-content-layout":"","ast-site-content-layout":"default","site-content-style":"default","site-sidebar-style":"default","ast-global-header-display":"","ast-banner-title-visibility":"","ast-main-header-display":"","ast-hfb-above-header-display":"","ast-hfb-below-header-display":"","ast-hfb-mobile-header-display":"","site-post-title":"","ast-breadcrumbs-content":"","ast-featured-img":"","footer-sml-layout":"","theme-transparent-header-meta":"default","adv-header-id-meta":"","stick-header-meta":"","header-above-stick-meta":"","header-main-stick-meta":"","header-below-stick-meta":"","astra-migrate-meta-layouts":"set","ast-page-background-enabled":"default","ast-page-background-meta":{"desktop":{"background-color":"var(--ast-global-color-5)","background-image":"","background-repeat":"repeat","background-position":"center center","background-size":"auto","background-attachment":"scroll","background-type":"","background-media":"","overlay-type":"","overlay-color":"","overlay-opacity":"","overlay-gradient":""},"tablet":{"background-color":"","background-image":"","background-repeat":"repeat","background-position":"center center","background-size":"auto","background-attachment":"scroll","background-type":"","background-media":"","overlay-type":"","overlay-color":"","overlay-opacity":"","overlay-gradient":""},"mobile":{"background-color":"","background-image":"","background-repeat":"repeat","background-position":"center center","background-size":"auto","background-attachment":"scroll","background-type":"","background-media":"","overlay-type":"","overlay-color":"","overlay-opacity":"","overlay-gradient":""}},"ast-content-background-meta":{"desktop":{"background-color":"var(--ast-global-color-4)","background-image":"","background-repeat":"repeat","background-position":"center center","background-size":"auto","background-attachment":"scroll","background-type":"","background-media":"","overlay-type":"","overlay-color":"","overlay-opacity":"","overlay-gradient":""},"tablet":{"background-color":"var(--ast-global-color-4)","background-image":"","background-repeat":"repeat","background-position":"center center","background-size":"auto","background-attachment":"scroll","background-type":"","background-media":"","overlay-type":"","overlay-color":"","overlay-opacity":"","overlay-gradient":""},"mobile":{"background-color":"var(--ast-global-color-4)","background-image":"","background-repeat":"repeat","background-position":"center center","background-size":"auto","background-attachment":"scroll","background-type":"","background-media":"","overlay-type":"","overlay-color":"","overlay-opacity":"","overlay-gradient":""}}},"product_brand":[],"product_cat":[15],"product_tag":[],"class_list":{"0":"post-15025","1":"product","2":"type-product","3":"status-publish","4":"has-post-thumbnail","6":"product_cat-uncategorized","7":"pa_68735_3i0halc3-guld","8":"pa_68735_3i0halc3-svart","9":"pa_68735_dupo2e4v-128-gb","10":"pa_68735_dupo2e4v-32-gb","11":"pa_68735_dupo2e4v-64-gb","12":"desktop-align-left","13":"tablet-align-left","14":"mobile-align-left","16":"first","17":"instock","18":"shipping-taxable","19":"purchasable","20":"product-type-variable","21":"has-default-attributes"},"yoast_head":"<!-- This site is optimized with the Yoast SEO plugin v26.6 - https:\/\/yoast.com\/wordpress\/plugins\/seo\/ -->\n<title>4 i 1 USB - blixtsnabb bild\u00f6verf\u00f6ring - Mekulo SE<\/title>\n<meta name=\"robots\" content=\"index, follow, max-snippet:-1, max-image-preview:large, max-video-preview:-1\" \/>\n<link rel=\"canonical\" href=\"https:\/\/mekulo.com\/se\/produkt\/4-i-1-usb-blixtsnabb-bildoverforing\/\" \/>\n<meta property=\"og:locale\" content=\"sv_SE\" \/>\n<meta property=\"og:type\" content=\"article\" \/>\n<meta property=\"og:title\" content=\"4 i 1 USB - blixtsnabb bild\u00f6verf\u00f6ring - Mekulo SE\" \/>\n<meta property=\"og:description\" content=\"Med denna 4 i 1 USB \u00f6verf\u00f6r du dina foton och videor enklare \u00e4n n\u00e5gonsin med bara tre steg.\" \/>\n<meta property=\"og:url\" content=\"https:\/\/mekulo.com\/se\/produkt\/4-i-1-usb-blixtsnabb-bildoverforing\/\" \/>\n<meta property=\"og:site_name\" content=\"Mekulo SE\" \/>\n<meta property=\"article:modified_time\" content=\"2026-01-07T21:59:42+00:00\" \/>\n<meta property=\"og:image\" content=\"https:\/\/mekulo.com\/se\/wp-content\/uploads\/sites\/11\/2026\/01\/rm8s2mz-1.png\" \/>\n\t<meta property=\"og:image:width\" content=\"1000\" \/>\n\t<meta property=\"og:image:height\" content=\"1000\" \/>\n\t<meta property=\"og:image:type\" content=\"image\/png\" \/>\n<meta name=\"twitter:card\" content=\"summary_large_image\" \/>\n<meta name=\"twitter:label1\" content=\"Ber\u00e4knad l\u00e4stid\" \/>\n\t<meta name=\"twitter:data1\" content=\"3 minuter\" \/>\n<script type=\"application\/ld+json\" class=\"yoast-schema-graph\">{\"@context\":\"https:\/\/schema.org\",\"@graph\":[{\"@type\":\"WebPage\",\"@id\":\"https:\/\/mekulo.com\/se\/produkt\/4-i-1-usb-blixtsnabb-bildoverforing\/\",\"url\":\"https:\/\/mekulo.com\/se\/produkt\/4-i-1-usb-blixtsnabb-bildoverforing\/\",\"name\":\"4 i 1 USB - blixtsnabb bild\u00f6verf\u00f6ring - Mekulo SE\",\"isPartOf\":{\"@id\":\"https:\/\/mekulo.com\/se\/#website\"},\"primaryImageOfPage\":{\"@id\":\"https:\/\/mekulo.com\/se\/produkt\/4-i-1-usb-blixtsnabb-bildoverforing\/#primaryimage\"},\"image\":{\"@id\":\"https:\/\/mekulo.com\/se\/produkt\/4-i-1-usb-blixtsnabb-bildoverforing\/#primaryimage\"},\"thumbnailUrl\":\"https:\/\/mekulo.com\/se\/wp-content\/uploads\/sites\/11\/2026\/01\/rm8s2mz-1.png\",\"datePublished\":\"2026-01-07T06:26:56+00:00\",\"dateModified\":\"2026-01-07T21:59:42+00:00\",\"breadcrumb\":{\"@id\":\"https:\/\/mekulo.com\/se\/produkt\/4-i-1-usb-blixtsnabb-bildoverforing\/#breadcrumb\"},\"inLanguage\":\"sv-SE\",\"potentialAction\":[{\"@type\":\"ReadAction\",\"target\":[\"https:\/\/mekulo.com\/se\/produkt\/4-i-1-usb-blixtsnabb-bildoverforing\/\"]}]},{\"@type\":\"ImageObject\",\"inLanguage\":\"sv-SE\",\"@id\":\"https:\/\/mekulo.com\/se\/produkt\/4-i-1-usb-blixtsnabb-bildoverforing\/#primaryimage\",\"url\":\"https:\/\/mekulo.com\/se\/wp-content\/uploads\/sites\/11\/2026\/01\/rm8s2mz-1.png\",\"contentUrl\":\"https:\/\/mekulo.com\/se\/wp-content\/uploads\/sites\/11\/2026\/01\/rm8s2mz-1.png\",\"width\":1000,\"height\":1000},{\"@type\":\"BreadcrumbList\",\"@id\":\"https:\/\/mekulo.com\/se\/produkt\/4-i-1-usb-blixtsnabb-bildoverforing\/#breadcrumb\",\"itemListElement\":[{\"@type\":\"ListItem\",\"position\":1,\"name\":\"Home\",\"item\":\"https:\/\/mekulo.com\/se\/\"},{\"@type\":\"ListItem\",\"position\":2,\"name\":\"Butik\",\"item\":\"https:\/\/mekulo.com\/se\/butik\/\"},{\"@type\":\"ListItem\",\"position\":3,\"name\":\"4 i 1 USB &#8211; blixtsnabb bild\u00f6verf\u00f6ring\"}]},{\"@type\":\"WebSite\",\"@id\":\"https:\/\/mekulo.com\/se\/#website\",\"url\":\"https:\/\/mekulo.com\/se\/\",\"name\":\"Mekulo SE\",\"description\":\"\",\"publisher\":{\"@id\":\"https:\/\/mekulo.com\/se\/#organization\"},\"potentialAction\":[{\"@type\":\"SearchAction\",\"target\":{\"@type\":\"EntryPoint\",\"urlTemplate\":\"https:\/\/mekulo.com\/se\/?s={search_term_string}\"},\"query-input\":{\"@type\":\"PropertyValueSpecification\",\"valueRequired\":true,\"valueName\":\"search_term_string\"}}],\"inLanguage\":\"sv-SE\"},{\"@type\":\"Organization\",\"@id\":\"https:\/\/mekulo.com\/se\/#organization\",\"name\":\"Mekulo\",\"url\":\"https:\/\/mekulo.com\/se\/\",\"logo\":{\"@type\":\"ImageObject\",\"inLanguage\":\"sv-SE\",\"@id\":\"https:\/\/mekulo.com\/se\/#\/schema\/logo\/image\/\",\"url\":\"https:\/\/mekulo.com\/se\/wp-content\/uploads\/sites\/11\/2025\/12\/favicon_mekulo.png\",\"contentUrl\":\"https:\/\/mekulo.com\/se\/wp-content\/uploads\/sites\/11\/2025\/12\/favicon_mekulo.png\",\"width\":50,\"height\":50,\"caption\":\"Mekulo\"},\"image\":{\"@id\":\"https:\/\/mekulo.com\/se\/#\/schema\/logo\/image\/\"}}]}<\/script>\n<!-- \/ Yoast SEO plugin. -->","yoast_head_json":{"title":"4 i 1 USB - blixtsnabb bild\u00f6verf\u00f6ring - Mekulo SE","robots":{"index":"index","follow":"follow","max-snippet":"max-snippet:-1","max-image-preview":"max-image-preview:large","max-video-preview":"max-video-preview:-1"},"canonical":"https:\/\/mekulo.com\/se\/produkt\/4-i-1-usb-blixtsnabb-bildoverforing\/","og_locale":"sv_SE","og_type":"article","og_title":"4 i 1 USB - blixtsnabb bild\u00f6verf\u00f6ring - Mekulo SE","og_description":"Med denna 4 i 1 USB \u00f6verf\u00f6r du dina foton och videor enklare \u00e4n n\u00e5gonsin med bara tre steg.","og_url":"https:\/\/mekulo.com\/se\/produkt\/4-i-1-usb-blixtsnabb-bildoverforing\/","og_site_name":"Mekulo SE","article_modified_time":"2026-01-07T21:59:42+00:00","og_image":[{"width":1000,"height":1000,"url":"https:\/\/mekulo.com\/se\/wp-content\/uploads\/sites\/11\/2026\/01\/rm8s2mz-1.png","type":"image\/png"}],"twitter_card":"summary_large_image","twitter_misc":{"Ber\u00e4knad l\u00e4stid":"3 minuter"},"schema":{"@context":"https:\/\/schema.org","@graph":[{"@type":"WebPage","@id":"https:\/\/mekulo.com\/se\/produkt\/4-i-1-usb-blixtsnabb-bildoverforing\/","url":"https:\/\/mekulo.com\/se\/produkt\/4-i-1-usb-blixtsnabb-bildoverforing\/","name":"4 i 1 USB - blixtsnabb bild\u00f6verf\u00f6ring - Mekulo SE","isPartOf":{"@id":"https:\/\/mekulo.com\/se\/#website"},"primaryImageOfPage":{"@id":"https:\/\/mekulo.com\/se\/produkt\/4-i-1-usb-blixtsnabb-bildoverforing\/#primaryimage"},"image":{"@id":"https:\/\/mekulo.com\/se\/produkt\/4-i-1-usb-blixtsnabb-bildoverforing\/#primaryimage"},"thumbnailUrl":"https:\/\/mekulo.com\/se\/wp-content\/uploads\/sites\/11\/2026\/01\/rm8s2mz-1.png","datePublished":"2026-01-07T06:26:56+00:00","dateModified":"2026-01-07T21:59:42+00:00","breadcrumb":{"@id":"https:\/\/mekulo.com\/se\/produkt\/4-i-1-usb-blixtsnabb-bildoverforing\/#breadcrumb"},"inLanguage":"sv-SE","potentialAction":[{"@type":"ReadAction","target":["https:\/\/mekulo.com\/se\/produkt\/4-i-1-usb-blixtsnabb-bildoverforing\/"]}]},{"@type":"ImageObject","inLanguage":"sv-SE","@id":"https:\/\/mekulo.com\/se\/produkt\/4-i-1-usb-blixtsnabb-bildoverforing\/#primaryimage","url":"https:\/\/mekulo.com\/se\/wp-content\/uploads\/sites\/11\/2026\/01\/rm8s2mz-1.png","contentUrl":"https:\/\/mekulo.com\/se\/wp-content\/uploads\/sites\/11\/2026\/01\/rm8s2mz-1.png","width":1000,"height":1000},{"@type":"BreadcrumbList","@id":"https:\/\/mekulo.com\/se\/produkt\/4-i-1-usb-blixtsnabb-bildoverforing\/#breadcrumb","itemListElement":[{"@type":"ListItem","position":1,"name":"Home","item":"https:\/\/mekulo.com\/se\/"},{"@type":"ListItem","position":2,"name":"Butik","item":"https:\/\/mekulo.com\/se\/butik\/"},{"@type":"ListItem","position":3,"name":"4 i 1 USB &#8211; blixtsnabb bild\u00f6verf\u00f6ring"}]},{"@type":"WebSite","@id":"https:\/\/mekulo.com\/se\/#website","url":"https:\/\/mekulo.com\/se\/","name":"Mekulo SE","description":"","publisher":{"@id":"https:\/\/mekulo.com\/se\/#organization"},"potentialAction":[{"@type":"SearchAction","target":{"@type":"EntryPoint","urlTemplate":"https:\/\/mekulo.com\/se\/?s={search_term_string}"},"query-input":{"@type":"PropertyValueSpecification","valueRequired":true,"valueName":"search_term_string"}}],"inLanguage":"sv-SE"},{"@type":"Organization","@id":"https:\/\/mekulo.com\/se\/#organization","name":"Mekulo","url":"https:\/\/mekulo.com\/se\/","logo":{"@type":"ImageObject","inLanguage":"sv-SE","@id":"https:\/\/mekulo.com\/se\/#\/schema\/logo\/image\/","url":"https:\/\/mekulo.com\/se\/wp-content\/uploads\/sites\/11\/2025\/12\/favicon_mekulo.png","contentUrl":"https:\/\/mekulo.com\/se\/wp-content\/uploads\/sites\/11\/2025\/12\/favicon_mekulo.png","width":50,"height":50,"caption":"Mekulo"},"image":{"@id":"https:\/\/mekulo.com\/se\/#\/schema\/logo\/image\/"}}]}},"_links":{"self":[{"href":"https:\/\/mekulo.com\/se\/wp-json\/wp\/v2\/product\/15025","targetHints":{"allow":["GET"]}}],"collection":[{"href":"https:\/\/mekulo.com\/se\/wp-json\/wp\/v2\/product"}],"about":[{"href":"https:\/\/mekulo.com\/se\/wp-json\/wp\/v2\/types\/product"}],"replies":[{"embeddable":true,"href":"https:\/\/mekulo.com\/se\/wp-json\/wp\/v2\/comments?post=15025"}],"wp:featuredmedia":[{"embeddable":true,"href":"https:\/\/mekulo.com\/se\/wp-json\/wp\/v2\/media\/15021"}],"wp:attachment":[{"href":"https:\/\/mekulo.com\/se\/wp-json\/wp\/v2\/media?parent=15025"}],"wp:term":[{"taxonomy":"product_brand","embeddable":true,"href":"https:\/\/mekulo.com\/se\/wp-json\/wp\/v2\/product_brand?post=15025"},{"taxonomy":"product_cat","embeddable":true,"href":"https:\/\/mekulo.com\/se\/wp-json\/wp\/v2\/product_cat?post=15025"},{"taxonomy":"product_tag","embeddable":true,"href":"https:\/\/mekulo.com\/se\/wp-json\/wp\/v2\/product_tag?post=15025"}],"curies":[{"name":"wp","href":"https:\/\/api.w.org\/{rel}","templated":true}]}}