{"id":14967,"date":"2026-01-06T11:56:22","date_gmt":"2026-01-06T09:56:22","guid":{"rendered":"https:\/\/mekulo.com\/se\/produkt\/halsband-med-katt-i-silver\/"},"modified":"2026-01-06T11:56:29","modified_gmt":"2026-01-06T09:56:29","slug":"halsband-med-katt-i-silver","status":"publish","type":"product","link":"https:\/\/mekulo.com\/se\/produkt\/halsband-med-katt-i-silver\/","title":{"rendered":"Halsband med katt i silver"},"content":{"rendered":"<h2 style=\"text-align: center\">Elegant kattinspirerad design<\/h2>\n<p><img decoding=\"async\" class=\"alignnone size-medium wp-image-5737 aligncenter\" src=\"https:\/\/keluvo.com\/template\/wp-content\/uploads\/sites\/5\/2024\/12\/HTB1CIG_aiMnBKNjSZFoq6zOSFXaN.jpg_960x960q75.jpg_.jpeg\" alt=\"\" \/><\/p>\n<h2 style=\"text-align: center\">Premium sterling silver material<\/h2>\n<p style=\"text-align: center\">Halsbandet med katt i silver \u00e4r tillverkat av 925 sterling silver och garanterar h\u00e5llbarhet och l\u00e5ngvarig glans. Dess allergiv\u00e4nliga material \u00e4r skonsamt mot k\u00e4nslig hud, s\u00e5 att du kan b\u00e4ra det bekv\u00e4mt hela dagen.<\/p>\n<p><img decoding=\"async\" class=\"alignnone size-medium wp-image-5735 aligncenter\" src=\"https:\/\/keluvo.com\/template\/wp-content\/uploads\/sites\/5\/2024\/12\/db6ca708-7f62-421c-93a3-ff69e8268eee.webp\" \/><\/p>\n<h2 style=\"text-align: center\">F\u00f6rpackningen inneh\u00e5ller \ud83d\udce6<\/h2>\n<ul>\n<li>1x katthalsband i silver.<\/li>\n<\/ul>\n","protected":false},"excerpt":{"rendered":"<p>Katthalsbandet i silver har en delikat katt som sitter p\u00e5 en halvm\u00e5ne, vilket symboliserar elegans och sk\u00f6nhet. Denna tidl\u00f6sa design ger en charmig touch till din outfit, vilket g\u00f6r det till en perfekt accessoar f\u00f6r b\u00e5de avslappnade och formella tillf\u00e4llen.<\/p>\n","protected":false},"featured_media":14963,"comment_status":"open","ping_status":"closed","template":"","meta":{"site-sidebar-layout":"default","site-content-layout":"","ast-site-content-layout":"default","site-content-style":"default","site-sidebar-style":"default","ast-global-header-display":"","ast-banner-title-visibility":"","ast-main-header-display":"","ast-hfb-above-header-display":"","ast-hfb-below-header-display":"","ast-hfb-mobile-header-display":"","site-post-title":"","ast-breadcrumbs-content":"","ast-featured-img":"","footer-sml-layout":"","theme-transparent-header-meta":"default","adv-header-id-meta":"","stick-header-meta":"","header-above-stick-meta":"","header-main-stick-meta":"","header-below-stick-meta":"","astra-migrate-meta-layouts":"set","ast-page-background-enabled":"default","ast-page-background-meta":{"desktop":{"background-color":"var(--ast-global-color-5)","background-image":"","background-repeat":"repeat","background-position":"center center","background-size":"auto","background-attachment":"scroll","background-type":"","background-media":"","overlay-type":"","overlay-color":"","overlay-opacity":"","overlay-gradient":""},"tablet":{"background-color":"","background-image":"","background-repeat":"repeat","background-position":"center center","background-size":"auto","background-attachment":"scroll","background-type":"","background-media":"","overlay-type":"","overlay-color":"","overlay-opacity":"","overlay-gradient":""},"mobile":{"background-color":"","background-image":"","background-repeat":"repeat","background-position":"center center","background-size":"auto","background-attachment":"scroll","background-type":"","background-media":"","overlay-type":"","overlay-color":"","overlay-opacity":"","overlay-gradient":""}},"ast-content-background-meta":{"desktop":{"background-color":"var(--ast-global-color-4)","background-image":"","background-repeat":"repeat","background-position":"center center","background-size":"auto","background-attachment":"scroll","background-type":"","background-media":"","overlay-type":"","overlay-color":"","overlay-opacity":"","overlay-gradient":""},"tablet":{"background-color":"var(--ast-global-color-4)","background-image":"","background-repeat":"repeat","background-position":"center center","background-size":"auto","background-attachment":"scroll","background-type":"","background-media":"","overlay-type":"","overlay-color":"","overlay-opacity":"","overlay-gradient":""},"mobile":{"background-color":"var(--ast-global-color-4)","background-image":"","background-repeat":"repeat","background-position":"center center","background-size":"auto","background-attachment":"scroll","background-type":"","background-media":"","overlay-type":"","overlay-color":"","overlay-opacity":"","overlay-gradient":""}}},"product_brand":[],"product_cat":[165],"product_tag":[],"class_list":{"0":"post-14967","1":"product","2":"type-product","3":"status-publish","4":"has-post-thumbnail","6":"product_cat-skor-accessoarer","7":"pa_15585_1i88ls03-gyllene","8":"pa_15585_1i88ls03-silver","9":"desktop-align-left","10":"tablet-align-left","11":"mobile-align-left","13":"first","14":"instock","15":"shipping-taxable","16":"purchasable","17":"product-type-variable"},"yoast_head":"<!-- This site is optimized with the Yoast SEO plugin v26.6 - https:\/\/yoast.com\/wordpress\/plugins\/seo\/ -->\n<title>Halsband med katt i silver - Mekulo SE<\/title>\n<meta name=\"robots\" content=\"index, follow, max-snippet:-1, max-image-preview:large, max-video-preview:-1\" \/>\n<link rel=\"canonical\" href=\"https:\/\/mekulo.com\/se\/produkt\/halsband-med-katt-i-silver\/\" \/>\n<meta property=\"og:locale\" content=\"sv_SE\" \/>\n<meta property=\"og:type\" content=\"article\" \/>\n<meta property=\"og:title\" content=\"Halsband med katt i silver - Mekulo SE\" \/>\n<meta property=\"og:description\" content=\"Katthalsbandet i silver har en delikat katt som sitter p\u00e5 en halvm\u00e5ne, vilket symboliserar elegans och sk\u00f6nhet. Denna tidl\u00f6sa design ger en charmig touch till din outfit, vilket g\u00f6r det till en perfekt accessoar f\u00f6r b\u00e5de avslappnade och formella tillf\u00e4llen.\" \/>\n<meta property=\"og:url\" content=\"https:\/\/mekulo.com\/se\/produkt\/halsband-med-katt-i-silver\/\" \/>\n<meta property=\"og:site_name\" content=\"Mekulo SE\" \/>\n<meta property=\"article:modified_time\" content=\"2026-01-06T09:56:29+00:00\" \/>\n<meta property=\"og:image\" content=\"https:\/\/mekulo.com\/se\/wp-content\/uploads\/sites\/11\/2026\/01\/qyyi5gb-1.webp\" \/>\n\t<meta property=\"og:image:width\" content=\"720\" \/>\n\t<meta property=\"og:image:height\" content=\"720\" \/>\n\t<meta property=\"og:image:type\" content=\"image\/webp\" \/>\n<meta name=\"twitter:card\" content=\"summary_large_image\" \/>\n<meta name=\"twitter:label1\" content=\"Ber\u00e4knad l\u00e4stid\" \/>\n\t<meta name=\"twitter:data1\" content=\"1 minut\" \/>\n<script type=\"application\/ld+json\" class=\"yoast-schema-graph\">{\"@context\":\"https:\/\/schema.org\",\"@graph\":[{\"@type\":\"WebPage\",\"@id\":\"https:\/\/mekulo.com\/se\/produkt\/halsband-med-katt-i-silver\/\",\"url\":\"https:\/\/mekulo.com\/se\/produkt\/halsband-med-katt-i-silver\/\",\"name\":\"Halsband med katt i silver - Mekulo SE\",\"isPartOf\":{\"@id\":\"https:\/\/mekulo.com\/se\/#website\"},\"primaryImageOfPage\":{\"@id\":\"https:\/\/mekulo.com\/se\/produkt\/halsband-med-katt-i-silver\/#primaryimage\"},\"image\":{\"@id\":\"https:\/\/mekulo.com\/se\/produkt\/halsband-med-katt-i-silver\/#primaryimage\"},\"thumbnailUrl\":\"https:\/\/mekulo.com\/se\/wp-content\/uploads\/sites\/11\/2026\/01\/qyyi5gb-1.webp\",\"datePublished\":\"2026-01-06T09:56:22+00:00\",\"dateModified\":\"2026-01-06T09:56:29+00:00\",\"breadcrumb\":{\"@id\":\"https:\/\/mekulo.com\/se\/produkt\/halsband-med-katt-i-silver\/#breadcrumb\"},\"inLanguage\":\"sv-SE\",\"potentialAction\":[{\"@type\":\"ReadAction\",\"target\":[\"https:\/\/mekulo.com\/se\/produkt\/halsband-med-katt-i-silver\/\"]}]},{\"@type\":\"ImageObject\",\"inLanguage\":\"sv-SE\",\"@id\":\"https:\/\/mekulo.com\/se\/produkt\/halsband-med-katt-i-silver\/#primaryimage\",\"url\":\"https:\/\/mekulo.com\/se\/wp-content\/uploads\/sites\/11\/2026\/01\/qyyi5gb-1.webp\",\"contentUrl\":\"https:\/\/mekulo.com\/se\/wp-content\/uploads\/sites\/11\/2026\/01\/qyyi5gb-1.webp\",\"width\":720,\"height\":720},{\"@type\":\"BreadcrumbList\",\"@id\":\"https:\/\/mekulo.com\/se\/produkt\/halsband-med-katt-i-silver\/#breadcrumb\",\"itemListElement\":[{\"@type\":\"ListItem\",\"position\":1,\"name\":\"Home\",\"item\":\"https:\/\/mekulo.com\/se\/\"},{\"@type\":\"ListItem\",\"position\":2,\"name\":\"Butik\",\"item\":\"https:\/\/mekulo.com\/se\/butik\/\"},{\"@type\":\"ListItem\",\"position\":3,\"name\":\"Halsband med katt i silver\"}]},{\"@type\":\"WebSite\",\"@id\":\"https:\/\/mekulo.com\/se\/#website\",\"url\":\"https:\/\/mekulo.com\/se\/\",\"name\":\"Mekulo SE\",\"description\":\"\",\"publisher\":{\"@id\":\"https:\/\/mekulo.com\/se\/#organization\"},\"potentialAction\":[{\"@type\":\"SearchAction\",\"target\":{\"@type\":\"EntryPoint\",\"urlTemplate\":\"https:\/\/mekulo.com\/se\/?s={search_term_string}\"},\"query-input\":{\"@type\":\"PropertyValueSpecification\",\"valueRequired\":true,\"valueName\":\"search_term_string\"}}],\"inLanguage\":\"sv-SE\"},{\"@type\":\"Organization\",\"@id\":\"https:\/\/mekulo.com\/se\/#organization\",\"name\":\"Mekulo\",\"url\":\"https:\/\/mekulo.com\/se\/\",\"logo\":{\"@type\":\"ImageObject\",\"inLanguage\":\"sv-SE\",\"@id\":\"https:\/\/mekulo.com\/se\/#\/schema\/logo\/image\/\",\"url\":\"https:\/\/mekulo.com\/se\/wp-content\/uploads\/sites\/11\/2025\/12\/favicon_mekulo.png\",\"contentUrl\":\"https:\/\/mekulo.com\/se\/wp-content\/uploads\/sites\/11\/2025\/12\/favicon_mekulo.png\",\"width\":50,\"height\":50,\"caption\":\"Mekulo\"},\"image\":{\"@id\":\"https:\/\/mekulo.com\/se\/#\/schema\/logo\/image\/\"}}]}<\/script>\n<!-- \/ Yoast SEO plugin. -->","yoast_head_json":{"title":"Halsband med katt i silver - Mekulo SE","robots":{"index":"index","follow":"follow","max-snippet":"max-snippet:-1","max-image-preview":"max-image-preview:large","max-video-preview":"max-video-preview:-1"},"canonical":"https:\/\/mekulo.com\/se\/produkt\/halsband-med-katt-i-silver\/","og_locale":"sv_SE","og_type":"article","og_title":"Halsband med katt i silver - Mekulo SE","og_description":"Katthalsbandet i silver har en delikat katt som sitter p\u00e5 en halvm\u00e5ne, vilket symboliserar elegans och sk\u00f6nhet. Denna tidl\u00f6sa design ger en charmig touch till din outfit, vilket g\u00f6r det till en perfekt accessoar f\u00f6r b\u00e5de avslappnade och formella tillf\u00e4llen.","og_url":"https:\/\/mekulo.com\/se\/produkt\/halsband-med-katt-i-silver\/","og_site_name":"Mekulo SE","article_modified_time":"2026-01-06T09:56:29+00:00","og_image":[{"width":720,"height":720,"url":"https:\/\/mekulo.com\/se\/wp-content\/uploads\/sites\/11\/2026\/01\/qyyi5gb-1.webp","type":"image\/webp"}],"twitter_card":"summary_large_image","twitter_misc":{"Ber\u00e4knad l\u00e4stid":"1 minut"},"schema":{"@context":"https:\/\/schema.org","@graph":[{"@type":"WebPage","@id":"https:\/\/mekulo.com\/se\/produkt\/halsband-med-katt-i-silver\/","url":"https:\/\/mekulo.com\/se\/produkt\/halsband-med-katt-i-silver\/","name":"Halsband med katt i silver - Mekulo SE","isPartOf":{"@id":"https:\/\/mekulo.com\/se\/#website"},"primaryImageOfPage":{"@id":"https:\/\/mekulo.com\/se\/produkt\/halsband-med-katt-i-silver\/#primaryimage"},"image":{"@id":"https:\/\/mekulo.com\/se\/produkt\/halsband-med-katt-i-silver\/#primaryimage"},"thumbnailUrl":"https:\/\/mekulo.com\/se\/wp-content\/uploads\/sites\/11\/2026\/01\/qyyi5gb-1.webp","datePublished":"2026-01-06T09:56:22+00:00","dateModified":"2026-01-06T09:56:29+00:00","breadcrumb":{"@id":"https:\/\/mekulo.com\/se\/produkt\/halsband-med-katt-i-silver\/#breadcrumb"},"inLanguage":"sv-SE","potentialAction":[{"@type":"ReadAction","target":["https:\/\/mekulo.com\/se\/produkt\/halsband-med-katt-i-silver\/"]}]},{"@type":"ImageObject","inLanguage":"sv-SE","@id":"https:\/\/mekulo.com\/se\/produkt\/halsband-med-katt-i-silver\/#primaryimage","url":"https:\/\/mekulo.com\/se\/wp-content\/uploads\/sites\/11\/2026\/01\/qyyi5gb-1.webp","contentUrl":"https:\/\/mekulo.com\/se\/wp-content\/uploads\/sites\/11\/2026\/01\/qyyi5gb-1.webp","width":720,"height":720},{"@type":"BreadcrumbList","@id":"https:\/\/mekulo.com\/se\/produkt\/halsband-med-katt-i-silver\/#breadcrumb","itemListElement":[{"@type":"ListItem","position":1,"name":"Home","item":"https:\/\/mekulo.com\/se\/"},{"@type":"ListItem","position":2,"name":"Butik","item":"https:\/\/mekulo.com\/se\/butik\/"},{"@type":"ListItem","position":3,"name":"Halsband med katt i silver"}]},{"@type":"WebSite","@id":"https:\/\/mekulo.com\/se\/#website","url":"https:\/\/mekulo.com\/se\/","name":"Mekulo SE","description":"","publisher":{"@id":"https:\/\/mekulo.com\/se\/#organization"},"potentialAction":[{"@type":"SearchAction","target":{"@type":"EntryPoint","urlTemplate":"https:\/\/mekulo.com\/se\/?s={search_term_string}"},"query-input":{"@type":"PropertyValueSpecification","valueRequired":true,"valueName":"search_term_string"}}],"inLanguage":"sv-SE"},{"@type":"Organization","@id":"https:\/\/mekulo.com\/se\/#organization","name":"Mekulo","url":"https:\/\/mekulo.com\/se\/","logo":{"@type":"ImageObject","inLanguage":"sv-SE","@id":"https:\/\/mekulo.com\/se\/#\/schema\/logo\/image\/","url":"https:\/\/mekulo.com\/se\/wp-content\/uploads\/sites\/11\/2025\/12\/favicon_mekulo.png","contentUrl":"https:\/\/mekulo.com\/se\/wp-content\/uploads\/sites\/11\/2025\/12\/favicon_mekulo.png","width":50,"height":50,"caption":"Mekulo"},"image":{"@id":"https:\/\/mekulo.com\/se\/#\/schema\/logo\/image\/"}}]}},"_links":{"self":[{"href":"https:\/\/mekulo.com\/se\/wp-json\/wp\/v2\/product\/14967","targetHints":{"allow":["GET"]}}],"collection":[{"href":"https:\/\/mekulo.com\/se\/wp-json\/wp\/v2\/product"}],"about":[{"href":"https:\/\/mekulo.com\/se\/wp-json\/wp\/v2\/types\/product"}],"replies":[{"embeddable":true,"href":"https:\/\/mekulo.com\/se\/wp-json\/wp\/v2\/comments?post=14967"}],"wp:featuredmedia":[{"embeddable":true,"href":"https:\/\/mekulo.com\/se\/wp-json\/wp\/v2\/media\/14963"}],"wp:attachment":[{"href":"https:\/\/mekulo.com\/se\/wp-json\/wp\/v2\/media?parent=14967"}],"wp:term":[{"taxonomy":"product_brand","embeddable":true,"href":"https:\/\/mekulo.com\/se\/wp-json\/wp\/v2\/product_brand?post=14967"},{"taxonomy":"product_cat","embeddable":true,"href":"https:\/\/mekulo.com\/se\/wp-json\/wp\/v2\/product_cat?post=14967"},{"taxonomy":"product_tag","embeddable":true,"href":"https:\/\/mekulo.com\/se\/wp-json\/wp\/v2\/product_tag?post=14967"}],"curies":[{"name":"wp","href":"https:\/\/api.w.org\/{rel}","templated":true}]}}