{"id":14931,"date":"2026-01-06T11:54:24","date_gmt":"2026-01-06T09:54:24","guid":{"rendered":"https:\/\/mekulo.com\/se\/produkt\/dampning-i-innersulan-pa-halen\/"},"modified":"2026-01-06T11:54:55","modified_gmt":"2026-01-06T09:54:55","slug":"dampning-i-innersulan-pa-halen","status":"publish","type":"product","link":"https:\/\/mekulo.com\/se\/produkt\/dampning-i-innersulan-pa-halen\/","title":{"rendered":"D\u00e4mpning i innersulan p\u00e5 h\u00e4len"},"content":{"rendered":"<p style=\"text-align: center\" data-start=\"0\" data-end=\"59\"><strong>\ud83d\udc60 G\u00e5 Bekv\u00e4mt, Hela Dagen!<\/strong><\/p>\n<p data-start=\"61\" data-end=\"287\"><img decoding=\"async\" class=\"size-full wp-image-14584 aligncenter\" src=\"https:\/\/keluvo.com\/template\/wp-content\/uploads\/sites\/5\/2025\/04\/heelcushionvideo-ezgif.com-gif-to-webp-converter.webp\" alt=\"\" \/><\/p>\n<h2 style=\"text-align: center\" data-start=\"244\" data-end=\"274\">\ud83d\udd10 S\u00e4ker Och Halkfri Passform<\/h2>\n<p class=\"\" style=\"text-align: center\" data-start=\"275\" data-end=\"471\">Den h\u00e4r kudden f\u00f6r h\u00e4linsulan \u00e4r utformad f\u00f6r att sitta kvar p\u00e5 plats och greppar skon ordentligt. Den f\u00f6rhindrar att h\u00e4larna glider ut, vilket g\u00f6r det enklare och bekv\u00e4mare att g\u00e5. Perfekt f\u00f6r l\u00f6st sittande skor.<\/p>\n<p data-start=\"275\" data-end=\"471\"><img decoding=\"async\" class=\"alignnone size-medium wp-image-13140 aligncenter\" src=\"https:\/\/keluvo.com\/template\/wp-content\/uploads\/sites\/5\/2025\/04\/Sb82b2c55c6534ce99bd6511ffe46a7b0g.jpg_960x960q75.jpg_.jpeg\" alt=\"\" \/><\/p>\n<h2 style=\"text-align: center\" data-start=\"294\" data-end=\"323\">\u2705 Varf\u00f6r Du Kommer Att \u00c4lska Den:<\/h2>\n<ul data-start=\"325\" data-end=\"838\">\n<li class=\"\" data-start=\"325\" data-end=\"427\">\n<p class=\"\" data-start=\"327\" data-end=\"427\"><strong data-start=\"327\" data-end=\"354\">S\u00e4g Adj\u00f6 Till Bl\u00e5sor: <\/strong>Hindrar dina skor fr\u00e5n att gnugga dina h\u00e4lar. Ingen mer sm\u00e4rta eller r\u00f6da fl\u00e4ckar!<\/p>\n<\/li>\n<li class=\"\" data-start=\"429\" data-end=\"526\">\n<p class=\"\" data-start=\"431\" data-end=\"526\"><strong data-start=\"431\" data-end=\"454\">D\u00e4mpar Varje Steg: <\/strong>Tillverkad av mjuk 5D-svamp och andningsbart tyg f\u00f6r komfort hela dagen.<\/p>\n<\/li>\n<li class=\"\" data-start=\"528\" data-end=\"619\">\n<p class=\"\" data-start=\"530\" data-end=\"619\"><strong data-start=\"530\" data-end=\"547\">Passar Alla Skor: <\/strong>Fungerar perfekt i h\u00f6gklackade skor, st\u00f6vlar, flata skor, dansskor och mycket mer.<\/p>\n<\/li>\n<li class=\"\" data-start=\"621\" data-end=\"720\">\n<p class=\"\" data-start=\"623\" data-end=\"720\"><strong data-start=\"623\" data-end=\"641\">Sitter P\u00e5 Plats: <\/strong>Sj\u00e4lvh\u00e4ftande baksida h\u00e5ller dynan p\u00e5 plats \u2013 den glider inte.<\/p>\n<\/li>\n<li class=\"\" data-start=\"722\" data-end=\"838\">\n<p class=\"\" data-start=\"724\" data-end=\"838\"><strong data-start=\"724\" data-end=\"750\">Hj\u00e4lper Till Att Justera Skostorleken: <\/strong>Perfekt f\u00f6r skor som \u00e4r lite f\u00f6r stora. G\u00f6r att de passar b\u00e4ttre och k\u00e4nns b\u00e4ttre.<\/p>\n<\/li>\n<\/ul>\n<p><img decoding=\"async\" class=\"size-full wp-image-14591 aligncenter\" src=\"https:\/\/keluvo.com\/template\/wp-content\/uploads\/sites\/5\/2025\/04\/description-image-7.webp\" alt=\"\" \/><\/p>\n<h2 style=\"text-align: center\" data-start=\"845\" data-end=\"882\">\ud83d\udce6 Vad Finns I F\u00f6rpackningen:<\/h2>\n<ul data-start=\"884\" data-end=\"1019\">\n<li class=\"\" data-start=\"884\" data-end=\"915\">\n<p class=\"\" data-start=\"886\" data-end=\"915\"> Utvalda par av kuddar f\u00f6r h\u00e4linnersulor<\/p>\n<\/li>\n<\/ul>\n","protected":false},"excerpt":{"rendered":"<p>Tr\u00f6tt p\u00e5 \u00f6mma f\u00f6tter, bl\u00e5sor eller sm\u00e4rtsamma klackar efter en l\u00e5ng promenad?<br data-start=\"126\" data-end=\"129\" \/>H\u00e4lsulans kudde \u00e4r h\u00e4r f\u00f6r att r\u00e4dda dina steg! Mjuk, flexibel och superbekv\u00e4m, den skyddar dina f\u00f6tter och hindrar dina skor fr\u00e5n att gnugga eller glida.<\/p>\n","protected":false},"featured_media":14927,"comment_status":"open","ping_status":"closed","template":"","meta":{"site-sidebar-layout":"default","site-content-layout":"","ast-site-content-layout":"default","site-content-style":"default","site-sidebar-style":"default","ast-global-header-display":"","ast-banner-title-visibility":"","ast-main-header-display":"","ast-hfb-above-header-display":"","ast-hfb-below-header-display":"","ast-hfb-mobile-header-display":"","site-post-title":"","ast-breadcrumbs-content":"","ast-featured-img":"","footer-sml-layout":"","theme-transparent-header-meta":"default","adv-header-id-meta":"","stick-header-meta":"","header-above-stick-meta":"","header-main-stick-meta":"","header-below-stick-meta":"","astra-migrate-meta-layouts":"set","ast-page-background-enabled":"default","ast-page-background-meta":{"desktop":{"background-color":"var(--ast-global-color-5)","background-image":"","background-repeat":"repeat","background-position":"center center","background-size":"auto","background-attachment":"scroll","background-type":"","background-media":"","overlay-type":"","overlay-color":"","overlay-opacity":"","overlay-gradient":""},"tablet":{"background-color":"","background-image":"","background-repeat":"repeat","background-position":"center center","background-size":"auto","background-attachment":"scroll","background-type":"","background-media":"","overlay-type":"","overlay-color":"","overlay-opacity":"","overlay-gradient":""},"mobile":{"background-color":"","background-image":"","background-repeat":"repeat","background-position":"center center","background-size":"auto","background-attachment":"scroll","background-type":"","background-media":"","overlay-type":"","overlay-color":"","overlay-opacity":"","overlay-gradient":""}},"ast-content-background-meta":{"desktop":{"background-color":"var(--ast-global-color-4)","background-image":"","background-repeat":"repeat","background-position":"center center","background-size":"auto","background-attachment":"scroll","background-type":"","background-media":"","overlay-type":"","overlay-color":"","overlay-opacity":"","overlay-gradient":""},"tablet":{"background-color":"var(--ast-global-color-4)","background-image":"","background-repeat":"repeat","background-position":"center center","background-size":"auto","background-attachment":"scroll","background-type":"","background-media":"","overlay-type":"","overlay-color":"","overlay-opacity":"","overlay-gradient":""},"mobile":{"background-color":"var(--ast-global-color-4)","background-image":"","background-repeat":"repeat","background-position":"center center","background-size":"auto","background-attachment":"scroll","background-type":"","background-media":"","overlay-type":"","overlay-color":"","overlay-opacity":"","overlay-gradient":""}}},"product_brand":[],"product_cat":[165],"product_tag":[],"class_list":{"0":"post-14931","1":"product","2":"type-product","3":"status-publish","4":"has-post-thumbnail","6":"product_cat-skor-accessoarer","7":"pa_31906_3e1vl2ep-beige","8":"pa_31906_3e1vl2ep-rosa","9":"pa_31906_3e1vl2ep-svart","10":"pa_31906_yi9s4cp6-1-par","11":"pa_31906_yi9s4cp6-2-par","12":"pa_31906_yi9s4cp6-3-par","13":"desktop-align-left","14":"tablet-align-left","15":"mobile-align-left","17":"first","18":"instock","19":"shipping-taxable","20":"purchasable","21":"product-type-variable","22":"has-default-attributes"},"yoast_head":"<!-- This site is optimized with the Yoast SEO plugin v26.6 - https:\/\/yoast.com\/wordpress\/plugins\/seo\/ -->\n<title>D\u00e4mpning i innersulan p\u00e5 h\u00e4len - Mekulo SE<\/title>\n<meta name=\"robots\" content=\"index, follow, max-snippet:-1, max-image-preview:large, max-video-preview:-1\" \/>\n<link rel=\"canonical\" href=\"https:\/\/mekulo.com\/se\/produkt\/dampning-i-innersulan-pa-halen\/\" \/>\n<meta property=\"og:locale\" content=\"sv_SE\" \/>\n<meta property=\"og:type\" content=\"article\" \/>\n<meta property=\"og:title\" content=\"D\u00e4mpning i innersulan p\u00e5 h\u00e4len - Mekulo SE\" \/>\n<meta property=\"og:description\" content=\"Tr\u00f6tt p\u00e5 \u00f6mma f\u00f6tter, bl\u00e5sor eller sm\u00e4rtsamma klackar efter en l\u00e5ng promenad?H\u00e4lsulans kudde \u00e4r h\u00e4r f\u00f6r att r\u00e4dda dina steg! Mjuk, flexibel och superbekv\u00e4m, den skyddar dina f\u00f6tter och hindrar dina skor fr\u00e5n att gnugga eller glida.\" \/>\n<meta property=\"og:url\" content=\"https:\/\/mekulo.com\/se\/produkt\/dampning-i-innersulan-pa-halen\/\" \/>\n<meta property=\"og:site_name\" content=\"Mekulo SE\" \/>\n<meta property=\"article:modified_time\" content=\"2026-01-06T09:54:55+00:00\" \/>\n<meta property=\"og:image\" content=\"https:\/\/mekulo.com\/se\/wp-content\/uploads\/sites\/11\/2026\/01\/9s26ivd-1.jpeg\" \/>\n\t<meta property=\"og:image:width\" content=\"800\" \/>\n\t<meta property=\"og:image:height\" content=\"800\" \/>\n\t<meta property=\"og:image:type\" content=\"image\/jpeg\" \/>\n<meta name=\"twitter:card\" content=\"summary_large_image\" \/>\n<meta name=\"twitter:label1\" content=\"Ber\u00e4knad l\u00e4stid\" \/>\n\t<meta name=\"twitter:data1\" content=\"2 minuter\" \/>\n<script type=\"application\/ld+json\" class=\"yoast-schema-graph\">{\"@context\":\"https:\/\/schema.org\",\"@graph\":[{\"@type\":\"WebPage\",\"@id\":\"https:\/\/mekulo.com\/se\/produkt\/dampning-i-innersulan-pa-halen\/\",\"url\":\"https:\/\/mekulo.com\/se\/produkt\/dampning-i-innersulan-pa-halen\/\",\"name\":\"D\u00e4mpning i innersulan p\u00e5 h\u00e4len - Mekulo SE\",\"isPartOf\":{\"@id\":\"https:\/\/mekulo.com\/se\/#website\"},\"primaryImageOfPage\":{\"@id\":\"https:\/\/mekulo.com\/se\/produkt\/dampning-i-innersulan-pa-halen\/#primaryimage\"},\"image\":{\"@id\":\"https:\/\/mekulo.com\/se\/produkt\/dampning-i-innersulan-pa-halen\/#primaryimage\"},\"thumbnailUrl\":\"https:\/\/mekulo.com\/se\/wp-content\/uploads\/sites\/11\/2026\/01\/9s26ivd-1.jpeg\",\"datePublished\":\"2026-01-06T09:54:24+00:00\",\"dateModified\":\"2026-01-06T09:54:55+00:00\",\"breadcrumb\":{\"@id\":\"https:\/\/mekulo.com\/se\/produkt\/dampning-i-innersulan-pa-halen\/#breadcrumb\"},\"inLanguage\":\"sv-SE\",\"potentialAction\":[{\"@type\":\"ReadAction\",\"target\":[\"https:\/\/mekulo.com\/se\/produkt\/dampning-i-innersulan-pa-halen\/\"]}]},{\"@type\":\"ImageObject\",\"inLanguage\":\"sv-SE\",\"@id\":\"https:\/\/mekulo.com\/se\/produkt\/dampning-i-innersulan-pa-halen\/#primaryimage\",\"url\":\"https:\/\/mekulo.com\/se\/wp-content\/uploads\/sites\/11\/2026\/01\/9s26ivd-1.jpeg\",\"contentUrl\":\"https:\/\/mekulo.com\/se\/wp-content\/uploads\/sites\/11\/2026\/01\/9s26ivd-1.jpeg\",\"width\":800,\"height\":800},{\"@type\":\"BreadcrumbList\",\"@id\":\"https:\/\/mekulo.com\/se\/produkt\/dampning-i-innersulan-pa-halen\/#breadcrumb\",\"itemListElement\":[{\"@type\":\"ListItem\",\"position\":1,\"name\":\"Home\",\"item\":\"https:\/\/mekulo.com\/se\/\"},{\"@type\":\"ListItem\",\"position\":2,\"name\":\"Butik\",\"item\":\"https:\/\/mekulo.com\/se\/butik\/\"},{\"@type\":\"ListItem\",\"position\":3,\"name\":\"D\u00e4mpning i innersulan p\u00e5 h\u00e4len\"}]},{\"@type\":\"WebSite\",\"@id\":\"https:\/\/mekulo.com\/se\/#website\",\"url\":\"https:\/\/mekulo.com\/se\/\",\"name\":\"Mekulo SE\",\"description\":\"\",\"publisher\":{\"@id\":\"https:\/\/mekulo.com\/se\/#organization\"},\"potentialAction\":[{\"@type\":\"SearchAction\",\"target\":{\"@type\":\"EntryPoint\",\"urlTemplate\":\"https:\/\/mekulo.com\/se\/?s={search_term_string}\"},\"query-input\":{\"@type\":\"PropertyValueSpecification\",\"valueRequired\":true,\"valueName\":\"search_term_string\"}}],\"inLanguage\":\"sv-SE\"},{\"@type\":\"Organization\",\"@id\":\"https:\/\/mekulo.com\/se\/#organization\",\"name\":\"Mekulo\",\"url\":\"https:\/\/mekulo.com\/se\/\",\"logo\":{\"@type\":\"ImageObject\",\"inLanguage\":\"sv-SE\",\"@id\":\"https:\/\/mekulo.com\/se\/#\/schema\/logo\/image\/\",\"url\":\"https:\/\/mekulo.com\/se\/wp-content\/uploads\/sites\/11\/2025\/12\/favicon_mekulo.png\",\"contentUrl\":\"https:\/\/mekulo.com\/se\/wp-content\/uploads\/sites\/11\/2025\/12\/favicon_mekulo.png\",\"width\":50,\"height\":50,\"caption\":\"Mekulo\"},\"image\":{\"@id\":\"https:\/\/mekulo.com\/se\/#\/schema\/logo\/image\/\"}}]}<\/script>\n<!-- \/ Yoast SEO plugin. -->","yoast_head_json":{"title":"D\u00e4mpning i innersulan p\u00e5 h\u00e4len - Mekulo SE","robots":{"index":"index","follow":"follow","max-snippet":"max-snippet:-1","max-image-preview":"max-image-preview:large","max-video-preview":"max-video-preview:-1"},"canonical":"https:\/\/mekulo.com\/se\/produkt\/dampning-i-innersulan-pa-halen\/","og_locale":"sv_SE","og_type":"article","og_title":"D\u00e4mpning i innersulan p\u00e5 h\u00e4len - Mekulo SE","og_description":"Tr\u00f6tt p\u00e5 \u00f6mma f\u00f6tter, bl\u00e5sor eller sm\u00e4rtsamma klackar efter en l\u00e5ng promenad?H\u00e4lsulans kudde \u00e4r h\u00e4r f\u00f6r att r\u00e4dda dina steg! Mjuk, flexibel och superbekv\u00e4m, den skyddar dina f\u00f6tter och hindrar dina skor fr\u00e5n att gnugga eller glida.","og_url":"https:\/\/mekulo.com\/se\/produkt\/dampning-i-innersulan-pa-halen\/","og_site_name":"Mekulo SE","article_modified_time":"2026-01-06T09:54:55+00:00","og_image":[{"width":800,"height":800,"url":"https:\/\/mekulo.com\/se\/wp-content\/uploads\/sites\/11\/2026\/01\/9s26ivd-1.jpeg","type":"image\/jpeg"}],"twitter_card":"summary_large_image","twitter_misc":{"Ber\u00e4knad l\u00e4stid":"2 minuter"},"schema":{"@context":"https:\/\/schema.org","@graph":[{"@type":"WebPage","@id":"https:\/\/mekulo.com\/se\/produkt\/dampning-i-innersulan-pa-halen\/","url":"https:\/\/mekulo.com\/se\/produkt\/dampning-i-innersulan-pa-halen\/","name":"D\u00e4mpning i innersulan p\u00e5 h\u00e4len - Mekulo SE","isPartOf":{"@id":"https:\/\/mekulo.com\/se\/#website"},"primaryImageOfPage":{"@id":"https:\/\/mekulo.com\/se\/produkt\/dampning-i-innersulan-pa-halen\/#primaryimage"},"image":{"@id":"https:\/\/mekulo.com\/se\/produkt\/dampning-i-innersulan-pa-halen\/#primaryimage"},"thumbnailUrl":"https:\/\/mekulo.com\/se\/wp-content\/uploads\/sites\/11\/2026\/01\/9s26ivd-1.jpeg","datePublished":"2026-01-06T09:54:24+00:00","dateModified":"2026-01-06T09:54:55+00:00","breadcrumb":{"@id":"https:\/\/mekulo.com\/se\/produkt\/dampning-i-innersulan-pa-halen\/#breadcrumb"},"inLanguage":"sv-SE","potentialAction":[{"@type":"ReadAction","target":["https:\/\/mekulo.com\/se\/produkt\/dampning-i-innersulan-pa-halen\/"]}]},{"@type":"ImageObject","inLanguage":"sv-SE","@id":"https:\/\/mekulo.com\/se\/produkt\/dampning-i-innersulan-pa-halen\/#primaryimage","url":"https:\/\/mekulo.com\/se\/wp-content\/uploads\/sites\/11\/2026\/01\/9s26ivd-1.jpeg","contentUrl":"https:\/\/mekulo.com\/se\/wp-content\/uploads\/sites\/11\/2026\/01\/9s26ivd-1.jpeg","width":800,"height":800},{"@type":"BreadcrumbList","@id":"https:\/\/mekulo.com\/se\/produkt\/dampning-i-innersulan-pa-halen\/#breadcrumb","itemListElement":[{"@type":"ListItem","position":1,"name":"Home","item":"https:\/\/mekulo.com\/se\/"},{"@type":"ListItem","position":2,"name":"Butik","item":"https:\/\/mekulo.com\/se\/butik\/"},{"@type":"ListItem","position":3,"name":"D\u00e4mpning i innersulan p\u00e5 h\u00e4len"}]},{"@type":"WebSite","@id":"https:\/\/mekulo.com\/se\/#website","url":"https:\/\/mekulo.com\/se\/","name":"Mekulo SE","description":"","publisher":{"@id":"https:\/\/mekulo.com\/se\/#organization"},"potentialAction":[{"@type":"SearchAction","target":{"@type":"EntryPoint","urlTemplate":"https:\/\/mekulo.com\/se\/?s={search_term_string}"},"query-input":{"@type":"PropertyValueSpecification","valueRequired":true,"valueName":"search_term_string"}}],"inLanguage":"sv-SE"},{"@type":"Organization","@id":"https:\/\/mekulo.com\/se\/#organization","name":"Mekulo","url":"https:\/\/mekulo.com\/se\/","logo":{"@type":"ImageObject","inLanguage":"sv-SE","@id":"https:\/\/mekulo.com\/se\/#\/schema\/logo\/image\/","url":"https:\/\/mekulo.com\/se\/wp-content\/uploads\/sites\/11\/2025\/12\/favicon_mekulo.png","contentUrl":"https:\/\/mekulo.com\/se\/wp-content\/uploads\/sites\/11\/2025\/12\/favicon_mekulo.png","width":50,"height":50,"caption":"Mekulo"},"image":{"@id":"https:\/\/mekulo.com\/se\/#\/schema\/logo\/image\/"}}]}},"_links":{"self":[{"href":"https:\/\/mekulo.com\/se\/wp-json\/wp\/v2\/product\/14931","targetHints":{"allow":["GET"]}}],"collection":[{"href":"https:\/\/mekulo.com\/se\/wp-json\/wp\/v2\/product"}],"about":[{"href":"https:\/\/mekulo.com\/se\/wp-json\/wp\/v2\/types\/product"}],"replies":[{"embeddable":true,"href":"https:\/\/mekulo.com\/se\/wp-json\/wp\/v2\/comments?post=14931"}],"wp:featuredmedia":[{"embeddable":true,"href":"https:\/\/mekulo.com\/se\/wp-json\/wp\/v2\/media\/14927"}],"wp:attachment":[{"href":"https:\/\/mekulo.com\/se\/wp-json\/wp\/v2\/media?parent=14931"}],"wp:term":[{"taxonomy":"product_brand","embeddable":true,"href":"https:\/\/mekulo.com\/se\/wp-json\/wp\/v2\/product_brand?post=14931"},{"taxonomy":"product_cat","embeddable":true,"href":"https:\/\/mekulo.com\/se\/wp-json\/wp\/v2\/product_cat?post=14931"},{"taxonomy":"product_tag","embeddable":true,"href":"https:\/\/mekulo.com\/se\/wp-json\/wp\/v2\/product_tag?post=14931"}],"curies":[{"name":"wp","href":"https:\/\/api.w.org\/{rel}","templated":true}]}}