{"id":14865,"date":"2026-01-06T11:48:18","date_gmt":"2026-01-06T09:48:18","guid":{"rendered":"https:\/\/mekulo.com\/se\/produkt\/portabel-burkoppnare\/"},"modified":"2026-01-22T17:50:02","modified_gmt":"2026-01-22T15:50:02","slug":"portabel-burkoppnare","status":"publish","type":"product","link":"https:\/\/mekulo.com\/se\/produkt\/portabel-burkoppnare\/","title":{"rendered":"Portabel burk\u00f6ppnare"},"content":{"rendered":"<p style=\"text-align: center\" data-start=\"0\" data-end=\"66\"><strong data-start=\"0\" data-end=\"64\">\u00d6ppna Alla Burkar Och Flaskor Utan Anstr\u00e4ngning &#8211; Ingen Styrka Beh\u00f6vs! \ud83d\udcaa<\/strong><\/p>\n<p data-start=\"68\" data-end=\"384\"><img decoding=\"async\" class=\"size-full wp-image-40062 aligncenter\" src=\"https:\/\/keluvo.com\/template\/wp-content\/uploads\/sites\/5\/2025\/11\/102211-ezgif.com-video-to-webp-converter.webp\" alt=\"\" \/><\/p>\n<h2 style=\"text-align: center\" data-start=\"391\" data-end=\"413\">\ud83c\udf1f Huvudf\u00f6rdelar<\/h2>\n<p data-start=\"416\" data-end=\"493\">\ud83e\udd6b \u00d6ppnar alla lock &#8211; Hanterar enkelt burkar, flaskor och burkar i alla storlekar.<\/p>\n<p data-start=\"496\" data-end=\"603\">\ud83e\udde4 Perfekt f\u00f6r alla &#8211; Perfekt f\u00f6r barn, \u00e4ldre och personer med artrit eller begr\u00e4nsat grepp.<\/p>\n<p data-start=\"606\" data-end=\"707\">\ud83d\udd29 Enkel installation &#8211; Monteras under sk\u00e5p eller hyllor med hj\u00e4lp av medf\u00f6ljande lim och skruvar.<\/p>\n<p data-start=\"710\" data-end=\"808\">\ud83e\uddfc Platsbesparande design &#8211; H\u00e5lls dold under b\u00e4nken och h\u00e5ller ditt k\u00f6k fritt fr\u00e5n r\u00f6ran.<\/p>\n<p data-start=\"811\" data-end=\"892\">\ud83d\udcaa H\u00e5llbara material &#8211; Tillverkad av stark ABS och metall f\u00f6r l\u00e5ngvarig anv\u00e4ndning.<\/p>\n<p data-start=\"811\" data-end=\"892\"><img decoding=\"async\" class=\"size-full wp-image-40064 aligncenter\" src=\"https:\/\/keluvo.com\/template\/wp-content\/uploads\/sites\/5\/2025\/11\/5.jpeg\" alt=\"\" \/><\/p>\n<h2 style=\"text-align: center\" data-start=\"899\" data-end=\"918\">\ud83e\uddfe Anv\u00e4ndning<\/h2>\n<ol data-start=\"919\" data-end=\"1203\">\n<li data-start=\"919\" data-end=\"1024\">\n<p data-start=\"922\" data-end=\"1024\">F\u00e4st eller skruva fast \u00f6ppnaren under ett sk\u00e5p, en b\u00e4nk eller en hylla med det medf\u00f6ljande limmet och skruvarna.<\/p>\n<\/li>\n<li data-start=\"1025\" data-end=\"1077\">\n<p data-start=\"1028\" data-end=\"1077\">Placera burk- eller flasklocket mellan greppen.<\/p>\n<\/li>\n<li data-start=\"1078\" data-end=\"1156\">\n<p data-start=\"1081\" data-end=\"1156\">Vrid beh\u00e5llaren &#8211; \u00f6ppnaren h\u00e5ller och sl\u00e4pper locket direkt.<\/p>\n<\/li>\n<li data-start=\"1157\" data-end=\"1203\">\n<p data-start=\"1160\" data-end=\"1203\">Njut av enkel, kladdfri \u00f6ppning varje g\u00e5ng!<\/p>\n<\/li>\n<\/ol>\n<h2 style=\"text-align: center\" data-start=\"1210\" data-end=\"1234\">\u2699\ufe0f Produktdetaljer<\/h2>\n<ul data-start=\"1235\" data-end=\"1407\">\n<li data-start=\"1235\" data-end=\"1271\">\n<p data-start=\"1237\" data-end=\"1271\">Material: ABS-plast, metall<\/p>\n<\/li>\n<li data-start=\"1272\" data-end=\"1293\">\n<p data-start=\"1274\" data-end=\"1293\">F\u00e4rg: Vit<\/p>\n<\/li>\n<li data-start=\"1294\" data-end=\"1324\">\n<p data-start=\"1296\" data-end=\"1324\">Storlek: 18 x 1,9 x 18 cm<\/p>\n<\/li>\n<li data-start=\"1325\" data-end=\"1345\">\n<p data-start=\"1327\" data-end=\"1345\">Vikt: 125 g<\/p>\n<\/li>\n<\/ul>\n<h2 style=\"text-align: center\" data-start=\"1414\" data-end=\"1439\">\ud83d\udce6 I Paketet Ing\u00e5r<\/h2>\n<ul data-start=\"1440\" data-end=\"1467\">\n<li data-start=\"1440\" data-end=\"1467\">\n<p data-start=\"1442\" data-end=\"1467\">1x portabel burk\u00f6ppnare<\/p>\n<\/li>\n<li data-start=\"1440\" data-end=\"1467\">3x skruvar.<\/li>\n<\/ul>\n","protected":false},"excerpt":{"rendered":"<p>Med den h\u00e4r b\u00e4rbara burk\u00f6ppnaren \u00e4r envisa lock ett minne blott. Oavsett om det \u00e4r en tr\u00e5ng syltburk, ett lock till jordn\u00f6tssm\u00f6r eller en f\u00f6rseglad flaska, kan den h\u00e4r l\u00e4ttanv\u00e4nda \u00f6ppnaren greppa och \u00f6ppna dem alla med en enkel vridning. Perfekt f\u00f6r alla som vill ha bekv\u00e4mlighet &#8211; fr\u00e5n barn och seniorer till dem med begr\u00e4nsad handstyrka.<\/p>\n","protected":false},"featured_media":14861,"comment_status":"open","ping_status":"closed","template":"","meta":{"site-sidebar-layout":"default","site-content-layout":"","ast-site-content-layout":"default","site-content-style":"default","site-sidebar-style":"default","ast-global-header-display":"","ast-banner-title-visibility":"","ast-main-header-display":"","ast-hfb-above-header-display":"","ast-hfb-below-header-display":"","ast-hfb-mobile-header-display":"","site-post-title":"","ast-breadcrumbs-content":"","ast-featured-img":"","footer-sml-layout":"","theme-transparent-header-meta":"default","adv-header-id-meta":"","stick-header-meta":"","header-above-stick-meta":"","header-main-stick-meta":"","header-below-stick-meta":"","astra-migrate-meta-layouts":"set","ast-page-background-enabled":"default","ast-page-background-meta":{"desktop":{"background-color":"var(--ast-global-color-5)","background-image":"","background-repeat":"repeat","background-position":"center center","background-size":"auto","background-attachment":"scroll","background-type":"","background-media":"","overlay-type":"","overlay-color":"","overlay-opacity":"","overlay-gradient":""},"tablet":{"background-color":"","background-image":"","background-repeat":"repeat","background-position":"center center","background-size":"auto","background-attachment":"scroll","background-type":"","background-media":"","overlay-type":"","overlay-color":"","overlay-opacity":"","overlay-gradient":""},"mobile":{"background-color":"","background-image":"","background-repeat":"repeat","background-position":"center center","background-size":"auto","background-attachment":"scroll","background-type":"","background-media":"","overlay-type":"","overlay-color":"","overlay-opacity":"","overlay-gradient":""}},"ast-content-background-meta":{"desktop":{"background-color":"var(--ast-global-color-4)","background-image":"","background-repeat":"repeat","background-position":"center center","background-size":"auto","background-attachment":"scroll","background-type":"","background-media":"","overlay-type":"","overlay-color":"","overlay-opacity":"","overlay-gradient":""},"tablet":{"background-color":"var(--ast-global-color-4)","background-image":"","background-repeat":"repeat","background-position":"center center","background-size":"auto","background-attachment":"scroll","background-type":"","background-media":"","overlay-type":"","overlay-color":"","overlay-opacity":"","overlay-gradient":""},"mobile":{"background-color":"var(--ast-global-color-4)","background-image":"","background-repeat":"repeat","background-position":"center center","background-size":"auto","background-attachment":"scroll","background-type":"","background-media":"","overlay-type":"","overlay-color":"","overlay-opacity":"","overlay-gradient":""}}},"product_brand":[],"product_cat":[168],"product_tag":[],"class_list":{"0":"post-14865","1":"product","2":"type-product","3":"status-publish","4":"has-post-thumbnail","6":"product_cat-hushallsartiklar","7":"desktop-align-left","8":"tablet-align-left","9":"mobile-align-left","11":"first","12":"instock","13":"shipping-taxable","14":"purchasable","15":"product-type-simple"},"yoast_head":"<!-- This site is optimized with the Yoast SEO plugin v26.6 - https:\/\/yoast.com\/wordpress\/plugins\/seo\/ -->\n<title>Portabel burk\u00f6ppnare - Mekulo SE<\/title>\n<meta name=\"robots\" content=\"index, follow, max-snippet:-1, max-image-preview:large, max-video-preview:-1\" \/>\n<link rel=\"canonical\" href=\"https:\/\/mekulo.com\/se\/produkt\/portabel-burkoppnare\/\" \/>\n<meta property=\"og:locale\" content=\"en_US\" \/>\n<meta property=\"og:type\" content=\"article\" \/>\n<meta property=\"og:title\" content=\"Portabel burk\u00f6ppnare - Mekulo SE\" \/>\n<meta property=\"og:description\" content=\"Med den h\u00e4r b\u00e4rbara burk\u00f6ppnaren \u00e4r envisa lock ett minne blott. Oavsett om det \u00e4r en tr\u00e5ng syltburk, ett lock till jordn\u00f6tssm\u00f6r eller en f\u00f6rseglad flaska, kan den h\u00e4r l\u00e4ttanv\u00e4nda \u00f6ppnaren greppa och \u00f6ppna dem alla med en enkel vridning. Perfekt f\u00f6r alla som vill ha bekv\u00e4mlighet - fr\u00e5n barn och seniorer till dem med begr\u00e4nsad handstyrka.\" \/>\n<meta property=\"og:url\" content=\"https:\/\/mekulo.com\/se\/produkt\/portabel-burkoppnare\/\" \/>\n<meta property=\"og:site_name\" content=\"Mekulo SE\" \/>\n<meta property=\"article:modified_time\" content=\"2026-01-22T15:50:02+00:00\" \/>\n<meta property=\"og:image\" content=\"https:\/\/mekulo.com\/se\/wp-content\/uploads\/sites\/11\/2026\/01\/gwdypq0-1.jpeg\" \/>\n\t<meta property=\"og:image:width\" content=\"1181\" \/>\n\t<meta property=\"og:image:height\" content=\"1181\" \/>\n\t<meta property=\"og:image:type\" content=\"image\/jpeg\" \/>\n<meta name=\"twitter:card\" content=\"summary_large_image\" \/>\n<meta name=\"twitter:label1\" content=\"Est. reading time\" \/>\n\t<meta name=\"twitter:data1\" content=\"2 minutes\" \/>\n<script type=\"application\/ld+json\" class=\"yoast-schema-graph\">{\"@context\":\"https:\/\/schema.org\",\"@graph\":[{\"@type\":\"WebPage\",\"@id\":\"https:\/\/mekulo.com\/se\/produkt\/portabel-burkoppnare\/\",\"url\":\"https:\/\/mekulo.com\/se\/produkt\/portabel-burkoppnare\/\",\"name\":\"Portabel burk\u00f6ppnare - Mekulo SE\",\"isPartOf\":{\"@id\":\"https:\/\/mekulo.com\/se\/#website\"},\"primaryImageOfPage\":{\"@id\":\"https:\/\/mekulo.com\/se\/produkt\/portabel-burkoppnare\/#primaryimage\"},\"image\":{\"@id\":\"https:\/\/mekulo.com\/se\/produkt\/portabel-burkoppnare\/#primaryimage\"},\"thumbnailUrl\":\"https:\/\/mekulo.com\/se\/wp-content\/uploads\/sites\/11\/2026\/01\/gwdypq0-1.jpeg\",\"datePublished\":\"2026-01-06T09:48:18+00:00\",\"dateModified\":\"2026-01-22T15:50:02+00:00\",\"breadcrumb\":{\"@id\":\"https:\/\/mekulo.com\/se\/produkt\/portabel-burkoppnare\/#breadcrumb\"},\"inLanguage\":\"en-US\",\"potentialAction\":[{\"@type\":\"ReadAction\",\"target\":[\"https:\/\/mekulo.com\/se\/produkt\/portabel-burkoppnare\/\"]}]},{\"@type\":\"ImageObject\",\"inLanguage\":\"en-US\",\"@id\":\"https:\/\/mekulo.com\/se\/produkt\/portabel-burkoppnare\/#primaryimage\",\"url\":\"https:\/\/mekulo.com\/se\/wp-content\/uploads\/sites\/11\/2026\/01\/gwdypq0-1.jpeg\",\"contentUrl\":\"https:\/\/mekulo.com\/se\/wp-content\/uploads\/sites\/11\/2026\/01\/gwdypq0-1.jpeg\",\"width\":1181,\"height\":1181},{\"@type\":\"BreadcrumbList\",\"@id\":\"https:\/\/mekulo.com\/se\/produkt\/portabel-burkoppnare\/#breadcrumb\",\"itemListElement\":[{\"@type\":\"ListItem\",\"position\":1,\"name\":\"Home\",\"item\":\"https:\/\/mekulo.com\/se\/\"},{\"@type\":\"ListItem\",\"position\":2,\"name\":\"Butik\",\"item\":\"https:\/\/mekulo.com\/se\/butik\/\"},{\"@type\":\"ListItem\",\"position\":3,\"name\":\"Portabel burk\u00f6ppnare\"}]},{\"@type\":\"WebSite\",\"@id\":\"https:\/\/mekulo.com\/se\/#website\",\"url\":\"https:\/\/mekulo.com\/se\/\",\"name\":\"Mekulo SE\",\"description\":\"\",\"publisher\":{\"@id\":\"https:\/\/mekulo.com\/se\/#organization\"},\"potentialAction\":[{\"@type\":\"SearchAction\",\"target\":{\"@type\":\"EntryPoint\",\"urlTemplate\":\"https:\/\/mekulo.com\/se\/?s={search_term_string}\"},\"query-input\":{\"@type\":\"PropertyValueSpecification\",\"valueRequired\":true,\"valueName\":\"search_term_string\"}}],\"inLanguage\":\"en-US\"},{\"@type\":\"Organization\",\"@id\":\"https:\/\/mekulo.com\/se\/#organization\",\"name\":\"Mekulo\",\"url\":\"https:\/\/mekulo.com\/se\/\",\"logo\":{\"@type\":\"ImageObject\",\"inLanguage\":\"en-US\",\"@id\":\"https:\/\/mekulo.com\/se\/#\/schema\/logo\/image\/\",\"url\":\"https:\/\/mekulo.com\/se\/wp-content\/uploads\/sites\/11\/2025\/12\/favicon_mekulo.png\",\"contentUrl\":\"https:\/\/mekulo.com\/se\/wp-content\/uploads\/sites\/11\/2025\/12\/favicon_mekulo.png\",\"width\":50,\"height\":50,\"caption\":\"Mekulo\"},\"image\":{\"@id\":\"https:\/\/mekulo.com\/se\/#\/schema\/logo\/image\/\"}}]}<\/script>\n<!-- \/ Yoast SEO plugin. -->","yoast_head_json":{"title":"Portabel burk\u00f6ppnare - Mekulo SE","robots":{"index":"index","follow":"follow","max-snippet":"max-snippet:-1","max-image-preview":"max-image-preview:large","max-video-preview":"max-video-preview:-1"},"canonical":"https:\/\/mekulo.com\/se\/produkt\/portabel-burkoppnare\/","og_locale":"en_US","og_type":"article","og_title":"Portabel burk\u00f6ppnare - Mekulo SE","og_description":"Med den h\u00e4r b\u00e4rbara burk\u00f6ppnaren \u00e4r envisa lock ett minne blott. Oavsett om det \u00e4r en tr\u00e5ng syltburk, ett lock till jordn\u00f6tssm\u00f6r eller en f\u00f6rseglad flaska, kan den h\u00e4r l\u00e4ttanv\u00e4nda \u00f6ppnaren greppa och \u00f6ppna dem alla med en enkel vridning. Perfekt f\u00f6r alla som vill ha bekv\u00e4mlighet - fr\u00e5n barn och seniorer till dem med begr\u00e4nsad handstyrka.","og_url":"https:\/\/mekulo.com\/se\/produkt\/portabel-burkoppnare\/","og_site_name":"Mekulo SE","article_modified_time":"2026-01-22T15:50:02+00:00","og_image":[{"width":1181,"height":1181,"url":"https:\/\/mekulo.com\/se\/wp-content\/uploads\/sites\/11\/2026\/01\/gwdypq0-1.jpeg","type":"image\/jpeg"}],"twitter_card":"summary_large_image","twitter_misc":{"Est. reading time":"2 minutes"},"schema":{"@context":"https:\/\/schema.org","@graph":[{"@type":"WebPage","@id":"https:\/\/mekulo.com\/se\/produkt\/portabel-burkoppnare\/","url":"https:\/\/mekulo.com\/se\/produkt\/portabel-burkoppnare\/","name":"Portabel burk\u00f6ppnare - Mekulo SE","isPartOf":{"@id":"https:\/\/mekulo.com\/se\/#website"},"primaryImageOfPage":{"@id":"https:\/\/mekulo.com\/se\/produkt\/portabel-burkoppnare\/#primaryimage"},"image":{"@id":"https:\/\/mekulo.com\/se\/produkt\/portabel-burkoppnare\/#primaryimage"},"thumbnailUrl":"https:\/\/mekulo.com\/se\/wp-content\/uploads\/sites\/11\/2026\/01\/gwdypq0-1.jpeg","datePublished":"2026-01-06T09:48:18+00:00","dateModified":"2026-01-22T15:50:02+00:00","breadcrumb":{"@id":"https:\/\/mekulo.com\/se\/produkt\/portabel-burkoppnare\/#breadcrumb"},"inLanguage":"en-US","potentialAction":[{"@type":"ReadAction","target":["https:\/\/mekulo.com\/se\/produkt\/portabel-burkoppnare\/"]}]},{"@type":"ImageObject","inLanguage":"en-US","@id":"https:\/\/mekulo.com\/se\/produkt\/portabel-burkoppnare\/#primaryimage","url":"https:\/\/mekulo.com\/se\/wp-content\/uploads\/sites\/11\/2026\/01\/gwdypq0-1.jpeg","contentUrl":"https:\/\/mekulo.com\/se\/wp-content\/uploads\/sites\/11\/2026\/01\/gwdypq0-1.jpeg","width":1181,"height":1181},{"@type":"BreadcrumbList","@id":"https:\/\/mekulo.com\/se\/produkt\/portabel-burkoppnare\/#breadcrumb","itemListElement":[{"@type":"ListItem","position":1,"name":"Home","item":"https:\/\/mekulo.com\/se\/"},{"@type":"ListItem","position":2,"name":"Butik","item":"https:\/\/mekulo.com\/se\/butik\/"},{"@type":"ListItem","position":3,"name":"Portabel burk\u00f6ppnare"}]},{"@type":"WebSite","@id":"https:\/\/mekulo.com\/se\/#website","url":"https:\/\/mekulo.com\/se\/","name":"Mekulo SE","description":"","publisher":{"@id":"https:\/\/mekulo.com\/se\/#organization"},"potentialAction":[{"@type":"SearchAction","target":{"@type":"EntryPoint","urlTemplate":"https:\/\/mekulo.com\/se\/?s={search_term_string}"},"query-input":{"@type":"PropertyValueSpecification","valueRequired":true,"valueName":"search_term_string"}}],"inLanguage":"en-US"},{"@type":"Organization","@id":"https:\/\/mekulo.com\/se\/#organization","name":"Mekulo","url":"https:\/\/mekulo.com\/se\/","logo":{"@type":"ImageObject","inLanguage":"en-US","@id":"https:\/\/mekulo.com\/se\/#\/schema\/logo\/image\/","url":"https:\/\/mekulo.com\/se\/wp-content\/uploads\/sites\/11\/2025\/12\/favicon_mekulo.png","contentUrl":"https:\/\/mekulo.com\/se\/wp-content\/uploads\/sites\/11\/2025\/12\/favicon_mekulo.png","width":50,"height":50,"caption":"Mekulo"},"image":{"@id":"https:\/\/mekulo.com\/se\/#\/schema\/logo\/image\/"}}]}},"_links":{"self":[{"href":"https:\/\/mekulo.com\/se\/wp-json\/wp\/v2\/product\/14865","targetHints":{"allow":["GET"]}}],"collection":[{"href":"https:\/\/mekulo.com\/se\/wp-json\/wp\/v2\/product"}],"about":[{"href":"https:\/\/mekulo.com\/se\/wp-json\/wp\/v2\/types\/product"}],"replies":[{"embeddable":true,"href":"https:\/\/mekulo.com\/se\/wp-json\/wp\/v2\/comments?post=14865"}],"wp:featuredmedia":[{"embeddable":true,"href":"https:\/\/mekulo.com\/se\/wp-json\/wp\/v2\/media\/14861"}],"wp:attachment":[{"href":"https:\/\/mekulo.com\/se\/wp-json\/wp\/v2\/media?parent=14865"}],"wp:term":[{"taxonomy":"product_brand","embeddable":true,"href":"https:\/\/mekulo.com\/se\/wp-json\/wp\/v2\/product_brand?post=14865"},{"taxonomy":"product_cat","embeddable":true,"href":"https:\/\/mekulo.com\/se\/wp-json\/wp\/v2\/product_cat?post=14865"},{"taxonomy":"product_tag","embeddable":true,"href":"https:\/\/mekulo.com\/se\/wp-json\/wp\/v2\/product_tag?post=14865"}],"curies":[{"name":"wp","href":"https:\/\/api.w.org\/{rel}","templated":true}]}}