{"id":14759,"date":"2026-01-06T11:41:18","date_gmt":"2026-01-06T09:41:18","guid":{"rendered":"https:\/\/mekulo.com\/se\/produkt\/pressa-pootern\/"},"modified":"2026-01-06T11:41:37","modified_gmt":"2026-01-06T09:41:37","slug":"pressa-pootern","status":"publish","type":"product","link":"https:\/\/mekulo.com\/se\/produkt\/pressa-pootern\/","title":{"rendered":"Pressa pootern"},"content":{"rendered":"<p style=\"text-align: center\" data-start=\"0\" data-end=\"44\"><strong>F\u00e5 Omedelbara Skratt Med En Enkel Kl\u00e4mma. \ud83d\ude02\u00a0<\/strong><\/p>\n<p data-start=\"46\" data-end=\"279\"><img fetchpriority=\"high\" decoding=\"async\" class=\"size-full wp-image-43518 aligncenter\" src=\"https:\/\/keluvo.com\/template\/wp-content\/uploads\/sites\/5\/2025\/12\/10227-ezgif.com-video-to-webp-converter.webp\" alt=\"\" width=\"500\" height=\"500\" \/><\/p>\n<h2 style=\"text-align: center\" data-start=\"648\" data-end=\"668\">\u2b50 Huvudf\u00f6rdelar<\/h2>\n<p data-start=\"669\" data-end=\"1072\">\ud83d\ude02 Realistiska pruttljud &#8211; Skapar h\u00f6ga, roliga ljud som alltid lockar till skratt.<\/p>\n<p data-start=\"669\" data-end=\"1072\">\ud83e\udef3 L\u00e4tt att anv\u00e4nda &#8211; Kl\u00e4m bara p\u00e5 den mjuka latexkroppen och njut av reaktionen.<\/p>\n<p data-start=\"669\" data-end=\"1072\">\ud83d\udd0b Inga batterier beh\u00f6vs &#8211; Helt mekanisk och l\u00e5ngvarig.<\/p>\n<p data-start=\"669\" data-end=\"1072\">\ud83c\udf89 Perfekt f\u00f6r uppt\u00e5g &#8211; Perfekt f\u00f6r fester, presenter, strumpstoppare och sk\u00e4mtsamlingar.<\/p>\n<p data-start=\"669\" data-end=\"1072\">\ud83c\udf92 Fickstorlek &#8211; Tillr\u00e4ckligt liten f\u00f6r att ha i handen, v\u00e4skan eller fickan.<\/p>\n<p data-start=\"669\" data-end=\"1072\"><img decoding=\"async\" class=\"size-full wp-image-43519 aligncenter\" src=\"https:\/\/keluvo.com\/template\/wp-content\/uploads\/sites\/5\/2025\/12\/2e374417e7ff733b45a54450bd62ef71ffdf164c-800.avif\" alt=\"\" \/><\/p>\n<h2 style=\"text-align: center\" data-start=\"1079\" data-end=\"1097\">\ud83e\uddf0 Hur Man Anv\u00e4nder<\/h2>\n<ol data-start=\"1098\" data-end=\"1280\">\n<li data-start=\"1098\" data-end=\"1140\">\n<p data-start=\"1101\" data-end=\"1140\">H\u00e5ll squeeze pooter i handen.<\/p>\n<\/li>\n<li data-start=\"1141\" data-end=\"1187\">\n<p data-start=\"1144\" data-end=\"1187\">Tryck eller kl\u00e4m h\u00e5rt p\u00e5 latexcentrum.<\/p>\n<\/li>\n<li data-start=\"1188\" data-end=\"1237\">\n<p data-start=\"1191\" data-end=\"1237\">Njut av det realistiska pruttljudet som f\u00f6ljer.<\/p>\n<\/li>\n<li data-start=\"1238\" data-end=\"1280\">\n<p data-start=\"1241\" data-end=\"1280\">Upprepa n\u00e4r du vill ha snabba skratt.<\/p>\n<\/li>\n<\/ol>\n<h2 style=\"text-align: center\" data-start=\"1287\" data-end=\"1310\">\ud83d\udccf Produktdetaljer<\/h2>\n<ul data-start=\"1311\" data-end=\"1502\">\n<li data-start=\"1311\" data-end=\"1343\">\n<p data-start=\"1313\" data-end=\"1343\">Material: Latex av h\u00f6g kvalitet<\/p>\n<\/li>\n<li data-start=\"1344\" data-end=\"1366\">\n<p data-start=\"1346\" data-end=\"1366\">Storlek: 4,3 x 4,3 cm<\/p>\n<\/li>\n<li data-start=\"1367\" data-end=\"1394\">\n<p data-start=\"1369\" data-end=\"1394\">\u00c5ldersrekommendation: 4+<\/p>\n<\/li>\n<li data-start=\"1395\" data-end=\"1433\">\n<p data-start=\"1397\" data-end=\"1433\">S\u00e4kerhet: Inga batterier, icke-elektrisk<\/p>\n<\/li>\n<li data-start=\"1434\" data-end=\"1502\">\n<p data-start=\"1436\" data-end=\"1502\">Varning: Inneh\u00e5ller sm\u00e5 delar; ej l\u00e4mplig f\u00f6r barn under 3 \u00e5r<\/p>\n<\/li>\n<\/ul>\n<h2 style=\"text-align: center\" data-start=\"1509\" data-end=\"1533\">\ud83d\udce6 F\u00f6rpackningen Inneh\u00e5ller<\/h2>\n<ul data-start=\"1534\" data-end=\"1565\">\n<li data-start=\"1534\" data-end=\"1565\">\n<p data-start=\"1536\" data-end=\"1565\">1, 2x squeeze pooter.<\/p>\n<\/li>\n<\/ul>\n","protected":false},"excerpt":{"rendered":"<p>Denna squeeze pooter \u00e4r en liten, mjuk latexleksak som skapar extremt realistiska pruttljud utan anstr\u00e4ngning. Perfekt f\u00f6r fester, uppt\u00e5g eller l\u00e4ttsamt skoj, det \u00e4r ett kompakt gagverktyg som garanterar en reaktion varje g\u00e5ng. Den h\u00e4r pruttleksaken \u00e4r utformad f\u00f6r att vara l\u00e4tt att kl\u00e4mma p\u00e5 och producerar h\u00f6ga och \u00f6vertygande pruttljud utan batterier eller elektronik. Dess design i fickformat g\u00f6r den l\u00e4tt att ta med sig \u00f6verallt s\u00e5 att du kan \u00f6verraska v\u00e4nner hemma, i skolan, p\u00e5 jobbet eller vid andra sammankomster.<\/p>\n","protected":false},"featured_media":14755,"comment_status":"open","ping_status":"closed","template":"","meta":{"site-sidebar-layout":"default","site-content-layout":"","ast-site-content-layout":"default","site-content-style":"default","site-sidebar-style":"default","ast-global-header-display":"","ast-banner-title-visibility":"","ast-main-header-display":"","ast-hfb-above-header-display":"","ast-hfb-below-header-display":"","ast-hfb-mobile-header-display":"","site-post-title":"","ast-breadcrumbs-content":"","ast-featured-img":"","footer-sml-layout":"","theme-transparent-header-meta":"default","adv-header-id-meta":"","stick-header-meta":"","header-above-stick-meta":"","header-main-stick-meta":"","header-below-stick-meta":"","astra-migrate-meta-layouts":"set","ast-page-background-enabled":"default","ast-page-background-meta":{"desktop":{"background-color":"var(--ast-global-color-5)","background-image":"","background-repeat":"repeat","background-position":"center center","background-size":"auto","background-attachment":"scroll","background-type":"","background-media":"","overlay-type":"","overlay-color":"","overlay-opacity":"","overlay-gradient":""},"tablet":{"background-color":"","background-image":"","background-repeat":"repeat","background-position":"center center","background-size":"auto","background-attachment":"scroll","background-type":"","background-media":"","overlay-type":"","overlay-color":"","overlay-opacity":"","overlay-gradient":""},"mobile":{"background-color":"","background-image":"","background-repeat":"repeat","background-position":"center center","background-size":"auto","background-attachment":"scroll","background-type":"","background-media":"","overlay-type":"","overlay-color":"","overlay-opacity":"","overlay-gradient":""}},"ast-content-background-meta":{"desktop":{"background-color":"var(--ast-global-color-4)","background-image":"","background-repeat":"repeat","background-position":"center center","background-size":"auto","background-attachment":"scroll","background-type":"","background-media":"","overlay-type":"","overlay-color":"","overlay-opacity":"","overlay-gradient":""},"tablet":{"background-color":"var(--ast-global-color-4)","background-image":"","background-repeat":"repeat","background-position":"center center","background-size":"auto","background-attachment":"scroll","background-type":"","background-media":"","overlay-type":"","overlay-color":"","overlay-opacity":"","overlay-gradient":""},"mobile":{"background-color":"var(--ast-global-color-4)","background-image":"","background-repeat":"repeat","background-position":"center center","background-size":"auto","background-attachment":"scroll","background-type":"","background-media":"","overlay-type":"","overlay-color":"","overlay-opacity":"","overlay-gradient":""}}},"product_brand":[],"product_cat":[172],"product_tag":[],"class_list":{"0":"post-14759","1":"product","2":"type-product","3":"status-publish","4":"has-post-thumbnail","6":"product_cat-leksaker-barn-och-babyprodukter","7":"pa_54623_14txjvs6-rod","8":"pa_54623_14txjvs6-svart","9":"pa_54623_blcxukk6-1-st","10":"pa_54623_blcxukk6-2-st","11":"desktop-align-left","12":"tablet-align-left","13":"mobile-align-left","15":"first","16":"instock","17":"shipping-taxable","18":"purchasable","19":"product-type-variable","20":"has-default-attributes"},"yoast_head":"<!-- This site is optimized with the Yoast SEO plugin v26.6 - https:\/\/yoast.com\/wordpress\/plugins\/seo\/ -->\n<title>Pressa pootern - Mekulo SE<\/title>\n<meta name=\"robots\" content=\"index, follow, max-snippet:-1, max-image-preview:large, max-video-preview:-1\" \/>\n<link rel=\"canonical\" href=\"https:\/\/mekulo.com\/se\/produkt\/pressa-pootern\/\" \/>\n<meta property=\"og:locale\" content=\"sv_SE\" \/>\n<meta property=\"og:type\" content=\"article\" \/>\n<meta property=\"og:title\" content=\"Pressa pootern - Mekulo SE\" \/>\n<meta property=\"og:description\" content=\"Denna squeeze pooter \u00e4r en liten, mjuk latexleksak som skapar extremt realistiska pruttljud utan anstr\u00e4ngning. Perfekt f\u00f6r fester, uppt\u00e5g eller l\u00e4ttsamt skoj, det \u00e4r ett kompakt gagverktyg som garanterar en reaktion varje g\u00e5ng. Den h\u00e4r pruttleksaken \u00e4r utformad f\u00f6r att vara l\u00e4tt att kl\u00e4mma p\u00e5 och producerar h\u00f6ga och \u00f6vertygande pruttljud utan batterier eller elektronik. Dess design i fickformat g\u00f6r den l\u00e4tt att ta med sig \u00f6verallt s\u00e5 att du kan \u00f6verraska v\u00e4nner hemma, i skolan, p\u00e5 jobbet eller vid andra sammankomster.\" \/>\n<meta property=\"og:url\" content=\"https:\/\/mekulo.com\/se\/produkt\/pressa-pootern\/\" \/>\n<meta property=\"og:site_name\" content=\"Mekulo SE\" \/>\n<meta property=\"article:modified_time\" content=\"2026-01-06T09:41:37+00:00\" \/>\n<meta property=\"og:image\" content=\"https:\/\/mekulo.com\/se\/wp-content\/uploads\/sites\/11\/2026\/01\/nbfzek7-1.jpg\" \/>\n\t<meta property=\"og:image:width\" content=\"960\" \/>\n\t<meta property=\"og:image:height\" content=\"960\" \/>\n\t<meta property=\"og:image:type\" content=\"image\/jpeg\" \/>\n<meta name=\"twitter:card\" content=\"summary_large_image\" \/>\n<meta name=\"twitter:label1\" content=\"Ber\u00e4knad l\u00e4stid\" \/>\n\t<meta name=\"twitter:data1\" content=\"2 minuter\" \/>\n<script type=\"application\/ld+json\" class=\"yoast-schema-graph\">{\"@context\":\"https:\/\/schema.org\",\"@graph\":[{\"@type\":\"WebPage\",\"@id\":\"https:\/\/mekulo.com\/se\/produkt\/pressa-pootern\/\",\"url\":\"https:\/\/mekulo.com\/se\/produkt\/pressa-pootern\/\",\"name\":\"Pressa pootern - Mekulo SE\",\"isPartOf\":{\"@id\":\"https:\/\/mekulo.com\/se\/#website\"},\"primaryImageOfPage\":{\"@id\":\"https:\/\/mekulo.com\/se\/produkt\/pressa-pootern\/#primaryimage\"},\"image\":{\"@id\":\"https:\/\/mekulo.com\/se\/produkt\/pressa-pootern\/#primaryimage\"},\"thumbnailUrl\":\"https:\/\/mekulo.com\/se\/wp-content\/uploads\/sites\/11\/2026\/01\/nbfzek7-1.jpg\",\"datePublished\":\"2026-01-06T09:41:18+00:00\",\"dateModified\":\"2026-01-06T09:41:37+00:00\",\"breadcrumb\":{\"@id\":\"https:\/\/mekulo.com\/se\/produkt\/pressa-pootern\/#breadcrumb\"},\"inLanguage\":\"sv-SE\",\"potentialAction\":[{\"@type\":\"ReadAction\",\"target\":[\"https:\/\/mekulo.com\/se\/produkt\/pressa-pootern\/\"]}]},{\"@type\":\"ImageObject\",\"inLanguage\":\"sv-SE\",\"@id\":\"https:\/\/mekulo.com\/se\/produkt\/pressa-pootern\/#primaryimage\",\"url\":\"https:\/\/mekulo.com\/se\/wp-content\/uploads\/sites\/11\/2026\/01\/nbfzek7-1.jpg\",\"contentUrl\":\"https:\/\/mekulo.com\/se\/wp-content\/uploads\/sites\/11\/2026\/01\/nbfzek7-1.jpg\",\"width\":960,\"height\":960},{\"@type\":\"BreadcrumbList\",\"@id\":\"https:\/\/mekulo.com\/se\/produkt\/pressa-pootern\/#breadcrumb\",\"itemListElement\":[{\"@type\":\"ListItem\",\"position\":1,\"name\":\"Home\",\"item\":\"https:\/\/mekulo.com\/se\/\"},{\"@type\":\"ListItem\",\"position\":2,\"name\":\"Butik\",\"item\":\"https:\/\/mekulo.com\/se\/butik\/\"},{\"@type\":\"ListItem\",\"position\":3,\"name\":\"Pressa pootern\"}]},{\"@type\":\"WebSite\",\"@id\":\"https:\/\/mekulo.com\/se\/#website\",\"url\":\"https:\/\/mekulo.com\/se\/\",\"name\":\"Mekulo SE\",\"description\":\"\",\"publisher\":{\"@id\":\"https:\/\/mekulo.com\/se\/#organization\"},\"potentialAction\":[{\"@type\":\"SearchAction\",\"target\":{\"@type\":\"EntryPoint\",\"urlTemplate\":\"https:\/\/mekulo.com\/se\/?s={search_term_string}\"},\"query-input\":{\"@type\":\"PropertyValueSpecification\",\"valueRequired\":true,\"valueName\":\"search_term_string\"}}],\"inLanguage\":\"sv-SE\"},{\"@type\":\"Organization\",\"@id\":\"https:\/\/mekulo.com\/se\/#organization\",\"name\":\"Mekulo\",\"url\":\"https:\/\/mekulo.com\/se\/\",\"logo\":{\"@type\":\"ImageObject\",\"inLanguage\":\"sv-SE\",\"@id\":\"https:\/\/mekulo.com\/se\/#\/schema\/logo\/image\/\",\"url\":\"https:\/\/mekulo.com\/se\/wp-content\/uploads\/sites\/11\/2025\/12\/favicon_mekulo.png\",\"contentUrl\":\"https:\/\/mekulo.com\/se\/wp-content\/uploads\/sites\/11\/2025\/12\/favicon_mekulo.png\",\"width\":50,\"height\":50,\"caption\":\"Mekulo\"},\"image\":{\"@id\":\"https:\/\/mekulo.com\/se\/#\/schema\/logo\/image\/\"}}]}<\/script>\n<!-- \/ Yoast SEO plugin. -->","yoast_head_json":{"title":"Pressa pootern - Mekulo SE","robots":{"index":"index","follow":"follow","max-snippet":"max-snippet:-1","max-image-preview":"max-image-preview:large","max-video-preview":"max-video-preview:-1"},"canonical":"https:\/\/mekulo.com\/se\/produkt\/pressa-pootern\/","og_locale":"sv_SE","og_type":"article","og_title":"Pressa pootern - Mekulo SE","og_description":"Denna squeeze pooter \u00e4r en liten, mjuk latexleksak som skapar extremt realistiska pruttljud utan anstr\u00e4ngning. Perfekt f\u00f6r fester, uppt\u00e5g eller l\u00e4ttsamt skoj, det \u00e4r ett kompakt gagverktyg som garanterar en reaktion varje g\u00e5ng. Den h\u00e4r pruttleksaken \u00e4r utformad f\u00f6r att vara l\u00e4tt att kl\u00e4mma p\u00e5 och producerar h\u00f6ga och \u00f6vertygande pruttljud utan batterier eller elektronik. Dess design i fickformat g\u00f6r den l\u00e4tt att ta med sig \u00f6verallt s\u00e5 att du kan \u00f6verraska v\u00e4nner hemma, i skolan, p\u00e5 jobbet eller vid andra sammankomster.","og_url":"https:\/\/mekulo.com\/se\/produkt\/pressa-pootern\/","og_site_name":"Mekulo SE","article_modified_time":"2026-01-06T09:41:37+00:00","og_image":[{"width":960,"height":960,"url":"https:\/\/mekulo.com\/se\/wp-content\/uploads\/sites\/11\/2026\/01\/nbfzek7-1.jpg","type":"image\/jpeg"}],"twitter_card":"summary_large_image","twitter_misc":{"Ber\u00e4knad l\u00e4stid":"2 minuter"},"schema":{"@context":"https:\/\/schema.org","@graph":[{"@type":"WebPage","@id":"https:\/\/mekulo.com\/se\/produkt\/pressa-pootern\/","url":"https:\/\/mekulo.com\/se\/produkt\/pressa-pootern\/","name":"Pressa pootern - Mekulo SE","isPartOf":{"@id":"https:\/\/mekulo.com\/se\/#website"},"primaryImageOfPage":{"@id":"https:\/\/mekulo.com\/se\/produkt\/pressa-pootern\/#primaryimage"},"image":{"@id":"https:\/\/mekulo.com\/se\/produkt\/pressa-pootern\/#primaryimage"},"thumbnailUrl":"https:\/\/mekulo.com\/se\/wp-content\/uploads\/sites\/11\/2026\/01\/nbfzek7-1.jpg","datePublished":"2026-01-06T09:41:18+00:00","dateModified":"2026-01-06T09:41:37+00:00","breadcrumb":{"@id":"https:\/\/mekulo.com\/se\/produkt\/pressa-pootern\/#breadcrumb"},"inLanguage":"sv-SE","potentialAction":[{"@type":"ReadAction","target":["https:\/\/mekulo.com\/se\/produkt\/pressa-pootern\/"]}]},{"@type":"ImageObject","inLanguage":"sv-SE","@id":"https:\/\/mekulo.com\/se\/produkt\/pressa-pootern\/#primaryimage","url":"https:\/\/mekulo.com\/se\/wp-content\/uploads\/sites\/11\/2026\/01\/nbfzek7-1.jpg","contentUrl":"https:\/\/mekulo.com\/se\/wp-content\/uploads\/sites\/11\/2026\/01\/nbfzek7-1.jpg","width":960,"height":960},{"@type":"BreadcrumbList","@id":"https:\/\/mekulo.com\/se\/produkt\/pressa-pootern\/#breadcrumb","itemListElement":[{"@type":"ListItem","position":1,"name":"Home","item":"https:\/\/mekulo.com\/se\/"},{"@type":"ListItem","position":2,"name":"Butik","item":"https:\/\/mekulo.com\/se\/butik\/"},{"@type":"ListItem","position":3,"name":"Pressa pootern"}]},{"@type":"WebSite","@id":"https:\/\/mekulo.com\/se\/#website","url":"https:\/\/mekulo.com\/se\/","name":"Mekulo SE","description":"","publisher":{"@id":"https:\/\/mekulo.com\/se\/#organization"},"potentialAction":[{"@type":"SearchAction","target":{"@type":"EntryPoint","urlTemplate":"https:\/\/mekulo.com\/se\/?s={search_term_string}"},"query-input":{"@type":"PropertyValueSpecification","valueRequired":true,"valueName":"search_term_string"}}],"inLanguage":"sv-SE"},{"@type":"Organization","@id":"https:\/\/mekulo.com\/se\/#organization","name":"Mekulo","url":"https:\/\/mekulo.com\/se\/","logo":{"@type":"ImageObject","inLanguage":"sv-SE","@id":"https:\/\/mekulo.com\/se\/#\/schema\/logo\/image\/","url":"https:\/\/mekulo.com\/se\/wp-content\/uploads\/sites\/11\/2025\/12\/favicon_mekulo.png","contentUrl":"https:\/\/mekulo.com\/se\/wp-content\/uploads\/sites\/11\/2025\/12\/favicon_mekulo.png","width":50,"height":50,"caption":"Mekulo"},"image":{"@id":"https:\/\/mekulo.com\/se\/#\/schema\/logo\/image\/"}}]}},"_links":{"self":[{"href":"https:\/\/mekulo.com\/se\/wp-json\/wp\/v2\/product\/14759","targetHints":{"allow":["GET"]}}],"collection":[{"href":"https:\/\/mekulo.com\/se\/wp-json\/wp\/v2\/product"}],"about":[{"href":"https:\/\/mekulo.com\/se\/wp-json\/wp\/v2\/types\/product"}],"replies":[{"embeddable":true,"href":"https:\/\/mekulo.com\/se\/wp-json\/wp\/v2\/comments?post=14759"}],"wp:featuredmedia":[{"embeddable":true,"href":"https:\/\/mekulo.com\/se\/wp-json\/wp\/v2\/media\/14755"}],"wp:attachment":[{"href":"https:\/\/mekulo.com\/se\/wp-json\/wp\/v2\/media?parent=14759"}],"wp:term":[{"taxonomy":"product_brand","embeddable":true,"href":"https:\/\/mekulo.com\/se\/wp-json\/wp\/v2\/product_brand?post=14759"},{"taxonomy":"product_cat","embeddable":true,"href":"https:\/\/mekulo.com\/se\/wp-json\/wp\/v2\/product_cat?post=14759"},{"taxonomy":"product_tag","embeddable":true,"href":"https:\/\/mekulo.com\/se\/wp-json\/wp\/v2\/product_tag?post=14759"}],"curies":[{"name":"wp","href":"https:\/\/api.w.org\/{rel}","templated":true}]}}