{"id":14669,"date":"2026-01-05T16:50:03","date_gmt":"2026-01-05T14:50:03","guid":{"rendered":"https:\/\/mekulo.com\/se\/produkt\/kikare-for-morkerseende\/"},"modified":"2026-01-05T23:38:14","modified_gmt":"2026-01-05T21:38:14","slug":"kikare-for-morkerseende","status":"publish","type":"product","link":"https:\/\/mekulo.com\/se\/produkt\/kikare-for-morkerseende\/","title":{"rendered":"Kikare f\u00f6r m\u00f6rkerseende"},"content":{"rendered":"<p style=\"text-align: center;\" data-start=\"0\" data-end=\"59\"><strong data-start=\"0\" data-end=\"59\">Se tydligt i totalt m\u00f6rker p\u00e5 upp till 300 meters avst\u00e5nd. \ud83d\udd0d\ud83d\udc3b<\/strong><\/p>\n<p data-start=\"61\" data-end=\"302\"><img fetchpriority=\"high\" decoding=\"async\" class=\"size-full wp-image-44809 aligncenter\" src=\"https:\/\/keluvo.com\/template\/wp-content\/uploads\/sites\/5\/2025\/12\/NIGHTOCULARS21478__85d1b3ba__6c31901e-ezgif.com-video-to-webp-converter.webp\" alt=\"\" width=\"500\" height=\"500\" \/><\/p>\n<h2 style=\"text-align: center;\" data-start=\"304\" data-end=\"324\">Huvudf\u00f6rdelar \ud83d\udcab<\/h2>\n<p data-start=\"327\" data-end=\"388\">\ud83c\udf0c Se i totalt m\u00f6rker &#8211; tydlig synlighet upp till 300 m.<\/p>\n<p data-start=\"391\" data-end=\"455\">\ud83d\udd0d 2,5K h\u00f6guppl\u00f6st syn &#8211; skarpa bilder i svagt ljus.<\/p>\n<p data-start=\"458\" data-end=\"524\">\ud83c\udfaf Digital zoom &#8211; exakt inriktning och detaljerad observation.<\/p>\n<p data-start=\"458\" data-end=\"524\">\ud83d\udd25 Termiskt omf\u00e5ngsl\u00e4ge &#8211; uppt\u00e4cka v\u00e4rmesignaturer direkt.<\/p>\n<p data-start=\"592\" data-end=\"647\">\ud83c\udf92 L\u00e4tt &amp; kompakt &#8211; l\u00e4tt att b\u00e4ra med sig utomhus.<\/p>\n<p data-start=\"650\" data-end=\"698\">\ud83e\uddea Kemikaliefri &#8211; s\u00e4ker och bekymmersfri anv\u00e4ndning.<\/p>\n<p data-start=\"650\" data-end=\"698\"><img decoding=\"async\" class=\"size-full wp-image-44810 aligncenter\" src=\"https:\/\/keluvo.com\/template\/wp-content\/uploads\/sites\/5\/2025\/12\/NIGHTOCULARS23635__6fd70a19__730e55ba.webp\" alt=\"\" width=\"600\" height=\"600\" \/><\/p>\n<h2 style=\"text-align: center;\" data-start=\"700\" data-end=\"718\">Hur Man Anv\u00e4nder \ud83d\udccc<\/h2>\n<ol data-start=\"719\" data-end=\"993\">\n<li data-start=\"719\" data-end=\"748\">\n<p data-start=\"722\" data-end=\"748\">Sl\u00e5 p\u00e5 kikaren.<\/p>\n<\/li>\n<li data-start=\"749\" data-end=\"801\">\n<p data-start=\"752\" data-end=\"801\">Titta genom okularet och justera fokus.<\/p>\n<\/li>\n<li data-start=\"802\" data-end=\"860\">\n<p data-start=\"805\" data-end=\"860\">Anv\u00e4nd digital zoom f\u00f6r att f\u00e5 en n\u00e4rmare bild av ditt m\u00e5l.<\/p>\n<\/li>\n<li data-start=\"861\" data-end=\"917\">\n<p data-start=\"864\" data-end=\"917\">Byt till m\u00f6rkerseende eller termiskt l\u00e4ge n\u00e4r det beh\u00f6vs.<\/p>\n<\/li>\n<li data-start=\"918\" data-end=\"993\">\n<p data-start=\"921\" data-end=\"993\">Anv\u00e4nd utomhus f\u00f6r djursk\u00e5dning, camping, s\u00e4kerhet eller utforskning.<\/p>\n<\/li>\n<\/ol>\n<h2 style=\"text-align: center;\" data-start=\"995\" data-end=\"1017\">Produktdetaljer \ud83d\udccf<\/h2>\n<ul data-start=\"1018\" data-end=\"1334\">\n<li data-start=\"1060\" data-end=\"1114\">\n<p data-start=\"1062\" data-end=\"1114\">Siktavst\u00e5nd: upp till 300 m i fullst\u00e4ndigt m\u00f6rker<\/p>\n<\/li>\n<li data-start=\"1115\" data-end=\"1151\">\n<p data-start=\"1117\" data-end=\"1151\">Uppl\u00f6sning: 2.5K high-definition<\/p>\n<\/li>\n<li data-start=\"1152\" data-end=\"1215\">\n<p data-start=\"1154\" data-end=\"1215\">Funktioner: digital zoom, termiskt omf\u00e5ng, kemikaliefri design<\/p>\n<\/li>\n<li data-start=\"1216\" data-end=\"1291\">\n<p data-start=\"1218\" data-end=\"1291\">L\u00e4mplig f\u00f6r: djursk\u00e5dning, camping, vandring, s\u00e4kerhet, utomhusbruk<\/p>\n<\/li>\n<li data-start=\"1292\" data-end=\"1334\">\n<p data-start=\"1294\" data-end=\"1334\">Design: kompakt, l\u00e4tt, b\u00e4rbar<\/p>\n<\/li>\n<li data-start=\"1292\" data-end=\"1334\">Storlek: 15,5 x 12 x 5,5 cm<\/li>\n<\/ul>\n<h2 style=\"text-align: center;\" data-start=\"1336\" data-end=\"1359\">Paketet inneh\u00e5ller \ud83d\udce6<\/h2>\n<ul data-start=\"1360\" data-end=\"1391\">\n<li data-start=\"1360\" data-end=\"1391\">\n<p data-start=\"1362\" data-end=\"1391\">1x m\u00f6rkerkikare<\/p>\n<\/li>\n<li data-start=\"1360\" data-end=\"1391\">\n<p data-start=\"1362\" data-end=\"1391\">1x USB-C laddningskabel<\/p>\n<\/li>\n<li data-start=\"1360\" data-end=\"1391\">\n<p data-start=\"1362\" data-end=\"1391\">1x nackrem.<\/p>\n<\/li>\n<\/ul>\n","protected":false},"excerpt":{"rendered":"<p>Med dessa nattkikare kan du utforska, titta p\u00e5 vilda djur och vara s\u00e4ker \u00e4ven i totalt m\u00f6rker. Med h\u00f6guppl\u00f6st 2,5K-bildbehandling, digital zoom och termisk detektering f\u00e5r du en klar bild av din omgivning oavsett tid p\u00e5 dygnet. <span style=\"font-size: 16px;\">Ett kraftfullt verktyg f\u00f6r \u00e4ventyr, s\u00e4kerhet och observation nattetid &#8211; se vad andra inte kan se.<\/span><\/p>\n","protected":false},"featured_media":14665,"comment_status":"open","ping_status":"closed","template":"","meta":{"site-sidebar-layout":"default","site-content-layout":"","ast-site-content-layout":"default","site-content-style":"default","site-sidebar-style":"default","ast-global-header-display":"","ast-banner-title-visibility":"","ast-main-header-display":"","ast-hfb-above-header-display":"","ast-hfb-below-header-display":"","ast-hfb-mobile-header-display":"","site-post-title":"","ast-breadcrumbs-content":"","ast-featured-img":"","footer-sml-layout":"","theme-transparent-header-meta":"default","adv-header-id-meta":"","stick-header-meta":"","header-above-stick-meta":"","header-main-stick-meta":"","header-below-stick-meta":"","astra-migrate-meta-layouts":"set","ast-page-background-enabled":"default","ast-page-background-meta":{"desktop":{"background-color":"var(--ast-global-color-5)","background-image":"","background-repeat":"repeat","background-position":"center center","background-size":"auto","background-attachment":"scroll","background-type":"","background-media":"","overlay-type":"","overlay-color":"","overlay-opacity":"","overlay-gradient":""},"tablet":{"background-color":"","background-image":"","background-repeat":"repeat","background-position":"center center","background-size":"auto","background-attachment":"scroll","background-type":"","background-media":"","overlay-type":"","overlay-color":"","overlay-opacity":"","overlay-gradient":""},"mobile":{"background-color":"","background-image":"","background-repeat":"repeat","background-position":"center center","background-size":"auto","background-attachment":"scroll","background-type":"","background-media":"","overlay-type":"","overlay-color":"","overlay-opacity":"","overlay-gradient":""}},"ast-content-background-meta":{"desktop":{"background-color":"var(--ast-global-color-4)","background-image":"","background-repeat":"repeat","background-position":"center center","background-size":"auto","background-attachment":"scroll","background-type":"","background-media":"","overlay-type":"","overlay-color":"","overlay-opacity":"","overlay-gradient":""},"tablet":{"background-color":"var(--ast-global-color-4)","background-image":"","background-repeat":"repeat","background-position":"center center","background-size":"auto","background-attachment":"scroll","background-type":"","background-media":"","overlay-type":"","overlay-color":"","overlay-opacity":"","overlay-gradient":""},"mobile":{"background-color":"var(--ast-global-color-4)","background-image":"","background-repeat":"repeat","background-position":"center center","background-size":"auto","background-attachment":"scroll","background-type":"","background-media":"","overlay-type":"","overlay-color":"","overlay-opacity":"","overlay-gradient":""}}},"product_brand":[],"product_cat":[167],"product_tag":[],"class_list":{"0":"post-14669","1":"product","2":"type-product","3":"status-publish","4":"has-post-thumbnail","6":"product_cat-vandring-camping-och-fritidsartiklar","7":"pa_57318_f4vib0j3-gron","8":"pa_57318_f4vib0j3-svart","9":"desktop-align-left","10":"tablet-align-left","11":"mobile-align-left","13":"first","14":"instock","15":"shipping-taxable","16":"purchasable","17":"product-type-variable"},"yoast_head":"<!-- This site is optimized with the Yoast SEO plugin v26.6 - https:\/\/yoast.com\/wordpress\/plugins\/seo\/ -->\n<title>Kikare f\u00f6r m\u00f6rkerseende - Mekulo SE<\/title>\n<meta name=\"robots\" content=\"index, follow, max-snippet:-1, max-image-preview:large, max-video-preview:-1\" \/>\n<link rel=\"canonical\" href=\"https:\/\/mekulo.com\/se\/produkt\/kikare-for-morkerseende\/\" \/>\n<meta property=\"og:locale\" content=\"sv_SE\" \/>\n<meta property=\"og:type\" content=\"article\" \/>\n<meta property=\"og:title\" content=\"Kikare f\u00f6r m\u00f6rkerseende - Mekulo SE\" \/>\n<meta property=\"og:description\" content=\"Med dessa nattkikare kan du utforska, titta p\u00e5 vilda djur och vara s\u00e4ker \u00e4ven i totalt m\u00f6rker. Med h\u00f6guppl\u00f6st 2,5K-bildbehandling, digital zoom och termisk detektering f\u00e5r du en klar bild av din omgivning oavsett tid p\u00e5 dygnet. Ett kraftfullt verktyg f\u00f6r \u00e4ventyr, s\u00e4kerhet och observation nattetid - se vad andra inte kan se.\" \/>\n<meta property=\"og:url\" content=\"https:\/\/mekulo.com\/se\/produkt\/kikare-for-morkerseende\/\" \/>\n<meta property=\"og:site_name\" content=\"Mekulo SE\" \/>\n<meta property=\"article:modified_time\" content=\"2026-01-05T21:38:14+00:00\" \/>\n<meta property=\"og:image\" content=\"https:\/\/mekulo.com\/se\/wp-content\/uploads\/sites\/11\/2026\/01\/9duc01v-1.webp\" \/>\n\t<meta property=\"og:image:width\" content=\"600\" \/>\n\t<meta property=\"og:image:height\" content=\"600\" \/>\n\t<meta property=\"og:image:type\" content=\"image\/webp\" \/>\n<meta name=\"twitter:card\" content=\"summary_large_image\" \/>\n<meta name=\"twitter:label1\" content=\"Ber\u00e4knad l\u00e4stid\" \/>\n\t<meta name=\"twitter:data1\" content=\"2 minuter\" \/>\n<script type=\"application\/ld+json\" class=\"yoast-schema-graph\">{\"@context\":\"https:\/\/schema.org\",\"@graph\":[{\"@type\":\"WebPage\",\"@id\":\"https:\/\/mekulo.com\/se\/produkt\/kikare-for-morkerseende\/\",\"url\":\"https:\/\/mekulo.com\/se\/produkt\/kikare-for-morkerseende\/\",\"name\":\"Kikare f\u00f6r m\u00f6rkerseende - Mekulo SE\",\"isPartOf\":{\"@id\":\"https:\/\/mekulo.com\/se\/#website\"},\"primaryImageOfPage\":{\"@id\":\"https:\/\/mekulo.com\/se\/produkt\/kikare-for-morkerseende\/#primaryimage\"},\"image\":{\"@id\":\"https:\/\/mekulo.com\/se\/produkt\/kikare-for-morkerseende\/#primaryimage\"},\"thumbnailUrl\":\"https:\/\/mekulo.com\/se\/wp-content\/uploads\/sites\/11\/2026\/01\/9duc01v-1.webp\",\"datePublished\":\"2026-01-05T14:50:03+00:00\",\"dateModified\":\"2026-01-05T21:38:14+00:00\",\"breadcrumb\":{\"@id\":\"https:\/\/mekulo.com\/se\/produkt\/kikare-for-morkerseende\/#breadcrumb\"},\"inLanguage\":\"sv-SE\",\"potentialAction\":[{\"@type\":\"ReadAction\",\"target\":[\"https:\/\/mekulo.com\/se\/produkt\/kikare-for-morkerseende\/\"]}]},{\"@type\":\"ImageObject\",\"inLanguage\":\"sv-SE\",\"@id\":\"https:\/\/mekulo.com\/se\/produkt\/kikare-for-morkerseende\/#primaryimage\",\"url\":\"https:\/\/mekulo.com\/se\/wp-content\/uploads\/sites\/11\/2026\/01\/9duc01v-1.webp\",\"contentUrl\":\"https:\/\/mekulo.com\/se\/wp-content\/uploads\/sites\/11\/2026\/01\/9duc01v-1.webp\",\"width\":600,\"height\":600},{\"@type\":\"BreadcrumbList\",\"@id\":\"https:\/\/mekulo.com\/se\/produkt\/kikare-for-morkerseende\/#breadcrumb\",\"itemListElement\":[{\"@type\":\"ListItem\",\"position\":1,\"name\":\"Home\",\"item\":\"https:\/\/mekulo.com\/se\/\"},{\"@type\":\"ListItem\",\"position\":2,\"name\":\"Butik\",\"item\":\"https:\/\/mekulo.com\/se\/butik\/\"},{\"@type\":\"ListItem\",\"position\":3,\"name\":\"Kikare f\u00f6r m\u00f6rkerseende\"}]},{\"@type\":\"WebSite\",\"@id\":\"https:\/\/mekulo.com\/se\/#website\",\"url\":\"https:\/\/mekulo.com\/se\/\",\"name\":\"Mekulo SE\",\"description\":\"\",\"publisher\":{\"@id\":\"https:\/\/mekulo.com\/se\/#organization\"},\"potentialAction\":[{\"@type\":\"SearchAction\",\"target\":{\"@type\":\"EntryPoint\",\"urlTemplate\":\"https:\/\/mekulo.com\/se\/?s={search_term_string}\"},\"query-input\":{\"@type\":\"PropertyValueSpecification\",\"valueRequired\":true,\"valueName\":\"search_term_string\"}}],\"inLanguage\":\"sv-SE\"},{\"@type\":\"Organization\",\"@id\":\"https:\/\/mekulo.com\/se\/#organization\",\"name\":\"Mekulo\",\"url\":\"https:\/\/mekulo.com\/se\/\",\"logo\":{\"@type\":\"ImageObject\",\"inLanguage\":\"sv-SE\",\"@id\":\"https:\/\/mekulo.com\/se\/#\/schema\/logo\/image\/\",\"url\":\"https:\/\/mekulo.com\/se\/wp-content\/uploads\/sites\/11\/2025\/12\/favicon_mekulo.png\",\"contentUrl\":\"https:\/\/mekulo.com\/se\/wp-content\/uploads\/sites\/11\/2025\/12\/favicon_mekulo.png\",\"width\":50,\"height\":50,\"caption\":\"Mekulo\"},\"image\":{\"@id\":\"https:\/\/mekulo.com\/se\/#\/schema\/logo\/image\/\"}}]}<\/script>\n<!-- \/ Yoast SEO plugin. -->","yoast_head_json":{"title":"Kikare f\u00f6r m\u00f6rkerseende - Mekulo SE","robots":{"index":"index","follow":"follow","max-snippet":"max-snippet:-1","max-image-preview":"max-image-preview:large","max-video-preview":"max-video-preview:-1"},"canonical":"https:\/\/mekulo.com\/se\/produkt\/kikare-for-morkerseende\/","og_locale":"sv_SE","og_type":"article","og_title":"Kikare f\u00f6r m\u00f6rkerseende - Mekulo SE","og_description":"Med dessa nattkikare kan du utforska, titta p\u00e5 vilda djur och vara s\u00e4ker \u00e4ven i totalt m\u00f6rker. Med h\u00f6guppl\u00f6st 2,5K-bildbehandling, digital zoom och termisk detektering f\u00e5r du en klar bild av din omgivning oavsett tid p\u00e5 dygnet. Ett kraftfullt verktyg f\u00f6r \u00e4ventyr, s\u00e4kerhet och observation nattetid - se vad andra inte kan se.","og_url":"https:\/\/mekulo.com\/se\/produkt\/kikare-for-morkerseende\/","og_site_name":"Mekulo SE","article_modified_time":"2026-01-05T21:38:14+00:00","og_image":[{"width":600,"height":600,"url":"https:\/\/mekulo.com\/se\/wp-content\/uploads\/sites\/11\/2026\/01\/9duc01v-1.webp","type":"image\/webp"}],"twitter_card":"summary_large_image","twitter_misc":{"Ber\u00e4knad l\u00e4stid":"2 minuter"},"schema":{"@context":"https:\/\/schema.org","@graph":[{"@type":"WebPage","@id":"https:\/\/mekulo.com\/se\/produkt\/kikare-for-morkerseende\/","url":"https:\/\/mekulo.com\/se\/produkt\/kikare-for-morkerseende\/","name":"Kikare f\u00f6r m\u00f6rkerseende - Mekulo SE","isPartOf":{"@id":"https:\/\/mekulo.com\/se\/#website"},"primaryImageOfPage":{"@id":"https:\/\/mekulo.com\/se\/produkt\/kikare-for-morkerseende\/#primaryimage"},"image":{"@id":"https:\/\/mekulo.com\/se\/produkt\/kikare-for-morkerseende\/#primaryimage"},"thumbnailUrl":"https:\/\/mekulo.com\/se\/wp-content\/uploads\/sites\/11\/2026\/01\/9duc01v-1.webp","datePublished":"2026-01-05T14:50:03+00:00","dateModified":"2026-01-05T21:38:14+00:00","breadcrumb":{"@id":"https:\/\/mekulo.com\/se\/produkt\/kikare-for-morkerseende\/#breadcrumb"},"inLanguage":"sv-SE","potentialAction":[{"@type":"ReadAction","target":["https:\/\/mekulo.com\/se\/produkt\/kikare-for-morkerseende\/"]}]},{"@type":"ImageObject","inLanguage":"sv-SE","@id":"https:\/\/mekulo.com\/se\/produkt\/kikare-for-morkerseende\/#primaryimage","url":"https:\/\/mekulo.com\/se\/wp-content\/uploads\/sites\/11\/2026\/01\/9duc01v-1.webp","contentUrl":"https:\/\/mekulo.com\/se\/wp-content\/uploads\/sites\/11\/2026\/01\/9duc01v-1.webp","width":600,"height":600},{"@type":"BreadcrumbList","@id":"https:\/\/mekulo.com\/se\/produkt\/kikare-for-morkerseende\/#breadcrumb","itemListElement":[{"@type":"ListItem","position":1,"name":"Home","item":"https:\/\/mekulo.com\/se\/"},{"@type":"ListItem","position":2,"name":"Butik","item":"https:\/\/mekulo.com\/se\/butik\/"},{"@type":"ListItem","position":3,"name":"Kikare f\u00f6r m\u00f6rkerseende"}]},{"@type":"WebSite","@id":"https:\/\/mekulo.com\/se\/#website","url":"https:\/\/mekulo.com\/se\/","name":"Mekulo SE","description":"","publisher":{"@id":"https:\/\/mekulo.com\/se\/#organization"},"potentialAction":[{"@type":"SearchAction","target":{"@type":"EntryPoint","urlTemplate":"https:\/\/mekulo.com\/se\/?s={search_term_string}"},"query-input":{"@type":"PropertyValueSpecification","valueRequired":true,"valueName":"search_term_string"}}],"inLanguage":"sv-SE"},{"@type":"Organization","@id":"https:\/\/mekulo.com\/se\/#organization","name":"Mekulo","url":"https:\/\/mekulo.com\/se\/","logo":{"@type":"ImageObject","inLanguage":"sv-SE","@id":"https:\/\/mekulo.com\/se\/#\/schema\/logo\/image\/","url":"https:\/\/mekulo.com\/se\/wp-content\/uploads\/sites\/11\/2025\/12\/favicon_mekulo.png","contentUrl":"https:\/\/mekulo.com\/se\/wp-content\/uploads\/sites\/11\/2025\/12\/favicon_mekulo.png","width":50,"height":50,"caption":"Mekulo"},"image":{"@id":"https:\/\/mekulo.com\/se\/#\/schema\/logo\/image\/"}}]}},"_links":{"self":[{"href":"https:\/\/mekulo.com\/se\/wp-json\/wp\/v2\/product\/14669","targetHints":{"allow":["GET"]}}],"collection":[{"href":"https:\/\/mekulo.com\/se\/wp-json\/wp\/v2\/product"}],"about":[{"href":"https:\/\/mekulo.com\/se\/wp-json\/wp\/v2\/types\/product"}],"replies":[{"embeddable":true,"href":"https:\/\/mekulo.com\/se\/wp-json\/wp\/v2\/comments?post=14669"}],"wp:featuredmedia":[{"embeddable":true,"href":"https:\/\/mekulo.com\/se\/wp-json\/wp\/v2\/media\/14665"}],"wp:attachment":[{"href":"https:\/\/mekulo.com\/se\/wp-json\/wp\/v2\/media?parent=14669"}],"wp:term":[{"taxonomy":"product_brand","embeddable":true,"href":"https:\/\/mekulo.com\/se\/wp-json\/wp\/v2\/product_brand?post=14669"},{"taxonomy":"product_cat","embeddable":true,"href":"https:\/\/mekulo.com\/se\/wp-json\/wp\/v2\/product_cat?post=14669"},{"taxonomy":"product_tag","embeddable":true,"href":"https:\/\/mekulo.com\/se\/wp-json\/wp\/v2\/product_tag?post=14669"}],"curies":[{"name":"wp","href":"https:\/\/api.w.org\/{rel}","templated":true}]}}